{"id":734,"date":"2025-11-01T19:02:10","date_gmt":"2025-11-01T17:02:10","guid":{"rendered":"https:\/\/www.inspirealtea.com\/product\/seven-summits-challenge-alicante-edition\/"},"modified":"2026-03-25T13:28:19","modified_gmt":"2026-03-25T12:28:19","slug":"i-sette-vertici-sfidano-alicante","status":"publish","type":"product","link":"https:\/\/www.inspirealtea.com\/it\/experiences\/seven-summits-challenge-alicante\/","title":{"rendered":"Sfida delle sette cime - Edizione di Alicante"},"content":{"rendered":"<h2 data-start=\"1880\" data-end=\"1943\">Sfida delle sette cime ad Alicante (Escursione di pi\u00f9 giorni)<\/h2>\n<p data-start=\"1944\" data-end=\"2241\"><strong data-start=\"1944\" data-end=\"2023\">Siete pronti a superare i vostri limiti e ad esplorare l'essenza selvaggia della Costa Blanca?<\/strong><br data-start=\"2023\" data-end=\"2026\" \/>Il <strong data-start=\"2030\" data-end=\"2066\">Sfida delle sette cime ad Alicante<\/strong> \u00e8 un percorso escursionistico guidato di pi\u00f9 giorni, progettato per scalare <strong data-start=\"2122\" data-end=\"2169\">sette cime iconiche della provincia di Alicante<\/strong>-Un'avventura unica che unisce resistenza, natura ed esplorazione consapevole.<\/p>\n<p data-start=\"1944\" data-end=\"2241\">La sfida Seven Summits Alicante comprende:<br data-start=\"865\" data-end=\"868\" \/><strong data-start=\"870\" data-end=\"978\">Aitana, Puig Campana, Sierra de Bernia, Cabe\u00e7\u00f3 d'Or, Maigm\u00f3, Serra dels Plans e Serra de la Serrella.<\/strong><\/p>\n<h2 data-start=\"2243\" data-end=\"2284\">Perch\u00e9 questa esperienza \u00e8 diversa<\/h2>\n<ul data-start=\"2285\" data-end=\"2621\">\n<li data-start=\"2285\" data-end=\"2375\">\n<p data-start=\"2287\" data-end=\"2375\"><strong data-start=\"2287\" data-end=\"2333\"><a href=\"https:\/\/www.inspirealtea.com\/it\/chi-sono\/\">Guida certificata<\/a> e l'approccio alla sicurezza<\/strong> (scelta del percorso, ritmo, consapevolezza del terreno)<\/p>\n<\/li>\n<li data-start=\"2376\" data-end=\"2456\">\n<p data-start=\"2378\" data-end=\"2456\"><strong data-start=\"2378\" data-end=\"2397\">Durata personalizzata<\/strong> (scegliete un formato di 2-7 giorni a seconda del vostro livello e del tempo a disposizione)<\/p>\n<\/li>\n<li data-start=\"2457\" data-end=\"2533\">\n<p data-start=\"2459\" data-end=\"2533\"><strong data-start=\"2459\" data-end=\"2479\">Trekking consapevole<\/strong>: respiro, consapevolezza e connessione con il paesaggio<\/p>\n<\/li>\n<li data-start=\"2534\" data-end=\"2621\">\n<p data-start=\"2536\" data-end=\"2621\"><strong data-start=\"2536\" data-end=\"2555\">Conoscenza locale<\/strong>Leggende, punti panoramici, sentieri nascosti e i migliori percorsi stagionali.<\/p>\n<\/li>\n<\/ul>\n<h2 data-start=\"2623\" data-end=\"2662\">Cosa farete (esempi di picchi)<\/h2>\n<p data-start=\"259\" data-end=\"435\">Durante questo viaggio di pi\u00f9 giorni, scalerete <strong data-start=\"303\" data-end=\"352\">le sette cime simbolo della provincia di Alicante<\/strong>, ognuno dei quali offre un paesaggio, una sfida e una prospettiva unici della Costa Blanca:<\/p>\n<ul data-start=\"437\" data-end=\"965\">\n<li data-start=\"437\" data-end=\"536\">\n<p data-start=\"439\" data-end=\"536\"><strong data-start=\"439\" data-end=\"468\">Sierra de Aitana (1557 m)<\/strong> - la cima pi\u00f9 alta di Alicante, conosciuta come il \u201ctetto della provincia\u201d.\u201d<\/p>\n<\/li>\n<li data-start=\"537\" data-end=\"618\">\n<p data-start=\"539\" data-end=\"618\"><strong data-start=\"539\" data-end=\"564\">Puig Campana (1408 m)<\/strong> - la salita pi\u00f9 emblematica e fisicamente pi\u00f9 impegnativa<\/p>\n<\/li>\n<li data-start=\"619\" data-end=\"689\">\n<p data-start=\"621\" data-end=\"689\"><strong data-start=\"621\" data-end=\"650\">Sierra de Bernia (1126 m)<\/strong> - escursioni panoramiche sul crinale con vista sul mare<\/p>\n<\/li>\n<li data-start=\"690\" data-end=\"739\">\n<p data-start=\"692\" data-end=\"739\"><strong data-start=\"692\" data-end=\"711\">Maigm\u00f3 (1296 m)<\/strong> - il \u201cbalcone di Alicante\u201d<\/p>\n<\/li>\n<li data-start=\"740\" data-end=\"824\">\n<p data-start=\"742\" data-end=\"824\"><strong data-start=\"742\" data-end=\"774\">Serra del Menejador (1356 m)<\/strong> - il punto pi\u00f9 alto del Parco Naturale della Font Roja<\/p>\n<\/li>\n<li data-start=\"825\" data-end=\"893\">\n<p data-start=\"827\" data-end=\"893\"><strong data-start=\"827\" data-end=\"856\">Serra dels Plans (1330 m)<\/strong> - terreno selvaggio e panorami profondi dell'entroterra<\/p>\n<\/li>\n<li data-start=\"894\" data-end=\"965\">\n<p data-start=\"896\" data-end=\"965\"><strong data-start=\"896\" data-end=\"919\">Montcabrer (1390 m)<\/strong> - una cima sacra del Parco Naturale di Mariola<\/p>\n<\/li>\n<\/ul>\n<p data-start=\"967\" data-end=\"1092\">Ogni cima rivela un lato diverso dell'identit\u00e0 naturale di Alicante, dalle scogliere mediterranee alle montagne interne ricoperte di foreste.<\/p>\n<h2 data-start=\"2873\" data-end=\"2890\">Include<\/h2>\n<ul data-start=\"2891\" data-end=\"3106\">\n<li data-start=\"2891\" data-end=\"2954\">\n<p data-start=\"2893\" data-end=\"2954\">Itinerario escursionistico guidato di pi\u00f9 giorni (<strong data-start=\"2928\" data-end=\"2953\">durata personalizzabile<\/strong>)<\/p>\n<\/li>\n<li data-start=\"2955\" data-end=\"2988\">\n<p data-start=\"2957\" data-end=\"2988\">Pianificazione del percorso e supporto alla sicurezza<\/p>\n<\/li>\n<li data-start=\"2989\" data-end=\"3032\">\n<p data-start=\"2991\" data-end=\"3032\">Momenti didattici\/di interpretazione della natura<\/p>\n<\/li>\n<li data-start=\"3033\" data-end=\"3106\">\n<p data-start=\"3035\" data-end=\"3106\">Pause mentali facoltative (lavoro di respirazione \/ grounding \/ meditazione in movimento)<\/p>\n<\/li>\n<\/ul>\n<h2 data-start=\"3108\" data-end=\"3129\">Non incluso<\/h2>\n<ul data-start=\"3130\" data-end=\"3231\">\n<li data-start=\"3130\" data-end=\"3156\">\n<p data-start=\"3132\" data-end=\"3156\">Cibo, snack e bevande<\/p>\n<\/li>\n<li data-start=\"3157\" data-end=\"3168\">\n<p data-start=\"3159\" data-end=\"3168\">Trasporto<\/p>\n<\/li>\n<li data-start=\"3169\" data-end=\"3181\">\n<p data-start=\"3171\" data-end=\"3181\">Suggerimenti per la guida<\/p>\n<\/li>\n<li data-start=\"3182\" data-end=\"3231\">\n<p data-start=\"3184\" data-end=\"3231\">Alloggio (supplemento facoltativo se lo offrite)<\/p>\n<\/li>\n<\/ul>\n<h2 data-start=\"3233\" data-end=\"3267\">Difficolt\u00e0 e requisiti<\/h2>\n<p data-start=\"3268\" data-end=\"3465\"><strong data-start=\"3268\" data-end=\"3322\">Ideale per escursionisti esperti e gruppi d'avventura.<\/strong><br data-start=\"3322\" data-end=\"3325\" \/>Si raccomanda una buona base di fitness. La difficolt\u00e0 dipende dall'itinerario scelto e dal numero di giorni; gli itinerari possono essere adattati al vostro livello.<\/p>\n<h2 data-start=\"3467\" data-end=\"3501\">Punto d'incontro e lingue<\/h2>\n<p data-start=\"3502\" data-end=\"3643\"><strong data-start=\"3502\" data-end=\"3529\">Logistica di base ad Altea<\/strong> (Costa Blanca) con rotte in tutta la provincia di Alicante.<br data-start=\"3582\" data-end=\"3585\" \/>Lingue: <strong data-start=\"3596\" data-end=\"3642\">Inglese, spagnolo, catalano, francese, italiano<\/strong>.<\/p>\n<h2 data-start=\"3645\" data-end=\"3673\">Esperienze correlate<\/h2>\n<ul data-start=\"3674\" data-end=\"3855\">\n<li data-start=\"3674\" data-end=\"3722\">\n<p data-start=\"3676\" data-end=\"3722\"><a href=\"https:\/\/www.inspirealtea.com\/it\/esperienze\/escursione-allalba-ad-alicante\/\"><strong data-start=\"3676\" data-end=\"3722\">Esperienza di montagna all'alba - Costa Blanca<\/strong><\/a><\/p>\n<\/li>\n<li data-start=\"3723\" data-end=\"3757\">\n<p data-start=\"3725\" data-end=\"3757\"><a href=\"https:\/\/www.inspirealtea.com\/it\/esperienze\/escursioni-yoga-tapas-altea\/\"><strong data-start=\"3725\" data-end=\"3757\">Escursioni, yoga e tapas (Altea)<\/strong><\/a><\/p>\n<\/li>\n<li data-start=\"3758\" data-end=\"3855\">\n<p data-start=\"3760\" data-end=\"3855\">Collegamento al vostro <a href=\"https:\/\/www.inspirealtea.com\/it\/escursioni-ad-alicante\/\"><strong data-start=\"3773\" data-end=\"3792\">Escursioni ad Altea<\/strong><\/a> pagina + <a href=\"https:\/\/www.inspirealtea.com\/it\/escursioni-ad-alicante-risvegliate-il-vostro-spirito\/\"><strong data-start=\"3800\" data-end=\"3822\">Escursioni ad Alicante<\/strong><\/a> articolo (ya lo tienes: perfecto)<\/p>\n<\/li>\n<\/ul>\n<p data-start=\"3873\" data-end=\"4039\"><strong data-start=\"3873\" data-end=\"3933\">Volete l'itinerario completo e i consigli per la stagione migliore?<\/strong><br data-start=\"3933\" data-end=\"3936\" \/><a href=\"https:\/\/www.inspirealtea.com\/it\/contatto\/\">Prenota le tue date<\/a> e confermeremo l'itinerario ideale in base al tempo, al livello e alla durata preferita.<\/p>","protected":false},"excerpt":{"rendered":"<p data-start=\"1503\" data-end=\"1680\">Una sfida escursionistica di pi\u00f9 giorni attraverso le sette vette simbolo di Alicante. Guidato, sicuro e personalizzabile, con base ad Altea per facilitare la logistica e l'accesso alla Costa Blanca.<\/p>","protected":false},"featured_media":685,"comment_status":"open","ping_status":"closed","template":"","meta":{"nf_dc_page":"","om_disable_all_campaigns":false,"_monsterinsights_skip_tracking":false,"_monsterinsights_sitenote_active":false,"_monsterinsights_sitenote_note":"","_monsterinsights_sitenote_category":0,"_uf_show_specific_survey":0,"_uf_disable_surveys":false,"jetpack_post_was_ever_published":false,"jetpack_publicize_message":"","jetpack_publicize_feature_enabled":true,"jetpack_social_post_already_shared":false,"jetpack_social_options":{"image_generator_settings":{"template":"highway","default_image_id":0,"font":"","enabled":false},"version":2}},"product_brand":[35],"product_cat":[33,24],"product_tag":[367,371,370,364,374,363,373,132,368,366,365,372,369,362,155],"class_list":{"0":"post-734","1":"product","2":"type-product","3":"status-publish","4":"has-post-thumbnail","6":"product_brand-inspire-altea","7":"product_cat-hiking-nature-experiences","8":"product_cat-wellbeing-experiences","9":"product_tag-adventure-holiday-spain","10":"product_tag-conscious-hiking","11":"product_tag-costa-blanca-mountains","12":"product_tag-guided-hiking-alicante","13":"product_tag-guided-mountain-experience","14":"product_tag-hiking-challenge-alicante","15":"product_tag-hiking-experience-spain","16":"product_tag-hiking-in-altea","17":"product_tag-hiking-retreat-alicante","18":"product_tag-mountain-experience-alicante","19":"product_tag-multi-day-hiking-spain","20":"product_tag-nature-challenge-spain","21":"product_tag-outdoor-experience-alicante","22":"product_tag-seven-summits-alicante","23":"product_tag-trekking-costa-blanca","25":"first","26":"instock","27":"virtual","28":"purchasable","29":"product-type-simple"},"yoast_head":"<!-- This site is optimized with the Yoast SEO Premium plugin v27.3 (Yoast SEO v27.4) - https:\/\/yoast.com\/product\/yoast-seo-premium-wordpress\/ -->\n<title>Seven Summits Challenge Alicante | Multi-Day Guided Hiking<\/title>\n<meta name=\"description\" content=\"Conquer Alicante\u2019s Seven Summits with a certified guide. A multi-day hiking challenge with flexible pacing, safety support, and stunning views. \u2014 Altea.\" \/>\n<meta name=\"robots\" content=\"index, follow, max-snippet:-1, max-image-preview:large, max-video-preview:-1\" \/>\n<link rel=\"canonical\" href=\"https:\/\/www.inspirealtea.com\/it\/esperienze\/i-sette-vertici-sfidano-alicante\/\" \/>\n<meta property=\"og:locale\" content=\"it_IT\" \/>\n<meta property=\"og:type\" content=\"article\" \/>\n<meta property=\"og:title\" content=\"Seven Summits Challenge \u2013 Alicante Edition\" \/>\n<meta property=\"og:description\" content=\"Conquer Alicante\u2019s Seven Summits with a certified guide. A multi-day hiking challenge with flexible pacing, safety support, and stunning views. \u2014 Altea.\" \/>\n<meta property=\"og:url\" content=\"https:\/\/www.inspirealtea.com\/it\/esperienze\/i-sette-vertici-sfidano-alicante\/\" \/>\n<meta property=\"og:site_name\" content=\"Yoga, Ayurveda and Hiking | Inspire Altea\" \/>\n<meta property=\"article:publisher\" content=\"https:\/\/www.facebook.com\/yogaayurveda.altea\" \/>\n<meta property=\"article:modified_time\" content=\"2026-03-25T12:28:19+00:00\" \/>\n<meta property=\"og:image\" content=\"https:\/\/www.inspirealtea.com\/wp-content\/uploads\/2025\/11\/trekkalicante5.webp\" \/>\n\t<meta property=\"og:image:width\" content=\"900\" \/>\n\t<meta property=\"og:image:height\" content=\"600\" \/>\n\t<meta property=\"og:image:type\" content=\"image\/webp\" \/>\n<meta name=\"twitter:card\" content=\"summary_large_image\" \/>\n<meta name=\"twitter:label1\" content=\"Tempo di lettura stimato\" \/>\n\t<meta name=\"twitter:data1\" content=\"2 minuti\" \/>\n<!-- \/ Yoast SEO Premium plugin. -->","yoast_head_json":{"title":"Sfida delle sette cime Alicante | Escursione guidata di pi\u00f9 giorni","description":"Conquistate le Sette Cime di Alicante con una guida certificata. Una sfida escursionistica di pi\u00f9 giorni con ritmo flessibile, supporto di sicurezza e viste mozzafiato. - Altea.","robots":{"index":"index","follow":"follow","max-snippet":"max-snippet:-1","max-image-preview":"max-image-preview:large","max-video-preview":"max-video-preview:-1"},"canonical":"https:\/\/www.inspirealtea.com\/it\/esperienze\/i-sette-vertici-sfidano-alicante\/","og_locale":"it_IT","og_type":"article","og_title":"Seven Summits Challenge \u2013 Alicante Edition","og_description":"Conquer Alicante\u2019s Seven Summits with a certified guide. A multi-day hiking challenge with flexible pacing, safety support, and stunning views. \u2014 Altea.","og_url":"https:\/\/www.inspirealtea.com\/it\/esperienze\/i-sette-vertici-sfidano-alicante\/","og_site_name":"Yoga, Ayurveda and Hiking | Inspire Altea","article_publisher":"https:\/\/www.facebook.com\/yogaayurveda.altea","article_modified_time":"2026-03-25T12:28:19+00:00","og_image":[{"width":900,"height":600,"url":"https:\/\/www.inspirealtea.com\/wp-content\/uploads\/2025\/11\/trekkalicante5.webp","type":"image\/webp"}],"twitter_card":"summary_large_image","twitter_misc":{"Tempo di lettura stimato":"2 minuti"},"schema":{"@context":"https:\/\/schema.org","@graph":[{"@type":"WebPage","@id":"https:\/\/www.inspirealtea.com\/experiences\/seven-summits-challenge-alicante\/","url":"https:\/\/www.inspirealtea.com\/experiences\/seven-summits-challenge-alicante\/","name":"Sfida delle sette cime Alicante | Escursione guidata di pi\u00f9 giorni","isPartOf":{"@id":"https:\/\/www.inspirealtea.com\/#website"},"primaryImageOfPage":{"@id":"https:\/\/www.inspirealtea.com\/experiences\/seven-summits-challenge-alicante\/#primaryimage"},"image":{"@id":"https:\/\/www.inspirealtea.com\/experiences\/seven-summits-challenge-alicante\/#primaryimage"},"thumbnailUrl":"https:\/\/i0.wp.com\/www.inspirealtea.com\/wp-content\/uploads\/2025\/11\/trekkalicante5.webp?fit=900%2C600&ssl=1","datePublished":"2025-11-01T17:02:10+00:00","dateModified":"2026-03-25T12:28:19+00:00","description":"Conquistate le Sette Cime di Alicante con una guida certificata. Una sfida escursionistica di pi\u00f9 giorni con ritmo flessibile, supporto di sicurezza e viste mozzafiato. - Altea.","breadcrumb":{"@id":"https:\/\/www.inspirealtea.com\/experiences\/seven-summits-challenge-alicante\/#breadcrumb"},"inLanguage":"it-IT","potentialAction":[{"@type":"ReadAction","target":["https:\/\/www.inspirealtea.com\/experiences\/seven-summits-challenge-alicante\/"]}]},{"@type":"ImageObject","inLanguage":"it-IT","@id":"https:\/\/www.inspirealtea.com\/experiences\/seven-summits-challenge-alicante\/#primaryimage","url":"https:\/\/i0.wp.com\/www.inspirealtea.com\/wp-content\/uploads\/2025\/11\/trekkalicante5.webp?fit=900%2C600&ssl=1","contentUrl":"https:\/\/i0.wp.com\/www.inspirealtea.com\/wp-content\/uploads\/2025\/11\/trekkalicante5.webp?fit=900%2C600&ssl=1","width":900,"height":600,"caption":"Discover where the Alicante mountains meet the Mediterranean on our Seven Summits Challenge."},{"@type":"BreadcrumbList","@id":"https:\/\/www.inspirealtea.com\/experiences\/seven-summits-challenge-alicante\/#breadcrumb","itemListElement":[{"@type":"ListItem","position":1,"name":"Home","item":"https:\/\/www.inspirealtea.com\/"},{"@type":"ListItem","position":2,"name":"Experiences","item":"https:\/\/www.inspirealtea.com\/experiences\/"},{"@type":"ListItem","position":3,"name":"Wellbeing experiences","item":"https:\/\/www.inspirealtea.com\/product-category\/wellbeing-experiences\/"},{"@type":"ListItem","position":4,"name":"Hiking &amp; Nature Experiences","item":"https:\/\/www.inspirealtea.com\/product-category\/wellbeing-experiences\/hiking-nature-experiences\/"},{"@type":"ListItem","position":5,"name":"Seven Summits Challenge \u2013 Alicante Edition"}]},{"@type":"WebSite","@id":"https:\/\/www.inspirealtea.com\/#website","url":"https:\/\/www.inspirealtea.com\/","name":"Yoga, Ayurveda ed escursioni | Ispirare Altea","description":"Esplora te stesso attraverso Yoga, Ayurveda ed Escursionismo ad Altea, Alicante \u2014 un santuario per il benessere sul Mediterraneo.","publisher":{"@id":"https:\/\/www.inspirealtea.com\/#organization"},"alternateName":"Inspire Altea \u2013 Yoga, Ayurveda & Hiking","potentialAction":[{"@type":"SearchAction","target":{"@type":"EntryPoint","urlTemplate":"https:\/\/www.inspirealtea.com\/?s={search_term_string}"},"query-input":{"@type":"PropertyValueSpecification","valueRequired":true,"valueName":"search_term_string"}}],"inLanguage":"it-IT"},{"@type":"Organization","@id":"https:\/\/www.inspirealtea.com\/#organization","name":"Yoga, ayurveda ed escursionismo | Inspire Altea","alternateName":"IA Yoga Ayurveda Hike","url":"https:\/\/www.inspirealtea.com\/","logo":{"@type":"ImageObject","inLanguage":"it-IT","@id":"https:\/\/www.inspirealtea.com\/#\/schema\/logo\/image\/","url":"https:\/\/i0.wp.com\/www.inspirealtea.com\/wp-content\/uploads\/2025\/10\/Logo-Inspire-Altea.png?fit=1024%2C1024&ssl=1","contentUrl":"https:\/\/i0.wp.com\/www.inspirealtea.com\/wp-content\/uploads\/2025\/10\/Logo-Inspire-Altea.png?fit=1024%2C1024&ssl=1","width":1024,"height":1024,"caption":"Yoga, Ayurveda and Hiking | Inspire Altea"},"image":{"@id":"https:\/\/www.inspirealtea.com\/#\/schema\/logo\/image\/"},"sameAs":["https:\/\/www.facebook.com\/yogaayurveda.altea","https:\/\/www.instagram.com\/inspirealtea\/","https:\/\/www.linkedin.com\/in\/sergio-cisneros-galea","https:\/\/www.youtube.com\/@inspirealtea","https:\/\/gravatar.com\/sergiocisnerosgalea"],"description":"Discover holistic wellbeing experiences in Altea that connect body, mind, and nature. From yoga and Ayurveda to guided hiking and personalized retreats \u2014 all designed to help you restore balance, vitality, and inner peace.","email":"inspirealtea@gmail.com","telephone":"+33 6 07 42 58 97","legalName":"Sergio Cisneros Galea","foundingDate":"2019-11-11","numberOfEmployees":{"@type":"QuantitativeValue","minValue":"1","maxValue":"10"},"publishingPrinciples":"https:\/\/www.inspirealtea.com\/who-i-am\/"}]}},"jetpack_publicize_connections":[],"jetpack_sharing_enabled":true,"_links":{"self":[{"href":"https:\/\/www.inspirealtea.com\/it\/wp-json\/wp\/v2\/product\/734","targetHints":{"allow":["GET"]}}],"collection":[{"href":"https:\/\/www.inspirealtea.com\/it\/wp-json\/wp\/v2\/product"}],"about":[{"href":"https:\/\/www.inspirealtea.com\/it\/wp-json\/wp\/v2\/types\/product"}],"replies":[{"embeddable":true,"href":"https:\/\/www.inspirealtea.com\/it\/wp-json\/wp\/v2\/comments?post=734"}],"wp:featuredmedia":[{"embeddable":true,"href":"https:\/\/www.inspirealtea.com\/it\/wp-json\/wp\/v2\/media\/685"}],"wp:attachment":[{"href":"https:\/\/www.inspirealtea.com\/it\/wp-json\/wp\/v2\/media?parent=734"}],"wp:term":[{"taxonomy":"product_brand","embeddable":true,"href":"https:\/\/www.inspirealtea.com\/it\/wp-json\/wp\/v2\/product_brand?post=734"},{"taxonomy":"product_cat","embeddable":true,"href":"https:\/\/www.inspirealtea.com\/it\/wp-json\/wp\/v2\/product_cat?post=734"},{"taxonomy":"product_tag","embeddable":true,"href":"https:\/\/www.inspirealtea.com\/it\/wp-json\/wp\/v2\/product_tag?post=734"}],"curies":[{"name":"wp","href":"https:\/\/api.w.org\/{rel}","templated":true}]}}