{"id":164,"date":"2025-10-23T12:19:28","date_gmt":"2025-10-23T10:19:28","guid":{"rendered":"https:\/\/www.inspirealtea.com\/product\/yoga-for-athletes-performance-in-altea\/"},"modified":"2026-02-24T16:24:52","modified_gmt":"2026-02-24T15:24:52","slug":"yoga-per-atleti-altea","status":"publish","type":"product","link":"https:\/\/www.inspirealtea.com\/it\/experiences\/yoga-for-athletes-altea\/","title":{"rendered":"Yoga per atleti e prestazioni ad Altea"},"content":{"rendered":"<h1 data-start=\"280\" data-end=\"322\"><span style=\"text-decoration: underline;\"><a href=\"https:\/\/www.inspirealtea.com\/it\/yoga-ad-altea\/\">Lo yoga<\/a><\/span> per atleti e prestazioni ad Altea<\/h1>\n<p data-start=\"324\" data-end=\"531\">Potenziate le vostre prestazioni con lo Yoga per atleti ad Altea. Queste sessioni mirate migliorano la mobilit\u00e0, la forza, la flessibilit\u00e0, la concentrazione e il recupero, aiutandovi a muovervi in modo pi\u00f9 efficiente e a ridurre il rischio di lesioni.<\/p>\n<p data-start=\"533\" data-end=\"715\">Che si corra, si vada in bicicletta, si pratichi l'arrampicata o semplicemente si abbia uno stile di vita attivo, questa pratica favorisce le prestazioni e il benessere. Aiuta a sentirsi pi\u00f9 forti, a muoversi liberamente e a recuperare pi\u00f9 velocemente.<\/p>\n<p data-start=\"717\" data-end=\"971\">Combiniamo posture dinamiche, respirazione mirata e tecniche pratiche di recupero. Ogni sessione attiva i gruppi muscolari chiave, migliora la mobilit\u00e0 articolare e aumenta la consapevolezza del corpo. Il risultato \u00e8 che ci si muove in modo pi\u00f9 intelligente, si riduce l'affaticamento e si diminuisce lo sforzo del corpo.<\/p>\n<hr data-start=\"973\" data-end=\"976\" \/>\n<h2 data-start=\"978\" data-end=\"1010\">Allenarsi in modo pi\u00f9 intelligente, recuperare meglio<\/h2>\n<p data-start=\"1012\" data-end=\"1066\">In Inspire Altea adattiamo ogni sessione ai vostri obiettivi.<\/p>\n<p data-start=\"1068\" data-end=\"1097\">Ad esempio, si pu\u00f2 desiderare di:<\/p>\n<ul data-start=\"1098\" data-end=\"1195\">\n<li data-start=\"1098\" data-end=\"1119\">\n<p data-start=\"1100\" data-end=\"1119\">Migliorare la resistenza<\/p>\n<\/li>\n<li data-start=\"1120\" data-end=\"1141\">\n<p data-start=\"1122\" data-end=\"1141\">Aumentare la mobilit\u00e0<\/p>\n<\/li>\n<li data-start=\"1142\" data-end=\"1175\">\n<p data-start=\"1144\" data-end=\"1175\">Recupero da un allenamento intenso<\/p>\n<\/li>\n<li data-start=\"1176\" data-end=\"1195\">\n<p data-start=\"1178\" data-end=\"1195\">Costruire la stabilit\u00e0<\/p>\n<\/li>\n<\/ul>\n<p data-start=\"1197\" data-end=\"1234\">Durante la sessione si lavora su:<\/p>\n<ul data-start=\"1236\" data-end=\"1471\">\n<li data-start=\"1236\" data-end=\"1313\">\n<p data-start=\"1238\" data-end=\"1313\"><strong data-start=\"1238\" data-end=\"1259\">Formazione alla mobilit\u00e0<\/strong> che scioglie le tensioni e aumenta l'ampiezza dei movimenti<\/p>\n<\/li>\n<li data-start=\"1314\" data-end=\"1375\">\n<p data-start=\"1316\" data-end=\"1375\"><strong data-start=\"1316\" data-end=\"1347\">Lavoro di forza e stabilit\u00e0<\/strong> che supporta le prestazioni<\/p>\n<\/li>\n<li data-start=\"1376\" data-end=\"1424\">\n<p data-start=\"1378\" data-end=\"1424\"><strong data-start=\"1378\" data-end=\"1403\">Tecniche di respirazione<\/strong> che affilano la messa a fuoco<\/p>\n<\/li>\n<li data-start=\"1425\" data-end=\"1471\">\n<p data-start=\"1427\" data-end=\"1471\"><strong data-start=\"1427\" data-end=\"1446\">Rilassamento profondo<\/strong> che migliora il recupero<\/p>\n<\/li>\n<\/ul>\n<p data-start=\"1473\" data-end=\"1548\">Questo approccio strutturato integra la formazione anzich\u00e9 sostituirla.<\/p>\n<hr data-start=\"1550\" data-end=\"1553\" \/>\n<h2 data-start=\"1555\" data-end=\"1587\">Personalizzato in un piccolo gruppo<\/h2>\n<p data-start=\"1589\" data-end=\"1689\">Sergio, insegnante di yoga certificato e leader di montagna, guida ogni sessione con chiarezza e precisione.<\/p>\n<p data-start=\"1691\" data-end=\"1791\">Poich\u00e9 i gruppi sono piccoli, i partecipanti ricevono una guida personale e godono di un ambiente di classe dinamico.<\/p>\n<p data-start=\"1793\" data-end=\"1903\">Questa sessione di yoga per atleti ad Altea ha un prezzo a persona e si integra facilmente nella vostra routine di allenamento.<\/p>\n<hr data-start=\"1905\" data-end=\"1908\" \/>\n<h2 data-start=\"1910\" data-end=\"1928\">Dettagli della sessione<\/h2>\n<ul data-start=\"1930\" data-end=\"2103\">\n<li data-start=\"1930\" data-end=\"1954\">\n<p data-start=\"1932\" data-end=\"1954\">Durata: 60 minuti<\/p>\n<\/li>\n<li data-start=\"1955\" data-end=\"2001\">\n<p data-start=\"1957\" data-end=\"2001\">Formato: Piccolo gruppo con guida personale<\/p>\n<\/li>\n<li data-start=\"2002\" data-end=\"2050\">\n<p data-start=\"2004\" data-end=\"2050\">Livello: Adattabile a tutti i background atletici<\/p>\n<\/li>\n<li data-start=\"2051\" data-end=\"2103\">\n<p data-start=\"2053\" data-end=\"2103\">Focus: Mobilit\u00e0, forza, recupero e lavoro di respirazione<\/p>\n<\/li>\n<\/ul>\n<p data-start=\"2105\" data-end=\"2128\">\ud83d\udca1 Il prezzo si intende a persona.<\/p>\n<hr data-start=\"2130\" data-end=\"2133\" \/>\n<h2 data-start=\"2135\" data-end=\"2146\">Include<\/h2>\n<ul data-start=\"2148\" data-end=\"2303\">\n<li data-start=\"2148\" data-end=\"2191\">\n<p data-start=\"2150\" data-end=\"2191\">Sessione guidata di yoga incentrata sulle prestazioni<\/p>\n<\/li>\n<li data-start=\"2192\" data-end=\"2222\">\n<p data-start=\"2194\" data-end=\"2222\">Lavoro di mobilit\u00e0 e forza<\/p>\n<\/li>\n<li data-start=\"2223\" data-end=\"2261\">\n<p data-start=\"2225\" data-end=\"2261\">Tecniche di respirazione e recupero<\/p>\n<\/li>\n<li data-start=\"2262\" data-end=\"2303\">\n<p data-start=\"2264\" data-end=\"2303\">Supporto personalizzato all'interno del gruppo<\/p>\n<\/li>\n<\/ul>\n<hr data-start=\"2305\" data-end=\"2308\" \/>\n<h2 data-start=\"2310\" data-end=\"2343\">Continuate il vostro viaggio di formazione<\/h2>\n<p data-start=\"2345\" data-end=\"2385\">Molti atleti combinano questa sessione con:<\/p>\n<ul data-start=\"2387\" data-end=\"2536\">\n<li data-start=\"2387\" data-end=\"2438\">\n<p data-start=\"2389\" data-end=\"2438\">A <a href=\"https:\/\/www.inspirealtea.com\/it\/esperienze\/lezioni-private-di-yoga-ad-altea\/\">Lezione privata di yoga<\/a> per una personalizzazione pi\u00f9 profonda<\/p>\n<\/li>\n<li data-start=\"2439\" data-end=\"2486\">\n<p data-start=\"2441\" data-end=\"2486\">A <a href=\"https:\/\/www.inspirealtea.com\/it\/escursioni-ad-alicante\/\">Esperienza di escursionismo<\/a> per il movimento funzionale<\/p>\n<\/li>\n<li data-start=\"2487\" data-end=\"2536\">\n<p data-start=\"2489\" data-end=\"2536\">Un <a href=\"https:\/\/www.inspirealtea.com\/it\/ayurveda-ad-altea\/\">Ayurveda <\/a><a href=\"https:\/\/www.inspirealtea.com\/it\/ayurveda-ad-altea\/consultazione\/\">Consultazione<\/a> per il recupero <a href=\"https:\/\/www.inspirealtea.com\/it\/esperienze\/massaggio-sportivo\/\">supporto<\/a><\/p>\n<\/li>\n<\/ul>\n<hr data-start=\"2538\" data-end=\"2541\" \/>\n<h2 data-start=\"2543\" data-end=\"2550\">Domande frequenti<\/h2>\n<p data-start=\"2552\" data-end=\"2687\"><strong data-start=\"2552\" data-end=\"2580\">A chi \u00e8 rivolta questa sessione?<\/strong><br data-start=\"2580\" data-end=\"2583\" \/>Corridori, ciclisti, scalatori e persone attive che desiderano migliorare la mobilit\u00e0, il recupero e le prestazioni.<\/p>\n<p data-start=\"2689\" data-end=\"2764\"><strong data-start=\"2689\" data-end=\"2713\">Su cosa ci concentriamo?<\/strong><br data-start=\"2713\" data-end=\"2716\" \/>Mobilit\u00e0, stabilit\u00e0, respirazione e rilassamento.<\/p>\n<p data-start=\"2766\" data-end=\"2861\"><strong data-start=\"2766\" data-end=\"2811\">Pu\u00f2 essere d'aiuto per i fianchi o le spalle strette?<\/strong><br data-start=\"2811\" data-end=\"2814\" \/>S\u00ec. Adattiamo il lavoro alle aree di tensione comuni.<\/p>\n<p data-start=\"2863\" data-end=\"2946\"><strong data-start=\"2863\" data-end=\"2889\">Pu\u00f2 essere all'altezza del mio sport?<\/strong><br data-start=\"2889\" data-end=\"2892\" \/>Assolutamente s\u00ec. Adattiamo la pratica alla vostra disciplina.<\/p>\n<p data-start=\"2948\" data-end=\"2997\"><strong data-start=\"2948\" data-end=\"2976\">Quanto dura la sessione?<\/strong><br data-start=\"2976\" data-end=\"2979\" \/>Circa 60 minuti.<\/p>\n<p data-start=\"2999\" data-end=\"3110\"><strong data-start=\"2999\" data-end=\"3043\">Posso combinarlo con altre esperienze?<\/strong><br data-start=\"3043\" data-end=\"3046\" \/>S\u00ec. Molti ospiti lo abbinano a yoga, ayurveda o escursioni private.<\/p>","protected":false},"excerpt":{"rendered":"<p data-start=\"216\" data-end=\"423\">Migliorate le prestazioni, la mobilit\u00e0 e il recupero con lo Yoga per atleti ad Altea.<br data-start=\"292\" data-end=\"295\" \/>Queste sessioni mirate aiutano corridori, ciclisti, scalatori e persone attive a muoversi meglio, a prevenire gli infortuni e a recuperare pi\u00f9 velocemente.<\/p>\n<p data-start=\"425\" data-end=\"480\">Guidati da un insegnante certificato in un contesto di piccoli gruppi.<\/p>\n<p data-start=\"482\" data-end=\"505\">\ud83d\udca1 Il prezzo si intende a persona.<\/p>","protected":false},"featured_media":163,"comment_status":"open","ping_status":"closed","template":"","meta":{"nf_dc_page":"","om_disable_all_campaigns":false,"_monsterinsights_skip_tracking":false,"_monsterinsights_sitenote_active":false,"_monsterinsights_sitenote_note":"","_monsterinsights_sitenote_category":0,"_uf_show_specific_survey":0,"_uf_disable_surveys":false,"jetpack_post_was_ever_published":false,"jetpack_publicize_message":"","jetpack_publicize_feature_enabled":true,"jetpack_social_post_already_shared":false,"jetpack_social_options":{"image_generator_settings":{"template":"highway","default_image_id":0,"font":"","enabled":false},"version":2}},"product_brand":[35],"product_cat":[24,22,55],"product_tag":[124,388,391,62,389,386,390,36,385,387,383,60,384,61,58],"class_list":{"0":"post-164","1":"product","2":"type-product","3":"status-publish","4":"has-post-thumbnail","6":"product_brand-inspire-altea","7":"product_cat-wellbeing-experiences","8":"product_cat-yoga-classes","9":"product_cat-yoga-for-athletes-altea","10":"product_tag-altea-wellness","11":"product_tag-breathwork-for-athletes","12":"product_tag-costa-blanca-fitness","13":"product_tag-flexibility-training","14":"product_tag-injury-prevention","15":"product_tag-mobility-training","16":"product_tag-performance-and-recovery","17":"product_tag-private-yoga-altea","18":"product_tag-sports-performance-yoga","19":"product_tag-strength-and-stability","20":"product_tag-yoga-for-athletes","21":"product_tag-yoga-for-climbers","22":"product_tag-yoga-for-cyclists","23":"product_tag-yoga-for-recovery","24":"product_tag-yoga-for-runners","26":"first","27":"instock","28":"featured","29":"virtual","30":"purchasable","31":"product-type-simple"},"yoast_head":"<!-- This site is optimized with the Yoast SEO Premium plugin v27.3 (Yoast SEO v27.4) - https:\/\/yoast.com\/product\/yoast-seo-premium-wordpress\/ -->\n<title>Yoga for Athletes in Altea | Performance &amp; Recovery Sessions<\/title>\n<meta name=\"description\" content=\"Boost mobility, strength, and recovery with yoga for athletes in Altea. Tailored sessions for runners, cyclists &amp; active individuals. Small groups.\" \/>\n<meta name=\"robots\" content=\"index, follow, max-snippet:-1, max-image-preview:large, max-video-preview:-1\" \/>\n<link rel=\"canonical\" href=\"https:\/\/www.inspirealtea.com\/it\/esperienze\/yoga-per-atleti-altea\/\" \/>\n<meta property=\"og:locale\" content=\"it_IT\" \/>\n<meta property=\"og:type\" content=\"article\" \/>\n<meta property=\"og:title\" content=\"Yoga for Athletes &amp; Performance in Altea\" \/>\n<meta property=\"og:description\" content=\"Boost mobility, strength, and recovery with yoga for athletes in Altea. Tailored sessions for runners, cyclists &amp; active individuals. Small groups.\" \/>\n<meta property=\"og:url\" content=\"https:\/\/www.inspirealtea.com\/it\/esperienze\/yoga-per-atleti-altea\/\" \/>\n<meta property=\"og:site_name\" content=\"Yoga, Ayurveda and Hiking | Inspire Altea\" \/>\n<meta property=\"article:publisher\" content=\"https:\/\/www.facebook.com\/yogaayurveda.altea\" \/>\n<meta property=\"article:modified_time\" content=\"2026-02-24T15:24:52+00:00\" \/>\n<meta property=\"og:image\" content=\"https:\/\/www.inspirealtea.com\/wp-content\/uploads\/2025\/10\/pexels-klaus-nielsen-6303797-scaled.jpg\" \/>\n\t<meta property=\"og:image:width\" content=\"1707\" \/>\n\t<meta property=\"og:image:height\" content=\"2560\" \/>\n\t<meta property=\"og:image:type\" content=\"image\/jpeg\" \/>\n<meta name=\"twitter:card\" content=\"summary_large_image\" \/>\n<meta name=\"twitter:label1\" content=\"Tempo di lettura stimato\" \/>\n\t<meta name=\"twitter:data1\" content=\"2 minuti\" \/>\n<!-- \/ Yoast SEO Premium plugin. -->","yoast_head_json":{"title":"Yoga per atleti ad Altea | Sessioni di performance e recupero","description":"Migliorate la mobilit\u00e0, la forza e il recupero con lo yoga per atleti ad Altea. Sessioni su misura per corridori, ciclisti e persone attive. Piccoli gruppi.","robots":{"index":"index","follow":"follow","max-snippet":"max-snippet:-1","max-image-preview":"max-image-preview:large","max-video-preview":"max-video-preview:-1"},"canonical":"https:\/\/www.inspirealtea.com\/it\/esperienze\/yoga-per-atleti-altea\/","og_locale":"it_IT","og_type":"article","og_title":"Yoga for Athletes & Performance in Altea","og_description":"Boost mobility, strength, and recovery with yoga for athletes in Altea. Tailored sessions for runners, cyclists & active individuals. Small groups.","og_url":"https:\/\/www.inspirealtea.com\/it\/esperienze\/yoga-per-atleti-altea\/","og_site_name":"Yoga, Ayurveda and Hiking | Inspire Altea","article_publisher":"https:\/\/www.facebook.com\/yogaayurveda.altea","article_modified_time":"2026-02-24T15:24:52+00:00","og_image":[{"width":1707,"height":2560,"url":"https:\/\/www.inspirealtea.com\/wp-content\/uploads\/2025\/10\/pexels-klaus-nielsen-6303797-scaled.jpg","type":"image\/jpeg"}],"twitter_card":"summary_large_image","twitter_misc":{"Tempo di lettura stimato":"2 minuti"},"schema":{"@context":"https:\/\/schema.org","@graph":[{"@type":"WebPage","@id":"https:\/\/www.inspirealtea.com\/experiences\/yoga-for-athletes-altea\/","url":"https:\/\/www.inspirealtea.com\/experiences\/yoga-for-athletes-altea\/","name":"Yoga per atleti ad Altea | Sessioni di performance e recupero","isPartOf":{"@id":"https:\/\/www.inspirealtea.com\/#website"},"primaryImageOfPage":{"@id":"https:\/\/www.inspirealtea.com\/experiences\/yoga-for-athletes-altea\/#primaryimage"},"image":{"@id":"https:\/\/www.inspirealtea.com\/experiences\/yoga-for-athletes-altea\/#primaryimage"},"thumbnailUrl":"https:\/\/i0.wp.com\/www.inspirealtea.com\/wp-content\/uploads\/2025\/10\/pexels-klaus-nielsen-6303797-scaled.jpg?fit=1707%2C2560&ssl=1","datePublished":"2025-10-23T10:19:28+00:00","dateModified":"2026-02-24T15:24:52+00:00","description":"Migliorate la mobilit\u00e0, la forza e il recupero con lo yoga per atleti ad Altea. Sessioni su misura per corridori, ciclisti e persone attive. Piccoli gruppi.","breadcrumb":{"@id":"https:\/\/www.inspirealtea.com\/experiences\/yoga-for-athletes-altea\/#breadcrumb"},"inLanguage":"it-IT","potentialAction":[{"@type":"ReadAction","target":["https:\/\/www.inspirealtea.com\/experiences\/yoga-for-athletes-altea\/"]}]},{"@type":"ImageObject","inLanguage":"it-IT","@id":"https:\/\/www.inspirealtea.com\/experiences\/yoga-for-athletes-altea\/#primaryimage","url":"https:\/\/i0.wp.com\/www.inspirealtea.com\/wp-content\/uploads\/2025\/10\/pexels-klaus-nielsen-6303797-scaled.jpg?fit=1707%2C2560&ssl=1","contentUrl":"https:\/\/i0.wp.com\/www.inspirealtea.com\/wp-content\/uploads\/2025\/10\/pexels-klaus-nielsen-6303797-scaled.jpg?fit=1707%2C2560&ssl=1","width":1707,"height":2560,"caption":"Improve flexibility, focus, and recovery with yoga for athletes in Altea \u2014 ideal for runners, climbers, and active individuals."},{"@type":"BreadcrumbList","@id":"https:\/\/www.inspirealtea.com\/experiences\/yoga-for-athletes-altea\/#breadcrumb","itemListElement":[{"@type":"ListItem","position":1,"name":"Home","item":"https:\/\/www.inspirealtea.com\/"},{"@type":"ListItem","position":2,"name":"Experiences","item":"https:\/\/www.inspirealtea.com\/experiences\/"},{"@type":"ListItem","position":3,"name":"Wellbeing experiences","item":"https:\/\/www.inspirealtea.com\/product-category\/wellbeing-experiences\/"},{"@type":"ListItem","position":4,"name":"Yoga Classes","item":"https:\/\/www.inspirealtea.com\/product-category\/wellbeing-experiences\/yoga-classes\/"},{"@type":"ListItem","position":5,"name":"Yoga for Athletes &amp; Performance","item":"https:\/\/www.inspirealtea.com\/product-category\/wellbeing-experiences\/yoga-classes\/yoga-for-athletes-altea\/"},{"@type":"ListItem","position":6,"name":"Yoga for Athletes &#038; Performance in Altea"}]},{"@type":"WebSite","@id":"https:\/\/www.inspirealtea.com\/#website","url":"https:\/\/www.inspirealtea.com\/","name":"Yoga, Ayurveda ed escursioni | Ispirare Altea","description":"Esplora te stesso attraverso Yoga, Ayurveda ed Escursionismo ad Altea, Alicante \u2014 un santuario per il benessere sul Mediterraneo.","publisher":{"@id":"https:\/\/www.inspirealtea.com\/#organization"},"alternateName":"Inspire Altea \u2013 Yoga, Ayurveda & Hiking","potentialAction":[{"@type":"SearchAction","target":{"@type":"EntryPoint","urlTemplate":"https:\/\/www.inspirealtea.com\/?s={search_term_string}"},"query-input":{"@type":"PropertyValueSpecification","valueRequired":true,"valueName":"search_term_string"}}],"inLanguage":"it-IT"},{"@type":"Organization","@id":"https:\/\/www.inspirealtea.com\/#organization","name":"Yoga, ayurveda ed escursionismo | Inspire Altea","alternateName":"IA Yoga Ayurveda Hike","url":"https:\/\/www.inspirealtea.com\/","logo":{"@type":"ImageObject","inLanguage":"it-IT","@id":"https:\/\/www.inspirealtea.com\/#\/schema\/logo\/image\/","url":"https:\/\/i0.wp.com\/www.inspirealtea.com\/wp-content\/uploads\/2025\/10\/Logo-Inspire-Altea.png?fit=1024%2C1024&ssl=1","contentUrl":"https:\/\/i0.wp.com\/www.inspirealtea.com\/wp-content\/uploads\/2025\/10\/Logo-Inspire-Altea.png?fit=1024%2C1024&ssl=1","width":1024,"height":1024,"caption":"Yoga, Ayurveda and Hiking | Inspire Altea"},"image":{"@id":"https:\/\/www.inspirealtea.com\/#\/schema\/logo\/image\/"},"sameAs":["https:\/\/www.facebook.com\/yogaayurveda.altea","https:\/\/www.instagram.com\/inspirealtea\/","https:\/\/www.linkedin.com\/in\/sergio-cisneros-galea","https:\/\/www.youtube.com\/@inspirealtea","https:\/\/gravatar.com\/sergiocisnerosgalea"],"description":"Discover holistic wellbeing experiences in Altea that connect body, mind, and nature. From yoga and Ayurveda to guided hiking and personalized retreats \u2014 all designed to help you restore balance, vitality, and inner peace.","email":"inspirealtea@gmail.com","telephone":"+33 6 07 42 58 97","legalName":"Sergio Cisneros Galea","foundingDate":"2019-11-11","numberOfEmployees":{"@type":"QuantitativeValue","minValue":"1","maxValue":"10"},"publishingPrinciples":"https:\/\/www.inspirealtea.com\/who-i-am\/"}]}},"jetpack_publicize_connections":[],"jetpack_sharing_enabled":true,"_links":{"self":[{"href":"https:\/\/www.inspirealtea.com\/it\/wp-json\/wp\/v2\/product\/164","targetHints":{"allow":["GET"]}}],"collection":[{"href":"https:\/\/www.inspirealtea.com\/it\/wp-json\/wp\/v2\/product"}],"about":[{"href":"https:\/\/www.inspirealtea.com\/it\/wp-json\/wp\/v2\/types\/product"}],"replies":[{"embeddable":true,"href":"https:\/\/www.inspirealtea.com\/it\/wp-json\/wp\/v2\/comments?post=164"}],"wp:featuredmedia":[{"embeddable":true,"href":"https:\/\/www.inspirealtea.com\/it\/wp-json\/wp\/v2\/media\/163"}],"wp:attachment":[{"href":"https:\/\/www.inspirealtea.com\/it\/wp-json\/wp\/v2\/media?parent=164"}],"wp:term":[{"taxonomy":"product_brand","embeddable":true,"href":"https:\/\/www.inspirealtea.com\/it\/wp-json\/wp\/v2\/product_brand?post=164"},{"taxonomy":"product_cat","embeddable":true,"href":"https:\/\/www.inspirealtea.com\/it\/wp-json\/wp\/v2\/product_cat?post=164"},{"taxonomy":"product_tag","embeddable":true,"href":"https:\/\/www.inspirealtea.com\/it\/wp-json\/wp\/v2\/product_tag?post=164"}],"curies":[{"name":"wp","href":"https:\/\/api.w.org\/{rel}","templated":true}]}}