{"id":17,"date":"2025-10-20T14:02:51","date_gmt":"2025-10-20T14:02:51","guid":{"rendered":"https:\/\/exa.upa.mybluehost.me\/about\/"},"modified":"2026-02-28T21:02:55","modified_gmt":"2026-02-28T20:02:55","slug":"chi-sono","status":"publish","type":"page","link":"https:\/\/www.inspirealtea.com\/it\/who-i-am\/","title":{"rendered":"Chi sono"},"content":{"rendered":"<h2 class=\"has-text-align-center wp-block-post-title\">Chi sono<\/h2>\n\n\n<div id=\"hero\" class=\"nfd-container nfd-p-lg nfd-pb-lg is-style-nfd-theme-white wp-block-group has-global-padding is-layout-constrained wp-block-group-is-layout-constrained\">\n<div class=\"nfd-gap-3xl wp-block-columns are-vertically-aligned-center is-layout-flex wp-container-core-columns-is-layout-28f84493 wp-block-columns-is-layout-flex\">\n<div class=\"md:nfd-order-2 wp-block-column is-vertically-aligned-center is-layout-flow wp-container-core-column-is-layout-fc5e3b10 wp-block-column-is-layout-flow\" style=\"flex-basis:44%\">\n<div class=\"nfd-gap-lg nfd-text-md wp-block-group is-vertical is-layout-flex wp-container-core-group-is-layout-fe9cc265 wp-block-group-is-layout-flex\">\n<h1 class=\"wp-block-heading nfd-text-giga nfd-text-current\" id=\"h-who-i-am-sergi-dhariya-sergio-cisneros-galea\"><strong>Chi sono - Sergi Dhariya <\/strong>(Sergio Cisneros Galea)<\/h1>\n\n\n\n<p class=\"\"><em>Un viaggio nella consapevolezza, nella natura e nell'equilibrio.<\/em><\/p>\n\n\n\n<p class=\"\"><strong>Sergi Dhariya<\/strong> \u00e8 insegnante di yoga, praticante ayurvedico e guida alpina con sede ad Altea. Attraverso <strong>Ispirare Altea<\/strong>, vengono offerte esperienze di benessere olistico che integrano <strong>movimento, consapevolezza e natura<\/strong>.<\/p>\n\n\n\n<h2 class=\"wp-block-heading\" id=\"h-approach\">Approccio<\/h2>\n\n\n\n<p class=\"\">La metodologia riunisce yoga, ayurveda ed esperienze basate sulla natura come percorsi di presenza, chiarezza ed equilibrio. Piuttosto che puntare a risultati immediati, il processo si sviluppa attraverso una pratica attenta e un'integrazione costante.<\/p>\n\n\n\n<div class=\"wp-block-buttons is-horizontal is-content-justification-left is-layout-flex wp-container-core-buttons-is-layout-c4719c80 wp-block-buttons-is-layout-flex\">\n<div class=\"nfd-btn-lg  wp-block-button\"><a class=\"wp-block-button__link has-contrast-color has-accent-6-background-color has-text-color has-background has-link-color wp-element-button\" href=\"https:\/\/wa.me\/330607425897\" target=\"_blank\" rel=\"noreferrer noopener\"><strong>Incontrare<\/strong> Sergio<\/a><\/div>\n<\/div>\n<\/div>\n<\/div>\n\n\n\n<div class=\"wp-block-column is-vertically-aligned-center is-layout-flow wp-container-core-column-is-layout-8a368f38 wp-block-column-is-layout-flow\" style=\"flex-basis:50%\">\n<div class=\"nfd-grid nfd-grid-cols-9 nfd-grid-rows-1 nfd-items-center wp-block-group is-layout-flow wp-container-core-group-is-layout-a77db08e wp-block-group-is-layout-flow\">\n<figure class=\"wp-block-gallery has-nested-images columns-default is-cropped wp-block-gallery-1 is-layout-flex wp-block-gallery-is-layout-flex\">\n<figure class=\"nfd-col-start-1 nfd-col-end-7 nfd-row-start-1 nfd-rounded wp-block-image size-full\"><img data-recalc-dims=\"1\" decoding=\"async\" width=\"1200\" height=\"1600\" loading=\"lazy\" data-id=\"1162\" src=\"https:\/\/i0.wp.com\/www.inspirealtea.com\/wp-content\/uploads\/2026\/02\/Bio-Sergi-Dhariya.webp?resize=1200%2C1600&#038;ssl=1\" alt=\"Il praticante di yoga e ayurveda Sergio Cisneros Galea ad Altea, Costa Blanca\" class=\"wp-image-1162\" style=\"aspect-ratio:2\/3;object-fit:cover\" srcset=\"https:\/\/i0.wp.com\/www.inspirealtea.com\/wp-content\/uploads\/2026\/02\/Bio-Sergi-Dhariya.webp?w=1200&amp;ssl=1 1200w, https:\/\/i0.wp.com\/www.inspirealtea.com\/wp-content\/uploads\/2026\/02\/Bio-Sergi-Dhariya.webp?resize=225%2C300&amp;ssl=1 225w, https:\/\/i0.wp.com\/www.inspirealtea.com\/wp-content\/uploads\/2026\/02\/Bio-Sergi-Dhariya.webp?resize=768%2C1024&amp;ssl=1 768w, https:\/\/i0.wp.com\/www.inspirealtea.com\/wp-content\/uploads\/2026\/02\/Bio-Sergi-Dhariya.webp?resize=1152%2C1536&amp;ssl=1 1152w, https:\/\/i0.wp.com\/www.inspirealtea.com\/wp-content\/uploads\/2026\/02\/Bio-Sergi-Dhariya.webp?resize=9%2C12&amp;ssl=1 9w, https:\/\/i0.wp.com\/www.inspirealtea.com\/wp-content\/uploads\/2026\/02\/Bio-Sergi-Dhariya.webp?resize=600%2C800&amp;ssl=1 600w\" sizes=\"auto, (max-width: 1000px) 100vw, 1000px\" \/><figcaption class=\"wp-element-caption\">Sergio Cisneros Galea, fondatore di Inspire Altea - condivisione di Yoga e Ayurveda per una vita consapevole ad Altea.<\/figcaption><\/figure>\n<\/figure>\n<\/div>\n<\/div>\n<\/div>\n<\/div>\n\n\n\n<div class=\"wp-block-group has-global-padding is-layout-constrained wp-block-group-is-layout-constrained\">\n<div class=\"nfd-container nfd-text-md nfd-wb-text__text-1 wp-block-group has-global-padding is-content-justification-left is-layout-constrained wp-container-core-group-is-layout-12dd3699 wp-block-group-is-layout-constrained\">\n<div class=\"nfd-max-w-prose wp-block-group alignfull is-vertical is-content-justification-left is-layout-flex wp-container-core-group-is-layout-dd225191 wp-block-group-is-layout-flex\">\n<h2 class=\"nfd-text-xl nfd-text-balance wp-block-heading\" id=\"h-walking-silently\" style=\"font-style:normal;font-weight:600\">Camminare in silenzio<\/h2>\n\n\n\n<p class=\"has-drop-cap\">Radicati nell'aria di mare e nella pietra, silenzio e movimento si sono sempre appartenuti. Le montagne hanno offerto un primo linguaggio di presenza e cambiamento.<br>L'attivit\u00e0 di guida alpina \u00e8 iniziata a 15 anni nella citt\u00e0 della luce, e con essa \u00e8 arrivata una chiara intuizione: la natura rispecchia il mondo interiore. <\/p>\n\n\n\n<p class=\"has-drop-cap\">16 anni di guida sulle Alpi, sui Pirenei e in Toscana, la natura ha offerto una costante maestra di pazienza e consapevolezza. Ad Altea, questo percorso si evolve, intrecciando l'esperienza all'aria aperta con la salute integrativa.<\/p>\n<\/div>\n<\/div>\n<\/div>\n\n\n\n<div class=\"wp-block-group has-global-padding is-content-justification-left is-layout-constrained wp-container-core-group-is-layout-12dd3699 wp-block-group-is-layout-constrained\">\n<div class=\"wp-block-columns alignfull is-layout-flex wp-container-core-columns-is-layout-28f84493 wp-block-columns-is-layout-flex\">\n<div class=\"wp-block-column is-layout-flow wp-block-column-is-layout-flow\" style=\"flex-basis:50%\">\n<div class=\"is-style-default wp-block-cover is-light\" style=\"min-height:600px;aspect-ratio:unset;\"><span aria-hidden=\"true\" class=\"wp-block-cover__background has-custom-color-2-background-color has-background-dim-0 has-background-dim\"><\/span><div class=\"wp-block-cover__inner-container is-layout-flow wp-block-cover-is-layout-flow\">\n<figure class=\"wp-block-image aligncenter size-full is-resized\"><img data-recalc-dims=\"1\" decoding=\"async\" width=\"347\" height=\"529\" loading=\"lazy\" src=\"https:\/\/i0.wp.com\/www.inspirealtea.com\/wp-content\/uploads\/2025\/11\/Yoga-2.webp?resize=347%2C529&#038;ssl=1\" alt=\"Posizione meditativa di yoga che simboleggia la consapevolezza e l&#039;equilibrio interiore presso Inspire Altea, Costa Blanca\" class=\"wp-image-662\" style=\"aspect-ratio:0.6559444690592232;width:347px;height:auto\" srcset=\"https:\/\/i0.wp.com\/www.inspirealtea.com\/wp-content\/uploads\/2025\/11\/Yoga-2.webp?w=347&amp;ssl=1 347w, https:\/\/i0.wp.com\/www.inspirealtea.com\/wp-content\/uploads\/2025\/11\/Yoga-2.webp?resize=197%2C300&amp;ssl=1 197w\" sizes=\"auto, (max-width: 347px) 100vw, 347px\" \/><figcaption class=\"wp-element-caption\">Mindfulness ed equilibrio espressi attraverso la pratica dello yoga presso Inspire Altea.<\/figcaption><\/figure>\n<\/div><\/div>\n<\/div>\n\n\n\n<div class=\"nfd-container nfd-text-md nfd-wb-text__text-1 wp-block-column has-global-padding is-content-justification-left is-layout-constrained wp-container-core-column-is-layout-12dd3699 wp-block-column-is-layout-constrained\">\n<div class=\"nfd-max-w-prose wp-block-columns is-vertical is-content-justification-left is-layout-flex wp-container-core-columns-is-layout-ef42fd53 wp-block-columns-is-layout-flex\">\n<div class=\"nfd-text-xl nfd-text-balance wp-block-column is-layout-flow wp-block-column-is-layout-flow\" style=\"font-style:normal;font-weight:600;flex-basis:320px\">\n<h2 class=\"nfd-text-xl nfd-text-balance wp-block-heading\" id=\"h-philosophy\"><strong>Filosofia<\/strong><\/h2>\n\n\n\n<p class=\"is-style-default has-large-font-size\">Presso Inspire Altea, <strong>Ayurveda e Yoga<\/strong> sono intesi come viventi<strong> scienze<\/strong>, radicata nell'esperienza diretta e progettata per adattarsi alla vita contemporanea.<br>Ogni massaggio, lezione o terapia diventa un dialogo tra l'individuo e il momento presente, un processo guidato dall'ascolto, dall'osservazione e dalla fiducia.<\/p>\n\n\n\n<blockquote class=\"wp-block-quote is-layout-flow wp-block-quote-is-layout-flow\">\n<p class=\"has-large-font-size\">\u201cLa guarigione inizia quando torniamo alla semplicit\u00e0: ascoltare, respirare e riconnettersi\u201d.\u201d<\/p>\n<\/blockquote>\n\n\n\n<p class=\"has-large-font-size\">Questa semplicit\u00e0 definisce l'approccio di <span style=\"text-decoration: underline;\">Ispirare Altea<\/span>: creare spazi in cui corpo, mente e respiro possano allinearsi in modo naturale, permettendo al benessere di nascere come qualcosa di organico, rispettoso e profondamente personale.<\/p>\n<\/div>\n<\/div>\n<\/div>\n<\/div>\n<\/div>\n\n\n\n<div style=\"height:100px\" aria-hidden=\"true\" class=\"wp-block-spacer\"><\/div>\n\n\n\n<div class=\"wp-block-group has-global-padding is-content-justification-center is-layout-constrained wp-block-group-is-layout-constrained\">\n<div class=\"wp-block-columns alignfull is-layout-flex wp-container-core-columns-is-layout-28f84493 wp-block-columns-is-layout-flex\">\n<div class=\"nfd-container nfd-text-md nfd-wb-text__text-1 wp-block-column is-vertically-aligned-center has-global-padding is-content-justification-left is-layout-constrained wp-container-core-column-is-layout-12dd3699 wp-block-column-is-layout-constrained\">\n<div class=\"nfd-max-w-prose wp-block-columns is-vertical is-content-justification-left is-layout-flex wp-container-core-columns-is-layout-ef42fd53 wp-block-columns-is-layout-flex\">\n<div class=\"nfd-text-xl nfd-text-balance wp-block-column has-medium-font-size is-layout-flow wp-block-column-is-layout-flow\" style=\"font-style:normal;font-weight:600;flex-basis:320px\">\n<h2 class=\"nfd-text-xl nfd-text-balance wp-block-heading\" id=\"h-training-amp-experience\"><strong><strong>Formazione ed esperienza<\/strong><\/strong><\/h2>\n\n\n\n<p class=\"is-style-default has-large-font-size\">Ogni percorso riflette un filo conduttore: l'esplorazione della consapevolezza di s\u00e9.<\/p>\n\n\n\n<ul class=\"wp-block-list\">\n<li class=\"\"><strong>Terapeuta e mentore ayurvedico<\/strong> - Tutoraggio ayurvedico con il Dr. Shubham, 2024-Attualmente<\/li>\n\n\n\n<li class=\"\"><strong>Massaggio ayurvedico tradizionale e terapia Panchakarma<\/strong>, Kerala, India (2023)<\/li>\n\n\n\n<li class=\"\"><strong>Insegnante di Hatha Yoga 500h<\/strong>, Durgaji, Francia<\/li>\n\n\n\n<li class=\"\"><strong>Insegnante di yoga multistile 200h<\/strong>, Green Yoga International, Mallorca<\/li>\n\n\n\n<li class=\"\"><strong>Guida alpina (BPJEPS e IML)<\/strong> - Oltre 16 anni di guida in Europa e Marocco<\/li>\n\n\n\n<li class=\"\"><strong>Primo soccorritore in ambiente naturale<\/strong>, Svizzera (2020)<\/li>\n\n\n\n<li class=\"\"><strong>Sicurezza del terreno per le valanghe Livello 2<\/strong>, Spagna (2019)<\/li>\n<\/ul>\n\n\n\n<p class=\"is-style-default has-large-font-size\">Il percorso professionale di Sergi Dhariya ad Altea continua attraverso l'apprendimento costante, l'osservazione e l'integrazione delle conoscenze tradizionali con le esigenze attuali.<\/p>\n<\/div>\n<\/div>\n<\/div>\n<\/div>\n<\/div>\n\n\n\n<div style=\"height:100px\" aria-hidden=\"true\" class=\"wp-block-spacer\"><\/div>\n\n\n\n<div class=\"wp-block-group has-global-padding is-content-justification-left is-layout-constrained wp-container-core-group-is-layout-12dd3699 wp-block-group-is-layout-constrained\">\n<div class=\"wp-block-columns alignfull is-layout-flex wp-container-core-columns-is-layout-28f84493 wp-block-columns-is-layout-flex\">\n<div class=\"wp-block-column is-layout-flow wp-block-column-is-layout-flow\" style=\"flex-basis:50%\">\n<div class=\"wp-block-cover\" style=\"min-height:600px;aspect-ratio:unset;\"><span aria-hidden=\"true\" class=\"wp-block-cover__background has-accent-5-background-color has-background-dim-100 has-background-dim\"><\/span><div class=\"wp-block-cover__inner-container is-layout-flow wp-block-cover-is-layout-flow\">\n<figure class=\"wp-block-image aligncenter size-full\"><img decoding=\"async\" width=\"975\" height=\"1300\" loading=\"lazy\" src=\"https:\/\/i0.wp.com\/www.inspirealtea.com\/wp-content\/uploads\/2025\/10\/pexels-photo-31771512.jpeg?fit=975%2C1300&amp;ssl=1\" alt=\"gabbiano in volo sulle acque del Mediterraneo\" class=\"wp-image-676\" srcset=\"https:\/\/i0.wp.com\/www.inspirealtea.com\/wp-content\/uploads\/2025\/10\/pexels-photo-31771512.jpeg?w=975&amp;ssl=1 975w, https:\/\/i0.wp.com\/www.inspirealtea.com\/wp-content\/uploads\/2025\/10\/pexels-photo-31771512.jpeg?resize=225%2C300&amp;ssl=1 225w, https:\/\/i0.wp.com\/www.inspirealtea.com\/wp-content\/uploads\/2025\/10\/pexels-photo-31771512.jpeg?resize=768%2C1024&amp;ssl=1 768w, https:\/\/i0.wp.com\/www.inspirealtea.com\/wp-content\/uploads\/2025\/10\/pexels-photo-31771512.jpeg?resize=600%2C800&amp;ssl=1 600w\" sizes=\"auto, (max-width: 975px) 100vw, 975px\" \/><\/figure>\n<\/div><\/div>\n<\/div>\n\n\n\n<div class=\"nfd-container nfd-text-md nfd-wb-text__text-1 wp-block-column has-medium-font-size has-global-padding is-content-justification-left is-layout-constrained wp-container-core-column-is-layout-12dd3699 wp-block-column-is-layout-constrained\">\n<div class=\"nfd-max-w-prose wp-block-columns has-large-font-size is-vertical is-content-justification-left is-layout-flex wp-container-core-columns-is-layout-ef42fd53 wp-block-columns-is-layout-flex\">\n<div class=\"nfd-text-xl nfd-text-balance wp-block-column has-medium-font-size is-layout-flow wp-block-column-is-layout-flow\" style=\"font-style:normal;font-weight:600;flex-basis:320px\">\n<h2 class=\"nfd-text-xl nfd-text-balance wp-block-heading\" id=\"h-a-space-for-conscious-living-in-altea\"><strong>Uno spazio di vita consapevole ad Altea<\/strong><\/h2>\n\n\n\n<p class=\"is-style-default has-medium-font-size\">Inoltre, Inspire Altea \u00e8 pi\u00f9 di uno spazio per incontri di benessere: \u00e8 un progetto abitativo dedicato all'arte di vivere consapevolmente.<br>Attraverso <strong>Terapie ayurvediche, sessioni di yoga, ritiri ed esperienze nella natura<\/strong>, Siete invitati a riconnettervi con il vostro ritmo naturale nella serena cornice di Altea, in Costa Blanca.<\/p>\n\n\n\n<p class=\"\">Ogni incontro \u00e8 unico - Facciamo in modo che accada!<\/p>\n\n\n\n<p class=\"is-style-default has-large-font-size\"><a href=\"https:\/\/www.inspirealtea.com\/it\/ayurveda-ad-altea\/\"><strong>Scoprire le terapie ayurvediche \u2192<\/strong><\/a><\/p>\n\n\n\n<p class=\"is-style-default has-large-font-size\"><a href=\"https:\/\/www.inspirealtea.com\/it\/yoga-ad-altea\/\"><strong>Partecipare a una lezione di yoga \u2192<\/strong><\/a><\/p>\n<\/div>\n<\/div>\n<\/div>\n<\/div>\n<\/div>\n\n\n\n<div style=\"height:26px\" aria-hidden=\"true\" class=\"wp-block-spacer\"><\/div>\n\n\n\n<p class=\"\">Ad Altea, questo lavoro continua come punto d'incontro tra natura e vita interiore. Attraverso lo yoga, l'ayurveda e le esperienze guidate all'aperto, si d\u00e0 spazio alla chiarezza, all'equilibrio e al benessere sostenibile.<\/p>","protected":false},"excerpt":{"rendered":"<p>Who I Am \u2013 Sergi Dhariya (Sergio Cisneros Galea) A journey into awareness, nature, and balance. Sergi Dhariya is a yoga teacher, Ayurvedic practitioner and mountain guide based in Altea. Through Inspire Altea, holistic wellbeing experiences are offered that integrate movement, awareness and nature. Approach The methodology brings together yoga, Ayurveda, and nature-based experiences as [&hellip;]<\/p>\n","protected":false},"author":1,"featured_media":1162,"parent":0,"menu_order":0,"comment_status":"closed","ping_status":"closed","template":"page-no-title","meta":{"nf_dc_page":"about","om_disable_all_campaigns":false,"_monsterinsights_skip_tracking":false,"_monsterinsights_sitenote_active":false,"_monsterinsights_sitenote_note":"","_monsterinsights_sitenote_category":0,"_uf_show_specific_survey":0,"_uf_disable_surveys":false,"jetpack_post_was_ever_published":false,"footnotes":""},"class_list":["post-17","page","type-page","status-publish","has-post-thumbnail","hentry"],"yoast_head":"<!-- This site is optimized with the Yoast SEO Premium plugin v27.3 (Yoast SEO v27.4) - https:\/\/yoast.com\/product\/yoast-seo-premium-wordpress\/ -->\n<title>Sergi Dhariya | Yoga &amp; Ayurveda in Altea<\/title>\n<meta name=\"description\" content=\"Meet Sergi Dhariya (Sergio Cisneros Galea), yoga teacher and Ayurvedic therapist in Altea offering holistic wellbeing experiences in nature.\" \/>\n<meta name=\"robots\" content=\"index, follow, max-snippet:-1, max-image-preview:large, max-video-preview:-1\" \/>\n<link rel=\"canonical\" href=\"https:\/\/www.inspirealtea.com\/it\/chi-sono\/\" \/>\n<meta property=\"og:locale\" content=\"it_IT\" \/>\n<meta property=\"og:type\" content=\"article\" \/>\n<meta property=\"og:title\" content=\"Who I am\" \/>\n<meta property=\"og:description\" content=\"Meet Sergi Dhariya (Sergio Cisneros Galea), yoga teacher and Ayurvedic therapist in Altea offering holistic wellbeing experiences in nature.\" \/>\n<meta property=\"og:url\" content=\"https:\/\/www.inspirealtea.com\/it\/chi-sono\/\" \/>\n<meta property=\"og:site_name\" content=\"Yoga, Ayurveda and Hiking | Inspire Altea\" \/>\n<meta property=\"article:publisher\" content=\"https:\/\/www.facebook.com\/yogaayurveda.altea\" \/>\n<meta property=\"article:modified_time\" content=\"2026-02-28T20:02:55+00:00\" \/>\n<meta property=\"og:image\" content=\"https:\/\/www.inspirealtea.com\/wp-content\/uploads\/2026\/02\/Bio-Sergi-Dhariya.webp\" \/>\n\t<meta property=\"og:image:width\" content=\"1200\" \/>\n\t<meta property=\"og:image:height\" content=\"1600\" \/>\n\t<meta property=\"og:image:type\" content=\"image\/webp\" \/>\n<meta name=\"twitter:card\" content=\"summary_large_image\" \/>\n<meta name=\"twitter:label1\" content=\"Tempo di lettura stimato\" \/>\n\t<meta name=\"twitter:data1\" content=\"3 minuti\" \/>\n<!-- \/ Yoast SEO Premium plugin. -->","yoast_head_json":{"title":"Sergi Dhariya | Yoga e Ayurveda ad Altea","description":"Incontriamo Sergi Dhariya (Sergio Cisneros Galea), insegnante di yoga e terapista ayurvedico ad Altea che offre esperienze di benessere olistico nella natura.","robots":{"index":"index","follow":"follow","max-snippet":"max-snippet:-1","max-image-preview":"max-image-preview:large","max-video-preview":"max-video-preview:-1"},"canonical":"https:\/\/www.inspirealtea.com\/it\/chi-sono\/","og_locale":"it_IT","og_type":"article","og_title":"Who I am","og_description":"Meet Sergi Dhariya (Sergio Cisneros Galea), yoga teacher and Ayurvedic therapist in Altea offering holistic wellbeing experiences in nature.","og_url":"https:\/\/www.inspirealtea.com\/it\/chi-sono\/","og_site_name":"Yoga, Ayurveda and Hiking | Inspire Altea","article_publisher":"https:\/\/www.facebook.com\/yogaayurveda.altea","article_modified_time":"2026-02-28T20:02:55+00:00","og_image":[{"width":1200,"height":1600,"url":"https:\/\/www.inspirealtea.com\/wp-content\/uploads\/2026\/02\/Bio-Sergi-Dhariya.webp","type":"image\/webp"}],"twitter_card":"summary_large_image","twitter_misc":{"Tempo di lettura stimato":"3 minuti"},"schema":{"@context":"https:\/\/schema.org","@graph":[{"@type":"WebPage","@id":"https:\/\/www.inspirealtea.com\/who-i-am\/","url":"https:\/\/www.inspirealtea.com\/who-i-am\/","name":"Sergi Dhariya | Yoga e Ayurveda ad Altea","isPartOf":{"@id":"https:\/\/www.inspirealtea.com\/#website"},"primaryImageOfPage":{"@id":"https:\/\/www.inspirealtea.com\/who-i-am\/#primaryimage"},"image":{"@id":"https:\/\/www.inspirealtea.com\/who-i-am\/#primaryimage"},"thumbnailUrl":"https:\/\/i0.wp.com\/www.inspirealtea.com\/wp-content\/uploads\/2026\/02\/Bio-Sergi-Dhariya.webp?fit=1200%2C1600&ssl=1","datePublished":"2025-10-20T14:02:51+00:00","dateModified":"2026-02-28T20:02:55+00:00","description":"Incontriamo Sergi Dhariya (Sergio Cisneros Galea), insegnante di yoga e terapista ayurvedico ad Altea che offre esperienze di benessere olistico nella natura.","breadcrumb":{"@id":"https:\/\/www.inspirealtea.com\/who-i-am\/#breadcrumb"},"inLanguage":"it-IT","potentialAction":[{"@type":"ReadAction","target":["https:\/\/www.inspirealtea.com\/who-i-am\/"]}]},{"@type":"ImageObject","inLanguage":"it-IT","@id":"https:\/\/www.inspirealtea.com\/who-i-am\/#primaryimage","url":"https:\/\/i0.wp.com\/www.inspirealtea.com\/wp-content\/uploads\/2026\/02\/Bio-Sergi-Dhariya.webp?fit=1200%2C1600&ssl=1","contentUrl":"https:\/\/i0.wp.com\/www.inspirealtea.com\/wp-content\/uploads\/2026\/02\/Bio-Sergi-Dhariya.webp?fit=1200%2C1600&ssl=1","width":1200,"height":1600,"caption":"Sergi Dhariya, yoga teacher and Ayurvedic practitioner based in Altea."},{"@type":"BreadcrumbList","@id":"https:\/\/www.inspirealtea.com\/who-i-am\/#breadcrumb","itemListElement":[{"@type":"ListItem","position":1,"name":"Home","item":"https:\/\/www.inspirealtea.com\/"},{"@type":"ListItem","position":2,"name":"Who I am"}]},{"@type":"WebSite","@id":"https:\/\/www.inspirealtea.com\/#website","url":"https:\/\/www.inspirealtea.com\/","name":"Yoga, Ayurveda ed escursioni | Ispirare Altea","description":"Esplora te stesso attraverso Yoga, Ayurveda ed Escursionismo ad Altea, Alicante \u2014 un santuario per il benessere sul Mediterraneo.","publisher":{"@id":"https:\/\/www.inspirealtea.com\/#organization"},"alternateName":"Inspire Altea \u2013 Yoga, Ayurveda & Hiking","potentialAction":[{"@type":"SearchAction","target":{"@type":"EntryPoint","urlTemplate":"https:\/\/www.inspirealtea.com\/?s={search_term_string}"},"query-input":{"@type":"PropertyValueSpecification","valueRequired":true,"valueName":"search_term_string"}}],"inLanguage":"it-IT"},{"@type":"Organization","@id":"https:\/\/www.inspirealtea.com\/#organization","name":"Yoga, ayurveda ed escursionismo | Inspire Altea","alternateName":"IA Yoga Ayurveda Hike","url":"https:\/\/www.inspirealtea.com\/","logo":{"@type":"ImageObject","inLanguage":"it-IT","@id":"https:\/\/www.inspirealtea.com\/#\/schema\/logo\/image\/","url":"https:\/\/i0.wp.com\/www.inspirealtea.com\/wp-content\/uploads\/2025\/10\/Logo-Inspire-Altea.png?fit=1024%2C1024&ssl=1","contentUrl":"https:\/\/i0.wp.com\/www.inspirealtea.com\/wp-content\/uploads\/2025\/10\/Logo-Inspire-Altea.png?fit=1024%2C1024&ssl=1","width":1024,"height":1024,"caption":"Yoga, Ayurveda and Hiking | Inspire Altea"},"image":{"@id":"https:\/\/www.inspirealtea.com\/#\/schema\/logo\/image\/"},"sameAs":["https:\/\/www.facebook.com\/yogaayurveda.altea","https:\/\/www.instagram.com\/inspirealtea\/","https:\/\/www.linkedin.com\/in\/sergio-cisneros-galea","https:\/\/www.youtube.com\/@inspirealtea","https:\/\/gravatar.com\/sergiocisnerosgalea"],"description":"Discover holistic wellbeing experiences in Altea that connect body, mind, and nature. From yoga and Ayurveda to guided hiking and personalized retreats \u2014 all designed to help you restore balance, vitality, and inner peace.","email":"inspirealtea@gmail.com","telephone":"+33 6 07 42 58 97","legalName":"Sergio Cisneros Galea","foundingDate":"2019-11-11","numberOfEmployees":{"@type":"QuantitativeValue","minValue":"1","maxValue":"10"},"publishingPrinciples":"https:\/\/www.inspirealtea.com\/who-i-am\/"}]}},"jetpack_sharing_enabled":true,"_links":{"self":[{"href":"https:\/\/www.inspirealtea.com\/it\/wp-json\/wp\/v2\/pages\/17","targetHints":{"allow":["GET"]}}],"collection":[{"href":"https:\/\/www.inspirealtea.com\/it\/wp-json\/wp\/v2\/pages"}],"about":[{"href":"https:\/\/www.inspirealtea.com\/it\/wp-json\/wp\/v2\/types\/page"}],"author":[{"embeddable":true,"href":"https:\/\/www.inspirealtea.com\/it\/wp-json\/wp\/v2\/users\/1"}],"replies":[{"embeddable":true,"href":"https:\/\/www.inspirealtea.com\/it\/wp-json\/wp\/v2\/comments?post=17"}],"version-history":[{"count":20,"href":"https:\/\/www.inspirealtea.com\/it\/wp-json\/wp\/v2\/pages\/17\/revisions"}],"predecessor-version":[{"id":1174,"href":"https:\/\/www.inspirealtea.com\/it\/wp-json\/wp\/v2\/pages\/17\/revisions\/1174"}],"wp:featuredmedia":[{"embeddable":true,"href":"https:\/\/www.inspirealtea.com\/it\/wp-json\/wp\/v2\/media\/1162"}],"wp:attachment":[{"href":"https:\/\/www.inspirealtea.com\/it\/wp-json\/wp\/v2\/media?parent=17"}],"curies":[{"name":"wp","href":"https:\/\/api.w.org\/{rel}","templated":true}]}}