{"id":10,"date":"2025-11-05T11:07:37","date_gmt":"2025-11-05T10:07:37","guid":{"rendered":"https:\/\/exa.upa.mybluehost.me\/?page_id=10"},"modified":"2025-11-06T19:28:10","modified_gmt":"2025-11-06T18:28:10","slug":"condizioni-di-vendita","status":"publish","type":"page","link":"https:\/\/www.inspirealtea.com\/it\/terms-conditions-sale\/","title":{"rendered":"Condizioni generali di vendita"},"content":{"rendered":"<p class=\"\">Benvenuti a Inspire Altea. I presenti termini e condizioni generali si applicano a tutti i servizi, le attivit\u00e0, i ritiri e i corsi organizzati da <strong>Ispirare Altea<\/strong>, se non diversamente specificato per iscritto.<\/p>\n\n\n\n<h2 class=\"wp-block-heading\"><strong>1. Le condizioni<\/strong><\/h2>\n\n\n\n<h3 class=\"wp-block-heading\"><strong>1.1 - Supervisione delle attivit\u00e0 e dei corsi<\/strong><\/h3>\n\n\n\n<p class=\"\">Tutte le attivit\u00e0 e i corsi in montagna sono guidati da <strong>Guide di montagna certificate UIMLA<\/strong> o professionisti che ricoprono incarichi ufficiali <strong>Diplomi tecnici sportivi<\/strong> riconosciuto dal Ministero dell'Istruzione e della Scienza spagnolo.<br>Queste guide sono qualificate per l'educazione all'aperto, la conduzione di gruppi e la sicurezza in montagna.<\/p>\n\n\n\n<h3 class=\"wp-block-heading\"><strong>1.2 - Corsi di yoga e meditazione<\/strong><\/h3>\n\n\n\n<p class=\"\">Le sessioni di yoga e meditazione sono condotte da <strong>insegnanti di yoga professionisti certificati<\/strong>, qualificato negli insegnamenti tradizionali e nella filosofia dello Yoga.<\/p>\n\n\n\n<h3 class=\"wp-block-heading\"><strong>1.3 - Terapie di massaggio<\/strong><\/h3>\n\n\n\n<p class=\"\">I servizi di massaggio sono forniti da <strong>massaggiatori certificati<\/strong>, addestrati alle tecniche terapeutiche e all'applicazione di oli naturali ed estratti di piante medicinali.<br>I trattamenti sono adattati alle condizioni di salute personali di ogni cliente.<\/p>\n\n\n\n<hr class=\"wp-block-separator has-alpha-channel-opacity\"\/>\n\n\n\n<h2 class=\"wp-block-heading\"><strong>2. Condizioni di attivit\u00e0<\/strong><\/h2>\n\n\n\n<h3 class=\"wp-block-heading\"><strong>2.1 - Cancellazioni per motivi meteorologici o tecnici<\/strong><\/h3>\n\n\n\n<p class=\"\">Le attivit\u00e0 possono essere sospese per motivi meteorologici o tecnici prima o durante l'attivit\u00e0.<br>Se l'attivit\u00e0 \u00e8 gi\u00e0 iniziata, non verr\u00e0 effettuato alcun rimborso.<\/p>\n\n\n\n<h3 class=\"wp-block-heading\"><strong>2.2 - Requisiti dei partecipanti<\/strong><\/h3>\n\n\n\n<p class=\"\">Se un partecipante non soddisfa i requisiti richiesti <strong>livello tecnico o fisico<\/strong>, La guida pu\u00f2 modificare l'itinerario o il piano di attivit\u00e0 per adattarlo alle capacit\u00e0 del partecipante.<br>La guida pu\u00f2 anche modificare l'itinerario a causa delle condizioni meteorologiche per garantire la sicurezza.<\/p>\n\n\n\n<p class=\"\">Il <strong>rapporto guida-cliente<\/strong> dar\u00e0 sempre la priorit\u00e0 alla sicurezza e rispetter\u00e0 le dimensioni minime del gruppo concordate per ogni attivit\u00e0.<\/p>\n\n\n\n<hr class=\"wp-block-separator has-alpha-channel-opacity\"\/>\n\n\n\n<h2 class=\"wp-block-heading\"><strong>3. Dichiarazioni del cliente<\/strong><\/h2>\n\n\n\n<p class=\"\">Iscrivendosi a qualsiasi attivit\u00e0 di Inspire Altea, il cliente dichiara quanto segue sotto la sua esclusiva responsabilit\u00e0:<\/p>\n\n\n\n<p class=\"\">a) Sono stati informati della natura dell'attivit\u00e0, dei suoi rischi e del comportamento da tenere.<br>b) Il cliente \u00e8 consapevole che l'attivit\u00e0 sar\u00e0 sempre condotta da una guida qualificata e accetta di seguire tutte le istruzioni fornite. Qualsiasi azione contraria alle indicazioni della guida \u00e8 sotto la responsabilit\u00e0 del cliente.<br>c) Riconoscono il <strong>divieto di abbandonare rifiuti<\/strong> (organici o inorganici) durante l'attivit\u00e0 e accettare eventuali sanzioni amministrative in caso di non conformit\u00e0.<br>d) Dichiarano di avere <strong>nessuna condizione cardiovascolare<\/strong>, <strong>non sono incinte<\/strong>, e <strong>non subire alcun danno<\/strong> che potrebbero mettere in pericolo la loro salute durante l'attivit\u00e0.<br>e) Confermano di essere di <strong>et\u00e0 legale<\/strong> (o avere l'autorizzazione dei genitori\/tutor) per partecipare.<br>f) Accettano di <strong>astenersi da alcol, droghe o qualsiasi altra sostanza<\/strong> che possono compromettere le facolt\u00e0 fisiche o mentali prima o durante l'attivit\u00e0.<br>h) Hanno ricevuto e accettato una copia del presente contratto.<\/p>\n\n\n\n<hr class=\"wp-block-separator has-alpha-channel-opacity\"\/>\n\n\n\n<h2 class=\"wp-block-heading\"><strong>4. Trasporto<\/strong><\/h2>\n\n\n\n<p class=\"\">I clienti sono responsabili del proprio trasporto da e per il punto di incontro dell'attivit\u00e0, se non diversamente concordato.<br>Il contratto e la responsabilit\u00e0 di Inspire Altea coprono solo il lavoro diretto delle guide e l'organizzazione dell'attivit\u00e0.<\/p>\n\n\n\n<hr class=\"wp-block-separator has-alpha-channel-opacity\"\/>\n\n\n\n<h2 class=\"wp-block-heading\"><strong>5. Responsabilit\u00e0 dell'apparecchiatura<\/strong><\/h2>\n\n\n\n<p class=\"\">Qualsiasi <strong>perdita, negligenza o uso improprio<\/strong> dei materiali forniti dalla guida (al di l\u00e0 della normale usura o di cause di forza maggiore) \u00e8 responsabilit\u00e0 del cliente e deve essere compensato di conseguenza.<\/p>\n\n\n\n<hr class=\"wp-block-separator has-alpha-channel-opacity\"\/>\n\n\n\n<h2 class=\"wp-block-heading\"><strong>6. Ritiro volontario<\/strong><\/h2>\n\n\n\n<p class=\"\">Se un cliente sceglie di ritirarsi volontariamente da un'attivit\u00e0, deve firmare e restituire un modulo di richiesta di rimborso. <strong>documento di recesso volontario<\/strong> alla guida.<br>L'abbandono immediato dell'attivit\u00e0 potrebbe non essere possibile a causa di limitazioni meteorologiche o di trasporto.<br>Eventuali costi aggiuntivi derivanti dal ritiro volontario (trasporto, alloggio, ecc.) sono a carico di <strong>responsabilit\u00e0 del cliente<\/strong>, tranne nei casi coperti dall'assicurazione personale del cliente (cfr. sezione 7 - Assicurazione).<\/p>\n\n\n\n<hr class=\"wp-block-separator has-alpha-channel-opacity\"\/>\n\n\n\n<h2 class=\"wp-block-heading\"><strong>7. Assicurazione<\/strong><\/h2>\n\n\n\n<h3 class=\"wp-block-heading\"><strong>7.1 - Assicurazione contro gli infortuni<\/strong><\/h3>\n\n\n\n<p class=\"\">Poich\u00e9 le attivit\u00e0 fisiche all'aperto sono regolamentate in ambienti naturali, ogni partecipante deve essere coperto da <strong>assicurazione infortuni<\/strong>.<\/p>\n\n\n\n<ul class=\"wp-block-list\">\n<li class=\"\">Per <strong>Attivit\u00e0 europee<\/strong>, L'assicurazione contro gli infortuni \u00e8 <strong>incluso nel prezzo<\/strong>.<\/li>\n\n\n\n<li class=\"\">Per <strong>attivit\u00e0 fuori dall'Europa<\/strong>, il cliente deve essere in possesso di un valido <strong>assicurazione personale<\/strong> che coprono la destinazione e il tipo di attivit\u00e0.<\/li>\n<\/ul>\n\n\n\n<hr class=\"wp-block-separator has-alpha-channel-opacity\"\/>\n\n\n\n<h2 class=\"wp-block-heading\"><strong>8. Prezzi<\/strong><\/h2>\n\n\n\n<p class=\"\">Tutti i prezzi sono espressi in <strong>euro (\u20ac)<\/strong> e <strong>per persona<\/strong>, e comprendono i servizi diretti della guida certificata (IVA esclusa).<br>Se non diversamente specificato, <strong>servizi esterni<\/strong> (hotel, pasti, trasporti, ecc.) non sono inclusi e sono a carico del cliente.<\/p>\n\n\n\n<h3 class=\"wp-block-heading\"><strong>8.1 - Servizi inclusi<\/strong><\/h3>\n\n\n\n<ul class=\"wp-block-list\">\n<li class=\"\">Leader di montagna certificato UIMLA<\/li>\n\n\n\n<li class=\"\">Equipaggiamento di gruppo<\/li>\n\n\n\n<li class=\"\">Consulenza professionale e gestione logistica<\/li>\n\n\n\n<li class=\"\">Assicurazione infortuni + responsabilit\u00e0 civile (Europa)<\/li>\n<\/ul>\n\n\n\n<h3 class=\"wp-block-heading\"><strong>8.2 - Non incluso<\/strong><\/h3>\n\n\n\n<ul class=\"wp-block-list\">\n<li class=\"\">Attrezzatura personale (scarponi, zaino, abbigliamento, ecc.)<\/li>\n\n\n\n<li class=\"\">Alloggio, vitto, trasporto e trasferimento dei bagagli<\/li>\n\n\n\n<li class=\"\">Qualsiasi variazione dei costi dovuta a eventi imprevisti (ad esempio, cambiamenti climatici).<\/li>\n<\/ul>\n\n\n\n<p class=\"\">Ogni scheda tecnica specificher\u00e0 l'equipaggiamento personale necessario per l'attivit\u00e0.<\/p>\n\n\n\n<hr class=\"wp-block-separator has-alpha-channel-opacity\"\/>\n\n\n\n<h2 class=\"wp-block-heading\"><strong>9. Risoluzione delle controversie - Mediazione per i consumatori<\/strong><\/h2>\n\n\n\n<p class=\"\">In caso di controversia, sia il cliente che Inspire Altea cercheranno di ottenere una <strong>risoluzione amichevole<\/strong>.<br>Il cliente pu\u00f2 presentare un reclamo scritto alla societ\u00e0 o al suo Servizio Clienti.<\/p>\n\n\n\n<p class=\"\">Se non si raggiunge un accordo entro <strong>un (1) mese<\/strong>, Il consumatore pu\u00f2 rivolgersi a un centro di assistenza certificato <strong>mediatore dei consumatori<\/strong> elencati dalla Commissione per la valutazione e il controllo della mediazione dei consumatori ai sensi dell'articolo L.615-1 del Codice del consumo francese:<\/p>\n\n\n\n<p class=\"\"><strong>Societ\u00e0 di mediazione professionale<\/strong><br>\ud83c\udf10 <a href=\"http:\/\/www.mediateur-consommation-smp.fr\">www.mediateur-consommation-smp.fr<\/a><br>\ud83d\udccd 2 Rue Marc Sangnier, 33130 B\u00e8gles, Francia<\/p>\n\n\n\n<hr class=\"wp-block-separator has-alpha-channel-opacity\"\/>\n\n\n\n<h2 class=\"wp-block-heading\"><strong>10. Accettazione dei termini<\/strong><\/h2>\n\n\n\n<p class=\"\">La partecipazione a qualsiasi attivit\u00e0 organizzata da Inspire Altea implica la piena accettazione di questi termini e condizioni.<br>Invitiamo tutti i clienti a leggere attentamente questo documento prima di confermare la prenotazione.<\/p>\n\n\n\n<h2 class=\"wp-block-heading\">Avete bisogno di aiuto?<\/h2>\n\n\n\n<p class=\"\">Contattateci all'indirizzo inspirealtea@gmail.com per domande relative a rimborsi e restituzioni.<\/p>","protected":false},"excerpt":{"rendered":"<p>Welcome to Inspire Altea. These general terms and conditions apply to all services, activities, retreats, and courses organized by Inspire Altea, unless otherwise specified in writing. 1. Conditions 1.1 \u2013 Activity and Course Supervision All mountain activities and courses are led by UIMLA-certified Mountain Leaders or professionals holding official Sports Technical Diplomas recognized by the [&hellip;]<\/p>\n","protected":false},"author":1,"featured_media":865,"parent":0,"menu_order":0,"comment_status":"closed","ping_status":"closed","template":"","meta":{"nf_dc_page":"","om_disable_all_campaigns":false,"_monsterinsights_skip_tracking":false,"_monsterinsights_sitenote_active":false,"_monsterinsights_sitenote_note":"","_monsterinsights_sitenote_category":0,"_uf_show_specific_survey":0,"_uf_disable_surveys":false,"jetpack_post_was_ever_published":false,"footnotes":""},"class_list":["post-10","page","type-page","status-publish","has-post-thumbnail","hentry"],"yoast_head":"<!-- This site is optimized with the Yoast SEO Premium plugin v27.3 (Yoast SEO v27.4) - https:\/\/yoast.com\/product\/yoast-seo-premium-wordpress\/ -->\n<title>General Terms &amp; Conditions of Sale | Inspire Altea<\/title>\n<meta name=\"description\" content=\"Read Inspire Altea\u2019s General Terms and Conditions of Sale. Learn about our activity rules, pricing, insurance, and your responsibilities as a participant.\" \/>\n<meta name=\"robots\" content=\"noindex, nofollow\" \/>\n<meta property=\"og:locale\" content=\"it_IT\" \/>\n<meta property=\"og:type\" content=\"article\" \/>\n<meta property=\"og:title\" content=\"General Terms and Conditions of Sale\" \/>\n<meta property=\"og:description\" content=\"Read Inspire Altea\u2019s General Terms and Conditions of Sale. Learn about our activity rules, pricing, insurance, and your responsibilities as a participant.\" \/>\n<meta property=\"og:url\" content=\"https:\/\/www.inspirealtea.com\/it\/condizioni-di-vendita\/\" \/>\n<meta property=\"og:site_name\" content=\"Yoga, Ayurveda and Hiking | Inspire Altea\" \/>\n<meta property=\"article:publisher\" content=\"https:\/\/www.facebook.com\/yogaayurveda.altea\" \/>\n<meta property=\"article:modified_time\" content=\"2025-11-06T18:28:10+00:00\" \/>\n<meta property=\"og:image\" content=\"https:\/\/www.inspirealtea.com\/wp-content\/uploads\/2025\/11\/pexels-photo-7841424.webp\" \/>\n\t<meta property=\"og:image:width\" content=\"1880\" \/>\n\t<meta property=\"og:image:height\" content=\"1253\" \/>\n\t<meta property=\"og:image:type\" content=\"image\/webp\" \/>\n<meta name=\"twitter:card\" content=\"summary_large_image\" \/>\n<meta name=\"twitter:label1\" content=\"Tempo di lettura stimato\" \/>\n\t<meta name=\"twitter:data1\" content=\"4 minuti\" \/>\n<!-- \/ Yoast SEO Premium plugin. -->","yoast_head_json":{"title":"Condizioni generali di vendita | Inspire Altea","description":"Leggete le Condizioni generali di vendita di Inspire Altea. Scopri le regole delle nostre attivit\u00e0, i prezzi, l'assicurazione e le tue responsabilit\u00e0 come partecipante.","robots":{"index":"noindex","follow":"nofollow"},"og_locale":"it_IT","og_type":"article","og_title":"General Terms and Conditions of Sale","og_description":"Read Inspire Altea\u2019s General Terms and Conditions of Sale. Learn about our activity rules, pricing, insurance, and your responsibilities as a participant.","og_url":"https:\/\/www.inspirealtea.com\/it\/condizioni-di-vendita\/","og_site_name":"Yoga, Ayurveda and Hiking | Inspire Altea","article_publisher":"https:\/\/www.facebook.com\/yogaayurveda.altea","article_modified_time":"2025-11-06T18:28:10+00:00","og_image":[{"width":1880,"height":1253,"url":"https:\/\/www.inspirealtea.com\/wp-content\/uploads\/2025\/11\/pexels-photo-7841424.webp","type":"image\/webp"}],"twitter_card":"summary_large_image","twitter_misc":{"Tempo di lettura stimato":"4 minuti"},"schema":{"@context":"https:\/\/schema.org","@graph":[{"@type":"WebPage","@id":"https:\/\/www.inspirealtea.com\/terms-conditions-sale\/","url":"https:\/\/www.inspirealtea.com\/terms-conditions-sale\/","name":"Condizioni generali di vendita | Inspire Altea","isPartOf":{"@id":"https:\/\/www.inspirealtea.com\/#website"},"primaryImageOfPage":{"@id":"https:\/\/www.inspirealtea.com\/terms-conditions-sale\/#primaryimage"},"image":{"@id":"https:\/\/www.inspirealtea.com\/terms-conditions-sale\/#primaryimage"},"thumbnailUrl":"https:\/\/i0.wp.com\/www.inspirealtea.com\/wp-content\/uploads\/2025\/11\/pexels-photo-7841424.webp?fit=1880%2C1253&ssl=1","datePublished":"2025-11-05T10:07:37+00:00","dateModified":"2025-11-06T18:28:10+00:00","description":"Leggete le Condizioni generali di vendita di Inspire Altea. Scopri le regole delle nostre attivit\u00e0, i prezzi, l'assicurazione e le tue responsabilit\u00e0 come partecipante.","breadcrumb":{"@id":"https:\/\/www.inspirealtea.com\/terms-conditions-sale\/#breadcrumb"},"inLanguage":"it-IT","potentialAction":[{"@type":"ReadAction","target":["https:\/\/www.inspirealtea.com\/terms-conditions-sale\/"]}]},{"@type":"ImageObject","inLanguage":"it-IT","@id":"https:\/\/www.inspirealtea.com\/terms-conditions-sale\/#primaryimage","url":"https:\/\/i0.wp.com\/www.inspirealtea.com\/wp-content\/uploads\/2025\/11\/pexels-photo-7841424.webp?fit=1880%2C1253&ssl=1","contentUrl":"https:\/\/i0.wp.com\/www.inspirealtea.com\/wp-content\/uploads\/2025\/11\/pexels-photo-7841424.webp?fit=1880%2C1253&ssl=1","width":1880,"height":1253,"caption":"Inspire Altea\u2019s commitment to privacy and responsible data management."},{"@type":"BreadcrumbList","@id":"https:\/\/www.inspirealtea.com\/terms-conditions-sale\/#breadcrumb","itemListElement":[{"@type":"ListItem","position":1,"name":"Home","item":"https:\/\/www.inspirealtea.com\/"},{"@type":"ListItem","position":2,"name":"General Terms and Conditions of Sale"}]},{"@type":"WebSite","@id":"https:\/\/www.inspirealtea.com\/#website","url":"https:\/\/www.inspirealtea.com\/","name":"Yoga, Ayurveda ed escursioni | Ispirare Altea","description":"Esplora te stesso attraverso Yoga, Ayurveda ed Escursionismo ad Altea, Alicante \u2014 un santuario per il benessere sul Mediterraneo.","publisher":{"@id":"https:\/\/www.inspirealtea.com\/#organization"},"alternateName":"Inspire Altea \u2013 Yoga, Ayurveda & Hiking","potentialAction":[{"@type":"SearchAction","target":{"@type":"EntryPoint","urlTemplate":"https:\/\/www.inspirealtea.com\/?s={search_term_string}"},"query-input":{"@type":"PropertyValueSpecification","valueRequired":true,"valueName":"search_term_string"}}],"inLanguage":"it-IT"},{"@type":"Organization","@id":"https:\/\/www.inspirealtea.com\/#organization","name":"Yoga, ayurveda ed escursionismo | Inspire Altea","alternateName":"IA Yoga Ayurveda Hike","url":"https:\/\/www.inspirealtea.com\/","logo":{"@type":"ImageObject","inLanguage":"it-IT","@id":"https:\/\/www.inspirealtea.com\/#\/schema\/logo\/image\/","url":"https:\/\/i0.wp.com\/www.inspirealtea.com\/wp-content\/uploads\/2025\/10\/Logo-Inspire-Altea.png?fit=1024%2C1024&ssl=1","contentUrl":"https:\/\/i0.wp.com\/www.inspirealtea.com\/wp-content\/uploads\/2025\/10\/Logo-Inspire-Altea.png?fit=1024%2C1024&ssl=1","width":1024,"height":1024,"caption":"Yoga, Ayurveda and Hiking | Inspire Altea"},"image":{"@id":"https:\/\/www.inspirealtea.com\/#\/schema\/logo\/image\/"},"sameAs":["https:\/\/www.facebook.com\/yogaayurveda.altea","https:\/\/www.instagram.com\/inspirealtea\/","https:\/\/www.linkedin.com\/in\/sergio-cisneros-galea","https:\/\/www.youtube.com\/@inspirealtea","https:\/\/gravatar.com\/sergiocisnerosgalea"],"description":"Discover holistic wellbeing experiences in Altea that connect body, mind, and nature. From yoga and Ayurveda to guided hiking and personalized retreats \u2014 all designed to help you restore balance, vitality, and inner peace.","email":"inspirealtea@gmail.com","telephone":"+33 6 07 42 58 97","legalName":"Sergio Cisneros Galea","foundingDate":"2019-11-11","numberOfEmployees":{"@type":"QuantitativeValue","minValue":"1","maxValue":"10"},"publishingPrinciples":"https:\/\/www.inspirealtea.com\/who-i-am\/"}]}},"jetpack_sharing_enabled":true,"_links":{"self":[{"href":"https:\/\/www.inspirealtea.com\/it\/wp-json\/wp\/v2\/pages\/10","targetHints":{"allow":["GET"]}}],"collection":[{"href":"https:\/\/www.inspirealtea.com\/it\/wp-json\/wp\/v2\/pages"}],"about":[{"href":"https:\/\/www.inspirealtea.com\/it\/wp-json\/wp\/v2\/types\/page"}],"author":[{"embeddable":true,"href":"https:\/\/www.inspirealtea.com\/it\/wp-json\/wp\/v2\/users\/1"}],"replies":[{"embeddable":true,"href":"https:\/\/www.inspirealtea.com\/it\/wp-json\/wp\/v2\/comments?post=10"}],"version-history":[{"count":1,"href":"https:\/\/www.inspirealtea.com\/it\/wp-json\/wp\/v2\/pages\/10\/revisions"}],"predecessor-version":[{"id":867,"href":"https:\/\/www.inspirealtea.com\/it\/wp-json\/wp\/v2\/pages\/10\/revisions\/867"}],"wp:featuredmedia":[{"embeddable":true,"href":"https:\/\/www.inspirealtea.com\/it\/wp-json\/wp\/v2\/media\/865"}],"wp:attachment":[{"href":"https:\/\/www.inspirealtea.com\/it\/wp-json\/wp\/v2\/media?parent=10"}],"curies":[{"name":"wp","href":"https:\/\/api.w.org\/{rel}","templated":true}]}}