{"id":734,"date":"2025-11-01T19:02:10","date_gmt":"2025-11-01T17:02:10","guid":{"rendered":"https:\/\/www.inspirealtea.com\/product\/seven-summits-challenge-alicante-edition\/"},"modified":"2026-03-25T13:28:19","modified_gmt":"2026-03-25T12:28:19","slug":"sept-sommets-defient-alicante","status":"publish","type":"product","link":"https:\/\/www.inspirealtea.com\/fr\/experiences\/seven-summits-challenge-alicante\/","title":{"rendered":"D\u00e9fi des sept sommets - \u00c9dition Alicante"},"content":{"rendered":"<h2 data-start=\"1880\" data-end=\"1943\">D\u00e9fi des sept sommets \u00e0 Alicante (randonn\u00e9e de plusieurs jours)<\/h2>\n<p data-start=\"1944\" data-end=\"2241\"><strong data-start=\"1944\" data-end=\"2023\">Pr\u00eat \u00e0 repousser vos limites et \u00e0 explorer l'essence sauvage de la Costa Blanca ?<\/strong><br data-start=\"2023\" data-end=\"2026\" \/>Les <strong data-start=\"2030\" data-end=\"2066\">D\u00e9fi des sept sommets Alicante<\/strong> est un voyage de randonn\u00e9e guid\u00e9e de plusieurs jours, con\u00e7u pour escalader <strong data-start=\"2122\" data-end=\"2169\">sept sommets embl\u00e9matiques de la province d'Alicante<\/strong>-Une aventure unique m\u00ealant endurance, nature et exploration r\u00e9fl\u00e9chie.<\/p>\n<p data-start=\"1944\" data-end=\"2241\">Le d\u00e9fi des sept sommets d'Alicante comprend les \u00e9l\u00e9ments suivants :<br data-start=\"865\" data-end=\"868\" \/><strong data-start=\"870\" data-end=\"978\">Aitana, Puig Campana, Sierra de Bernia, Cabe\u00e7\u00f3 d'Or, Maigm\u00f3, Serra dels Plans et Serra de la Serrella.<\/strong><\/p>\n<h2 data-start=\"2243\" data-end=\"2284\">Pourquoi cette exp\u00e9rience est-elle diff\u00e9rente ?<\/h2>\n<ul data-start=\"2285\" data-end=\"2621\">\n<li data-start=\"2285\" data-end=\"2375\">\n<p data-start=\"2287\" data-end=\"2375\"><strong data-start=\"2287\" data-end=\"2333\"><a href=\"https:\/\/www.inspirealtea.com\/fr\/qui-je-suis\/\">Orientation certifi\u00e9e<\/a> &amp; une approche ax\u00e9e sur la s\u00e9curit\u00e9<\/strong> (choix de l'itin\u00e9raire, rythme, connaissance du terrain)<\/p>\n<\/li>\n<li data-start=\"2376\" data-end=\"2456\">\n<p data-start=\"2378\" data-end=\"2456\"><strong data-start=\"2378\" data-end=\"2397\">Dur\u00e9e personnalis\u00e9e<\/strong> (choisissez un format de 2 \u00e0 7 jours en fonction de votre niveau et du temps dont vous disposez)<\/p>\n<\/li>\n<li data-start=\"2457\" data-end=\"2533\">\n<p data-start=\"2459\" data-end=\"2533\"><strong data-start=\"2459\" data-end=\"2479\">Randonn\u00e9e en pleine conscience<\/strong>respiration, prise de conscience et connexion avec le paysage<\/p>\n<\/li>\n<li data-start=\"2534\" data-end=\"2621\">\n<p data-start=\"2536\" data-end=\"2621\"><strong data-start=\"2536\" data-end=\"2555\">Connaissances locales<\/strong>La route de la soie : l\u00e9gendes, points de vue, sentiers cach\u00e9s, et les meilleurs itin\u00e9raires saisonniers<\/p>\n<\/li>\n<\/ul>\n<h2 data-start=\"2623\" data-end=\"2662\">Ce que vous ferez (exemples de pics)<\/h2>\n<p data-start=\"259\" data-end=\"435\">Au cours de ce voyage de plusieurs jours, vous escaladerez <strong data-start=\"303\" data-end=\"352\">les sept sommets embl\u00e9matiques de la province d'Alicante<\/strong>, Chacun d'entre eux offre un paysage, un d\u00e9fi et une perspective uniques de la Costa Blanca :<\/p>\n<ul data-start=\"437\" data-end=\"965\">\n<li data-start=\"437\" data-end=\"536\">\n<p data-start=\"439\" data-end=\"536\"><strong data-start=\"439\" data-end=\"468\">Sierra de Aitana (1557 m)<\/strong> - le plus haut sommet d'Alicante, connu sous le nom de \u201ctoit de la province\u201d.\u201d<\/p>\n<\/li>\n<li data-start=\"537\" data-end=\"618\">\n<p data-start=\"539\" data-end=\"618\"><strong data-start=\"539\" data-end=\"564\">Puig Campana (1408 m)<\/strong> - l'ascension la plus embl\u00e9matique et la plus exigeante physiquement<\/p>\n<\/li>\n<li data-start=\"619\" data-end=\"689\">\n<p data-start=\"621\" data-end=\"689\"><strong data-start=\"621\" data-end=\"650\">Sierra de Bernia (1126 m)<\/strong> - randonn\u00e9es panoramiques sur les cr\u00eates avec vue sur la mer<\/p>\n<\/li>\n<li data-start=\"690\" data-end=\"739\">\n<p data-start=\"692\" data-end=\"739\"><strong data-start=\"692\" data-end=\"711\">Maigm\u00f3 (1296 m)<\/strong> - le \u201cbalcon d'Alicante\u201d<\/p>\n<\/li>\n<li data-start=\"740\" data-end=\"824\">\n<p data-start=\"742\" data-end=\"824\"><strong data-start=\"742\" data-end=\"774\">Serra del Menejador (1356 m)<\/strong> - le point culminant du parc naturel de la Font Roja<\/p>\n<\/li>\n<li data-start=\"825\" data-end=\"893\">\n<p data-start=\"827\" data-end=\"893\"><strong data-start=\"827\" data-end=\"856\">Serra dels Plans (1330 m)<\/strong> - un terrain sauvage et des vues profondes sur l'int\u00e9rieur des terres<\/p>\n<\/li>\n<li data-start=\"894\" data-end=\"965\">\n<p data-start=\"896\" data-end=\"965\"><strong data-start=\"896\" data-end=\"919\">Montcabrer (1390 m)<\/strong> - un sommet sacr\u00e9 du parc naturel de Mariola<\/p>\n<\/li>\n<\/ul>\n<p data-start=\"967\" data-end=\"1092\">Chaque sommet r\u00e9v\u00e8le une facette diff\u00e9rente de l'identit\u00e9 naturelle d'Alicante, des falaises m\u00e9diterran\u00e9ennes aux montagnes bois\u00e9es de l'int\u00e9rieur.<\/p>\n<h2 data-start=\"2873\" data-end=\"2890\">Comprend<\/h2>\n<ul data-start=\"2891\" data-end=\"3106\">\n<li data-start=\"2891\" data-end=\"2954\">\n<p data-start=\"2893\" data-end=\"2954\">Itin\u00e9raire de randonn\u00e9e guid\u00e9e de plusieurs jours (<strong data-start=\"2928\" data-end=\"2953\">dur\u00e9e personnalisable<\/strong>)<\/p>\n<\/li>\n<li data-start=\"2955\" data-end=\"2988\">\n<p data-start=\"2957\" data-end=\"2988\">Planification des itin\u00e9raires et soutien \u00e0 la s\u00e9curit\u00e9<\/p>\n<\/li>\n<li data-start=\"2989\" data-end=\"3032\">\n<p data-start=\"2991\" data-end=\"3032\">Moments \u00e9ducatifs\/interpr\u00e9tation de la nature<\/p>\n<\/li>\n<li data-start=\"3033\" data-end=\"3106\">\n<p data-start=\"3035\" data-end=\"3106\">Pauses conscientes optionnelles (travail sur la respiration \/ mise \u00e0 la terre \/ m\u00e9ditation en mouvement)<\/p>\n<\/li>\n<\/ul>\n<h2 data-start=\"3108\" data-end=\"3129\">Non inclus<\/h2>\n<ul data-start=\"3130\" data-end=\"3231\">\n<li data-start=\"3130\" data-end=\"3156\">\n<p data-start=\"3132\" data-end=\"3156\">Nourriture, snacks et boissons<\/p>\n<\/li>\n<li data-start=\"3157\" data-end=\"3168\">\n<p data-start=\"3159\" data-end=\"3168\">Transport<\/p>\n<\/li>\n<li data-start=\"3169\" data-end=\"3181\">\n<p data-start=\"3171\" data-end=\"3181\">Conseils du guide<\/p>\n<\/li>\n<li data-start=\"3182\" data-end=\"3231\">\n<p data-start=\"3184\" data-end=\"3231\">H\u00e9bergement (optionnel si vous le proposez)<\/p>\n<\/li>\n<\/ul>\n<h2 data-start=\"3233\" data-end=\"3267\">Difficult\u00e9 et exigences<\/h2>\n<p data-start=\"3268\" data-end=\"3465\"><strong data-start=\"3268\" data-end=\"3322\">Id\u00e9al pour les randonneurs exp\u00e9riment\u00e9s et les groupes d'aventure.<\/strong><br data-start=\"3322\" data-end=\"3325\" \/>Une bonne condition physique est recommand\u00e9e. La difficult\u00e9 d\u00e9pend de l'itin\u00e9raire choisi et du nombre de jours - les itin\u00e9raires peuvent \u00eatre adapt\u00e9s \u00e0 votre niveau.<\/p>\n<h2 data-start=\"3467\" data-end=\"3501\">Point de rencontre et langues<\/h2>\n<p data-start=\"3502\" data-end=\"3643\"><strong data-start=\"3502\" data-end=\"3529\">Base logistique \u00e0 Altea<\/strong> (Costa Blanca) avec des liaisons dans la province d'Alicante.<br data-start=\"3582\" data-end=\"3585\" \/>Langues : <strong data-start=\"3596\" data-end=\"3642\">Anglais, espagnol, catalan, fran\u00e7ais, italien<\/strong>.<\/p>\n<h2 data-start=\"3645\" data-end=\"3673\">Exp\u00e9riences connexes<\/h2>\n<ul data-start=\"3674\" data-end=\"3855\">\n<li data-start=\"3674\" data-end=\"3722\">\n<p data-start=\"3676\" data-end=\"3722\"><a href=\"https:\/\/www.inspirealtea.com\/fr\/experiences\/randonnee-au-lever-du-soleil-alicante\/\"><strong data-start=\"3676\" data-end=\"3722\">Lever de soleil en montagne - Costa Blanca<\/strong><\/a><\/p>\n<\/li>\n<li data-start=\"3723\" data-end=\"3757\">\n<p data-start=\"3725\" data-end=\"3757\"><a href=\"https:\/\/www.inspirealtea.com\/fr\/experiences\/randonnee-yoga-tapas-altea\/\"><strong data-start=\"3725\" data-end=\"3757\">Randonn\u00e9e, yoga et tapas (Altea)<\/strong><\/a><\/p>\n<\/li>\n<li data-start=\"3758\" data-end=\"3855\">\n<p data-start=\"3760\" data-end=\"3855\">Lien vers votre <a href=\"https:\/\/www.inspirealtea.com\/fr\/randonnee-alicante\/\"><strong data-start=\"3773\" data-end=\"3792\">Randonn\u00e9es \u00e0 Altea<\/strong><\/a> page + <a href=\"https:\/\/www.inspirealtea.com\/fr\/randonnees-en-alicante-reveillez-votre-esprit\/\"><strong data-start=\"3800\" data-end=\"3822\">Randonn\u00e9es \u00e0 Alicante<\/strong><\/a> article (ya lo tienes : perfecto)<\/p>\n<\/li>\n<\/ul>\n<p data-start=\"3873\" data-end=\"4039\"><strong data-start=\"3873\" data-end=\"3933\">Vous souhaitez conna\u00eetre l'itin\u00e9raire complet et les recommandations pour les meilleures saisons ?<\/strong><br data-start=\"3933\" data-end=\"3936\" \/><a href=\"https:\/\/www.inspirealtea.com\/fr\/contact\/\">R\u00e9servez vos dates<\/a> et nous confirmerons l'itin\u00e9raire id\u00e9al en fonction des conditions m\u00e9t\u00e9orologiques, du niveau et de la dur\u00e9e souhait\u00e9e.<\/p>","protected":false},"excerpt":{"rendered":"<p data-start=\"1503\" data-end=\"1680\">Un d\u00e9fi transformationnel de plusieurs jours de randonn\u00e9e \u00e0 travers les sept sommets embl\u00e9matiques d'Alicante. Guid\u00e9e, s\u00fbre et personnalisable. Bas\u00e9e \u00e0 Altea pour faciliter la logistique et l'acc\u00e8s \u00e0 la Costa Blanca.<\/p>","protected":false},"featured_media":685,"comment_status":"open","ping_status":"closed","template":"","meta":{"nf_dc_page":"","om_disable_all_campaigns":false,"_monsterinsights_skip_tracking":false,"_monsterinsights_sitenote_active":false,"_monsterinsights_sitenote_note":"","_monsterinsights_sitenote_category":0,"_uf_show_specific_survey":0,"_uf_disable_surveys":false,"jetpack_post_was_ever_published":false,"jetpack_publicize_message":"","jetpack_publicize_feature_enabled":true,"jetpack_social_post_already_shared":false,"jetpack_social_options":{"image_generator_settings":{"template":"highway","default_image_id":0,"font":"","enabled":false},"version":2}},"product_brand":[35],"product_cat":[33,24],"product_tag":[367,371,370,364,374,363,373,132,368,366,365,372,369,362,155],"class_list":{"0":"post-734","1":"product","2":"type-product","3":"status-publish","4":"has-post-thumbnail","6":"product_brand-inspire-altea","7":"product_cat-hiking-nature-experiences","8":"product_cat-wellbeing-experiences","9":"product_tag-adventure-holiday-spain","10":"product_tag-conscious-hiking","11":"product_tag-costa-blanca-mountains","12":"product_tag-guided-hiking-alicante","13":"product_tag-guided-mountain-experience","14":"product_tag-hiking-challenge-alicante","15":"product_tag-hiking-experience-spain","16":"product_tag-hiking-in-altea","17":"product_tag-hiking-retreat-alicante","18":"product_tag-mountain-experience-alicante","19":"product_tag-multi-day-hiking-spain","20":"product_tag-nature-challenge-spain","21":"product_tag-outdoor-experience-alicante","22":"product_tag-seven-summits-alicante","23":"product_tag-trekking-costa-blanca","25":"first","26":"instock","27":"virtual","28":"purchasable","29":"product-type-simple"},"yoast_head":"<!-- This site is optimized with the Yoast SEO Premium plugin v27.3 (Yoast SEO v27.4) - https:\/\/yoast.com\/product\/yoast-seo-premium-wordpress\/ -->\n<title>Seven Summits Challenge Alicante | Multi-Day Guided Hiking<\/title>\n<meta name=\"description\" content=\"Conquer Alicante\u2019s Seven Summits with a certified guide. A multi-day hiking challenge with flexible pacing, safety support, and stunning views. \u2014 Altea.\" \/>\n<meta name=\"robots\" content=\"index, follow, max-snippet:-1, max-image-preview:large, max-video-preview:-1\" \/>\n<link rel=\"canonical\" href=\"https:\/\/www.inspirealtea.com\/fr\/experiences\/sept-sommets-defient-alicante\/\" \/>\n<meta property=\"og:locale\" content=\"fr_FR\" \/>\n<meta property=\"og:type\" content=\"article\" \/>\n<meta property=\"og:title\" content=\"Seven Summits Challenge \u2013 Alicante Edition\" \/>\n<meta property=\"og:description\" content=\"Conquer Alicante\u2019s Seven Summits with a certified guide. A multi-day hiking challenge with flexible pacing, safety support, and stunning views. \u2014 Altea.\" \/>\n<meta property=\"og:url\" content=\"https:\/\/www.inspirealtea.com\/fr\/experiences\/sept-sommets-defient-alicante\/\" \/>\n<meta property=\"og:site_name\" content=\"Yoga, Ayurveda and Hiking | Inspire Altea\" \/>\n<meta property=\"article:publisher\" content=\"https:\/\/www.facebook.com\/yogaayurveda.altea\" \/>\n<meta property=\"article:modified_time\" content=\"2026-03-25T12:28:19+00:00\" \/>\n<meta property=\"og:image\" content=\"https:\/\/www.inspirealtea.com\/wp-content\/uploads\/2025\/11\/trekkalicante5.webp\" \/>\n\t<meta property=\"og:image:width\" content=\"900\" \/>\n\t<meta property=\"og:image:height\" content=\"600\" \/>\n\t<meta property=\"og:image:type\" content=\"image\/webp\" \/>\n<meta name=\"twitter:card\" content=\"summary_large_image\" \/>\n<meta name=\"twitter:label1\" content=\"Dur\u00e9e de lecture estim\u00e9e\" \/>\n\t<meta name=\"twitter:data1\" content=\"2 minutes\" \/>\n<!-- \/ Yoast SEO Premium plugin. -->","yoast_head_json":{"title":"Seven Summits Challenge Alicante | Randonn\u00e9e guid\u00e9e de plusieurs jours","description":"Partez \u00e0 la conqu\u00eate des sept sommets d'Alicante avec un guide certifi\u00e9. Un d\u00e9fi de randonn\u00e9e de plusieurs jours avec un rythme flexible, un soutien en mati\u00e8re de s\u00e9curit\u00e9 et des vues \u00e9poustouflantes. - Altea.","robots":{"index":"index","follow":"follow","max-snippet":"max-snippet:-1","max-image-preview":"max-image-preview:large","max-video-preview":"max-video-preview:-1"},"canonical":"https:\/\/www.inspirealtea.com\/fr\/experiences\/sept-sommets-defient-alicante\/","og_locale":"fr_FR","og_type":"article","og_title":"Seven Summits Challenge \u2013 Alicante Edition","og_description":"Conquer Alicante\u2019s Seven Summits with a certified guide. A multi-day hiking challenge with flexible pacing, safety support, and stunning views. \u2014 Altea.","og_url":"https:\/\/www.inspirealtea.com\/fr\/experiences\/sept-sommets-defient-alicante\/","og_site_name":"Yoga, Ayurveda and Hiking | Inspire Altea","article_publisher":"https:\/\/www.facebook.com\/yogaayurveda.altea","article_modified_time":"2026-03-25T12:28:19+00:00","og_image":[{"width":900,"height":600,"url":"https:\/\/www.inspirealtea.com\/wp-content\/uploads\/2025\/11\/trekkalicante5.webp","type":"image\/webp"}],"twitter_card":"summary_large_image","twitter_misc":{"Dur\u00e9e de lecture estim\u00e9e":"2 minutes"},"schema":{"@context":"https:\/\/schema.org","@graph":[{"@type":"WebPage","@id":"https:\/\/www.inspirealtea.com\/experiences\/seven-summits-challenge-alicante\/","url":"https:\/\/www.inspirealtea.com\/experiences\/seven-summits-challenge-alicante\/","name":"Seven Summits Challenge Alicante | Randonn\u00e9e guid\u00e9e de plusieurs jours","isPartOf":{"@id":"https:\/\/www.inspirealtea.com\/#website"},"primaryImageOfPage":{"@id":"https:\/\/www.inspirealtea.com\/experiences\/seven-summits-challenge-alicante\/#primaryimage"},"image":{"@id":"https:\/\/www.inspirealtea.com\/experiences\/seven-summits-challenge-alicante\/#primaryimage"},"thumbnailUrl":"https:\/\/i0.wp.com\/www.inspirealtea.com\/wp-content\/uploads\/2025\/11\/trekkalicante5.webp?fit=900%2C600&ssl=1","datePublished":"2025-11-01T17:02:10+00:00","dateModified":"2026-03-25T12:28:19+00:00","description":"Partez \u00e0 la conqu\u00eate des sept sommets d'Alicante avec un guide certifi\u00e9. Un d\u00e9fi de randonn\u00e9e de plusieurs jours avec un rythme flexible, un soutien en mati\u00e8re de s\u00e9curit\u00e9 et des vues \u00e9poustouflantes. - Altea.","breadcrumb":{"@id":"https:\/\/www.inspirealtea.com\/experiences\/seven-summits-challenge-alicante\/#breadcrumb"},"inLanguage":"fr-FR","potentialAction":[{"@type":"ReadAction","target":["https:\/\/www.inspirealtea.com\/experiences\/seven-summits-challenge-alicante\/"]}]},{"@type":"ImageObject","inLanguage":"fr-FR","@id":"https:\/\/www.inspirealtea.com\/experiences\/seven-summits-challenge-alicante\/#primaryimage","url":"https:\/\/i0.wp.com\/www.inspirealtea.com\/wp-content\/uploads\/2025\/11\/trekkalicante5.webp?fit=900%2C600&ssl=1","contentUrl":"https:\/\/i0.wp.com\/www.inspirealtea.com\/wp-content\/uploads\/2025\/11\/trekkalicante5.webp?fit=900%2C600&ssl=1","width":900,"height":600,"caption":"Discover where the Alicante mountains meet the Mediterranean on our Seven Summits Challenge."},{"@type":"BreadcrumbList","@id":"https:\/\/www.inspirealtea.com\/experiences\/seven-summits-challenge-alicante\/#breadcrumb","itemListElement":[{"@type":"ListItem","position":1,"name":"Home","item":"https:\/\/www.inspirealtea.com\/"},{"@type":"ListItem","position":2,"name":"Experiences","item":"https:\/\/www.inspirealtea.com\/experiences\/"},{"@type":"ListItem","position":3,"name":"Wellbeing experiences","item":"https:\/\/www.inspirealtea.com\/product-category\/wellbeing-experiences\/"},{"@type":"ListItem","position":4,"name":"Hiking &amp; Nature Experiences","item":"https:\/\/www.inspirealtea.com\/product-category\/wellbeing-experiences\/hiking-nature-experiences\/"},{"@type":"ListItem","position":5,"name":"Seven Summits Challenge \u2013 Alicante Edition"}]},{"@type":"WebSite","@id":"https:\/\/www.inspirealtea.com\/#website","url":"https:\/\/www.inspirealtea.com\/","name":"Yoga, Ayurveda et randonn\u00e9e | Inspire Altea","description":"Explorez-vous \u00e0 travers le Yoga, l'Ayurveda et la Randonn\u00e9e \u00e0 Altea, Alicante \u2014 un sanctuaire de bien-\u00eatre en bord de M\u00e9diterran\u00e9e.","publisher":{"@id":"https:\/\/www.inspirealtea.com\/#organization"},"alternateName":"Inspire Altea \u2013 Yoga, Ayurveda & Hiking","potentialAction":[{"@type":"SearchAction","target":{"@type":"EntryPoint","urlTemplate":"https:\/\/www.inspirealtea.com\/?s={search_term_string}"},"query-input":{"@type":"PropertyValueSpecification","valueRequired":true,"valueName":"search_term_string"}}],"inLanguage":"fr-FR"},{"@type":"Organization","@id":"https:\/\/www.inspirealtea.com\/#organization","name":"Yoga, Ayurveda et randonn\u00e9e | Inspire Altea","alternateName":"IA Yoga Ayurveda Hike","url":"https:\/\/www.inspirealtea.com\/","logo":{"@type":"ImageObject","inLanguage":"fr-FR","@id":"https:\/\/www.inspirealtea.com\/#\/schema\/logo\/image\/","url":"https:\/\/i0.wp.com\/www.inspirealtea.com\/wp-content\/uploads\/2025\/10\/Logo-Inspire-Altea.png?fit=1024%2C1024&ssl=1","contentUrl":"https:\/\/i0.wp.com\/www.inspirealtea.com\/wp-content\/uploads\/2025\/10\/Logo-Inspire-Altea.png?fit=1024%2C1024&ssl=1","width":1024,"height":1024,"caption":"Yoga, Ayurveda and Hiking | Inspire Altea"},"image":{"@id":"https:\/\/www.inspirealtea.com\/#\/schema\/logo\/image\/"},"sameAs":["https:\/\/www.facebook.com\/yogaayurveda.altea","https:\/\/www.instagram.com\/inspirealtea\/","https:\/\/www.linkedin.com\/in\/sergio-cisneros-galea","https:\/\/www.youtube.com\/@inspirealtea","https:\/\/gravatar.com\/sergiocisnerosgalea"],"description":"Discover holistic wellbeing experiences in Altea that connect body, mind, and nature. From yoga and Ayurveda to guided hiking and personalized retreats \u2014 all designed to help you restore balance, vitality, and inner peace.","email":"inspirealtea@gmail.com","telephone":"+33 6 07 42 58 97","legalName":"Sergio Cisneros Galea","foundingDate":"2019-11-11","numberOfEmployees":{"@type":"QuantitativeValue","minValue":"1","maxValue":"10"},"publishingPrinciples":"https:\/\/www.inspirealtea.com\/who-i-am\/"}]}},"jetpack_publicize_connections":[],"jetpack_sharing_enabled":true,"_links":{"self":[{"href":"https:\/\/www.inspirealtea.com\/fr\/wp-json\/wp\/v2\/product\/734","targetHints":{"allow":["GET"]}}],"collection":[{"href":"https:\/\/www.inspirealtea.com\/fr\/wp-json\/wp\/v2\/product"}],"about":[{"href":"https:\/\/www.inspirealtea.com\/fr\/wp-json\/wp\/v2\/types\/product"}],"replies":[{"embeddable":true,"href":"https:\/\/www.inspirealtea.com\/fr\/wp-json\/wp\/v2\/comments?post=734"}],"wp:featuredmedia":[{"embeddable":true,"href":"https:\/\/www.inspirealtea.com\/fr\/wp-json\/wp\/v2\/media\/685"}],"wp:attachment":[{"href":"https:\/\/www.inspirealtea.com\/fr\/wp-json\/wp\/v2\/media?parent=734"}],"wp:term":[{"taxonomy":"product_brand","embeddable":true,"href":"https:\/\/www.inspirealtea.com\/fr\/wp-json\/wp\/v2\/product_brand?post=734"},{"taxonomy":"product_cat","embeddable":true,"href":"https:\/\/www.inspirealtea.com\/fr\/wp-json\/wp\/v2\/product_cat?post=734"},{"taxonomy":"product_tag","embeddable":true,"href":"https:\/\/www.inspirealtea.com\/fr\/wp-json\/wp\/v2\/product_tag?post=734"}],"curies":[{"name":"wp","href":"https:\/\/api.w.org\/{rel}","templated":true}]}}