{"id":730,"date":"2025-11-01T18:46:34","date_gmt":"2025-11-01T16:46:34","guid":{"rendered":"https:\/\/www.inspirealtea.com\/product\/sunrise-mountain-experience-costa-blanca\/"},"modified":"2026-03-25T13:29:40","modified_gmt":"2026-03-25T12:29:40","slug":"randonnee-au-lever-du-soleil-alicante","status":"publish","type":"product","link":"https:\/\/www.inspirealtea.com\/fr\/experiences\/sunrise-hike-alicante\/","title":{"rendered":"Lever de soleil en montagne - Costa Blanca"},"content":{"rendered":"<h2 data-start=\"190\" data-end=\"249\">\ud83c\udf05 Randonn\u00e9e au lever du soleil \u00e0 Alicante - Une exp\u00e9rience de montagne en pleine conscience<\/h2>\n<p data-start=\"251\" data-end=\"430\">Commencez votre journ\u00e9e par une randonn\u00e9e au lever du soleil \u00e0 Alicante - une exp\u00e9rience guid\u00e9e en montagne pr\u00e8s d'Altea qui combine des sentiers pittoresques, des pauses de r\u00e9flexion et des vues \u00e0 couper le souffle sur la Costa Blanca.<\/p>\n<p data-start=\"432\" data-end=\"635\">Avant l'aube, vous rencontrerez votre guide de montagne certifi\u00e9 et commencerez une ascension paisible \u00e0 travers des sentiers parfum\u00e9s de pins et des cr\u00eates rocheuses. Au fur et \u00e0 mesure que les premi\u00e8res lueurs du jour apparaissent, le paysage s'\u00e9veille lentement autour de vous.<\/p>\n<p data-start=\"637\" data-end=\"828\">Atteindre le sommet au lever du soleil est un moment de connexion tranquille, o\u00f9 le littoral m\u00e9diterran\u00e9en, les silhouettes des montagnes et l'horizon dor\u00e9 se rejoignent dans une exp\u00e9rience vraiment inoubliable.<\/p>\n<hr data-start=\"830\" data-end=\"833\" \/>\n<h2 data-start=\"835\" data-end=\"876\">Pourquoi choisir une randonn\u00e9e au lever du soleil \u00e0 Alicante ?<\/h2>\n<p data-start=\"878\" data-end=\"958\">Une randonn\u00e9e au lever du soleil est un moyen unique de se rapprocher de la nature avant le d\u00e9but de la journ\u00e9e.<\/p>\n<p data-start=\"960\" data-end=\"1082\">Alors que le ciel passe du bleu profond \u00e0 l'or chaud, vous atteindrez un point de vue panoramique o\u00f9 la Costa Blanca se d\u00e9ploie sous vos yeux.<\/p>\n<p data-start=\"1084\" data-end=\"1143\">Contrairement aux randonn\u00e9es de jour, l'atmosph\u00e8re du petit matin cr\u00e9e :<\/p>\n<ul data-start=\"1145\" data-end=\"1220\">\n<li data-start=\"1145\" data-end=\"1165\">\n<p data-start=\"1147\" data-end=\"1165\">Silence et calme<\/p>\n<\/li>\n<li data-start=\"1166\" data-end=\"1189\">\n<p data-start=\"1168\" data-end=\"1189\">Temp\u00e9ratures plus fra\u00eeches<\/p>\n<\/li>\n<li data-start=\"1190\" data-end=\"1220\">\n<p data-start=\"1192\" data-end=\"1220\">Un sentiment de pr\u00e9sence plus profond<\/p>\n<\/li>\n<\/ul>\n<p data-start=\"1222\" data-end=\"1334\">Cette exp\u00e9rience allie l'aventure \u00e0 la pleine conscience, ce qui la rend id\u00e9ale pour ceux qui recherchent \u00e0 la fois le mouvement et le sens.<\/p>\n<hr data-start=\"1336\" data-end=\"1339\" \/>\n<h2 data-start=\"1341\" data-end=\"1377\">Une exp\u00e9rience guid\u00e9e au-del\u00e0 de la randonn\u00e9e<\/h2>\n<p data-start=\"1379\" data-end=\"1445\">Cette randonn\u00e9e au lever du soleil \u00e0 Alicante ne consiste pas seulement \u00e0 atteindre un sommet.<\/p>\n<p data-start=\"1447\" data-end=\"1541\">En chemin, vous serez invit\u00e9 \u00e0 faire une pause, \u00e0 respirer profond\u00e9ment et \u00e0 vous reconnecter au rythme de la nature.<\/p>\n<p data-start=\"1543\" data-end=\"1563\">Le voyage devient :<\/p>\n<ul data-start=\"1565\" data-end=\"1670\">\n<li data-start=\"1565\" data-end=\"1591\">\n<p data-start=\"1567\" data-end=\"1591\">Un moment de r\u00e9flexion<\/p>\n<\/li>\n<li data-start=\"1592\" data-end=\"1622\">\n<p data-start=\"1594\" data-end=\"1622\">Commencer la journ\u00e9e en pleine conscience<\/p>\n<\/li>\n<li data-start=\"1623\" data-end=\"1670\">\n<p data-start=\"1625\" data-end=\"1670\">Un lien puissant avec le paysage et soi-m\u00eame<\/p>\n<\/li>\n<\/ul>\n<p data-start=\"1672\" data-end=\"1756\">Les petits groupes garantissent une exp\u00e9rience personnelle et un soutien tout au long de l'ascension.<\/p>\n<hr data-start=\"1758\" data-end=\"1761\" \/>\n<h2 data-start=\"1763\" data-end=\"1809\">Qu'est-ce qui rend cette exp\u00e9rience du lever du soleil si particuli\u00e8re ?<\/h2>\n<p data-start=\"1811\" data-end=\"1907\">Contrairement \u00e0 une randonn\u00e9e classique, cette exp\u00e9rience guid\u00e9e du lever du soleil met l'accent sur la pr\u00e9sence et la connexion.<\/p>\n<p data-start=\"1909\" data-end=\"1938\">Le long de l'itin\u00e9raire, vous appr\u00e9cierez :<\/p>\n<ul data-start=\"1940\" data-end=\"2046\">\n<li data-start=\"1940\" data-end=\"1965\">\n<p data-start=\"1942\" data-end=\"1965\">Sentiers de montagne tranquilles<\/p>\n<\/li>\n<li data-start=\"1966\" data-end=\"1993\">\n<p data-start=\"1968\" data-end=\"1993\">Pauses respiratoires guid\u00e9es<\/p>\n<\/li>\n<li data-start=\"1994\" data-end=\"2018\">\n<p data-start=\"1996\" data-end=\"2018\">L'intimit\u00e9 des petits groupes<\/p>\n<\/li>\n<li data-start=\"2019\" data-end=\"2046\">\n<p data-start=\"2021\" data-end=\"2046\">Vues panoramiques au lever du soleil<\/p>\n<\/li>\n<\/ul>\n<p data-start=\"2048\" data-end=\"2120\">C'est une exp\u00e9rience con\u00e7ue non seulement pour l'aventure, mais aussi pour le calme int\u00e9rieur.<\/p>\n<hr data-start=\"2122\" data-end=\"2125\" \/>\n<h2 data-start=\"2127\" data-end=\"2154\">Petit-d\u00e9jeuner local facultatif<\/h2>\n<p data-start=\"2156\" data-end=\"2272\">Apr\u00e8s la descente, vous pouvez choisir de poursuivre la matin\u00e9e avec un petit-d\u00e9jeuner local d\u00e9tendu \u00e0 Altea (option).<\/p>\n<p data-start=\"2274\" data-end=\"2379\">Nous serons heureux de vous recommander des lieux authentiques o\u00f9 vous pourrez d\u00e9guster des saveurs m\u00e9diterran\u00e9ennes apr\u00e8s la randonn\u00e9e.<\/p>\n<p data-start=\"2381\" data-end=\"2432\">(Le petit-d\u00e9jeuner n'est pas inclus dans l'exp\u00e9rience de base).<\/p>\n<hr data-start=\"2434\" data-end=\"2437\" \/>\n<h2 data-start=\"2439\" data-end=\"2450\">Comprend<\/h2>\n<ul data-start=\"2452\" data-end=\"2581\">\n<li data-start=\"2452\" data-end=\"2496\">\n<p data-start=\"2454\" data-end=\"2496\">Randonn\u00e9e guid\u00e9e au lever du soleil en montagne (4-5 heures)<\/p>\n<\/li>\n<li data-start=\"2497\" data-end=\"2526\">\n<p data-start=\"2499\" data-end=\"2526\">Lever de soleil au sommet<\/p>\n<\/li>\n<li data-start=\"2527\" data-end=\"2556\">\n<p data-start=\"2529\" data-end=\"2556\">Moments de respiration en pleine conscience<\/p>\n<\/li>\n<li data-start=\"2557\" data-end=\"2581\">\n<p data-start=\"2559\" data-end=\"2581\">Orientation en petits groupes<\/p>\n<\/li>\n<\/ul>\n<hr data-start=\"2583\" data-end=\"2586\" \/>\n<h2 data-start=\"2588\" data-end=\"2602\">Parfait pour<\/h2>\n<ul data-start=\"2604\" data-end=\"2711\">\n<li data-start=\"2604\" data-end=\"2621\">\n<p data-start=\"2606\" data-end=\"2621\">Amoureux de la nature<\/p>\n<\/li>\n<li data-start=\"2622\" data-end=\"2638\">\n<p data-start=\"2624\" data-end=\"2638\">Les l\u00e8ve-t\u00f4t<\/p>\n<\/li>\n<li data-start=\"2639\" data-end=\"2661\">\n<p data-start=\"2641\" data-end=\"2661\">Voyageurs attentifs<\/p>\n<\/li>\n<li data-start=\"2662\" data-end=\"2689\">\n<p data-start=\"2664\" data-end=\"2689\">Passionn\u00e9s de photographie<\/p>\n<\/li>\n<li data-start=\"2690\" data-end=\"2711\">\n<p data-start=\"2692\" data-end=\"2711\">Les amateurs d'aventure<\/p>\n<\/li>\n<\/ul>\n<hr data-start=\"2713\" data-end=\"2716\" \/>\n<h2 data-start=\"2718\" data-end=\"2724\">FAQ<\/h2>\n<p data-start=\"2372\" data-end=\"2567\"><strong data-start=\"2372\" data-end=\"2420\">Cette randonn\u00e9e au lever du soleil est-elle adapt\u00e9e aux d\u00e9butants ?<\/strong><br data-start=\"2420\" data-end=\"2423\" \/>La randonn\u00e9e est mod\u00e9r\u00e9e et convient aux d\u00e9butants actifs. Si vous avez des doutes, contactez-nous et nous vous recommanderons la meilleure option pour votre niveau.<\/p>\n<p data-start=\"2569\" data-end=\"2730\"><strong data-start=\"2569\" data-end=\"2624\">Combien de temps dure l'exp\u00e9rience Sunrise Mountain ?<\/strong><br data-start=\"2624\" data-end=\"2627\" \/>La dur\u00e9e totale de l'exp\u00e9rience est d'environ <strong data-start=\"2661\" data-end=\"2674\">4-5 heures<\/strong>, y compris l'ascension, l'heure du point de vue du lever du soleil et la descente.<\/p>\n<p data-start=\"2732\" data-end=\"2912\"><strong data-start=\"2732\" data-end=\"2767\">O\u00f9 se d\u00e9roule la randonn\u00e9e ?<\/strong><br data-start=\"2767\" data-end=\"2770\" \/>La randonn\u00e9e se d\u00e9roule dans les montagnes pr\u00e8s de <strong data-start=\"2813\" data-end=\"2822\">Altea<\/strong> sur le <strong data-start=\"2830\" data-end=\"2857\">Costa Blanca (Alicante)<\/strong>. Les d\u00e9tails exacts du point de rencontre sont communiqu\u00e9s apr\u00e8s la r\u00e9servation.<\/p>\n<p data-start=\"2914\" data-end=\"3083\"><strong data-start=\"2914\" data-end=\"2938\">Que dois-je apporter ?<\/strong><br data-start=\"2938\" data-end=\"2941\" \/>Pr\u00e9voyez des chaussures de randonn\u00e9e, une veste l\u00e9g\u00e8re pour les temp\u00e9ratures matinales, de l'eau et un petit en-cas. Une lampe frontale peut \u00eatre utile selon la saison.<\/p>\n<p data-start=\"3085\" data-end=\"3250\"><strong data-start=\"3085\" data-end=\"3111\">Le petit-d\u00e9jeuner est-il inclus ?<\/strong><br data-start=\"3111\" data-end=\"3114\" \/>Le petit-d\u00e9jeuner n'est pas inclus. Apr\u00e8s la randonn\u00e9e, nous pouvons vous recommander des endroits \u00e0 Altea o\u00f9 vous pourrez prendre votre petit-d\u00e9jeuner en option.<\/p>\n<p data-start=\"3252\" data-end=\"3380\"><strong data-start=\"3252\" data-end=\"3290\">Puis-je r\u00e9server une randonn\u00e9e priv\u00e9e au lever du soleil ?<\/strong><br data-start=\"3290\" data-end=\"3293\" \/>Oui. Des r\u00e9servations priv\u00e9es sont disponibles sur demande pour les couples, les familles et les petits groupes.<\/p>\n<p data-start=\"3252\" data-end=\"3380\">\n<p data-start=\"2498\" data-end=\"2576\"><strong>\ud83d\udc49 <a class=\"decorated-link cursor-pointer\" href=\"https:\/\/www.inspirealtea.com\/fr\/contact\/\" target=\"_new\" rel=\"noopener\" data-start=\"2512\" data-end=\"2574\">R\u00e9servez votre randonn\u00e9e au lever du soleil<\/a><\/strong><\/p>\n<p data-start=\"2498\" data-end=\"2576\"><strong>\ud83d\udc49 <a class=\"decorated-link cursor-pointer\" href=\"https:\/\/www.inspirealtea.com\/fr\/experiences\/sept-sommets-defient-alicante\/\" target=\"_new\" rel=\"noopener\" data-start=\"2512\" data-end=\"2574\">Rejoignez-nous dans le Seven Summits Challenge - Alicante Edition<\/a><\/strong><\/p>\n<p data-start=\"2578\" data-end=\"2741\">En savoir plus <a href=\"https:\/\/www.inspirealtea.com\/fr\/\">exp\u00e9riences<\/a> sur notre <a class=\"decorated-link cursor-pointer\" href=\"https:\/\/www.inspirealtea.com\/fr\/randonnee-alicante\/\" target=\"_new\" rel=\"noopener\" data-start=\"2611\" data-end=\"2671\">Randonn\u00e9es \u00e0 Altea<\/a> et <a class=\"decorated-link cursor-pointer\" href=\"https:\/\/www.inspirealtea.com\/fr\/yoga-a-altea\/\" target=\"_new\" rel=\"noopener\" data-start=\"2676\" data-end=\"2732\">Yoga \u00e0 Altea<\/a> pages.<\/p>\n<p data-start=\"2578\" data-end=\"2741\">Lisez nos articles en rapport avec !<\/p>\n<ul>\n<li data-start=\"2578\" data-end=\"2741\"><a href=\"https:\/\/www.inspirealtea.com\/fr\/yoga-en-plein-air-mer-mediterranee\/\">Yoga au bord de la mer M\u00e9diterran\u00e9e<\/a><\/li>\n<li data-start=\"2578\" data-end=\"2741\"><a href=\"https:\/\/www.inspirealtea.com\/fr\/randonnees-en-alicante-reveillez-votre-esprit\/\">Randonn\u00e9es \u00e0 Alicante<\/a><\/li>\n<\/ul>","protected":false},"excerpt":{"rendered":"<p data-start=\"1013\" data-end=\"1188\">Faites l'exp\u00e9rience d'un lever de soleil magique depuis le sommet d'une montagne pr\u00e8s d'Altea. Cette randonn\u00e9e guid\u00e9e au lever du soleil allie aventure pittoresque, moments de r\u00e9flexion et vues panoramiques sur la Costa Blanca.<\/p>","protected":false},"featured_media":728,"comment_status":"open","ping_status":"closed","template":"","meta":{"nf_dc_page":"","om_disable_all_campaigns":false,"_monsterinsights_skip_tracking":false,"_monsterinsights_sitenote_active":false,"_monsterinsights_sitenote_note":"","_monsterinsights_sitenote_category":0,"_uf_show_specific_survey":0,"_uf_disable_surveys":false,"jetpack_post_was_ever_published":false,"jetpack_publicize_message":"","jetpack_publicize_feature_enabled":true,"jetpack_social_post_already_shared":false,"jetpack_social_options":{"image_generator_settings":{"template":"highway","default_image_id":0,"font":"","enabled":false},"version":2}},"product_brand":[35],"product_cat":[33,24],"product_tag":[376,378,377,380,136,379,381,382,143,375],"class_list":{"0":"post-730","1":"product","2":"type-product","3":"status-publish","4":"has-post-thumbnail","6":"product_brand-inspire-altea","7":"product_cat-hiking-nature-experiences","8":"product_cat-wellbeing-experiences","9":"product_tag-costa-blanca-sunrise","10":"product_tag-early-morning-hike","11":"product_tag-guided-hike-spain","12":"product_tag-hiking-altea","13":"product_tag-mindful-hiking","14":"product_tag-mountain-sunrise","15":"product_tag-nature-experience-spain","16":"product_tag-outdoor-adventure-costa-blanca","17":"product_tag-sunrise-hike","18":"product_tag-sunrise-hike-alicante","20":"first","21":"instock","22":"featured","23":"virtual","24":"purchasable","25":"product-type-simple"},"yoast_head":"<!-- This site is optimized with the Yoast SEO Premium plugin v27.3 (Yoast SEO v27.4) - https:\/\/yoast.com\/product\/yoast-seo-premium-wordpress\/ -->\n<title>Sunrise Hike Alicante | Guided Mountain Experience Costa Blanca<\/title>\n<meta name=\"description\" content=\"Watch the sunrise from a mountain summit near Altea. A guided sunrise hike in Alicante combining adventure, mindfulness, and breathtaking nature views.\" \/>\n<meta name=\"robots\" content=\"index, follow, max-snippet:-1, max-image-preview:large, max-video-preview:-1\" \/>\n<link rel=\"canonical\" href=\"https:\/\/www.inspirealtea.com\/fr\/experiences\/randonnee-au-lever-du-soleil-alicante\/\" \/>\n<meta property=\"og:locale\" content=\"fr_FR\" \/>\n<meta property=\"og:type\" content=\"article\" \/>\n<meta property=\"og:title\" content=\"Sunrise Mountain Experience \u2013 Costa Blanca\" \/>\n<meta property=\"og:description\" content=\"Watch the sunrise from a mountain summit near Altea. A guided sunrise hike in Alicante combining adventure, mindfulness, and breathtaking nature views.\" \/>\n<meta property=\"og:url\" content=\"https:\/\/www.inspirealtea.com\/fr\/experiences\/randonnee-au-lever-du-soleil-alicante\/\" \/>\n<meta property=\"og:site_name\" content=\"Yoga, Ayurveda and Hiking | Inspire Altea\" \/>\n<meta property=\"article:publisher\" content=\"https:\/\/www.facebook.com\/yogaayurveda.altea\" \/>\n<meta property=\"article:modified_time\" content=\"2026-03-25T12:29:40+00:00\" \/>\n<meta property=\"og:image\" content=\"https:\/\/www.inspirealtea.com\/wp-content\/uploads\/2025\/11\/IMG_5534-scaled.webp\" \/>\n\t<meta property=\"og:image:width\" content=\"2560\" \/>\n\t<meta property=\"og:image:height\" content=\"1920\" \/>\n\t<meta property=\"og:image:type\" content=\"image\/webp\" \/>\n<meta name=\"twitter:card\" content=\"summary_large_image\" \/>\n<meta name=\"twitter:label1\" content=\"Dur\u00e9e de lecture estim\u00e9e\" \/>\n\t<meta name=\"twitter:data1\" content=\"3 minutes\" \/>\n<!-- \/ Yoast SEO Premium plugin. -->","yoast_head_json":{"title":"Randonn\u00e9e au lever du soleil Alicante | Randonn\u00e9e guid\u00e9e en montagne Costa Blanca","description":"Observez le lever du soleil depuis le sommet d'une montagne pr\u00e8s d'Altea. Une randonn\u00e9e guid\u00e9e au lever du soleil \u00e0 Alicante combinant l'aventure, la pleine conscience et des vues de la nature \u00e0 couper le souffle.","robots":{"index":"index","follow":"follow","max-snippet":"max-snippet:-1","max-image-preview":"max-image-preview:large","max-video-preview":"max-video-preview:-1"},"canonical":"https:\/\/www.inspirealtea.com\/fr\/experiences\/randonnee-au-lever-du-soleil-alicante\/","og_locale":"fr_FR","og_type":"article","og_title":"Sunrise Mountain Experience \u2013 Costa Blanca","og_description":"Watch the sunrise from a mountain summit near Altea. A guided sunrise hike in Alicante combining adventure, mindfulness, and breathtaking nature views.","og_url":"https:\/\/www.inspirealtea.com\/fr\/experiences\/randonnee-au-lever-du-soleil-alicante\/","og_site_name":"Yoga, Ayurveda and Hiking | Inspire Altea","article_publisher":"https:\/\/www.facebook.com\/yogaayurveda.altea","article_modified_time":"2026-03-25T12:29:40+00:00","og_image":[{"width":2560,"height":1920,"url":"https:\/\/www.inspirealtea.com\/wp-content\/uploads\/2025\/11\/IMG_5534-scaled.webp","type":"image\/webp"}],"twitter_card":"summary_large_image","twitter_misc":{"Dur\u00e9e de lecture estim\u00e9e":"3 minutes"},"schema":{"@context":"https:\/\/schema.org","@graph":[{"@type":"WebPage","@id":"https:\/\/www.inspirealtea.com\/experiences\/sunrise-hike-alicante\/","url":"https:\/\/www.inspirealtea.com\/experiences\/sunrise-hike-alicante\/","name":"Randonn\u00e9e au lever du soleil Alicante | Randonn\u00e9e guid\u00e9e en montagne Costa Blanca","isPartOf":{"@id":"https:\/\/www.inspirealtea.com\/#website"},"primaryImageOfPage":{"@id":"https:\/\/www.inspirealtea.com\/experiences\/sunrise-hike-alicante\/#primaryimage"},"image":{"@id":"https:\/\/www.inspirealtea.com\/experiences\/sunrise-hike-alicante\/#primaryimage"},"thumbnailUrl":"https:\/\/i0.wp.com\/www.inspirealtea.com\/wp-content\/uploads\/2025\/11\/IMG_5534-scaled.webp?fit=2560%2C1920&ssl=1","datePublished":"2025-11-01T16:46:34+00:00","dateModified":"2026-03-25T12:29:40+00:00","description":"Observez le lever du soleil depuis le sommet d'une montagne pr\u00e8s d'Altea. Une randonn\u00e9e guid\u00e9e au lever du soleil \u00e0 Alicante combinant l'aventure, la pleine conscience et des vues de la nature \u00e0 couper le souffle.","breadcrumb":{"@id":"https:\/\/www.inspirealtea.com\/experiences\/sunrise-hike-alicante\/#breadcrumb"},"inLanguage":"fr-FR","potentialAction":[{"@type":"ReadAction","target":["https:\/\/www.inspirealtea.com\/experiences\/sunrise-hike-alicante\/"]}]},{"@type":"ImageObject","inLanguage":"fr-FR","@id":"https:\/\/www.inspirealtea.com\/experiences\/sunrise-hike-alicante\/#primaryimage","url":"https:\/\/i0.wp.com\/www.inspirealtea.com\/wp-content\/uploads\/2025\/11\/IMG_5534-scaled.webp?fit=2560%2C1920&ssl=1","contentUrl":"https:\/\/i0.wp.com\/www.inspirealtea.com\/wp-content\/uploads\/2025\/11\/IMG_5534-scaled.webp?fit=2560%2C1920&ssl=1","width":2560,"height":1920,"caption":"Enjoy the beauty of a Mediterranean sunrise during Inspire Altea\u2019s guided mountain experience in Alicante."},{"@type":"BreadcrumbList","@id":"https:\/\/www.inspirealtea.com\/experiences\/sunrise-hike-alicante\/#breadcrumb","itemListElement":[{"@type":"ListItem","position":1,"name":"Home","item":"https:\/\/www.inspirealtea.com\/"},{"@type":"ListItem","position":2,"name":"Experiences","item":"https:\/\/www.inspirealtea.com\/experiences\/"},{"@type":"ListItem","position":3,"name":"Wellbeing experiences","item":"https:\/\/www.inspirealtea.com\/product-category\/wellbeing-experiences\/"},{"@type":"ListItem","position":4,"name":"Hiking &amp; Nature Experiences","item":"https:\/\/www.inspirealtea.com\/product-category\/wellbeing-experiences\/hiking-nature-experiences\/"},{"@type":"ListItem","position":5,"name":"Sunrise Mountain Experience \u2013 Costa Blanca"}]},{"@type":"WebSite","@id":"https:\/\/www.inspirealtea.com\/#website","url":"https:\/\/www.inspirealtea.com\/","name":"Yoga, Ayurveda et randonn\u00e9e | Inspire Altea","description":"Explorez-vous \u00e0 travers le Yoga, l'Ayurveda et la Randonn\u00e9e \u00e0 Altea, Alicante \u2014 un sanctuaire de bien-\u00eatre en bord de M\u00e9diterran\u00e9e.","publisher":{"@id":"https:\/\/www.inspirealtea.com\/#organization"},"alternateName":"Inspire Altea \u2013 Yoga, Ayurveda & Hiking","potentialAction":[{"@type":"SearchAction","target":{"@type":"EntryPoint","urlTemplate":"https:\/\/www.inspirealtea.com\/?s={search_term_string}"},"query-input":{"@type":"PropertyValueSpecification","valueRequired":true,"valueName":"search_term_string"}}],"inLanguage":"fr-FR"},{"@type":"Organization","@id":"https:\/\/www.inspirealtea.com\/#organization","name":"Yoga, Ayurveda et randonn\u00e9e | Inspire Altea","alternateName":"IA Yoga Ayurveda Hike","url":"https:\/\/www.inspirealtea.com\/","logo":{"@type":"ImageObject","inLanguage":"fr-FR","@id":"https:\/\/www.inspirealtea.com\/#\/schema\/logo\/image\/","url":"https:\/\/i0.wp.com\/www.inspirealtea.com\/wp-content\/uploads\/2025\/10\/Logo-Inspire-Altea.png?fit=1024%2C1024&ssl=1","contentUrl":"https:\/\/i0.wp.com\/www.inspirealtea.com\/wp-content\/uploads\/2025\/10\/Logo-Inspire-Altea.png?fit=1024%2C1024&ssl=1","width":1024,"height":1024,"caption":"Yoga, Ayurveda and Hiking | Inspire Altea"},"image":{"@id":"https:\/\/www.inspirealtea.com\/#\/schema\/logo\/image\/"},"sameAs":["https:\/\/www.facebook.com\/yogaayurveda.altea","https:\/\/www.instagram.com\/inspirealtea\/","https:\/\/www.linkedin.com\/in\/sergio-cisneros-galea","https:\/\/www.youtube.com\/@inspirealtea","https:\/\/gravatar.com\/sergiocisnerosgalea"],"description":"Discover holistic wellbeing experiences in Altea that connect body, mind, and nature. From yoga and Ayurveda to guided hiking and personalized retreats \u2014 all designed to help you restore balance, vitality, and inner peace.","email":"inspirealtea@gmail.com","telephone":"+33 6 07 42 58 97","legalName":"Sergio Cisneros Galea","foundingDate":"2019-11-11","numberOfEmployees":{"@type":"QuantitativeValue","minValue":"1","maxValue":"10"},"publishingPrinciples":"https:\/\/www.inspirealtea.com\/who-i-am\/"}]}},"jetpack_publicize_connections":[],"jetpack_sharing_enabled":true,"_links":{"self":[{"href":"https:\/\/www.inspirealtea.com\/fr\/wp-json\/wp\/v2\/product\/730","targetHints":{"allow":["GET"]}}],"collection":[{"href":"https:\/\/www.inspirealtea.com\/fr\/wp-json\/wp\/v2\/product"}],"about":[{"href":"https:\/\/www.inspirealtea.com\/fr\/wp-json\/wp\/v2\/types\/product"}],"replies":[{"embeddable":true,"href":"https:\/\/www.inspirealtea.com\/fr\/wp-json\/wp\/v2\/comments?post=730"}],"wp:featuredmedia":[{"embeddable":true,"href":"https:\/\/www.inspirealtea.com\/fr\/wp-json\/wp\/v2\/media\/728"}],"wp:attachment":[{"href":"https:\/\/www.inspirealtea.com\/fr\/wp-json\/wp\/v2\/media?parent=730"}],"wp:term":[{"taxonomy":"product_brand","embeddable":true,"href":"https:\/\/www.inspirealtea.com\/fr\/wp-json\/wp\/v2\/product_brand?post=730"},{"taxonomy":"product_cat","embeddable":true,"href":"https:\/\/www.inspirealtea.com\/fr\/wp-json\/wp\/v2\/product_cat?post=730"},{"taxonomy":"product_tag","embeddable":true,"href":"https:\/\/www.inspirealtea.com\/fr\/wp-json\/wp\/v2\/product_tag?post=730"}],"curies":[{"name":"wp","href":"https:\/\/api.w.org\/{rel}","templated":true}]}}