{"id":726,"date":"2025-11-01T18:23:37","date_gmt":"2025-11-01T16:23:37","guid":{"rendered":"https:\/\/www.inspirealtea.com\/product\/hiking-yoga-tapas-experience\/"},"modified":"2026-04-23T13:55:37","modified_gmt":"2026-04-23T12:55:37","slug":"randonnee-yoga-tapas-altea","status":"publish","type":"product","link":"https:\/\/www.inspirealtea.com\/fr\/experiences\/hiking-yoga-tapas-altea\/","title":{"rendered":"Randonn\u00e9e, yoga et tapas Altea"},"content":{"rendered":"<h2 data-start=\"1612\" data-end=\"1657\">Randonn\u00e9e en pleine conscience Yoga Tapas Exp\u00e9rience \u00e0 Altea<\/h2>\n<p data-start=\"996\" data-end=\"1227\">\u00c0 la recherche d'une <em data-start=\"1017\" data-end=\"1042\">randonn\u00e9e yoga tapas Altea<\/em> exp\u00e9rience ? Cette aventure d'une demi-journ\u00e9e combine des sentiers de montagne pittoresques, du yoga dans la nature et une d\u00e9licieuse cuisine locale, le tout guid\u00e9 par un accompagnateur en montagne et un professeur de yoga certifi\u00e9s.<\/p>\n<p data-start=\"1229\" data-end=\"1600\">Commencez votre voyage en admirant les paysages paisibles de <strong data-start=\"1289\" data-end=\"1319\">Altea et la Costa Blanca<\/strong>, L'itin\u00e9raire se d\u00e9roule au c\u0153ur de la M\u00e9diterran\u00e9e, l\u00e0 o\u00f9 la mer et la montagne se rencontrent. L'itin\u00e9raire passe par des for\u00eats de pins, des chemins de pierre traditionnels et des points de vue \u00e9tonnants sur la M\u00e9diterran\u00e9e. En cours de route, vous ferez une pause pour un <strong data-start=\"1499\" data-end=\"1530\">s\u00e9ance guid\u00e9e de yoga en plein air<\/strong> - parfait pour relier le corps et la respiration au rythme de la nature.<\/p>\n<p data-start=\"1602\" data-end=\"1916\">Apr\u00e8s une randonn\u00e9e pleine d'esprit, vous serez r\u00e9compens\u00e9s par un authentique <strong data-start=\"1664\" data-end=\"1690\">D\u00e9gustation de tapas d'Alicante<\/strong>, Les plats sont pr\u00e9par\u00e9s avec soin pour refl\u00e9ter les saveurs m\u00e9diterran\u00e9ennes locales. Ce dernier moment de partage et de d\u00e9tente r\u00e9unit tout ce que l'on peut attendre de l'exp\u00e9rience. <em data-start=\"1827\" data-end=\"1852\">randonn\u00e9e yoga tapas Altea<\/em> L'exp\u00e9rience est synonyme de mouvement, de pleine conscience et de connexion.<\/p>\n<p data-start=\"1918\" data-end=\"2184\">Dirig\u00e9e par <a href=\"https:\/\/www.inspirealtea.com\/fr\/qui-je-suis\/\"><strong data-start=\"1925\" data-end=\"1935\">Sergio<\/strong><\/a>, Cette activit\u00e9 est adapt\u00e9e \u00e0 tous les niveaux et est encadr\u00e9e par un guide de montagne et de yoga exp\u00e9riment\u00e9. Que vous soyez un voyageur solitaire, un couple ou un petit groupe d'amis, c'est l'occasion de d\u00e9couvrir l'essence naturelle et culturelle d'Altea d'une mani\u00e8re consciente.<\/p>\n<h3 data-start=\"2112\" data-end=\"2147\">Qu'est-ce qui rend cette exp\u00e9rience sp\u00e9ciale ?<\/h3>\n<p data-start=\"2149\" data-end=\"2249\">Contrairement aux circuits habituels, cette exp\u00e9rience de randonn\u00e9e en pleine conscience se concentre sur la pr\u00e9sence, le bien-\u00eatre et la connexion.<\/p>\n<p data-start=\"2251\" data-end=\"2271\">Vous traverserez :<\/p>\n<ul data-start=\"2273\" data-end=\"2349\">\n<li data-start=\"2273\" data-end=\"2289\">\n<p data-start=\"2275\" data-end=\"2289\">For\u00eats de pins<\/p>\n<\/li>\n<li data-start=\"2290\" data-end=\"2320\">\n<p data-start=\"2292\" data-end=\"2320\">Chemins de montagne traditionnels<\/p>\n<\/li>\n<li data-start=\"2321\" data-end=\"2349\">\n<p data-start=\"2323\" data-end=\"2349\">Points de vue sur la M\u00e9diterran\u00e9e<\/p>\n<\/li>\n<\/ul>\n<p data-start=\"2351\" data-end=\"2403\">Pause pour une s\u00e9ance guid\u00e9e de yoga en plein air con\u00e7ue pour :<\/p>\n<ul data-start=\"2405\" data-end=\"2483\">\n<li data-start=\"2405\" data-end=\"2424\">\n<p data-start=\"2407\" data-end=\"2424\">Rel\u00e2cher la tension<\/p>\n<\/li>\n<li data-start=\"2425\" data-end=\"2453\">\n<p data-start=\"2427\" data-end=\"2453\">Am\u00e9liorer la conscience de la respiration<\/p>\n<\/li>\n<li data-start=\"2454\" data-end=\"2483\">\n<p data-start=\"2456\" data-end=\"2483\">Renforcer les liens avec la nature<\/p>\n<\/li>\n<\/ul>\n<h3 data-start=\"1005\" data-end=\"1188\"><strong data-start=\"1564\" data-end=\"1577\">Comprend<\/strong><\/h3>\n<ul data-start=\"1580\" data-end=\"1721\">\n<li data-start=\"1580\" data-end=\"1619\">\n<p data-start=\"1582\" data-end=\"1619\">Randonn\u00e9e guid\u00e9e (2-3 heures, niveau facile)<\/p>\n<\/li>\n<li data-start=\"1620\" data-end=\"1644\">\n<p data-start=\"1622\" data-end=\"1644\">S\u00e9ance de yoga en plein air<\/p>\n<\/li>\n<li data-start=\"1680\" data-end=\"1721\">\n<p data-start=\"1682\" data-end=\"1721\">Conseils sur la pleine conscience et informations locales<\/p>\n<\/li>\n<\/ul>\n<ul class=\"n8H08c UVNKR\">\n<li class=\"zfr3Q TYR86d eD0Rn\" dir=\"ltr\">\n<p class=\"zfr3Q CDt4Ke\" dir=\"ltr\" role=\"presentation\"><span class=\"jgG6ef C9DxTc\">Tisane ayurv\u00e9dique adapt\u00e9e \u00e0 la saison de l'ann\u00e9e.\u00a0<\/span><\/p>\n<\/li>\n<\/ul>\n<h3 class=\"zfr3Q CDt4Ke\" dir=\"ltr\"><b>Ne comprend pas<\/b><\/h3>\n<ul>\n<li class=\"zfr3Q CDt4Ke\" dir=\"ltr\">Nourriture et boissons (tapas en option, recommandation de restaurant)<\/li>\n<\/ul>\n<ul class=\"n8H08c UVNKR\">\n<li class=\"zfr3Q TYR86d eD0Rn\" dir=\"ltr\">\n<p class=\"zfr3Q CDt4Ke\" dir=\"ltr\" role=\"presentation\"><span class=\"jgG6ef C9DxTc\">Transport.\u00a0<\/span><\/p>\n<\/li>\n<li class=\"zfr3Q TYR86d eD0Rn\" dir=\"ltr\">\n<p class=\"zfr3Q CDt4Ke\" dir=\"ltr\" role=\"presentation\"><span class=\"jgG6ef C9DxTc\">Guide repas et conseils.<\/span><\/p>\n<\/li>\n<\/ul>\n<h3 dir=\"ltr\"><strong data-start=\"1723\" data-end=\"1739\">Parfait pour<\/strong><\/h3>\n<p dir=\"ltr\">Les voyageurs lents, les couples, les aventuriers solitaires et tous ceux qui recherchent une connexion consciente \u00e0 travers la nature et la nourriture.<\/p>\n<p class=\"zfr3Q CDt4Ke\" dir=\"ltr\"><strong><span class=\"jgG6ef C9DxTc\">Langues<\/span><\/strong><\/p>\n<p class=\"zfr3Q CDt4Ke\" dir=\"ltr\"><span class=\"jgG6ef C9DxTc\">Fran\u00e7ais, italien, espagnol, catalan et anglais<\/span><\/p>\n<p data-start=\"1854\" data-end=\"1909\"><strong><a href=\"https:\/\/www.inspirealtea.com\/fr\/contact\/\">R\u00e9server<\/a> Votre exp\u00e9rience de la randonn\u00e9e et des tapas<\/strong><\/p>\n<p data-start=\"1854\" data-end=\"1909\"><a href=\"https:\/\/www.inspirealtea.com\/fr\/experiences\/randonnee-au-lever-du-soleil-alicante\/\"><strong>Rejoignez-nous \u00e0 Sunrise Mountain Experience<\/strong><\/a><\/p>\n<p data-start=\"1854\" data-end=\"1909\">Pour plus d'informations <a href=\"https:\/\/www.inspirealtea.com\/fr\/\">activit\u00e9s de bien-\u00eatre<\/a>, visitez notre site web <a class=\"decorated-link cursor-pointer\" href=\"https:\/\/www.inspirealtea.com\/fr\/yoga-a-altea\/\" target=\"_new\" rel=\"noopener\" data-start=\"2643\" data-end=\"2699\">Yoga \u00e0 Altea<\/a> et <a class=\"decorated-link cursor-pointer\" href=\"https:\/\/www.inspirealtea.com\/fr\/layurveda-a-altea\/\" target=\"_new\" rel=\"noopener\" data-start=\"2704\" data-end=\"2768\">Ayurveda \u00e0 Altea<\/a> pages.<\/p>\n<p data-start=\"1854\" data-end=\"1909\">Articles connexes :<\/p>\n<ul>\n<li data-start=\"1854\" data-end=\"1909\"><a href=\"https:\/\/www.inspirealtea.com\/fr\/randonnees-en-alicante-reveillez-votre-esprit\/\">Randonn\u00e9es \u00e0 Alicante<\/a><\/li>\n<li data-start=\"1854\" data-end=\"1909\"><a href=\"https:\/\/www.inspirealtea.com\/fr\/yoga-en-plein-air-mer-mediterranee\/\">Yoga au bord de la M\u00e9diterran\u00e9e<\/a><\/li>\n<li data-start=\"1854\" data-end=\"1909\"><a href=\"https:\/\/www.inspirealtea.com\/fr\/yoga-a-altea-un-nouveau-phenomene-au-bord-de-la-mediterranee\/\">Yoga \u00e0 Altea<\/a><\/li>\n<\/ul>\n<p data-start=\"1854\" data-end=\"1909\"><em>Jetez un coup d'\u0153il \u00e0 l'exp\u00e9rience sur <a href=\"https:\/\/www.linkalicante.com\/senderismo-yoga-alicante\/\">blogs locaux<\/a>\u00a0<\/em><\/p>","protected":false},"excerpt":{"rendered":"<p data-start=\"1358\" data-end=\"1552\">Une exp\u00e9rience de randonn\u00e9e en pleine conscience, de yoga et de tapas \u00e0 Altea, combinant des sentiers naturels pittoresques, du yoga en plein air et une cuisine locale authentique - parfaite pour les voyageurs conscients \u00e0 la recherche de bien-\u00eatre sur la Costa Blanca.<\/p>","protected":false},"featured_media":61,"comment_status":"open","ping_status":"closed","template":"","meta":{"nf_dc_page":"","om_disable_all_campaigns":false,"_monsterinsights_skip_tracking":false,"_monsterinsights_sitenote_active":false,"_monsterinsights_sitenote_note":"","_monsterinsights_sitenote_category":0,"_uf_show_specific_survey":0,"_uf_disable_surveys":false,"jetpack_post_was_ever_published":false,"jetpack_publicize_message":"","jetpack_publicize_feature_enabled":true,"jetpack_social_post_already_shared":false,"jetpack_social_options":{"image_generator_settings":{"template":"highway","default_image_id":0,"font":"","enabled":false},"version":2}},"product_brand":[35],"product_cat":[33,24],"product_tag":[142,124,137,132,140,136,141,28,135,134,139,133],"class_list":{"0":"post-726","1":"product","2":"type-product","3":"status-publish","4":"has-post-thumbnail","6":"product_brand-inspire-altea","7":"product_cat-hiking-nature-experiences","8":"product_cat-wellbeing-experiences","9":"product_tag-altea","10":"product_tag-altea-wellness","11":"product_tag-costa-blanca","12":"product_tag-hiking-in-altea","13":"product_tag-local-food-experience","14":"product_tag-mindful-hiking","15":"product_tag-nature-retreat","16":"product_tag-outdoor-yoga","17":"product_tag-spain","18":"product_tag-tapas-experience","19":"product_tag-travel-spain","20":"product_tag-yoga-in-nature","22":"first","23":"instock","24":"virtual","25":"purchasable","26":"product-type-simple"},"yoast_head":"<!-- This site is optimized with the Yoast SEO Premium plugin v27.4 (Yoast SEO v27.5) - https:\/\/yoast.com\/product\/yoast-seo-premium-wordpress\/ -->\n<title>Hiking Yoga Tapas Altea | Mindful Outdoor Experience<\/title>\n<meta name=\"description\" content=\"Join a mindful hike near Altea that combines yoga, nature, and local tapas. A unique experience blending movement, meditation, and Mediterranean flavour.\" \/>\n<meta name=\"robots\" content=\"index, follow, max-snippet:-1, max-image-preview:large, max-video-preview:-1\" \/>\n<link rel=\"canonical\" href=\"https:\/\/www.inspirealtea.com\/fr\/experiences\/randonnee-yoga-tapas-altea\/\" \/>\n<meta property=\"og:locale\" content=\"fr_FR\" \/>\n<meta property=\"og:type\" content=\"article\" \/>\n<meta property=\"og:title\" content=\"Mindful Hiking Yoga Tapas Experience in Altea\" \/>\n<meta property=\"og:description\" content=\"A mindful hiking yoga tapas experience in Altea combining scenic nature trails, outdoor yoga, and authentic local cuisine \u2014 perfect for conscious travellers seeking wellness in the Costa Blanca.\" \/>\n<meta property=\"og:url\" content=\"https:\/\/www.inspirealtea.com\/fr\/experiences\/randonnee-yoga-tapas-altea\/\" \/>\n<meta property=\"og:site_name\" content=\"Yoga, Ayurveda and Hiking | Inspire Altea\" \/>\n<meta property=\"article:publisher\" content=\"https:\/\/www.facebook.com\/yogaayurveda.altea\" \/>\n<meta property=\"article:modified_time\" content=\"2026-04-23T12:55:37+00:00\" \/>\n<meta property=\"og:image\" content=\"https:\/\/www.inspirealtea.com\/wp-content\/uploads\/2025\/10\/Hike-1.webp\" \/>\n\t<meta property=\"og:image:width\" content=\"354\" \/>\n\t<meta property=\"og:image:height\" content=\"521\" \/>\n\t<meta property=\"og:image:type\" content=\"image\/webp\" \/>\n<meta name=\"twitter:card\" content=\"summary_large_image\" \/>\n<meta name=\"twitter:title\" content=\"Hiking, Yoga &amp; Tapas Altea\" \/>\n<meta name=\"twitter:label1\" content=\"Dur\u00e9e de lecture estim\u00e9e\" \/>\n\t<meta name=\"twitter:data1\" content=\"2 minutes\" \/>\n<!-- \/ Yoast SEO Premium plugin. -->","yoast_head_json":{"title":"Randonn\u00e9e Yoga Tapas Altea | Mindful Outdoor Experience","description":"Participez \u00e0 une randonn\u00e9e en pleine conscience pr\u00e8s d'Altea qui allie yoga, nature et tapas locales. Une exp\u00e9rience unique m\u00ealant mouvement, m\u00e9ditation et saveurs m\u00e9diterran\u00e9ennes.","robots":{"index":"index","follow":"follow","max-snippet":"max-snippet:-1","max-image-preview":"max-image-preview:large","max-video-preview":"max-video-preview:-1"},"canonical":"https:\/\/www.inspirealtea.com\/fr\/experiences\/randonnee-yoga-tapas-altea\/","og_locale":"fr_FR","og_type":"article","og_title":"Mindful Hiking Yoga Tapas Experience in Altea","og_description":"A mindful hiking yoga tapas experience in Altea combining scenic nature trails, outdoor yoga, and authentic local cuisine \u2014 perfect for conscious travellers seeking wellness in the Costa Blanca.","og_url":"https:\/\/www.inspirealtea.com\/fr\/experiences\/randonnee-yoga-tapas-altea\/","og_site_name":"Yoga, Ayurveda and Hiking | Inspire Altea","article_publisher":"https:\/\/www.facebook.com\/yogaayurveda.altea","article_modified_time":"2026-04-23T12:55:37+00:00","og_image":[{"width":354,"height":521,"url":"https:\/\/www.inspirealtea.com\/wp-content\/uploads\/2025\/10\/Hike-1.webp","type":"image\/webp"}],"twitter_card":"summary_large_image","twitter_title":"Hiking, Yoga & Tapas Altea","twitter_misc":{"Dur\u00e9e de lecture estim\u00e9e":"2 minutes"},"schema":{"@context":"https:\/\/schema.org","@graph":[{"@type":"WebPage","@id":"https:\/\/www.inspirealtea.com\/experiences\/hiking-yoga-tapas-altea\/","url":"https:\/\/www.inspirealtea.com\/experiences\/hiking-yoga-tapas-altea\/","name":"Randonn\u00e9e Yoga Tapas Altea | Mindful Outdoor Experience","isPartOf":{"@id":"https:\/\/www.inspirealtea.com\/#website"},"primaryImageOfPage":{"@id":"https:\/\/www.inspirealtea.com\/experiences\/hiking-yoga-tapas-altea\/#primaryimage"},"image":{"@id":"https:\/\/www.inspirealtea.com\/experiences\/hiking-yoga-tapas-altea\/#primaryimage"},"thumbnailUrl":"https:\/\/i0.wp.com\/www.inspirealtea.com\/wp-content\/uploads\/2025\/10\/Hike-1.webp?fit=354%2C521&ssl=1","datePublished":"2025-11-01T16:23:37+00:00","dateModified":"2026-04-23T12:55:37+00:00","description":"Participez \u00e0 une randonn\u00e9e en pleine conscience pr\u00e8s d'Altea qui allie yoga, nature et tapas locales. Une exp\u00e9rience unique m\u00ealant mouvement, m\u00e9ditation et saveurs m\u00e9diterran\u00e9ennes.","breadcrumb":{"@id":"https:\/\/www.inspirealtea.com\/experiences\/hiking-yoga-tapas-altea\/#breadcrumb"},"inLanguage":"fr-FR","potentialAction":[{"@type":"ReadAction","target":["https:\/\/www.inspirealtea.com\/experiences\/hiking-yoga-tapas-altea\/"]}]},{"@type":"ImageObject","inLanguage":"fr-FR","@id":"https:\/\/www.inspirealtea.com\/experiences\/hiking-yoga-tapas-altea\/#primaryimage","url":"https:\/\/i0.wp.com\/www.inspirealtea.com\/wp-content\/uploads\/2025\/10\/Hike-1.webp?fit=354%2C521&ssl=1","contentUrl":"https:\/\/i0.wp.com\/www.inspirealtea.com\/wp-content\/uploads\/2025\/10\/Hike-1.webp?fit=354%2C521&ssl=1","width":354,"height":521,"caption":"Connecting body and breath through nature walks and yoga practice in Altea."},{"@type":"BreadcrumbList","@id":"https:\/\/www.inspirealtea.com\/experiences\/hiking-yoga-tapas-altea\/#breadcrumb","itemListElement":[{"@type":"ListItem","position":1,"name":"Home","item":"https:\/\/www.inspirealtea.com\/"},{"@type":"ListItem","position":2,"name":"Experiences","item":"https:\/\/www.inspirealtea.com\/experiences\/"},{"@type":"ListItem","position":3,"name":"Wellbeing experiences","item":"https:\/\/www.inspirealtea.com\/product-category\/wellbeing-experiences\/"},{"@type":"ListItem","position":4,"name":"Hiking &amp; Nature Experiences","item":"https:\/\/www.inspirealtea.com\/product-category\/wellbeing-experiences\/hiking-nature-experiences\/"},{"@type":"ListItem","position":5,"name":"Hiking, Yoga &#038; Tapas Altea"}]},{"@type":"WebSite","@id":"https:\/\/www.inspirealtea.com\/#website","url":"https:\/\/www.inspirealtea.com\/","name":"Yoga, Ayurveda et randonn\u00e9e | Inspire Altea","description":"Explorez-vous \u00e0 travers le Yoga, l'Ayurveda et la Randonn\u00e9e \u00e0 Altea, Alicante \u2014 un sanctuaire de bien-\u00eatre en bord de M\u00e9diterran\u00e9e.","publisher":{"@id":"https:\/\/www.inspirealtea.com\/#organization"},"alternateName":"Inspire Altea \u2013 Yoga, Ayurveda & Hiking","potentialAction":[{"@type":"SearchAction","target":{"@type":"EntryPoint","urlTemplate":"https:\/\/www.inspirealtea.com\/?s={search_term_string}"},"query-input":{"@type":"PropertyValueSpecification","valueRequired":true,"valueName":"search_term_string"}}],"inLanguage":"fr-FR"},{"@type":"Organization","@id":"https:\/\/www.inspirealtea.com\/#organization","name":"Yoga, Ayurveda et randonn\u00e9e | Inspire Altea","alternateName":"IA Yoga Ayurveda Hike","url":"https:\/\/www.inspirealtea.com\/","logo":{"@type":"ImageObject","inLanguage":"fr-FR","@id":"https:\/\/www.inspirealtea.com\/#\/schema\/logo\/image\/","url":"https:\/\/i0.wp.com\/www.inspirealtea.com\/wp-content\/uploads\/2025\/10\/Logo-Inspire-Altea.png?fit=1024%2C1024&ssl=1","contentUrl":"https:\/\/i0.wp.com\/www.inspirealtea.com\/wp-content\/uploads\/2025\/10\/Logo-Inspire-Altea.png?fit=1024%2C1024&ssl=1","width":1024,"height":1024,"caption":"Yoga, Ayurveda and Hiking | Inspire Altea"},"image":{"@id":"https:\/\/www.inspirealtea.com\/#\/schema\/logo\/image\/"},"sameAs":["https:\/\/www.facebook.com\/yogaayurveda.altea","https:\/\/www.instagram.com\/inspirealtea\/","https:\/\/www.linkedin.com\/in\/sergio-cisneros-galea","https:\/\/www.youtube.com\/@inspirealtea","https:\/\/gravatar.com\/sergiocisnerosgalea"],"description":"Discover holistic wellbeing experiences in Altea that connect body, mind, and nature. From yoga and Ayurveda to guided hiking and personalized retreats \u2014 all designed to help you restore balance, vitality, and inner peace.","email":"inspirealtea@gmail.com","telephone":"+33 6 07 42 58 97","legalName":"Sergio Cisneros Galea","foundingDate":"2019-11-11","numberOfEmployees":{"@type":"QuantitativeValue","minValue":"1","maxValue":"10"},"publishingPrinciples":"https:\/\/www.inspirealtea.com\/who-i-am\/"}]}},"jetpack_publicize_connections":[],"jetpack_sharing_enabled":true,"_links":{"self":[{"href":"https:\/\/www.inspirealtea.com\/fr\/wp-json\/wp\/v2\/product\/726","targetHints":{"allow":["GET"]}}],"collection":[{"href":"https:\/\/www.inspirealtea.com\/fr\/wp-json\/wp\/v2\/product"}],"about":[{"href":"https:\/\/www.inspirealtea.com\/fr\/wp-json\/wp\/v2\/types\/product"}],"replies":[{"embeddable":true,"href":"https:\/\/www.inspirealtea.com\/fr\/wp-json\/wp\/v2\/comments?post=726"}],"wp:featuredmedia":[{"embeddable":true,"href":"https:\/\/www.inspirealtea.com\/fr\/wp-json\/wp\/v2\/media\/61"}],"wp:attachment":[{"href":"https:\/\/www.inspirealtea.com\/fr\/wp-json\/wp\/v2\/media?parent=726"}],"wp:term":[{"taxonomy":"product_brand","embeddable":true,"href":"https:\/\/www.inspirealtea.com\/fr\/wp-json\/wp\/v2\/product_brand?post=726"},{"taxonomy":"product_cat","embeddable":true,"href":"https:\/\/www.inspirealtea.com\/fr\/wp-json\/wp\/v2\/product_cat?post=726"},{"taxonomy":"product_tag","embeddable":true,"href":"https:\/\/www.inspirealtea.com\/fr\/wp-json\/wp\/v2\/product_tag?post=726"}],"curies":[{"name":"wp","href":"https:\/\/api.w.org\/{rel}","templated":true}]}}