{"id":577,"date":"2025-10-31T13:28:39","date_gmt":"2025-10-31T11:28:39","guid":{"rendered":"https:\/\/www.inspirealtea.com\/product\/indian-foot-reflexology\/"},"modified":"2026-04-02T14:33:14","modified_gmt":"2026-04-02T13:33:14","slug":"reflexologie-plantaire-indienne","status":"publish","type":"product","link":"https:\/\/www.inspirealtea.com\/fr\/experiences\/indian-foot-reflexology\/","title":{"rendered":"R\u00e9flexologie plantaire indienne"},"content":{"rendered":"<h3 data-start=\"539\" data-end=\"575\">R\u00e9flexologie plantaire indienne \u00e0 Altea<\/h3>\n<p data-start=\"576\" data-end=\"824\">Reconnectez-vous avec votre corps \u00e0 partir de la base gr\u00e2ce \u00e0 <strong data-start=\"625\" data-end=\"661\">R\u00e9flexologie plantaire indienne \u00e0 Altea<\/strong>, Cette th\u00e9rapie ayurv\u00e9dique profond\u00e9ment r\u00e9paratrice agit sur les pieds, fondement de l'\u00e9quilibre, de la stabilit\u00e9 et de la circulation de l'\u00e9nergie.<\/p>\n<p data-start=\"826\" data-end=\"1121\">Utilisation <strong data-start=\"832\" data-end=\"872\">pression douce sur les points r\u00e9flexes cl\u00e9s<\/strong> (li\u00e9s aux organes internes et aux syst\u00e8mes corporels) et <strong data-start=\"922\" data-end=\"942\">huiles chaudes \u00e0 base de plantes<\/strong>, Ce traitement favorise la circulation, encourage la d\u00e9sintoxication et aide le syst\u00e8me nerveux \u00e0 passer du mode \u201cstress\u201d \u00e0 une relaxation profonde.<\/p>\n<h3 data-start=\"1123\" data-end=\"1145\">Pourquoi les gens l'aiment<\/h3>\n<p data-start=\"1146\" data-end=\"1196\">La r\u00e9flexologie plantaire indienne est id\u00e9ale lorsque vous le souhaitez :<\/p>\n<ul data-start=\"1197\" data-end=\"1437\">\n<li data-start=\"1197\" data-end=\"1264\">\n<p data-start=\"1199\" data-end=\"1264\">Rel\u00e2cher la fatigue physique apr\u00e8s une randonn\u00e9e, un voyage ou des semaines intenses<\/p>\n<\/li>\n<li data-start=\"1265\" data-end=\"1300\">\n<p data-start=\"1267\" data-end=\"1300\">Calmer l'esprit et r\u00e9duire le stress<\/p>\n<\/li>\n<li data-start=\"1301\" data-end=\"1348\">\n<p data-start=\"1303\" data-end=\"1348\">Se sentir enracin\u00e9, centr\u00e9 et mentalement clair<\/p>\n<\/li>\n<li data-start=\"1349\" data-end=\"1437\">\n<p data-start=\"1351\" data-end=\"1437\">Favoriser un sommeil plus r\u00e9parateur et le bien-\u00eatre g\u00e9n\u00e9ral<\/p>\n<\/li>\n<\/ul>\n<h3 data-start=\"1439\" data-end=\"1473\">\u00c0 quoi s'attendre lors de votre s\u00e9ance<\/h3>\n<p data-start=\"1474\" data-end=\"1635\">Votre praticien adapte la pression et le rythme \u00e0 vos besoins, cr\u00e9ant ainsi une exp\u00e9rience personnalis\u00e9e dans un cadre calme et accueillant \u00e0 Altea. Vous ressentirez g\u00e9n\u00e9ralement :<\/p>\n<ul data-start=\"1636\" data-end=\"1868\">\n<li data-start=\"1636\" data-end=\"1678\">\n<p data-start=\"1638\" data-end=\"1678\">L'arr\u00eat progressif du bruit mental<\/p>\n<\/li>\n<li data-start=\"1679\" data-end=\"1727\">\n<p data-start=\"1681\" data-end=\"1727\">Chaleur et circulation dans les pieds et les jambes<\/p>\n<\/li>\n<li data-start=\"1728\" data-end=\"1780\">\n<p data-start=\"1730\" data-end=\"1780\">Une sensation de l\u00e9g\u00e8ret\u00e9 et d'\u00e9quilibre dans tout le corps<\/p>\n<\/li>\n<li data-start=\"1781\" data-end=\"1868\">\n<p data-start=\"1783\" data-end=\"1868\">Un \u00e9tat d'esprit plus calme qui perdure au-del\u00e0 de la s\u00e9ance<\/p>\n<\/li>\n<\/ul>\n<h3 data-start=\"1870\" data-end=\"1886\">\u00c0 qui s'adresse-t-il ?<\/h3>\n<p data-start=\"1887\" data-end=\"1904\">C'est parfait si vous l'\u00eates :<\/p>\n<ul data-start=\"1905\" data-end=\"2176\">\n<li data-start=\"1905\" data-end=\"1969\">\n<p data-start=\"1907\" data-end=\"1969\">Actif (randonn\u00e9e, yoga, v\u00e9lo) et d\u00e9sireux de r\u00e9cup\u00e9rer et de se ressourcer.<\/p>\n<\/li>\n<li data-start=\"1970\" data-end=\"2029\">\n<p data-start=\"1972\" data-end=\"2029\">Visiter la Costa Blanca et avoir besoin d'une remise \u00e0 z\u00e9ro du syst\u00e8me nerveux<\/p>\n<\/li>\n<li data-start=\"2030\" data-end=\"2085\">\n<p data-start=\"2032\" data-end=\"2085\">Vous \u00eates souvent assis ou debout et vous avez besoin d'un support de circulation.<\/p>\n<\/li>\n<li data-start=\"2086\" data-end=\"2176\">\n<p data-start=\"2088\" data-end=\"2176\">\u00c0 la recherche d'un traitement doux et non invasif <a href=\"https:\/\/www.inspirealtea.com\/fr\/layurveda-a-altea\/\">Ayurv\u00e9dique<\/a> traitement<\/p>\n<\/li>\n<\/ul>\n<h3 data-start=\"2178\" data-end=\"2242\">Recommandations compl\u00e9mentaires<\/h3>\n<p data-start=\"2243\" data-end=\"2276\">Pour une remise \u00e0 z\u00e9ro plus compl\u00e8te, associez-le \u00e0 :<\/p>\n<ul data-start=\"2277\" data-end=\"2577\">\n<li data-start=\"2277\" data-end=\"2352\">\n<p data-start=\"2279\" data-end=\"2352\"><strong data-start=\"2279\" data-end=\"2326\"><a href=\"https:\/\/www.inspirealtea.com\/fr\/experiences\/massage-celeste\/\">Massage c\u00e9leste<\/a> (th\u00e9rapie \u00e0 l'huile pour la t\u00eate et le visage)<\/strong> pour un \u00e9quilibre de la t\u00eate aux pieds<\/p>\n<\/li>\n<li data-start=\"2353\" data-end=\"2418\">\n<p data-start=\"2355\" data-end=\"2418\"><a href=\"https:\/\/www.inspirealtea.com\/fr\/experiences\/massage-complet-abhyangam\/\"><strong data-start=\"2355\" data-end=\"2386\">Massage complet Abhyangam<\/strong><\/a> pour une relaxation profonde de tout le corps<\/p>\n<\/li>\n<li data-start=\"2419\" data-end=\"2490\">\n<p data-start=\"2421\" data-end=\"2490\"><a href=\"https:\/\/www.inspirealtea.com\/fr\/experiences\/consultation-ayurveda-altea\/\"><strong data-start=\"2421\" data-end=\"2453\">Consultation Ayurveda unique<\/strong><\/a> pour personnaliser votre plan de bien-\u00eatre<\/p>\n<\/li>\n<li data-start=\"2491\" data-end=\"2577\">\n<p data-start=\"2493\" data-end=\"2577\">Ou explorez tous les <a href=\"https:\/\/www.inspirealtea.com\/fr\/layurveda-a-altea\/massage\/\"><strong data-start=\"2508\" data-end=\"2539\">Massages ayurv\u00e9diques \u00e0 Altea<\/strong><\/a><\/p>\n<\/li>\n<\/ul>\n<hr data-start=\"2702\" data-end=\"2705\" \/>\n<h2 data-start=\"2707\" data-end=\"2745\">FAQ<\/h2>\n<ol data-start=\"2746\" data-end=\"3663\">\n<li data-start=\"2746\" data-end=\"2936\">\n<p data-start=\"2749\" data-end=\"2936\"><strong data-start=\"2749\" data-end=\"2785\">Qu'est-ce que la r\u00e9flexologie plantaire indienne ?<\/strong><br data-start=\"2785\" data-end=\"2788\" \/>Il s'agit d'une th\u00e9rapie ayurv\u00e9dique par les pieds qui exerce une l\u00e9g\u00e8re pression sur les points r\u00e9flexes li\u00e9s aux syst\u00e8mes corporels, favorisant ainsi la relaxation et l'\u00e9quilibre \u00e9nerg\u00e9tique.<\/p>\n<\/li>\n<li data-start=\"2938\" data-end=\"3052\">\n<p data-start=\"2941\" data-end=\"3052\"><strong data-start=\"2941\" data-end=\"2959\">Est-ce douloureux ?<\/strong><br data-start=\"2959\" data-end=\"2962\" \/>La pression est adapt\u00e9e \u00e0 votre confort. Vous pouvez toujours demander un toucher plus l\u00e9ger ou plus profond.<\/p>\n<\/li>\n<li data-start=\"3054\" data-end=\"3172\">\n<p data-start=\"3057\" data-end=\"3172\"><strong data-start=\"3057\" data-end=\"3085\">Quelle est la dur\u00e9e de la session ?<\/strong><br data-start=\"3085\" data-end=\"3088\" \/>La dur\u00e9e de la s\u00e9ance est g\u00e9n\u00e9ralement d'environ 60 minutes (vous pouvez \u00e9galement demander une s\u00e9ance plus longue si elle est disponible).<\/p>\n<\/li>\n<li data-start=\"3174\" data-end=\"3347\">\n<p data-start=\"3177\" data-end=\"3347\"><strong data-start=\"3177\" data-end=\"3216\">Est-ce qu'il aide \u00e0 lutter contre le stress et \u00e0 dormir ?<\/strong><br data-start=\"3216\" data-end=\"3219\" \/>De nombreux clients le choisissent pour calmer l'esprit, r\u00e9duire le stress et favoriser un sommeil plus r\u00e9parateur.<\/p>\n<\/li>\n<li data-start=\"3349\" data-end=\"3492\">\n<p data-start=\"3352\" data-end=\"3492\"><strong data-start=\"3352\" data-end=\"3386\">Dois-je pr\u00e9parer quelque chose ?<\/strong><br data-start=\"3386\" data-end=\"3389\" \/>Il suffit d'arriver quelques minutes \u00e0 l'avance et d'\u00e9viter un repas trop copieux juste avant. Portez des v\u00eatements confortables.<\/p>\n<\/li>\n<li data-start=\"3494\" data-end=\"3663\">\n<p data-start=\"3497\" data-end=\"3663\"><strong data-start=\"3497\" data-end=\"3539\">Puis-je l'associer \u00e0 une autre th\u00e9rapie ?<\/strong><br data-start=\"3539\" data-end=\"3542\" \/>Oui - les combinaisons les plus populaires sont le massage c\u00e9leste (t\u00eate\/visage) ou l'Abhyangam (corps entier).<\/p>\n<\/li>\n<\/ol>\n<p data-start=\"2303\" data-end=\"2507\">Consultez l'article : <a href=\"https:\/\/www.inspirealtea.com\/fr\/yoga-en-plein-air-mer-mediterranee\/\">Le yoga au bord de la M\u00e9diterran\u00e9e, une nouvelle dimension de la pratique.<\/a><\/p>\n<p data-start=\"2509\" data-end=\"2528\"><a href=\"https:\/\/www.inspirealtea.com\/fr\/contact\/\">R\u00e9servez votre session<\/a><\/p>","protected":false},"excerpt":{"rendered":"<p data-start=\"1013\" data-end=\"1142\">Une th\u00e9rapie ayurv\u00e9dique des pieds qui permet de r\u00e9tablir l'\u00e9quilibre, d'am\u00e9liorer la circulation et de d\u00e9tendre profond\u00e9ment le corps et l'esprit en utilisant des points de pression.<\/p>","protected":false},"featured_media":575,"comment_status":"open","ping_status":"closed","template":"","meta":{"nf_dc_page":"","om_disable_all_campaigns":false,"_monsterinsights_skip_tracking":false,"_monsterinsights_sitenote_active":false,"_monsterinsights_sitenote_note":"","_monsterinsights_sitenote_category":0,"_uf_show_specific_survey":0,"_uf_disable_surveys":false,"jetpack_post_was_ever_published":false,"jetpack_publicize_message":"","jetpack_publicize_feature_enabled":true,"jetpack_social_post_already_shared":false,"jetpack_social_options":{"image_generator_settings":{"template":"highway","default_image_id":0,"font":"","enabled":false},"version":2}},"product_brand":[35],"product_cat":[32,90,24],"product_tag":[414,416,103,419,417,413,421,415,420,418],"class_list":{"0":"post-577","1":"product","2":"type-product","3":"status-publish","4":"has-post-thumbnail","6":"product_brand-inspire-altea","7":"product_cat-ayurveda-therapies","8":"product_cat-massage-altea","9":"product_cat-wellbeing-experiences","10":"product_tag-ayurvedic-foot-massage","11":"product_tag-costa-blanca-wellness","12":"product_tag-energy-balance","13":"product_tag-grounding-therapy","14":"product_tag-holistic-massage","15":"product_tag-indian-foot-reflexology","16":"product_tag-natural-healing","17":"product_tag-reflexology-altea","18":"product_tag-relaxation-massage","19":"product_tag-stress-relief-therapy","21":"first","22":"instock","23":"virtual","24":"purchasable","25":"product-type-simple"},"yoast_head":"<!-- This site is optimized with the Yoast SEO Premium plugin v27.3 (Yoast SEO v27.4) - https:\/\/yoast.com\/product\/yoast-seo-premium-wordpress\/ -->\n<title>Indian Foot Reflexology in Altea | Ayurvedic Foot Therapy<\/title>\n<meta name=\"description\" content=\"Discover Indian Foot Reflexology in Altea \u2014 a relaxing Ayurvedic foot massage that stimulates energy points, improves circulation, and restores balance.\" \/>\n<meta name=\"robots\" content=\"index, follow, max-snippet:-1, max-image-preview:large, max-video-preview:-1\" \/>\n<link rel=\"canonical\" href=\"https:\/\/www.inspirealtea.com\/fr\/experiences\/reflexologie-plantaire-indienne\/\" \/>\n<meta property=\"og:locale\" content=\"fr_FR\" \/>\n<meta property=\"og:type\" content=\"article\" \/>\n<meta property=\"og:title\" content=\"Indian Foot Reflexology\" \/>\n<meta property=\"og:description\" content=\"Discover Indian Foot Reflexology in Altea \u2014 a relaxing Ayurvedic foot massage that stimulates energy points, improves circulation, and restores balance.\" \/>\n<meta property=\"og:url\" content=\"https:\/\/www.inspirealtea.com\/fr\/experiences\/reflexologie-plantaire-indienne\/\" \/>\n<meta property=\"og:site_name\" content=\"Yoga, Ayurveda and Hiking | Inspire Altea\" \/>\n<meta property=\"article:publisher\" content=\"https:\/\/www.facebook.com\/yogaayurveda.altea\" \/>\n<meta property=\"article:modified_time\" content=\"2026-04-02T13:33:14+00:00\" \/>\n<meta property=\"og:image\" content=\"https:\/\/www.inspirealtea.com\/wp-content\/uploads\/2025\/10\/massage-5.webp\" \/>\n\t<meta property=\"og:image:width\" content=\"1200\" \/>\n\t<meta property=\"og:image:height\" content=\"1800\" \/>\n\t<meta property=\"og:image:type\" content=\"image\/webp\" \/>\n<meta name=\"twitter:card\" content=\"summary_large_image\" \/>\n<meta name=\"twitter:label1\" content=\"Dur\u00e9e de lecture estim\u00e9e\" \/>\n\t<meta name=\"twitter:data1\" content=\"2 minutes\" \/>\n<!-- \/ Yoast SEO Premium plugin. -->","yoast_head_json":{"title":"R\u00e9flexologie plantaire indienne \u00e0 Altea | Th\u00e9rapie plantaire ayurv\u00e9dique","description":"D\u00e9couvrez la r\u00e9flexologie plantaire indienne \u00e0 Altea - un massage ayurv\u00e9dique relaxant des pieds qui stimule les points d'\u00e9nergie, am\u00e9liore la circulation et r\u00e9tablit l'\u00e9quilibre.","robots":{"index":"index","follow":"follow","max-snippet":"max-snippet:-1","max-image-preview":"max-image-preview:large","max-video-preview":"max-video-preview:-1"},"canonical":"https:\/\/www.inspirealtea.com\/fr\/experiences\/reflexologie-plantaire-indienne\/","og_locale":"fr_FR","og_type":"article","og_title":"Indian Foot Reflexology","og_description":"Discover Indian Foot Reflexology in Altea \u2014 a relaxing Ayurvedic foot massage that stimulates energy points, improves circulation, and restores balance.","og_url":"https:\/\/www.inspirealtea.com\/fr\/experiences\/reflexologie-plantaire-indienne\/","og_site_name":"Yoga, Ayurveda and Hiking | Inspire Altea","article_publisher":"https:\/\/www.facebook.com\/yogaayurveda.altea","article_modified_time":"2026-04-02T13:33:14+00:00","og_image":[{"width":1200,"height":1800,"url":"https:\/\/www.inspirealtea.com\/wp-content\/uploads\/2025\/10\/massage-5.webp","type":"image\/webp"}],"twitter_card":"summary_large_image","twitter_misc":{"Dur\u00e9e de lecture estim\u00e9e":"2 minutes"},"schema":{"@context":"https:\/\/schema.org","@graph":[{"@type":"WebPage","@id":"https:\/\/www.inspirealtea.com\/experiences\/indian-foot-reflexology\/","url":"https:\/\/www.inspirealtea.com\/experiences\/indian-foot-reflexology\/","name":"R\u00e9flexologie plantaire indienne \u00e0 Altea | Th\u00e9rapie plantaire ayurv\u00e9dique","isPartOf":{"@id":"https:\/\/www.inspirealtea.com\/#website"},"primaryImageOfPage":{"@id":"https:\/\/www.inspirealtea.com\/experiences\/indian-foot-reflexology\/#primaryimage"},"image":{"@id":"https:\/\/www.inspirealtea.com\/experiences\/indian-foot-reflexology\/#primaryimage"},"thumbnailUrl":"https:\/\/i0.wp.com\/www.inspirealtea.com\/wp-content\/uploads\/2025\/10\/massage-5.webp?fit=1200%2C1800&ssl=1","datePublished":"2025-10-31T11:28:39+00:00","dateModified":"2026-04-02T13:33:14+00:00","description":"D\u00e9couvrez la r\u00e9flexologie plantaire indienne \u00e0 Altea - un massage ayurv\u00e9dique relaxant des pieds qui stimule les points d'\u00e9nergie, am\u00e9liore la circulation et r\u00e9tablit l'\u00e9quilibre.","breadcrumb":{"@id":"https:\/\/www.inspirealtea.com\/experiences\/indian-foot-reflexology\/#breadcrumb"},"inLanguage":"fr-FR","potentialAction":[{"@type":"ReadAction","target":["https:\/\/www.inspirealtea.com\/experiences\/indian-foot-reflexology\/"]}]},{"@type":"ImageObject","inLanguage":"fr-FR","@id":"https:\/\/www.inspirealtea.com\/experiences\/indian-foot-reflexology\/#primaryimage","url":"https:\/\/i0.wp.com\/www.inspirealtea.com\/wp-content\/uploads\/2025\/10\/massage-5.webp?fit=1200%2C1800&ssl=1","contentUrl":"https:\/\/i0.wp.com\/www.inspirealtea.com\/wp-content\/uploads\/2025\/10\/massage-5.webp?fit=1200%2C1800&ssl=1","width":1200,"height":1800,"caption":"Ayurvedic foot massage stimulating energy points to restore balance and relaxation."},{"@type":"BreadcrumbList","@id":"https:\/\/www.inspirealtea.com\/experiences\/indian-foot-reflexology\/#breadcrumb","itemListElement":[{"@type":"ListItem","position":1,"name":"Home","item":"https:\/\/www.inspirealtea.com\/"},{"@type":"ListItem","position":2,"name":"Experiences","item":"https:\/\/www.inspirealtea.com\/experiences\/"},{"@type":"ListItem","position":3,"name":"Wellbeing experiences","item":"https:\/\/www.inspirealtea.com\/product-category\/wellbeing-experiences\/"},{"@type":"ListItem","position":4,"name":"Ayurveda Therapies","item":"https:\/\/www.inspirealtea.com\/product-category\/wellbeing-experiences\/ayurveda-therapies\/"},{"@type":"ListItem","position":5,"name":"massage","item":"https:\/\/www.inspirealtea.com\/product-category\/wellbeing-experiences\/ayurveda-therapies\/massage-altea\/"},{"@type":"ListItem","position":6,"name":"Indian Foot Reflexology"}]},{"@type":"WebSite","@id":"https:\/\/www.inspirealtea.com\/#website","url":"https:\/\/www.inspirealtea.com\/","name":"Yoga, Ayurveda et randonn\u00e9e | Inspire Altea","description":"Explorez-vous \u00e0 travers le Yoga, l'Ayurveda et la Randonn\u00e9e \u00e0 Altea, Alicante \u2014 un sanctuaire de bien-\u00eatre en bord de M\u00e9diterran\u00e9e.","publisher":{"@id":"https:\/\/www.inspirealtea.com\/#organization"},"alternateName":"Inspire Altea \u2013 Yoga, Ayurveda & Hiking","potentialAction":[{"@type":"SearchAction","target":{"@type":"EntryPoint","urlTemplate":"https:\/\/www.inspirealtea.com\/?s={search_term_string}"},"query-input":{"@type":"PropertyValueSpecification","valueRequired":true,"valueName":"search_term_string"}}],"inLanguage":"fr-FR"},{"@type":"Organization","@id":"https:\/\/www.inspirealtea.com\/#organization","name":"Yoga, Ayurveda et randonn\u00e9e | Inspire Altea","alternateName":"IA Yoga Ayurveda Hike","url":"https:\/\/www.inspirealtea.com\/","logo":{"@type":"ImageObject","inLanguage":"fr-FR","@id":"https:\/\/www.inspirealtea.com\/#\/schema\/logo\/image\/","url":"https:\/\/i0.wp.com\/www.inspirealtea.com\/wp-content\/uploads\/2025\/10\/Logo-Inspire-Altea.png?fit=1024%2C1024&ssl=1","contentUrl":"https:\/\/i0.wp.com\/www.inspirealtea.com\/wp-content\/uploads\/2025\/10\/Logo-Inspire-Altea.png?fit=1024%2C1024&ssl=1","width":1024,"height":1024,"caption":"Yoga, Ayurveda and Hiking | Inspire Altea"},"image":{"@id":"https:\/\/www.inspirealtea.com\/#\/schema\/logo\/image\/"},"sameAs":["https:\/\/www.facebook.com\/yogaayurveda.altea","https:\/\/www.instagram.com\/inspirealtea\/","https:\/\/www.linkedin.com\/in\/sergio-cisneros-galea","https:\/\/www.youtube.com\/@inspirealtea","https:\/\/gravatar.com\/sergiocisnerosgalea"],"description":"Discover holistic wellbeing experiences in Altea that connect body, mind, and nature. From yoga and Ayurveda to guided hiking and personalized retreats \u2014 all designed to help you restore balance, vitality, and inner peace.","email":"inspirealtea@gmail.com","telephone":"+33 6 07 42 58 97","legalName":"Sergio Cisneros Galea","foundingDate":"2019-11-11","numberOfEmployees":{"@type":"QuantitativeValue","minValue":"1","maxValue":"10"},"publishingPrinciples":"https:\/\/www.inspirealtea.com\/who-i-am\/"}]}},"jetpack_publicize_connections":[],"jetpack_sharing_enabled":true,"_links":{"self":[{"href":"https:\/\/www.inspirealtea.com\/fr\/wp-json\/wp\/v2\/product\/577","targetHints":{"allow":["GET"]}}],"collection":[{"href":"https:\/\/www.inspirealtea.com\/fr\/wp-json\/wp\/v2\/product"}],"about":[{"href":"https:\/\/www.inspirealtea.com\/fr\/wp-json\/wp\/v2\/types\/product"}],"replies":[{"embeddable":true,"href":"https:\/\/www.inspirealtea.com\/fr\/wp-json\/wp\/v2\/comments?post=577"}],"wp:featuredmedia":[{"embeddable":true,"href":"https:\/\/www.inspirealtea.com\/fr\/wp-json\/wp\/v2\/media\/575"}],"wp:attachment":[{"href":"https:\/\/www.inspirealtea.com\/fr\/wp-json\/wp\/v2\/media?parent=577"}],"wp:term":[{"taxonomy":"product_brand","embeddable":true,"href":"https:\/\/www.inspirealtea.com\/fr\/wp-json\/wp\/v2\/product_brand?post=577"},{"taxonomy":"product_cat","embeddable":true,"href":"https:\/\/www.inspirealtea.com\/fr\/wp-json\/wp\/v2\/product_cat?post=577"},{"taxonomy":"product_tag","embeddable":true,"href":"https:\/\/www.inspirealtea.com\/fr\/wp-json\/wp\/v2\/product_tag?post=577"}],"curies":[{"name":"wp","href":"https:\/\/api.w.org\/{rel}","templated":true}]}}