{"id":567,"date":"2025-10-31T13:23:17","date_gmt":"2025-10-31T11:23:17","guid":{"rendered":"https:\/\/www.inspirealtea.com\/product\/abhyangam-full-body-massage\/"},"modified":"2026-04-02T14:33:17","modified_gmt":"2026-04-02T13:33:17","slug":"massage-complet-abhyangam","status":"publish","type":"product","link":"https:\/\/www.inspirealtea.com\/fr\/experiences\/abhyangam-full-body-massage\/","title":{"rendered":"Massage complet Abhyangam"},"content":{"rendered":"<h2 data-start=\"1234\" data-end=\"1273\">Massage complet Abhyangam \u00e0 Altea<\/h2>\n<p data-start=\"1275\" data-end=\"1397\">D\u00e9couvrez le massage Abhyangam \u00e0 Altea, une th\u00e9rapie ayurv\u00e9dique traditionnelle du corps entier con\u00e7ue pour harmoniser le corps et l'esprit.<\/p>\n<p data-start=\"1399\" data-end=\"1484\">Ce traitement profond\u00e9ment relaxant utilise des huiles chaudes \u00e0 base de plantes et des mouvements rythmiques pour.. :<\/p>\n<ul data-start=\"1486\" data-end=\"1607\">\n<li data-start=\"1486\" data-end=\"1515\">\n<p data-start=\"1488\" data-end=\"1515\">Am\u00e9liorer la circulation sanguine<\/p>\n<\/li>\n<li data-start=\"1516\" data-end=\"1544\">\n<p data-start=\"1518\" data-end=\"1544\">Rel\u00e2cher les tensions musculaires<\/p>\n<\/li>\n<li data-start=\"1545\" data-end=\"1579\">\n<p data-start=\"1547\" data-end=\"1579\">Favoriser la d\u00e9sintoxication naturelle<\/p>\n<\/li>\n<li data-start=\"1580\" data-end=\"1607\">\n<p data-start=\"1582\" data-end=\"1607\">Favoriser l'\u00e9quilibre g\u00e9n\u00e9ral<\/p>\n<\/li>\n<\/ul>\n<p data-start=\"1609\" data-end=\"1731\">Chaque mouvement travaille intentionnellement \u00e0 r\u00e9guler les rythmes internes du corps tout en encourageant un profond sentiment de bien-\u00eatre.<\/p>\n<hr data-start=\"1733\" data-end=\"1736\" \/>\n<h2 data-start=\"1738\" data-end=\"1771\">Un rituel ayurv\u00e9dique r\u00e9parateur<\/h2>\n<p data-start=\"1773\" data-end=\"1883\">Abhyangam est plus qu'un massage. C'est un rituel holistique qui nourrit \u00e0 la fois le syst\u00e8me nerveux et la peau.<\/p>\n<p data-start=\"1885\" data-end=\"1931\">Les huiles chaudes \u00e0 base de plantes p\u00e9n\u00e8trent profond\u00e9ment, aidant \u00e0.. :<\/p>\n<ul data-start=\"1933\" data-end=\"2007\">\n<li data-start=\"1933\" data-end=\"1950\">\n<p data-start=\"1935\" data-end=\"1950\">Calmer l'esprit<\/p>\n<\/li>\n<li data-start=\"1951\" data-end=\"1968\">\n<p data-start=\"1953\" data-end=\"1968\">R\u00e9duire le stress<\/p>\n<\/li>\n<li data-start=\"1969\" data-end=\"1986\">\n<p data-start=\"1971\" data-end=\"1986\">Am\u00e9liorer le sommeil<\/p>\n<\/li>\n<li data-start=\"1987\" data-end=\"2007\">\n<p data-start=\"1989\" data-end=\"2007\">Restaurer la vitalit\u00e9<\/p>\n<\/li>\n<\/ul>\n<p data-start=\"2009\" data-end=\"2087\">Cette th\u00e9rapie s'adresse aux personnes qui cherchent \u00e0 se d\u00e9tendre, \u00e0 se ressourcer ou \u00e0 trouver un \u00e9quilibre \u00e9motionnel.<\/p>\n<hr data-start=\"2089\" data-end=\"2092\" \/>\n<h2 data-start=\"2094\" data-end=\"2119\">Adapt\u00e9 \u00e0 vos besoins<\/h2>\n<p data-start=\"2121\" data-end=\"2237\">Chaque s\u00e9ance s'adapte \u00e0 vos objectifs personnels de bien-\u00eatre, qu'il s'agisse de soulager le stress, de se recentrer ou de se revitaliser.<\/p>\n<p data-start=\"2239\" data-end=\"2320\">Profitez d'une exp\u00e9rience calme et attentive inspir\u00e9e par les principes intemporels de l'Ayurveda.<\/p>\n<hr data-start=\"2322\" data-end=\"2325\" \/>\n<h2 data-start=\"2327\" data-end=\"2345\">D\u00e9tails de la session<\/h2>\n<ul data-start=\"2347\" data-end=\"2438\">\n<li data-start=\"2347\" data-end=\"2377\">\n<p data-start=\"2349\" data-end=\"2377\">Massage corporel \u00e0 l'huile chaude<\/p>\n<\/li>\n<li data-start=\"2378\" data-end=\"2403\">\n<p data-start=\"2380\" data-end=\"2403\">Approche personnalis\u00e9e<\/p>\n<\/li>\n<li data-start=\"2404\" data-end=\"2438\">\n<p data-start=\"2406\" data-end=\"2438\">Convient \u00e0 tous les niveaux de stress<\/p>\n<\/li>\n<\/ul>\n<hr data-start=\"2440\" data-end=\"2443\" \/>\n<h2 data-start=\"2445\" data-end=\"2478\">Poursuivez votre voyage Ayurveda<\/h2>\n<p data-start=\"2480\" data-end=\"2515\">De nombreux clients combinent l'Abhyangam avec :<\/p>\n<ul data-start=\"2517\" data-end=\"2633\">\n<li data-start=\"2517\" data-end=\"2538\">\n<p data-start=\"2519\" data-end=\"2538\"><a href=\"https:\/\/www.inspirealtea.com\/fr\/experiences\/massage-celeste\/\">Massage c\u00e9leste<\/a><\/p>\n<\/li>\n<li data-start=\"2539\" data-end=\"2566\">\n<p data-start=\"2541\" data-end=\"2566\"><a href=\"https:\/\/www.inspirealtea.com\/fr\/experiences\/reflexologie-plantaire-indienne\/\">R\u00e9flexologie plantaire indienne<\/a><\/p>\n<\/li>\n<li data-start=\"2567\" data-end=\"2596\">\n<p data-start=\"2569\" data-end=\"2596\"><a href=\"https:\/\/www.inspirealtea.com\/fr\/experiences\/udwartana\/\">Th\u00e9rapie \u00e0 base de plantes Udwarthana<\/a><\/p>\n<\/li>\n<li data-start=\"2597\" data-end=\"2633\">\n<p data-start=\"2599\" data-end=\"2633\">Un personnel <a href=\"https:\/\/www.inspirealtea.com\/fr\/layurveda-a-altea\/\">Ayurveda<\/a> <a href=\"https:\/\/www.inspirealtea.com\/fr\/experiences\/consultation-ayurveda-altea\/\">Consultation<\/a><\/p>\n<\/li>\n<\/ul>\n<hr data-start=\"2635\" data-end=\"2638\" \/>\n<h1 data-start=\"2640\" data-end=\"2648\">FAQ<\/h1>\n<p data-start=\"2650\" data-end=\"2740\"><strong data-start=\"2650\" data-end=\"2672\">Qu'est-ce que l'Abhyangam ?<\/strong><br data-start=\"2672\" data-end=\"2675\" \/>Massage traditionnel ayurv\u00e9dique du corps entier \u00e0 l'aide d'huiles chaudes \u00e0 base de plantes.<\/p>\n<p data-start=\"2742\" data-end=\"2823\"><strong data-start=\"2742\" data-end=\"2758\">L'huile est-elle utilis\u00e9e ?<\/strong><br data-start=\"2758\" data-end=\"2761\" \/>Oui, des huiles chaudes \u00e0 base de plantes sont appliqu\u00e9es tout au long de la s\u00e9ance.<\/p>\n<p data-start=\"2825\" data-end=\"2901\"><strong data-start=\"2825\" data-end=\"2850\">Peut-il favoriser la d\u00e9sintoxication ?<\/strong><br data-start=\"2850\" data-end=\"2853\" \/>Oui. L'Abhyangam favorise les processus naturels de d\u00e9sintoxication.<\/p>\n<p data-start=\"2903\" data-end=\"2988\"><strong data-start=\"2903\" data-end=\"2940\">Convient-il pour soulager le stress ?<\/strong><br data-start=\"2940\" data-end=\"2943\" \/>Absolument. Il aide \u00e0 calmer le syst\u00e8me nerveux.<\/p>\n<p data-start=\"2990\" data-end=\"3076\"><strong data-start=\"2990\" data-end=\"3029\">Dois-je avoir une exp\u00e9rience de l'Ayurveda ?<\/strong><br data-start=\"3029\" data-end=\"3032\" \/>Non. Le traitement est accessible \u00e0 tous.<\/p>","protected":false},"excerpt":{"rendered":"<p data-start=\"165\" data-end=\"295\">Un massage ayurv\u00e9dique profond\u00e9ment relaxant de tout le corps \u00e0 l'aide d'huiles chaudes \u00e0 base de plantes pour am\u00e9liorer la circulation, rel\u00e2cher les tensions et r\u00e9tablir l'\u00e9quilibre.<\/p>","protected":false},"featured_media":565,"comment_status":"open","ping_status":"closed","template":"","meta":{"nf_dc_page":"","om_disable_all_campaigns":false,"_monsterinsights_skip_tracking":false,"_monsterinsights_sitenote_active":false,"_monsterinsights_sitenote_note":"","_monsterinsights_sitenote_category":0,"_uf_show_specific_survey":0,"_uf_disable_surveys":false,"jetpack_post_was_ever_published":false,"jetpack_publicize_message":"","jetpack_publicize_feature_enabled":true,"jetpack_social_post_already_shared":false,"jetpack_social_options":{"image_generator_settings":{"template":"highway","default_image_id":0,"font":"","enabled":false},"version":2}},"product_brand":[35],"product_cat":[32,90,24],"product_tag":[409,410,406,127,411,404,412,94,405,97],"class_list":{"0":"post-567","1":"product","2":"type-product","3":"status-publish","4":"has-post-thumbnail","6":"product_brand-inspire-altea","7":"product_cat-ayurveda-therapies","8":"product_cat-massage-altea","9":"product_cat-wellbeing-experiences","10":"product_tag-abhyangam-massage","11":"product_tag-ayurvedic-full-body-massage","12":"product_tag-ayurvedic-treatments-altea","13":"product_tag-detox-massage","14":"product_tag-full-body-oil-therapy","15":"product_tag-holistic-massage-altea","16":"product_tag-natural-healing-massage","17":"product_tag-relaxation-therapy","18":"product_tag-stress-relief-massage","19":"product_tag-warm-oil-massage","21":"first","22":"instock","23":"virtual","24":"purchasable","25":"product-type-simple"},"yoast_head":"<!-- This site is optimized with the Yoast SEO Premium plugin v27.3 (Yoast SEO v27.4) - https:\/\/yoast.com\/product\/yoast-seo-premium-wordpress\/ -->\n<title>Abhyangam Full Body Massage in Altea | Ayurvedic Relaxation<\/title>\n<meta name=\"description\" content=\"Experience Abhyangam in Altea \u2014 a warm oil Ayurvedic full-body massage that relaxes muscles, supports detox, and restores mind-body balance.\" \/>\n<meta name=\"robots\" content=\"index, follow, max-snippet:-1, max-image-preview:large, max-video-preview:-1\" \/>\n<link rel=\"canonical\" href=\"https:\/\/www.inspirealtea.com\/fr\/experiences\/massage-complet-abhyangam\/\" \/>\n<meta property=\"og:locale\" content=\"fr_FR\" \/>\n<meta property=\"og:type\" content=\"article\" \/>\n<meta property=\"og:title\" content=\"Abhyangam Full Body Massage\" \/>\n<meta property=\"og:description\" content=\"Experience Abhyangam in Altea \u2014 a warm oil Ayurvedic full-body massage that relaxes muscles, supports detox, and restores mind-body balance.\" \/>\n<meta property=\"og:url\" content=\"https:\/\/www.inspirealtea.com\/fr\/experiences\/massage-complet-abhyangam\/\" \/>\n<meta property=\"og:site_name\" content=\"Yoga, Ayurveda and Hiking | Inspire Altea\" \/>\n<meta property=\"article:publisher\" content=\"https:\/\/www.facebook.com\/yogaayurveda.altea\" \/>\n<meta property=\"article:modified_time\" content=\"2026-04-02T13:33:17+00:00\" \/>\n<meta property=\"og:image\" content=\"https:\/\/www.inspirealtea.com\/wp-content\/uploads\/2025\/10\/massage-2.webp\" \/>\n\t<meta property=\"og:image:width\" content=\"1200\" \/>\n\t<meta property=\"og:image:height\" content=\"1800\" \/>\n\t<meta property=\"og:image:type\" content=\"image\/webp\" \/>\n<meta name=\"twitter:card\" content=\"summary_large_image\" \/>\n<meta name=\"twitter:label1\" content=\"Dur\u00e9e de lecture estim\u00e9e\" \/>\n\t<meta name=\"twitter:data1\" content=\"2 minutes\" \/>\n<!-- \/ Yoast SEO Premium plugin. -->","yoast_head_json":{"title":"Abhyangam Massage complet \u00e0 Altea | Relaxation ayurv\u00e9dique","description":"Faites l'exp\u00e9rience de l'Abhyangam \u00e0 Altea - un massage ayurv\u00e9dique complet \u00e0 l'huile chaude qui d\u00e9tend les muscles, favorise la d\u00e9sintoxication et r\u00e9tablit l'\u00e9quilibre entre le corps et l'esprit.","robots":{"index":"index","follow":"follow","max-snippet":"max-snippet:-1","max-image-preview":"max-image-preview:large","max-video-preview":"max-video-preview:-1"},"canonical":"https:\/\/www.inspirealtea.com\/fr\/experiences\/massage-complet-abhyangam\/","og_locale":"fr_FR","og_type":"article","og_title":"Abhyangam Full Body Massage","og_description":"Experience Abhyangam in Altea \u2014 a warm oil Ayurvedic full-body massage that relaxes muscles, supports detox, and restores mind-body balance.","og_url":"https:\/\/www.inspirealtea.com\/fr\/experiences\/massage-complet-abhyangam\/","og_site_name":"Yoga, Ayurveda and Hiking | Inspire Altea","article_publisher":"https:\/\/www.facebook.com\/yogaayurveda.altea","article_modified_time":"2026-04-02T13:33:17+00:00","og_image":[{"width":1200,"height":1800,"url":"https:\/\/www.inspirealtea.com\/wp-content\/uploads\/2025\/10\/massage-2.webp","type":"image\/webp"}],"twitter_card":"summary_large_image","twitter_misc":{"Dur\u00e9e de lecture estim\u00e9e":"2 minutes"},"schema":{"@context":"https:\/\/schema.org","@graph":[{"@type":"WebPage","@id":"https:\/\/www.inspirealtea.com\/experiences\/abhyangam-full-body-massage\/","url":"https:\/\/www.inspirealtea.com\/experiences\/abhyangam-full-body-massage\/","name":"Abhyangam Massage complet \u00e0 Altea | Relaxation ayurv\u00e9dique","isPartOf":{"@id":"https:\/\/www.inspirealtea.com\/#website"},"primaryImageOfPage":{"@id":"https:\/\/www.inspirealtea.com\/experiences\/abhyangam-full-body-massage\/#primaryimage"},"image":{"@id":"https:\/\/www.inspirealtea.com\/experiences\/abhyangam-full-body-massage\/#primaryimage"},"thumbnailUrl":"https:\/\/i0.wp.com\/www.inspirealtea.com\/wp-content\/uploads\/2025\/10\/massage-2.webp?fit=1200%2C1800&ssl=1","datePublished":"2025-10-31T11:23:17+00:00","dateModified":"2026-04-02T13:33:17+00:00","description":"Faites l'exp\u00e9rience de l'Abhyangam \u00e0 Altea - un massage ayurv\u00e9dique complet \u00e0 l'huile chaude qui d\u00e9tend les muscles, favorise la d\u00e9sintoxication et r\u00e9tablit l'\u00e9quilibre entre le corps et l'esprit.","breadcrumb":{"@id":"https:\/\/www.inspirealtea.com\/experiences\/abhyangam-full-body-massage\/#breadcrumb"},"inLanguage":"fr-FR","potentialAction":[{"@type":"ReadAction","target":["https:\/\/www.inspirealtea.com\/experiences\/abhyangam-full-body-massage\/"]}]},{"@type":"ImageObject","inLanguage":"fr-FR","@id":"https:\/\/www.inspirealtea.com\/experiences\/abhyangam-full-body-massage\/#primaryimage","url":"https:\/\/i0.wp.com\/www.inspirealtea.com\/wp-content\/uploads\/2025\/10\/massage-2.webp?fit=1200%2C1800&ssl=1","contentUrl":"https:\/\/i0.wp.com\/www.inspirealtea.com\/wp-content\/uploads\/2025\/10\/massage-2.webp?fit=1200%2C1800&ssl=1","width":1200,"height":1800,"caption":"Traditional Ayurvedic full body oil massage promoting relaxation and energy balance."},{"@type":"BreadcrumbList","@id":"https:\/\/www.inspirealtea.com\/experiences\/abhyangam-full-body-massage\/#breadcrumb","itemListElement":[{"@type":"ListItem","position":1,"name":"Home","item":"https:\/\/www.inspirealtea.com\/"},{"@type":"ListItem","position":2,"name":"Experiences","item":"https:\/\/www.inspirealtea.com\/experiences\/"},{"@type":"ListItem","position":3,"name":"Wellbeing experiences","item":"https:\/\/www.inspirealtea.com\/product-category\/wellbeing-experiences\/"},{"@type":"ListItem","position":4,"name":"Ayurveda Therapies","item":"https:\/\/www.inspirealtea.com\/product-category\/wellbeing-experiences\/ayurveda-therapies\/"},{"@type":"ListItem","position":5,"name":"massage","item":"https:\/\/www.inspirealtea.com\/product-category\/wellbeing-experiences\/ayurveda-therapies\/massage-altea\/"},{"@type":"ListItem","position":6,"name":"Abhyangam Full Body Massage"}]},{"@type":"WebSite","@id":"https:\/\/www.inspirealtea.com\/#website","url":"https:\/\/www.inspirealtea.com\/","name":"Yoga, Ayurveda et randonn\u00e9e | Inspire Altea","description":"Explorez-vous \u00e0 travers le Yoga, l'Ayurveda et la Randonn\u00e9e \u00e0 Altea, Alicante \u2014 un sanctuaire de bien-\u00eatre en bord de M\u00e9diterran\u00e9e.","publisher":{"@id":"https:\/\/www.inspirealtea.com\/#organization"},"alternateName":"Inspire Altea \u2013 Yoga, Ayurveda & Hiking","potentialAction":[{"@type":"SearchAction","target":{"@type":"EntryPoint","urlTemplate":"https:\/\/www.inspirealtea.com\/?s={search_term_string}"},"query-input":{"@type":"PropertyValueSpecification","valueRequired":true,"valueName":"search_term_string"}}],"inLanguage":"fr-FR"},{"@type":"Organization","@id":"https:\/\/www.inspirealtea.com\/#organization","name":"Yoga, Ayurveda et randonn\u00e9e | Inspire Altea","alternateName":"IA Yoga Ayurveda Hike","url":"https:\/\/www.inspirealtea.com\/","logo":{"@type":"ImageObject","inLanguage":"fr-FR","@id":"https:\/\/www.inspirealtea.com\/#\/schema\/logo\/image\/","url":"https:\/\/i0.wp.com\/www.inspirealtea.com\/wp-content\/uploads\/2025\/10\/Logo-Inspire-Altea.png?fit=1024%2C1024&ssl=1","contentUrl":"https:\/\/i0.wp.com\/www.inspirealtea.com\/wp-content\/uploads\/2025\/10\/Logo-Inspire-Altea.png?fit=1024%2C1024&ssl=1","width":1024,"height":1024,"caption":"Yoga, Ayurveda and Hiking | Inspire Altea"},"image":{"@id":"https:\/\/www.inspirealtea.com\/#\/schema\/logo\/image\/"},"sameAs":["https:\/\/www.facebook.com\/yogaayurveda.altea","https:\/\/www.instagram.com\/inspirealtea\/","https:\/\/www.linkedin.com\/in\/sergio-cisneros-galea","https:\/\/www.youtube.com\/@inspirealtea","https:\/\/gravatar.com\/sergiocisnerosgalea"],"description":"Discover holistic wellbeing experiences in Altea that connect body, mind, and nature. From yoga and Ayurveda to guided hiking and personalized retreats \u2014 all designed to help you restore balance, vitality, and inner peace.","email":"inspirealtea@gmail.com","telephone":"+33 6 07 42 58 97","legalName":"Sergio Cisneros Galea","foundingDate":"2019-11-11","numberOfEmployees":{"@type":"QuantitativeValue","minValue":"1","maxValue":"10"},"publishingPrinciples":"https:\/\/www.inspirealtea.com\/who-i-am\/"}]}},"jetpack_publicize_connections":[],"jetpack_sharing_enabled":true,"_links":{"self":[{"href":"https:\/\/www.inspirealtea.com\/fr\/wp-json\/wp\/v2\/product\/567","targetHints":{"allow":["GET"]}}],"collection":[{"href":"https:\/\/www.inspirealtea.com\/fr\/wp-json\/wp\/v2\/product"}],"about":[{"href":"https:\/\/www.inspirealtea.com\/fr\/wp-json\/wp\/v2\/types\/product"}],"replies":[{"embeddable":true,"href":"https:\/\/www.inspirealtea.com\/fr\/wp-json\/wp\/v2\/comments?post=567"}],"wp:featuredmedia":[{"embeddable":true,"href":"https:\/\/www.inspirealtea.com\/fr\/wp-json\/wp\/v2\/media\/565"}],"wp:attachment":[{"href":"https:\/\/www.inspirealtea.com\/fr\/wp-json\/wp\/v2\/media?parent=567"}],"wp:term":[{"taxonomy":"product_brand","embeddable":true,"href":"https:\/\/www.inspirealtea.com\/fr\/wp-json\/wp\/v2\/product_brand?post=567"},{"taxonomy":"product_cat","embeddable":true,"href":"https:\/\/www.inspirealtea.com\/fr\/wp-json\/wp\/v2\/product_cat?post=567"},{"taxonomy":"product_tag","embeddable":true,"href":"https:\/\/www.inspirealtea.com\/fr\/wp-json\/wp\/v2\/product_tag?post=567"}],"curies":[{"name":"wp","href":"https:\/\/api.w.org\/{rel}","templated":true}]}}