{"id":164,"date":"2025-10-23T12:19:28","date_gmt":"2025-10-23T10:19:28","guid":{"rendered":"https:\/\/www.inspirealtea.com\/product\/yoga-for-athletes-performance-in-altea\/"},"modified":"2026-02-24T16:24:52","modified_gmt":"2026-02-24T15:24:52","slug":"yoga-pour-athletes-altea","status":"publish","type":"product","link":"https:\/\/www.inspirealtea.com\/fr\/experiences\/yoga-for-athletes-altea\/","title":{"rendered":"Yoga pour les athl\u00e8tes et la performance \u00e0 Altea"},"content":{"rendered":"<h1 data-start=\"280\" data-end=\"322\"><span style=\"text-decoration: underline;\"><a href=\"https:\/\/www.inspirealtea.com\/fr\/yoga-a-altea\/\">Yoga<\/a><\/span> pour les athl\u00e8tes et la performance \u00e0 Altea<\/h1>\n<p data-start=\"324\" data-end=\"531\">Boostez vos performances avec le yoga pour athl\u00e8tes \u00e0 Altea. Ces s\u00e9ances cibl\u00e9es am\u00e9liorent la mobilit\u00e9, la force, la flexibilit\u00e9, la concentration et la r\u00e9cup\u00e9ration - vous aidant \u00e0 bouger plus efficacement et \u00e0 r\u00e9duire le risque de blessure.<\/p>\n<p data-start=\"533\" data-end=\"715\">Que vous couriez, fassiez du v\u00e9lo, de l'escalade ou que vous ayez simplement un mode de vie actif, cette pratique favorise \u00e0 la fois la performance et le bien-\u00eatre. Elle vous aide \u00e0 vous sentir plus fort, \u00e0 bouger librement et \u00e0 r\u00e9cup\u00e9rer plus rapidement.<\/p>\n<p data-start=\"717\" data-end=\"971\">Nous combinons des postures dynamiques, une respiration concentr\u00e9e et des techniques pratiques de r\u00e9cup\u00e9ration. Chaque s\u00e9ance active des groupes musculaires cl\u00e9s, am\u00e9liore la mobilit\u00e9 des articulations et d\u00e9veloppe la conscience du corps. En cons\u00e9quence, vous bougez plus intelligemment, vous r\u00e9duisez la fatigue et vous diminuez les contraintes sur votre corps.<\/p>\n<hr data-start=\"973\" data-end=\"976\" \/>\n<h2 data-start=\"978\" data-end=\"1010\">S'entra\u00eener plus intelligemment, mieux r\u00e9cup\u00e9rer<\/h2>\n<p data-start=\"1012\" data-end=\"1066\">\u00c0 Inspire Altea, nous adaptons chaque s\u00e9ance \u00e0 vos objectifs.<\/p>\n<p data-start=\"1068\" data-end=\"1097\">Par exemple, vous pouvez souhaiter<\/p>\n<ul data-start=\"1098\" data-end=\"1195\">\n<li data-start=\"1098\" data-end=\"1119\">\n<p data-start=\"1100\" data-end=\"1119\">Am\u00e9liorer l'endurance<\/p>\n<\/li>\n<li data-start=\"1120\" data-end=\"1141\">\n<p data-start=\"1122\" data-end=\"1141\">Accro\u00eetre la mobilit\u00e9<\/p>\n<\/li>\n<li data-start=\"1142\" data-end=\"1175\">\n<p data-start=\"1144\" data-end=\"1175\">R\u00e9cup\u00e9rer apr\u00e8s un entra\u00eenement intense<\/p>\n<\/li>\n<li data-start=\"1176\" data-end=\"1195\">\n<p data-start=\"1178\" data-end=\"1195\">Renforcer la stabilit\u00e9<\/p>\n<\/li>\n<\/ul>\n<p data-start=\"1197\" data-end=\"1234\">Au cours de la session, vous travaillez sur<\/p>\n<ul data-start=\"1236\" data-end=\"1471\">\n<li data-start=\"1236\" data-end=\"1313\">\n<p data-start=\"1238\" data-end=\"1313\"><strong data-start=\"1238\" data-end=\"1259\">Formation \u00e0 la mobilit\u00e9<\/strong> qui lib\u00e8re les tensions et augmente l'amplitude des mouvements<\/p>\n<\/li>\n<li data-start=\"1314\" data-end=\"1375\">\n<p data-start=\"1316\" data-end=\"1375\"><strong data-start=\"1316\" data-end=\"1347\">Travail de force et de stabilit\u00e9<\/strong> qui soutient la performance<\/p>\n<\/li>\n<li data-start=\"1376\" data-end=\"1424\">\n<p data-start=\"1378\" data-end=\"1424\"><strong data-start=\"1378\" data-end=\"1403\">Techniques respiratoires<\/strong> qui permettent d'affiner la mise au point<\/p>\n<\/li>\n<li data-start=\"1425\" data-end=\"1471\">\n<p data-start=\"1427\" data-end=\"1471\"><strong data-start=\"1427\" data-end=\"1446\">Relaxation profonde<\/strong> qui favorise la r\u00e9cup\u00e9ration<\/p>\n<\/li>\n<\/ul>\n<p data-start=\"1473\" data-end=\"1548\">Cette approche structur\u00e9e compl\u00e8te votre formation au lieu de la remplacer.<\/p>\n<hr data-start=\"1550\" data-end=\"1553\" \/>\n<h2 data-start=\"1555\" data-end=\"1587\">Personnalis\u00e9 en petit groupe<\/h2>\n<p data-start=\"1589\" data-end=\"1689\">Sergio, professeur de yoga certifi\u00e9 et accompagnateur en montagne, guide chaque session avec clart\u00e9 et pr\u00e9cision.<\/p>\n<p data-start=\"1691\" data-end=\"1791\">Les groupes \u00e9tant restreints, vous b\u00e9n\u00e9ficiez de conseils personnalis\u00e9s tout en profitant d'un environnement de cours dynamique.<\/p>\n<p data-start=\"1793\" data-end=\"1903\">Cette s\u00e9ance de yoga pour athl\u00e8tes \u00e0 Altea est factur\u00e9e par personne et s'int\u00e8gre facilement dans votre routine d'entra\u00eenement.<\/p>\n<hr data-start=\"1905\" data-end=\"1908\" \/>\n<h2 data-start=\"1910\" data-end=\"1928\">D\u00e9tails de la session<\/h2>\n<ul data-start=\"1930\" data-end=\"2103\">\n<li data-start=\"1930\" data-end=\"1954\">\n<p data-start=\"1932\" data-end=\"1954\">Dur\u00e9e de l'examen : 60 minutes<\/p>\n<\/li>\n<li data-start=\"1955\" data-end=\"2001\">\n<p data-start=\"1957\" data-end=\"2001\">Format : Petit groupe avec accompagnement personnalis\u00e9<\/p>\n<\/li>\n<li data-start=\"2002\" data-end=\"2050\">\n<p data-start=\"2004\" data-end=\"2050\">Niveau : Adaptable \u00e0 tous les milieux sportifs<\/p>\n<\/li>\n<li data-start=\"2051\" data-end=\"2103\">\n<p data-start=\"2053\" data-end=\"2103\">Focus : Mobilit\u00e9, force, r\u00e9cup\u00e9ration et respiration<\/p>\n<\/li>\n<\/ul>\n<p data-start=\"2105\" data-end=\"2128\">\ud83d\udca1 Le prix est par personne.<\/p>\n<hr data-start=\"2130\" data-end=\"2133\" \/>\n<h2 data-start=\"2135\" data-end=\"2146\">Comprend<\/h2>\n<ul data-start=\"2148\" data-end=\"2303\">\n<li data-start=\"2148\" data-end=\"2191\">\n<p data-start=\"2150\" data-end=\"2191\">S\u00e9ance de yoga guid\u00e9e ax\u00e9e sur la performance<\/p>\n<\/li>\n<li data-start=\"2192\" data-end=\"2222\">\n<p data-start=\"2194\" data-end=\"2222\">Mobilit\u00e9 et travail de force<\/p>\n<\/li>\n<li data-start=\"2223\" data-end=\"2261\">\n<p data-start=\"2225\" data-end=\"2261\">Techniques de respiration et de r\u00e9cup\u00e9ration<\/p>\n<\/li>\n<li data-start=\"2262\" data-end=\"2303\">\n<p data-start=\"2264\" data-end=\"2303\">Soutien personnalis\u00e9 au sein du groupe<\/p>\n<\/li>\n<\/ul>\n<hr data-start=\"2305\" data-end=\"2308\" \/>\n<h2 data-start=\"2310\" data-end=\"2343\">Poursuivre votre parcours de formation<\/h2>\n<p data-start=\"2345\" data-end=\"2385\">De nombreux athl\u00e8tes combinent cette s\u00e9ance avec :<\/p>\n<ul data-start=\"2387\" data-end=\"2536\">\n<li data-start=\"2387\" data-end=\"2438\">\n<p data-start=\"2389\" data-end=\"2438\">A <a href=\"https:\/\/www.inspirealtea.com\/fr\/experiences\/cours-de-yoga-prives-altea\/\">Cours de yoga priv\u00e9<\/a> pour une personnalisation plus pouss\u00e9e<\/p>\n<\/li>\n<li data-start=\"2439\" data-end=\"2486\">\n<p data-start=\"2441\" data-end=\"2486\">A <a href=\"https:\/\/www.inspirealtea.com\/fr\/randonnee-alicante\/\">Exp\u00e9rience de la randonn\u00e9e<\/a> pour un mouvement fonctionnel<\/p>\n<\/li>\n<li data-start=\"2487\" data-end=\"2536\">\n<p data-start=\"2489\" data-end=\"2536\">Un <a href=\"https:\/\/www.inspirealtea.com\/fr\/layurveda-a-altea\/\">Ayurveda <\/a><a href=\"https:\/\/www.inspirealtea.com\/fr\/layurveda-a-altea\/consultation\/\">Consultation<\/a> pour la r\u00e9cup\u00e9ration <a href=\"https:\/\/www.inspirealtea.com\/fr\/experiences\/massage-sportif\/\">soutien<\/a><\/p>\n<\/li>\n<\/ul>\n<hr data-start=\"2538\" data-end=\"2541\" \/>\n<h2 data-start=\"2543\" data-end=\"2550\">FAQ<\/h2>\n<p data-start=\"2552\" data-end=\"2687\"><strong data-start=\"2552\" data-end=\"2580\">\u00c0 qui s'adresse cette session ?<\/strong><br data-start=\"2580\" data-end=\"2583\" \/>Les coureurs, les cyclistes, les grimpeurs et les personnes actives qui souhaitent am\u00e9liorer leur mobilit\u00e9, leur r\u00e9cup\u00e9ration et leurs performances.<\/p>\n<p data-start=\"2689\" data-end=\"2764\"><strong data-start=\"2689\" data-end=\"2713\">Sur quoi nous concentrons-nous ?<\/strong><br data-start=\"2713\" data-end=\"2716\" \/>Mobilit\u00e9, stabilit\u00e9, respiration et relaxation.<\/p>\n<p data-start=\"2766\" data-end=\"2861\"><strong data-start=\"2766\" data-end=\"2811\">Peut-il aider \u00e0 soulager les hanches ou les \u00e9paules tendues ?<\/strong><br data-start=\"2811\" data-end=\"2814\" \/>Oui. Nous adaptons le travail aux zones de tension communes.<\/p>\n<p data-start=\"2863\" data-end=\"2946\"><strong data-start=\"2863\" data-end=\"2889\">Peut-il correspondre \u00e0 mon sport ?<\/strong><br data-start=\"2889\" data-end=\"2892\" \/>Absolument. Nous adaptons la pratique \u00e0 votre discipline.<\/p>\n<p data-start=\"2948\" data-end=\"2997\"><strong data-start=\"2948\" data-end=\"2976\">Quelle est la dur\u00e9e de la session ?<\/strong><br data-start=\"2976\" data-end=\"2979\" \/>Environ 60 minutes.<\/p>\n<p data-start=\"2999\" data-end=\"3110\"><strong data-start=\"2999\" data-end=\"3043\">Puis-je le combiner avec d'autres exp\u00e9riences ?<\/strong><br data-start=\"3043\" data-end=\"3046\" \/>Oui. De nombreux clients l'associent \u00e0 des s\u00e9ances priv\u00e9es de yoga, d'ayurv\u00e9da ou de randonn\u00e9e.<\/p>","protected":false},"excerpt":{"rendered":"<p data-start=\"216\" data-end=\"423\">Am\u00e9liorez vos performances, votre mobilit\u00e9 et votre r\u00e9cup\u00e9ration gr\u00e2ce au yoga pour athl\u00e8tes \u00e0 Altea.<br data-start=\"292\" data-end=\"295\" \/>Ces s\u00e9ances cibl\u00e9es aident les coureurs, les cyclistes, les grimpeurs et les personnes actives \u00e0 mieux bouger, \u00e0 pr\u00e9venir les blessures et \u00e0 r\u00e9cup\u00e9rer plus rapidement.<\/p>\n<p data-start=\"425\" data-end=\"480\">Guid\u00e9s par un professeur certifi\u00e9 dans un petit groupe.<\/p>\n<p data-start=\"482\" data-end=\"505\">\ud83d\udca1 Le prix est par personne.<\/p>","protected":false},"featured_media":163,"comment_status":"open","ping_status":"closed","template":"","meta":{"nf_dc_page":"","om_disable_all_campaigns":false,"_monsterinsights_skip_tracking":false,"_monsterinsights_sitenote_active":false,"_monsterinsights_sitenote_note":"","_monsterinsights_sitenote_category":0,"_uf_show_specific_survey":0,"_uf_disable_surveys":false,"jetpack_post_was_ever_published":false,"jetpack_publicize_message":"","jetpack_publicize_feature_enabled":true,"jetpack_social_post_already_shared":false,"jetpack_social_options":{"image_generator_settings":{"template":"highway","default_image_id":0,"font":"","enabled":false},"version":2}},"product_brand":[35],"product_cat":[24,22,55],"product_tag":[124,388,391,62,389,386,390,36,385,387,383,60,384,61,58],"class_list":{"0":"post-164","1":"product","2":"type-product","3":"status-publish","4":"has-post-thumbnail","6":"product_brand-inspire-altea","7":"product_cat-wellbeing-experiences","8":"product_cat-yoga-classes","9":"product_cat-yoga-for-athletes-altea","10":"product_tag-altea-wellness","11":"product_tag-breathwork-for-athletes","12":"product_tag-costa-blanca-fitness","13":"product_tag-flexibility-training","14":"product_tag-injury-prevention","15":"product_tag-mobility-training","16":"product_tag-performance-and-recovery","17":"product_tag-private-yoga-altea","18":"product_tag-sports-performance-yoga","19":"product_tag-strength-and-stability","20":"product_tag-yoga-for-athletes","21":"product_tag-yoga-for-climbers","22":"product_tag-yoga-for-cyclists","23":"product_tag-yoga-for-recovery","24":"product_tag-yoga-for-runners","26":"first","27":"instock","28":"featured","29":"virtual","30":"purchasable","31":"product-type-simple"},"yoast_head":"<!-- This site is optimized with the Yoast SEO Premium plugin v27.3 (Yoast SEO v27.4) - https:\/\/yoast.com\/product\/yoast-seo-premium-wordpress\/ -->\n<title>Yoga for Athletes in Altea | Performance &amp; Recovery Sessions<\/title>\n<meta name=\"description\" content=\"Boost mobility, strength, and recovery with yoga for athletes in Altea. Tailored sessions for runners, cyclists &amp; active individuals. Small groups.\" \/>\n<meta name=\"robots\" content=\"index, follow, max-snippet:-1, max-image-preview:large, max-video-preview:-1\" \/>\n<link rel=\"canonical\" href=\"https:\/\/www.inspirealtea.com\/fr\/experiences\/yoga-pour-athletes-altea\/\" \/>\n<meta property=\"og:locale\" content=\"fr_FR\" \/>\n<meta property=\"og:type\" content=\"article\" \/>\n<meta property=\"og:title\" content=\"Yoga for Athletes &amp; Performance in Altea\" \/>\n<meta property=\"og:description\" content=\"Boost mobility, strength, and recovery with yoga for athletes in Altea. Tailored sessions for runners, cyclists &amp; active individuals. Small groups.\" \/>\n<meta property=\"og:url\" content=\"https:\/\/www.inspirealtea.com\/fr\/experiences\/yoga-pour-athletes-altea\/\" \/>\n<meta property=\"og:site_name\" content=\"Yoga, Ayurveda and Hiking | Inspire Altea\" \/>\n<meta property=\"article:publisher\" content=\"https:\/\/www.facebook.com\/yogaayurveda.altea\" \/>\n<meta property=\"article:modified_time\" content=\"2026-02-24T15:24:52+00:00\" \/>\n<meta property=\"og:image\" content=\"https:\/\/www.inspirealtea.com\/wp-content\/uploads\/2025\/10\/pexels-klaus-nielsen-6303797-scaled.jpg\" \/>\n\t<meta property=\"og:image:width\" content=\"1707\" \/>\n\t<meta property=\"og:image:height\" content=\"2560\" \/>\n\t<meta property=\"og:image:type\" content=\"image\/jpeg\" \/>\n<meta name=\"twitter:card\" content=\"summary_large_image\" \/>\n<meta name=\"twitter:label1\" content=\"Dur\u00e9e de lecture estim\u00e9e\" \/>\n\t<meta name=\"twitter:data1\" content=\"2 minutes\" \/>\n<!-- \/ Yoast SEO Premium plugin. -->","yoast_head_json":{"title":"Yoga pour athl\u00e8tes \u00e0 Altea | Sessions de performance et de r\u00e9cup\u00e9ration","description":"Le yoga pour athl\u00e8tes \u00e0 Altea permet d'am\u00e9liorer la mobilit\u00e9, la force et la r\u00e9cup\u00e9ration. S\u00e9ances sur mesure pour les coureurs, les cyclistes et les personnes actives. Petits groupes.","robots":{"index":"index","follow":"follow","max-snippet":"max-snippet:-1","max-image-preview":"max-image-preview:large","max-video-preview":"max-video-preview:-1"},"canonical":"https:\/\/www.inspirealtea.com\/fr\/experiences\/yoga-pour-athletes-altea\/","og_locale":"fr_FR","og_type":"article","og_title":"Yoga for Athletes & Performance in Altea","og_description":"Boost mobility, strength, and recovery with yoga for athletes in Altea. Tailored sessions for runners, cyclists & active individuals. Small groups.","og_url":"https:\/\/www.inspirealtea.com\/fr\/experiences\/yoga-pour-athletes-altea\/","og_site_name":"Yoga, Ayurveda and Hiking | Inspire Altea","article_publisher":"https:\/\/www.facebook.com\/yogaayurveda.altea","article_modified_time":"2026-02-24T15:24:52+00:00","og_image":[{"width":1707,"height":2560,"url":"https:\/\/www.inspirealtea.com\/wp-content\/uploads\/2025\/10\/pexels-klaus-nielsen-6303797-scaled.jpg","type":"image\/jpeg"}],"twitter_card":"summary_large_image","twitter_misc":{"Dur\u00e9e de lecture estim\u00e9e":"2 minutes"},"schema":{"@context":"https:\/\/schema.org","@graph":[{"@type":"WebPage","@id":"https:\/\/www.inspirealtea.com\/experiences\/yoga-for-athletes-altea\/","url":"https:\/\/www.inspirealtea.com\/experiences\/yoga-for-athletes-altea\/","name":"Yoga pour athl\u00e8tes \u00e0 Altea | Sessions de performance et de r\u00e9cup\u00e9ration","isPartOf":{"@id":"https:\/\/www.inspirealtea.com\/#website"},"primaryImageOfPage":{"@id":"https:\/\/www.inspirealtea.com\/experiences\/yoga-for-athletes-altea\/#primaryimage"},"image":{"@id":"https:\/\/www.inspirealtea.com\/experiences\/yoga-for-athletes-altea\/#primaryimage"},"thumbnailUrl":"https:\/\/i0.wp.com\/www.inspirealtea.com\/wp-content\/uploads\/2025\/10\/pexels-klaus-nielsen-6303797-scaled.jpg?fit=1707%2C2560&ssl=1","datePublished":"2025-10-23T10:19:28+00:00","dateModified":"2026-02-24T15:24:52+00:00","description":"Le yoga pour athl\u00e8tes \u00e0 Altea permet d'am\u00e9liorer la mobilit\u00e9, la force et la r\u00e9cup\u00e9ration. S\u00e9ances sur mesure pour les coureurs, les cyclistes et les personnes actives. Petits groupes.","breadcrumb":{"@id":"https:\/\/www.inspirealtea.com\/experiences\/yoga-for-athletes-altea\/#breadcrumb"},"inLanguage":"fr-FR","potentialAction":[{"@type":"ReadAction","target":["https:\/\/www.inspirealtea.com\/experiences\/yoga-for-athletes-altea\/"]}]},{"@type":"ImageObject","inLanguage":"fr-FR","@id":"https:\/\/www.inspirealtea.com\/experiences\/yoga-for-athletes-altea\/#primaryimage","url":"https:\/\/i0.wp.com\/www.inspirealtea.com\/wp-content\/uploads\/2025\/10\/pexels-klaus-nielsen-6303797-scaled.jpg?fit=1707%2C2560&ssl=1","contentUrl":"https:\/\/i0.wp.com\/www.inspirealtea.com\/wp-content\/uploads\/2025\/10\/pexels-klaus-nielsen-6303797-scaled.jpg?fit=1707%2C2560&ssl=1","width":1707,"height":2560,"caption":"Improve flexibility, focus, and recovery with yoga for athletes in Altea \u2014 ideal for runners, climbers, and active individuals."},{"@type":"BreadcrumbList","@id":"https:\/\/www.inspirealtea.com\/experiences\/yoga-for-athletes-altea\/#breadcrumb","itemListElement":[{"@type":"ListItem","position":1,"name":"Home","item":"https:\/\/www.inspirealtea.com\/"},{"@type":"ListItem","position":2,"name":"Experiences","item":"https:\/\/www.inspirealtea.com\/experiences\/"},{"@type":"ListItem","position":3,"name":"Wellbeing experiences","item":"https:\/\/www.inspirealtea.com\/product-category\/wellbeing-experiences\/"},{"@type":"ListItem","position":4,"name":"Yoga Classes","item":"https:\/\/www.inspirealtea.com\/product-category\/wellbeing-experiences\/yoga-classes\/"},{"@type":"ListItem","position":5,"name":"Yoga for Athletes &amp; Performance","item":"https:\/\/www.inspirealtea.com\/product-category\/wellbeing-experiences\/yoga-classes\/yoga-for-athletes-altea\/"},{"@type":"ListItem","position":6,"name":"Yoga for Athletes &#038; Performance in Altea"}]},{"@type":"WebSite","@id":"https:\/\/www.inspirealtea.com\/#website","url":"https:\/\/www.inspirealtea.com\/","name":"Yoga, Ayurveda et randonn\u00e9e | Inspire Altea","description":"Explorez-vous \u00e0 travers le Yoga, l'Ayurveda et la Randonn\u00e9e \u00e0 Altea, Alicante \u2014 un sanctuaire de bien-\u00eatre en bord de M\u00e9diterran\u00e9e.","publisher":{"@id":"https:\/\/www.inspirealtea.com\/#organization"},"alternateName":"Inspire Altea \u2013 Yoga, Ayurveda & Hiking","potentialAction":[{"@type":"SearchAction","target":{"@type":"EntryPoint","urlTemplate":"https:\/\/www.inspirealtea.com\/?s={search_term_string}"},"query-input":{"@type":"PropertyValueSpecification","valueRequired":true,"valueName":"search_term_string"}}],"inLanguage":"fr-FR"},{"@type":"Organization","@id":"https:\/\/www.inspirealtea.com\/#organization","name":"Yoga, Ayurveda et randonn\u00e9e | Inspire Altea","alternateName":"IA Yoga Ayurveda Hike","url":"https:\/\/www.inspirealtea.com\/","logo":{"@type":"ImageObject","inLanguage":"fr-FR","@id":"https:\/\/www.inspirealtea.com\/#\/schema\/logo\/image\/","url":"https:\/\/i0.wp.com\/www.inspirealtea.com\/wp-content\/uploads\/2025\/10\/Logo-Inspire-Altea.png?fit=1024%2C1024&ssl=1","contentUrl":"https:\/\/i0.wp.com\/www.inspirealtea.com\/wp-content\/uploads\/2025\/10\/Logo-Inspire-Altea.png?fit=1024%2C1024&ssl=1","width":1024,"height":1024,"caption":"Yoga, Ayurveda and Hiking | Inspire Altea"},"image":{"@id":"https:\/\/www.inspirealtea.com\/#\/schema\/logo\/image\/"},"sameAs":["https:\/\/www.facebook.com\/yogaayurveda.altea","https:\/\/www.instagram.com\/inspirealtea\/","https:\/\/www.linkedin.com\/in\/sergio-cisneros-galea","https:\/\/www.youtube.com\/@inspirealtea","https:\/\/gravatar.com\/sergiocisnerosgalea"],"description":"Discover holistic wellbeing experiences in Altea that connect body, mind, and nature. From yoga and Ayurveda to guided hiking and personalized retreats \u2014 all designed to help you restore balance, vitality, and inner peace.","email":"inspirealtea@gmail.com","telephone":"+33 6 07 42 58 97","legalName":"Sergio Cisneros Galea","foundingDate":"2019-11-11","numberOfEmployees":{"@type":"QuantitativeValue","minValue":"1","maxValue":"10"},"publishingPrinciples":"https:\/\/www.inspirealtea.com\/who-i-am\/"}]}},"jetpack_publicize_connections":[],"jetpack_sharing_enabled":true,"_links":{"self":[{"href":"https:\/\/www.inspirealtea.com\/fr\/wp-json\/wp\/v2\/product\/164","targetHints":{"allow":["GET"]}}],"collection":[{"href":"https:\/\/www.inspirealtea.com\/fr\/wp-json\/wp\/v2\/product"}],"about":[{"href":"https:\/\/www.inspirealtea.com\/fr\/wp-json\/wp\/v2\/types\/product"}],"replies":[{"embeddable":true,"href":"https:\/\/www.inspirealtea.com\/fr\/wp-json\/wp\/v2\/comments?post=164"}],"wp:featuredmedia":[{"embeddable":true,"href":"https:\/\/www.inspirealtea.com\/fr\/wp-json\/wp\/v2\/media\/163"}],"wp:attachment":[{"href":"https:\/\/www.inspirealtea.com\/fr\/wp-json\/wp\/v2\/media?parent=164"}],"wp:term":[{"taxonomy":"product_brand","embeddable":true,"href":"https:\/\/www.inspirealtea.com\/fr\/wp-json\/wp\/v2\/product_brand?post=164"},{"taxonomy":"product_cat","embeddable":true,"href":"https:\/\/www.inspirealtea.com\/fr\/wp-json\/wp\/v2\/product_cat?post=164"},{"taxonomy":"product_tag","embeddable":true,"href":"https:\/\/www.inspirealtea.com\/fr\/wp-json\/wp\/v2\/product_tag?post=164"}],"curies":[{"name":"wp","href":"https:\/\/api.w.org\/{rel}","templated":true}]}}