{"id":161,"date":"2025-10-23T10:58:10","date_gmt":"2025-10-23T08:58:10","guid":{"rendered":"https:\/\/www.inspirealtea.com\/?post_type=product&#038;p=161"},"modified":"2026-02-24T16:43:01","modified_gmt":"2026-02-24T15:43:01","slug":"yoga-pour-evenements-retraites-altea","status":"publish","type":"product","link":"https:\/\/www.inspirealtea.com\/fr\/experiences\/yoga-for-events-retreats-altea\/","title":{"rendered":"Yoga pour \u00e9v\u00e9nements et retraites en Altea"},"content":{"rendered":"<h2 data-start=\"1287\" data-end=\"1325\"><a href=\"https:\/\/www.inspirealtea.com\/fr\/yoga-a-altea\/\">Yoga<\/a> pour \u00c9v\u00e9nements et retraites \u00e0 Altea<\/h2>\n<p data-start=\"1327\" data-end=\"1431\">Apportez le calme, la connexion et l'inspiration \u00e0 votre prochain rassemblement avec le yoga pour les \u00e9v\u00e9nements et les retraites \u00e0 Altea.<\/p>\n<p data-start=\"1433\" data-end=\"1662\">Qu'il s'agisse d'un week-end de bien-\u00eatre, d'une c\u00e9l\u00e9bration de mariage, d'une retraite d'entreprise ou d'une exp\u00e9rience de groupe priv\u00e9e, ces sessions cr\u00e9ent un moment partag\u00e9 de pr\u00e9sence et d'\u00e9quilibre dans l'une des plus belles destinations c\u00f4ti\u00e8res d'Espagne.<\/p>\n<p data-start=\"1664\" data-end=\"1762\">\u00c0 Inspire Altea, le yoga devient plus qu'un mouvement - il devient une exp\u00e9rience qui relie les gens.<\/p>\n<hr data-start=\"1764\" data-end=\"1767\" \/>\n<h2 data-start=\"1769\" data-end=\"1808\">Une s\u00e9ance con\u00e7ue pour l'occasion<\/h2>\n<p data-start=\"1810\" data-end=\"1874\">Chaque session s'adapte aux objectifs, \u00e0 l'\u00e9nergie et au calendrier de votre groupe.<\/p>\n<p data-start=\"1876\" data-end=\"1891\">Vous pouvez choisir :<\/p>\n<ul data-start=\"1893\" data-end=\"1981\">\n<li data-start=\"1893\" data-end=\"1916\">\n<p data-start=\"1895\" data-end=\"1916\">Une douce coul\u00e9e de soleil levant<\/p>\n<\/li>\n<li data-start=\"1917\" data-end=\"1951\">\n<p data-start=\"1919\" data-end=\"1951\">Une pratique de jour \u00e9nergisante<\/p>\n<\/li>\n<li data-start=\"1952\" data-end=\"1981\">\n<p data-start=\"1954\" data-end=\"1981\">Une s\u00e9ance relaxante au coucher du soleil<\/p>\n<\/li>\n<\/ul>\n<p data-start=\"1983\" data-end=\"2095\">Les s\u00e9ances peuvent se d\u00e9rouler en plein air avec vue sur la mer et les montagnes ou \u00e0 l'int\u00e9rieur pour un cadre calme et intime.<\/p>\n<hr data-start=\"2097\" data-end=\"2100\" \/>\n<h2 data-start=\"2102\" data-end=\"2121\">Formats souples<\/h2>\n<p data-start=\"2123\" data-end=\"2261\">Nous travaillons en \u00e9troite collaboration avec les organisateurs d'\u00e9v\u00e9nements, les organisateurs de retraites et les organisateurs priv\u00e9s pour concevoir des sessions qui s'int\u00e8grent parfaitement \u00e0 votre programme.<\/p>\n<p data-start=\"2263\" data-end=\"2289\">Les formats disponibles sont les suivants<\/p>\n<ul data-start=\"2291\" data-end=\"2391\">\n<li data-start=\"2291\" data-end=\"2324\">\n<p data-start=\"2293\" data-end=\"2324\">S\u00e9ances de yoga en groupe de 60 minutes<\/p>\n<\/li>\n<li data-start=\"2325\" data-end=\"2357\">\n<p data-start=\"2327\" data-end=\"2357\">Retraite d'une demi-journ\u00e9e<\/p>\n<\/li>\n<li data-start=\"2358\" data-end=\"2391\">\n<p data-start=\"2360\" data-end=\"2391\">Programme de bien-\u00eatre d'une journ\u00e9e enti\u00e8re<\/p>\n<\/li>\n<\/ul>\n<hr data-start=\"2393\" data-end=\"2396\" \/>\n<h2 data-start=\"2398\" data-end=\"2417\">Compl\u00e9ments optionnels<\/h2>\n<p data-start=\"2419\" data-end=\"2448\">Am\u00e9liorez votre exp\u00e9rience avec :<\/p>\n<ul data-start=\"2450\" data-end=\"2500\">\n<li data-start=\"2450\" data-end=\"2464\">\n<p data-start=\"2452\" data-end=\"2464\">M\u00e9ditation<\/p>\n<\/li>\n<li data-start=\"2465\" data-end=\"2479\">\n<p data-start=\"2467\" data-end=\"2479\">Travail sur la respiration<\/p>\n<\/li>\n<li data-start=\"2480\" data-end=\"2500\">\n<p data-start=\"2482\" data-end=\"2500\">Relaxation sonore<\/p>\n<\/li>\n<\/ul>\n<hr data-start=\"2502\" data-end=\"2505\" \/>\n<h2 data-start=\"2507\" data-end=\"2534\">Avantages pour vos invit\u00e9s<\/h2>\n<p data-start=\"2536\" data-end=\"2569\">Ces sessions aident les participants \u00e0<\/p>\n<ul data-start=\"2571\" data-end=\"2689\">\n<li data-start=\"2571\" data-end=\"2602\">\n<p data-start=\"2573\" data-end=\"2602\">Se sentir ancr\u00e9 et connect\u00e9<\/p>\n<\/li>\n<li data-start=\"2603\" data-end=\"2622\">\n<p data-start=\"2605\" data-end=\"2622\">Rel\u00e2cher la tension<\/p>\n<\/li>\n<li data-start=\"2623\" data-end=\"2649\">\n<p data-start=\"2625\" data-end=\"2649\">Am\u00e9liorer la coh\u00e9sion du groupe<\/p>\n<\/li>\n<li data-start=\"2650\" data-end=\"2689\">\n<p data-start=\"2652\" data-end=\"2689\">Faire l'exp\u00e9rience d'un calme et d'une pr\u00e9sence partag\u00e9s<\/p>\n<\/li>\n<\/ul>\n<p data-start=\"2691\" data-end=\"2751\">Le yoga cr\u00e9e naturellement une atmosph\u00e8re accueillante et m\u00e9morable.<\/p>\n<hr data-start=\"2753\" data-end=\"2756\" \/>\n<h2 data-start=\"2758\" data-end=\"2786\">Guid\u00e9 par l'expertise locale<\/h2>\n<p data-start=\"2788\" data-end=\"2885\">Toutes les sessions sont guid\u00e9es par <strong data-start=\"2815\" data-end=\"2825\">Sergio<\/strong>, Professeur de yoga certifi\u00e9 et accompagnateur en montagne bas\u00e9 \u00e0 Altea.<\/p>\n<p data-start=\"2887\" data-end=\"2998\">Son approche allie la pleine conscience, l'accessibilit\u00e9 et la l\u00e9g\u00e8ret\u00e9, ce qui rend l'exp\u00e9rience agr\u00e9able pour tous les niveaux.<\/p>\n<hr data-start=\"3000\" data-end=\"3003\" \/>\n<h2 data-start=\"3005\" data-end=\"3023\">D\u00e9tails de la session<\/h2>\n<ul data-start=\"3025\" data-end=\"3117\">\n<li data-start=\"3025\" data-end=\"3051\">\n<p data-start=\"3027\" data-end=\"3051\">S\u00e9ances priv\u00e9es en groupe<\/p>\n<\/li>\n<li data-start=\"3052\" data-end=\"3089\">\n<p data-start=\"3054\" data-end=\"3089\">Sur votre site ou en ext\u00e9rieur<\/p>\n<\/li>\n<li data-start=\"3090\" data-end=\"3117\">\n<p data-start=\"3092\" data-end=\"3117\">Convient \u00e0 tous les niveaux<\/p>\n<\/li>\n<\/ul>\n<hr data-start=\"3119\" data-end=\"3122\" \/>\n<h2 data-start=\"3124\" data-end=\"3134\">Tarification<\/h2>\n<p data-start=\"3136\" data-end=\"3175\">Les sessions commencent \u00e0 partir de <strong data-start=\"3156\" data-end=\"3174\">150\u20ac par groupe<\/strong>.<\/p>\n<p data-start=\"3177\" data-end=\"3202\">Le prix final d\u00e9pend de :<\/p>\n<ul data-start=\"3204\" data-end=\"3309\">\n<li data-start=\"3204\" data-end=\"3230\">\n<p data-start=\"3206\" data-end=\"3230\">Nombre de participants<\/p>\n<\/li>\n<li data-start=\"3231\" data-end=\"3243\">\n<p data-start=\"3233\" data-end=\"3243\">Localisation<\/p>\n<\/li>\n<li data-start=\"3244\" data-end=\"3256\">\n<p data-start=\"3246\" data-end=\"3256\">Dur\u00e9e de l'accord<\/p>\n<\/li>\n<li data-start=\"3257\" data-end=\"3279\">\n<p data-start=\"3259\" data-end=\"3279\">Mat\u00e9riel n\u00e9cessaire<\/p>\n<\/li>\n<li data-start=\"3280\" data-end=\"3309\">\n<p data-start=\"3282\" data-end=\"3309\">Type de session demand\u00e9e<\/p>\n<\/li>\n<\/ul>\n<p data-start=\"3311\" data-end=\"3370\">Chaque exp\u00e9rience est adapt\u00e9e aux besoins de votre \u00e9v\u00e9nement ou de votre entreprise.<\/p>\n<hr data-start=\"3372\" data-end=\"3375\" \/>\n<h2 data-start=\"3377\" data-end=\"3410\">Poursuivez votre voyage vers le bien-\u00eatre<\/h2>\n<p data-start=\"3412\" data-end=\"3457\">De nombreux organisateurs combinent cette exp\u00e9rience avec :<\/p>\n<ul data-start=\"3459\" data-end=\"3536\">\n<li data-start=\"3459\" data-end=\"3483\">\n<p data-start=\"3461\" data-end=\"3483\"><a href=\"https:\/\/www.inspirealtea.com\/fr\/experiences\/cours-de-yoga-prives-altea\/\">Cours de yoga priv\u00e9s<\/a><\/p>\n<\/li>\n<li data-start=\"3484\" data-end=\"3506\">\n<p data-start=\"3486\" data-end=\"3506\"><a href=\"https:\/\/www.inspirealtea.com\/fr\/randonnee-alicante\/\">Randonn\u00e9e<\/a> Exp\u00e9riences<\/p>\n<\/li>\n<li data-start=\"3507\" data-end=\"3536\">\n<p data-start=\"3509\" data-end=\"3536\"><a href=\"https:\/\/www.inspirealtea.com\/fr\/layurveda-a-altea\/\">Ayurveda<\/a> <a href=\"https:\/\/www.inspirealtea.com\/fr\/experiences\/week-end-de-rajeunissement\/\">Retraite<\/a> Programmes et Ayurv\u00e9da <a href=\"https:\/\/www.inspirealtea.com\/fr\/experiences\/consultation-ayurveda-altea\/\">Consultation<\/a><\/p>\n<\/li>\n<\/ul>\n<hr data-start=\"3538\" data-end=\"3541\" \/>\n<h1 data-start=\"3543\" data-end=\"3561\">FAQ<\/h1>\n<p data-start=\"3563\" data-end=\"3646\"><strong data-start=\"3563\" data-end=\"3598\">Est-ce que cela convient aux d\u00e9butants ?<\/strong><br data-start=\"3598\" data-end=\"3601\" \/>Oui. Toutes les sessions s'adaptent au niveau du groupe.<\/p>\n<p data-start=\"3648\" data-end=\"3762\"><strong data-start=\"3648\" data-end=\"3686\">Les sessions peuvent-elles se d\u00e9rouler dans nos locaux ?<\/strong><br data-start=\"3686\" data-end=\"3689\" \/>Oui, le yoga peut \u00eatre pratiqu\u00e9 sur le lieu de votre retraite, dans votre villa ou dans un espace \u00e9v\u00e9nementiel.<\/p>\n<p data-start=\"3764\" data-end=\"3860\"><strong data-start=\"3764\" data-end=\"3798\">Proposez-vous des s\u00e9ances en plein air ?<\/strong><br data-start=\"3798\" data-end=\"3801\" \/>Oui. Des s\u00e9ances en plein air sont possibles en fonction du lieu.<\/p>\n<p data-start=\"3862\" data-end=\"3945\"><strong data-start=\"3862\" data-end=\"3888\">Quelle est la dur\u00e9e d'une session ?<\/strong><br data-start=\"3888\" data-end=\"3891\" \/>G\u00e9n\u00e9ralement 60 minutes, avec des options plus \u00e9tendues disponibles.<\/p>\n<p data-start=\"3947\" data-end=\"4030\"><strong data-start=\"3947\" data-end=\"3991\">Peut-on inclure la m\u00e9ditation ou le travail sur la respiration ?<\/strong><br data-start=\"3991\" data-end=\"3994\" \/>Oui. Des \u00e9l\u00e9ments facultatifs peuvent \u00eatre ajout\u00e9s.<\/p>\n<p data-start=\"4032\" data-end=\"4205\"><strong data-start=\"4032\" data-end=\"4065\">Quel est le co\u00fbt d'une session ?<\/strong><br data-start=\"4065\" data-end=\"4068\" \/>Les sessions commencent \u00e0 partir de 150\u20ac par groupe. Le prix final d\u00e9pend du nombre de participants, du lieu, de la dur\u00e9e, de l'\u00e9quipement et du type de session.<\/p>","protected":false},"excerpt":{"rendered":"<p data-start=\"2000\" data-end=\"2206\">Apportez le yoga \u00e0 votre \u00e9v\u00e9nement ou \u00e0 votre retraite \u00e0 Altea.<br data-start=\"392\" data-end=\"395\" \/>Des s\u00e9ances personnalis\u00e9es con\u00e7ues pour cr\u00e9er une connexion, un calme et des exp\u00e9riences partag\u00e9es - id\u00e9ales pour les mariages, les retraites et les rassemblements priv\u00e9s.<\/p>","protected":false},"featured_media":35,"comment_status":"open","ping_status":"closed","template":"","meta":{"nf_dc_page":"","om_disable_all_campaigns":false,"_monsterinsights_skip_tracking":false,"_monsterinsights_sitenote_active":false,"_monsterinsights_sitenote_note":"","_monsterinsights_sitenote_category":0,"_uf_show_specific_survey":0,"_uf_disable_surveys":false,"jetpack_post_was_ever_published":false,"jetpack_publicize_message":"","jetpack_publicize_feature_enabled":true,"jetpack_social_post_already_shared":false,"jetpack_social_options":{"image_generator_settings":{"template":"highway","default_image_id":0,"font":"","enabled":false},"version":2}},"product_brand":[35],"product_cat":[34,24],"product_tag":[395,397,46,53,396,393,52,43,394,398,392,49],"class_list":{"0":"post-161","1":"product","2":"type-product","3":"status-publish","4":"has-post-thumbnail","6":"product_brand-inspire-altea","7":"product_cat-retreats-special-events","8":"product_cat-wellbeing-experiences","9":"product_tag-corporate-wellness-yoga","10":"product_tag-costa-blanca-retreats","11":"product_tag-group-yoga-sessions","12":"product_tag-mindful-celebrations","13":"product_tag-outdoor-yoga-events","14":"product_tag-private-yoga-events","15":"product_tag-retreat-yoga-altea","16":"product_tag-wedding-yoga","17":"product_tag-wellness-retreats-altea","18":"product_tag-yoga-experiences-altea","19":"product_tag-yoga-for-events","20":"product_tag-yoga-for-groups","22":"first","23":"instock","24":"virtual","25":"purchasable","26":"product-type-simple"},"yoast_head":"<!-- This site is optimized with the Yoast SEO Premium plugin v27.3 (Yoast SEO v27.4) - https:\/\/yoast.com\/product\/yoast-seo-premium-wordpress\/ -->\n<title>Yoga for Events &amp; Retreats in Altea | Private Group Sessions<\/title>\n<meta name=\"description\" content=\"Private yoga sessions for events and retreats in Altea. Custom group experiences from 150\u20ac. Ideal for weddings, wellness weekends &amp; corporate retreats.\" \/>\n<meta name=\"robots\" content=\"index, follow, max-snippet:-1, max-image-preview:large, max-video-preview:-1\" \/>\n<link rel=\"canonical\" href=\"https:\/\/www.inspirealtea.com\/fr\/experiences\/yoga-pour-evenements-retraites-altea\/\" \/>\n<meta property=\"og:locale\" content=\"fr_FR\" \/>\n<meta property=\"og:type\" content=\"article\" \/>\n<meta property=\"og:title\" content=\"Yoga for Events &amp; Retreats in Altea\" \/>\n<meta property=\"og:description\" content=\"Private yoga sessions for events and retreats in Altea. Custom group experiences from 150\u20ac. Ideal for weddings, wellness weekends &amp; corporate retreats.\" \/>\n<meta property=\"og:url\" content=\"https:\/\/www.inspirealtea.com\/fr\/experiences\/yoga-pour-evenements-retraites-altea\/\" \/>\n<meta property=\"og:site_name\" content=\"Yoga, Ayurveda and Hiking | Inspire Altea\" \/>\n<meta property=\"article:publisher\" content=\"https:\/\/www.facebook.com\/yogaayurveda.altea\" \/>\n<meta property=\"article:modified_time\" content=\"2026-02-24T15:43:01+00:00\" \/>\n<meta property=\"og:image\" content=\"https:\/\/www.inspirealtea.com\/wp-content\/uploads\/2025\/10\/photo-1706550631637-d9fa9b425016-2.jpg\" \/>\n\t<meta property=\"og:image:width\" content=\"1200\" \/>\n\t<meta property=\"og:image:height\" content=\"1800\" \/>\n\t<meta property=\"og:image:type\" content=\"image\/jpeg\" \/>\n<meta name=\"twitter:card\" content=\"summary_large_image\" \/>\n<meta name=\"twitter:label1\" content=\"Dur\u00e9e de lecture estim\u00e9e\" \/>\n\t<meta name=\"twitter:data1\" content=\"2 minutes\" \/>\n<!-- \/ Yoast SEO Premium plugin. -->","yoast_head_json":{"title":"Yoga pour \u00e9v\u00e9nements et retraites en Altea | S\u00e9ances priv\u00e9es en groupe","description":"S\u00e9ances de yoga priv\u00e9es pour \u00e9v\u00e9nements et retraites \u00e0 Altea. Exp\u00e9riences de groupe personnalis\u00e9es \u00e0 partir de 150\u20ac. Id\u00e9al pour les mariages, les week-ends de bien-\u00eatre et les retraites d'entreprise.","robots":{"index":"index","follow":"follow","max-snippet":"max-snippet:-1","max-image-preview":"max-image-preview:large","max-video-preview":"max-video-preview:-1"},"canonical":"https:\/\/www.inspirealtea.com\/fr\/experiences\/yoga-pour-evenements-retraites-altea\/","og_locale":"fr_FR","og_type":"article","og_title":"Yoga for Events & Retreats in Altea","og_description":"Private yoga sessions for events and retreats in Altea. Custom group experiences from 150\u20ac. Ideal for weddings, wellness weekends & corporate retreats.","og_url":"https:\/\/www.inspirealtea.com\/fr\/experiences\/yoga-pour-evenements-retraites-altea\/","og_site_name":"Yoga, Ayurveda and Hiking | Inspire Altea","article_publisher":"https:\/\/www.facebook.com\/yogaayurveda.altea","article_modified_time":"2026-02-24T15:43:01+00:00","og_image":[{"width":1200,"height":1800,"url":"https:\/\/www.inspirealtea.com\/wp-content\/uploads\/2025\/10\/photo-1706550631637-d9fa9b425016-2.jpg","type":"image\/jpeg"}],"twitter_card":"summary_large_image","twitter_misc":{"Dur\u00e9e de lecture estim\u00e9e":"2 minutes"},"schema":{"@context":"https:\/\/schema.org","@graph":[{"@type":"WebPage","@id":"https:\/\/www.inspirealtea.com\/experiences\/yoga-for-events-retreats-altea\/","url":"https:\/\/www.inspirealtea.com\/experiences\/yoga-for-events-retreats-altea\/","name":"Yoga pour \u00e9v\u00e9nements et retraites en Altea | S\u00e9ances priv\u00e9es en groupe","isPartOf":{"@id":"https:\/\/www.inspirealtea.com\/#website"},"primaryImageOfPage":{"@id":"https:\/\/www.inspirealtea.com\/experiences\/yoga-for-events-retreats-altea\/#primaryimage"},"image":{"@id":"https:\/\/www.inspirealtea.com\/experiences\/yoga-for-events-retreats-altea\/#primaryimage"},"thumbnailUrl":"https:\/\/i0.wp.com\/www.inspirealtea.com\/wp-content\/uploads\/2025\/10\/photo-1706550631637-d9fa9b425016-2.jpg?fit=1200%2C1800&ssl=1","datePublished":"2025-10-23T08:58:10+00:00","dateModified":"2026-02-24T15:43:01+00:00","description":"S\u00e9ances de yoga priv\u00e9es pour \u00e9v\u00e9nements et retraites \u00e0 Altea. Exp\u00e9riences de groupe personnalis\u00e9es \u00e0 partir de 150\u20ac. Id\u00e9al pour les mariages, les week-ends de bien-\u00eatre et les retraites d'entreprise.","breadcrumb":{"@id":"https:\/\/www.inspirealtea.com\/experiences\/yoga-for-events-retreats-altea\/#breadcrumb"},"inLanguage":"fr-FR","potentialAction":[{"@type":"ReadAction","target":["https:\/\/www.inspirealtea.com\/experiences\/yoga-for-events-retreats-altea\/"]}]},{"@type":"ImageObject","inLanguage":"fr-FR","@id":"https:\/\/www.inspirealtea.com\/experiences\/yoga-for-events-retreats-altea\/#primaryimage","url":"https:\/\/i0.wp.com\/www.inspirealtea.com\/wp-content\/uploads\/2025\/10\/photo-1706550631637-d9fa9b425016-2.jpg?fit=1200%2C1800&ssl=1","contentUrl":"https:\/\/i0.wp.com\/www.inspirealtea.com\/wp-content\/uploads\/2025\/10\/photo-1706550631637-d9fa9b425016-2.jpg?fit=1200%2C1800&ssl=1","width":1200,"height":1800,"caption":"Join customized yoga experiences designed for private events, retreats, and special occasions. Feel refreshed and connected through mindful movement."},{"@type":"BreadcrumbList","@id":"https:\/\/www.inspirealtea.com\/experiences\/yoga-for-events-retreats-altea\/#breadcrumb","itemListElement":[{"@type":"ListItem","position":1,"name":"Home","item":"https:\/\/www.inspirealtea.com\/"},{"@type":"ListItem","position":2,"name":"Experiences","item":"https:\/\/www.inspirealtea.com\/experiences\/"},{"@type":"ListItem","position":3,"name":"Wellbeing experiences","item":"https:\/\/www.inspirealtea.com\/product-category\/wellbeing-experiences\/"},{"@type":"ListItem","position":4,"name":"Retreats &amp; Special Events","item":"https:\/\/www.inspirealtea.com\/product-category\/wellbeing-experiences\/retreats-special-events\/"},{"@type":"ListItem","position":5,"name":"Yoga for Events &#038; Retreats in Altea"}]},{"@type":"WebSite","@id":"https:\/\/www.inspirealtea.com\/#website","url":"https:\/\/www.inspirealtea.com\/","name":"Yoga, Ayurveda et randonn\u00e9e | Inspire Altea","description":"Explorez-vous \u00e0 travers le Yoga, l'Ayurveda et la Randonn\u00e9e \u00e0 Altea, Alicante \u2014 un sanctuaire de bien-\u00eatre en bord de M\u00e9diterran\u00e9e.","publisher":{"@id":"https:\/\/www.inspirealtea.com\/#organization"},"alternateName":"Inspire Altea \u2013 Yoga, Ayurveda & Hiking","potentialAction":[{"@type":"SearchAction","target":{"@type":"EntryPoint","urlTemplate":"https:\/\/www.inspirealtea.com\/?s={search_term_string}"},"query-input":{"@type":"PropertyValueSpecification","valueRequired":true,"valueName":"search_term_string"}}],"inLanguage":"fr-FR"},{"@type":"Organization","@id":"https:\/\/www.inspirealtea.com\/#organization","name":"Yoga, Ayurveda et randonn\u00e9e | Inspire Altea","alternateName":"IA Yoga Ayurveda Hike","url":"https:\/\/www.inspirealtea.com\/","logo":{"@type":"ImageObject","inLanguage":"fr-FR","@id":"https:\/\/www.inspirealtea.com\/#\/schema\/logo\/image\/","url":"https:\/\/i0.wp.com\/www.inspirealtea.com\/wp-content\/uploads\/2025\/10\/Logo-Inspire-Altea.png?fit=1024%2C1024&ssl=1","contentUrl":"https:\/\/i0.wp.com\/www.inspirealtea.com\/wp-content\/uploads\/2025\/10\/Logo-Inspire-Altea.png?fit=1024%2C1024&ssl=1","width":1024,"height":1024,"caption":"Yoga, Ayurveda and Hiking | Inspire Altea"},"image":{"@id":"https:\/\/www.inspirealtea.com\/#\/schema\/logo\/image\/"},"sameAs":["https:\/\/www.facebook.com\/yogaayurveda.altea","https:\/\/www.instagram.com\/inspirealtea\/","https:\/\/www.linkedin.com\/in\/sergio-cisneros-galea","https:\/\/www.youtube.com\/@inspirealtea","https:\/\/gravatar.com\/sergiocisnerosgalea"],"description":"Discover holistic wellbeing experiences in Altea that connect body, mind, and nature. From yoga and Ayurveda to guided hiking and personalized retreats \u2014 all designed to help you restore balance, vitality, and inner peace.","email":"inspirealtea@gmail.com","telephone":"+33 6 07 42 58 97","legalName":"Sergio Cisneros Galea","foundingDate":"2019-11-11","numberOfEmployees":{"@type":"QuantitativeValue","minValue":"1","maxValue":"10"},"publishingPrinciples":"https:\/\/www.inspirealtea.com\/who-i-am\/"}]}},"jetpack_publicize_connections":[],"jetpack_sharing_enabled":true,"_links":{"self":[{"href":"https:\/\/www.inspirealtea.com\/fr\/wp-json\/wp\/v2\/product\/161","targetHints":{"allow":["GET"]}}],"collection":[{"href":"https:\/\/www.inspirealtea.com\/fr\/wp-json\/wp\/v2\/product"}],"about":[{"href":"https:\/\/www.inspirealtea.com\/fr\/wp-json\/wp\/v2\/types\/product"}],"replies":[{"embeddable":true,"href":"https:\/\/www.inspirealtea.com\/fr\/wp-json\/wp\/v2\/comments?post=161"}],"wp:featuredmedia":[{"embeddable":true,"href":"https:\/\/www.inspirealtea.com\/fr\/wp-json\/wp\/v2\/media\/35"}],"wp:attachment":[{"href":"https:\/\/www.inspirealtea.com\/fr\/wp-json\/wp\/v2\/media?parent=161"}],"wp:term":[{"taxonomy":"product_brand","embeddable":true,"href":"https:\/\/www.inspirealtea.com\/fr\/wp-json\/wp\/v2\/product_brand?post=161"},{"taxonomy":"product_cat","embeddable":true,"href":"https:\/\/www.inspirealtea.com\/fr\/wp-json\/wp\/v2\/product_cat?post=161"},{"taxonomy":"product_tag","embeddable":true,"href":"https:\/\/www.inspirealtea.com\/fr\/wp-json\/wp\/v2\/product_tag?post=161"}],"curies":[{"name":"wp","href":"https:\/\/api.w.org\/{rel}","templated":true}]}}