{"id":136,"date":"2025-10-22T12:01:40","date_gmt":"2025-10-22T10:01:40","guid":{"rendered":"https:\/\/www.inspirealtea.com\/?post_type=product&#038;p=136"},"modified":"2026-04-02T14:43:39","modified_gmt":"2026-04-02T13:43:39","slug":"cours-de-yoga-prives-altea","status":"publish","type":"product","link":"https:\/\/www.inspirealtea.com\/fr\/experiences\/private-yoga-classes-altea\/","title":{"rendered":"Cours particuliers de yoga \u00e0 Altea | 1:1 et petits groupes"},"content":{"rendered":"<h4 data-start=\"785\" data-end=\"891\"><strong data-start=\"790\" data-end=\"891\">D\u00e9couvrez la puissance d'un voyage de yoga personnel avec les cours de yoga priv\u00e9s \u00e0 Altea par Inspire Altea.<\/strong><\/h4>\n<p data-start=\"893\" data-end=\"1056\">Chaque cours est con\u00e7u pour r\u00e9pondre aux besoins des cinq dimensions du corps : physique, \u00e9nerg\u00e9tique, \u00e9motionnel, psychique et spirituel. Vous d\u00e9velopperez votre confiance, affinerez votre alignement et approfondirez votre pratique de la m\u00e9ditation et de la respiration.<\/p>\n<p data-start=\"893\" data-end=\"1056\">\ud83e\uddd8\u200d\u2640\ufe0f <strong data-start=\"576\" data-end=\"597\">Dur\u00e9e de la session :<\/strong> 60 minutes. Chaque cours est une exp\u00e9rience compl\u00e8te et personnalis\u00e9e, adapt\u00e9e \u00e0 votre rythme, votre \u00e9nergie et vos objectifs.<\/p>\n<p data-start=\"1058\" data-end=\"1238\">\ud83c\udf3f <strong data-start=\"1061\" data-end=\"1077\">Parfait pour :<\/strong><br data-start=\"1077\" data-end=\"1080\" \/>- Individuels, couples ou petits groupes priv\u00e9s.<br data-start=\"1128\" data-end=\"1131\" \/>- Tous les niveaux sont les bienvenus, des d\u00e9butants aux pratiquants avanc\u00e9s.<br data-start=\"1194\" data-end=\"1197\" \/>- S\u00e9ances en int\u00e9rieur, en ext\u00e9rieur ou \u00e0 domicile.<\/p>\n<p data-start=\"1240\" data-end=\"1327\">Faites l'exp\u00e9rience du yoga dans un environnement paisible et attentif, entour\u00e9 par la beaut\u00e9 d'Altea. Ces cours <strong data-start=\"988\" data-end=\"1021\">Cours de yoga priv\u00e9s \u00e0 Altea<\/strong> sont le moyen id\u00e9al de retrouver son \u00e9quilibre int\u00e9rieur tout en profitant de l'atmosph\u00e8re m\u00e9diterran\u00e9enne.<\/p>\n<section id=\"h.25cdcba8c5d95267_285\" class=\"yaqOZd\">\n<div class=\"mYVXT\">\n<div class=\"LS81yb VICjCf j5pSsc db35Fc\" tabindex=\"-1\">\n<div class=\"hJDwNd-AhqUyc-uQSCkd Ft7HRd-AhqUyc-uQSCkd purZT-AhqUyc-II5mzb ZcASvf-AhqUyc-II5mzb pSzOP-AhqUyc-qWD73c Ktthjf-AhqUyc-qWD73c JNdkSc SQVYQc\">\n<div class=\"JNdkSc-SmKAyb LkDMRd\">\n<div class=\"\">\n<div class=\"oKdM2c ZZyype Kzv0Me\">\n<div id=\"h.25cdcba8c5d95267_288\" class=\"hJDwNd-AhqUyc-uQSCkd Ft7HRd-AhqUyc-uQSCkd jXK9ad D2fZ2 zu5uec OjCsFc dmUFtb wHaque g5GTcb\">\n<div class=\"jXK9ad-SmKAyb\">\n<div class=\"tyJCtd mGzaTb Depvyb baZpAe\">\n<hr data-start=\"1329\" data-end=\"1332\" \/>\n<figure id=\"attachment_59\" aria-describedby=\"caption-attachment-59\" style=\"width: 197px\" class=\"wp-caption alignnone\"><a href=\"https:\/\/www.inspirealtea.com\/fr\/qui-je-suis\/\"><img data-recalc-dims=\"1\" decoding=\"async\" loading=\"lazy\" class=\"size-medium wp-image-59\" src=\"https:\/\/i0.wp.com\/www.inspirealtea.com\/wp-content\/uploads\/2025\/10\/Yoga-2.webp?resize=197%2C300&#038;ssl=1\" alt=\"Dhariya enseigne le yoga \u00e0 Altea - Certified International Yoga Teacher\" width=\"197\" height=\"300\" srcset=\"https:\/\/i0.wp.com\/www.inspirealtea.com\/wp-content\/uploads\/2025\/10\/Yoga-2.webp?resize=197%2C300&amp;ssl=1 197w, https:\/\/i0.wp.com\/www.inspirealtea.com\/wp-content\/uploads\/2025\/10\/Yoga-2.webp?w=347&amp;ssl=1 347w\" sizes=\"auto, (max-width: 197px) 100vw, 197px\" \/><\/a><figcaption id=\"caption-attachment-59\" class=\"wp-caption-text\">Sergi Dhariya, professeur de yoga certifi\u00e9 international, \u00e0 Altea, proposant un yoga authentique inspir\u00e9 par des ma\u00eetres indiens.<\/figcaption><\/figure>\n<h3 data-start=\"1334\" data-end=\"1436\"><strong style=\"font-size: 16px;\" data-start=\"1338\" data-end=\"1436\">Yoga dirig\u00e9 par Sergi Dhariya, un professeur de yoga certifi\u00e9 internationalement, influenc\u00e9 par des ma\u00eetres de yoga indiens.<\/strong><\/h3>\n<p data-start=\"1338\" data-end=\"1420\">Sergi Dhariya enseigne le yoga authentique \u00e0 Altea, inspir\u00e9 par des ma\u00eetres indiens traditionnels.<\/p>\n<p data-start=\"1422\" data-end=\"1596\">Il a commenc\u00e9 son parcours de yoga au Royaume-Uni, o\u00f9 il a d\u00e9couvert l'essence du yoga classique avec Yogacharya Janadev et Yogacharini Deepika \u00e0 l'ashram Yoga Satsanga au Pays de Galles.<\/p>\n<p data-start=\"1598\" data-end=\"1878\">Apr\u00e8s des ann\u00e9es de pratique r\u00e9guli\u00e8re et une transformation notable, il a d\u00e9cid\u00e9 d'aller plus loin. Il s'est donc rendu \u00e0 Majorque pour suivre une formation de professeur de yoga multistyle de 200 heures (Hatha, Ashtanga, Vinyasa et Yin Yoga) \u00e0 Green Yoga International avec Amrendra (Indrjeet Dev).<\/p>\n<p data-start=\"1880\" data-end=\"2119\">Plus tard, il a continu\u00e9 \u00e0 \u00e9tudier le Hatha Yoga avec Yogini Durga en Ard\u00e8che, en France. Cette formation avanc\u00e9e de 500 heures a int\u00e9gr\u00e9 la philosophie et l'application dans la vie quotidienne. En cons\u00e9quence, son enseignement allie pr\u00e9cision, conscience et profondeur spirituelle.<\/p>\n<p data-start=\"2121\" data-end=\"2368\">Le style de yoga de Sergi Dhariya suit la lign\u00e9e du Kundalini Yoga, du Tantra Yoga et du Yoga du Son. De plus, son travail refl\u00e8te la sagesse de ma\u00eetres tels que Sri Ramana Maharshi, Swami Satyananda Saraswati, Swami Vidyanand, Patrick Torre et Shannon Gannon.<\/p>\n<p data-start=\"2370\" data-end=\"2525\">Ces <strong data-start=\"2376\" data-end=\"2409\">Priv\u00e9 <a href=\"https:\/\/www.inspirealtea.com\/fr\/yoga-a-altea\/\">Yoga<\/a> Cours \u00e0 Altea<\/strong> m\u00ealent les enseignements traditionnels \u00e0 la compr\u00e9hension moderne pour vous aider \u00e0 trouver la paix int\u00e9rieure, la force et la conscience de soi.<\/p>\n<p data-start=\"2370\" data-end=\"2525\">Lire l'article li\u00e9 : <a href=\"https:\/\/www.inspirealtea.com\/fr\/yoga-en-plein-air-mer-mediterranee\/\">Le yoga au bord de la mer M\u00e9diterran\u00e9e, une nouvelle dimension de la pratique<\/a><\/p>\n<\/div>\n<p data-start=\"2359\" data-end=\"2473\">Vous pouvez \u00e9galement rejoindre notre <a href=\"https:\/\/www.inspirealtea.com\/fr\/experiences\/cours-de-yoga-en-groupe-altea\/\">Cours de yoga en groupe<\/a> \u00e0 Altea ou d\u00e9couvrez nos <a href=\"https:\/\/www.inspirealtea.com\/fr\/experiences\/abonnement-yoga-altea\/\">Adh\u00e9sion au yoga<\/a> pour une pratique hebdomadaire coh\u00e9rente. <a href=\"https:\/\/www.inspirealtea.com\/fr\/randonnee-alicante\/\">Randonn\u00e9e<\/a> dans les montagnes d'Alicante, ou plongez dans les joyaux de l'Europe. <a href=\"https:\/\/www.inspirealtea.com\/fr\/layurveda-a-altea\/\">Ayurveda<\/a> La science.<\/p>\n<\/div>\n<\/div>\n<\/div>\n<\/div>\n<\/div>\n<\/div>\n<\/div>\n<\/div>\n<\/section>","protected":false},"excerpt":{"rendered":"<p data-start=\"870\" data-end=\"1046\">Cours de yoga priv\u00e9s sur mesure \u00e0 Altea pour les particuliers, les couples ou les petits groupes. Une s\u00e9ance personnalis\u00e9e de 60 minutes \u00e0 l'int\u00e9rieur, \u00e0 l'ext\u00e9rieur ou dans votre logement - guid\u00e9e par Sergio.<\/p>","protected":false},"featured_media":846,"comment_status":"open","ping_status":"closed","template":"","meta":{"nf_dc_page":"","om_disable_all_campaigns":false,"_monsterinsights_skip_tracking":false,"_monsterinsights_sitenote_active":false,"_monsterinsights_sitenote_note":"","_monsterinsights_sitenote_category":0,"_uf_show_specific_survey":0,"_uf_disable_surveys":false,"jetpack_post_was_ever_published":false,"jetpack_publicize_message":"","jetpack_publicize_feature_enabled":true,"jetpack_social_post_already_shared":false,"jetpack_social_options":{"image_generator_settings":{"template":"highway","default_image_id":0,"font":"","enabled":false},"version":2}},"product_brand":[35],"product_cat":[24,22],"product_tag":[352,346,355,36,351,354,356,26,353],"class_list":{"0":"post-136","1":"product","2":"type-product","3":"status-publish","4":"has-post-thumbnail","6":"product_brand-inspire-altea","7":"product_cat-wellbeing-experiences","8":"product_cat-yoga-classes","9":"product_tag-one-to-one-yoga-altea","10":"product_tag-outdoor-yoga-altea","11":"product_tag-personalised-yoga-session","12":"product_tag-private-yoga-altea","13":"product_tag-private-yoga-class-altea","14":"product_tag-small-group-yoga-altea","15":"product_tag-yoga-at-your-accommodation","16":"product_tag-yoga-costa-blanca","17":"product_tag-yoga-for-couples-altea","19":"first","20":"instock","21":"featured","22":"virtual","23":"purchasable","24":"product-type-simple"},"yoast_head":"<!-- This site is optimized with the Yoast SEO Premium plugin v27.3 (Yoast SEO v27.4) - https:\/\/yoast.com\/product\/yoast-seo-premium-wordpress\/ -->\n<title>Private Yoga Classes in Altea | Personal 1:1 Sessions<\/title>\n<meta name=\"description\" content=\"Private yoga classes in Altea tailored for individuals, couples or small groups. Personalised 60-minute sessions or at your accommodation near Alicante.\" \/>\n<meta name=\"robots\" content=\"index, follow, max-snippet:-1, max-image-preview:large, max-video-preview:-1\" \/>\n<link rel=\"canonical\" href=\"https:\/\/www.inspirealtea.com\/fr\/experiences\/cours-de-yoga-prives-altea\/\" \/>\n<meta property=\"og:locale\" content=\"fr_FR\" \/>\n<meta property=\"og:type\" content=\"article\" \/>\n<meta property=\"og:title\" content=\"Private Yoga Classes in Altea | 1:1 &amp; Small Groups\" \/>\n<meta property=\"og:description\" content=\"Tailored private yoga classes in Altea for individuals, couples or small groups. A 60-minute personalised session indoors, outdoors or at your accommodation \u2014 guided by Sergi Dhariya.\" \/>\n<meta property=\"og:url\" content=\"https:\/\/www.inspirealtea.com\/fr\/experiences\/cours-de-yoga-prives-altea\/\" \/>\n<meta property=\"og:site_name\" content=\"Yoga, Ayurveda and Hiking | Inspire Altea\" \/>\n<meta property=\"article:publisher\" content=\"https:\/\/www.facebook.com\/yogaayurveda.altea\" \/>\n<meta property=\"article:modified_time\" content=\"2026-04-02T13:43:39+00:00\" \/>\n<meta property=\"og:image\" content=\"https:\/\/www.inspirealtea.com\/wp-content\/uploads\/2025\/11\/pexels-photo-5928258.webp\" \/>\n\t<meta property=\"og:image:width\" content=\"1880\" \/>\n\t<meta property=\"og:image:height\" content=\"1253\" \/>\n\t<meta property=\"og:image:type\" content=\"image\/webp\" \/>\n<meta name=\"twitter:card\" content=\"summary_large_image\" \/>\n<meta name=\"twitter:label1\" content=\"Dur\u00e9e de lecture estim\u00e9e\" \/>\n\t<meta name=\"twitter:data1\" content=\"3 minutes\" \/>\n<!-- \/ Yoast SEO Premium plugin. -->","yoast_head_json":{"title":"Cours particuliers de yoga \u00e0 Altea | S\u00e9ances personnelles 1:1","description":"Cours priv\u00e9s de yoga \u00e0 Altea adapt\u00e9s aux individus, aux couples ou aux petits groupes. S\u00e9ances personnalis\u00e9es de 60 minutes ou dans votre logement pr\u00e8s d'Alicante.","robots":{"index":"index","follow":"follow","max-snippet":"max-snippet:-1","max-image-preview":"max-image-preview:large","max-video-preview":"max-video-preview:-1"},"canonical":"https:\/\/www.inspirealtea.com\/fr\/experiences\/cours-de-yoga-prives-altea\/","og_locale":"fr_FR","og_type":"article","og_title":"Private Yoga Classes in Altea | 1:1 & Small Groups","og_description":"Tailored private yoga classes in Altea for individuals, couples or small groups. A 60-minute personalised session indoors, outdoors or at your accommodation \u2014 guided by Sergi Dhariya.","og_url":"https:\/\/www.inspirealtea.com\/fr\/experiences\/cours-de-yoga-prives-altea\/","og_site_name":"Yoga, Ayurveda and Hiking | Inspire Altea","article_publisher":"https:\/\/www.facebook.com\/yogaayurveda.altea","article_modified_time":"2026-04-02T13:43:39+00:00","og_image":[{"width":1880,"height":1253,"url":"https:\/\/www.inspirealtea.com\/wp-content\/uploads\/2025\/11\/pexels-photo-5928258.webp","type":"image\/webp"}],"twitter_card":"summary_large_image","twitter_misc":{"Dur\u00e9e de lecture estim\u00e9e":"3 minutes"},"schema":{"@context":"https:\/\/schema.org","@graph":[{"@type":"WebPage","@id":"https:\/\/www.inspirealtea.com\/experiences\/private-yoga-classes-altea\/","url":"https:\/\/www.inspirealtea.com\/experiences\/private-yoga-classes-altea\/","name":"Cours particuliers de yoga \u00e0 Altea | S\u00e9ances personnelles 1:1","isPartOf":{"@id":"https:\/\/www.inspirealtea.com\/#website"},"primaryImageOfPage":{"@id":"https:\/\/www.inspirealtea.com\/experiences\/private-yoga-classes-altea\/#primaryimage"},"image":{"@id":"https:\/\/www.inspirealtea.com\/experiences\/private-yoga-classes-altea\/#primaryimage"},"thumbnailUrl":"https:\/\/i0.wp.com\/www.inspirealtea.com\/wp-content\/uploads\/2025\/11\/pexels-photo-5928258.webp?fit=1880%2C1253&ssl=1","datePublished":"2025-10-22T10:01:40+00:00","dateModified":"2026-04-02T13:43:39+00:00","description":"Cours priv\u00e9s de yoga \u00e0 Altea adapt\u00e9s aux individus, aux couples ou aux petits groupes. S\u00e9ances personnalis\u00e9es de 60 minutes ou dans votre logement pr\u00e8s d'Alicante.","breadcrumb":{"@id":"https:\/\/www.inspirealtea.com\/experiences\/private-yoga-classes-altea\/#breadcrumb"},"inLanguage":"fr-FR","potentialAction":[{"@type":"ReadAction","target":["https:\/\/www.inspirealtea.com\/experiences\/private-yoga-classes-altea\/"]}]},{"@type":"ImageObject","inLanguage":"fr-FR","@id":"https:\/\/www.inspirealtea.com\/experiences\/private-yoga-classes-altea\/#primaryimage","url":"https:\/\/i0.wp.com\/www.inspirealtea.com\/wp-content\/uploads\/2025\/11\/pexels-photo-5928258.webp?fit=1880%2C1253&ssl=1","contentUrl":"https:\/\/i0.wp.com\/www.inspirealtea.com\/wp-content\/uploads\/2025\/11\/pexels-photo-5928258.webp?fit=1880%2C1253&ssl=1","width":1880,"height":1253,"caption":"Private yoga session in Altea with two participants practicing by the sea in a peaceful setting."},{"@type":"BreadcrumbList","@id":"https:\/\/www.inspirealtea.com\/experiences\/private-yoga-classes-altea\/#breadcrumb","itemListElement":[{"@type":"ListItem","position":1,"name":"Home","item":"https:\/\/www.inspirealtea.com\/"},{"@type":"ListItem","position":2,"name":"Experiences","item":"https:\/\/www.inspirealtea.com\/experiences\/"},{"@type":"ListItem","position":3,"name":"Wellbeing experiences","item":"https:\/\/www.inspirealtea.com\/product-category\/wellbeing-experiences\/"},{"@type":"ListItem","position":4,"name":"Yoga Classes","item":"https:\/\/www.inspirealtea.com\/product-category\/wellbeing-experiences\/yoga-classes\/"},{"@type":"ListItem","position":5,"name":"Private Yoga Classes in Altea | 1:1 &#038; Small Groups"}]},{"@type":"WebSite","@id":"https:\/\/www.inspirealtea.com\/#website","url":"https:\/\/www.inspirealtea.com\/","name":"Yoga, Ayurveda et randonn\u00e9e | Inspire Altea","description":"Explorez-vous \u00e0 travers le Yoga, l'Ayurveda et la Randonn\u00e9e \u00e0 Altea, Alicante \u2014 un sanctuaire de bien-\u00eatre en bord de M\u00e9diterran\u00e9e.","publisher":{"@id":"https:\/\/www.inspirealtea.com\/#organization"},"alternateName":"Inspire Altea \u2013 Yoga, Ayurveda & Hiking","potentialAction":[{"@type":"SearchAction","target":{"@type":"EntryPoint","urlTemplate":"https:\/\/www.inspirealtea.com\/?s={search_term_string}"},"query-input":{"@type":"PropertyValueSpecification","valueRequired":true,"valueName":"search_term_string"}}],"inLanguage":"fr-FR"},{"@type":"Organization","@id":"https:\/\/www.inspirealtea.com\/#organization","name":"Yoga, Ayurveda et randonn\u00e9e | Inspire Altea","alternateName":"IA Yoga Ayurveda Hike","url":"https:\/\/www.inspirealtea.com\/","logo":{"@type":"ImageObject","inLanguage":"fr-FR","@id":"https:\/\/www.inspirealtea.com\/#\/schema\/logo\/image\/","url":"https:\/\/i0.wp.com\/www.inspirealtea.com\/wp-content\/uploads\/2025\/10\/Logo-Inspire-Altea.png?fit=1024%2C1024&ssl=1","contentUrl":"https:\/\/i0.wp.com\/www.inspirealtea.com\/wp-content\/uploads\/2025\/10\/Logo-Inspire-Altea.png?fit=1024%2C1024&ssl=1","width":1024,"height":1024,"caption":"Yoga, Ayurveda and Hiking | Inspire Altea"},"image":{"@id":"https:\/\/www.inspirealtea.com\/#\/schema\/logo\/image\/"},"sameAs":["https:\/\/www.facebook.com\/yogaayurveda.altea","https:\/\/www.instagram.com\/inspirealtea\/","https:\/\/www.linkedin.com\/in\/sergio-cisneros-galea","https:\/\/www.youtube.com\/@inspirealtea","https:\/\/gravatar.com\/sergiocisnerosgalea"],"description":"Discover holistic wellbeing experiences in Altea that connect body, mind, and nature. From yoga and Ayurveda to guided hiking and personalized retreats \u2014 all designed to help you restore balance, vitality, and inner peace.","email":"inspirealtea@gmail.com","telephone":"+33 6 07 42 58 97","legalName":"Sergio Cisneros Galea","foundingDate":"2019-11-11","numberOfEmployees":{"@type":"QuantitativeValue","minValue":"1","maxValue":"10"},"publishingPrinciples":"https:\/\/www.inspirealtea.com\/who-i-am\/"}]}},"jetpack_publicize_connections":[],"jetpack_sharing_enabled":true,"_links":{"self":[{"href":"https:\/\/www.inspirealtea.com\/fr\/wp-json\/wp\/v2\/product\/136","targetHints":{"allow":["GET"]}}],"collection":[{"href":"https:\/\/www.inspirealtea.com\/fr\/wp-json\/wp\/v2\/product"}],"about":[{"href":"https:\/\/www.inspirealtea.com\/fr\/wp-json\/wp\/v2\/types\/product"}],"replies":[{"embeddable":true,"href":"https:\/\/www.inspirealtea.com\/fr\/wp-json\/wp\/v2\/comments?post=136"}],"wp:featuredmedia":[{"embeddable":true,"href":"https:\/\/www.inspirealtea.com\/fr\/wp-json\/wp\/v2\/media\/846"}],"wp:attachment":[{"href":"https:\/\/www.inspirealtea.com\/fr\/wp-json\/wp\/v2\/media?parent=136"}],"wp:term":[{"taxonomy":"product_brand","embeddable":true,"href":"https:\/\/www.inspirealtea.com\/fr\/wp-json\/wp\/v2\/product_brand?post=136"},{"taxonomy":"product_cat","embeddable":true,"href":"https:\/\/www.inspirealtea.com\/fr\/wp-json\/wp\/v2\/product_cat?post=136"},{"taxonomy":"product_tag","embeddable":true,"href":"https:\/\/www.inspirealtea.com\/fr\/wp-json\/wp\/v2\/product_tag?post=136"}],"curies":[{"name":"wp","href":"https:\/\/api.w.org\/{rel}","templated":true}]}}