{"id":130,"date":"2025-10-22T09:35:52","date_gmt":"2025-10-22T08:35:52","guid":{"rendered":"https:\/\/www.inspirealtea.com\/?post_type=product&#038;p=130"},"modified":"2026-04-12T07:30:13","modified_gmt":"2026-04-12T06:30:13","slug":"cours-de-yoga-en-groupe-altea","status":"publish","type":"product","link":"https:\/\/www.inspirealtea.com\/fr\/experiences\/group-yoga-classes-altea\/","title":{"rendered":"Cours de Yoga en Groupe \u00e0 Altea : S\u00e9ances Flexibles \u00e0 la Mer &amp; au Studio"},"content":{"rendered":"<h1>Cours collectifs de yoga \u00e0 Altea<\/h1>\r\n<p class=\"p1\"><span class=\"s1\"><b>Rejoignez des cours de yoga en groupe flexibles \u00e0 Altea<\/b><\/span><span class=\"s2\"> con\u00e7u pour les visiteurs, les nomades num\u00e9riques et les habitants en qu\u00eate de libert\u00e9 dans leur pratique \u2013 <\/span><span class=\"s1\">La r\u00e9servation \u00e0 l'avance est rapide et facile.<\/span><\/p>\r\n<p data-start=\"570\" data-end=\"801\">Les cours de yoga en groupe \u00e0 Altea ont lieu dans certains des plus beaux cadres naturels de la Costa Blanca \u2014 des jardins paisibles de <strong>Villa Gadea<\/strong> et notre intimit\u00e9 <strong>Yoga Shala pr\u00e8s de La Olla<\/strong> jusqu'aux rivages m\u00e9diterran\u00e9ens de <strong>Plage du Postiguet, Alicante<\/strong> (chaque vendredi). R\u00e9servez votre s\u00e9ance \u00e0 l'avance et venez pr\u00eat(e) \u00e0 vous reconnecter \u00e0 votre corps, votre respiration et votre conscience.<\/p>\r\n<hr data-start=\"1567\" data-end=\"1570\" \/>\r\n<h2 data-path-to-node=\"16\">Yoga flexible pour les visiteurs et les longs s\u00e9jours<\/h2>\r\n<p class=\"p1\"><span class=\"s1\">Les cours \u00e0 la s\u00e9ance sont id\u00e9aux pour ceux qui :<\/span><\/p>\r\n<ul data-path-to-node=\"18\">\r\n<li>\r\n<p class=\"p1\"><span class=\"s1\">Que vous visitiez Altea ou Alicante pour un court ou un long s\u00e9jour.<\/span><\/p>\r\n<\/li>\r\n<li>\r\n<p class=\"p1\"><span class=\"s1\">Habiter localement mais pr\u00e9f\u00e9rer un horaire flexible sans engagement mensuel.<\/span><\/p>\r\n<\/li>\r\n<li>\r\n<p class=\"p1\"><span class=\"s1\">Envie d'explorer un yoga authentique dans un espace communautaire accueillant.<\/span><\/p>\r\n<\/li>\r\n<\/ul>\r\n<p data-path-to-node=\"19\"><strong>Les cours sont adapt\u00e9s \u00e0 tous les niveaux.<\/strong> Faites l'exp\u00e9rience du yoga en communaut\u00e9 et connectez-vous au rythme m\u00e9diterran\u00e9en.<\/p>\r\n<hr data-start=\"1567\" data-end=\"1570\" \/>\r\n<h2 data-path-to-node=\"6\">Philosophie et lign\u00e9e<\/h2>\r\n<p data-path-to-node=\"7\">Chaque classe est ancr\u00e9e dans <b data-path-to-node=\"7\" data-index-in-node=\"25\">Hatha Yoga<\/b>, Les s\u00e9ances sont profond\u00e9ment influenc\u00e9es par les principes de l'art et de l'histoire. Les sessions sont profond\u00e9ment influenc\u00e9es par <b data-path-to-node=\"7\" data-index-in-node=\"119\">Tantra<\/b>, <b data-path-to-node=\"7\" data-index-in-node=\"127\">Kundalini<\/b>, et <b data-path-to-node=\"7\" data-index-in-node=\"142\">Nada Yoga<\/b> (le yoga du son), en suivant une lign\u00e9e inspir\u00e9e par de grands ma\u00eetres tels que <b data-path-to-node=\"7\" data-index-in-node=\"227\">Sri Ramana Maharshi<\/b>, <b data-path-to-node=\"7\" data-index-in-node=\"248\">Swami Satyananda Saraswati<\/b>, <b data-path-to-node=\"7\" data-index-in-node=\"276\">Swami Vidyanand<\/b>, <b data-path-to-node=\"7\" data-index-in-node=\"293\">Patrick Torre<\/b>, et <b data-path-to-node=\"7\" data-index-in-node=\"312\">Sharon Gannon<\/b>.<\/p>\r\n<hr data-start=\"1567\" data-end=\"1570\" \/>\r\n<h2 data-path-to-node=\"2\">Lieux pour pratiquer : Yoga dans la nature<\/h2>\r\n<p data-path-to-node=\"3\">Faites l'exp\u00e9rience d'une pratique entour\u00e9e de la brise marine, de la lumi\u00e8re naturelle du soleil et du paysage m\u00e9diterran\u00e9en. Les cours ont lieu dans les environnements les plus sereins d'Altea et sur les c\u00f4tes embl\u00e9matiques d'Alicante :<\/p>\r\n<ul data-path-to-node=\"4\">\r\n<li>\r\n<p data-path-to-node=\"4,0,0\"><b data-path-to-node=\"4,0,0\" data-index-in-node=\"0\">Altea :<\/b> Retrouvez-nous dans les jardins de <b data-path-to-node=\"4,0,0\" data-index-in-node=\"42\">Villa Gadea<\/b> et \u00e0 <b data-path-to-node=\"4,0,0\" data-index-in-node=\"73\">Yoga Shala pr\u00e8s de La Olla<\/b>.<\/p>\r\n<\/li>\r\n<li>\r\n<p data-path-to-node=\"4,1,0\"><b data-path-to-node=\"4,1,0\" data-index-in-node=\"0\">Alicante :<\/b> Rejoignez-nous tous les vendredis sur le sable de <b data-path-to-node=\"4,1,0\" data-index-in-node=\"47\">Plage du Postiguet<\/b>.<\/p>\r\n<\/li>\r\n<\/ul>\r\n<hr data-start=\"2050\" data-end=\"2053\" \/>\r\n<h2 data-start=\"2055\" data-end=\"2081\">\ud83d\uddd3\ufe0f Horaires et lieux<\/h2>\r\n<h3 data-start=\"2083\" data-end=\"2106\"><span style=\"text-decoration: underline;\">Altea - Villa Gadea &amp; Yoga Shala<\/span><\/h3>\r\n<p data-start=\"2108\" data-end=\"2187\">Quand ? Tous les samedis au jeudis<\/p>\r\n<ul>\r\n<li data-start=\"2108\" data-end=\"2187\"><strong>Matin<\/strong>: 8:30 \u2013 10:00<\/li>\r\n<li data-start=\"2108\" data-end=\"2187\"><strong>Apr\u00e8s-midi<\/strong>: 18:00 \u2013 19:30<\/li>\r\n<\/ul>\r\n\r\n\r\n\r\n\r\n\r\n\r\n\r\n<h3 data-start=\"2282\" data-end=\"2312\"><span style=\"text-decoration: underline;\">Alicante - Plage de Postiguet<\/span> Chaque vendredi<\/h3>\r\n<ul>\r\n<li data-start=\"2282\" data-end=\"2312\"><strong>Matin<\/strong>: 8:30 \u2013 10:00<\/li>\r\n<li data-start=\"2282\" data-end=\"2312\"><strong>Apr\u00e8s-midi<\/strong>: 16:00 \u2013 17:30<\/li>\r\n<\/ul>\r\n<hr data-start=\"2374\" data-end=\"2377\" \/>\r\n<h2 data-start=\"1889\" data-end=\"1916\">\ud83d\udcab Tarifs des cours collectifs de yoga<\/h2>\r\n<p data-start=\"1918\" data-end=\"1946\">15 \u20ac \u2013 <span class=\"s1\">S\u00e9ance unique (\u00e0 r\u00e9server \u00e0 l'avance en ligne)<\/span><\/p>\r\n<p data-start=\"1948\" data-end=\"2009\">Des forfaits hebdomadaires, mensuels et trimestriels sont disponibles sur demande.<\/p>\r\n<p data-start=\"2011\" data-end=\"2048\">S'il vous pla\u00eet <a href=\"https:\/\/www.inspirealtea.com\/fr\/contact\/\">contact<\/a> pour des plans sur mesure.<\/p>\r\n<hr data-start=\"2374\" data-end=\"2377\" \/>\r\n<h2 data-start=\"1719\" data-end=\"1747\">\ud83d\udcab En qu\u00eate de continuit\u00e9 ?<\/h2>\r\n<p data-start=\"1749\" data-end=\"1882\">Si vous souhaitez approfondir votre pratique et la rendre plus coh\u00e9rente, explorez nos <a href=\"https:\/\/www.inspirealtea.com\/fr\/experiences\/abonnement-yoga-altea\/\">Adh\u00e9sion au yoga<\/a> des options de rythme hebdomadaire et de soutien continu.<\/p>\r\n<hr data-start=\"2374\" data-end=\"2377\" \/>\r\n<h2 data-path-to-node=\"12\"><a href=\"https:\/\/www.inspirealtea.com\/fr\/qui-je-suis\/\">\u00c0 propos de l'enseignant<\/a>: Sergi Dhariya<\/h2>\r\n<p><a href=\"https:\/\/www.inspirealtea.com\/fr\/qui-je-suis\/\"><img data-recalc-dims=\"1\" decoding=\"async\" loading=\"lazy\" class=\"wp-image-1162 size-medium alignnone\" src=\"https:\/\/i0.wp.com\/www.inspirealtea.com\/wp-content\/uploads\/2026\/02\/Bio-Sergi-Dhariya.webp?resize=225%2C300&#038;ssl=1\" alt=\"Sergi Dhariya est professeur de yoga, praticien ayurv\u00e9dique et accompagnateur en montagne \u00e0 Altea.\" width=\"225\" height=\"300\" srcset=\"https:\/\/i0.wp.com\/www.inspirealtea.com\/wp-content\/uploads\/2026\/02\/Bio-Sergi-Dhariya.webp?resize=225%2C300&amp;ssl=1 225w, https:\/\/i0.wp.com\/www.inspirealtea.com\/wp-content\/uploads\/2026\/02\/Bio-Sergi-Dhariya.webp?resize=768%2C1024&amp;ssl=1 768w, https:\/\/i0.wp.com\/www.inspirealtea.com\/wp-content\/uploads\/2026\/02\/Bio-Sergi-Dhariya.webp?resize=1152%2C1536&amp;ssl=1 1152w, https:\/\/i0.wp.com\/www.inspirealtea.com\/wp-content\/uploads\/2026\/02\/Bio-Sergi-Dhariya.webp?resize=9%2C12&amp;ssl=1 9w, https:\/\/i0.wp.com\/www.inspirealtea.com\/wp-content\/uploads\/2026\/02\/Bio-Sergi-Dhariya.webp?resize=600%2C800&amp;ssl=1 600w, https:\/\/i0.wp.com\/www.inspirealtea.com\/wp-content\/uploads\/2026\/02\/Bio-Sergi-Dhariya.webp?w=1200&amp;ssl=1 1200w\" sizes=\"auto, (max-width: 225px) 100vw, 225px\" \/><\/a><\/p>\r\n<p data-path-to-node=\"13\">Le chemin de Sergi est un retour aux sources du Hatha Yoga. Il a suivi une formation intensive de <b data-path-to-node=\"13\" data-index-in-node=\"80\">Formation des enseignants de 500 heures<\/b> dans les montagnes de l'Ard\u00e8che, en France, sous la direction de <b data-path-to-node=\"13\" data-index-in-node=\"165\">Yogini Durga<\/b>. Au-del\u00e0 de l'aspect physique <span class=\"math-inline\" data-math=\"asanas\" data-index-in-node=\"195\">asanas<\/span>, Il a \u00e9t\u00e9 initi\u00e9 \u00e0 une profonde discipline philosophique appliqu\u00e9e \u00e0 la vie quotidienne.<\/p>\r\n<p data-path-to-node=\"14\">Sa pratique est enrichie par une formation sp\u00e9cialis\u00e9e dans les domaines suivants <b data-path-to-node=\"14\" data-index-in-node=\"52\">Tantra blanc et mantras<\/b>, ainsi qu'une certification de 80 heures en <b data-path-to-node=\"14\" data-index-in-node=\"117\">Pranayama<\/b> (la science de l'\u00e9nergie vitale) selon le mod\u00e8le de la <b data-path-to-node=\"14\" data-index-in-node=\"174\">Rishiculture Ashtanga Yoga<\/b> tradition de <b data-path-to-node=\"14\" data-index-in-node=\"214\">Swami Gitananda Giri<\/b>. L'enseignement de Sergio allie mouvements conscients, alignement de la posture et respiration consciente pour aider les pratiquants \u00e0 se sentir centr\u00e9s et pleins d'\u00e9nergie.<\/p>\r\n<hr data-start=\"2374\" data-end=\"2377\" \/>\r\n<p class=\"p1\"><span class=\"s1\">Pratiquer le yoga en communaut\u00e9 apporte l'\u00e9nergie du souffle partag\u00e9 et de la pr\u00e9sence. Que vous habitiez sur place ou visitiez la Costa Blanca, <\/span><span class=\"s2\"><b>R\u00e9server un cours de yoga de groupe \u00e0 Altea<\/b><\/span><span class=\"s1\"> \u2013 une fa\u00e7on naturelle de rester actif, ancr\u00e9 et inspir\u00e9.<\/span><\/p>\r\n<p><strong>Cours de yoga en groupe flexibles \u2013<\/strong> Les vendredis \u00e0 la plage Postiguet d'Alicante.<\/p>\r\n<hr data-start=\"2374\" data-end=\"2377\" \/>\r\n<p>Si vous avez envie d'aller plus loin dans la pratique, profitez d'une <strong><a href=\"https:\/\/www.inspirealtea.com\/fr\/jour-de-retraite-de-yoga-altea-hatha-yoga-randonnee\/\">Retraite d'une journ\u00e9e \u00e0 Altea<\/a><\/strong>, La cuisine est un plaisir pour tous, quel que soit le jour de la semaine. Si vous \u00eates pr\u00eat pour le niveau suivant : <strong><a href=\"https:\/\/www.inspirealtea.com\/fr\/experiences\/week-end-de-rajeunissement\/\">Week-end de yoga \u00e0 Altea<\/a><\/strong> est donc fait pour vous. Choisissez l'exp\u00e9rience qui vous convient et rencontrez la communaut\u00e9, nous sommes impatients !.<\/p>\r\n<p data-start=\"2708\" data-end=\"2802\">Si vous souhaitez une approche plus personnalis\u00e9e, vous pouvez r\u00e9server une session de formation. <a href=\"https:\/\/www.inspirealtea.com\/fr\/experiences\/cours-de-yoga-prives-altea\/\">cours de yoga priv\u00e9<\/a>.<\/p>\r\n<p data-start=\"2804\" data-end=\"2856\">Vous pouvez \u00e9galement d\u00e9couvrir des exp\u00e9riences de bien-\u00eatre connexes :<\/p>\r\n<p data-start=\"2858\" data-end=\"2890\"><strong>\u2022 <a href=\"https:\/\/www.inspirealtea.com\/fr\/randonnee-alicante\/\">Randonn\u00e9e<\/a> \u2022 <a href=\"https:\/\/www.inspirealtea.com\/fr\/layurveda-a-altea\/\">Ayurveda<\/a> \u2022 <a href=\"https:\/\/www.inspirealtea.com\/fr\/yoga-a-altea\/\">Yoga<\/a><\/strong><\/p>","protected":false},"excerpt":{"rendered":"<div class=\"w-full my-4\">\n<div class=\"\">\n<div class=\"relative\">\n<div class=\"h-full min-h-0 min-w-0\">\n<div class=\"h-full min-h-0 min-w-0\">\n<div class=\"border corner-superellipse\/1.1 border-token-border-light bg-token-bg-elevated-secondary rounded-3xl\">\n<div class=\"corner-superellipse\/1.1 rounded-3xl bg-token-bg-elevated-secondary\">\n<div class=\"relative z-0 flex max-w-full\">\n<div id=\"code-block-viewer\" class=\"q9tKkq_viewer cm-editor z-10 light:cm-light dark:cm-light flex h-full w-full flex-col items-stretch \u037c5 \u037cj\" dir=\"ltr\">\n<div class=\"cm-scroller\">\n<div class=\"cm-content q9tKkq_readonly\">\n<p data-path-to-node=\"3\"><b data-path-to-node=\"3\" data-index-in-node=\"0\">Hatha Yoga Authentique | Altea &amp; Alicante<\/b> Faites l'exp\u00e9rience d'une pratique ancr\u00e9e dans les plus beaux cadres naturels de la M\u00e9diterran\u00e9e. Dirig\u00e9 par <b data-path-to-node=\"3\" data-index-in-node=\"134\">Sergi Dhariya<\/b>, Les cours de yoga en groupe m\u00e9langent le Hatha Yoga traditionnel avec l'\u00e9nergie du Tantra Yoga, du Kundalini Yoga et du Nada Yoga.<\/p>\n<ul data-path-to-node=\"4\">\n<li>\n<p data-path-to-node=\"4,0,0\"><b data-path-to-node=\"4,0,0\" data-index-in-node=\"0\">S\u00e9ances uniques flexibles :<\/b> Parfait pour les voyageurs, les nomades num\u00e9riques et les locaux.<\/p>\n<\/li>\n<li>\n<p data-path-to-node=\"4,2,0\"><b data-path-to-node=\"4,2,0\" data-index-in-node=\"0\">Emplacements :<\/b> Villa Gadea (Altea), La Olla Shala, et tous les vendredis \u00e0 la plage de Postiguet (Alicante).<\/p>\n<\/li>\n<li>\n<p data-path-to-node=\"4,3,0\"><b data-path-to-node=\"4,3,0\" data-index-in-node=\"0\">Tous les niveaux sont les bienvenus :<\/b> Mouvement en pleine conscience, alignement de la posture et respiration consciente.<\/p>\n<\/li>\n<li><strong>R\u00e9server \u00e0 l'avance<\/strong><\/li>\n<\/ul>\n<\/div>\n<\/div>\n<\/div>\n<\/div>\n<\/div>\n<\/div>\n<\/div>\n<\/div>\n<\/div>\n<\/div>\n<\/div>","protected":false},"featured_media":30,"comment_status":"open","ping_status":"closed","template":"","meta":{"nf_dc_page":"","om_disable_all_campaigns":false,"_monsterinsights_skip_tracking":false,"_monsterinsights_sitenote_active":false,"_monsterinsights_sitenote_note":"","_monsterinsights_sitenote_category":0,"_uf_show_specific_survey":0,"_uf_disable_surveys":false,"jetpack_post_was_ever_published":false,"jetpack_publicize_message":"Group Classes \u2013 Open to Everyone","jetpack_publicize_feature_enabled":true,"jetpack_social_post_already_shared":false,"jetpack_social_options":{"image_generator_settings":{"template":"highway","default_image_id":0,"font":"","enabled":false},"version":2}},"product_brand":[35],"product_cat":[24,22],"product_tag":[345,451,445,344,446,346,449,447,188,25,26,348,347,350,448,450,349],"class_list":{"0":"post-130","1":"product","2":"type-product","3":"status-publish","4":"has-post-thumbnail","6":"product_brand-inspire-altea","7":"product_cat-wellbeing-experiences","8":"product_cat-yoga-classes","9":"product_tag-beach-yoga-altea","10":"product_tag-class-yoga-altea","11":"product_tag-flexible-yoga-class","12":"product_tag-group-yoga-classes-altea","13":"product_tag-hatha-yoga-altea","14":"product_tag-outdoor-yoga-altea","15":"product_tag-shala-altea","16":"product_tag-women-yoga-altea","17":"product_tag-yoga-alicante","18":"product_tag-yoga-altea","19":"product_tag-yoga-costa-blanca","20":"product_tag-yoga-for-digital-nomads","21":"product_tag-yoga-for-visitors","22":"product_tag-yoga-postiguet-beach","23":"product_tag-yoga-shala-altea","24":"product_tag-yoga-studio-altea","25":"product_tag-yoga-villa-gadea","27":"first","28":"instock","29":"featured","30":"virtual","31":"purchasable","32":"product-type-simple"},"yoast_head":"<!-- This site is optimized with the Yoast SEO Premium plugin v27.3 (Yoast SEO v27.4) - https:\/\/yoast.com\/product\/yoast-seo-premium-wordpress\/ -->\n<title>Group Yoga Classes Altea | Studio, Garden &amp; Beach - All Levels<\/title>\n<meta name=\"description\" content=\"Book a Group Yoga Class in Altea - Studio and Beach settings. Single sessions for visitors, digital nomads and locals. Fridays at Alicante Postiguet Beach.\" \/>\n<meta name=\"robots\" content=\"index, follow, max-snippet:-1, max-image-preview:large, max-video-preview:-1\" \/>\n<link rel=\"canonical\" href=\"https:\/\/www.inspirealtea.com\/fr\/experiences\/cours-de-yoga-en-groupe-altea\/\" \/>\n<meta property=\"og:locale\" content=\"fr_FR\" \/>\n<meta property=\"og:type\" content=\"article\" \/>\n<meta property=\"og:title\" content=\"Group Yoga Classes in Altea: Flexible Sessions by Sea &amp; Studio\" \/>\n<meta property=\"og:description\" content=\"Book a Group Yoga Class in Altea - Studio and Beach settings. Single sessions for visitors, digital nomads and locals. Fridays at Alicante Postiguet Beach.\" \/>\n<meta property=\"og:url\" content=\"https:\/\/www.inspirealtea.com\/fr\/experiences\/cours-de-yoga-en-groupe-altea\/\" \/>\n<meta property=\"og:site_name\" content=\"Yoga, Ayurveda and Hiking | Inspire Altea\" \/>\n<meta property=\"article:publisher\" content=\"https:\/\/www.facebook.com\/yogaayurveda.altea\" \/>\n<meta property=\"article:modified_time\" content=\"2026-04-12T06:30:13+00:00\" \/>\n<meta property=\"og:image\" content=\"https:\/\/www.inspirealtea.com\/wp-content\/uploads\/2025\/10\/photo-1679325965190-0530dc29c512.jpg\" \/>\n\t<meta property=\"og:image:width\" content=\"600\" \/>\n\t<meta property=\"og:image:height\" content=\"900\" \/>\n\t<meta property=\"og:image:type\" content=\"image\/jpeg\" \/>\n<meta name=\"twitter:card\" content=\"summary_large_image\" \/>\n<meta name=\"twitter:label1\" content=\"Dur\u00e9e de lecture estim\u00e9e\" \/>\n\t<meta name=\"twitter:data1\" content=\"3 minutes\" \/>\n<!-- \/ Yoast SEO Premium plugin. -->","yoast_head_json":{"title":"Cours de yoga en groupe Altea | Studio, Jardin &amp; Plage - Tous niveaux","description":"R\u00e9servez un cours de yoga de groupe \u00e0 Altea - en studio et sur la plage. S\u00e9ances individuelles pour les visiteurs, les nomades num\u00e9riques et les locaux. Le vendredi \u00e0 la plage de Postiguet, Alicante.","robots":{"index":"index","follow":"follow","max-snippet":"max-snippet:-1","max-image-preview":"max-image-preview:large","max-video-preview":"max-video-preview:-1"},"canonical":"https:\/\/www.inspirealtea.com\/fr\/experiences\/cours-de-yoga-en-groupe-altea\/","og_locale":"fr_FR","og_type":"article","og_title":"Group Yoga Classes in Altea: Flexible Sessions by Sea & Studio","og_description":"Book a Group Yoga Class in Altea - Studio and Beach settings. Single sessions for visitors, digital nomads and locals. Fridays at Alicante Postiguet Beach.","og_url":"https:\/\/www.inspirealtea.com\/fr\/experiences\/cours-de-yoga-en-groupe-altea\/","og_site_name":"Yoga, Ayurveda and Hiking | Inspire Altea","article_publisher":"https:\/\/www.facebook.com\/yogaayurveda.altea","article_modified_time":"2026-04-12T06:30:13+00:00","og_image":[{"width":600,"height":900,"url":"https:\/\/www.inspirealtea.com\/wp-content\/uploads\/2025\/10\/photo-1679325965190-0530dc29c512.jpg","type":"image\/jpeg"}],"twitter_card":"summary_large_image","twitter_misc":{"Dur\u00e9e de lecture estim\u00e9e":"3 minutes"},"schema":{"@context":"https:\/\/schema.org","@graph":[{"@type":"WebPage","@id":"https:\/\/www.inspirealtea.com\/experiences\/group-yoga-classes-altea\/","url":"https:\/\/www.inspirealtea.com\/experiences\/group-yoga-classes-altea\/","name":"Cours de yoga en groupe Altea | Studio, Jardin &amp; Plage - Tous niveaux","isPartOf":{"@id":"https:\/\/www.inspirealtea.com\/#website"},"primaryImageOfPage":{"@id":"https:\/\/www.inspirealtea.com\/experiences\/group-yoga-classes-altea\/#primaryimage"},"image":{"@id":"https:\/\/www.inspirealtea.com\/experiences\/group-yoga-classes-altea\/#primaryimage"},"thumbnailUrl":"https:\/\/i0.wp.com\/www.inspirealtea.com\/wp-content\/uploads\/2025\/10\/photo-1679325965190-0530dc29c512.jpg?fit=600%2C900&ssl=1","datePublished":"2025-10-22T08:35:52+00:00","dateModified":"2026-04-12T06:30:13+00:00","description":"R\u00e9servez un cours de yoga de groupe \u00e0 Altea - en studio et sur la plage. S\u00e9ances individuelles pour les visiteurs, les nomades num\u00e9riques et les locaux. Le vendredi \u00e0 la plage de Postiguet, Alicante.","breadcrumb":{"@id":"https:\/\/www.inspirealtea.com\/experiences\/group-yoga-classes-altea\/#breadcrumb"},"inLanguage":"fr-FR","potentialAction":[{"@type":"ReadAction","target":["https:\/\/www.inspirealtea.com\/experiences\/group-yoga-classes-altea\/"]}]},{"@type":"ImageObject","inLanguage":"fr-FR","@id":"https:\/\/www.inspirealtea.com\/experiences\/group-yoga-classes-altea\/#primaryimage","url":"https:\/\/i0.wp.com\/www.inspirealtea.com\/wp-content\/uploads\/2025\/10\/photo-1679325965190-0530dc29c512.jpg?fit=600%2C900&ssl=1","contentUrl":"https:\/\/i0.wp.com\/www.inspirealtea.com\/wp-content\/uploads\/2025\/10\/photo-1679325965190-0530dc29c512.jpg?fit=600%2C900&ssl=1","width":600,"height":900,"caption":"Group Yoga Class in Altea with several participants practicing together in an outdoor setting."},{"@type":"BreadcrumbList","@id":"https:\/\/www.inspirealtea.com\/experiences\/group-yoga-classes-altea\/#breadcrumb","itemListElement":[{"@type":"ListItem","position":1,"name":"Home","item":"https:\/\/www.inspirealtea.com\/"},{"@type":"ListItem","position":2,"name":"Experiences","item":"https:\/\/www.inspirealtea.com\/experiences\/"},{"@type":"ListItem","position":3,"name":"Wellbeing experiences","item":"https:\/\/www.inspirealtea.com\/product-category\/wellbeing-experiences\/"},{"@type":"ListItem","position":4,"name":"Yoga Classes","item":"https:\/\/www.inspirealtea.com\/product-category\/wellbeing-experiences\/yoga-classes\/"},{"@type":"ListItem","position":5,"name":"Group Yoga Classes in Altea: Flexible Sessions by Sea &#038; Studio"}]},{"@type":"WebSite","@id":"https:\/\/www.inspirealtea.com\/#website","url":"https:\/\/www.inspirealtea.com\/","name":"Yoga, Ayurveda et randonn\u00e9e | Inspire Altea","description":"Explorez-vous \u00e0 travers le Yoga, l'Ayurveda et la Randonn\u00e9e \u00e0 Altea, Alicante \u2014 un sanctuaire de bien-\u00eatre en bord de M\u00e9diterran\u00e9e.","publisher":{"@id":"https:\/\/www.inspirealtea.com\/#organization"},"alternateName":"Inspire Altea \u2013 Yoga, Ayurveda & Hiking","potentialAction":[{"@type":"SearchAction","target":{"@type":"EntryPoint","urlTemplate":"https:\/\/www.inspirealtea.com\/?s={search_term_string}"},"query-input":{"@type":"PropertyValueSpecification","valueRequired":true,"valueName":"search_term_string"}}],"inLanguage":"fr-FR"},{"@type":"Organization","@id":"https:\/\/www.inspirealtea.com\/#organization","name":"Yoga, Ayurveda et randonn\u00e9e | Inspire Altea","alternateName":"IA Yoga Ayurveda Hike","url":"https:\/\/www.inspirealtea.com\/","logo":{"@type":"ImageObject","inLanguage":"fr-FR","@id":"https:\/\/www.inspirealtea.com\/#\/schema\/logo\/image\/","url":"https:\/\/i0.wp.com\/www.inspirealtea.com\/wp-content\/uploads\/2025\/10\/Logo-Inspire-Altea.png?fit=1024%2C1024&ssl=1","contentUrl":"https:\/\/i0.wp.com\/www.inspirealtea.com\/wp-content\/uploads\/2025\/10\/Logo-Inspire-Altea.png?fit=1024%2C1024&ssl=1","width":1024,"height":1024,"caption":"Yoga, Ayurveda and Hiking | Inspire Altea"},"image":{"@id":"https:\/\/www.inspirealtea.com\/#\/schema\/logo\/image\/"},"sameAs":["https:\/\/www.facebook.com\/yogaayurveda.altea","https:\/\/www.instagram.com\/inspirealtea\/","https:\/\/www.linkedin.com\/in\/sergio-cisneros-galea","https:\/\/www.youtube.com\/@inspirealtea","https:\/\/gravatar.com\/sergiocisnerosgalea"],"description":"Discover holistic wellbeing experiences in Altea that connect body, mind, and nature. From yoga and Ayurveda to guided hiking and personalized retreats \u2014 all designed to help you restore balance, vitality, and inner peace.","email":"inspirealtea@gmail.com","telephone":"+33 6 07 42 58 97","legalName":"Sergio Cisneros Galea","foundingDate":"2019-11-11","numberOfEmployees":{"@type":"QuantitativeValue","minValue":"1","maxValue":"10"},"publishingPrinciples":"https:\/\/www.inspirealtea.com\/who-i-am\/"}]}},"jetpack_publicize_connections":[],"jetpack_sharing_enabled":true,"_links":{"self":[{"href":"https:\/\/www.inspirealtea.com\/fr\/wp-json\/wp\/v2\/product\/130","targetHints":{"allow":["GET"]}}],"collection":[{"href":"https:\/\/www.inspirealtea.com\/fr\/wp-json\/wp\/v2\/product"}],"about":[{"href":"https:\/\/www.inspirealtea.com\/fr\/wp-json\/wp\/v2\/types\/product"}],"replies":[{"embeddable":true,"href":"https:\/\/www.inspirealtea.com\/fr\/wp-json\/wp\/v2\/comments?post=130"}],"wp:featuredmedia":[{"embeddable":true,"href":"https:\/\/www.inspirealtea.com\/fr\/wp-json\/wp\/v2\/media\/30"}],"wp:attachment":[{"href":"https:\/\/www.inspirealtea.com\/fr\/wp-json\/wp\/v2\/media?parent=130"}],"wp:term":[{"taxonomy":"product_brand","embeddable":true,"href":"https:\/\/www.inspirealtea.com\/fr\/wp-json\/wp\/v2\/product_brand?post=130"},{"taxonomy":"product_cat","embeddable":true,"href":"https:\/\/www.inspirealtea.com\/fr\/wp-json\/wp\/v2\/product_cat?post=130"},{"taxonomy":"product_tag","embeddable":true,"href":"https:\/\/www.inspirealtea.com\/fr\/wp-json\/wp\/v2\/product_tag?post=130"}],"curies":[{"name":"wp","href":"https:\/\/api.w.org\/{rel}","templated":true}]}}