{"id":1126,"date":"2026-02-22T13:03:30","date_gmt":"2026-02-22T12:03:30","guid":{"rendered":"https:\/\/www.inspirealtea.com\/?post_type=product&#038;p=1126"},"modified":"2026-04-02T14:32:44","modified_gmt":"2026-04-02T13:32:44","slug":"abonnement-yoga-altea","status":"publish","type":"product","link":"https:\/\/www.inspirealtea.com\/fr\/experiences\/yoga-membership-altea\/","title":{"rendered":"Abonnement hebdomadaire de yoga \u00e0 Altea"},"content":{"rendered":"<div class=\"w-full my-4\">\n<div class=\"\">\n<div class=\"relative\">\n<div class=\"h-full min-h-0 min-w-0\">\n<div class=\"h-full min-h-0 min-w-0\">\n<div class=\"border corner-superellipse\/1.1 border-token-border-light bg-token-bg-elevated-secondary rounded-3xl\">\n<div class=\"corner-superellipse\/1.1 rounded-3xl bg-token-bg-elevated-secondary\">\n<div class=\"relative z-0 flex max-w-full\">\n<div id=\"code-block-viewer\" class=\"q9tKkq_viewer cm-editor z-10 light:cm-light dark:cm-light flex h-full w-full flex-col items-stretch \u037c5 \u037cj\" dir=\"ltr\">\n<div class=\"cm-scroller\">\n<h1 class=\"cm-content q9tKkq_readonly\">Abonnement hebdomadaire de yoga \u00e0 Altea<\/h1>\n<\/div>\n<\/div>\n<\/div>\n<\/div>\n<\/div>\n<\/div>\n<\/div>\n<\/div>\n<\/div>\n<\/div>\n<p data-start=\"492\" data-end=\"676\">L'abonnement de yoga \u00e0 Altea est con\u00e7u pour ceux qui souhaitent construire une pratique hebdomadaire coh\u00e9rente gr\u00e2ce \u00e0 des cours collectifs r\u00e9guliers et \u00e0 des conseils continus. Id\u00e9al pour les r\u00e9sidents, les nomades num\u00e9riques et les visiteurs de longue dur\u00e9e, cet abonnement offre une continuit\u00e9 au-del\u00e0 des s\u00e9ances ponctuelles, favorisant un rythme de yoga plus profond et plus stable.<\/p>\n<p data-start=\"888\" data-end=\"1065\">Au sein de notre <a href=\"https:\/\/www.inspirealtea.com\/fr\/yoga-a-altea-un-nouveau-phenomene-au-bord-de-la-mediterranee\/\">Offre de yoga \u00e0 Altea<\/a>, En tant que membre de l'association, vous b\u00e9n\u00e9ficiez d'une structure et d'une progression qui vous permettent de passer d'une participation spontan\u00e9e \u00e0 une pratique soutenue et encourageante.<\/p>\n<h2 data-start=\"888\" data-end=\"1065\">Si les cours de yoga gratuits offrent une certaine souplesse, l'adh\u00e9sion \u00e0 un club permet d'en b\u00e9n\u00e9ficier :<\/h2>\n<p data-start=\"888\" data-end=\"1065\">- Coh\u00e9rence dans la pratique<br \/>\n- Des bienfaits physiques et mentaux plus profonds<br \/>\n- Connexion communautaire<br \/>\n- Bien-\u00eatre \u00e0 long terme<\/p>\n<p>C'est l'option id\u00e9ale pour ceux qui vivent \u00e0 Altea ou qui y s\u00e9journent pour de longues p\u00e9riodes.<\/p>\n<h3 data-start=\"2611\" data-end=\"2633\">Options d'adh\u00e9sion<\/h3>\n<p>Chemin de la lune - 1 cours par semaine<br data-start=\"1131\" data-end=\"1134\" \/>Inner Fire - 2 cours par semaine<br data-start=\"1165\" data-end=\"1168\" \/>D\u00e9votion solaire - 3 cours par semaine<\/p>\n<p data-start=\"1207\" data-end=\"1231\"><strong>Toutes les adh\u00e9sions comprennent<\/strong><\/p>\n<ul>\n<li data-start=\"1233\" data-end=\"1275\">Consultation yogique gratuite avec Sergi Dhariya<\/li>\n<li data-start=\"1277\" data-end=\"1309\">L'adh\u00e9sion de 3 mois comprend<\/li>\n<li data-start=\"1311\" data-end=\"1366\">1 <a href=\"https:\/\/www.inspirealtea.com\/fr\/experiences\/cours-de-yoga-prives-altea\/\">Cours de yoga priv\u00e9<\/a> pour soutenir votre \u00e9volution personnelle<\/li>\n<\/ul>\n<p data-start=\"1368\" data-end=\"1399\"><strong>L'adh\u00e9sion d'un an comprend<\/strong><\/p>\n<ul>\n<li data-start=\"1401\" data-end=\"1469\">1 s\u00e9ance de yoga priv\u00e9e par mois pour un alignement et des conseils plus approfondis<\/li>\n<\/ul>\n<p data-start=\"1471\" data-end=\"1745\">Cette adh\u00e9sion compl\u00e8te l'action plus large d'Inspire <a href=\"https:\/\/www.inspirealtea.com\/fr\/yoga-a-altea\/\">Exp\u00e9rience de yoga \u00e0 Altea<\/a> en offrant une continuit\u00e9 au-del\u00e0 des s\u00e9ances individuelles. Il est id\u00e9al pour les r\u00e9sidents, les nomades num\u00e9riques et les visiteurs de longue dur\u00e9e qui souhaitent int\u00e9grer le yoga dans leur mode de vie plut\u00f4t que d'en faire l'exp\u00e9rience occasionnellement.<\/p>\n<p data-start=\"1747\" data-end=\"1951\">Si vous \u00eates nouveau dans notre espace, vous souhaiterez peut-\u00eatre commencer par un <a href=\"https:\/\/www.inspirealtea.com\/fr\/experiences\/cours-de-yoga-en-groupe-altea\/\">cours de yoga sans rendez-vous \u00e0 Altea<\/a>.<\/p>\n<p data-start=\"1747\" data-end=\"1951\">Si vous \u00eates pr\u00eat \u00e0 \u00e9tablir un rythme r\u00e9gulier, cet abonnement vous soutient dans votre d\u00e9marche en vous apportant coh\u00e9rence et conseils.<\/p>\n<p data-start=\"1747\" data-end=\"1951\">Les abonnements sont des cartes \u00e0 paiement unique. L'acc\u00e8s commence d\u00e8s le premier cours auquel vous assistez et est valable pour la dur\u00e9e choisie.<\/p>","protected":false},"excerpt":{"rendered":"<div class=\"w-full my-4\">\n<div class=\"\">\n<div class=\"relative\">\n<div class=\"h-full min-h-0 min-w-0\">\n<div class=\"h-full min-h-0 min-w-0\">\n<div class=\"border corner-superellipse\/1.1 border-token-border-light bg-token-bg-elevated-secondary rounded-3xl\">\n<div class=\"corner-superellipse\/1.1 rounded-3xl bg-token-bg-elevated-secondary\">\n<div class=\"relative z-0 flex max-w-full\">\n<div id=\"code-block-viewer\" class=\"q9tKkq_viewer cm-editor z-10 light:cm-light dark:cm-light flex h-full w-full flex-col items-stretch \u037c5 \u037cj\" dir=\"ltr\">\n<div class=\"cm-scroller\">\n<div class=\"cm-content q9tKkq_readonly\">Weekly yoga membership in Altea for residents, digital nomads and long-stay visitors seeking consistency and deeper practice.<\/div>\n<\/div>\n<\/div>\n<\/div>\n<\/div>\n<\/div>\n<\/div>\n<\/div>\n<\/div>\n<\/div>\n<\/div>\n<p data-start=\"384\" data-end=\"448\">Regular yoga practice in Altea for body, mind and inner balance.<\/p>\n<p data-start=\"450\" data-end=\"548\">Choose your rhythm with 1, 2 or 3 classes per week through monthly, 3-month or yearly memberships.<\/p>\n<p data-start=\"550\" data-end=\"619\">All memberships include a free Yogic Consultation with Sergi Dhariya.<\/p>\n<p data-start=\"621\" data-end=\"730\">3-Month Membership includes 1 Private Yoga Class.<br data-start=\"670\" data-end=\"673\" \/>1-Year Membership includes 1 Private Session every month.<\/p>\n<p data-start=\"360\" data-end=\"431\">Access is valid for the selected duration from the date of first class.<\/p>","protected":false},"featured_media":1138,"comment_status":"open","ping_status":"closed","template":"","meta":{"nf_dc_page":"","om_disable_all_campaigns":false,"_monsterinsights_skip_tracking":false,"_monsterinsights_sitenote_active":false,"_monsterinsights_sitenote_note":"","_monsterinsights_sitenote_category":0,"_uf_show_specific_survey":0,"_uf_disable_surveys":false,"jetpack_post_was_ever_published":false,"jetpack_publicize_message":"","jetpack_publicize_feature_enabled":true,"jetpack_social_post_already_shared":true,"jetpack_social_options":{"image_generator_settings":{"template":"highway","default_image_id":0,"font":"","enabled":false},"version":2}},"product_brand":[35],"product_cat":[24,22,325],"product_tag":[329,330,341,340,342,31,332,335,337,339,331,338,328,327,326,333,334,336],"class_list":{"0":"post-1126","1":"product","2":"type-product","3":"status-publish","4":"has-post-thumbnail","6":"product_brand-inspire-altea","7":"product_cat-wellbeing-experiences","8":"product_cat-yoga-classes","9":"product_cat-yoga-memberships","10":"product_tag-altea-yoga","11":"product_tag-costa-blanca-yoga","12":"product_tag-digital-nomads-altea","13":"product_tag-hatha-yoga","14":"product_tag-long-stay-altea","15":"product_tag-mindful-movement","16":"product_tag-monthly-yoga-pass","17":"product_tag-private-yoga-session","18":"product_tag-sergi-dhariya","19":"product_tag-vinyasa-yoga","20":"product_tag-weekly-yoga","21":"product_tag-wellbeing-altea","22":"product_tag-yoga-classes-altea","23":"product_tag-yoga-in-altea","24":"product_tag-yoga-membership","25":"product_tag-yoga-pass","26":"product_tag-yoga-program","27":"product_tag-yogic-consultation","29":"first","30":"instock","31":"shipping-taxable","32":"purchasable","33":"product-type-variable"},"yoast_head":"<!-- This site is optimized with the Yoast SEO Premium plugin v27.3 (Yoast SEO v27.4) - https:\/\/yoast.com\/product\/yoast-seo-premium-wordpress\/ -->\n<title>Yoga Membership in Altea | Weekly &amp; Long-Stay Yoga Classes<\/title>\n<meta name=\"description\" content=\"Join a weekly yoga membership in Altea with consistent classes and guided practice. Ideal for residents, digital nomads and long-stay visitors.\" \/>\n<meta name=\"robots\" content=\"index, follow, max-snippet:-1, max-image-preview:large, max-video-preview:-1\" \/>\n<link rel=\"canonical\" href=\"https:\/\/www.inspirealtea.com\/fr\/experiences\/abonnement-yoga-altea\/\" \/>\n<meta property=\"og:locale\" content=\"fr_FR\" \/>\n<meta property=\"og:type\" content=\"article\" \/>\n<meta property=\"og:title\" content=\"Weekly Yoga Membership in Altea\" \/>\n<meta property=\"og:description\" content=\"Weekly yoga membership in Altea for residents, digital nomads and long-stay visitors seeking consistency and deeper practice. Regular yoga practice in Altea for body and mind.\" \/>\n<meta property=\"og:url\" content=\"https:\/\/www.inspirealtea.com\/fr\/experiences\/abonnement-yoga-altea\/\" \/>\n<meta property=\"og:site_name\" content=\"Yoga, Ayurveda and Hiking | Inspire Altea\" \/>\n<meta property=\"article:publisher\" content=\"https:\/\/www.facebook.com\/yogaayurveda.altea\" \/>\n<meta property=\"article:modified_time\" content=\"2026-04-02T13:32:44+00:00\" \/>\n<meta property=\"og:image\" content=\"https:\/\/www.inspirealtea.com\/wp-content\/uploads\/2026\/02\/moon-path-yoga-membership-altea.webp\" \/>\n\t<meta property=\"og:image:width\" content=\"1024\" \/>\n\t<meta property=\"og:image:height\" content=\"1536\" \/>\n\t<meta property=\"og:image:type\" content=\"image\/webp\" \/>\n<meta name=\"twitter:card\" content=\"summary_large_image\" \/>\n<meta name=\"twitter:label1\" content=\"Dur\u00e9e de lecture estim\u00e9e\" \/>\n\t<meta name=\"twitter:data1\" content=\"2 minutes\" \/>\n<!-- \/ Yoast SEO Premium plugin. -->","yoast_head_json":{"title":"Abonnement de yoga \u00e0 Altea | Cours de yoga hebdomadaires et de longue dur\u00e9e","description":"Rejoignez un club de yoga hebdomadaire \u00e0 Altea avec des cours r\u00e9guliers et une pratique guid\u00e9e. Id\u00e9al pour les r\u00e9sidents, les nomades num\u00e9riques et les visiteurs de longue dur\u00e9e.","robots":{"index":"index","follow":"follow","max-snippet":"max-snippet:-1","max-image-preview":"max-image-preview:large","max-video-preview":"max-video-preview:-1"},"canonical":"https:\/\/www.inspirealtea.com\/fr\/experiences\/abonnement-yoga-altea\/","og_locale":"fr_FR","og_type":"article","og_title":"Weekly Yoga Membership in Altea","og_description":"Weekly yoga membership in Altea for residents, digital nomads and long-stay visitors seeking consistency and deeper practice. Regular yoga practice in Altea for body and mind.","og_url":"https:\/\/www.inspirealtea.com\/fr\/experiences\/abonnement-yoga-altea\/","og_site_name":"Yoga, Ayurveda and Hiking | Inspire Altea","article_publisher":"https:\/\/www.facebook.com\/yogaayurveda.altea","article_modified_time":"2026-04-02T13:32:44+00:00","og_image":[{"width":1024,"height":1536,"url":"https:\/\/www.inspirealtea.com\/wp-content\/uploads\/2026\/02\/moon-path-yoga-membership-altea.webp","type":"image\/webp"}],"twitter_card":"summary_large_image","twitter_misc":{"Dur\u00e9e de lecture estim\u00e9e":"2 minutes"},"schema":{"@context":"https:\/\/schema.org","@graph":[{"@type":"WebPage","@id":"https:\/\/www.inspirealtea.com\/experiences\/yoga-membership-altea\/","url":"https:\/\/www.inspirealtea.com\/experiences\/yoga-membership-altea\/","name":"Abonnement de yoga \u00e0 Altea | Cours de yoga hebdomadaires et de longue dur\u00e9e","isPartOf":{"@id":"https:\/\/www.inspirealtea.com\/#website"},"primaryImageOfPage":{"@id":"https:\/\/www.inspirealtea.com\/experiences\/yoga-membership-altea\/#primaryimage"},"image":{"@id":"https:\/\/www.inspirealtea.com\/experiences\/yoga-membership-altea\/#primaryimage"},"thumbnailUrl":"https:\/\/i0.wp.com\/www.inspirealtea.com\/wp-content\/uploads\/2026\/02\/moon-path-yoga-membership-altea.webp?fit=1024%2C1536&ssl=1","datePublished":"2026-02-22T12:03:30+00:00","dateModified":"2026-04-02T13:32:44+00:00","description":"Rejoignez un club de yoga hebdomadaire \u00e0 Altea avec des cours r\u00e9guliers et une pratique guid\u00e9e. Id\u00e9al pour les r\u00e9sidents, les nomades num\u00e9riques et les visiteurs de longue dur\u00e9e.","breadcrumb":{"@id":"https:\/\/www.inspirealtea.com\/experiences\/yoga-membership-altea\/#breadcrumb"},"inLanguage":"fr-FR","potentialAction":[{"@type":"ReadAction","target":["https:\/\/www.inspirealtea.com\/experiences\/yoga-membership-altea\/"]}]},{"@type":"ImageObject","inLanguage":"fr-FR","@id":"https:\/\/www.inspirealtea.com\/experiences\/yoga-membership-altea\/#primaryimage","url":"https:\/\/i0.wp.com\/www.inspirealtea.com\/wp-content\/uploads\/2026\/02\/moon-path-yoga-membership-altea.webp?fit=1024%2C1536&ssl=1","contentUrl":"https:\/\/i0.wp.com\/www.inspirealtea.com\/wp-content\/uploads\/2026\/02\/moon-path-yoga-membership-altea.webp?fit=1024%2C1536&ssl=1","width":1024,"height":1536,"caption":"A steady path of practice by the sea."},{"@type":"BreadcrumbList","@id":"https:\/\/www.inspirealtea.com\/experiences\/yoga-membership-altea\/#breadcrumb","itemListElement":[{"@type":"ListItem","position":1,"name":"Home","item":"https:\/\/www.inspirealtea.com\/"},{"@type":"ListItem","position":2,"name":"Experiences","item":"https:\/\/www.inspirealtea.com\/experiences\/"},{"@type":"ListItem","position":3,"name":"Wellbeing experiences","item":"https:\/\/www.inspirealtea.com\/product-category\/wellbeing-experiences\/"},{"@type":"ListItem","position":4,"name":"Yoga Classes","item":"https:\/\/www.inspirealtea.com\/product-category\/wellbeing-experiences\/yoga-classes\/"},{"@type":"ListItem","position":5,"name":"Yoga Memberships","item":"https:\/\/www.inspirealtea.com\/product-category\/wellbeing-experiences\/yoga-classes\/yoga-memberships\/"},{"@type":"ListItem","position":6,"name":"Weekly Yoga Membership in Altea"}]},{"@type":"WebSite","@id":"https:\/\/www.inspirealtea.com\/#website","url":"https:\/\/www.inspirealtea.com\/","name":"Yoga, Ayurveda et randonn\u00e9e | Inspire Altea","description":"Explorez-vous \u00e0 travers le Yoga, l'Ayurveda et la Randonn\u00e9e \u00e0 Altea, Alicante \u2014 un sanctuaire de bien-\u00eatre en bord de M\u00e9diterran\u00e9e.","publisher":{"@id":"https:\/\/www.inspirealtea.com\/#organization"},"alternateName":"Inspire Altea \u2013 Yoga, Ayurveda & Hiking","potentialAction":[{"@type":"SearchAction","target":{"@type":"EntryPoint","urlTemplate":"https:\/\/www.inspirealtea.com\/?s={search_term_string}"},"query-input":{"@type":"PropertyValueSpecification","valueRequired":true,"valueName":"search_term_string"}}],"inLanguage":"fr-FR"},{"@type":"Organization","@id":"https:\/\/www.inspirealtea.com\/#organization","name":"Yoga, Ayurveda et randonn\u00e9e | Inspire Altea","alternateName":"IA Yoga Ayurveda Hike","url":"https:\/\/www.inspirealtea.com\/","logo":{"@type":"ImageObject","inLanguage":"fr-FR","@id":"https:\/\/www.inspirealtea.com\/#\/schema\/logo\/image\/","url":"https:\/\/i0.wp.com\/www.inspirealtea.com\/wp-content\/uploads\/2025\/10\/Logo-Inspire-Altea.png?fit=1024%2C1024&ssl=1","contentUrl":"https:\/\/i0.wp.com\/www.inspirealtea.com\/wp-content\/uploads\/2025\/10\/Logo-Inspire-Altea.png?fit=1024%2C1024&ssl=1","width":1024,"height":1024,"caption":"Yoga, Ayurveda and Hiking | Inspire Altea"},"image":{"@id":"https:\/\/www.inspirealtea.com\/#\/schema\/logo\/image\/"},"sameAs":["https:\/\/www.facebook.com\/yogaayurveda.altea","https:\/\/www.instagram.com\/inspirealtea\/","https:\/\/www.linkedin.com\/in\/sergio-cisneros-galea","https:\/\/www.youtube.com\/@inspirealtea","https:\/\/gravatar.com\/sergiocisnerosgalea"],"description":"Discover holistic wellbeing experiences in Altea that connect body, mind, and nature. From yoga and Ayurveda to guided hiking and personalized retreats \u2014 all designed to help you restore balance, vitality, and inner peace.","email":"inspirealtea@gmail.com","telephone":"+33 6 07 42 58 97","legalName":"Sergio Cisneros Galea","foundingDate":"2019-11-11","numberOfEmployees":{"@type":"QuantitativeValue","minValue":"1","maxValue":"10"},"publishingPrinciples":"https:\/\/www.inspirealtea.com\/who-i-am\/"}]}},"jetpack_publicize_connections":[],"jetpack_sharing_enabled":true,"_links":{"self":[{"href":"https:\/\/www.inspirealtea.com\/fr\/wp-json\/wp\/v2\/product\/1126","targetHints":{"allow":["GET"]}}],"collection":[{"href":"https:\/\/www.inspirealtea.com\/fr\/wp-json\/wp\/v2\/product"}],"about":[{"href":"https:\/\/www.inspirealtea.com\/fr\/wp-json\/wp\/v2\/types\/product"}],"replies":[{"embeddable":true,"href":"https:\/\/www.inspirealtea.com\/fr\/wp-json\/wp\/v2\/comments?post=1126"}],"wp:featuredmedia":[{"embeddable":true,"href":"https:\/\/www.inspirealtea.com\/fr\/wp-json\/wp\/v2\/media\/1138"}],"wp:attachment":[{"href":"https:\/\/www.inspirealtea.com\/fr\/wp-json\/wp\/v2\/media?parent=1126"}],"wp:term":[{"taxonomy":"product_brand","embeddable":true,"href":"https:\/\/www.inspirealtea.com\/fr\/wp-json\/wp\/v2\/product_brand?post=1126"},{"taxonomy":"product_cat","embeddable":true,"href":"https:\/\/www.inspirealtea.com\/fr\/wp-json\/wp\/v2\/product_cat?post=1126"},{"taxonomy":"product_tag","embeddable":true,"href":"https:\/\/www.inspirealtea.com\/fr\/wp-json\/wp\/v2\/product_tag?post=1126"}],"curies":[{"name":"wp","href":"https:\/\/api.w.org\/{rel}","templated":true}]}}