{"id":7,"date":"2025-10-06T07:30:48","date_gmt":"2025-10-06T07:30:48","guid":{"rendered":"https:\/\/exa.upa.mybluehost.me\/cart\/"},"modified":"2025-11-06T19:18:14","modified_gmt":"2025-11-06T18:18:14","slug":"chariot","status":"publish","type":"page","link":"https:\/\/www.inspirealtea.com\/fr\/cart\/","title":{"rendered":"Chariot"},"content":{"rendered":"<div data-block-name=\"woocommerce\/cart\" class=\"wp-block-woocommerce-cart alignwide is-loading\">\n<div data-block-name=\"woocommerce\/filled-cart-block\" class=\"wp-block-woocommerce-filled-cart-block\">\n<div data-block-name=\"woocommerce\/cart-items-block\" class=\"wp-block-woocommerce-cart-items-block\">\n<div data-block-name=\"woocommerce\/cart-line-items-block\" class=\"wp-block-woocommerce-cart-line-items-block\"><\/div>\n\n\n<\/div>\n\n\n\n<div data-block-name=\"woocommerce\/cart-totals-block\" class=\"wp-block-woocommerce-cart-totals-block\">\n<div data-block-name=\"woocommerce\/cart-order-summary-block\" class=\"wp-block-woocommerce-cart-order-summary-block\">\n<div data-block-name=\"woocommerce\/cart-order-summary-heading-block\" class=\"wp-block-woocommerce-cart-order-summary-heading-block\"><\/div>\n\n\n\n<div data-block-name=\"woocommerce\/cart-order-summary-coupon-form-block\" class=\"wp-block-woocommerce-cart-order-summary-coupon-form-block\"><\/div>\n\n\n\n<div data-block-name=\"woocommerce\/cart-order-summary-totals-block\" class=\"wp-block-woocommerce-cart-order-summary-totals-block\">\n<div data-block-name=\"woocommerce\/cart-order-summary-subtotal-block\" class=\"wp-block-woocommerce-cart-order-summary-subtotal-block\"><\/div>\n\n\n\n<div data-block-name=\"woocommerce\/cart-order-summary-fee-block\" class=\"wp-block-woocommerce-cart-order-summary-fee-block\"><\/div>\n\n\n\n<div data-block-name=\"woocommerce\/cart-order-summary-discount-block\" class=\"wp-block-woocommerce-cart-order-summary-discount-block\"><\/div>\n\n\n\n<div data-block-name=\"woocommerce\/cart-order-summary-shipping-block\" class=\"wp-block-woocommerce-cart-order-summary-shipping-block\"><\/div>\n\n\n\n<div data-block-name=\"woocommerce\/cart-order-summary-taxes-block\" class=\"wp-block-woocommerce-cart-order-summary-taxes-block\"><\/div>\n<\/div>\n<\/div>\n\n\n\n<div data-block-name=\"woocommerce\/cart-express-payment-block\" class=\"wp-block-woocommerce-cart-express-payment-block\"><\/div>\n\n\n\n<div data-block-name=\"woocommerce\/proceed-to-checkout-block\" class=\"wp-block-woocommerce-proceed-to-checkout-block\"><\/div>\n\n\n\n<div data-block-name=\"woocommerce\/cart-accepted-payment-methods-block\" class=\"wp-block-woocommerce-cart-accepted-payment-methods-block\"><\/div>\n<\/div>\n<\/div>\n\n\n\n<div data-block-name=\"woocommerce\/empty-cart-block\" class=\"wp-block-woocommerce-empty-cart-block\">\n<h2 class=\"with-empty-cart-icon wc-block-cart__empty-cart__title wp-block-heading has-text-align-center\" id=\"h-your-cart-is-currently-empty\">Votre panier est actuellement vide !<\/h2>\n\n\n\n<hr class=\"is-style-dots wp-block-separator has-alpha-channel-opacity\"\/>\n\n\n\n<h2 class=\"wp-block-heading has-text-align-center\" id=\"h-new-in-store\">Nouveau en magasin<\/h2>\n\n\n<div data-block-name=\"woocommerce\/product-new\" data-columns=\"4\" data-rows=\"1\" class=\"wc-block-grid wp-block-product-new wp-block-woocommerce-product-new wc-block-product-new has-4-columns\"><ul class=\"wc-block-grid__products\"><li class=\"wc-block-grid__product\">\n\t\t\t\t<a href=\"https:\/\/www.inspirealtea.com\/fr\/experiences\/yoga-retreat-day-altea\/\" class=\"wc-block-grid__product-link\">\n\t\t\t\t\t\n\t\t\t\t\t<div class=\"wc-block-grid__product-image\"><img data-recalc-dims=\"1\" decoding=\"async\" loading=\"lazy\" width=\"300\" height=\"300\" src=\"https:\/\/i0.wp.com\/www.inspirealtea.com\/wp-content\/uploads\/2026\/04\/yoga-retreat-day-altea-hatha-yoga-hiking-costa-blanca.webp?resize=300%2C300&#038;ssl=1\" class=\"attachment-woocommerce_thumbnail size-woocommerce_thumbnail\" alt=\"Retraite de Yoga \u00e0 Altea \u2014 Exp\u00e9rience de Hatha Yoga traditionnel et de randonn\u00e9e, Costa Blanca, Alicante\" srcset=\"https:\/\/i0.wp.com\/www.inspirealtea.com\/wp-content\/uploads\/2026\/04\/yoga-retreat-day-altea-hatha-yoga-hiking-costa-blanca.webp?resize=300%2C300&amp;ssl=1 300w, https:\/\/i0.wp.com\/www.inspirealtea.com\/wp-content\/uploads\/2026\/04\/yoga-retreat-day-altea-hatha-yoga-hiking-costa-blanca.webp?resize=150%2C150&amp;ssl=1 150w, https:\/\/i0.wp.com\/www.inspirealtea.com\/wp-content\/uploads\/2026\/04\/yoga-retreat-day-altea-hatha-yoga-hiking-costa-blanca.webp?resize=100%2C100&amp;ssl=1 100w, https:\/\/i0.wp.com\/www.inspirealtea.com\/wp-content\/uploads\/2026\/04\/yoga-retreat-day-altea-hatha-yoga-hiking-costa-blanca.webp?zoom=2&amp;resize=300%2C300&amp;ssl=1 600w, https:\/\/i0.wp.com\/www.inspirealtea.com\/wp-content\/uploads\/2026\/04\/yoga-retreat-day-altea-hatha-yoga-hiking-costa-blanca.webp?zoom=3&amp;resize=300%2C300&amp;ssl=1 900w\" sizes=\"auto, (max-width: 300px) 100vw, 300px\" \/><\/div>\n\t\t\t\t\t<div class=\"wc-block-grid__product-title\">Retraite Yoga \u00e0 Altea \u2014 Hatha Yoga &amp; Randonn\u00e9e, Costa Blanca<\/div>\n\t\t\t\t<\/a>\n\t\t\t\t<div class=\"wc-block-grid__product-price price\"><span class=\"woocommerce-Price-amount amount\" aria-hidden=\"true\">35,00&nbsp;<span class=\"woocommerce-Price-currencySymbol\">&euro;<\/span><\/span> <span aria-hidden=\"true\">\u00a0\u2013\u00a0<\/span> <span class=\"woocommerce-Price-amount amount\" aria-hidden=\"true\">50,00&nbsp;<span class=\"woocommerce-Price-currencySymbol\">&euro;<\/span><\/span><span class=\"screen-reader-text\" data-no-translation=\"\" data-trp-gettext=\"\">Plage de prix\u00a0: 35,00&nbsp;&euro; \u00e0 50,00&nbsp;&euro;<\/span><\/div>\n\t\t\t\t<div class=\"wc-block-grid__product-rating\"><div class=\"star-rating\" role=\"img\" aria-label=\"Rated 5.00 out of 5\" data-no-translation-aria-label=\"\"><span style=\"width:100%\" data-no-translation=\"\" data-trp-gettext=\"\">Not\u00e9 <strong class=\"rating\">5.00<\/strong> sur 5 en fonction de l&#8217;\u00e9valuation des clients <span class=\"rating\">1<\/span><\/span><\/div><\/div>\n\t\t\t\t<div class=\"wp-block-button wc-block-grid__product-add-to-cart\"><a href=\"https:\/\/www.inspirealtea.com\/fr\/experiences\/yoga-retreat-day-altea\/\" aria-label=\"S\u00e9lectionner les options pour \u201cYoga Retreat Day in Altea \u2014 Hatha Yoga &amp; Hiking, Costa Blanca\u201d\" data-quantity=\"1\" data-product_id=\"1405\" data-product_sku=\"IA-RETREAT-DAY\" data-price=\"35\" rel=\"nofollow\" class=\"wp-block-button__link wp-element-button add_to_cart_button\" data-no-translation-aria-label=\"\">R\u00e9server<\/a><\/div>\n\t\t\t<\/li><li class=\"wc-block-grid__product\">\n\t\t\t\t<a href=\"https:\/\/www.inspirealtea.com\/fr\/experiences\/yoga-membership-altea\/\" class=\"wc-block-grid__product-link\">\n\t\t\t\t\t\n\t\t\t\t\t<div class=\"wc-block-grid__product-image\"><img data-recalc-dims=\"1\" decoding=\"async\" loading=\"lazy\" width=\"300\" height=\"300\" src=\"https:\/\/i0.wp.com\/www.inspirealtea.com\/wp-content\/uploads\/2026\/02\/moon-path-yoga-membership-altea.webp?resize=300%2C300&#038;ssl=1\" class=\"attachment-woocommerce_thumbnail size-woocommerce_thumbnail\" alt=\"Yogini en padmasana sur un tapis de yoga blanc sur la plage d&#039;Altea\" srcset=\"https:\/\/i0.wp.com\/www.inspirealtea.com\/wp-content\/uploads\/2026\/02\/moon-path-yoga-membership-altea.webp?resize=300%2C300&amp;ssl=1 300w, https:\/\/i0.wp.com\/www.inspirealtea.com\/wp-content\/uploads\/2026\/02\/moon-path-yoga-membership-altea.webp?resize=150%2C150&amp;ssl=1 150w, https:\/\/i0.wp.com\/www.inspirealtea.com\/wp-content\/uploads\/2026\/02\/moon-path-yoga-membership-altea.webp?resize=100%2C100&amp;ssl=1 100w, https:\/\/i0.wp.com\/www.inspirealtea.com\/wp-content\/uploads\/2026\/02\/moon-path-yoga-membership-altea.webp?zoom=2&amp;resize=300%2C300&amp;ssl=1 600w, https:\/\/i0.wp.com\/www.inspirealtea.com\/wp-content\/uploads\/2026\/02\/moon-path-yoga-membership-altea.webp?zoom=3&amp;resize=300%2C300&amp;ssl=1 900w\" sizes=\"auto, (max-width: 300px) 100vw, 300px\" \/><\/div>\n\t\t\t\t\t<div class=\"wc-block-grid__product-title\">Abonnement hebdomadaire de yoga \u00e0 Altea<\/div>\n\t\t\t\t<\/a>\n\t\t\t\t<div class=\"wc-block-grid__product-price price\"><span class=\"woocommerce-Price-amount amount\" aria-hidden=\"true\">56,00&nbsp;<span class=\"woocommerce-Price-currencySymbol\">&euro;<\/span><\/span> <span aria-hidden=\"true\">\u00a0\u2013\u00a0<\/span> <span class=\"woocommerce-Price-amount amount\" aria-hidden=\"true\">1.200,00&nbsp;<span class=\"woocommerce-Price-currencySymbol\">&euro;<\/span><\/span><span class=\"screen-reader-text\" data-no-translation=\"\" data-trp-gettext=\"\">Plage de prix\u00a0: 56,00&nbsp;&euro; \u00e0 1.200,00&nbsp;&euro;<\/span><\/div>\n\t\t\t\t<div class=\"wc-block-grid__product-rating\"><div class=\"star-rating\" role=\"img\" aria-label=\"Rated 5.00 out of 5\" data-no-translation-aria-label=\"\"><span style=\"width:100%\" data-no-translation=\"\" data-trp-gettext=\"\">Not\u00e9 <strong class=\"rating\">5.00<\/strong> sur 5 en fonction de l&#8217;\u00e9valuation des clients <span class=\"rating\">1<\/span><\/span><\/div><\/div>\n\t\t\t\t<div class=\"wp-block-button wc-block-grid__product-add-to-cart\"><a href=\"https:\/\/www.inspirealtea.com\/fr\/experiences\/yoga-membership-altea\/\" aria-label=\"S\u00e9lectionner les options pour \u201cWeekly Yoga Membership in Altea\u201d\" data-quantity=\"1\" data-product_id=\"1126\" data-product_sku=\"\" data-price=\"56\" rel=\"nofollow\" class=\"wp-block-button__link wp-element-button add_to_cart_button\" data-no-translation-aria-label=\"\">R\u00e9server<\/a><\/div>\n\t\t\t<\/li><li class=\"wc-block-grid__product\">\n\t\t\t\t<a href=\"https:\/\/www.inspirealtea.com\/fr\/experiences\/seven-summits-challenge-alicante\/\" class=\"wc-block-grid__product-link\">\n\t\t\t\t\t\n\t\t\t\t\t<div class=\"wc-block-grid__product-image\"><img data-recalc-dims=\"1\" decoding=\"async\" loading=\"lazy\" width=\"300\" height=\"300\" src=\"https:\/\/i0.wp.com\/www.inspirealtea.com\/wp-content\/uploads\/2025\/11\/trekkalicante5.webp?resize=300%2C300&#038;ssl=1\" class=\"attachment-woocommerce_thumbnail size-woocommerce_thumbnail\" alt=\"Randonn\u00e9e du d\u00e9fi des Sept Sommets dans les montagnes d&#039;Alicante.\" srcset=\"https:\/\/i0.wp.com\/www.inspirealtea.com\/wp-content\/uploads\/2025\/11\/trekkalicante5.webp?resize=300%2C300&amp;ssl=1 300w, https:\/\/i0.wp.com\/www.inspirealtea.com\/wp-content\/uploads\/2025\/11\/trekkalicante5.webp?resize=150%2C150&amp;ssl=1 150w, https:\/\/i0.wp.com\/www.inspirealtea.com\/wp-content\/uploads\/2025\/11\/trekkalicante5.webp?resize=100%2C100&amp;ssl=1 100w, https:\/\/i0.wp.com\/www.inspirealtea.com\/wp-content\/uploads\/2025\/11\/trekkalicante5.webp?zoom=2&amp;resize=300%2C300&amp;ssl=1 600w, https:\/\/i0.wp.com\/www.inspirealtea.com\/wp-content\/uploads\/2025\/11\/trekkalicante5.webp?zoom=3&amp;resize=300%2C300&amp;ssl=1 900w\" sizes=\"auto, (max-width: 300px) 100vw, 300px\" \/><\/div>\n\t\t\t\t\t<div class=\"wc-block-grid__product-title\">D\u00e9fi des sept sommets - \u00c9dition Alicante<\/div>\n\t\t\t\t<\/a>\n\t\t\t\t<div class=\"wc-block-grid__product-price price\"><span class=\"woocommerce-Price-amount amount\">300,00&nbsp;<span class=\"woocommerce-Price-currencySymbol\">\u20ac<\/span><\/span><\/div>\n\t\t\t\t<div class=\"wc-block-grid__product-rating\"><div class=\"star-rating\" role=\"img\" aria-label=\"Rated 5.00 out of 5\" data-no-translation-aria-label=\"\"><span style=\"width:100%\" data-no-translation=\"\" data-trp-gettext=\"\">Not\u00e9 <strong class=\"rating\">5.00<\/strong> sur 5 en fonction de l&#8217;\u00e9valuation des clients <span class=\"rating\">1<\/span><\/span><\/div><\/div>\n\t\t\t\t<div class=\"wp-block-button wc-block-grid__product-add-to-cart\"><a href=\"\/fr\/wp-json\/wp\/v2\/pages\/7?add-to-cart=734\" aria-label=\"Ajouter au panier : \u201cSeven Summits Challenge \u2013 Alicante Edition\u201d\" data-quantity=\"1\" data-product_id=\"734\" data-product_sku=\"IA-SSC-003\" data-price=\"300\" rel=\"nofollow\" class=\"wp-block-button__link wp-element-button add_to_cart_button ajax_add_to_cart\" data-no-translation-aria-label=\"\">R\u00e9server<\/a><\/div>\n\t\t\t<\/li><li class=\"wc-block-grid__product\">\n\t\t\t\t<a href=\"https:\/\/www.inspirealtea.com\/fr\/experiences\/sunrise-hike-alicante\/\" class=\"wc-block-grid__product-link\">\n\t\t\t\t\t\n\t\t\t\t\t<div class=\"wc-block-grid__product-image\"><img data-recalc-dims=\"1\" decoding=\"async\" loading=\"lazy\" width=\"300\" height=\"300\" src=\"https:\/\/i0.wp.com\/www.inspirealtea.com\/wp-content\/uploads\/2025\/11\/IMG_5534.webp?resize=300%2C300&#038;ssl=1\" class=\"attachment-woocommerce_thumbnail size-woocommerce_thumbnail\" alt=\"Lever de soleil sur la mer M\u00e9diterran\u00e9e depuis un sommet pr\u00e8s d&#039;Altea, Costa Blanca - dans le cadre de l&#039;exp\u00e9rience Sunrise Hike Alicante.\" srcset=\"https:\/\/i0.wp.com\/www.inspirealtea.com\/wp-content\/uploads\/2025\/11\/IMG_5534-scaled.webp?resize=300%2C300&amp;ssl=1 300w, https:\/\/i0.wp.com\/www.inspirealtea.com\/wp-content\/uploads\/2025\/11\/IMG_5534-scaled.webp?resize=150%2C150&amp;ssl=1 150w, https:\/\/i0.wp.com\/www.inspirealtea.com\/wp-content\/uploads\/2025\/11\/IMG_5534-scaled.webp?resize=100%2C100&amp;ssl=1 100w, https:\/\/i0.wp.com\/www.inspirealtea.com\/wp-content\/uploads\/2025\/11\/IMG_5534-scaled.webp?zoom=2&amp;resize=300%2C300&amp;ssl=1 600w, https:\/\/i0.wp.com\/www.inspirealtea.com\/wp-content\/uploads\/2025\/11\/IMG_5534-scaled.webp?zoom=3&amp;resize=300%2C300&amp;ssl=1 900w\" sizes=\"auto, (max-width: 300px) 100vw, 300px\" \/><\/div>\n\t\t\t\t\t<div class=\"wc-block-grid__product-title\">Lever de soleil en montagne - Costa Blanca<\/div>\n\t\t\t\t<\/a>\n\t\t\t\t<div class=\"wc-block-grid__product-price price\"><span class=\"woocommerce-Price-amount amount\">40,00&nbsp;<span class=\"woocommerce-Price-currencySymbol\">\u20ac<\/span><\/span><\/div>\n\t\t\t\t<div class=\"wc-block-grid__product-rating\"><div class=\"star-rating\" role=\"img\" aria-label=\"Rated 5.00 out of 5\" data-no-translation-aria-label=\"\"><span style=\"width:100%\" data-no-translation=\"\" data-trp-gettext=\"\">Not\u00e9 <strong class=\"rating\">5.00<\/strong> sur 5 en fonction de l&#8217;\u00e9valuation des clients <span class=\"rating\">1<\/span><\/span><\/div><\/div>\n\t\t\t\t<div class=\"wp-block-button wc-block-grid__product-add-to-cart\"><a href=\"\/fr\/wp-json\/wp\/v2\/pages\/7?add-to-cart=730\" aria-label=\"Ajouter au panier : \u201cSunrise Mountain Experience \u2013 Costa Blanca\u201d\" data-quantity=\"1\" data-product_id=\"730\" data-product_sku=\"IA-SME-002\" data-price=\"40\" rel=\"nofollow\" class=\"wp-block-button__link wp-element-button add_to_cart_button ajax_add_to_cart\" data-no-translation-aria-label=\"\">R\u00e9server<\/a><\/div>\n\t\t\t<\/li><\/ul><\/div><\/div>\n<\/div>","protected":false},"excerpt":{"rendered":"","protected":false},"author":1,"featured_media":0,"parent":0,"menu_order":0,"comment_status":"closed","ping_status":"closed","template":"","meta":{"nf_dc_page":"","om_disable_all_campaigns":false,"_monsterinsights_skip_tracking":false,"_monsterinsights_sitenote_active":false,"_monsterinsights_sitenote_note":"","_monsterinsights_sitenote_category":0,"_uf_show_specific_survey":0,"_uf_disable_surveys":false,"jetpack_post_was_ever_published":false,"footnotes":""},"class_list":["post-7","page","type-page","status-publish","hentry"],"yoast_head":"<!-- This site is optimized with the Yoast SEO Premium plugin v27.3 (Yoast SEO v27.4) - https:\/\/yoast.com\/product\/yoast-seo-premium-wordpress\/ -->\n<title>Cart - Yoga, Ayurveda and Hiking | Inspire Altea<\/title>\n<meta name=\"robots\" content=\"noindex, nofollow\" \/>\n<meta property=\"og:locale\" content=\"fr_FR\" \/>\n<meta property=\"og:type\" content=\"article\" \/>\n<meta property=\"og:title\" content=\"Cart\" \/>\n<meta property=\"og:url\" content=\"https:\/\/www.inspirealtea.com\/fr\/chariot\/\" \/>\n<meta property=\"og:site_name\" content=\"Yoga, Ayurveda and Hiking | Inspire Altea\" \/>\n<meta property=\"article:publisher\" content=\"https:\/\/www.facebook.com\/yogaayurveda.altea\" \/>\n<meta property=\"article:modified_time\" content=\"2025-11-06T18:18:14+00:00\" \/>\n<meta property=\"og:image\" content=\"https:\/\/i0.wp.com\/www.inspirealtea.com\/wp-content\/uploads\/2025\/10\/Alicante-hikes.webp?fit=1280%2C854&ssl=1\" \/>\n\t<meta property=\"og:image:width\" content=\"1280\" \/>\n\t<meta property=\"og:image:height\" content=\"854\" \/>\n\t<meta property=\"og:image:type\" content=\"image\/webp\" \/>\n<meta name=\"twitter:card\" content=\"summary_large_image\" \/>\n<meta name=\"twitter:label1\" content=\"Dur\u00e9e de lecture estim\u00e9e\" \/>\n\t<meta name=\"twitter:data1\" content=\"1 minute\" \/>\n<!-- \/ Yoast SEO Premium plugin. -->","yoast_head_json":{"title":"Panier - Yoga, Ayurveda et randonn\u00e9e | Inspire Altea","robots":{"index":"noindex","follow":"nofollow"},"og_locale":"fr_FR","og_type":"article","og_title":"Cart","og_url":"https:\/\/www.inspirealtea.com\/fr\/chariot\/","og_site_name":"Yoga, Ayurveda and Hiking | Inspire Altea","article_publisher":"https:\/\/www.facebook.com\/yogaayurveda.altea","article_modified_time":"2025-11-06T18:18:14+00:00","og_image":[{"width":1280,"height":854,"url":"https:\/\/i0.wp.com\/www.inspirealtea.com\/wp-content\/uploads\/2025\/10\/Alicante-hikes.webp?fit=1280%2C854&ssl=1","type":"image\/webp"}],"twitter_card":"summary_large_image","twitter_misc":{"Dur\u00e9e de lecture estim\u00e9e":"1 minute"},"schema":{"@context":"https:\/\/schema.org","@graph":[{"@type":"WebPage","@id":"https:\/\/www.inspirealtea.com\/cart\/","url":"https:\/\/www.inspirealtea.com\/cart\/","name":"Panier - Yoga, Ayurveda et randonn\u00e9e | Inspire Altea","isPartOf":{"@id":"https:\/\/www.inspirealtea.com\/#website"},"datePublished":"2025-10-06T07:30:48+00:00","dateModified":"2025-11-06T18:18:14+00:00","breadcrumb":{"@id":"https:\/\/www.inspirealtea.com\/cart\/#breadcrumb"},"inLanguage":"fr-FR","potentialAction":[{"@type":"ReadAction","target":["https:\/\/www.inspirealtea.com\/cart\/"]}]},{"@type":"BreadcrumbList","@id":"https:\/\/www.inspirealtea.com\/cart\/#breadcrumb","itemListElement":[{"@type":"ListItem","position":1,"name":"Home","item":"https:\/\/www.inspirealtea.com\/"},{"@type":"ListItem","position":2,"name":"Cart"}]},{"@type":"WebSite","@id":"https:\/\/www.inspirealtea.com\/#website","url":"https:\/\/www.inspirealtea.com\/","name":"Yoga, Ayurveda et randonn\u00e9e | Inspire Altea","description":"Explorez-vous \u00e0 travers le Yoga, l'Ayurveda et la Randonn\u00e9e \u00e0 Altea, Alicante \u2014 un sanctuaire de bien-\u00eatre en bord de M\u00e9diterran\u00e9e.","publisher":{"@id":"https:\/\/www.inspirealtea.com\/#organization"},"alternateName":"Inspire Altea \u2013 Yoga, Ayurveda & Hiking","potentialAction":[{"@type":"SearchAction","target":{"@type":"EntryPoint","urlTemplate":"https:\/\/www.inspirealtea.com\/?s={search_term_string}"},"query-input":{"@type":"PropertyValueSpecification","valueRequired":true,"valueName":"search_term_string"}}],"inLanguage":"fr-FR"},{"@type":"Organization","@id":"https:\/\/www.inspirealtea.com\/#organization","name":"Yoga, Ayurveda et randonn\u00e9e | Inspire Altea","alternateName":"IA Yoga Ayurveda Hike","url":"https:\/\/www.inspirealtea.com\/","logo":{"@type":"ImageObject","inLanguage":"fr-FR","@id":"https:\/\/www.inspirealtea.com\/#\/schema\/logo\/image\/","url":"https:\/\/i0.wp.com\/www.inspirealtea.com\/wp-content\/uploads\/2025\/10\/Logo-Inspire-Altea.png?fit=1024%2C1024&ssl=1","contentUrl":"https:\/\/i0.wp.com\/www.inspirealtea.com\/wp-content\/uploads\/2025\/10\/Logo-Inspire-Altea.png?fit=1024%2C1024&ssl=1","width":1024,"height":1024,"caption":"Yoga, Ayurveda and Hiking | Inspire Altea"},"image":{"@id":"https:\/\/www.inspirealtea.com\/#\/schema\/logo\/image\/"},"sameAs":["https:\/\/www.facebook.com\/yogaayurveda.altea","https:\/\/www.instagram.com\/inspirealtea\/","https:\/\/www.linkedin.com\/in\/sergio-cisneros-galea","https:\/\/www.youtube.com\/@inspirealtea","https:\/\/gravatar.com\/sergiocisnerosgalea"],"description":"Discover holistic wellbeing experiences in Altea that connect body, mind, and nature. From yoga and Ayurveda to guided hiking and personalized retreats \u2014 all designed to help you restore balance, vitality, and inner peace.","email":"inspirealtea@gmail.com","telephone":"+33 6 07 42 58 97","legalName":"Sergio Cisneros Galea","foundingDate":"2019-11-11","numberOfEmployees":{"@type":"QuantitativeValue","minValue":"1","maxValue":"10"},"publishingPrinciples":"https:\/\/www.inspirealtea.com\/who-i-am\/"}]}},"jetpack_sharing_enabled":true,"_links":{"self":[{"href":"https:\/\/www.inspirealtea.com\/fr\/wp-json\/wp\/v2\/pages\/7","targetHints":{"allow":["GET"]}}],"collection":[{"href":"https:\/\/www.inspirealtea.com\/fr\/wp-json\/wp\/v2\/pages"}],"about":[{"href":"https:\/\/www.inspirealtea.com\/fr\/wp-json\/wp\/v2\/types\/page"}],"author":[{"embeddable":true,"href":"https:\/\/www.inspirealtea.com\/fr\/wp-json\/wp\/v2\/users\/1"}],"replies":[{"embeddable":true,"href":"https:\/\/www.inspirealtea.com\/fr\/wp-json\/wp\/v2\/comments?post=7"}],"version-history":[{"count":2,"href":"https:\/\/www.inspirealtea.com\/fr\/wp-json\/wp\/v2\/pages\/7\/revisions"}],"predecessor-version":[{"id":903,"href":"https:\/\/www.inspirealtea.com\/fr\/wp-json\/wp\/v2\/pages\/7\/revisions\/903"}],"wp:attachment":[{"href":"https:\/\/www.inspirealtea.com\/fr\/wp-json\/wp\/v2\/media?parent=7"}],"curies":[{"name":"wp","href":"https:\/\/api.w.org\/{rel}","templated":true}]}}