{"id":17,"date":"2025-10-20T14:02:51","date_gmt":"2025-10-20T14:02:51","guid":{"rendered":"https:\/\/exa.upa.mybluehost.me\/about\/"},"modified":"2026-02-28T21:02:55","modified_gmt":"2026-02-28T20:02:55","slug":"qui-je-suis","status":"publish","type":"page","link":"https:\/\/www.inspirealtea.com\/fr\/who-i-am\/","title":{"rendered":"Qui suis-je ?"},"content":{"rendered":"<h2 class=\"has-text-align-center wp-block-post-title\">Qui suis-je ?<\/h2>\n\n\n<div id=\"hero\" class=\"nfd-container nfd-p-lg nfd-pb-lg is-style-nfd-theme-white wp-block-group has-global-padding is-layout-constrained wp-block-group-is-layout-constrained\">\n<div class=\"nfd-gap-3xl wp-block-columns are-vertically-aligned-center is-layout-flex wp-container-core-columns-is-layout-28f84493 wp-block-columns-is-layout-flex\">\n<div class=\"md:nfd-order-2 wp-block-column is-vertically-aligned-center is-layout-flow wp-container-core-column-is-layout-fc5e3b10 wp-block-column-is-layout-flow\" style=\"flex-basis:44%\">\n<div class=\"nfd-gap-lg nfd-text-md wp-block-group is-vertical is-layout-flex wp-container-core-group-is-layout-fe9cc265 wp-block-group-is-layout-flex\">\n<h1 class=\"wp-block-heading nfd-text-giga nfd-text-current\" id=\"h-who-i-am-sergi-dhariya-sergio-cisneros-galea\"><strong>Qui je suis - Sergi Dhariya <\/strong>(Sergio Cisneros Galea)<\/h1>\n\n\n\n<p class=\"\"><em>Un voyage dans la conscience, la nature et l'\u00e9quilibre.<\/em><\/p>\n\n\n\n<p class=\"\"><strong>Sergi Dhariya<\/strong> est professeur de yoga, praticienne ayurv\u00e9dique et guide de montagne bas\u00e9e \u00e0 Altea. Par le biais de <strong>Inspire Altea<\/strong>, Des exp\u00e9riences de bien-\u00eatre holistique sont propos\u00e9es, qui int\u00e8grent les \u00e9l\u00e9ments suivants <strong>mouvement, conscience et nature<\/strong>.<\/p>\n\n\n\n<h2 class=\"wp-block-heading\" id=\"h-approach\">Approche<\/h2>\n\n\n\n<p class=\"\">Cette m\u00e9thodologie associe le yoga, l'ayurv\u00e9da et les exp\u00e9riences bas\u00e9es sur la nature comme autant de voies vers la pr\u00e9sence, la clart\u00e9 et l'\u00e9quilibre. Plut\u00f4t que de viser des r\u00e9sultats imm\u00e9diats, le processus se d\u00e9ploie \u00e0 travers une pratique attentive et une int\u00e9gration r\u00e9guli\u00e8re.<\/p>\n\n\n\n<div class=\"wp-block-buttons is-horizontal is-content-justification-left is-layout-flex wp-container-core-buttons-is-layout-c4719c80 wp-block-buttons-is-layout-flex\">\n<div class=\"nfd-btn-lg  wp-block-button\"><a class=\"wp-block-button__link has-contrast-color has-accent-6-background-color has-text-color has-background has-link-color wp-element-button\" href=\"https:\/\/wa.me\/330607425897\" target=\"_blank\" rel=\"noreferrer noopener\"><strong>Rencontrer<\/strong> Sergio<\/a><\/div>\n<\/div>\n<\/div>\n<\/div>\n\n\n\n<div class=\"wp-block-column is-vertically-aligned-center is-layout-flow wp-container-core-column-is-layout-8a368f38 wp-block-column-is-layout-flow\" style=\"flex-basis:50%\">\n<div class=\"nfd-grid nfd-grid-cols-9 nfd-grid-rows-1 nfd-items-center wp-block-group is-layout-flow wp-container-core-group-is-layout-a77db08e wp-block-group-is-layout-flow\">\n<figure class=\"wp-block-gallery has-nested-images columns-default is-cropped wp-block-gallery-1 is-layout-flex wp-block-gallery-is-layout-flex\">\n<figure class=\"nfd-col-start-1 nfd-col-end-7 nfd-row-start-1 nfd-rounded wp-block-image size-full\"><img data-recalc-dims=\"1\" decoding=\"async\" width=\"1200\" height=\"1600\" loading=\"lazy\" data-id=\"1162\" src=\"https:\/\/i0.wp.com\/www.inspirealtea.com\/wp-content\/uploads\/2026\/02\/Bio-Sergi-Dhariya.webp?resize=1200%2C1600&#038;ssl=1\" alt=\"Sergio Cisneros Galea, praticien de yoga et d&#039;ayurveda, \u00e0 Altea, Costa Blanca\" class=\"wp-image-1162\" style=\"aspect-ratio:2\/3;object-fit:cover\" srcset=\"https:\/\/i0.wp.com\/www.inspirealtea.com\/wp-content\/uploads\/2026\/02\/Bio-Sergi-Dhariya.webp?w=1200&amp;ssl=1 1200w, https:\/\/i0.wp.com\/www.inspirealtea.com\/wp-content\/uploads\/2026\/02\/Bio-Sergi-Dhariya.webp?resize=225%2C300&amp;ssl=1 225w, https:\/\/i0.wp.com\/www.inspirealtea.com\/wp-content\/uploads\/2026\/02\/Bio-Sergi-Dhariya.webp?resize=768%2C1024&amp;ssl=1 768w, https:\/\/i0.wp.com\/www.inspirealtea.com\/wp-content\/uploads\/2026\/02\/Bio-Sergi-Dhariya.webp?resize=1152%2C1536&amp;ssl=1 1152w, https:\/\/i0.wp.com\/www.inspirealtea.com\/wp-content\/uploads\/2026\/02\/Bio-Sergi-Dhariya.webp?resize=9%2C12&amp;ssl=1 9w, https:\/\/i0.wp.com\/www.inspirealtea.com\/wp-content\/uploads\/2026\/02\/Bio-Sergi-Dhariya.webp?resize=600%2C800&amp;ssl=1 600w\" sizes=\"auto, (max-width: 1000px) 100vw, 1000px\" \/><figcaption class=\"wp-element-caption\">Sergio Cisneros Galea, fondateur d'Inspire Altea - partage du yoga et de l'ayurveda pour une vie consciente \u00e0 Altea.<\/figcaption><\/figure>\n<\/figure>\n<\/div>\n<\/div>\n<\/div>\n<\/div>\n\n\n\n<div class=\"wp-block-group has-global-padding is-layout-constrained wp-block-group-is-layout-constrained\">\n<div class=\"nfd-container nfd-text-md nfd-wb-text__text-1 wp-block-group has-global-padding is-content-justification-left is-layout-constrained wp-container-core-group-is-layout-12dd3699 wp-block-group-is-layout-constrained\">\n<div class=\"nfd-max-w-prose wp-block-group alignfull is-vertical is-content-justification-left is-layout-flex wp-container-core-group-is-layout-dd225191 wp-block-group-is-layout-flex\">\n<h2 class=\"nfd-text-xl nfd-text-balance wp-block-heading\" id=\"h-walking-silently\" style=\"font-style:normal;font-weight:600\">Marcher en silence<\/h2>\n\n\n\n<p class=\"has-drop-cap\">Enracin\u00e9s dans l'air marin et la pierre, le silence et le mouvement ont toujours fait bon m\u00e9nage. La montagne offre un premier langage de pr\u00e9sence et de changement.<br>L'activit\u00e9 de guide de montagne a d\u00e9but\u00e9 \u00e0 15 ans dans la ville de la lumi\u00e8re et s'est accompagn\u00e9e d'un constat clair : la nature est le miroir du monde int\u00e9rieur. <\/p>\n\n\n\n<p class=\"has-drop-cap\">Apr\u00e8s 16 ans de guidage dans les Alpes, les Pyr\u00e9n\u00e9es et la Toscane, la nature nous a enseign\u00e9 la patience et la prise de conscience. \u00c0 Altea, ce chemin \u00e9volue, m\u00ealant exp\u00e9rience de plein air et sant\u00e9 int\u00e9grative.<\/p>\n<\/div>\n<\/div>\n<\/div>\n\n\n\n<div class=\"wp-block-group has-global-padding is-content-justification-left is-layout-constrained wp-container-core-group-is-layout-12dd3699 wp-block-group-is-layout-constrained\">\n<div class=\"wp-block-columns alignfull is-layout-flex wp-container-core-columns-is-layout-28f84493 wp-block-columns-is-layout-flex\">\n<div class=\"wp-block-column is-layout-flow wp-block-column-is-layout-flow\" style=\"flex-basis:50%\">\n<div class=\"is-style-default wp-block-cover is-light\" style=\"min-height:600px;aspect-ratio:unset;\"><span aria-hidden=\"true\" class=\"wp-block-cover__background has-custom-color-2-background-color has-background-dim-0 has-background-dim\"><\/span><div class=\"wp-block-cover__inner-container is-layout-flow wp-block-cover-is-layout-flow\">\n<figure class=\"wp-block-image aligncenter size-full is-resized\"><img data-recalc-dims=\"1\" decoding=\"async\" width=\"347\" height=\"529\" loading=\"lazy\" src=\"https:\/\/i0.wp.com\/www.inspirealtea.com\/wp-content\/uploads\/2025\/11\/Yoga-2.webp?resize=347%2C529&#038;ssl=1\" alt=\"Posture de yoga m\u00e9ditative symbolisant la pleine conscience et l&#039;\u00e9quilibre int\u00e9rieur \u00e0 Inspire Altea, Costa Blanca\" class=\"wp-image-662\" style=\"aspect-ratio:0.6559444690592232;width:347px;height:auto\" srcset=\"https:\/\/i0.wp.com\/www.inspirealtea.com\/wp-content\/uploads\/2025\/11\/Yoga-2.webp?w=347&amp;ssl=1 347w, https:\/\/i0.wp.com\/www.inspirealtea.com\/wp-content\/uploads\/2025\/11\/Yoga-2.webp?resize=197%2C300&amp;ssl=1 197w\" sizes=\"auto, (max-width: 347px) 100vw, 347px\" \/><figcaption class=\"wp-element-caption\">La pleine conscience et l'\u00e9quilibre s'expriment \u00e0 travers la pratique du yoga \u00e0 Inspire Altea.<\/figcaption><\/figure>\n<\/div><\/div>\n<\/div>\n\n\n\n<div class=\"nfd-container nfd-text-md nfd-wb-text__text-1 wp-block-column has-global-padding is-content-justification-left is-layout-constrained wp-container-core-column-is-layout-12dd3699 wp-block-column-is-layout-constrained\">\n<div class=\"nfd-max-w-prose wp-block-columns is-vertical is-content-justification-left is-layout-flex wp-container-core-columns-is-layout-ef42fd53 wp-block-columns-is-layout-flex\">\n<div class=\"nfd-text-xl nfd-text-balance wp-block-column is-layout-flow wp-block-column-is-layout-flow\" style=\"font-style:normal;font-weight:600;flex-basis:320px\">\n<h2 class=\"nfd-text-xl nfd-text-balance wp-block-heading\" id=\"h-philosophy\"><strong>Philosophie<\/strong><\/h2>\n\n\n\n<p class=\"is-style-default has-large-font-size\">\u00c0 Inspire Altea, <strong>Ayurveda et Yoga<\/strong> sont consid\u00e9r\u00e9s comme vivants<strong> sciences<\/strong>, L'objectif est d'offrir des services de qualit\u00e9, enracin\u00e9s dans l'exp\u00e9rience directe et con\u00e7us pour s'adapter \u00e0 la vie contemporaine.<br>Chaque massage, cours ou th\u00e9rapie devient un dialogue entre l'individu et le moment pr\u00e9sent - un processus guid\u00e9 par l'\u00e9coute, l'observation et la confiance.<\/p>\n\n\n\n<blockquote class=\"wp-block-quote is-layout-flow wp-block-quote-is-layout-flow\">\n<p class=\"has-large-font-size\">\u201cLa gu\u00e9rison commence lorsque nous revenons \u00e0 la simplicit\u00e9 - \u00e9couter, respirer et se reconnecter.\u201d<\/p>\n<\/blockquote>\n\n\n\n<p class=\"has-large-font-size\">Cette simplicit\u00e9 d\u00e9finit l'approche de <span style=\"text-decoration: underline;\">Inspire Altea<\/span>L'objectif est de cr\u00e9er des espaces o\u00f9 le corps, l'esprit et la respiration peuvent s'aligner naturellement, permettant au bien-\u00eatre de se manifester comme quelque chose d'organique, de respectueux et de profond\u00e9ment personnel.<\/p>\n<\/div>\n<\/div>\n<\/div>\n<\/div>\n<\/div>\n\n\n\n<div style=\"height:100px\" aria-hidden=\"true\" class=\"wp-block-spacer\"><\/div>\n\n\n\n<div class=\"wp-block-group has-global-padding is-content-justification-center is-layout-constrained wp-block-group-is-layout-constrained\">\n<div class=\"wp-block-columns alignfull is-layout-flex wp-container-core-columns-is-layout-28f84493 wp-block-columns-is-layout-flex\">\n<div class=\"nfd-container nfd-text-md nfd-wb-text__text-1 wp-block-column is-vertically-aligned-center has-global-padding is-content-justification-left is-layout-constrained wp-container-core-column-is-layout-12dd3699 wp-block-column-is-layout-constrained\">\n<div class=\"nfd-max-w-prose wp-block-columns is-vertical is-content-justification-left is-layout-flex wp-container-core-columns-is-layout-ef42fd53 wp-block-columns-is-layout-flex\">\n<div class=\"nfd-text-xl nfd-text-balance wp-block-column has-medium-font-size is-layout-flow wp-block-column-is-layout-flow\" style=\"font-style:normal;font-weight:600;flex-basis:320px\">\n<h2 class=\"nfd-text-xl nfd-text-balance wp-block-heading\" id=\"h-training-amp-experience\"><strong><strong>Formation et exp\u00e9rience<\/strong><\/strong><\/h2>\n\n\n\n<p class=\"is-style-default has-large-font-size\">Chaque parcours refl\u00e8te un fil conducteur : l'exploration de la conscience de soi.<\/p>\n\n\n\n<ul class=\"wp-block-list\">\n<li class=\"\"><strong>Th\u00e9rapeute et mentor ayurv\u00e9dique<\/strong> - Mentorat ayurv\u00e9dique avec le Dr. Shubham, 2024-actuellement<\/li>\n\n\n\n<li class=\"\"><strong>Massage ayurv\u00e9dique traditionnel et th\u00e9rapie Panchakarma<\/strong>, Kerala, Inde (2023)<\/li>\n\n\n\n<li class=\"\"><strong>Professeur de Hatha Yoga 500h<\/strong>, Durgaji, France<\/li>\n\n\n\n<li class=\"\"><strong>Professeur de yoga multi-style 200h<\/strong>, Green Yoga International, Mallorca<\/li>\n\n\n\n<li class=\"\"><strong>Accompagnateur en montagne (BPJEPS &amp; IML)<\/strong> - Plus de 16 ans de guidage en Europe et au Maroc<\/li>\n\n\n\n<li class=\"\"><strong>Premiers secours en milieu sauvage<\/strong>, Suisse (2020)<\/li>\n\n\n\n<li class=\"\"><strong>S\u00e9curit\u00e9 en cas d'avalanche Niveau 2<\/strong>, Espagne (2019)<\/li>\n<\/ul>\n\n\n\n<p class=\"is-style-default has-large-font-size\">Le parcours professionnel de Sergi Dhariya \u00e0 Altea se poursuit par un apprentissage constant, l'observation et l'int\u00e9gration des connaissances traditionnelles aux besoins actuels.<\/p>\n<\/div>\n<\/div>\n<\/div>\n<\/div>\n<\/div>\n\n\n\n<div style=\"height:100px\" aria-hidden=\"true\" class=\"wp-block-spacer\"><\/div>\n\n\n\n<div class=\"wp-block-group has-global-padding is-content-justification-left is-layout-constrained wp-container-core-group-is-layout-12dd3699 wp-block-group-is-layout-constrained\">\n<div class=\"wp-block-columns alignfull is-layout-flex wp-container-core-columns-is-layout-28f84493 wp-block-columns-is-layout-flex\">\n<div class=\"wp-block-column is-layout-flow wp-block-column-is-layout-flow\" style=\"flex-basis:50%\">\n<div class=\"wp-block-cover\" style=\"min-height:600px;aspect-ratio:unset;\"><span aria-hidden=\"true\" class=\"wp-block-cover__background has-accent-5-background-color has-background-dim-100 has-background-dim\"><\/span><div class=\"wp-block-cover__inner-container is-layout-flow wp-block-cover-is-layout-flow\">\n<figure class=\"wp-block-image aligncenter size-full\"><img decoding=\"async\" width=\"975\" height=\"1300\" loading=\"lazy\" src=\"https:\/\/i0.wp.com\/www.inspirealtea.com\/wp-content\/uploads\/2025\/10\/pexels-photo-31771512.jpeg?fit=975%2C1300&amp;ssl=1\" alt=\"mouette en vol au-dessus des eaux m\u00e9diterran\u00e9ennes\" class=\"wp-image-676\" srcset=\"https:\/\/i0.wp.com\/www.inspirealtea.com\/wp-content\/uploads\/2025\/10\/pexels-photo-31771512.jpeg?w=975&amp;ssl=1 975w, https:\/\/i0.wp.com\/www.inspirealtea.com\/wp-content\/uploads\/2025\/10\/pexels-photo-31771512.jpeg?resize=225%2C300&amp;ssl=1 225w, https:\/\/i0.wp.com\/www.inspirealtea.com\/wp-content\/uploads\/2025\/10\/pexels-photo-31771512.jpeg?resize=768%2C1024&amp;ssl=1 768w, https:\/\/i0.wp.com\/www.inspirealtea.com\/wp-content\/uploads\/2025\/10\/pexels-photo-31771512.jpeg?resize=600%2C800&amp;ssl=1 600w\" sizes=\"auto, (max-width: 975px) 100vw, 975px\" \/><\/figure>\n<\/div><\/div>\n<\/div>\n\n\n\n<div class=\"nfd-container nfd-text-md nfd-wb-text__text-1 wp-block-column has-medium-font-size has-global-padding is-content-justification-left is-layout-constrained wp-container-core-column-is-layout-12dd3699 wp-block-column-is-layout-constrained\">\n<div class=\"nfd-max-w-prose wp-block-columns has-large-font-size is-vertical is-content-justification-left is-layout-flex wp-container-core-columns-is-layout-ef42fd53 wp-block-columns-is-layout-flex\">\n<div class=\"nfd-text-xl nfd-text-balance wp-block-column has-medium-font-size is-layout-flow wp-block-column-is-layout-flow\" style=\"font-style:normal;font-weight:600;flex-basis:320px\">\n<h2 class=\"nfd-text-xl nfd-text-balance wp-block-heading\" id=\"h-a-space-for-conscious-living-in-altea\"><strong>Un espace de vie consciente \u00e0 Altea<\/strong><\/h2>\n\n\n\n<p class=\"is-style-default has-medium-font-size\">En outre, Inspire Altea est plus qu'un espace de r\u00e9union sur le bien-\u00eatre - c'est un projet vivant d\u00e9di\u00e9 \u00e0 l'art de vivre conscient.<br>A travers <strong>Th\u00e9rapies ayurv\u00e9diques, s\u00e9ances de yoga, retraites et exp\u00e9riences en pleine nature<\/strong>, Vous \u00eates invit\u00e9 \u00e0 vous reconnecter \u00e0 votre rythme naturel dans le cadre serein d'Altea, sur la Costa Blanca.<\/p>\n\n\n\n<p class=\"\">Chaque rencontre est unique - Faisons en sorte qu'elle le soit !<\/p>\n\n\n\n<p class=\"is-style-default has-large-font-size\"><a href=\"https:\/\/www.inspirealtea.com\/fr\/layurveda-a-altea\/\"><strong>D\u00e9couvrez les th\u00e9rapies ayurv\u00e9diques \u2192<\/strong><\/a><\/p>\n\n\n\n<p class=\"is-style-default has-large-font-size\"><a href=\"https:\/\/www.inspirealtea.com\/fr\/yoga-a-altea\/\"><strong>S'inscrire \u00e0 un cours de yoga \u2192<\/strong><\/a><\/p>\n<\/div>\n<\/div>\n<\/div>\n<\/div>\n<\/div>\n\n\n\n<div style=\"height:26px\" aria-hidden=\"true\" class=\"wp-block-spacer\"><\/div>\n\n\n\n<p class=\"\">\u00c0 Altea, ce travail se poursuit en tant que point de rencontre entre la nature et la vie int\u00e9rieure. Gr\u00e2ce au yoga, \u00e0 l'ayurv\u00e9da et \u00e0 des exp\u00e9riences guid\u00e9es en plein air, un espace est r\u00e9serv\u00e9 \u00e0 la clart\u00e9, \u00e0 l'\u00e9quilibre et au bien-\u00eatre durable.<\/p>","protected":false},"excerpt":{"rendered":"<p>Who I Am \u2013 Sergi Dhariya (Sergio Cisneros Galea) A journey into awareness, nature, and balance. Sergi Dhariya is a yoga teacher, Ayurvedic practitioner and mountain guide based in Altea. Through Inspire Altea, holistic wellbeing experiences are offered that integrate movement, awareness and nature. Approach The methodology brings together yoga, Ayurveda, and nature-based experiences as [&hellip;]<\/p>\n","protected":false},"author":1,"featured_media":1162,"parent":0,"menu_order":0,"comment_status":"closed","ping_status":"closed","template":"page-no-title","meta":{"nf_dc_page":"about","om_disable_all_campaigns":false,"_monsterinsights_skip_tracking":false,"_monsterinsights_sitenote_active":false,"_monsterinsights_sitenote_note":"","_monsterinsights_sitenote_category":0,"_uf_show_specific_survey":0,"_uf_disable_surveys":false,"jetpack_post_was_ever_published":false,"footnotes":""},"class_list":["post-17","page","type-page","status-publish","has-post-thumbnail","hentry"],"yoast_head":"<!-- This site is optimized with the Yoast SEO Premium plugin v27.4 (Yoast SEO v27.4) - https:\/\/yoast.com\/product\/yoast-seo-premium-wordpress\/ -->\n<title>Sergi Dhariya | Yoga &amp; Ayurveda in Altea<\/title>\n<meta name=\"description\" content=\"Meet Sergi Dhariya (Sergio Cisneros Galea), yoga teacher and Ayurvedic therapist in Altea offering holistic wellbeing experiences in nature.\" \/>\n<meta name=\"robots\" content=\"index, follow, max-snippet:-1, max-image-preview:large, max-video-preview:-1\" \/>\n<link rel=\"canonical\" href=\"https:\/\/www.inspirealtea.com\/fr\/qui-je-suis\/\" \/>\n<meta property=\"og:locale\" content=\"fr_FR\" \/>\n<meta property=\"og:type\" content=\"article\" \/>\n<meta property=\"og:title\" content=\"Who I am\" \/>\n<meta property=\"og:description\" content=\"Meet Sergi Dhariya (Sergio Cisneros Galea), yoga teacher and Ayurvedic therapist in Altea offering holistic wellbeing experiences in nature.\" \/>\n<meta property=\"og:url\" content=\"https:\/\/www.inspirealtea.com\/fr\/qui-je-suis\/\" \/>\n<meta property=\"og:site_name\" content=\"Yoga, Ayurveda and Hiking | Inspire Altea\" \/>\n<meta property=\"article:publisher\" content=\"https:\/\/www.facebook.com\/yogaayurveda.altea\" \/>\n<meta property=\"article:modified_time\" content=\"2026-02-28T20:02:55+00:00\" \/>\n<meta property=\"og:image\" content=\"https:\/\/www.inspirealtea.com\/wp-content\/uploads\/2026\/02\/Bio-Sergi-Dhariya.webp\" \/>\n\t<meta property=\"og:image:width\" content=\"1200\" \/>\n\t<meta property=\"og:image:height\" content=\"1600\" \/>\n\t<meta property=\"og:image:type\" content=\"image\/webp\" \/>\n<meta name=\"twitter:card\" content=\"summary_large_image\" \/>\n<meta name=\"twitter:label1\" content=\"Dur\u00e9e de lecture estim\u00e9e\" \/>\n\t<meta name=\"twitter:data1\" content=\"3 minutes\" \/>\n<!-- \/ Yoast SEO Premium plugin. -->","yoast_head_json":{"title":"Sergi Dhariya | Yoga et Ayurveda \u00e0 Altea","description":"Rencontrez Sergi Dhariya (Sergio Cisneros Galea), professeur de yoga et th\u00e9rapeute ayurv\u00e9dique \u00e0 Altea, qui propose des exp\u00e9riences de bien-\u00eatre holistique dans la nature.","robots":{"index":"index","follow":"follow","max-snippet":"max-snippet:-1","max-image-preview":"max-image-preview:large","max-video-preview":"max-video-preview:-1"},"canonical":"https:\/\/www.inspirealtea.com\/fr\/qui-je-suis\/","og_locale":"fr_FR","og_type":"article","og_title":"Who I am","og_description":"Meet Sergi Dhariya (Sergio Cisneros Galea), yoga teacher and Ayurvedic therapist in Altea offering holistic wellbeing experiences in nature.","og_url":"https:\/\/www.inspirealtea.com\/fr\/qui-je-suis\/","og_site_name":"Yoga, Ayurveda and Hiking | Inspire Altea","article_publisher":"https:\/\/www.facebook.com\/yogaayurveda.altea","article_modified_time":"2026-02-28T20:02:55+00:00","og_image":[{"width":1200,"height":1600,"url":"https:\/\/www.inspirealtea.com\/wp-content\/uploads\/2026\/02\/Bio-Sergi-Dhariya.webp","type":"image\/webp"}],"twitter_card":"summary_large_image","twitter_misc":{"Dur\u00e9e de lecture estim\u00e9e":"3 minutes"},"schema":{"@context":"https:\/\/schema.org","@graph":[{"@type":"WebPage","@id":"https:\/\/www.inspirealtea.com\/who-i-am\/","url":"https:\/\/www.inspirealtea.com\/who-i-am\/","name":"Sergi Dhariya | Yoga et Ayurveda \u00e0 Altea","isPartOf":{"@id":"https:\/\/www.inspirealtea.com\/#website"},"primaryImageOfPage":{"@id":"https:\/\/www.inspirealtea.com\/who-i-am\/#primaryimage"},"image":{"@id":"https:\/\/www.inspirealtea.com\/who-i-am\/#primaryimage"},"thumbnailUrl":"https:\/\/i0.wp.com\/www.inspirealtea.com\/wp-content\/uploads\/2026\/02\/Bio-Sergi-Dhariya.webp?fit=1200%2C1600&ssl=1","datePublished":"2025-10-20T14:02:51+00:00","dateModified":"2026-02-28T20:02:55+00:00","description":"Rencontrez Sergi Dhariya (Sergio Cisneros Galea), professeur de yoga et th\u00e9rapeute ayurv\u00e9dique \u00e0 Altea, qui propose des exp\u00e9riences de bien-\u00eatre holistique dans la nature.","breadcrumb":{"@id":"https:\/\/www.inspirealtea.com\/who-i-am\/#breadcrumb"},"inLanguage":"fr-FR","potentialAction":[{"@type":"ReadAction","target":["https:\/\/www.inspirealtea.com\/who-i-am\/"]}]},{"@type":"ImageObject","inLanguage":"fr-FR","@id":"https:\/\/www.inspirealtea.com\/who-i-am\/#primaryimage","url":"https:\/\/i0.wp.com\/www.inspirealtea.com\/wp-content\/uploads\/2026\/02\/Bio-Sergi-Dhariya.webp?fit=1200%2C1600&ssl=1","contentUrl":"https:\/\/i0.wp.com\/www.inspirealtea.com\/wp-content\/uploads\/2026\/02\/Bio-Sergi-Dhariya.webp?fit=1200%2C1600&ssl=1","width":1200,"height":1600,"caption":"Sergi Dhariya, yoga teacher and Ayurvedic practitioner based in Altea."},{"@type":"BreadcrumbList","@id":"https:\/\/www.inspirealtea.com\/who-i-am\/#breadcrumb","itemListElement":[{"@type":"ListItem","position":1,"name":"Home","item":"https:\/\/www.inspirealtea.com\/"},{"@type":"ListItem","position":2,"name":"Who I am"}]},{"@type":"WebSite","@id":"https:\/\/www.inspirealtea.com\/#website","url":"https:\/\/www.inspirealtea.com\/","name":"Yoga, Ayurveda et randonn\u00e9e | Inspire Altea","description":"Explorez-vous \u00e0 travers le Yoga, l'Ayurveda et la Randonn\u00e9e \u00e0 Altea, Alicante \u2014 un sanctuaire de bien-\u00eatre en bord de M\u00e9diterran\u00e9e.","publisher":{"@id":"https:\/\/www.inspirealtea.com\/#organization"},"alternateName":"Inspire Altea \u2013 Yoga, Ayurveda & Hiking","potentialAction":[{"@type":"SearchAction","target":{"@type":"EntryPoint","urlTemplate":"https:\/\/www.inspirealtea.com\/?s={search_term_string}"},"query-input":{"@type":"PropertyValueSpecification","valueRequired":true,"valueName":"search_term_string"}}],"inLanguage":"fr-FR"},{"@type":"Organization","@id":"https:\/\/www.inspirealtea.com\/#organization","name":"Yoga, Ayurveda et randonn\u00e9e | Inspire Altea","alternateName":"IA Yoga Ayurveda Hike","url":"https:\/\/www.inspirealtea.com\/","logo":{"@type":"ImageObject","inLanguage":"fr-FR","@id":"https:\/\/www.inspirealtea.com\/#\/schema\/logo\/image\/","url":"https:\/\/i0.wp.com\/www.inspirealtea.com\/wp-content\/uploads\/2025\/10\/Logo-Inspire-Altea.png?fit=1024%2C1024&ssl=1","contentUrl":"https:\/\/i0.wp.com\/www.inspirealtea.com\/wp-content\/uploads\/2025\/10\/Logo-Inspire-Altea.png?fit=1024%2C1024&ssl=1","width":1024,"height":1024,"caption":"Yoga, Ayurveda and Hiking | Inspire Altea"},"image":{"@id":"https:\/\/www.inspirealtea.com\/#\/schema\/logo\/image\/"},"sameAs":["https:\/\/www.facebook.com\/yogaayurveda.altea","https:\/\/www.instagram.com\/inspirealtea\/","https:\/\/www.linkedin.com\/in\/sergio-cisneros-galea","https:\/\/www.youtube.com\/@inspirealtea","https:\/\/gravatar.com\/sergiocisnerosgalea"],"description":"Discover holistic wellbeing experiences in Altea that connect body, mind, and nature. From yoga and Ayurveda to guided hiking and personalized retreats \u2014 all designed to help you restore balance, vitality, and inner peace.","email":"inspirealtea@gmail.com","telephone":"+33 6 07 42 58 97","legalName":"Sergio Cisneros Galea","foundingDate":"2019-11-11","numberOfEmployees":{"@type":"QuantitativeValue","minValue":"1","maxValue":"10"},"publishingPrinciples":"https:\/\/www.inspirealtea.com\/who-i-am\/"}]}},"jetpack_sharing_enabled":true,"_links":{"self":[{"href":"https:\/\/www.inspirealtea.com\/fr\/wp-json\/wp\/v2\/pages\/17","targetHints":{"allow":["GET"]}}],"collection":[{"href":"https:\/\/www.inspirealtea.com\/fr\/wp-json\/wp\/v2\/pages"}],"about":[{"href":"https:\/\/www.inspirealtea.com\/fr\/wp-json\/wp\/v2\/types\/page"}],"author":[{"embeddable":true,"href":"https:\/\/www.inspirealtea.com\/fr\/wp-json\/wp\/v2\/users\/1"}],"replies":[{"embeddable":true,"href":"https:\/\/www.inspirealtea.com\/fr\/wp-json\/wp\/v2\/comments?post=17"}],"version-history":[{"count":20,"href":"https:\/\/www.inspirealtea.com\/fr\/wp-json\/wp\/v2\/pages\/17\/revisions"}],"predecessor-version":[{"id":1174,"href":"https:\/\/www.inspirealtea.com\/fr\/wp-json\/wp\/v2\/pages\/17\/revisions\/1174"}],"wp:featuredmedia":[{"embeddable":true,"href":"https:\/\/www.inspirealtea.com\/fr\/wp-json\/wp\/v2\/media\/1162"}],"wp:attachment":[{"href":"https:\/\/www.inspirealtea.com\/fr\/wp-json\/wp\/v2\/media?parent=17"}],"curies":[{"name":"wp","href":"https:\/\/api.w.org\/{rel}","templated":true}]}}