{"id":10,"date":"2025-11-05T11:07:37","date_gmt":"2025-11-05T10:07:37","guid":{"rendered":"https:\/\/exa.upa.mybluehost.me\/?page_id=10"},"modified":"2025-11-06T19:28:10","modified_gmt":"2025-11-06T18:28:10","slug":"conditions-generales-de-vente","status":"publish","type":"page","link":"https:\/\/www.inspirealtea.com\/fr\/terms-conditions-sale\/","title":{"rendered":"Conditions g\u00e9n\u00e9rales de vente"},"content":{"rendered":"<p class=\"\">Bienvenue \u00e0 Inspire Altea. Ces conditions g\u00e9n\u00e9rales s'appliquent \u00e0 tous les services, activit\u00e9s, retraites et cours organis\u00e9s par <strong>Inspire Altea<\/strong>, sauf indication contraire par \u00e9crit.<\/p>\n\n\n\n<h2 class=\"wp-block-heading\"><strong>1. Conditions<\/strong><\/h2>\n\n\n\n<h3 class=\"wp-block-heading\"><strong>1.1 - Supervision des activit\u00e9s et des cours<\/strong><\/h3>\n\n\n\n<p class=\"\">Toutes les activit\u00e9s de montagne et les cours sont dirig\u00e9s par <strong>Accompagnateurs en montagne certifi\u00e9s UIMLA<\/strong> ou des professionnels exer\u00e7ant une fonction officielle <strong>Dipl\u00f4mes techniques sportifs<\/strong> reconnu par le minist\u00e8re espagnol de l'\u00e9ducation et des sciences.<br>Ces guides sont qualifi\u00e9s en mati\u00e8re d'\u00e9ducation de plein air, d'encadrement de groupes et de s\u00e9curit\u00e9 en montagne.<\/p>\n\n\n\n<h3 class=\"wp-block-heading\"><strong>1.2 - Cours de yoga et de m\u00e9ditation<\/strong><\/h3>\n\n\n\n<p class=\"\">Des s\u00e9ances de yoga et de m\u00e9ditation sont organis\u00e9es par <strong>des professeurs de yoga professionnels certifi\u00e9s<\/strong>, Il est qualifi\u00e9 dans les enseignements traditionnels et la philosophie du yoga.<\/p>\n\n\n\n<h3 class=\"wp-block-heading\"><strong>1.3 - Massages th\u00e9rapeutiques<\/strong><\/h3>\n\n\n\n<p class=\"\">Les services de massage sont assur\u00e9s par <strong>des massoth\u00e9rapeutes certifi\u00e9s<\/strong>, Ils sont form\u00e9s aux techniques th\u00e9rapeutiques et \u00e0 l'application d'huiles naturelles et d'extraits de plantes m\u00e9dicinales.<br>Les traitements sont adapt\u00e9s \u00e0 l'\u00e9tat de sant\u00e9 de chaque client.<\/p>\n\n\n\n<hr class=\"wp-block-separator has-alpha-channel-opacity\"\/>\n\n\n\n<h2 class=\"wp-block-heading\"><strong>2. Conditions d'activit\u00e9<\/strong><\/h2>\n\n\n\n<h3 class=\"wp-block-heading\"><strong>2.1 - Annulation pour des raisons m\u00e9t\u00e9orologiques ou techniques<\/strong><\/h3>\n\n\n\n<p class=\"\">Les activit\u00e9s peuvent \u00eatre suspendues pour des raisons m\u00e9t\u00e9orologiques ou techniques avant ou pendant l'activit\u00e9.<br>Si l'activit\u00e9 a d\u00e9j\u00e0 commenc\u00e9, aucun remboursement ne sera effectu\u00e9.<\/p>\n\n\n\n<h3 class=\"wp-block-heading\"><strong>2.2 - Exigences relatives aux participants<\/strong><\/h3>\n\n\n\n<p class=\"\">Si un participant ne remplit pas les conditions requises <strong>niveau technique ou physique<\/strong>, Le guide peut modifier le plan de l'itin\u00e9raire ou de l'activit\u00e9 pour l'adapter aux capacit\u00e9s du participant.<br>Le guide peut \u00e9galement modifier l'itin\u00e9raire en fonction des conditions m\u00e9t\u00e9orologiques afin de garantir la s\u00e9curit\u00e9.<\/p>\n\n\n\n<p class=\"\">Les <strong>ratio guide\/client<\/strong> donnera toujours la priorit\u00e9 \u00e0 la s\u00e9curit\u00e9 et respectera la taille minimale du groupe convenue pour chaque activit\u00e9.<\/p>\n\n\n\n<hr class=\"wp-block-separator has-alpha-channel-opacity\"\/>\n\n\n\n<h2 class=\"wp-block-heading\"><strong>3. D\u00e9clarations du client<\/strong><\/h2>\n\n\n\n<p class=\"\">En s'inscrivant \u00e0 une activit\u00e9 d'Inspire Altea, le client d\u00e9clare ce qui suit sous sa seule responsabilit\u00e9 :<\/p>\n\n\n\n<p class=\"\">a) Ils ont \u00e9t\u00e9 inform\u00e9s de la nature de l'activit\u00e9, des risques qu'elle comporte et de la conduite \u00e0 tenir.<br>b) Ils comprennent que l'activit\u00e9 sera dirig\u00e9e par un guide qualifi\u00e9 \u00e0 tout moment, et ils acceptent de suivre toutes les instructions fournies. Toute action contraire aux instructions du guide rel\u00e8ve de la responsabilit\u00e9 du client.<br>c) Ils reconnaissent la <strong>interdiction d'abandonner des d\u00e9chets<\/strong> (organiques ou inorganiques) au cours de l'activit\u00e9 et accepter toute sanction administrative en cas de non-conformit\u00e9.<br>d) Ils d\u00e9clarent avoir <strong>pas de probl\u00e8mes cardiovasculaires<\/strong>, <strong>ne sont pas enceintes<\/strong>, et <strong>ne souffrent d'aucune blessure<\/strong> qui pourraient mettre en danger leur sant\u00e9 pendant l'activit\u00e9.<br>e) Ils confirment qu'ils sont de <strong>\u00e2ge l\u00e9gal<\/strong> (ou avoir l'autorisation d'un parent ou d'un tuteur) pour participer.<br>f) Ils conviennent de <strong>s'abstenir de consommer de l'alcool, des drogues ou toute autre substance<\/strong> susceptibles d'alt\u00e9rer les facult\u00e9s physiques ou mentales avant ou pendant l'activit\u00e9.<br>h) Ils ont re\u00e7u et accept\u00e9 une copie du pr\u00e9sent contrat.<\/p>\n\n\n\n<hr class=\"wp-block-separator has-alpha-channel-opacity\"\/>\n\n\n\n<h2 class=\"wp-block-heading\"><strong>4. Le transport<\/strong><\/h2>\n\n\n\n<p class=\"\">Les clients sont responsables de leur propre transport vers et depuis le point de rencontre de l'activit\u00e9, sauf accord contraire.<br>Le contrat et la responsabilit\u00e9 d'Inspire Altea ne couvrent que le travail direct des guides et l'organisation de l'activit\u00e9.<\/p>\n\n\n\n<hr class=\"wp-block-separator has-alpha-channel-opacity\"\/>\n\n\n\n<h2 class=\"wp-block-heading\"><strong>5. Responsabilit\u00e9 en mati\u00e8re d'\u00e9quipement<\/strong><\/h2>\n\n\n\n<p class=\"\">Tous <strong>perte, n\u00e9gligence ou mauvaise utilisation<\/strong> de mat\u00e9riel fourni par le guide (au-del\u00e0 de l'usure normale ou d'un cas de force majeure) est de la responsabilit\u00e9 du client et doit \u00eatre compens\u00e9e en cons\u00e9quence.<\/p>\n\n\n\n<hr class=\"wp-block-separator has-alpha-channel-opacity\"\/>\n\n\n\n<h2 class=\"wp-block-heading\"><strong>6. Retrait volontaire<\/strong><\/h2>\n\n\n\n<p class=\"\">Si un client choisit de se retirer volontairement d'une activit\u00e9, il doit signer et renvoyer un formulaire de demande d'aide. <strong>document de retrait volontaire<\/strong> au guide.<br>Il n'est pas toujours possible de quitter l'activit\u00e9 imm\u00e9diatement en raison des conditions m\u00e9t\u00e9orologiques ou des moyens de transport.<br>Les frais suppl\u00e9mentaires r\u00e9sultant d'un retrait volontaire (transport, h\u00e9bergement, etc.) sont \u00e0 la charge de l'organisateur. <strong>responsabilit\u00e9 du client<\/strong>, sauf dans les cas couverts par l'assurance personnelle du client (voir section 7 - Assurance).<\/p>\n\n\n\n<hr class=\"wp-block-separator has-alpha-channel-opacity\"\/>\n\n\n\n<h2 class=\"wp-block-heading\"><strong>7. L'assurance<\/strong><\/h2>\n\n\n\n<h3 class=\"wp-block-heading\"><strong>7.1 - Assurance accident<\/strong><\/h3>\n\n\n\n<p class=\"\">Les activit\u00e9s physiques de plein air \u00e9tant r\u00e9glement\u00e9es dans des environnements naturels, chaque participant doit \u00eatre couvert par <strong>assurance accident<\/strong>.<\/p>\n\n\n\n<ul class=\"wp-block-list\">\n<li class=\"\">Pour <strong>Activit\u00e9s europ\u00e9ennes<\/strong>, L'assurance accident est <strong>inclus dans le prix<\/strong>.<\/li>\n\n\n\n<li class=\"\">Pour <strong>activit\u00e9s en dehors de l'Europe<\/strong>, le client doit \u00eatre en possession d'un <strong>assurance personnelle<\/strong> couvrant la destination et le type d'activit\u00e9.<\/li>\n<\/ul>\n\n\n\n<hr class=\"wp-block-separator has-alpha-channel-opacity\"\/>\n\n\n\n<h2 class=\"wp-block-heading\"><strong>8. Les prix<\/strong><\/h2>\n\n\n\n<p class=\"\">Tous les prix sont indiqu\u00e9s en <strong>euros (\u20ac)<\/strong> et <strong>par personne<\/strong>, et comprennent les services directs du guide agr\u00e9\u00e9 (hors TVA).<br>Sauf indication contraire, <strong>services externes<\/strong> (h\u00f4tels, repas, transport, etc.) ne sont pas inclus et sont \u00e0 la charge du client.<\/p>\n\n\n\n<h3 class=\"wp-block-heading\"><strong>8.1 - Services inclus<\/strong><\/h3>\n\n\n\n<ul class=\"wp-block-list\">\n<li class=\"\">Accompagnateur en montagne certifi\u00e9 UIMLA<\/li>\n\n\n\n<li class=\"\">Equipement du groupe<\/li>\n\n\n\n<li class=\"\">Conseils professionnels et gestion logistique<\/li>\n\n\n\n<li class=\"\">Assurance accidents + responsabilit\u00e9 civile (Europe)<\/li>\n<\/ul>\n\n\n\n<h3 class=\"wp-block-heading\"><strong>8.2 - Non inclus<\/strong><\/h3>\n\n\n\n<ul class=\"wp-block-list\">\n<li class=\"\">\u00c9quipement personnel (bottes, sac \u00e0 dos, v\u00eatements, etc.)<\/li>\n\n\n\n<li class=\"\">H\u00e9bergement, nourriture, transport et transfert des bagages<\/li>\n\n\n\n<li class=\"\">Toute variation de co\u00fbt due \u00e0 des \u00e9v\u00e9nements impr\u00e9vus (par exemple, des changements m\u00e9t\u00e9orologiques)<\/li>\n<\/ul>\n\n\n\n<p class=\"\">Chaque fiche technique pr\u00e9cise l'\u00e9quipement personnel n\u00e9cessaire \u00e0 l'activit\u00e9.<\/p>\n\n\n\n<hr class=\"wp-block-separator has-alpha-channel-opacity\"\/>\n\n\n\n<h2 class=\"wp-block-heading\"><strong>9. R\u00e9solution des litiges - M\u00e9diation des consommateurs<\/strong><\/h2>\n\n\n\n<p class=\"\">En cas de litige, le client et Inspire Altea s'efforceront de trouver une solution. <strong>r\u00e9solution \u00e0 l'amiable<\/strong>.<br>Le client peut d\u00e9poser une plainte \u00e9crite aupr\u00e8s de l'entreprise ou de son service client\u00e8le.<\/p>\n\n\n\n<p class=\"\">Si aucun accord n'est conclu dans un d\u00e9lai de <strong>un (1) mois<\/strong>, le consommateur peut s'adresser \u00e0 un <strong>m\u00e9diateur de la consommation<\/strong> r\u00e9pertori\u00e9s par la Commission d'\u00e9valuation et de contr\u00f4le de la m\u00e9diation de la consommation en vertu de l'article L.615-1 du code de la consommation :<\/p>\n\n\n\n<p class=\"\"><strong>Soci\u00e9t\u00e9 M\u00e9diation Professionnelle<\/strong><br>\ud83c\udf10 <a href=\"http:\/\/www.mediateur-consommation-smp.fr\">www.mediateur-consommation-smp.fr<\/a><br>\ud83d\udccd 2 Rue Marc Sangnier, 33130 B\u00e8gles, France<\/p>\n\n\n\n<hr class=\"wp-block-separator has-alpha-channel-opacity\"\/>\n\n\n\n<h2 class=\"wp-block-heading\"><strong>10. Acceptation des conditions<\/strong><\/h2>\n\n\n\n<p class=\"\">La participation \u00e0 toute activit\u00e9 organis\u00e9e par Inspire Altea implique l'acceptation totale de ces termes et conditions.<br>Nous encourageons tous les clients \u00e0 lire attentivement ce document avant de confirmer leur r\u00e9servation.<\/p>\n\n\n\n<h2 class=\"wp-block-heading\">Besoin d'aide ?<\/h2>\n\n\n\n<p class=\"\">Contactez-nous \u00e0 l'adresse inspirealtea@gmail.com pour toute question relative aux remboursements et aux retours.<\/p>","protected":false},"excerpt":{"rendered":"<p>Welcome to Inspire Altea. These general terms and conditions apply to all services, activities, retreats, and courses organized by Inspire Altea, unless otherwise specified in writing. 1. Conditions 1.1 \u2013 Activity and Course Supervision All mountain activities and courses are led by UIMLA-certified Mountain Leaders or professionals holding official Sports Technical Diplomas recognized by the [&hellip;]<\/p>\n","protected":false},"author":1,"featured_media":865,"parent":0,"menu_order":0,"comment_status":"closed","ping_status":"closed","template":"","meta":{"nf_dc_page":"","om_disable_all_campaigns":false,"_monsterinsights_skip_tracking":false,"_monsterinsights_sitenote_active":false,"_monsterinsights_sitenote_note":"","_monsterinsights_sitenote_category":0,"_uf_show_specific_survey":0,"_uf_disable_surveys":false,"jetpack_post_was_ever_published":false,"footnotes":""},"class_list":["post-10","page","type-page","status-publish","has-post-thumbnail","hentry"],"yoast_head":"<!-- This site is optimized with the Yoast SEO Premium plugin v27.3 (Yoast SEO v27.4) - https:\/\/yoast.com\/product\/yoast-seo-premium-wordpress\/ -->\n<title>General Terms &amp; Conditions of Sale | Inspire Altea<\/title>\n<meta name=\"description\" content=\"Read Inspire Altea\u2019s General Terms and Conditions of Sale. Learn about our activity rules, pricing, insurance, and your responsibilities as a participant.\" \/>\n<meta name=\"robots\" content=\"noindex, nofollow\" \/>\n<meta property=\"og:locale\" content=\"fr_FR\" \/>\n<meta property=\"og:type\" content=\"article\" \/>\n<meta property=\"og:title\" content=\"General Terms and Conditions of Sale\" \/>\n<meta property=\"og:description\" content=\"Read Inspire Altea\u2019s General Terms and Conditions of Sale. Learn about our activity rules, pricing, insurance, and your responsibilities as a participant.\" \/>\n<meta property=\"og:url\" content=\"https:\/\/www.inspirealtea.com\/fr\/conditions-generales-de-vente\/\" \/>\n<meta property=\"og:site_name\" content=\"Yoga, Ayurveda and Hiking | Inspire Altea\" \/>\n<meta property=\"article:publisher\" content=\"https:\/\/www.facebook.com\/yogaayurveda.altea\" \/>\n<meta property=\"article:modified_time\" content=\"2025-11-06T18:28:10+00:00\" \/>\n<meta property=\"og:image\" content=\"https:\/\/www.inspirealtea.com\/wp-content\/uploads\/2025\/11\/pexels-photo-7841424.webp\" \/>\n\t<meta property=\"og:image:width\" content=\"1880\" \/>\n\t<meta property=\"og:image:height\" content=\"1253\" \/>\n\t<meta property=\"og:image:type\" content=\"image\/webp\" \/>\n<meta name=\"twitter:card\" content=\"summary_large_image\" \/>\n<meta name=\"twitter:label1\" content=\"Dur\u00e9e de lecture estim\u00e9e\" \/>\n\t<meta name=\"twitter:data1\" content=\"4 minutes\" \/>\n<!-- \/ Yoast SEO Premium plugin. -->","yoast_head_json":{"title":"Conditions g\u00e9n\u00e9rales de vente - Inspire Altea","description":"Lisez les conditions g\u00e9n\u00e9rales de vente d'Inspire Altea. D\u00e9couvrez les r\u00e8gles de nos activit\u00e9s, les prix, les assurances et vos responsabilit\u00e9s en tant que participant.","robots":{"index":"noindex","follow":"nofollow"},"og_locale":"fr_FR","og_type":"article","og_title":"General Terms and Conditions of Sale","og_description":"Read Inspire Altea\u2019s General Terms and Conditions of Sale. Learn about our activity rules, pricing, insurance, and your responsibilities as a participant.","og_url":"https:\/\/www.inspirealtea.com\/fr\/conditions-generales-de-vente\/","og_site_name":"Yoga, Ayurveda and Hiking | Inspire Altea","article_publisher":"https:\/\/www.facebook.com\/yogaayurveda.altea","article_modified_time":"2025-11-06T18:28:10+00:00","og_image":[{"width":1880,"height":1253,"url":"https:\/\/www.inspirealtea.com\/wp-content\/uploads\/2025\/11\/pexels-photo-7841424.webp","type":"image\/webp"}],"twitter_card":"summary_large_image","twitter_misc":{"Dur\u00e9e de lecture estim\u00e9e":"4 minutes"},"schema":{"@context":"https:\/\/schema.org","@graph":[{"@type":"WebPage","@id":"https:\/\/www.inspirealtea.com\/terms-conditions-sale\/","url":"https:\/\/www.inspirealtea.com\/terms-conditions-sale\/","name":"Conditions g\u00e9n\u00e9rales de vente - Inspire Altea","isPartOf":{"@id":"https:\/\/www.inspirealtea.com\/#website"},"primaryImageOfPage":{"@id":"https:\/\/www.inspirealtea.com\/terms-conditions-sale\/#primaryimage"},"image":{"@id":"https:\/\/www.inspirealtea.com\/terms-conditions-sale\/#primaryimage"},"thumbnailUrl":"https:\/\/i0.wp.com\/www.inspirealtea.com\/wp-content\/uploads\/2025\/11\/pexels-photo-7841424.webp?fit=1880%2C1253&ssl=1","datePublished":"2025-11-05T10:07:37+00:00","dateModified":"2025-11-06T18:28:10+00:00","description":"Lisez les conditions g\u00e9n\u00e9rales de vente d'Inspire Altea. D\u00e9couvrez les r\u00e8gles de nos activit\u00e9s, les prix, les assurances et vos responsabilit\u00e9s en tant que participant.","breadcrumb":{"@id":"https:\/\/www.inspirealtea.com\/terms-conditions-sale\/#breadcrumb"},"inLanguage":"fr-FR","potentialAction":[{"@type":"ReadAction","target":["https:\/\/www.inspirealtea.com\/terms-conditions-sale\/"]}]},{"@type":"ImageObject","inLanguage":"fr-FR","@id":"https:\/\/www.inspirealtea.com\/terms-conditions-sale\/#primaryimage","url":"https:\/\/i0.wp.com\/www.inspirealtea.com\/wp-content\/uploads\/2025\/11\/pexels-photo-7841424.webp?fit=1880%2C1253&ssl=1","contentUrl":"https:\/\/i0.wp.com\/www.inspirealtea.com\/wp-content\/uploads\/2025\/11\/pexels-photo-7841424.webp?fit=1880%2C1253&ssl=1","width":1880,"height":1253,"caption":"Inspire Altea\u2019s commitment to privacy and responsible data management."},{"@type":"BreadcrumbList","@id":"https:\/\/www.inspirealtea.com\/terms-conditions-sale\/#breadcrumb","itemListElement":[{"@type":"ListItem","position":1,"name":"Home","item":"https:\/\/www.inspirealtea.com\/"},{"@type":"ListItem","position":2,"name":"General Terms and Conditions of Sale"}]},{"@type":"WebSite","@id":"https:\/\/www.inspirealtea.com\/#website","url":"https:\/\/www.inspirealtea.com\/","name":"Yoga, Ayurveda et randonn\u00e9e | Inspire Altea","description":"Explorez-vous \u00e0 travers le Yoga, l'Ayurveda et la Randonn\u00e9e \u00e0 Altea, Alicante \u2014 un sanctuaire de bien-\u00eatre en bord de M\u00e9diterran\u00e9e.","publisher":{"@id":"https:\/\/www.inspirealtea.com\/#organization"},"alternateName":"Inspire Altea \u2013 Yoga, Ayurveda & Hiking","potentialAction":[{"@type":"SearchAction","target":{"@type":"EntryPoint","urlTemplate":"https:\/\/www.inspirealtea.com\/?s={search_term_string}"},"query-input":{"@type":"PropertyValueSpecification","valueRequired":true,"valueName":"search_term_string"}}],"inLanguage":"fr-FR"},{"@type":"Organization","@id":"https:\/\/www.inspirealtea.com\/#organization","name":"Yoga, Ayurveda et randonn\u00e9e | Inspire Altea","alternateName":"IA Yoga Ayurveda Hike","url":"https:\/\/www.inspirealtea.com\/","logo":{"@type":"ImageObject","inLanguage":"fr-FR","@id":"https:\/\/www.inspirealtea.com\/#\/schema\/logo\/image\/","url":"https:\/\/i0.wp.com\/www.inspirealtea.com\/wp-content\/uploads\/2025\/10\/Logo-Inspire-Altea.png?fit=1024%2C1024&ssl=1","contentUrl":"https:\/\/i0.wp.com\/www.inspirealtea.com\/wp-content\/uploads\/2025\/10\/Logo-Inspire-Altea.png?fit=1024%2C1024&ssl=1","width":1024,"height":1024,"caption":"Yoga, Ayurveda and Hiking | Inspire Altea"},"image":{"@id":"https:\/\/www.inspirealtea.com\/#\/schema\/logo\/image\/"},"sameAs":["https:\/\/www.facebook.com\/yogaayurveda.altea","https:\/\/www.instagram.com\/inspirealtea\/","https:\/\/www.linkedin.com\/in\/sergio-cisneros-galea","https:\/\/www.youtube.com\/@inspirealtea","https:\/\/gravatar.com\/sergiocisnerosgalea"],"description":"Discover holistic wellbeing experiences in Altea that connect body, mind, and nature. From yoga and Ayurveda to guided hiking and personalized retreats \u2014 all designed to help you restore balance, vitality, and inner peace.","email":"inspirealtea@gmail.com","telephone":"+33 6 07 42 58 97","legalName":"Sergio Cisneros Galea","foundingDate":"2019-11-11","numberOfEmployees":{"@type":"QuantitativeValue","minValue":"1","maxValue":"10"},"publishingPrinciples":"https:\/\/www.inspirealtea.com\/who-i-am\/"}]}},"jetpack_sharing_enabled":true,"_links":{"self":[{"href":"https:\/\/www.inspirealtea.com\/fr\/wp-json\/wp\/v2\/pages\/10","targetHints":{"allow":["GET"]}}],"collection":[{"href":"https:\/\/www.inspirealtea.com\/fr\/wp-json\/wp\/v2\/pages"}],"about":[{"href":"https:\/\/www.inspirealtea.com\/fr\/wp-json\/wp\/v2\/types\/page"}],"author":[{"embeddable":true,"href":"https:\/\/www.inspirealtea.com\/fr\/wp-json\/wp\/v2\/users\/1"}],"replies":[{"embeddable":true,"href":"https:\/\/www.inspirealtea.com\/fr\/wp-json\/wp\/v2\/comments?post=10"}],"version-history":[{"count":1,"href":"https:\/\/www.inspirealtea.com\/fr\/wp-json\/wp\/v2\/pages\/10\/revisions"}],"predecessor-version":[{"id":867,"href":"https:\/\/www.inspirealtea.com\/fr\/wp-json\/wp\/v2\/pages\/10\/revisions\/867"}],"wp:featuredmedia":[{"embeddable":true,"href":"https:\/\/www.inspirealtea.com\/fr\/wp-json\/wp\/v2\/media\/865"}],"wp:attachment":[{"href":"https:\/\/www.inspirealtea.com\/fr\/wp-json\/wp\/v2\/media?parent=10"}],"curies":[{"name":"wp","href":"https:\/\/api.w.org\/{rel}","templated":true}]}}