{"id":734,"date":"2025-11-01T19:02:10","date_gmt":"2025-11-01T17:02:10","guid":{"rendered":"https:\/\/www.inspirealtea.com\/product\/seven-summits-challenge-alicante-edition\/"},"modified":"2026-03-25T13:28:19","modified_gmt":"2026-03-25T12:28:19","slug":"siete-cumbres-desafian-a-alicante","status":"publish","type":"product","link":"https:\/\/www.inspirealtea.com\/es\/experiences\/seven-summits-challenge-alicante\/","title":{"rendered":"Desaf\u00edo de las Siete Cumbres - Edici\u00f3n de Alicante"},"content":{"rendered":"<h2 data-start=\"1880\" data-end=\"1943\">Desaf\u00edo de las Siete Cumbres en Alicante (Senderismo de varios d\u00edas)<\/h2>\n<p data-start=\"1944\" data-end=\"2241\"><strong data-start=\"1944\" data-end=\"2023\">\u00bfListo para superar tus l\u00edmites y explorar la esencia salvaje de la Costa Blanca?<\/strong><br data-start=\"2023\" data-end=\"2026\" \/>En <strong data-start=\"2030\" data-end=\"2066\">Seven Summits Challenge Alicante<\/strong> es un viaje de senderismo guiado de varios d\u00edas dise\u00f1ado para escalar <strong data-start=\"2122\" data-end=\"2169\">siete picos emblem\u00e1ticos de la provincia de Alicante<\/strong>-una aventura \u00fanica que combina resistencia, naturaleza y exploraci\u00f3n consciente.<\/p>\n<p data-start=\"1944\" data-end=\"2241\">El reto de las Siete Cumbres de Alicante incluye:<br data-start=\"865\" data-end=\"868\" \/><strong data-start=\"870\" data-end=\"978\">Aitana, Puig Campana, Sierra de Bernia, Cabe\u00e7\u00f3 d'Or, Maigm\u00f3, Serra dels Plans y Serra de la Serrella.<\/strong><\/p>\n<h2 data-start=\"2243\" data-end=\"2284\">Por qu\u00e9 esta experiencia es diferente<\/h2>\n<ul data-start=\"2285\" data-end=\"2621\">\n<li data-start=\"2285\" data-end=\"2375\">\n<p data-start=\"2287\" data-end=\"2375\"><strong data-start=\"2287\" data-end=\"2333\"><a href=\"https:\/\/www.inspirealtea.com\/es\/quien-soy\/\">Orientaci\u00f3n certificada<\/a> y la seguridad ante todo<\/strong> (elecci\u00f3n de ruta, ritmo, conocimiento del terreno)<\/p>\n<\/li>\n<li data-start=\"2376\" data-end=\"2456\">\n<p data-start=\"2378\" data-end=\"2456\"><strong data-start=\"2378\" data-end=\"2397\">Duraci\u00f3n personalizada<\/strong> (elija un formato de 2 a 7 d\u00edas en funci\u00f3n de su nivel y tiempo)<\/p>\n<\/li>\n<li data-start=\"2457\" data-end=\"2533\">\n<p data-start=\"2459\" data-end=\"2533\"><strong data-start=\"2459\" data-end=\"2479\">Senderismo consciente<\/strong>respiraci\u00f3n, conciencia y conexi\u00f3n con el paisaje<\/p>\n<\/li>\n<li data-start=\"2534\" data-end=\"2621\">\n<p data-start=\"2536\" data-end=\"2621\"><strong data-start=\"2536\" data-end=\"2555\">Conocimientos locales<\/strong>leyendas, miradores, senderos escondidos y las mejores rutas estacionales<\/p>\n<\/li>\n<\/ul>\n<h2 data-start=\"2623\" data-end=\"2662\">Qu\u00e9 har\u00e1s (picos de ejemplo)<\/h2>\n<p data-start=\"259\" data-end=\"435\">Durante este viaje de varios d\u00edas, escalar\u00e1s <strong data-start=\"303\" data-end=\"352\">las siete cumbres emblem\u00e1ticas de la provincia de Alicante<\/strong>, Cada uno de ellos ofrece un paisaje, un reto y una perspectiva \u00fanicos de la Costa Blanca:<\/p>\n<ul data-start=\"437\" data-end=\"965\">\n<li data-start=\"437\" data-end=\"536\">\n<p data-start=\"439\" data-end=\"536\"><strong data-start=\"439\" data-end=\"468\">Sierra de Aitana (1557 m)<\/strong> - el pico m\u00e1s alto de Alicante, conocido como el \u201ctecho de la provincia\u201d<\/p>\n<\/li>\n<li data-start=\"537\" data-end=\"618\">\n<p data-start=\"539\" data-end=\"618\"><strong data-start=\"539\" data-end=\"564\">Puig Campana (1408 m)<\/strong> - la ascensi\u00f3n m\u00e1s emblem\u00e1tica y f\u00edsicamente exigente<\/p>\n<\/li>\n<li data-start=\"619\" data-end=\"689\">\n<p data-start=\"621\" data-end=\"689\"><strong data-start=\"621\" data-end=\"650\">Sierra de Bernia (1126 m)<\/strong> - excursiones panor\u00e1micas con vistas al mar<\/p>\n<\/li>\n<li data-start=\"690\" data-end=\"739\">\n<p data-start=\"692\" data-end=\"739\"><strong data-start=\"692\" data-end=\"711\">Maigm\u00f3 (1296 m)<\/strong> - el \u201cbalc\u00f3n de Alicante\u201d<\/p>\n<\/li>\n<li data-start=\"740\" data-end=\"824\">\n<p data-start=\"742\" data-end=\"824\"><strong data-start=\"742\" data-end=\"774\">Sierra del Menejador (1356 m)<\/strong> - el punto m\u00e1s alto del Parque Natural de la Font Roja<\/p>\n<\/li>\n<li data-start=\"825\" data-end=\"893\">\n<p data-start=\"827\" data-end=\"893\"><strong data-start=\"827\" data-end=\"856\">Serra dels Plans (1330 m)<\/strong> - terreno salvaje y vistas profundas del interior<\/p>\n<\/li>\n<li data-start=\"894\" data-end=\"965\">\n<p data-start=\"896\" data-end=\"965\"><strong data-start=\"896\" data-end=\"919\">Montcabrer (1390 m)<\/strong> - una cumbre sagrada del Parque Natural de Mariola<\/p>\n<\/li>\n<\/ul>\n<p data-start=\"967\" data-end=\"1092\">Cada cumbre revela una cara diferente de la identidad natural de Alicante: desde acantilados mediterr\u00e1neos hasta monta\u00f1as boscosas del interior.<\/p>\n<h2 data-start=\"2873\" data-end=\"2890\">Incluye<\/h2>\n<ul data-start=\"2891\" data-end=\"3106\">\n<li data-start=\"2891\" data-end=\"2954\">\n<p data-start=\"2893\" data-end=\"2954\">Itinerario guiado de senderismo de varios d\u00edas (<strong data-start=\"2928\" data-end=\"2953\">duraci\u00f3n personalizable<\/strong>)<\/p>\n<\/li>\n<li data-start=\"2955\" data-end=\"2988\">\n<p data-start=\"2957\" data-end=\"2988\">Planificaci\u00f3n de rutas y apoyo a la seguridad<\/p>\n<\/li>\n<li data-start=\"2989\" data-end=\"3032\">\n<p data-start=\"2991\" data-end=\"3032\">Momentos educativos\/de interpretaci\u00f3n de la naturaleza<\/p>\n<\/li>\n<li data-start=\"3033\" data-end=\"3106\">\n<p data-start=\"3035\" data-end=\"3106\">Pausas conscientes opcionales (respiraci\u00f3n \/ enraizamiento \/ meditaci\u00f3n en movimiento)<\/p>\n<\/li>\n<\/ul>\n<h2 data-start=\"3108\" data-end=\"3129\">No incluido<\/h2>\n<ul data-start=\"3130\" data-end=\"3231\">\n<li data-start=\"3130\" data-end=\"3156\">\n<p data-start=\"3132\" data-end=\"3156\">Comida, aperitivos y bebidas<\/p>\n<\/li>\n<li data-start=\"3157\" data-end=\"3168\">\n<p data-start=\"3159\" data-end=\"3168\">Transporte<\/p>\n<\/li>\n<li data-start=\"3169\" data-end=\"3181\">\n<p data-start=\"3171\" data-end=\"3181\">Gu\u00eda de consejos<\/p>\n<\/li>\n<li data-start=\"3182\" data-end=\"3231\">\n<p data-start=\"3184\" data-end=\"3231\">Alojamiento (complemento opcional si lo ofrece)<\/p>\n<\/li>\n<\/ul>\n<h2 data-start=\"3233\" data-end=\"3267\">Dificultad y requisitos<\/h2>\n<p data-start=\"3268\" data-end=\"3465\"><strong data-start=\"3268\" data-end=\"3322\">Ideal para excursionistas experimentados y grupos de aventura.<\/strong><br data-start=\"3322\" data-end=\"3325\" \/>Se recomienda una buena forma f\u00edsica. La dificultad depende del itinerario elegido y del n\u00famero de d\u00edas; las rutas pueden adaptarse a su nivel.<\/p>\n<h2 data-start=\"3467\" data-end=\"3501\">Punto de encuentro e idiomas<\/h2>\n<p data-start=\"3502\" data-end=\"3643\"><strong data-start=\"3502\" data-end=\"3529\">Base log\u00edstica en Altea<\/strong> (Costa Blanca) con rutas por toda la provincia de Alicante.<br data-start=\"3582\" data-end=\"3585\" \/>Idiomas: <strong data-start=\"3596\" data-end=\"3642\">Ingl\u00e9s, espa\u00f1ol, catal\u00e1n, franc\u00e9s, italiano<\/strong>.<\/p>\n<h2 data-start=\"3645\" data-end=\"3673\">Experiencias relacionadas<\/h2>\n<ul data-start=\"3674\" data-end=\"3855\">\n<li data-start=\"3674\" data-end=\"3722\">\n<p data-start=\"3676\" data-end=\"3722\"><a href=\"https:\/\/www.inspirealtea.com\/es\/experiencias\/excursion-al-amanecer-alicante\/\"><strong data-start=\"3676\" data-end=\"3722\">Sunrise Mountain Experience - Costa Blanca<\/strong><\/a><\/p>\n<\/li>\n<li data-start=\"3723\" data-end=\"3757\">\n<p data-start=\"3725\" data-end=\"3757\"><a href=\"https:\/\/www.inspirealtea.com\/es\/experiencias\/senderismo-yoga-tapas-altea\/\"><strong data-start=\"3725\" data-end=\"3757\">Senderismo, Yoga y Tapas (Altea)<\/strong><\/a><\/p>\n<\/li>\n<li data-start=\"3758\" data-end=\"3855\">\n<p data-start=\"3760\" data-end=\"3855\">Enlace a su <a href=\"https:\/\/www.inspirealtea.com\/es\/senderismo-alicante\/\"><strong data-start=\"3773\" data-end=\"3792\">Senderismo en Altea<\/strong><\/a> p\u00e1gina + <a href=\"https:\/\/www.inspirealtea.com\/es\/senderismo-en-alicante-despierta-tu-espiritu\/\"><strong data-start=\"3800\" data-end=\"3822\">Senderismo en Alicante<\/strong><\/a> art\u00edculo (ya lo tienes: perfecto)<\/p>\n<\/li>\n<\/ul>\n<p data-start=\"3873\" data-end=\"4039\"><strong data-start=\"3873\" data-end=\"3933\">\u00bfQuiere conocer el itinerario completo y las mejores recomendaciones de temporada?<\/strong><br data-start=\"3933\" data-end=\"3936\" \/><a href=\"https:\/\/www.inspirealtea.com\/es\/pongase-en-contacto-con\/\">Reserve sus fechas<\/a> y le confirmaremos el plan de ruta ideal en funci\u00f3n del tiempo, el nivel y la duraci\u00f3n preferida.<\/p>","protected":false},"excerpt":{"rendered":"<p data-start=\"1503\" data-end=\"1680\">Un desaf\u00edo transformador de senderismo de varios d\u00edas a trav\u00e9s de los siete picos ic\u00f3nicos de Alicante. Guiado, seguro y personalizable, con base en Altea para facilitar la log\u00edstica y el acceso a la Costa Blanca.<\/p>","protected":false},"featured_media":685,"comment_status":"open","ping_status":"closed","template":"","meta":{"nf_dc_page":"","om_disable_all_campaigns":false,"_monsterinsights_skip_tracking":false,"_monsterinsights_sitenote_active":false,"_monsterinsights_sitenote_note":"","_monsterinsights_sitenote_category":0,"_uf_show_specific_survey":0,"_uf_disable_surveys":false,"jetpack_post_was_ever_published":false,"jetpack_publicize_message":"","jetpack_publicize_feature_enabled":true,"jetpack_social_post_already_shared":false,"jetpack_social_options":{"image_generator_settings":{"template":"highway","default_image_id":0,"font":"","enabled":false},"version":2}},"product_brand":[35],"product_cat":[33,24],"product_tag":[367,371,370,364,374,363,373,132,368,366,365,372,369,362,155],"class_list":{"0":"post-734","1":"product","2":"type-product","3":"status-publish","4":"has-post-thumbnail","6":"product_brand-inspire-altea","7":"product_cat-hiking-nature-experiences","8":"product_cat-wellbeing-experiences","9":"product_tag-adventure-holiday-spain","10":"product_tag-conscious-hiking","11":"product_tag-costa-blanca-mountains","12":"product_tag-guided-hiking-alicante","13":"product_tag-guided-mountain-experience","14":"product_tag-hiking-challenge-alicante","15":"product_tag-hiking-experience-spain","16":"product_tag-hiking-in-altea","17":"product_tag-hiking-retreat-alicante","18":"product_tag-mountain-experience-alicante","19":"product_tag-multi-day-hiking-spain","20":"product_tag-nature-challenge-spain","21":"product_tag-outdoor-experience-alicante","22":"product_tag-seven-summits-alicante","23":"product_tag-trekking-costa-blanca","25":"first","26":"instock","27":"virtual","28":"purchasable","29":"product-type-simple"},"yoast_head":"<!-- This site is optimized with the Yoast SEO Premium plugin v27.3 (Yoast SEO v27.4) - https:\/\/yoast.com\/product\/yoast-seo-premium-wordpress\/ -->\n<title>Seven Summits Challenge Alicante | Multi-Day Guided Hiking<\/title>\n<meta name=\"description\" content=\"Conquer Alicante\u2019s Seven Summits with a certified guide. A multi-day hiking challenge with flexible pacing, safety support, and stunning views. \u2014 Altea.\" \/>\n<meta name=\"robots\" content=\"index, follow, max-snippet:-1, max-image-preview:large, max-video-preview:-1\" \/>\n<link rel=\"canonical\" href=\"https:\/\/www.inspirealtea.com\/es\/experiencias\/siete-cumbres-desafian-a-alicante\/\" \/>\n<meta property=\"og:locale\" content=\"es_ES\" \/>\n<meta property=\"og:type\" content=\"article\" \/>\n<meta property=\"og:title\" content=\"Seven Summits Challenge \u2013 Alicante Edition\" \/>\n<meta property=\"og:description\" content=\"Conquer Alicante\u2019s Seven Summits with a certified guide. A multi-day hiking challenge with flexible pacing, safety support, and stunning views. \u2014 Altea.\" \/>\n<meta property=\"og:url\" content=\"https:\/\/www.inspirealtea.com\/es\/experiencias\/siete-cumbres-desafian-a-alicante\/\" \/>\n<meta property=\"og:site_name\" content=\"Yoga, Ayurveda and Hiking | Inspire Altea\" \/>\n<meta property=\"article:publisher\" content=\"https:\/\/www.facebook.com\/yogaayurveda.altea\" \/>\n<meta property=\"article:modified_time\" content=\"2026-03-25T12:28:19+00:00\" \/>\n<meta property=\"og:image\" content=\"https:\/\/www.inspirealtea.com\/wp-content\/uploads\/2025\/11\/trekkalicante5.webp\" \/>\n\t<meta property=\"og:image:width\" content=\"900\" \/>\n\t<meta property=\"og:image:height\" content=\"600\" \/>\n\t<meta property=\"og:image:type\" content=\"image\/webp\" \/>\n<meta name=\"twitter:card\" content=\"summary_large_image\" \/>\n<meta name=\"twitter:label1\" content=\"Tiempo de lectura\" \/>\n\t<meta name=\"twitter:data1\" content=\"2 minutos\" \/>\n<!-- \/ Yoast SEO Premium plugin. -->","yoast_head_json":{"title":"Seven Summits Challenge Alicante | Senderismo guiado de varios d\u00edas","description":"Conquista las Siete Cumbres de Alicante con un gu\u00eda titulado. Un reto de senderismo de varios d\u00edas con un ritmo flexible, apoyo de seguridad y vistas impresionantes. - Altea.","robots":{"index":"index","follow":"follow","max-snippet":"max-snippet:-1","max-image-preview":"max-image-preview:large","max-video-preview":"max-video-preview:-1"},"canonical":"https:\/\/www.inspirealtea.com\/es\/experiencias\/siete-cumbres-desafian-a-alicante\/","og_locale":"es_ES","og_type":"article","og_title":"Seven Summits Challenge \u2013 Alicante Edition","og_description":"Conquer Alicante\u2019s Seven Summits with a certified guide. A multi-day hiking challenge with flexible pacing, safety support, and stunning views. \u2014 Altea.","og_url":"https:\/\/www.inspirealtea.com\/es\/experiencias\/siete-cumbres-desafian-a-alicante\/","og_site_name":"Yoga, Ayurveda and Hiking | Inspire Altea","article_publisher":"https:\/\/www.facebook.com\/yogaayurveda.altea","article_modified_time":"2026-03-25T12:28:19+00:00","og_image":[{"width":900,"height":600,"url":"https:\/\/www.inspirealtea.com\/wp-content\/uploads\/2025\/11\/trekkalicante5.webp","type":"image\/webp"}],"twitter_card":"summary_large_image","twitter_misc":{"Tiempo de lectura":"2 minutos"},"schema":{"@context":"https:\/\/schema.org","@graph":[{"@type":"WebPage","@id":"https:\/\/www.inspirealtea.com\/experiences\/seven-summits-challenge-alicante\/","url":"https:\/\/www.inspirealtea.com\/experiences\/seven-summits-challenge-alicante\/","name":"Seven Summits Challenge Alicante | Senderismo guiado de varios d\u00edas","isPartOf":{"@id":"https:\/\/www.inspirealtea.com\/#website"},"primaryImageOfPage":{"@id":"https:\/\/www.inspirealtea.com\/experiences\/seven-summits-challenge-alicante\/#primaryimage"},"image":{"@id":"https:\/\/www.inspirealtea.com\/experiences\/seven-summits-challenge-alicante\/#primaryimage"},"thumbnailUrl":"https:\/\/i0.wp.com\/www.inspirealtea.com\/wp-content\/uploads\/2025\/11\/trekkalicante5.webp?fit=900%2C600&ssl=1","datePublished":"2025-11-01T17:02:10+00:00","dateModified":"2026-03-25T12:28:19+00:00","description":"Conquista las Siete Cumbres de Alicante con un gu\u00eda titulado. Un reto de senderismo de varios d\u00edas con un ritmo flexible, apoyo de seguridad y vistas impresionantes. - Altea.","breadcrumb":{"@id":"https:\/\/www.inspirealtea.com\/experiences\/seven-summits-challenge-alicante\/#breadcrumb"},"inLanguage":"es","potentialAction":[{"@type":"ReadAction","target":["https:\/\/www.inspirealtea.com\/experiences\/seven-summits-challenge-alicante\/"]}]},{"@type":"ImageObject","inLanguage":"es","@id":"https:\/\/www.inspirealtea.com\/experiences\/seven-summits-challenge-alicante\/#primaryimage","url":"https:\/\/i0.wp.com\/www.inspirealtea.com\/wp-content\/uploads\/2025\/11\/trekkalicante5.webp?fit=900%2C600&ssl=1","contentUrl":"https:\/\/i0.wp.com\/www.inspirealtea.com\/wp-content\/uploads\/2025\/11\/trekkalicante5.webp?fit=900%2C600&ssl=1","width":900,"height":600,"caption":"Discover where the Alicante mountains meet the Mediterranean on our Seven Summits Challenge."},{"@type":"BreadcrumbList","@id":"https:\/\/www.inspirealtea.com\/experiences\/seven-summits-challenge-alicante\/#breadcrumb","itemListElement":[{"@type":"ListItem","position":1,"name":"Home","item":"https:\/\/www.inspirealtea.com\/"},{"@type":"ListItem","position":2,"name":"Experiences","item":"https:\/\/www.inspirealtea.com\/experiences\/"},{"@type":"ListItem","position":3,"name":"Wellbeing experiences","item":"https:\/\/www.inspirealtea.com\/product-category\/wellbeing-experiences\/"},{"@type":"ListItem","position":4,"name":"Hiking &amp; Nature Experiences","item":"https:\/\/www.inspirealtea.com\/product-category\/wellbeing-experiences\/hiking-nature-experiences\/"},{"@type":"ListItem","position":5,"name":"Seven Summits Challenge \u2013 Alicante Edition"}]},{"@type":"WebSite","@id":"https:\/\/www.inspirealtea.com\/#website","url":"https:\/\/www.inspirealtea.com\/","name":"Yoga, Ayurveda y Senderismo | Inspire Altea","description":"Explora tus l\u00edmites con el Yoga, el Ayurveda y el Senderismo en Altea, Alicante \u2014 un santuario para el bienestar junto al Mediterr\u00e1neo.","publisher":{"@id":"https:\/\/www.inspirealtea.com\/#organization"},"alternateName":"Inspire Altea \u2013 Yoga, Ayurveda & Hiking","potentialAction":[{"@type":"SearchAction","target":{"@type":"EntryPoint","urlTemplate":"https:\/\/www.inspirealtea.com\/?s={search_term_string}"},"query-input":{"@type":"PropertyValueSpecification","valueRequired":true,"valueName":"search_term_string"}}],"inLanguage":"es"},{"@type":"Organization","@id":"https:\/\/www.inspirealtea.com\/#organization","name":"Yoga, Ayurveda y Senderismo | Inspire Altea","alternateName":"IA Yoga Ayurveda Hike","url":"https:\/\/www.inspirealtea.com\/","logo":{"@type":"ImageObject","inLanguage":"es","@id":"https:\/\/www.inspirealtea.com\/#\/schema\/logo\/image\/","url":"https:\/\/i0.wp.com\/www.inspirealtea.com\/wp-content\/uploads\/2025\/10\/Logo-Inspire-Altea.png?fit=1024%2C1024&ssl=1","contentUrl":"https:\/\/i0.wp.com\/www.inspirealtea.com\/wp-content\/uploads\/2025\/10\/Logo-Inspire-Altea.png?fit=1024%2C1024&ssl=1","width":1024,"height":1024,"caption":"Yoga, Ayurveda and Hiking | Inspire Altea"},"image":{"@id":"https:\/\/www.inspirealtea.com\/#\/schema\/logo\/image\/"},"sameAs":["https:\/\/www.facebook.com\/yogaayurveda.altea","https:\/\/www.instagram.com\/inspirealtea\/","https:\/\/www.linkedin.com\/in\/sergio-cisneros-galea","https:\/\/www.youtube.com\/@inspirealtea","https:\/\/gravatar.com\/sergiocisnerosgalea"],"description":"Discover holistic wellbeing experiences in Altea that connect body, mind, and nature. From yoga and Ayurveda to guided hiking and personalized retreats \u2014 all designed to help you restore balance, vitality, and inner peace.","email":"inspirealtea@gmail.com","telephone":"+33 6 07 42 58 97","legalName":"Sergio Cisneros Galea","foundingDate":"2019-11-11","numberOfEmployees":{"@type":"QuantitativeValue","minValue":"1","maxValue":"10"},"publishingPrinciples":"https:\/\/www.inspirealtea.com\/who-i-am\/"}]}},"jetpack_publicize_connections":[],"jetpack_sharing_enabled":true,"_links":{"self":[{"href":"https:\/\/www.inspirealtea.com\/es\/wp-json\/wp\/v2\/product\/734","targetHints":{"allow":["GET"]}}],"collection":[{"href":"https:\/\/www.inspirealtea.com\/es\/wp-json\/wp\/v2\/product"}],"about":[{"href":"https:\/\/www.inspirealtea.com\/es\/wp-json\/wp\/v2\/types\/product"}],"replies":[{"embeddable":true,"href":"https:\/\/www.inspirealtea.com\/es\/wp-json\/wp\/v2\/comments?post=734"}],"wp:featuredmedia":[{"embeddable":true,"href":"https:\/\/www.inspirealtea.com\/es\/wp-json\/wp\/v2\/media\/685"}],"wp:attachment":[{"href":"https:\/\/www.inspirealtea.com\/es\/wp-json\/wp\/v2\/media?parent=734"}],"wp:term":[{"taxonomy":"product_brand","embeddable":true,"href":"https:\/\/www.inspirealtea.com\/es\/wp-json\/wp\/v2\/product_brand?post=734"},{"taxonomy":"product_cat","embeddable":true,"href":"https:\/\/www.inspirealtea.com\/es\/wp-json\/wp\/v2\/product_cat?post=734"},{"taxonomy":"product_tag","embeddable":true,"href":"https:\/\/www.inspirealtea.com\/es\/wp-json\/wp\/v2\/product_tag?post=734"}],"curies":[{"name":"wp","href":"https:\/\/api.w.org\/{rel}","templated":true}]}}