{"id":730,"date":"2025-11-01T18:46:34","date_gmt":"2025-11-01T16:46:34","guid":{"rendered":"https:\/\/www.inspirealtea.com\/product\/sunrise-mountain-experience-costa-blanca\/"},"modified":"2026-03-25T13:29:40","modified_gmt":"2026-03-25T12:29:40","slug":"excursion-al-amanecer-alicante","status":"publish","type":"product","link":"https:\/\/www.inspirealtea.com\/es\/experiences\/sunrise-hike-alicante\/","title":{"rendered":"Sunrise Mountain Experience - Costa Blanca"},"content":{"rendered":"<h2 data-start=\"190\" data-end=\"249\">\ud83c\udf05 Excursi\u00f3n al amanecer Alicante - Una experiencia de monta\u00f1a Mindful<\/h2>\n<p data-start=\"251\" data-end=\"430\">Comience el d\u00eda con una excursi\u00f3n al amanecer en Alicante: una experiencia de monta\u00f1a guiada cerca de Altea que combina senderos panor\u00e1micos, pausas para reflexionar y vistas impresionantes de la Costa Blanca.<\/p>\n<p data-start=\"432\" data-end=\"635\">Antes del amanecer, se reunir\u00e1 con su gu\u00eda de monta\u00f1a titulado y comenzar\u00e1 un tranquilo ascenso a trav\u00e9s de senderos perfumados de pinos y crestas rocosas. A medida que aparecen las primeras luces del d\u00eda, el paisaje despierta lentamente a su alrededor.<\/p>\n<p data-start=\"637\" data-end=\"828\">Alcanzar la cima al amanecer es un momento de conexi\u00f3n silenciosa, donde la costa mediterr\u00e1nea, las siluetas de las monta\u00f1as y el horizonte dorado se unen en una experiencia realmente inolvidable.<\/p>\n<hr data-start=\"830\" data-end=\"833\" \/>\n<h2 data-start=\"835\" data-end=\"876\">\u00bfPor qu\u00e9 elegir una excursi\u00f3n al amanecer en Alicante?<\/h2>\n<p data-start=\"878\" data-end=\"958\">Una excursi\u00f3n al amanecer ofrece una forma \u00fanica de conectar con la naturaleza antes de que empiece el d\u00eda.<\/p>\n<p data-start=\"960\" data-end=\"1082\">A medida que el cielo pasa del azul intenso al dorado c\u00e1lido, llegar\u00e1 a un mirador donde la Costa Blanca se despliega bajo sus pies.<\/p>\n<p data-start=\"1084\" data-end=\"1143\">A diferencia de las excursiones diurnas, el ambiente de primera hora de la ma\u00f1ana crea:<\/p>\n<ul data-start=\"1145\" data-end=\"1220\">\n<li data-start=\"1145\" data-end=\"1165\">\n<p data-start=\"1147\" data-end=\"1165\">Silencio y calma<\/p>\n<\/li>\n<li data-start=\"1166\" data-end=\"1189\">\n<p data-start=\"1168\" data-end=\"1189\">Temperaturas m\u00e1s fr\u00edas<\/p>\n<\/li>\n<li data-start=\"1190\" data-end=\"1220\">\n<p data-start=\"1192\" data-end=\"1220\">Un sentido m\u00e1s profundo de la presencia<\/p>\n<\/li>\n<\/ul>\n<p data-start=\"1222\" data-end=\"1334\">Esta experiencia combina aventura y atenci\u00f3n plena, por lo que es ideal para quienes buscan movimiento y significado.<\/p>\n<hr data-start=\"1336\" data-end=\"1339\" \/>\n<h2 data-start=\"1341\" data-end=\"1377\">Una experiencia guiada m\u00e1s all\u00e1 del senderismo<\/h2>\n<p data-start=\"1379\" data-end=\"1445\">Esta excursi\u00f3n al amanecer en Alicante no consiste s\u00f3lo en alcanzar una cima.<\/p>\n<p data-start=\"1447\" data-end=\"1541\">Por el camino, le invitaremos a hacer una pausa, respirar hondo y reconectar con el ritmo de la naturaleza.<\/p>\n<p data-start=\"1543\" data-end=\"1563\">El viaje se convierte:<\/p>\n<ul data-start=\"1565\" data-end=\"1670\">\n<li data-start=\"1565\" data-end=\"1591\">\n<p data-start=\"1567\" data-end=\"1591\">Un momento de reflexi\u00f3n<\/p>\n<\/li>\n<li data-start=\"1592\" data-end=\"1622\">\n<p data-start=\"1594\" data-end=\"1622\">Empezar el d\u00eda con atenci\u00f3n<\/p>\n<\/li>\n<li data-start=\"1623\" data-end=\"1670\">\n<p data-start=\"1625\" data-end=\"1670\">Una poderosa conexi\u00f3n con el paisaje y con uno mismo<\/p>\n<\/li>\n<\/ul>\n<p data-start=\"1672\" data-end=\"1756\">Los grupos reducidos garantizan una experiencia personal y de apoyo durante todo el ascenso.<\/p>\n<hr data-start=\"1758\" data-end=\"1761\" \/>\n<h2 data-start=\"1763\" data-end=\"1809\">\u00bfQu\u00e9 hace especial a esta experiencia del amanecer?<\/h2>\n<p data-start=\"1811\" data-end=\"1907\">A diferencia de la t\u00edpica excursi\u00f3n de senderismo, esta experiencia guiada al amanecer se centra en la presencia y la conexi\u00f3n.<\/p>\n<p data-start=\"1909\" data-end=\"1938\">A lo largo de la ruta podr\u00e1 disfrutar de:<\/p>\n<ul data-start=\"1940\" data-end=\"2046\">\n<li data-start=\"1940\" data-end=\"1965\">\n<p data-start=\"1942\" data-end=\"1965\">Tranquilos senderos de monta\u00f1a<\/p>\n<\/li>\n<li data-start=\"1966\" data-end=\"1993\">\n<p data-start=\"1968\" data-end=\"1993\">Pausas respiratorias guiadas<\/p>\n<\/li>\n<li data-start=\"1994\" data-end=\"2018\">\n<p data-start=\"1996\" data-end=\"2018\">Intimidad en peque\u00f1os grupos<\/p>\n<\/li>\n<li data-start=\"2019\" data-end=\"2046\">\n<p data-start=\"2021\" data-end=\"2046\">Vistas panor\u00e1micas del amanecer<\/p>\n<\/li>\n<\/ul>\n<p data-start=\"2048\" data-end=\"2120\">Es una experiencia dise\u00f1ada no s\u00f3lo para la aventura, sino tambi\u00e9n para la calma interior.<\/p>\n<hr data-start=\"2122\" data-end=\"2125\" \/>\n<h2 data-start=\"2127\" data-end=\"2154\">Desayuno local opcional<\/h2>\n<p data-start=\"2156\" data-end=\"2272\">Tras el descenso, puede optar por continuar la ma\u00f1ana con un relajado desayuno local en Altea (complemento opcional).<\/p>\n<p data-start=\"2274\" data-end=\"2379\">Estaremos encantados de recomendarle aut\u00e9nticos locales donde disfrutar de los sabores mediterr\u00e1neos despu\u00e9s de la caminata.<\/p>\n<p data-start=\"2381\" data-end=\"2432\">(El desayuno no est\u00e1 incluido en la experiencia base).<\/p>\n<hr data-start=\"2434\" data-end=\"2437\" \/>\n<h2 data-start=\"2439\" data-end=\"2450\">Incluye<\/h2>\n<ul data-start=\"2452\" data-end=\"2581\">\n<li data-start=\"2452\" data-end=\"2496\">\n<p data-start=\"2454\" data-end=\"2496\">Excursi\u00f3n guiada por la monta\u00f1a al amanecer (4-5 horas)<\/p>\n<\/li>\n<li data-start=\"2497\" data-end=\"2526\">\n<p data-start=\"2499\" data-end=\"2526\">Experiencia al amanecer en la cumbre<\/p>\n<\/li>\n<li data-start=\"2527\" data-end=\"2556\">\n<p data-start=\"2529\" data-end=\"2556\">Momentos de respiraci\u00f3n consciente<\/p>\n<\/li>\n<li data-start=\"2557\" data-end=\"2581\">\n<p data-start=\"2559\" data-end=\"2581\">Orientaci\u00f3n en peque\u00f1os grupos<\/p>\n<\/li>\n<\/ul>\n<hr data-start=\"2583\" data-end=\"2586\" \/>\n<h2 data-start=\"2588\" data-end=\"2602\">Perfecto para<\/h2>\n<ul data-start=\"2604\" data-end=\"2711\">\n<li data-start=\"2604\" data-end=\"2621\">\n<p data-start=\"2606\" data-end=\"2621\">Amantes de la naturaleza<\/p>\n<\/li>\n<li data-start=\"2622\" data-end=\"2638\">\n<p data-start=\"2624\" data-end=\"2638\">Madrugadores<\/p>\n<\/li>\n<li data-start=\"2639\" data-end=\"2661\">\n<p data-start=\"2641\" data-end=\"2661\">Viajeros conscientes<\/p>\n<\/li>\n<li data-start=\"2662\" data-end=\"2689\">\n<p data-start=\"2664\" data-end=\"2689\">Aficionados a la fotograf\u00eda<\/p>\n<\/li>\n<li data-start=\"2690\" data-end=\"2711\">\n<p data-start=\"2692\" data-end=\"2711\">Aventureros<\/p>\n<\/li>\n<\/ul>\n<hr data-start=\"2713\" data-end=\"2716\" \/>\n<h2 data-start=\"2718\" data-end=\"2724\">Preguntas frecuentes<\/h2>\n<p data-start=\"2372\" data-end=\"2567\"><strong data-start=\"2372\" data-end=\"2420\">\u00bfEs esta excursi\u00f3n al amanecer adecuada para principiantes?<\/strong><br data-start=\"2420\" data-end=\"2423\" \/>La caminata es moderada y adecuada para principiantes activos. Si tienes alguna duda, ponte en contacto con nosotros y te recomendaremos la mejor opci\u00f3n para tu nivel.<\/p>\n<p data-start=\"2569\" data-end=\"2730\"><strong data-start=\"2569\" data-end=\"2624\">\u00bfCu\u00e1nto dura la experiencia Sunrise Mountain?<\/strong><br data-start=\"2624\" data-end=\"2627\" \/>La experiencia total dura alrededor de <strong data-start=\"2661\" data-end=\"2674\">4-5 horas<\/strong>, incluido el ascenso, la hora del punto de vista del amanecer y el descenso.<\/p>\n<p data-start=\"2732\" data-end=\"2912\"><strong data-start=\"2732\" data-end=\"2767\">\u00bfD\u00f3nde tiene lugar la excursi\u00f3n?<\/strong><br data-start=\"2767\" data-end=\"2770\" \/>La excursi\u00f3n tiene lugar en las monta\u00f1as cercanas a <strong data-start=\"2813\" data-end=\"2822\">Altea<\/strong> en el <strong data-start=\"2830\" data-end=\"2857\">Costa Blanca (Alicante)<\/strong>. Los datos exactos del punto de encuentro se comunicar\u00e1n tras la reserva.<\/p>\n<p data-start=\"2914\" data-end=\"3083\"><strong data-start=\"2914\" data-end=\"2938\">\u00bfQu\u00e9 debo llevar?<\/strong><br data-start=\"2938\" data-end=\"2941\" \/>Lleve calzado de monta\u00f1a, una chaqueta ligera para las primeras temperaturas de la ma\u00f1ana, agua y un peque\u00f1o tentempi\u00e9. Una linterna frontal puede ser \u00fatil seg\u00fan la estaci\u00f3n.<\/p>\n<p data-start=\"3085\" data-end=\"3250\"><strong data-start=\"3085\" data-end=\"3111\">\u00bfEst\u00e1 incluido el desayuno?<\/strong><br data-start=\"3111\" data-end=\"3114\" \/>El desayuno no est\u00e1 incluido. Despu\u00e9s de la caminata, podemos recomendar lugares locales en Altea si desea disfrutar del desayuno como un extra opcional.<\/p>\n<p data-start=\"3252\" data-end=\"3380\"><strong data-start=\"3252\" data-end=\"3290\">\u00bfPuedo reservar una excursi\u00f3n privada al amanecer?<\/strong><br data-start=\"3290\" data-end=\"3293\" \/>S\u00ed. Se pueden hacer reservas privadas a petici\u00f3n de parejas, familias y grupos peque\u00f1os.<\/p>\n<p data-start=\"3252\" data-end=\"3380\">\n<p data-start=\"2498\" data-end=\"2576\"><strong>\ud83d\udc49 <a class=\"decorated-link cursor-pointer\" href=\"https:\/\/www.inspirealtea.com\/es\/pongase-en-contacto-con\/\" target=\"_new\" rel=\"noopener\" data-start=\"2512\" data-end=\"2574\">Reserve su excursi\u00f3n al amanecer<\/a><\/strong><\/p>\n<p data-start=\"2498\" data-end=\"2576\"><strong>\ud83d\udc49 <a class=\"decorated-link cursor-pointer\" href=\"https:\/\/www.inspirealtea.com\/es\/experiencias\/siete-cumbres-desafian-a-alicante\/\" target=\"_new\" rel=\"noopener\" data-start=\"2512\" data-end=\"2574\">\u00danete a nosotros en Seven Summits Challenge - Edici\u00f3n Alicante<\/a><\/strong><\/p>\n<p data-start=\"2578\" data-end=\"2741\">M\u00e1s informaci\u00f3n <a href=\"https:\/\/www.inspirealtea.com\/es\/\">experiencias<\/a> en nuestro <a class=\"decorated-link cursor-pointer\" href=\"https:\/\/www.inspirealtea.com\/es\/senderismo-alicante\/\" target=\"_new\" rel=\"noopener\" data-start=\"2611\" data-end=\"2671\">Senderismo en Altea<\/a> y <a class=\"decorated-link cursor-pointer\" href=\"https:\/\/www.inspirealtea.com\/es\/yoga-en-altea\/\" target=\"_new\" rel=\"noopener\" data-start=\"2676\" data-end=\"2732\">Yoga en Altea<\/a> p\u00e1ginas.<\/p>\n<p data-start=\"2578\" data-end=\"2741\">Lea nuestros art\u00edculos relacionados con :<\/p>\n<ul>\n<li data-start=\"2578\" data-end=\"2741\"><a href=\"https:\/\/www.inspirealtea.com\/es\/yoga-al-aire-libre-mar-mediterraneo\/\">Yoga junto al Mediterr\u00e1neo<\/a><\/li>\n<li data-start=\"2578\" data-end=\"2741\"><a href=\"https:\/\/www.inspirealtea.com\/es\/senderismo-en-alicante-despierta-tu-espiritu\/\">Senderismo en Alicante<\/a><\/li>\n<\/ul>","protected":false},"excerpt":{"rendered":"<p data-start=\"1013\" data-end=\"1188\">Experimente un amanecer m\u00e1gico desde la cima de una monta\u00f1a cerca de Altea. Esta caminata guiada al amanecer combina aventura esc\u00e9nica, momentos de atenci\u00f3n plena y vistas panor\u00e1micas de la Costa Blanca.<\/p>","protected":false},"featured_media":728,"comment_status":"open","ping_status":"closed","template":"","meta":{"nf_dc_page":"","om_disable_all_campaigns":false,"_monsterinsights_skip_tracking":false,"_monsterinsights_sitenote_active":false,"_monsterinsights_sitenote_note":"","_monsterinsights_sitenote_category":0,"_uf_show_specific_survey":0,"_uf_disable_surveys":false,"jetpack_post_was_ever_published":false,"jetpack_publicize_message":"","jetpack_publicize_feature_enabled":true,"jetpack_social_post_already_shared":false,"jetpack_social_options":{"image_generator_settings":{"template":"highway","default_image_id":0,"font":"","enabled":false},"version":2}},"product_brand":[35],"product_cat":[33,24],"product_tag":[376,378,377,380,136,379,381,382,143,375],"class_list":{"0":"post-730","1":"product","2":"type-product","3":"status-publish","4":"has-post-thumbnail","6":"product_brand-inspire-altea","7":"product_cat-hiking-nature-experiences","8":"product_cat-wellbeing-experiences","9":"product_tag-costa-blanca-sunrise","10":"product_tag-early-morning-hike","11":"product_tag-guided-hike-spain","12":"product_tag-hiking-altea","13":"product_tag-mindful-hiking","14":"product_tag-mountain-sunrise","15":"product_tag-nature-experience-spain","16":"product_tag-outdoor-adventure-costa-blanca","17":"product_tag-sunrise-hike","18":"product_tag-sunrise-hike-alicante","20":"first","21":"instock","22":"featured","23":"virtual","24":"purchasable","25":"product-type-simple"},"yoast_head":"<!-- This site is optimized with the Yoast SEO Premium plugin v27.3 (Yoast SEO v27.4) - https:\/\/yoast.com\/product\/yoast-seo-premium-wordpress\/ -->\n<title>Sunrise Hike Alicante | Guided Mountain Experience Costa Blanca<\/title>\n<meta name=\"description\" content=\"Watch the sunrise from a mountain summit near Altea. A guided sunrise hike in Alicante combining adventure, mindfulness, and breathtaking nature views.\" \/>\n<meta name=\"robots\" content=\"index, follow, max-snippet:-1, max-image-preview:large, max-video-preview:-1\" \/>\n<link rel=\"canonical\" href=\"https:\/\/www.inspirealtea.com\/es\/experiencias\/excursion-al-amanecer-alicante\/\" \/>\n<meta property=\"og:locale\" content=\"es_ES\" \/>\n<meta property=\"og:type\" content=\"article\" \/>\n<meta property=\"og:title\" content=\"Sunrise Mountain Experience \u2013 Costa Blanca\" \/>\n<meta property=\"og:description\" content=\"Watch the sunrise from a mountain summit near Altea. A guided sunrise hike in Alicante combining adventure, mindfulness, and breathtaking nature views.\" \/>\n<meta property=\"og:url\" content=\"https:\/\/www.inspirealtea.com\/es\/experiencias\/excursion-al-amanecer-alicante\/\" \/>\n<meta property=\"og:site_name\" content=\"Yoga, Ayurveda and Hiking | Inspire Altea\" \/>\n<meta property=\"article:publisher\" content=\"https:\/\/www.facebook.com\/yogaayurveda.altea\" \/>\n<meta property=\"article:modified_time\" content=\"2026-03-25T12:29:40+00:00\" \/>\n<meta property=\"og:image\" content=\"https:\/\/www.inspirealtea.com\/wp-content\/uploads\/2025\/11\/IMG_5534-scaled.webp\" \/>\n\t<meta property=\"og:image:width\" content=\"2560\" \/>\n\t<meta property=\"og:image:height\" content=\"1920\" \/>\n\t<meta property=\"og:image:type\" content=\"image\/webp\" \/>\n<meta name=\"twitter:card\" content=\"summary_large_image\" \/>\n<meta name=\"twitter:label1\" content=\"Tiempo de lectura\" \/>\n\t<meta name=\"twitter:data1\" content=\"3 minutos\" \/>\n<!-- \/ Yoast SEO Premium plugin. -->","yoast_head_json":{"title":"Excursi\u00f3n al amanecer Alicante | Experiencia guiada de monta\u00f1a Costa Blanca","description":"Contemple el amanecer desde la cima de una monta\u00f1a cerca de Altea. Una caminata guiada al amanecer en Alicante que combina aventura, mindfulness e impresionantes vistas de la naturaleza.","robots":{"index":"index","follow":"follow","max-snippet":"max-snippet:-1","max-image-preview":"max-image-preview:large","max-video-preview":"max-video-preview:-1"},"canonical":"https:\/\/www.inspirealtea.com\/es\/experiencias\/excursion-al-amanecer-alicante\/","og_locale":"es_ES","og_type":"article","og_title":"Sunrise Mountain Experience \u2013 Costa Blanca","og_description":"Watch the sunrise from a mountain summit near Altea. A guided sunrise hike in Alicante combining adventure, mindfulness, and breathtaking nature views.","og_url":"https:\/\/www.inspirealtea.com\/es\/experiencias\/excursion-al-amanecer-alicante\/","og_site_name":"Yoga, Ayurveda and Hiking | Inspire Altea","article_publisher":"https:\/\/www.facebook.com\/yogaayurveda.altea","article_modified_time":"2026-03-25T12:29:40+00:00","og_image":[{"width":2560,"height":1920,"url":"https:\/\/www.inspirealtea.com\/wp-content\/uploads\/2025\/11\/IMG_5534-scaled.webp","type":"image\/webp"}],"twitter_card":"summary_large_image","twitter_misc":{"Tiempo de lectura":"3 minutos"},"schema":{"@context":"https:\/\/schema.org","@graph":[{"@type":"WebPage","@id":"https:\/\/www.inspirealtea.com\/experiences\/sunrise-hike-alicante\/","url":"https:\/\/www.inspirealtea.com\/experiences\/sunrise-hike-alicante\/","name":"Excursi\u00f3n al amanecer Alicante | Experiencia guiada de monta\u00f1a Costa Blanca","isPartOf":{"@id":"https:\/\/www.inspirealtea.com\/#website"},"primaryImageOfPage":{"@id":"https:\/\/www.inspirealtea.com\/experiences\/sunrise-hike-alicante\/#primaryimage"},"image":{"@id":"https:\/\/www.inspirealtea.com\/experiences\/sunrise-hike-alicante\/#primaryimage"},"thumbnailUrl":"https:\/\/i0.wp.com\/www.inspirealtea.com\/wp-content\/uploads\/2025\/11\/IMG_5534-scaled.webp?fit=2560%2C1920&ssl=1","datePublished":"2025-11-01T16:46:34+00:00","dateModified":"2026-03-25T12:29:40+00:00","description":"Contemple el amanecer desde la cima de una monta\u00f1a cerca de Altea. Una caminata guiada al amanecer en Alicante que combina aventura, mindfulness e impresionantes vistas de la naturaleza.","breadcrumb":{"@id":"https:\/\/www.inspirealtea.com\/experiences\/sunrise-hike-alicante\/#breadcrumb"},"inLanguage":"es","potentialAction":[{"@type":"ReadAction","target":["https:\/\/www.inspirealtea.com\/experiences\/sunrise-hike-alicante\/"]}]},{"@type":"ImageObject","inLanguage":"es","@id":"https:\/\/www.inspirealtea.com\/experiences\/sunrise-hike-alicante\/#primaryimage","url":"https:\/\/i0.wp.com\/www.inspirealtea.com\/wp-content\/uploads\/2025\/11\/IMG_5534-scaled.webp?fit=2560%2C1920&ssl=1","contentUrl":"https:\/\/i0.wp.com\/www.inspirealtea.com\/wp-content\/uploads\/2025\/11\/IMG_5534-scaled.webp?fit=2560%2C1920&ssl=1","width":2560,"height":1920,"caption":"Enjoy the beauty of a Mediterranean sunrise during Inspire Altea\u2019s guided mountain experience in Alicante."},{"@type":"BreadcrumbList","@id":"https:\/\/www.inspirealtea.com\/experiences\/sunrise-hike-alicante\/#breadcrumb","itemListElement":[{"@type":"ListItem","position":1,"name":"Home","item":"https:\/\/www.inspirealtea.com\/"},{"@type":"ListItem","position":2,"name":"Experiences","item":"https:\/\/www.inspirealtea.com\/experiences\/"},{"@type":"ListItem","position":3,"name":"Wellbeing experiences","item":"https:\/\/www.inspirealtea.com\/product-category\/wellbeing-experiences\/"},{"@type":"ListItem","position":4,"name":"Hiking &amp; Nature Experiences","item":"https:\/\/www.inspirealtea.com\/product-category\/wellbeing-experiences\/hiking-nature-experiences\/"},{"@type":"ListItem","position":5,"name":"Sunrise Mountain Experience \u2013 Costa Blanca"}]},{"@type":"WebSite","@id":"https:\/\/www.inspirealtea.com\/#website","url":"https:\/\/www.inspirealtea.com\/","name":"Yoga, Ayurveda y Senderismo | Inspire Altea","description":"Explora tus l\u00edmites con el Yoga, el Ayurveda y el Senderismo en Altea, Alicante \u2014 un santuario para el bienestar junto al Mediterr\u00e1neo.","publisher":{"@id":"https:\/\/www.inspirealtea.com\/#organization"},"alternateName":"Inspire Altea \u2013 Yoga, Ayurveda & Hiking","potentialAction":[{"@type":"SearchAction","target":{"@type":"EntryPoint","urlTemplate":"https:\/\/www.inspirealtea.com\/?s={search_term_string}"},"query-input":{"@type":"PropertyValueSpecification","valueRequired":true,"valueName":"search_term_string"}}],"inLanguage":"es"},{"@type":"Organization","@id":"https:\/\/www.inspirealtea.com\/#organization","name":"Yoga, Ayurveda y Senderismo | Inspire Altea","alternateName":"IA Yoga Ayurveda Hike","url":"https:\/\/www.inspirealtea.com\/","logo":{"@type":"ImageObject","inLanguage":"es","@id":"https:\/\/www.inspirealtea.com\/#\/schema\/logo\/image\/","url":"https:\/\/i0.wp.com\/www.inspirealtea.com\/wp-content\/uploads\/2025\/10\/Logo-Inspire-Altea.png?fit=1024%2C1024&ssl=1","contentUrl":"https:\/\/i0.wp.com\/www.inspirealtea.com\/wp-content\/uploads\/2025\/10\/Logo-Inspire-Altea.png?fit=1024%2C1024&ssl=1","width":1024,"height":1024,"caption":"Yoga, Ayurveda and Hiking | Inspire Altea"},"image":{"@id":"https:\/\/www.inspirealtea.com\/#\/schema\/logo\/image\/"},"sameAs":["https:\/\/www.facebook.com\/yogaayurveda.altea","https:\/\/www.instagram.com\/inspirealtea\/","https:\/\/www.linkedin.com\/in\/sergio-cisneros-galea","https:\/\/www.youtube.com\/@inspirealtea","https:\/\/gravatar.com\/sergiocisnerosgalea"],"description":"Discover holistic wellbeing experiences in Altea that connect body, mind, and nature. From yoga and Ayurveda to guided hiking and personalized retreats \u2014 all designed to help you restore balance, vitality, and inner peace.","email":"inspirealtea@gmail.com","telephone":"+33 6 07 42 58 97","legalName":"Sergio Cisneros Galea","foundingDate":"2019-11-11","numberOfEmployees":{"@type":"QuantitativeValue","minValue":"1","maxValue":"10"},"publishingPrinciples":"https:\/\/www.inspirealtea.com\/who-i-am\/"}]}},"jetpack_publicize_connections":[],"jetpack_sharing_enabled":true,"_links":{"self":[{"href":"https:\/\/www.inspirealtea.com\/es\/wp-json\/wp\/v2\/product\/730","targetHints":{"allow":["GET"]}}],"collection":[{"href":"https:\/\/www.inspirealtea.com\/es\/wp-json\/wp\/v2\/product"}],"about":[{"href":"https:\/\/www.inspirealtea.com\/es\/wp-json\/wp\/v2\/types\/product"}],"replies":[{"embeddable":true,"href":"https:\/\/www.inspirealtea.com\/es\/wp-json\/wp\/v2\/comments?post=730"}],"wp:featuredmedia":[{"embeddable":true,"href":"https:\/\/www.inspirealtea.com\/es\/wp-json\/wp\/v2\/media\/728"}],"wp:attachment":[{"href":"https:\/\/www.inspirealtea.com\/es\/wp-json\/wp\/v2\/media?parent=730"}],"wp:term":[{"taxonomy":"product_brand","embeddable":true,"href":"https:\/\/www.inspirealtea.com\/es\/wp-json\/wp\/v2\/product_brand?post=730"},{"taxonomy":"product_cat","embeddable":true,"href":"https:\/\/www.inspirealtea.com\/es\/wp-json\/wp\/v2\/product_cat?post=730"},{"taxonomy":"product_tag","embeddable":true,"href":"https:\/\/www.inspirealtea.com\/es\/wp-json\/wp\/v2\/product_tag?post=730"}],"curies":[{"name":"wp","href":"https:\/\/api.w.org\/{rel}","templated":true}]}}