{"id":726,"date":"2025-11-01T18:23:37","date_gmt":"2025-11-01T16:23:37","guid":{"rendered":"https:\/\/www.inspirealtea.com\/product\/hiking-yoga-tapas-experience\/"},"modified":"2026-04-02T14:37:01","modified_gmt":"2026-04-02T13:37:01","slug":"senderismo-yoga-tapas-altea","status":"publish","type":"product","link":"https:\/\/www.inspirealtea.com\/es\/experiences\/hiking-yoga-tapas-altea\/","title":{"rendered":"Senderismo, Yoga y Tapas Altea"},"content":{"rendered":"<h2 data-start=\"1612\" data-end=\"1657\">Senderismo Mindful Yoga Tapas Experiencia en Altea<\/h2>\n<p data-start=\"996\" data-end=\"1227\">En busca de un <em data-start=\"1017\" data-end=\"1042\">senderismo yoga tapas Altea<\/em> experiencia? Esta atenta aventura de medio d\u00eda combina senderos panor\u00e1micos de monta\u00f1a, yoga en la naturaleza y deliciosa cocina local, todo ello guiado por un monitor de monta\u00f1a y profesor de yoga titulado.<\/p>\n<p data-start=\"1229\" data-end=\"1600\">Comience su viaje rodeado de los apacibles paisajes de <strong data-start=\"1289\" data-end=\"1319\">Altea y la Costa Blanca<\/strong>, donde el mar y la monta\u00f1a se encuentran. La ruta le llevar\u00e1 a trav\u00e9s de bosques de pinos, caminos tradicionales de piedra e impresionantes miradores sobre el Mediterr\u00e1neo. Por el camino, har\u00e1 una pausa para <strong data-start=\"1499\" data-end=\"1530\">sesi\u00f3n guiada de yoga al aire libre<\/strong> - perfecto para conectar el cuerpo y la respiraci\u00f3n con el ritmo de la naturaleza.<\/p>\n<p data-start=\"1602\" data-end=\"1916\">Despu\u00e9s de la caminata, se le recompensar\u00e1 con un aut\u00e9ntico <strong data-start=\"1664\" data-end=\"1690\">Degustaci\u00f3n de tapas alicantinas<\/strong>, La comida, cuidadosamente seleccionada para reflejar los sabores mediterr\u00e1neos locales. Este momento final de compartir y relajarse re\u00fane todo lo que el <em data-start=\"1827\" data-end=\"1852\">senderismo yoga tapas Altea<\/em> experience significa: movimiento, atenci\u00f3n plena y conexi\u00f3n.<\/p>\n<p data-start=\"1918\" data-end=\"2184\">Dirigido por <a href=\"https:\/\/www.inspirealtea.com\/es\/quien-soy\/\"><strong data-start=\"1925\" data-end=\"1935\">Sergi<\/strong><\/a>, tu experimentado gu\u00eda de monta\u00f1a y yoga, la actividad es apta para todos los niveles. Ya seas un viajero solitario, una pareja o un peque\u00f1o grupo de amigos, esta es una oportunidad para descubrir la esencia natural y cultural de Altea de una forma consciente.<\/p>\n<h3 data-start=\"2112\" data-end=\"2147\">\u00bfQu\u00e9 hace especial a esta experiencia?<\/h3>\n<p data-start=\"2149\" data-end=\"2249\">A diferencia de las excursiones t\u00edpicas, esta experiencia de senderismo consciente se centra en la presencia, el bienestar y la conexi\u00f3n.<\/p>\n<p data-start=\"2251\" data-end=\"2271\">Recorrer\u00e1s:<\/p>\n<ul data-start=\"2273\" data-end=\"2349\">\n<li data-start=\"2273\" data-end=\"2289\">\n<p data-start=\"2275\" data-end=\"2289\">Pinares<\/p>\n<\/li>\n<li data-start=\"2290\" data-end=\"2320\">\n<p data-start=\"2292\" data-end=\"2320\">Senderos tradicionales de monta\u00f1a<\/p>\n<\/li>\n<li data-start=\"2321\" data-end=\"2349\">\n<p data-start=\"2323\" data-end=\"2349\">Miradores mediterr\u00e1neos<\/p>\n<\/li>\n<\/ul>\n<p data-start=\"2351\" data-end=\"2403\">Pausa para una sesi\u00f3n guiada de yoga al aire libre dise\u00f1ada para:<\/p>\n<ul data-start=\"2405\" data-end=\"2483\">\n<li data-start=\"2405\" data-end=\"2424\">\n<p data-start=\"2407\" data-end=\"2424\">Liberar tensiones<\/p>\n<\/li>\n<li data-start=\"2425\" data-end=\"2453\">\n<p data-start=\"2427\" data-end=\"2453\">Mejorar la conciencia de la respiraci\u00f3n<\/p>\n<\/li>\n<li data-start=\"2454\" data-end=\"2483\">\n<p data-start=\"2456\" data-end=\"2483\">Mejorar la conexi\u00f3n con la naturaleza<\/p>\n<\/li>\n<\/ul>\n<h3 data-start=\"1005\" data-end=\"1188\"><strong data-start=\"1564\" data-end=\"1577\">Incluye<\/strong><\/h3>\n<ul data-start=\"1580\" data-end=\"1721\">\n<li data-start=\"1580\" data-end=\"1619\">\n<p data-start=\"1582\" data-end=\"1619\">Excursi\u00f3n guiada (2-3 horas, nivel f\u00e1cil)<\/p>\n<\/li>\n<li data-start=\"1620\" data-end=\"1644\">\n<p data-start=\"1622\" data-end=\"1644\">Sesi\u00f3n de yoga al aire libre<\/p>\n<\/li>\n<li data-start=\"1680\" data-end=\"1721\">\n<p data-start=\"1682\" data-end=\"1721\">Gu\u00eda de atenci\u00f3n plena e informaci\u00f3n local<\/p>\n<\/li>\n<\/ul>\n<ul class=\"n8H08c UVNKR\">\n<li class=\"zfr3Q TYR86d eD0Rn\" dir=\"ltr\">\n<p class=\"zfr3Q CDt4Ke\" dir=\"ltr\" role=\"presentation\"><span class=\"jgG6ef C9DxTc\">Tisana ayurv\u00e9dica adaptada a la estaci\u00f3n del a\u00f1o.\u00a0<\/span><\/p>\n<\/li>\n<\/ul>\n<h3 class=\"zfr3Q CDt4Ke\" dir=\"ltr\"><b>No incluye<\/b><\/h3>\n<ul>\n<li class=\"zfr3Q CDt4Ke\" dir=\"ltr\">Comida y bebida (tapas opcionales, recomendaci\u00f3n de restaurante)<\/li>\n<\/ul>\n<ul class=\"n8H08c UVNKR\">\n<li class=\"zfr3Q TYR86d eD0Rn\" dir=\"ltr\">\n<p class=\"zfr3Q CDt4Ke\" dir=\"ltr\" role=\"presentation\"><span class=\"jgG6ef C9DxTc\">Transporte.\u00a0<\/span><\/p>\n<\/li>\n<li class=\"zfr3Q TYR86d eD0Rn\" dir=\"ltr\">\n<p class=\"zfr3Q CDt4Ke\" dir=\"ltr\" role=\"presentation\"><span class=\"jgG6ef C9DxTc\">Comida de gu\u00eda y propinas.<\/span><\/p>\n<\/li>\n<\/ul>\n<h3 dir=\"ltr\"><strong data-start=\"1723\" data-end=\"1739\">Perfecto para<\/strong><\/h3>\n<p dir=\"ltr\">Viajeros lentos, parejas, aventureros en solitario y cualquiera que busque una conexi\u00f3n consciente a trav\u00e9s de la naturaleza y la comida.<\/p>\n<p class=\"zfr3Q CDt4Ke\" dir=\"ltr\"><strong><span class=\"jgG6ef C9DxTc\">Idiomas<\/span><\/strong><\/p>\n<p class=\"zfr3Q CDt4Ke\" dir=\"ltr\"><span class=\"jgG6ef C9DxTc\">Franc\u00e9s, italiano, espa\u00f1ol, catal\u00e1n e ingl\u00e9s<\/span><\/p>\n<p data-start=\"1854\" data-end=\"1909\"><strong><a href=\"https:\/\/www.inspirealtea.com\/es\/pongase-en-contacto-con\/\">Reserva<\/a> Su experiencia de senderismo y tapas<\/strong><\/p>\n<p data-start=\"1854\" data-end=\"1909\"><a href=\"https:\/\/www.inspirealtea.com\/es\/experiencias\/excursion-al-amanecer-alicante\/\"><strong>\u00danase a nosotros en Sunrise Mountain Experience<\/strong><\/a><\/p>\n<p data-start=\"1854\" data-end=\"1909\">Para saber m\u00e1s <a href=\"https:\/\/www.inspirealtea.com\/es\/\">actividades de bienestar<\/a>, visite nuestro <a class=\"decorated-link cursor-pointer\" href=\"https:\/\/www.inspirealtea.com\/es\/yoga-en-altea\/\" target=\"_new\" rel=\"noopener\" data-start=\"2643\" data-end=\"2699\">Yoga en Altea<\/a> y <a class=\"decorated-link cursor-pointer\" href=\"https:\/\/www.inspirealtea.com\/es\/ayurveda-en-altea\/\" target=\"_new\" rel=\"noopener\" data-start=\"2704\" data-end=\"2768\">el Ayurveda en Altea<\/a> p\u00e1ginas.<\/p>\n<p data-start=\"1854\" data-end=\"1909\">Art\u00edculos relacionados :<\/p>\n<ul>\n<li data-start=\"1854\" data-end=\"1909\"><a href=\"https:\/\/www.inspirealtea.com\/es\/senderismo-en-alicante-despierta-tu-espiritu\/\">Senderismo en Alicante<\/a><\/li>\n<li data-start=\"1854\" data-end=\"1909\"><a href=\"https:\/\/www.inspirealtea.com\/es\/yoga-al-aire-libre-mar-mediterraneo\/\">Yoga junto al Mediterr\u00e1neo<\/a><\/li>\n<li data-start=\"1854\" data-end=\"1909\"><a href=\"https:\/\/www.inspirealtea.com\/es\/yoga-en-altea-un-nuevo-fenomeno-por-el-mediterraneo\/\">Yoga en Altea<\/a><\/li>\n<\/ul>\n<p data-start=\"1854\" data-end=\"1909\"><em>Eche un vistazo a la experiencia en <a href=\"https:\/\/www.linkalicante.com\/senderismo-yoga-alicante\/\">blogs locales<\/a>\u00a0<\/em><\/p>","protected":false},"excerpt":{"rendered":"<p data-start=\"1358\" data-end=\"1552\">Una experiencia de senderismo, yoga y tapas en Altea que combina rutas naturales, yoga al aire libre y aut\u00e9ntica cocina local, perfecta para viajeros conscientes que buscan bienestar en la Costa Blanca.<\/p>","protected":false},"featured_media":61,"comment_status":"open","ping_status":"closed","template":"","meta":{"nf_dc_page":"","om_disable_all_campaigns":false,"_monsterinsights_skip_tracking":false,"_monsterinsights_sitenote_active":false,"_monsterinsights_sitenote_note":"","_monsterinsights_sitenote_category":0,"_uf_show_specific_survey":0,"_uf_disable_surveys":false,"jetpack_post_was_ever_published":false,"jetpack_publicize_message":"","jetpack_publicize_feature_enabled":true,"jetpack_social_post_already_shared":false,"jetpack_social_options":{"image_generator_settings":{"template":"highway","default_image_id":0,"font":"","enabled":false},"version":2}},"product_brand":[35],"product_cat":[33,24],"product_tag":[142,124,137,132,140,136,141,28,135,134,139,133],"class_list":{"0":"post-726","1":"product","2":"type-product","3":"status-publish","4":"has-post-thumbnail","6":"product_brand-inspire-altea","7":"product_cat-hiking-nature-experiences","8":"product_cat-wellbeing-experiences","9":"product_tag-altea","10":"product_tag-altea-wellness","11":"product_tag-costa-blanca","12":"product_tag-hiking-in-altea","13":"product_tag-local-food-experience","14":"product_tag-mindful-hiking","15":"product_tag-nature-retreat","16":"product_tag-outdoor-yoga","17":"product_tag-spain","18":"product_tag-tapas-experience","19":"product_tag-travel-spain","20":"product_tag-yoga-in-nature","22":"first","23":"instock","24":"virtual","25":"purchasable","26":"product-type-simple"},"yoast_head":"<!-- This site is optimized with the Yoast SEO Premium plugin v27.3 (Yoast SEO v27.4) - https:\/\/yoast.com\/product\/yoast-seo-premium-wordpress\/ -->\n<title>Hiking Yoga Tapas Altea | Mindful Outdoor Experience<\/title>\n<meta name=\"description\" content=\"Join a mindful hike near Altea that combines yoga, nature, and local tapas. A unique experience blending movement, meditation, and Mediterranean flavour.\" \/>\n<meta name=\"robots\" content=\"index, follow, max-snippet:-1, max-image-preview:large, max-video-preview:-1\" \/>\n<link rel=\"canonical\" href=\"https:\/\/www.inspirealtea.com\/es\/experiencias\/senderismo-yoga-tapas-altea\/\" \/>\n<meta property=\"og:locale\" content=\"es_ES\" \/>\n<meta property=\"og:type\" content=\"article\" \/>\n<meta property=\"og:title\" content=\"Mindful Hiking Yoga Tapas Experience in Altea\" \/>\n<meta property=\"og:description\" content=\"A mindful hiking yoga tapas experience in Altea combining scenic nature trails, outdoor yoga, and authentic local cuisine \u2014 perfect for conscious travellers seeking wellness in the Costa Blanca.\" \/>\n<meta property=\"og:url\" content=\"https:\/\/www.inspirealtea.com\/es\/experiencias\/senderismo-yoga-tapas-altea\/\" \/>\n<meta property=\"og:site_name\" content=\"Yoga, Ayurveda and Hiking | Inspire Altea\" \/>\n<meta property=\"article:publisher\" content=\"https:\/\/www.facebook.com\/yogaayurveda.altea\" \/>\n<meta property=\"article:modified_time\" content=\"2026-04-02T13:37:01+00:00\" \/>\n<meta property=\"og:image\" content=\"https:\/\/www.inspirealtea.com\/wp-content\/uploads\/2025\/10\/Hike-1.webp\" \/>\n\t<meta property=\"og:image:width\" content=\"354\" \/>\n\t<meta property=\"og:image:height\" content=\"521\" \/>\n\t<meta property=\"og:image:type\" content=\"image\/webp\" \/>\n<meta name=\"twitter:card\" content=\"summary_large_image\" \/>\n<meta name=\"twitter:title\" content=\"Hiking, Yoga &amp; Tapas Altea\" \/>\n<meta name=\"twitter:label1\" content=\"Tiempo de lectura\" \/>\n\t<meta name=\"twitter:data1\" content=\"2 minutos\" \/>\n<!-- \/ Yoast SEO Premium plugin. -->","yoast_head_json":{"title":"Senderismo Yoga Tapas Altea | Mindful Outdoor Experience","description":"\u00danase a una caminata consciente cerca de Altea que combina yoga, naturaleza y tapas locales. Una experiencia \u00fanica que combina movimiento, meditaci\u00f3n y sabor mediterr\u00e1neo.","robots":{"index":"index","follow":"follow","max-snippet":"max-snippet:-1","max-image-preview":"max-image-preview:large","max-video-preview":"max-video-preview:-1"},"canonical":"https:\/\/www.inspirealtea.com\/es\/experiencias\/senderismo-yoga-tapas-altea\/","og_locale":"es_ES","og_type":"article","og_title":"Mindful Hiking Yoga Tapas Experience in Altea","og_description":"A mindful hiking yoga tapas experience in Altea combining scenic nature trails, outdoor yoga, and authentic local cuisine \u2014 perfect for conscious travellers seeking wellness in the Costa Blanca.","og_url":"https:\/\/www.inspirealtea.com\/es\/experiencias\/senderismo-yoga-tapas-altea\/","og_site_name":"Yoga, Ayurveda and Hiking | Inspire Altea","article_publisher":"https:\/\/www.facebook.com\/yogaayurveda.altea","article_modified_time":"2026-04-02T13:37:01+00:00","og_image":[{"width":354,"height":521,"url":"https:\/\/www.inspirealtea.com\/wp-content\/uploads\/2025\/10\/Hike-1.webp","type":"image\/webp"}],"twitter_card":"summary_large_image","twitter_title":"Hiking, Yoga & Tapas Altea","twitter_misc":{"Tiempo de lectura":"2 minutos"},"schema":{"@context":"https:\/\/schema.org","@graph":[{"@type":"WebPage","@id":"https:\/\/www.inspirealtea.com\/experiences\/hiking-yoga-tapas-altea\/","url":"https:\/\/www.inspirealtea.com\/experiences\/hiking-yoga-tapas-altea\/","name":"Senderismo Yoga Tapas Altea | Mindful Outdoor Experience","isPartOf":{"@id":"https:\/\/www.inspirealtea.com\/#website"},"primaryImageOfPage":{"@id":"https:\/\/www.inspirealtea.com\/experiences\/hiking-yoga-tapas-altea\/#primaryimage"},"image":{"@id":"https:\/\/www.inspirealtea.com\/experiences\/hiking-yoga-tapas-altea\/#primaryimage"},"thumbnailUrl":"https:\/\/i0.wp.com\/www.inspirealtea.com\/wp-content\/uploads\/2025\/10\/Hike-1.webp?fit=354%2C521&ssl=1","datePublished":"2025-11-01T16:23:37+00:00","dateModified":"2026-04-02T13:37:01+00:00","description":"\u00danase a una caminata consciente cerca de Altea que combina yoga, naturaleza y tapas locales. Una experiencia \u00fanica que combina movimiento, meditaci\u00f3n y sabor mediterr\u00e1neo.","breadcrumb":{"@id":"https:\/\/www.inspirealtea.com\/experiences\/hiking-yoga-tapas-altea\/#breadcrumb"},"inLanguage":"es","potentialAction":[{"@type":"ReadAction","target":["https:\/\/www.inspirealtea.com\/experiences\/hiking-yoga-tapas-altea\/"]}]},{"@type":"ImageObject","inLanguage":"es","@id":"https:\/\/www.inspirealtea.com\/experiences\/hiking-yoga-tapas-altea\/#primaryimage","url":"https:\/\/i0.wp.com\/www.inspirealtea.com\/wp-content\/uploads\/2025\/10\/Hike-1.webp?fit=354%2C521&ssl=1","contentUrl":"https:\/\/i0.wp.com\/www.inspirealtea.com\/wp-content\/uploads\/2025\/10\/Hike-1.webp?fit=354%2C521&ssl=1","width":354,"height":521,"caption":"Connecting body and breath through nature walks and yoga practice in Altea."},{"@type":"BreadcrumbList","@id":"https:\/\/www.inspirealtea.com\/experiences\/hiking-yoga-tapas-altea\/#breadcrumb","itemListElement":[{"@type":"ListItem","position":1,"name":"Home","item":"https:\/\/www.inspirealtea.com\/"},{"@type":"ListItem","position":2,"name":"Experiences","item":"https:\/\/www.inspirealtea.com\/experiences\/"},{"@type":"ListItem","position":3,"name":"Wellbeing experiences","item":"https:\/\/www.inspirealtea.com\/product-category\/wellbeing-experiences\/"},{"@type":"ListItem","position":4,"name":"Hiking &amp; Nature Experiences","item":"https:\/\/www.inspirealtea.com\/product-category\/wellbeing-experiences\/hiking-nature-experiences\/"},{"@type":"ListItem","position":5,"name":"Hiking, Yoga &#038; Tapas Altea"}]},{"@type":"WebSite","@id":"https:\/\/www.inspirealtea.com\/#website","url":"https:\/\/www.inspirealtea.com\/","name":"Yoga, Ayurveda y Senderismo | Inspire Altea","description":"Explora tus l\u00edmites con el Yoga, el Ayurveda y el Senderismo en Altea, Alicante \u2014 un santuario para el bienestar junto al Mediterr\u00e1neo.","publisher":{"@id":"https:\/\/www.inspirealtea.com\/#organization"},"alternateName":"Inspire Altea \u2013 Yoga, Ayurveda & Hiking","potentialAction":[{"@type":"SearchAction","target":{"@type":"EntryPoint","urlTemplate":"https:\/\/www.inspirealtea.com\/?s={search_term_string}"},"query-input":{"@type":"PropertyValueSpecification","valueRequired":true,"valueName":"search_term_string"}}],"inLanguage":"es"},{"@type":"Organization","@id":"https:\/\/www.inspirealtea.com\/#organization","name":"Yoga, Ayurveda y Senderismo | Inspire Altea","alternateName":"IA Yoga Ayurveda Hike","url":"https:\/\/www.inspirealtea.com\/","logo":{"@type":"ImageObject","inLanguage":"es","@id":"https:\/\/www.inspirealtea.com\/#\/schema\/logo\/image\/","url":"https:\/\/i0.wp.com\/www.inspirealtea.com\/wp-content\/uploads\/2025\/10\/Logo-Inspire-Altea.png?fit=1024%2C1024&ssl=1","contentUrl":"https:\/\/i0.wp.com\/www.inspirealtea.com\/wp-content\/uploads\/2025\/10\/Logo-Inspire-Altea.png?fit=1024%2C1024&ssl=1","width":1024,"height":1024,"caption":"Yoga, Ayurveda and Hiking | Inspire Altea"},"image":{"@id":"https:\/\/www.inspirealtea.com\/#\/schema\/logo\/image\/"},"sameAs":["https:\/\/www.facebook.com\/yogaayurveda.altea","https:\/\/www.instagram.com\/inspirealtea\/","https:\/\/www.linkedin.com\/in\/sergio-cisneros-galea","https:\/\/www.youtube.com\/@inspirealtea","https:\/\/gravatar.com\/sergiocisnerosgalea"],"description":"Discover holistic wellbeing experiences in Altea that connect body, mind, and nature. From yoga and Ayurveda to guided hiking and personalized retreats \u2014 all designed to help you restore balance, vitality, and inner peace.","email":"inspirealtea@gmail.com","telephone":"+33 6 07 42 58 97","legalName":"Sergio Cisneros Galea","foundingDate":"2019-11-11","numberOfEmployees":{"@type":"QuantitativeValue","minValue":"1","maxValue":"10"},"publishingPrinciples":"https:\/\/www.inspirealtea.com\/who-i-am\/"}]}},"jetpack_publicize_connections":[],"jetpack_sharing_enabled":true,"_links":{"self":[{"href":"https:\/\/www.inspirealtea.com\/es\/wp-json\/wp\/v2\/product\/726","targetHints":{"allow":["GET"]}}],"collection":[{"href":"https:\/\/www.inspirealtea.com\/es\/wp-json\/wp\/v2\/product"}],"about":[{"href":"https:\/\/www.inspirealtea.com\/es\/wp-json\/wp\/v2\/types\/product"}],"replies":[{"embeddable":true,"href":"https:\/\/www.inspirealtea.com\/es\/wp-json\/wp\/v2\/comments?post=726"}],"wp:featuredmedia":[{"embeddable":true,"href":"https:\/\/www.inspirealtea.com\/es\/wp-json\/wp\/v2\/media\/61"}],"wp:attachment":[{"href":"https:\/\/www.inspirealtea.com\/es\/wp-json\/wp\/v2\/media?parent=726"}],"wp:term":[{"taxonomy":"product_brand","embeddable":true,"href":"https:\/\/www.inspirealtea.com\/es\/wp-json\/wp\/v2\/product_brand?post=726"},{"taxonomy":"product_cat","embeddable":true,"href":"https:\/\/www.inspirealtea.com\/es\/wp-json\/wp\/v2\/product_cat?post=726"},{"taxonomy":"product_tag","embeddable":true,"href":"https:\/\/www.inspirealtea.com\/es\/wp-json\/wp\/v2\/product_tag?post=726"}],"curies":[{"name":"wp","href":"https:\/\/api.w.org\/{rel}","templated":true}]}}