{"id":577,"date":"2025-10-31T13:28:39","date_gmt":"2025-10-31T11:28:39","guid":{"rendered":"https:\/\/www.inspirealtea.com\/product\/indian-foot-reflexology\/"},"modified":"2026-04-02T14:33:14","modified_gmt":"2026-04-02T13:33:14","slug":"reflexologia-podal-india","status":"publish","type":"product","link":"https:\/\/www.inspirealtea.com\/es\/experiences\/indian-foot-reflexology\/","title":{"rendered":"Reflexolog\u00eda podal india"},"content":{"rendered":"<h3 data-start=\"539\" data-end=\"575\">Reflexolog\u00eda podal india en Altea<\/h3>\n<p data-start=\"576\" data-end=\"824\">Reconecta con tu cuerpo desde la base con <strong data-start=\"625\" data-end=\"661\">Reflexolog\u00eda podal india en Altea<\/strong>, una terapia ayurv\u00e9dica profundamente reparadora que trabaja a trav\u00e9s de los pies, la base del equilibrio, la estabilidad y el flujo de energ\u00eda.<\/p>\n<p data-start=\"826\" data-end=\"1121\">Utilizando <strong data-start=\"832\" data-end=\"872\">presi\u00f3n suave en los puntos reflejos clave<\/strong> (relacionados con los \u00f3rganos internos y los sistemas corporales) y <strong data-start=\"922\" data-end=\"942\">aceites de hierbas calientes<\/strong>, Este tratamiento favorece la circulaci\u00f3n, estimula la desintoxicaci\u00f3n y ayuda al sistema nervioso a pasar del \u201cmodo estr\u00e9s\u201d a la relajaci\u00f3n profunda.<\/p>\n<h3 data-start=\"1123\" data-end=\"1145\">Por qu\u00e9 le gusta a la gente<\/h3>\n<p data-start=\"1146\" data-end=\"1196\">La reflexolog\u00eda podal india es ideal cuando se desea:<\/p>\n<ul data-start=\"1197\" data-end=\"1437\">\n<li data-start=\"1197\" data-end=\"1264\">\n<p data-start=\"1199\" data-end=\"1264\">Liberar la fatiga f\u00edsica despu\u00e9s de excursiones, viajes o semanas intensas<\/p>\n<\/li>\n<li data-start=\"1265\" data-end=\"1300\">\n<p data-start=\"1267\" data-end=\"1300\">Calmar la mente y reducir el estr\u00e9s<\/p>\n<\/li>\n<li data-start=\"1301\" data-end=\"1348\">\n<p data-start=\"1303\" data-end=\"1348\">Sentirse con los pies en la tierra, centrado y mentalmente despejado<\/p>\n<\/li>\n<li data-start=\"1349\" data-end=\"1437\">\n<p data-start=\"1351\" data-end=\"1437\">Favorece un sue\u00f1o m\u00e1s reparador y el bienestar general<\/p>\n<\/li>\n<\/ul>\n<h3 data-start=\"1439\" data-end=\"1473\">Qu\u00e9 esperar de su sesi\u00f3n<\/h3>\n<p data-start=\"1474\" data-end=\"1635\">Su profesional adapta la presi\u00f3n y el ritmo a sus necesidades, creando una experiencia personalizada en un entorno tranquilo y acogedor en Altea. Normalmente sentir\u00e1s:<\/p>\n<ul data-start=\"1636\" data-end=\"1868\">\n<li data-start=\"1636\" data-end=\"1678\">\n<p data-start=\"1638\" data-end=\"1678\">Una \u201cdesconexi\u00f3n\u201d gradual del ruido mental<\/p>\n<\/li>\n<li data-start=\"1679\" data-end=\"1727\">\n<p data-start=\"1681\" data-end=\"1727\">Calor y circulaci\u00f3n por pies y piernas<\/p>\n<\/li>\n<li data-start=\"1728\" data-end=\"1780\">\n<p data-start=\"1730\" data-end=\"1780\">Sensaci\u00f3n de ligereza y equilibrio en todo el cuerpo<\/p>\n<\/li>\n<li data-start=\"1781\" data-end=\"1868\">\n<p data-start=\"1783\" data-end=\"1868\">Una base m\u00e1s tranquila que perdura m\u00e1s all\u00e1 de la sesi\u00f3n<\/p>\n<\/li>\n<\/ul>\n<h3 data-start=\"1870\" data-end=\"1886\">A qui\u00e9n va dirigido<\/h3>\n<p data-start=\"1887\" data-end=\"1904\">Genial si lo eres:<\/p>\n<ul data-start=\"1905\" data-end=\"2176\">\n<li data-start=\"1905\" data-end=\"1969\">\n<p data-start=\"1907\" data-end=\"1969\">Activo (senderismo, yoga, ciclismo) y desea recuperaci\u00f3n + conexi\u00f3n a tierra<\/p>\n<\/li>\n<li data-start=\"1970\" data-end=\"2029\">\n<p data-start=\"1972\" data-end=\"2029\">De visita en la Costa Blanca y necesita restablecer su sistema nervioso<\/p>\n<\/li>\n<li data-start=\"2030\" data-end=\"2085\">\n<p data-start=\"2032\" data-end=\"2085\">Est\u00e1 mucho tiempo sentado\/de pie y necesita apoyo circulatorio<\/p>\n<\/li>\n<li data-start=\"2086\" data-end=\"2176\">\n<p data-start=\"2088\" data-end=\"2176\">Buscando un tratamiento suave y no invasivo <a href=\"https:\/\/www.inspirealtea.com\/es\/ayurveda-en-altea\/\">Tratamientos<\/a> tratamiento<\/p>\n<\/li>\n<\/ul>\n<h3 data-start=\"2178\" data-end=\"2242\">Recomendaciones complementarias<\/h3>\n<p data-start=\"2243\" data-end=\"2276\">Para un restablecimiento m\u00e1s completo, comb\u00ednalo con:<\/p>\n<ul data-start=\"2277\" data-end=\"2577\">\n<li data-start=\"2277\" data-end=\"2352\">\n<p data-start=\"2279\" data-end=\"2352\"><strong data-start=\"2279\" data-end=\"2326\"><a href=\"https:\/\/www.inspirealtea.com\/es\/experiencias\/masaje-celestial\/\">Masaje Celestial<\/a> (terapia de aceite para cabeza y cara)<\/strong> para un equilibrio de pies a cabeza<\/p>\n<\/li>\n<li data-start=\"2353\" data-end=\"2418\">\n<p data-start=\"2355\" data-end=\"2418\"><a href=\"https:\/\/www.inspirealtea.com\/es\/experiencias\/masaje-corporal-completo-abhyangam\/\"><strong data-start=\"2355\" data-end=\"2386\">Masaje corporal completo Abhyangam<\/strong><\/a> para una relajaci\u00f3n profunda de todo el cuerpo<\/p>\n<\/li>\n<li data-start=\"2419\" data-end=\"2490\">\n<p data-start=\"2421\" data-end=\"2490\"><a href=\"https:\/\/www.inspirealtea.com\/es\/experiencias\/consulta-ayurveda-altea\/\"><strong data-start=\"2421\" data-end=\"2453\">Consulta individual de Ayurveda<\/strong><\/a> para personalizar su plan de bienestar<\/p>\n<\/li>\n<li data-start=\"2491\" data-end=\"2577\">\n<p data-start=\"2493\" data-end=\"2577\">O explore todo <a href=\"https:\/\/www.inspirealtea.com\/es\/ayurveda-en-altea\/masaje\/\"><strong data-start=\"2508\" data-end=\"2539\">Masajes ayurv\u00e9dicos en Altea<\/strong><\/a><\/p>\n<\/li>\n<\/ul>\n<hr data-start=\"2702\" data-end=\"2705\" \/>\n<h2 data-start=\"2707\" data-end=\"2745\">Preguntas frecuentes<\/h2>\n<ol data-start=\"2746\" data-end=\"3663\">\n<li data-start=\"2746\" data-end=\"2936\">\n<p data-start=\"2749\" data-end=\"2936\"><strong data-start=\"2749\" data-end=\"2785\">\u00bfQu\u00e9 es la reflexolog\u00eda podal india?<\/strong><br data-start=\"2785\" data-end=\"2788\" \/>Es una terapia ayurv\u00e9dica de los pies que aplica una suave presi\u00f3n en los puntos reflejos conectados con los sistemas corporales, favoreciendo la relajaci\u00f3n y el equilibrio energ\u00e9tico.<\/p>\n<\/li>\n<li data-start=\"2938\" data-end=\"3052\">\n<p data-start=\"2941\" data-end=\"3052\"><strong data-start=\"2941\" data-end=\"2959\">\u00bfEs doloroso?<\/strong><br data-start=\"2959\" data-end=\"2962\" \/>La no-presi\u00f3n se adapta a su comodidad. Siempre puedes pedir un toque m\u00e1s ligero o m\u00e1s profundo.<\/p>\n<\/li>\n<li data-start=\"3054\" data-end=\"3172\">\n<p data-start=\"3057\" data-end=\"3172\"><strong data-start=\"3057\" data-end=\"3085\">\u00bfCu\u00e1nto dura la sesi\u00f3n?<\/strong><br data-start=\"3085\" data-end=\"3088\" \/>Suele durar unos 60 minutos (tambi\u00e9n puede solicitar una sesi\u00f3n m\u00e1s larga si est\u00e1 disponible).<\/p>\n<\/li>\n<li data-start=\"3174\" data-end=\"3347\">\n<p data-start=\"3177\" data-end=\"3347\"><strong data-start=\"3177\" data-end=\"3216\">\u00bfAyudar\u00e1 con el estr\u00e9s y el sue\u00f1o?<\/strong><br data-start=\"3216\" data-end=\"3219\" \/>Muchos clientes la eligen para calmar la mente, reducir el estr\u00e9s y favorecer un sue\u00f1o m\u00e1s reparador.<\/p>\n<\/li>\n<li data-start=\"3349\" data-end=\"3492\">\n<p data-start=\"3352\" data-end=\"3492\"><strong data-start=\"3352\" data-end=\"3386\">\u00bfTengo que preparar algo?<\/strong><br data-start=\"3386\" data-end=\"3389\" \/>S\u00f3lo tienes que llegar unos minutos antes y evitar una comida muy copiosa justo antes. Lleve ropa c\u00f3moda.<\/p>\n<\/li>\n<li data-start=\"3494\" data-end=\"3663\">\n<p data-start=\"3497\" data-end=\"3663\"><strong data-start=\"3497\" data-end=\"3539\">\u00bfPuedo combinarla con otra terapia?<\/strong><br data-start=\"3539\" data-end=\"3542\" \/>S\u00ed: las combinaciones m\u00e1s populares son el Masaje Celestial (cabeza\/cara) o el Abhyangam (cuerpo entero).<\/p>\n<\/li>\n<\/ol>\n<p data-start=\"2303\" data-end=\"2507\">Eche un vistazo al art\u00edculo : <a href=\"https:\/\/www.inspirealtea.com\/es\/yoga-al-aire-libre-mar-mediterraneo\/\">Yoga por el Mediterr\u00e1neo, una nueva dimensi\u00f3n de la pr\u00e1ctica.<\/a><\/p>\n<p data-start=\"2509\" data-end=\"2528\"><a href=\"https:\/\/www.inspirealtea.com\/es\/pongase-en-contacto-con\/\">Reserve su sesi\u00f3n<\/a><\/p>","protected":false},"excerpt":{"rendered":"<p data-start=\"1013\" data-end=\"1142\">Una terapia de pies ayurv\u00e9dica que utiliza puntos de presi\u00f3n para restablecer el equilibrio, mejorar la circulaci\u00f3n y relajar profundamente el cuerpo y la mente.<\/p>","protected":false},"featured_media":575,"comment_status":"open","ping_status":"closed","template":"","meta":{"nf_dc_page":"","om_disable_all_campaigns":false,"_monsterinsights_skip_tracking":false,"_monsterinsights_sitenote_active":false,"_monsterinsights_sitenote_note":"","_monsterinsights_sitenote_category":0,"_uf_show_specific_survey":0,"_uf_disable_surveys":false,"jetpack_post_was_ever_published":false,"jetpack_publicize_message":"","jetpack_publicize_feature_enabled":true,"jetpack_social_post_already_shared":false,"jetpack_social_options":{"image_generator_settings":{"template":"highway","default_image_id":0,"font":"","enabled":false},"version":2}},"product_brand":[35],"product_cat":[32,90,24],"product_tag":[414,416,103,419,417,413,421,415,420,418],"class_list":{"0":"post-577","1":"product","2":"type-product","3":"status-publish","4":"has-post-thumbnail","6":"product_brand-inspire-altea","7":"product_cat-ayurveda-therapies","8":"product_cat-massage-altea","9":"product_cat-wellbeing-experiences","10":"product_tag-ayurvedic-foot-massage","11":"product_tag-costa-blanca-wellness","12":"product_tag-energy-balance","13":"product_tag-grounding-therapy","14":"product_tag-holistic-massage","15":"product_tag-indian-foot-reflexology","16":"product_tag-natural-healing","17":"product_tag-reflexology-altea","18":"product_tag-relaxation-massage","19":"product_tag-stress-relief-therapy","21":"first","22":"instock","23":"virtual","24":"purchasable","25":"product-type-simple"},"yoast_head":"<!-- This site is optimized with the Yoast SEO Premium plugin v27.3 (Yoast SEO v27.4) - https:\/\/yoast.com\/product\/yoast-seo-premium-wordpress\/ -->\n<title>Indian Foot Reflexology in Altea | Ayurvedic Foot Therapy<\/title>\n<meta name=\"description\" content=\"Discover Indian Foot Reflexology in Altea \u2014 a relaxing Ayurvedic foot massage that stimulates energy points, improves circulation, and restores balance.\" \/>\n<meta name=\"robots\" content=\"index, follow, max-snippet:-1, max-image-preview:large, max-video-preview:-1\" \/>\n<link rel=\"canonical\" href=\"https:\/\/www.inspirealtea.com\/es\/experiencias\/reflexologia-podal-india\/\" \/>\n<meta property=\"og:locale\" content=\"es_ES\" \/>\n<meta property=\"og:type\" content=\"article\" \/>\n<meta property=\"og:title\" content=\"Indian Foot Reflexology\" \/>\n<meta property=\"og:description\" content=\"Discover Indian Foot Reflexology in Altea \u2014 a relaxing Ayurvedic foot massage that stimulates energy points, improves circulation, and restores balance.\" \/>\n<meta property=\"og:url\" content=\"https:\/\/www.inspirealtea.com\/es\/experiencias\/reflexologia-podal-india\/\" \/>\n<meta property=\"og:site_name\" content=\"Yoga, Ayurveda and Hiking | Inspire Altea\" \/>\n<meta property=\"article:publisher\" content=\"https:\/\/www.facebook.com\/yogaayurveda.altea\" \/>\n<meta property=\"article:modified_time\" content=\"2026-04-02T13:33:14+00:00\" \/>\n<meta property=\"og:image\" content=\"https:\/\/www.inspirealtea.com\/wp-content\/uploads\/2025\/10\/massage-5.webp\" \/>\n\t<meta property=\"og:image:width\" content=\"1200\" \/>\n\t<meta property=\"og:image:height\" content=\"1800\" \/>\n\t<meta property=\"og:image:type\" content=\"image\/webp\" \/>\n<meta name=\"twitter:card\" content=\"summary_large_image\" \/>\n<meta name=\"twitter:label1\" content=\"Tiempo de lectura\" \/>\n\t<meta name=\"twitter:data1\" content=\"2 minutos\" \/>\n<!-- \/ Yoast SEO Premium plugin. -->","yoast_head_json":{"title":"Reflexolog\u00eda podal india en Altea | Terapia podal ayurv\u00e9dica","description":"Descubra la reflexolog\u00eda podal india en Altea: un relajante masaje ayurv\u00e9dico de pies que estimula los puntos energ\u00e9ticos, mejora la circulaci\u00f3n y restablece el equilibrio.","robots":{"index":"index","follow":"follow","max-snippet":"max-snippet:-1","max-image-preview":"max-image-preview:large","max-video-preview":"max-video-preview:-1"},"canonical":"https:\/\/www.inspirealtea.com\/es\/experiencias\/reflexologia-podal-india\/","og_locale":"es_ES","og_type":"article","og_title":"Indian Foot Reflexology","og_description":"Discover Indian Foot Reflexology in Altea \u2014 a relaxing Ayurvedic foot massage that stimulates energy points, improves circulation, and restores balance.","og_url":"https:\/\/www.inspirealtea.com\/es\/experiencias\/reflexologia-podal-india\/","og_site_name":"Yoga, Ayurveda and Hiking | Inspire Altea","article_publisher":"https:\/\/www.facebook.com\/yogaayurveda.altea","article_modified_time":"2026-04-02T13:33:14+00:00","og_image":[{"width":1200,"height":1800,"url":"https:\/\/www.inspirealtea.com\/wp-content\/uploads\/2025\/10\/massage-5.webp","type":"image\/webp"}],"twitter_card":"summary_large_image","twitter_misc":{"Tiempo de lectura":"2 minutos"},"schema":{"@context":"https:\/\/schema.org","@graph":[{"@type":"WebPage","@id":"https:\/\/www.inspirealtea.com\/experiences\/indian-foot-reflexology\/","url":"https:\/\/www.inspirealtea.com\/experiences\/indian-foot-reflexology\/","name":"Reflexolog\u00eda podal india en Altea | Terapia podal ayurv\u00e9dica","isPartOf":{"@id":"https:\/\/www.inspirealtea.com\/#website"},"primaryImageOfPage":{"@id":"https:\/\/www.inspirealtea.com\/experiences\/indian-foot-reflexology\/#primaryimage"},"image":{"@id":"https:\/\/www.inspirealtea.com\/experiences\/indian-foot-reflexology\/#primaryimage"},"thumbnailUrl":"https:\/\/i0.wp.com\/www.inspirealtea.com\/wp-content\/uploads\/2025\/10\/massage-5.webp?fit=1200%2C1800&ssl=1","datePublished":"2025-10-31T11:28:39+00:00","dateModified":"2026-04-02T13:33:14+00:00","description":"Descubra la reflexolog\u00eda podal india en Altea: un relajante masaje ayurv\u00e9dico de pies que estimula los puntos energ\u00e9ticos, mejora la circulaci\u00f3n y restablece el equilibrio.","breadcrumb":{"@id":"https:\/\/www.inspirealtea.com\/experiences\/indian-foot-reflexology\/#breadcrumb"},"inLanguage":"es","potentialAction":[{"@type":"ReadAction","target":["https:\/\/www.inspirealtea.com\/experiences\/indian-foot-reflexology\/"]}]},{"@type":"ImageObject","inLanguage":"es","@id":"https:\/\/www.inspirealtea.com\/experiences\/indian-foot-reflexology\/#primaryimage","url":"https:\/\/i0.wp.com\/www.inspirealtea.com\/wp-content\/uploads\/2025\/10\/massage-5.webp?fit=1200%2C1800&ssl=1","contentUrl":"https:\/\/i0.wp.com\/www.inspirealtea.com\/wp-content\/uploads\/2025\/10\/massage-5.webp?fit=1200%2C1800&ssl=1","width":1200,"height":1800,"caption":"Ayurvedic foot massage stimulating energy points to restore balance and relaxation."},{"@type":"BreadcrumbList","@id":"https:\/\/www.inspirealtea.com\/experiences\/indian-foot-reflexology\/#breadcrumb","itemListElement":[{"@type":"ListItem","position":1,"name":"Home","item":"https:\/\/www.inspirealtea.com\/"},{"@type":"ListItem","position":2,"name":"Experiences","item":"https:\/\/www.inspirealtea.com\/experiences\/"},{"@type":"ListItem","position":3,"name":"Wellbeing experiences","item":"https:\/\/www.inspirealtea.com\/product-category\/wellbeing-experiences\/"},{"@type":"ListItem","position":4,"name":"Ayurveda Therapies","item":"https:\/\/www.inspirealtea.com\/product-category\/wellbeing-experiences\/ayurveda-therapies\/"},{"@type":"ListItem","position":5,"name":"massage","item":"https:\/\/www.inspirealtea.com\/product-category\/wellbeing-experiences\/ayurveda-therapies\/massage-altea\/"},{"@type":"ListItem","position":6,"name":"Indian Foot Reflexology"}]},{"@type":"WebSite","@id":"https:\/\/www.inspirealtea.com\/#website","url":"https:\/\/www.inspirealtea.com\/","name":"Yoga, Ayurveda y Senderismo | Inspire Altea","description":"Explora tus l\u00edmites con el Yoga, el Ayurveda y el Senderismo en Altea, Alicante \u2014 un santuario para el bienestar junto al Mediterr\u00e1neo.","publisher":{"@id":"https:\/\/www.inspirealtea.com\/#organization"},"alternateName":"Inspire Altea \u2013 Yoga, Ayurveda & Hiking","potentialAction":[{"@type":"SearchAction","target":{"@type":"EntryPoint","urlTemplate":"https:\/\/www.inspirealtea.com\/?s={search_term_string}"},"query-input":{"@type":"PropertyValueSpecification","valueRequired":true,"valueName":"search_term_string"}}],"inLanguage":"es"},{"@type":"Organization","@id":"https:\/\/www.inspirealtea.com\/#organization","name":"Yoga, Ayurveda y Senderismo | Inspire Altea","alternateName":"IA Yoga Ayurveda Hike","url":"https:\/\/www.inspirealtea.com\/","logo":{"@type":"ImageObject","inLanguage":"es","@id":"https:\/\/www.inspirealtea.com\/#\/schema\/logo\/image\/","url":"https:\/\/i0.wp.com\/www.inspirealtea.com\/wp-content\/uploads\/2025\/10\/Logo-Inspire-Altea.png?fit=1024%2C1024&ssl=1","contentUrl":"https:\/\/i0.wp.com\/www.inspirealtea.com\/wp-content\/uploads\/2025\/10\/Logo-Inspire-Altea.png?fit=1024%2C1024&ssl=1","width":1024,"height":1024,"caption":"Yoga, Ayurveda and Hiking | Inspire Altea"},"image":{"@id":"https:\/\/www.inspirealtea.com\/#\/schema\/logo\/image\/"},"sameAs":["https:\/\/www.facebook.com\/yogaayurveda.altea","https:\/\/www.instagram.com\/inspirealtea\/","https:\/\/www.linkedin.com\/in\/sergio-cisneros-galea","https:\/\/www.youtube.com\/@inspirealtea","https:\/\/gravatar.com\/sergiocisnerosgalea"],"description":"Discover holistic wellbeing experiences in Altea that connect body, mind, and nature. From yoga and Ayurveda to guided hiking and personalized retreats \u2014 all designed to help you restore balance, vitality, and inner peace.","email":"inspirealtea@gmail.com","telephone":"+33 6 07 42 58 97","legalName":"Sergio Cisneros Galea","foundingDate":"2019-11-11","numberOfEmployees":{"@type":"QuantitativeValue","minValue":"1","maxValue":"10"},"publishingPrinciples":"https:\/\/www.inspirealtea.com\/who-i-am\/"}]}},"jetpack_publicize_connections":[],"jetpack_sharing_enabled":true,"_links":{"self":[{"href":"https:\/\/www.inspirealtea.com\/es\/wp-json\/wp\/v2\/product\/577","targetHints":{"allow":["GET"]}}],"collection":[{"href":"https:\/\/www.inspirealtea.com\/es\/wp-json\/wp\/v2\/product"}],"about":[{"href":"https:\/\/www.inspirealtea.com\/es\/wp-json\/wp\/v2\/types\/product"}],"replies":[{"embeddable":true,"href":"https:\/\/www.inspirealtea.com\/es\/wp-json\/wp\/v2\/comments?post=577"}],"wp:featuredmedia":[{"embeddable":true,"href":"https:\/\/www.inspirealtea.com\/es\/wp-json\/wp\/v2\/media\/575"}],"wp:attachment":[{"href":"https:\/\/www.inspirealtea.com\/es\/wp-json\/wp\/v2\/media?parent=577"}],"wp:term":[{"taxonomy":"product_brand","embeddable":true,"href":"https:\/\/www.inspirealtea.com\/es\/wp-json\/wp\/v2\/product_brand?post=577"},{"taxonomy":"product_cat","embeddable":true,"href":"https:\/\/www.inspirealtea.com\/es\/wp-json\/wp\/v2\/product_cat?post=577"},{"taxonomy":"product_tag","embeddable":true,"href":"https:\/\/www.inspirealtea.com\/es\/wp-json\/wp\/v2\/product_tag?post=577"}],"curies":[{"name":"wp","href":"https:\/\/api.w.org\/{rel}","templated":true}]}}