{"id":567,"date":"2025-10-31T13:23:17","date_gmt":"2025-10-31T11:23:17","guid":{"rendered":"https:\/\/www.inspirealtea.com\/product\/abhyangam-full-body-massage\/"},"modified":"2026-04-02T14:33:17","modified_gmt":"2026-04-02T13:33:17","slug":"masaje-corporal-completo-abhyangam","status":"publish","type":"product","link":"https:\/\/www.inspirealtea.com\/es\/experiences\/abhyangam-full-body-massage\/","title":{"rendered":"Masaje corporal completo Abhyangam"},"content":{"rendered":"<h2 data-start=\"1234\" data-end=\"1273\">Masaje corporal completo Abhyangam en Altea<\/h2>\n<p data-start=\"1275\" data-end=\"1397\">Experimente el masaje Abhyangam en Altea, una terapia ayurv\u00e9dica tradicional de cuerpo entero dise\u00f1ada para armonizar la mente y el cuerpo.<\/p>\n<p data-start=\"1399\" data-end=\"1484\">Este tratamiento profundamente relajante utiliza aceites vegetales calientes y movimientos r\u00edtmicos para:<\/p>\n<ul data-start=\"1486\" data-end=\"1607\">\n<li data-start=\"1486\" data-end=\"1515\">\n<p data-start=\"1488\" data-end=\"1515\">Mejorar la circulaci\u00f3n sangu\u00ednea<\/p>\n<\/li>\n<li data-start=\"1516\" data-end=\"1544\">\n<p data-start=\"1518\" data-end=\"1544\">Liberar la tensi\u00f3n muscular<\/p>\n<\/li>\n<li data-start=\"1545\" data-end=\"1579\">\n<p data-start=\"1547\" data-end=\"1579\">Favorece la desintoxicaci\u00f3n natural<\/p>\n<\/li>\n<li data-start=\"1580\" data-end=\"1607\">\n<p data-start=\"1582\" data-end=\"1607\">Promover el equilibrio general<\/p>\n<\/li>\n<\/ul>\n<p data-start=\"1609\" data-end=\"1731\">Cada movimiento trabaja intencionadamente para regular los ritmos internos del cuerpo al tiempo que fomenta una profunda sensaci\u00f3n de bienestar.<\/p>\n<hr data-start=\"1733\" data-end=\"1736\" \/>\n<h2 data-start=\"1738\" data-end=\"1771\">Ritual ayurv\u00e9dico reconstituyente<\/h2>\n<p data-start=\"1773\" data-end=\"1883\">Abhyangam es m\u00e1s que un masaje. Es un ritual hol\u00edstico que nutre tanto el sistema nervioso como la piel.<\/p>\n<p data-start=\"1885\" data-end=\"1931\">Los aceites calientes de hierbas penetran profundamente, ayudando a:<\/p>\n<ul data-start=\"1933\" data-end=\"2007\">\n<li data-start=\"1933\" data-end=\"1950\">\n<p data-start=\"1935\" data-end=\"1950\">Calmar la mente<\/p>\n<\/li>\n<li data-start=\"1951\" data-end=\"1968\">\n<p data-start=\"1953\" data-end=\"1968\">Reducir el estr\u00e9s<\/p>\n<\/li>\n<li data-start=\"1969\" data-end=\"1986\">\n<p data-start=\"1971\" data-end=\"1986\">Mejorar el sue\u00f1o<\/p>\n<\/li>\n<li data-start=\"1987\" data-end=\"2007\">\n<p data-start=\"1989\" data-end=\"2007\">Recuperar la vitalidad<\/p>\n<\/li>\n<\/ul>\n<p data-start=\"2009\" data-end=\"2087\">Esta terapia ayuda a quienes buscan relajaci\u00f3n, renovaci\u00f3n o equilibrio emocional.<\/p>\n<hr data-start=\"2089\" data-end=\"2092\" \/>\n<h2 data-start=\"2094\" data-end=\"2119\">A la medida de sus necesidades<\/h2>\n<p data-start=\"2121\" data-end=\"2237\">Cada sesi\u00f3n se adapta a sus objetivos personales de bienestar: alivio del estr\u00e9s, conexi\u00f3n a tierra o revitalizaci\u00f3n.<\/p>\n<p data-start=\"2239\" data-end=\"2320\">Disfrute de una experiencia tranquila y consciente inspirada en los principios atemporales del Ayurveda.<\/p>\n<hr data-start=\"2322\" data-end=\"2325\" \/>\n<h2 data-start=\"2327\" data-end=\"2345\">Detalles de la sesi\u00f3n<\/h2>\n<ul data-start=\"2347\" data-end=\"2438\">\n<li data-start=\"2347\" data-end=\"2377\">\n<p data-start=\"2349\" data-end=\"2377\">Masaje corporal con aceite caliente<\/p>\n<\/li>\n<li data-start=\"2378\" data-end=\"2403\">\n<p data-start=\"2380\" data-end=\"2403\">Enfoque personalizado<\/p>\n<\/li>\n<li data-start=\"2404\" data-end=\"2438\">\n<p data-start=\"2406\" data-end=\"2438\">Adecuado para todos los niveles de estr\u00e9s<\/p>\n<\/li>\n<\/ul>\n<hr data-start=\"2440\" data-end=\"2443\" \/>\n<h2 data-start=\"2445\" data-end=\"2478\">Contin\u00fae su viaje ayurv\u00e9dico<\/h2>\n<p data-start=\"2480\" data-end=\"2515\">Muchos hu\u00e9spedes combinan Abhyangam con:<\/p>\n<ul data-start=\"2517\" data-end=\"2633\">\n<li data-start=\"2517\" data-end=\"2538\">\n<p data-start=\"2519\" data-end=\"2538\"><a href=\"https:\/\/www.inspirealtea.com\/es\/experiencias\/masaje-celestial\/\">Masaje Celestial<\/a><\/p>\n<\/li>\n<li data-start=\"2539\" data-end=\"2566\">\n<p data-start=\"2541\" data-end=\"2566\"><a href=\"https:\/\/www.inspirealtea.com\/es\/experiencias\/reflexologia-podal-india\/\">Reflexolog\u00eda podal india<\/a><\/p>\n<\/li>\n<li data-start=\"2567\" data-end=\"2596\">\n<p data-start=\"2569\" data-end=\"2596\"><a href=\"https:\/\/www.inspirealtea.com\/es\/experiencias\/udwartana\/\">Terapia herbal Udwarthana<\/a><\/p>\n<\/li>\n<li data-start=\"2597\" data-end=\"2633\">\n<p data-start=\"2599\" data-end=\"2633\">A Personal <a href=\"https:\/\/www.inspirealtea.com\/es\/ayurveda-en-altea\/\">Ayurveda<\/a> <a href=\"https:\/\/www.inspirealtea.com\/es\/experiencias\/consulta-ayurveda-altea\/\">Consulta<\/a><\/p>\n<\/li>\n<\/ul>\n<hr data-start=\"2635\" data-end=\"2638\" \/>\n<h1 data-start=\"2640\" data-end=\"2648\">Preguntas frecuentes<\/h1>\n<p data-start=\"2650\" data-end=\"2740\"><strong data-start=\"2650\" data-end=\"2672\">\u00bfQu\u00e9 es el Abhyangam?<\/strong><br data-start=\"2672\" data-end=\"2675\" \/>Masaje ayurv\u00e9dico tradicional de todo el cuerpo con aceites de hierbas calientes.<\/p>\n<p data-start=\"2742\" data-end=\"2823\"><strong data-start=\"2742\" data-end=\"2758\">\u00bfSe utiliza aceite?<\/strong><br data-start=\"2758\" data-end=\"2761\" \/>S\u00ed, se aplican aceites vegetales calientes durante toda la sesi\u00f3n.<\/p>\n<p data-start=\"2825\" data-end=\"2901\"><strong data-start=\"2825\" data-end=\"2850\">\u00bfPuede ayudar a la desintoxicaci\u00f3n?<\/strong><br data-start=\"2850\" data-end=\"2853\" \/>S\u00ed. Abhyangam apoya los procesos naturales de desintoxicaci\u00f3n.<\/p>\n<p data-start=\"2903\" data-end=\"2988\"><strong data-start=\"2903\" data-end=\"2940\">\u00bfEs adecuado para aliviar el estr\u00e9s?<\/strong><br data-start=\"2940\" data-end=\"2943\" \/>Absolutamente. Ayuda a calmar el sistema nervioso.<\/p>\n<p data-start=\"2990\" data-end=\"3076\"><strong data-start=\"2990\" data-end=\"3029\">\u00bfNecesito tener experiencia en Ayurveda?<\/strong><br data-start=\"3029\" data-end=\"3032\" \/>No. El tratamiento es accesible a todo el mundo.<\/p>","protected":false},"excerpt":{"rendered":"<p data-start=\"165\" data-end=\"295\">Masaje ayurv\u00e9dico profundamente relajante de cuerpo entero con aceites calientes de hierbas para mejorar la circulaci\u00f3n, liberar tensiones y restablecer el equilibrio.<\/p>","protected":false},"featured_media":565,"comment_status":"open","ping_status":"closed","template":"","meta":{"nf_dc_page":"","om_disable_all_campaigns":false,"_monsterinsights_skip_tracking":false,"_monsterinsights_sitenote_active":false,"_monsterinsights_sitenote_note":"","_monsterinsights_sitenote_category":0,"_uf_show_specific_survey":0,"_uf_disable_surveys":false,"jetpack_post_was_ever_published":false,"jetpack_publicize_message":"","jetpack_publicize_feature_enabled":true,"jetpack_social_post_already_shared":false,"jetpack_social_options":{"image_generator_settings":{"template":"highway","default_image_id":0,"font":"","enabled":false},"version":2}},"product_brand":[35],"product_cat":[32,90,24],"product_tag":[409,410,406,127,411,404,412,94,405,97],"class_list":{"0":"post-567","1":"product","2":"type-product","3":"status-publish","4":"has-post-thumbnail","6":"product_brand-inspire-altea","7":"product_cat-ayurveda-therapies","8":"product_cat-massage-altea","9":"product_cat-wellbeing-experiences","10":"product_tag-abhyangam-massage","11":"product_tag-ayurvedic-full-body-massage","12":"product_tag-ayurvedic-treatments-altea","13":"product_tag-detox-massage","14":"product_tag-full-body-oil-therapy","15":"product_tag-holistic-massage-altea","16":"product_tag-natural-healing-massage","17":"product_tag-relaxation-therapy","18":"product_tag-stress-relief-massage","19":"product_tag-warm-oil-massage","21":"first","22":"instock","23":"virtual","24":"purchasable","25":"product-type-simple"},"yoast_head":"<!-- This site is optimized with the Yoast SEO Premium plugin v27.3 (Yoast SEO v27.4) - https:\/\/yoast.com\/product\/yoast-seo-premium-wordpress\/ -->\n<title>Abhyangam Full Body Massage in Altea | Ayurvedic Relaxation<\/title>\n<meta name=\"description\" content=\"Experience Abhyangam in Altea \u2014 a warm oil Ayurvedic full-body massage that relaxes muscles, supports detox, and restores mind-body balance.\" \/>\n<meta name=\"robots\" content=\"index, follow, max-snippet:-1, max-image-preview:large, max-video-preview:-1\" \/>\n<link rel=\"canonical\" href=\"https:\/\/www.inspirealtea.com\/es\/experiencias\/masaje-corporal-completo-abhyangam\/\" \/>\n<meta property=\"og:locale\" content=\"es_ES\" \/>\n<meta property=\"og:type\" content=\"article\" \/>\n<meta property=\"og:title\" content=\"Abhyangam Full Body Massage\" \/>\n<meta property=\"og:description\" content=\"Experience Abhyangam in Altea \u2014 a warm oil Ayurvedic full-body massage that relaxes muscles, supports detox, and restores mind-body balance.\" \/>\n<meta property=\"og:url\" content=\"https:\/\/www.inspirealtea.com\/es\/experiencias\/masaje-corporal-completo-abhyangam\/\" \/>\n<meta property=\"og:site_name\" content=\"Yoga, Ayurveda and Hiking | Inspire Altea\" \/>\n<meta property=\"article:publisher\" content=\"https:\/\/www.facebook.com\/yogaayurveda.altea\" \/>\n<meta property=\"article:modified_time\" content=\"2026-04-02T13:33:17+00:00\" \/>\n<meta property=\"og:image\" content=\"https:\/\/www.inspirealtea.com\/wp-content\/uploads\/2025\/10\/massage-2.webp\" \/>\n\t<meta property=\"og:image:width\" content=\"1200\" \/>\n\t<meta property=\"og:image:height\" content=\"1800\" \/>\n\t<meta property=\"og:image:type\" content=\"image\/webp\" \/>\n<meta name=\"twitter:card\" content=\"summary_large_image\" \/>\n<meta name=\"twitter:label1\" content=\"Tiempo de lectura\" \/>\n\t<meta name=\"twitter:data1\" content=\"2 minutos\" \/>\n<!-- \/ Yoast SEO Premium plugin. -->","yoast_head_json":{"title":"Masaje Corporal Completo Abhyangam en Altea | Relajaci\u00f3n Ayurv\u00e9dica","description":"Experimente el Abhyangam en Altea - un masaje ayurv\u00e9dico de cuerpo entero con aceite caliente que relaja los m\u00fasculos, ayuda a la desintoxicaci\u00f3n y restaura el equilibrio mente-cuerpo.","robots":{"index":"index","follow":"follow","max-snippet":"max-snippet:-1","max-image-preview":"max-image-preview:large","max-video-preview":"max-video-preview:-1"},"canonical":"https:\/\/www.inspirealtea.com\/es\/experiencias\/masaje-corporal-completo-abhyangam\/","og_locale":"es_ES","og_type":"article","og_title":"Abhyangam Full Body Massage","og_description":"Experience Abhyangam in Altea \u2014 a warm oil Ayurvedic full-body massage that relaxes muscles, supports detox, and restores mind-body balance.","og_url":"https:\/\/www.inspirealtea.com\/es\/experiencias\/masaje-corporal-completo-abhyangam\/","og_site_name":"Yoga, Ayurveda and Hiking | Inspire Altea","article_publisher":"https:\/\/www.facebook.com\/yogaayurveda.altea","article_modified_time":"2026-04-02T13:33:17+00:00","og_image":[{"width":1200,"height":1800,"url":"https:\/\/www.inspirealtea.com\/wp-content\/uploads\/2025\/10\/massage-2.webp","type":"image\/webp"}],"twitter_card":"summary_large_image","twitter_misc":{"Tiempo de lectura":"2 minutos"},"schema":{"@context":"https:\/\/schema.org","@graph":[{"@type":"WebPage","@id":"https:\/\/www.inspirealtea.com\/experiences\/abhyangam-full-body-massage\/","url":"https:\/\/www.inspirealtea.com\/experiences\/abhyangam-full-body-massage\/","name":"Masaje Corporal Completo Abhyangam en Altea | Relajaci\u00f3n Ayurv\u00e9dica","isPartOf":{"@id":"https:\/\/www.inspirealtea.com\/#website"},"primaryImageOfPage":{"@id":"https:\/\/www.inspirealtea.com\/experiences\/abhyangam-full-body-massage\/#primaryimage"},"image":{"@id":"https:\/\/www.inspirealtea.com\/experiences\/abhyangam-full-body-massage\/#primaryimage"},"thumbnailUrl":"https:\/\/i0.wp.com\/www.inspirealtea.com\/wp-content\/uploads\/2025\/10\/massage-2.webp?fit=1200%2C1800&ssl=1","datePublished":"2025-10-31T11:23:17+00:00","dateModified":"2026-04-02T13:33:17+00:00","description":"Experimente el Abhyangam en Altea - un masaje ayurv\u00e9dico de cuerpo entero con aceite caliente que relaja los m\u00fasculos, ayuda a la desintoxicaci\u00f3n y restaura el equilibrio mente-cuerpo.","breadcrumb":{"@id":"https:\/\/www.inspirealtea.com\/experiences\/abhyangam-full-body-massage\/#breadcrumb"},"inLanguage":"es","potentialAction":[{"@type":"ReadAction","target":["https:\/\/www.inspirealtea.com\/experiences\/abhyangam-full-body-massage\/"]}]},{"@type":"ImageObject","inLanguage":"es","@id":"https:\/\/www.inspirealtea.com\/experiences\/abhyangam-full-body-massage\/#primaryimage","url":"https:\/\/i0.wp.com\/www.inspirealtea.com\/wp-content\/uploads\/2025\/10\/massage-2.webp?fit=1200%2C1800&ssl=1","contentUrl":"https:\/\/i0.wp.com\/www.inspirealtea.com\/wp-content\/uploads\/2025\/10\/massage-2.webp?fit=1200%2C1800&ssl=1","width":1200,"height":1800,"caption":"Traditional Ayurvedic full body oil massage promoting relaxation and energy balance."},{"@type":"BreadcrumbList","@id":"https:\/\/www.inspirealtea.com\/experiences\/abhyangam-full-body-massage\/#breadcrumb","itemListElement":[{"@type":"ListItem","position":1,"name":"Home","item":"https:\/\/www.inspirealtea.com\/"},{"@type":"ListItem","position":2,"name":"Experiences","item":"https:\/\/www.inspirealtea.com\/experiences\/"},{"@type":"ListItem","position":3,"name":"Wellbeing experiences","item":"https:\/\/www.inspirealtea.com\/product-category\/wellbeing-experiences\/"},{"@type":"ListItem","position":4,"name":"Ayurveda Therapies","item":"https:\/\/www.inspirealtea.com\/product-category\/wellbeing-experiences\/ayurveda-therapies\/"},{"@type":"ListItem","position":5,"name":"massage","item":"https:\/\/www.inspirealtea.com\/product-category\/wellbeing-experiences\/ayurveda-therapies\/massage-altea\/"},{"@type":"ListItem","position":6,"name":"Abhyangam Full Body Massage"}]},{"@type":"WebSite","@id":"https:\/\/www.inspirealtea.com\/#website","url":"https:\/\/www.inspirealtea.com\/","name":"Yoga, Ayurveda y Senderismo | Inspire Altea","description":"Explora tus l\u00edmites con el Yoga, el Ayurveda y el Senderismo en Altea, Alicante \u2014 un santuario para el bienestar junto al Mediterr\u00e1neo.","publisher":{"@id":"https:\/\/www.inspirealtea.com\/#organization"},"alternateName":"Inspire Altea \u2013 Yoga, Ayurveda & Hiking","potentialAction":[{"@type":"SearchAction","target":{"@type":"EntryPoint","urlTemplate":"https:\/\/www.inspirealtea.com\/?s={search_term_string}"},"query-input":{"@type":"PropertyValueSpecification","valueRequired":true,"valueName":"search_term_string"}}],"inLanguage":"es"},{"@type":"Organization","@id":"https:\/\/www.inspirealtea.com\/#organization","name":"Yoga, Ayurveda y Senderismo | Inspire Altea","alternateName":"IA Yoga Ayurveda Hike","url":"https:\/\/www.inspirealtea.com\/","logo":{"@type":"ImageObject","inLanguage":"es","@id":"https:\/\/www.inspirealtea.com\/#\/schema\/logo\/image\/","url":"https:\/\/i0.wp.com\/www.inspirealtea.com\/wp-content\/uploads\/2025\/10\/Logo-Inspire-Altea.png?fit=1024%2C1024&ssl=1","contentUrl":"https:\/\/i0.wp.com\/www.inspirealtea.com\/wp-content\/uploads\/2025\/10\/Logo-Inspire-Altea.png?fit=1024%2C1024&ssl=1","width":1024,"height":1024,"caption":"Yoga, Ayurveda and Hiking | Inspire Altea"},"image":{"@id":"https:\/\/www.inspirealtea.com\/#\/schema\/logo\/image\/"},"sameAs":["https:\/\/www.facebook.com\/yogaayurveda.altea","https:\/\/www.instagram.com\/inspirealtea\/","https:\/\/www.linkedin.com\/in\/sergio-cisneros-galea","https:\/\/www.youtube.com\/@inspirealtea","https:\/\/gravatar.com\/sergiocisnerosgalea"],"description":"Discover holistic wellbeing experiences in Altea that connect body, mind, and nature. From yoga and Ayurveda to guided hiking and personalized retreats \u2014 all designed to help you restore balance, vitality, and inner peace.","email":"inspirealtea@gmail.com","telephone":"+33 6 07 42 58 97","legalName":"Sergio Cisneros Galea","foundingDate":"2019-11-11","numberOfEmployees":{"@type":"QuantitativeValue","minValue":"1","maxValue":"10"},"publishingPrinciples":"https:\/\/www.inspirealtea.com\/who-i-am\/"}]}},"jetpack_publicize_connections":[],"jetpack_sharing_enabled":true,"_links":{"self":[{"href":"https:\/\/www.inspirealtea.com\/es\/wp-json\/wp\/v2\/product\/567","targetHints":{"allow":["GET"]}}],"collection":[{"href":"https:\/\/www.inspirealtea.com\/es\/wp-json\/wp\/v2\/product"}],"about":[{"href":"https:\/\/www.inspirealtea.com\/es\/wp-json\/wp\/v2\/types\/product"}],"replies":[{"embeddable":true,"href":"https:\/\/www.inspirealtea.com\/es\/wp-json\/wp\/v2\/comments?post=567"}],"wp:featuredmedia":[{"embeddable":true,"href":"https:\/\/www.inspirealtea.com\/es\/wp-json\/wp\/v2\/media\/565"}],"wp:attachment":[{"href":"https:\/\/www.inspirealtea.com\/es\/wp-json\/wp\/v2\/media?parent=567"}],"wp:term":[{"taxonomy":"product_brand","embeddable":true,"href":"https:\/\/www.inspirealtea.com\/es\/wp-json\/wp\/v2\/product_brand?post=567"},{"taxonomy":"product_cat","embeddable":true,"href":"https:\/\/www.inspirealtea.com\/es\/wp-json\/wp\/v2\/product_cat?post=567"},{"taxonomy":"product_tag","embeddable":true,"href":"https:\/\/www.inspirealtea.com\/es\/wp-json\/wp\/v2\/product_tag?post=567"}],"curies":[{"name":"wp","href":"https:\/\/api.w.org\/{rel}","templated":true}]}}