{"id":338,"date":"2025-10-28T10:22:13","date_gmt":"2025-10-28T09:22:13","guid":{"rendered":"https:\/\/www.inspirealtea.com\/?post_type=product&#038;p=338"},"modified":"2026-04-02T14:41:19","modified_gmt":"2026-04-02T13:41:19","slug":"consulta-ayurveda-altea","status":"publish","type":"product","link":"https:\/\/www.inspirealtea.com\/es\/experiences\/ayurveda-consultation-altea\/","title":{"rendered":"Consulta individual de Ayurveda en Altea"},"content":{"rendered":"<p data-start=\"1278\" data-end=\"1430\">Esta consulta de Ayurveda en Altea ofrece un enfoque personalizado para entender su tipo de dosha, restaurar el equilibrio y mejorar el bienestar general.<\/p>\n<p data-start=\"989\" data-end=\"1164\">En busca de un <strong data-start=\"1003\" data-end=\"1050\">personalizado <\/strong><strong data-start=\"1003\" data-end=\"1050\"><a href=\"https:\/\/www.inspirealtea.com\/es\/ayurveda-en-altea\/\">Ayurveda<\/a><\/strong><strong data-start=\"1003\" data-end=\"1050\"> consulta en Altea<\/strong>? Nuestra <strong data-start=\"1056\" data-end=\"1089\">\u00danico <\/strong><strong data-start=\"1056\" data-end=\"1089\"><a href=\"https:\/\/www.inspirealtea.com\/es\/ayurveda-en-altea\/consulta\/\">Consulta<\/a><\/strong> es el punto de partida ideal para su viaje de bienestar ayurv\u00e9dico.<\/p>\n<p data-start=\"1166\" data-end=\"1473\">Durante tu sesi\u00f3n de 60 minutos, recibir\u00e1s un<strong data-start=\"1214\" data-end=\"1253\"> consulta personalizada<\/strong> para determinar tu tipo de dosha y desequilibrios de salud, seguido de un plan de bienestar hecho para ti.<\/p>\n<p data-start=\"1475\" data-end=\"1640\">Tanto si eres nuevo en el Ayurveda como si simplemente necesitas un momento para reconectar con tu cuerpo y tu mente, esta sesi\u00f3n es la introducci\u00f3n perfecta al autocuidado hol\u00edstico.<\/p>\n<p data-start=\"1642\" data-end=\"1784\">\ud83d\udca7 <strong data-start=\"1645\" data-end=\"1658\">Duraci\u00f3n:<\/strong> 60 min consulta<\/p>\n<p>\ud83c\udf38 <strong data-start=\"1675\" data-end=\"1689\">Ideal para:<\/strong> reci\u00e9n llegados al Ayurveda<\/p>\n<p>\ud83e\udeb7 <strong data-start=\"1717\" data-end=\"1730\">Incluye:<\/strong> Consulta + Masaje Ayurv\u00e9dico<\/p>\n<p>\ud83d\udcb6 <strong data-start=\"1768\" data-end=\"1778\">Precio:<\/strong> \u20ac60<\/p>\n<p data-start=\"2062\" data-end=\"2188\">Esta sesi\u00f3n es ideal para residentes, visitantes de larga estancia y viajeros de bienestar en Altea que buscan un enfoque natural de la salud.<\/p>\n<p data-start=\"1786\" data-end=\"2018\"><strong data-start=\"1786\" data-end=\"1828\">\u00bfListo para comenzar su viaje ayurv\u00e9dico?<\/strong><\/p>\n<p><a class=\"decorated-link cursor-pointer\" href=\"https:\/\/www.inspirealtea.com\/es\/pongase-en-contacto-con\/\" target=\"_new\" rel=\"noopener\" data-start=\"1831\" data-end=\"1888\">Reserve ya su sesi\u00f3n<\/a> o explore nuestra <a class=\"decorated-link cursor-pointer\" href=\"https:\/\/www.inspirealtea.com\/es\/experiencias\/fin-de-semana-de-rejuvenecimiento\/\" target=\"_new\" rel=\"noopener\" data-start=\"1904\" data-end=\"1991\">Fin de semana de rejuvenecimiento<\/a> para una experiencia m\u00e1s profunda.<\/p>\n<p data-start=\"1786\" data-end=\"2018\"><em><a href=\"https:\/\/www.nccih.nih.gov\/health\/ayurvedic-medicine-in-depth\">M\u00e1s informaci\u00f3n sobre Ayurveda<\/a><\/em><em> sobre el Centro Nacional de Salud Complementaria e Integral (NCCIH)<\/em><\/p>\n<p data-start=\"1786\" data-end=\"2018\">M\u00e1s informaci\u00f3n en el art\u00edculo del blog : <a href=\"https:\/\/www.inspirealtea.com\/es\/ayurveda-altea-masajes-medicinales\/\">Ayurveda en Altea, descubre el poder de los masajes medicinales<\/a><\/p>","protected":false},"excerpt":{"rendered":"<p data-start=\"961\" data-end=\"1089\">Consulta personalizada de Ayurveda en Altea que incluye evaluaci\u00f3n de dosha y orientaci\u00f3n personalizada para el equilibrio hol\u00edstico y el bienestar.<\/p>","protected":false},"featured_media":384,"comment_status":"open","ping_status":"closed","template":"","meta":{"nf_dc_page":"","om_disable_all_campaigns":false,"_monsterinsights_skip_tracking":false,"_monsterinsights_sitenote_active":false,"_monsterinsights_sitenote_note":"","_monsterinsights_sitenote_category":0,"_uf_show_specific_survey":0,"_uf_disable_surveys":false,"jetpack_post_was_ever_published":false,"jetpack_publicize_message":"","jetpack_publicize_feature_enabled":true,"jetpack_social_post_already_shared":false,"jetpack_social_options":{"image_generator_settings":{"template":"highway","default_image_id":0,"font":"","enabled":false},"version":2}},"product_brand":[35],"product_cat":[32,24],"product_tag":[71,66,118,68,69,67,357,70,72,54],"class_list":{"0":"post-338","1":"product","2":"type-product","3":"status-publish","4":"has-post-thumbnail","6":"product_brand-inspire-altea","7":"product_cat-ayurveda-therapies","8":"product_cat-wellbeing-experiences","9":"product_tag-abhyanga-massage","10":"product_tag-ayurveda","11":"product_tag-ayurveda-altea","12":"product_tag-ayurveda-consultation-altea","13":"product_tag-ayurveda-massage","14":"product_tag-ayurvedic-therapy","15":"product_tag-holistic-consultation-altea","16":"product_tag-holistic-health","17":"product_tag-natural-therapies-spain","18":"product_tag-wellness-in-altea","20":"first","21":"instock","22":"featured","23":"virtual","24":"purchasable","25":"product-type-simple"},"yoast_head":"<!-- This site is optimized with the Yoast SEO Premium plugin v27.3 (Yoast SEO v27.4) - https:\/\/yoast.com\/product\/yoast-seo-premium-wordpress\/ -->\n<title>Ayurveda Consultation in Altea | Personalized Dosha Assessment<\/title>\n<meta name=\"description\" content=\"Experience a personalized Ayurveda consultation in Altea with full dosha assessment and tailored wellness guidance for balance and vitality.\" \/>\n<meta name=\"robots\" content=\"index, follow, max-snippet:-1, max-image-preview:large, max-video-preview:-1\" \/>\n<link rel=\"canonical\" href=\"https:\/\/www.inspirealtea.com\/es\/experiencias\/consulta-ayurveda-altea\/\" \/>\n<meta property=\"og:locale\" content=\"es_ES\" \/>\n<meta property=\"og:type\" content=\"article\" \/>\n<meta property=\"og:title\" content=\"Single Ayurveda Consultation in Altea\" \/>\n<meta property=\"og:description\" content=\"Personalized Ayurveda consultation in Altea including dosha assessment and tailored guidance for holistic balance and wellbeing.\" \/>\n<meta property=\"og:url\" content=\"https:\/\/www.inspirealtea.com\/es\/experiencias\/consulta-ayurveda-altea\/\" \/>\n<meta property=\"og:site_name\" content=\"Yoga, Ayurveda and Hiking | Inspire Altea\" \/>\n<meta property=\"article:publisher\" content=\"https:\/\/www.facebook.com\/yogaayurveda.altea\" \/>\n<meta property=\"article:modified_time\" content=\"2026-04-02T13:41:19+00:00\" \/>\n<meta property=\"og:image\" content=\"https:\/\/www.inspirealtea.com\/wp-content\/uploads\/2025\/10\/pexels-photo-5566050.webp\" \/>\n\t<meta property=\"og:image:width\" content=\"867\" \/>\n\t<meta property=\"og:image:height\" content=\"1300\" \/>\n\t<meta property=\"og:image:type\" content=\"image\/webp\" \/>\n<meta name=\"twitter:card\" content=\"summary_large_image\" \/>\n<meta name=\"twitter:label1\" content=\"Tiempo de lectura\" \/>\n\t<meta name=\"twitter:data1\" content=\"1 minuto\" \/>\n<!-- \/ Yoast SEO Premium plugin. -->","yoast_head_json":{"title":"Consulta Ayurveda en Altea | Evaluaci\u00f3n Dosha Personalizada","description":"Experimente una consulta personalizada de Ayurveda en Altea con una evaluaci\u00f3n completa de dosha y orientaci\u00f3n de bienestar a medida para el equilibrio y la vitalidad.","robots":{"index":"index","follow":"follow","max-snippet":"max-snippet:-1","max-image-preview":"max-image-preview:large","max-video-preview":"max-video-preview:-1"},"canonical":"https:\/\/www.inspirealtea.com\/es\/experiencias\/consulta-ayurveda-altea\/","og_locale":"es_ES","og_type":"article","og_title":"Single Ayurveda Consultation in Altea","og_description":"Personalized Ayurveda consultation in Altea including dosha assessment and tailored guidance for holistic balance and wellbeing.","og_url":"https:\/\/www.inspirealtea.com\/es\/experiencias\/consulta-ayurveda-altea\/","og_site_name":"Yoga, Ayurveda and Hiking | Inspire Altea","article_publisher":"https:\/\/www.facebook.com\/yogaayurveda.altea","article_modified_time":"2026-04-02T13:41:19+00:00","og_image":[{"width":867,"height":1300,"url":"https:\/\/www.inspirealtea.com\/wp-content\/uploads\/2025\/10\/pexels-photo-5566050.webp","type":"image\/webp"}],"twitter_card":"summary_large_image","twitter_misc":{"Tiempo de lectura":"1 minuto"},"schema":{"@context":"https:\/\/schema.org","@graph":[{"@type":"WebPage","@id":"https:\/\/www.inspirealtea.com\/experiences\/ayurveda-consultation-altea\/","url":"https:\/\/www.inspirealtea.com\/experiences\/ayurveda-consultation-altea\/","name":"Consulta Ayurveda en Altea | Evaluaci\u00f3n Dosha Personalizada","isPartOf":{"@id":"https:\/\/www.inspirealtea.com\/#website"},"primaryImageOfPage":{"@id":"https:\/\/www.inspirealtea.com\/experiences\/ayurveda-consultation-altea\/#primaryimage"},"image":{"@id":"https:\/\/www.inspirealtea.com\/experiences\/ayurveda-consultation-altea\/#primaryimage"},"thumbnailUrl":"https:\/\/i0.wp.com\/www.inspirealtea.com\/wp-content\/uploads\/2025\/10\/pexels-photo-5566050.webp?fit=867%2C1300&ssl=1","datePublished":"2025-10-28T09:22:13+00:00","dateModified":"2026-04-02T13:41:19+00:00","description":"Experimente una consulta personalizada de Ayurveda en Altea con una evaluaci\u00f3n completa de dosha y orientaci\u00f3n de bienestar a medida para el equilibrio y la vitalidad.","breadcrumb":{"@id":"https:\/\/www.inspirealtea.com\/experiences\/ayurveda-consultation-altea\/#breadcrumb"},"inLanguage":"es","potentialAction":[{"@type":"ReadAction","target":["https:\/\/www.inspirealtea.com\/experiences\/ayurveda-consultation-altea\/"]}]},{"@type":"ImageObject","inLanguage":"es","@id":"https:\/\/www.inspirealtea.com\/experiences\/ayurveda-consultation-altea\/#primaryimage","url":"https:\/\/i0.wp.com\/www.inspirealtea.com\/wp-content\/uploads\/2025\/10\/pexels-photo-5566050.webp?fit=867%2C1300&ssl=1","contentUrl":"https:\/\/i0.wp.com\/www.inspirealtea.com\/wp-content\/uploads\/2025\/10\/pexels-photo-5566050.webp?fit=867%2C1300&ssl=1","width":867,"height":1300,"caption":"Personalized holistic therapy sessions and consultations at Inspire Altea for balance and wellbeing."},{"@type":"BreadcrumbList","@id":"https:\/\/www.inspirealtea.com\/experiences\/ayurveda-consultation-altea\/#breadcrumb","itemListElement":[{"@type":"ListItem","position":1,"name":"Home","item":"https:\/\/www.inspirealtea.com\/"},{"@type":"ListItem","position":2,"name":"Experiences","item":"https:\/\/www.inspirealtea.com\/experiences\/"},{"@type":"ListItem","position":3,"name":"Wellbeing experiences","item":"https:\/\/www.inspirealtea.com\/product-category\/wellbeing-experiences\/"},{"@type":"ListItem","position":4,"name":"Ayurveda Therapies","item":"https:\/\/www.inspirealtea.com\/product-category\/wellbeing-experiences\/ayurveda-therapies\/"},{"@type":"ListItem","position":5,"name":"Single Ayurveda Consultation in Altea"}]},{"@type":"WebSite","@id":"https:\/\/www.inspirealtea.com\/#website","url":"https:\/\/www.inspirealtea.com\/","name":"Yoga, Ayurveda y Senderismo | Inspire Altea","description":"Explora tus l\u00edmites con el Yoga, el Ayurveda y el Senderismo en Altea, Alicante \u2014 un santuario para el bienestar junto al Mediterr\u00e1neo.","publisher":{"@id":"https:\/\/www.inspirealtea.com\/#organization"},"alternateName":"Inspire Altea \u2013 Yoga, Ayurveda & Hiking","potentialAction":[{"@type":"SearchAction","target":{"@type":"EntryPoint","urlTemplate":"https:\/\/www.inspirealtea.com\/?s={search_term_string}"},"query-input":{"@type":"PropertyValueSpecification","valueRequired":true,"valueName":"search_term_string"}}],"inLanguage":"es"},{"@type":"Organization","@id":"https:\/\/www.inspirealtea.com\/#organization","name":"Yoga, Ayurveda y Senderismo | Inspire Altea","alternateName":"IA Yoga Ayurveda Hike","url":"https:\/\/www.inspirealtea.com\/","logo":{"@type":"ImageObject","inLanguage":"es","@id":"https:\/\/www.inspirealtea.com\/#\/schema\/logo\/image\/","url":"https:\/\/i0.wp.com\/www.inspirealtea.com\/wp-content\/uploads\/2025\/10\/Logo-Inspire-Altea.png?fit=1024%2C1024&ssl=1","contentUrl":"https:\/\/i0.wp.com\/www.inspirealtea.com\/wp-content\/uploads\/2025\/10\/Logo-Inspire-Altea.png?fit=1024%2C1024&ssl=1","width":1024,"height":1024,"caption":"Yoga, Ayurveda and Hiking | Inspire Altea"},"image":{"@id":"https:\/\/www.inspirealtea.com\/#\/schema\/logo\/image\/"},"sameAs":["https:\/\/www.facebook.com\/yogaayurveda.altea","https:\/\/www.instagram.com\/inspirealtea\/","https:\/\/www.linkedin.com\/in\/sergio-cisneros-galea","https:\/\/www.youtube.com\/@inspirealtea","https:\/\/gravatar.com\/sergiocisnerosgalea"],"description":"Discover holistic wellbeing experiences in Altea that connect body, mind, and nature. From yoga and Ayurveda to guided hiking and personalized retreats \u2014 all designed to help you restore balance, vitality, and inner peace.","email":"inspirealtea@gmail.com","telephone":"+33 6 07 42 58 97","legalName":"Sergio Cisneros Galea","foundingDate":"2019-11-11","numberOfEmployees":{"@type":"QuantitativeValue","minValue":"1","maxValue":"10"},"publishingPrinciples":"https:\/\/www.inspirealtea.com\/who-i-am\/"}]}},"jetpack_publicize_connections":[],"jetpack_sharing_enabled":true,"_links":{"self":[{"href":"https:\/\/www.inspirealtea.com\/es\/wp-json\/wp\/v2\/product\/338","targetHints":{"allow":["GET"]}}],"collection":[{"href":"https:\/\/www.inspirealtea.com\/es\/wp-json\/wp\/v2\/product"}],"about":[{"href":"https:\/\/www.inspirealtea.com\/es\/wp-json\/wp\/v2\/types\/product"}],"replies":[{"embeddable":true,"href":"https:\/\/www.inspirealtea.com\/es\/wp-json\/wp\/v2\/comments?post=338"}],"wp:featuredmedia":[{"embeddable":true,"href":"https:\/\/www.inspirealtea.com\/es\/wp-json\/wp\/v2\/media\/384"}],"wp:attachment":[{"href":"https:\/\/www.inspirealtea.com\/es\/wp-json\/wp\/v2\/media?parent=338"}],"wp:term":[{"taxonomy":"product_brand","embeddable":true,"href":"https:\/\/www.inspirealtea.com\/es\/wp-json\/wp\/v2\/product_brand?post=338"},{"taxonomy":"product_cat","embeddable":true,"href":"https:\/\/www.inspirealtea.com\/es\/wp-json\/wp\/v2\/product_cat?post=338"},{"taxonomy":"product_tag","embeddable":true,"href":"https:\/\/www.inspirealtea.com\/es\/wp-json\/wp\/v2\/product_tag?post=338"}],"curies":[{"name":"wp","href":"https:\/\/api.w.org\/{rel}","templated":true}]}}