{"id":164,"date":"2025-10-23T12:19:28","date_gmt":"2025-10-23T10:19:28","guid":{"rendered":"https:\/\/www.inspirealtea.com\/product\/yoga-for-athletes-performance-in-altea\/"},"modified":"2026-02-24T16:24:52","modified_gmt":"2026-02-24T15:24:52","slug":"yoga-para-deportistas-altea","status":"publish","type":"product","link":"https:\/\/www.inspirealtea.com\/es\/experiences\/yoga-for-athletes-altea\/","title":{"rendered":"Yoga para deportistas y rendimiento en Altea"},"content":{"rendered":"<h1 data-start=\"280\" data-end=\"322\"><span style=\"text-decoration: underline;\"><a href=\"https:\/\/www.inspirealtea.com\/es\/yoga-en-altea\/\">Yoga<\/a><\/span> para Atletas y Rendimiento en Altea<\/h1>\n<p data-start=\"324\" data-end=\"531\">Aumente su rendimiento con Yoga para deportistas en Altea. Estas sesiones espec\u00edficas mejoran la movilidad, la fuerza, la flexibilidad, la concentraci\u00f3n y la recuperaci\u00f3n, ayud\u00e1ndote a moverte de forma m\u00e1s eficiente y a reducir el riesgo de lesiones.<\/p>\n<p data-start=\"533\" data-end=\"715\">Tanto si corres como si montas en bicicleta, escalas o simplemente llevas un estilo de vida activo, esta pr\u00e1ctica favorece tanto el rendimiento como el bienestar. Te ayuda a sentirte m\u00e1s fuerte, a moverte con libertad y a recuperarte m\u00e1s r\u00e1pido.<\/p>\n<p data-start=\"717\" data-end=\"971\">Combinamos posturas din\u00e1micas, respiraci\u00f3n concentrada y t\u00e9cnicas pr\u00e1cticas de recuperaci\u00f3n. Cada sesi\u00f3n activa grupos musculares clave, mejora la movilidad de las articulaciones y aumenta la conciencia corporal. Como resultado, te mueves de forma m\u00e1s inteligente, reduces la fatiga y disminuyes la tensi\u00f3n de tu cuerpo.<\/p>\n<hr data-start=\"973\" data-end=\"976\" \/>\n<h2 data-start=\"978\" data-end=\"1010\">Entrena mejor, recup\u00e9rate mejor<\/h2>\n<p data-start=\"1012\" data-end=\"1066\">En Inspire Altea, adaptamos cada sesi\u00f3n a tus objetivos.<\/p>\n<p data-start=\"1068\" data-end=\"1097\">Por ejemplo:<\/p>\n<ul data-start=\"1098\" data-end=\"1195\">\n<li data-start=\"1098\" data-end=\"1119\">\n<p data-start=\"1100\" data-end=\"1119\">Mejorar la resistencia<\/p>\n<\/li>\n<li data-start=\"1120\" data-end=\"1141\">\n<p data-start=\"1122\" data-end=\"1141\">Aumentar la movilidad<\/p>\n<\/li>\n<li data-start=\"1142\" data-end=\"1175\">\n<p data-start=\"1144\" data-end=\"1175\">Recuperarse de un entrenamiento intenso<\/p>\n<\/li>\n<li data-start=\"1176\" data-end=\"1195\">\n<p data-start=\"1178\" data-end=\"1195\">Construir la estabilidad<\/p>\n<\/li>\n<\/ul>\n<p data-start=\"1197\" data-end=\"1234\">Durante la sesi\u00f3n, trabajar\u00e1s:<\/p>\n<ul data-start=\"1236\" data-end=\"1471\">\n<li data-start=\"1236\" data-end=\"1313\">\n<p data-start=\"1238\" data-end=\"1313\"><strong data-start=\"1238\" data-end=\"1259\">Formaci\u00f3n en movilidad<\/strong> que libera tensiones y aumenta la amplitud de movimiento<\/p>\n<\/li>\n<li data-start=\"1314\" data-end=\"1375\">\n<p data-start=\"1316\" data-end=\"1375\"><strong data-start=\"1316\" data-end=\"1347\">Trabajo de fuerza y estabilidad<\/strong> que favorece el rendimiento<\/p>\n<\/li>\n<li data-start=\"1376\" data-end=\"1424\">\n<p data-start=\"1378\" data-end=\"1424\"><strong data-start=\"1378\" data-end=\"1403\">T\u00e9cnicas de respiraci\u00f3n<\/strong> que agudizan el enfoque<\/p>\n<\/li>\n<li data-start=\"1425\" data-end=\"1471\">\n<p data-start=\"1427\" data-end=\"1471\"><strong data-start=\"1427\" data-end=\"1446\">Relajaci\u00f3n profunda<\/strong> que mejora la recuperaci\u00f3n<\/p>\n<\/li>\n<\/ul>\n<p data-start=\"1473\" data-end=\"1548\">Este enfoque estructurado complementa su formaci\u00f3n en lugar de sustituirla.<\/p>\n<hr data-start=\"1550\" data-end=\"1553\" \/>\n<h2 data-start=\"1555\" data-end=\"1587\">Personalizado en grupos reducidos<\/h2>\n<p data-start=\"1589\" data-end=\"1689\">Sergio, profesor de yoga titulado y l\u00edder de monta\u00f1a, gu\u00eda cada sesi\u00f3n con claridad y precisi\u00f3n.<\/p>\n<p data-start=\"1691\" data-end=\"1791\">Como los grupos son reducidos, recibir\u00e1s orientaci\u00f3n personalizada mientras disfrutas de un ambiente de clase din\u00e1mico.<\/p>\n<p data-start=\"1793\" data-end=\"1903\">Esta sesi\u00f3n de yoga para deportistas en Altea tiene un precio por persona y se integra f\u00e1cilmente en tu rutina de entrenamiento.<\/p>\n<hr data-start=\"1905\" data-end=\"1908\" \/>\n<h2 data-start=\"1910\" data-end=\"1928\">Detalles de la sesi\u00f3n<\/h2>\n<ul data-start=\"1930\" data-end=\"2103\">\n<li data-start=\"1930\" data-end=\"1954\">\n<p data-start=\"1932\" data-end=\"1954\">Duraci\u00f3n: 60 minutos<\/p>\n<\/li>\n<li data-start=\"1955\" data-end=\"2001\">\n<p data-start=\"1957\" data-end=\"2001\">Formato: Grupo reducido con orientaci\u00f3n personal<\/p>\n<\/li>\n<li data-start=\"2002\" data-end=\"2050\">\n<p data-start=\"2004\" data-end=\"2050\">Nivel: Adaptable a todos los niveles deportivos<\/p>\n<\/li>\n<li data-start=\"2051\" data-end=\"2103\">\n<p data-start=\"2053\" data-end=\"2103\">Enfoque: Movilidad, fuerza, recuperaci\u00f3n y respiraci\u00f3n<\/p>\n<\/li>\n<\/ul>\n<p data-start=\"2105\" data-end=\"2128\">El precio es por persona.<\/p>\n<hr data-start=\"2130\" data-end=\"2133\" \/>\n<h2 data-start=\"2135\" data-end=\"2146\">Incluye<\/h2>\n<ul data-start=\"2148\" data-end=\"2303\">\n<li data-start=\"2148\" data-end=\"2191\">\n<p data-start=\"2150\" data-end=\"2191\">Sesi\u00f3n guiada de yoga centrada en el rendimiento<\/p>\n<\/li>\n<li data-start=\"2192\" data-end=\"2222\">\n<p data-start=\"2194\" data-end=\"2222\">Movilidad y trabajo de fuerza<\/p>\n<\/li>\n<li data-start=\"2223\" data-end=\"2261\">\n<p data-start=\"2225\" data-end=\"2261\">T\u00e9cnicas de respiraci\u00f3n y recuperaci\u00f3n<\/p>\n<\/li>\n<li data-start=\"2262\" data-end=\"2303\">\n<p data-start=\"2264\" data-end=\"2303\">Apoyo personalizado dentro del grupo<\/p>\n<\/li>\n<\/ul>\n<hr data-start=\"2305\" data-end=\"2308\" \/>\n<h2 data-start=\"2310\" data-end=\"2343\">Contin\u00fae su viaje de formaci\u00f3n<\/h2>\n<p data-start=\"2345\" data-end=\"2385\">Muchos atletas combinan esta sesi\u00f3n con:<\/p>\n<ul data-start=\"2387\" data-end=\"2536\">\n<li data-start=\"2387\" data-end=\"2438\">\n<p data-start=\"2389\" data-end=\"2438\">A <a href=\"https:\/\/www.inspirealtea.com\/es\/experiencias\/clases-particulares-de-yoga-altea\/\">Clase privada de yoga<\/a> para una mayor personalizaci\u00f3n<\/p>\n<\/li>\n<li data-start=\"2439\" data-end=\"2486\">\n<p data-start=\"2441\" data-end=\"2486\">A <a href=\"https:\/\/www.inspirealtea.com\/es\/senderismo-alicante\/\">Experiencia en senderismo<\/a> para el movimiento funcional<\/p>\n<\/li>\n<li data-start=\"2487\" data-end=\"2536\">\n<p data-start=\"2489\" data-end=\"2536\">En <a href=\"https:\/\/www.inspirealtea.com\/es\/ayurveda-en-altea\/\">Ayurveda <\/a><a href=\"https:\/\/www.inspirealtea.com\/es\/ayurveda-en-altea\/consulta\/\">Consulta<\/a> para la recuperaci\u00f3n <a href=\"https:\/\/www.inspirealtea.com\/es\/experiencias\/masaje-deportivo\/\">soporte<\/a><\/p>\n<\/li>\n<\/ul>\n<hr data-start=\"2538\" data-end=\"2541\" \/>\n<h2 data-start=\"2543\" data-end=\"2550\">Preguntas frecuentes<\/h2>\n<p data-start=\"2552\" data-end=\"2687\"><strong data-start=\"2552\" data-end=\"2580\">\u00bfA qui\u00e9n va dirigida esta sesi\u00f3n?<\/strong><br data-start=\"2580\" data-end=\"2583\" \/>Corredores, ciclistas, escaladores y personas activas que desean mejorar su movilidad, recuperaci\u00f3n y rendimiento.<\/p>\n<p data-start=\"2689\" data-end=\"2764\"><strong data-start=\"2689\" data-end=\"2713\">\u00bfEn qu\u00e9 nos centramos?<\/strong><br data-start=\"2713\" data-end=\"2716\" \/>Movilidad, estabilidad, respiraci\u00f3n y relajaci\u00f3n.<\/p>\n<p data-start=\"2766\" data-end=\"2861\"><strong data-start=\"2766\" data-end=\"2811\">\u00bfPuede ayudar con las caderas u hombros tensos?<\/strong><br data-start=\"2811\" data-end=\"2814\" \/>S\u00ed. Adaptamos el trabajo a las zonas de tensi\u00f3n com\u00fan.<\/p>\n<p data-start=\"2863\" data-end=\"2946\"><strong data-start=\"2863\" data-end=\"2889\">\u00bfSe adapta a mi deporte?<\/strong><br data-start=\"2889\" data-end=\"2892\" \/>Por supuesto. Adaptamos la pr\u00e1ctica a su disciplina.<\/p>\n<p data-start=\"2948\" data-end=\"2997\"><strong data-start=\"2948\" data-end=\"2976\">\u00bfCu\u00e1nto dura la sesi\u00f3n?<\/strong><br data-start=\"2976\" data-end=\"2979\" \/>Alrededor de 60 minutos.<\/p>\n<p data-start=\"2999\" data-end=\"3110\"><strong data-start=\"2999\" data-end=\"3043\">\u00bfPuedo combinarla con otras experiencias?<\/strong><br data-start=\"3043\" data-end=\"3046\" \/>S\u00ed. Muchos hu\u00e9spedes lo combinan con yoga privado, ayurveda o senderismo.<\/p>","protected":false},"excerpt":{"rendered":"<p data-start=\"216\" data-end=\"423\">Mejora el rendimiento, la movilidad y la recuperaci\u00f3n con Yoga para deportistas en Altea.<br data-start=\"292\" data-end=\"295\" \/>Estas sesiones espec\u00edficas ayudan a corredores, ciclistas, escaladores y personas activas a moverse mejor, prevenir lesiones y recuperarse m\u00e1s r\u00e1pidamente.<\/p>\n<p data-start=\"425\" data-end=\"480\">Guiados por un profesor titulado en grupos reducidos.<\/p>\n<p data-start=\"482\" data-end=\"505\">El precio es por persona.<\/p>","protected":false},"featured_media":163,"comment_status":"open","ping_status":"closed","template":"","meta":{"nf_dc_page":"","om_disable_all_campaigns":false,"_monsterinsights_skip_tracking":false,"_monsterinsights_sitenote_active":false,"_monsterinsights_sitenote_note":"","_monsterinsights_sitenote_category":0,"_uf_show_specific_survey":0,"_uf_disable_surveys":false,"jetpack_post_was_ever_published":false,"jetpack_publicize_message":"","jetpack_publicize_feature_enabled":true,"jetpack_social_post_already_shared":false,"jetpack_social_options":{"image_generator_settings":{"template":"highway","default_image_id":0,"font":"","enabled":false},"version":2}},"product_brand":[35],"product_cat":[24,22,55],"product_tag":[124,388,391,62,389,386,390,36,385,387,383,60,384,61,58],"class_list":{"0":"post-164","1":"product","2":"type-product","3":"status-publish","4":"has-post-thumbnail","6":"product_brand-inspire-altea","7":"product_cat-wellbeing-experiences","8":"product_cat-yoga-classes","9":"product_cat-yoga-for-athletes-altea","10":"product_tag-altea-wellness","11":"product_tag-breathwork-for-athletes","12":"product_tag-costa-blanca-fitness","13":"product_tag-flexibility-training","14":"product_tag-injury-prevention","15":"product_tag-mobility-training","16":"product_tag-performance-and-recovery","17":"product_tag-private-yoga-altea","18":"product_tag-sports-performance-yoga","19":"product_tag-strength-and-stability","20":"product_tag-yoga-for-athletes","21":"product_tag-yoga-for-climbers","22":"product_tag-yoga-for-cyclists","23":"product_tag-yoga-for-recovery","24":"product_tag-yoga-for-runners","26":"first","27":"instock","28":"featured","29":"virtual","30":"purchasable","31":"product-type-simple"},"yoast_head":"<!-- This site is optimized with the Yoast SEO Premium plugin v27.3 (Yoast SEO v27.4) - https:\/\/yoast.com\/product\/yoast-seo-premium-wordpress\/ -->\n<title>Yoga for Athletes in Altea | Performance &amp; Recovery Sessions<\/title>\n<meta name=\"description\" content=\"Boost mobility, strength, and recovery with yoga for athletes in Altea. Tailored sessions for runners, cyclists &amp; active individuals. Small groups.\" \/>\n<meta name=\"robots\" content=\"index, follow, max-snippet:-1, max-image-preview:large, max-video-preview:-1\" \/>\n<link rel=\"canonical\" href=\"https:\/\/www.inspirealtea.com\/es\/experiencias\/yoga-para-deportistas-altea\/\" \/>\n<meta property=\"og:locale\" content=\"es_ES\" \/>\n<meta property=\"og:type\" content=\"article\" \/>\n<meta property=\"og:title\" content=\"Yoga for Athletes &amp; Performance in Altea\" \/>\n<meta property=\"og:description\" content=\"Boost mobility, strength, and recovery with yoga for athletes in Altea. Tailored sessions for runners, cyclists &amp; active individuals. Small groups.\" \/>\n<meta property=\"og:url\" content=\"https:\/\/www.inspirealtea.com\/es\/experiencias\/yoga-para-deportistas-altea\/\" \/>\n<meta property=\"og:site_name\" content=\"Yoga, Ayurveda and Hiking | Inspire Altea\" \/>\n<meta property=\"article:publisher\" content=\"https:\/\/www.facebook.com\/yogaayurveda.altea\" \/>\n<meta property=\"article:modified_time\" content=\"2026-02-24T15:24:52+00:00\" \/>\n<meta property=\"og:image\" content=\"https:\/\/www.inspirealtea.com\/wp-content\/uploads\/2025\/10\/pexels-klaus-nielsen-6303797-scaled.jpg\" \/>\n\t<meta property=\"og:image:width\" content=\"1707\" \/>\n\t<meta property=\"og:image:height\" content=\"2560\" \/>\n\t<meta property=\"og:image:type\" content=\"image\/jpeg\" \/>\n<meta name=\"twitter:card\" content=\"summary_large_image\" \/>\n<meta name=\"twitter:label1\" content=\"Tiempo de lectura\" \/>\n\t<meta name=\"twitter:data1\" content=\"2 minutos\" \/>\n<!-- \/ Yoast SEO Premium plugin. -->","yoast_head_json":{"title":"Yoga para deportistas en Altea | Sesiones de rendimiento y recuperaci\u00f3n","description":"Aumenta la movilidad, la fuerza y la recuperaci\u00f3n con yoga para deportistas en Altea. Sesiones personalizadas para corredores, ciclistas y personas activas. Grupos reducidos.","robots":{"index":"index","follow":"follow","max-snippet":"max-snippet:-1","max-image-preview":"max-image-preview:large","max-video-preview":"max-video-preview:-1"},"canonical":"https:\/\/www.inspirealtea.com\/es\/experiencias\/yoga-para-deportistas-altea\/","og_locale":"es_ES","og_type":"article","og_title":"Yoga for Athletes & Performance in Altea","og_description":"Boost mobility, strength, and recovery with yoga for athletes in Altea. Tailored sessions for runners, cyclists & active individuals. Small groups.","og_url":"https:\/\/www.inspirealtea.com\/es\/experiencias\/yoga-para-deportistas-altea\/","og_site_name":"Yoga, Ayurveda and Hiking | Inspire Altea","article_publisher":"https:\/\/www.facebook.com\/yogaayurveda.altea","article_modified_time":"2026-02-24T15:24:52+00:00","og_image":[{"width":1707,"height":2560,"url":"https:\/\/www.inspirealtea.com\/wp-content\/uploads\/2025\/10\/pexels-klaus-nielsen-6303797-scaled.jpg","type":"image\/jpeg"}],"twitter_card":"summary_large_image","twitter_misc":{"Tiempo de lectura":"2 minutos"},"schema":{"@context":"https:\/\/schema.org","@graph":[{"@type":"WebPage","@id":"https:\/\/www.inspirealtea.com\/experiences\/yoga-for-athletes-altea\/","url":"https:\/\/www.inspirealtea.com\/experiences\/yoga-for-athletes-altea\/","name":"Yoga para deportistas en Altea | Sesiones de rendimiento y recuperaci\u00f3n","isPartOf":{"@id":"https:\/\/www.inspirealtea.com\/#website"},"primaryImageOfPage":{"@id":"https:\/\/www.inspirealtea.com\/experiences\/yoga-for-athletes-altea\/#primaryimage"},"image":{"@id":"https:\/\/www.inspirealtea.com\/experiences\/yoga-for-athletes-altea\/#primaryimage"},"thumbnailUrl":"https:\/\/i0.wp.com\/www.inspirealtea.com\/wp-content\/uploads\/2025\/10\/pexels-klaus-nielsen-6303797-scaled.jpg?fit=1707%2C2560&ssl=1","datePublished":"2025-10-23T10:19:28+00:00","dateModified":"2026-02-24T15:24:52+00:00","description":"Aumenta la movilidad, la fuerza y la recuperaci\u00f3n con yoga para deportistas en Altea. Sesiones personalizadas para corredores, ciclistas y personas activas. Grupos reducidos.","breadcrumb":{"@id":"https:\/\/www.inspirealtea.com\/experiences\/yoga-for-athletes-altea\/#breadcrumb"},"inLanguage":"es","potentialAction":[{"@type":"ReadAction","target":["https:\/\/www.inspirealtea.com\/experiences\/yoga-for-athletes-altea\/"]}]},{"@type":"ImageObject","inLanguage":"es","@id":"https:\/\/www.inspirealtea.com\/experiences\/yoga-for-athletes-altea\/#primaryimage","url":"https:\/\/i0.wp.com\/www.inspirealtea.com\/wp-content\/uploads\/2025\/10\/pexels-klaus-nielsen-6303797-scaled.jpg?fit=1707%2C2560&ssl=1","contentUrl":"https:\/\/i0.wp.com\/www.inspirealtea.com\/wp-content\/uploads\/2025\/10\/pexels-klaus-nielsen-6303797-scaled.jpg?fit=1707%2C2560&ssl=1","width":1707,"height":2560,"caption":"Improve flexibility, focus, and recovery with yoga for athletes in Altea \u2014 ideal for runners, climbers, and active individuals."},{"@type":"BreadcrumbList","@id":"https:\/\/www.inspirealtea.com\/experiences\/yoga-for-athletes-altea\/#breadcrumb","itemListElement":[{"@type":"ListItem","position":1,"name":"Home","item":"https:\/\/www.inspirealtea.com\/"},{"@type":"ListItem","position":2,"name":"Experiences","item":"https:\/\/www.inspirealtea.com\/experiences\/"},{"@type":"ListItem","position":3,"name":"Wellbeing experiences","item":"https:\/\/www.inspirealtea.com\/product-category\/wellbeing-experiences\/"},{"@type":"ListItem","position":4,"name":"Yoga Classes","item":"https:\/\/www.inspirealtea.com\/product-category\/wellbeing-experiences\/yoga-classes\/"},{"@type":"ListItem","position":5,"name":"Yoga for Athletes &amp; Performance","item":"https:\/\/www.inspirealtea.com\/product-category\/wellbeing-experiences\/yoga-classes\/yoga-for-athletes-altea\/"},{"@type":"ListItem","position":6,"name":"Yoga for Athletes &#038; Performance in Altea"}]},{"@type":"WebSite","@id":"https:\/\/www.inspirealtea.com\/#website","url":"https:\/\/www.inspirealtea.com\/","name":"Yoga, Ayurveda y Senderismo | Inspire Altea","description":"Explora tus l\u00edmites con el Yoga, el Ayurveda y el Senderismo en Altea, Alicante \u2014 un santuario para el bienestar junto al Mediterr\u00e1neo.","publisher":{"@id":"https:\/\/www.inspirealtea.com\/#organization"},"alternateName":"Inspire Altea \u2013 Yoga, Ayurveda & Hiking","potentialAction":[{"@type":"SearchAction","target":{"@type":"EntryPoint","urlTemplate":"https:\/\/www.inspirealtea.com\/?s={search_term_string}"},"query-input":{"@type":"PropertyValueSpecification","valueRequired":true,"valueName":"search_term_string"}}],"inLanguage":"es"},{"@type":"Organization","@id":"https:\/\/www.inspirealtea.com\/#organization","name":"Yoga, Ayurveda y Senderismo | Inspire Altea","alternateName":"IA Yoga Ayurveda Hike","url":"https:\/\/www.inspirealtea.com\/","logo":{"@type":"ImageObject","inLanguage":"es","@id":"https:\/\/www.inspirealtea.com\/#\/schema\/logo\/image\/","url":"https:\/\/i0.wp.com\/www.inspirealtea.com\/wp-content\/uploads\/2025\/10\/Logo-Inspire-Altea.png?fit=1024%2C1024&ssl=1","contentUrl":"https:\/\/i0.wp.com\/www.inspirealtea.com\/wp-content\/uploads\/2025\/10\/Logo-Inspire-Altea.png?fit=1024%2C1024&ssl=1","width":1024,"height":1024,"caption":"Yoga, Ayurveda and Hiking | Inspire Altea"},"image":{"@id":"https:\/\/www.inspirealtea.com\/#\/schema\/logo\/image\/"},"sameAs":["https:\/\/www.facebook.com\/yogaayurveda.altea","https:\/\/www.instagram.com\/inspirealtea\/","https:\/\/www.linkedin.com\/in\/sergio-cisneros-galea","https:\/\/www.youtube.com\/@inspirealtea","https:\/\/gravatar.com\/sergiocisnerosgalea"],"description":"Discover holistic wellbeing experiences in Altea that connect body, mind, and nature. From yoga and Ayurveda to guided hiking and personalized retreats \u2014 all designed to help you restore balance, vitality, and inner peace.","email":"inspirealtea@gmail.com","telephone":"+33 6 07 42 58 97","legalName":"Sergio Cisneros Galea","foundingDate":"2019-11-11","numberOfEmployees":{"@type":"QuantitativeValue","minValue":"1","maxValue":"10"},"publishingPrinciples":"https:\/\/www.inspirealtea.com\/who-i-am\/"}]}},"jetpack_publicize_connections":[],"jetpack_sharing_enabled":true,"_links":{"self":[{"href":"https:\/\/www.inspirealtea.com\/es\/wp-json\/wp\/v2\/product\/164","targetHints":{"allow":["GET"]}}],"collection":[{"href":"https:\/\/www.inspirealtea.com\/es\/wp-json\/wp\/v2\/product"}],"about":[{"href":"https:\/\/www.inspirealtea.com\/es\/wp-json\/wp\/v2\/types\/product"}],"replies":[{"embeddable":true,"href":"https:\/\/www.inspirealtea.com\/es\/wp-json\/wp\/v2\/comments?post=164"}],"wp:featuredmedia":[{"embeddable":true,"href":"https:\/\/www.inspirealtea.com\/es\/wp-json\/wp\/v2\/media\/163"}],"wp:attachment":[{"href":"https:\/\/www.inspirealtea.com\/es\/wp-json\/wp\/v2\/media?parent=164"}],"wp:term":[{"taxonomy":"product_brand","embeddable":true,"href":"https:\/\/www.inspirealtea.com\/es\/wp-json\/wp\/v2\/product_brand?post=164"},{"taxonomy":"product_cat","embeddable":true,"href":"https:\/\/www.inspirealtea.com\/es\/wp-json\/wp\/v2\/product_cat?post=164"},{"taxonomy":"product_tag","embeddable":true,"href":"https:\/\/www.inspirealtea.com\/es\/wp-json\/wp\/v2\/product_tag?post=164"}],"curies":[{"name":"wp","href":"https:\/\/api.w.org\/{rel}","templated":true}]}}