{"id":161,"date":"2025-10-23T10:58:10","date_gmt":"2025-10-23T08:58:10","guid":{"rendered":"https:\/\/www.inspirealtea.com\/?post_type=product&#038;p=161"},"modified":"2026-02-24T16:43:01","modified_gmt":"2026-02-24T15:43:01","slug":"yoga-para-eventos-retiros-altea","status":"publish","type":"product","link":"https:\/\/www.inspirealtea.com\/es\/experiences\/yoga-for-events-retreats-altea\/","title":{"rendered":"Yoga para eventos y retiros en Altea"},"content":{"rendered":"<h2 data-start=\"1287\" data-end=\"1325\"><a href=\"https:\/\/www.inspirealtea.com\/es\/yoga-en-altea\/\">Yoga<\/a> para Eventos y retiros en Altea<\/h2>\n<p data-start=\"1327\" data-end=\"1431\">Aporta calma, conexi\u00f3n e inspiraci\u00f3n a tu pr\u00f3xima reuni\u00f3n con Yoga para Eventos y Retiros en Altea.<\/p>\n<p data-start=\"1433\" data-end=\"1662\">Tanto si est\u00e1 planeando un fin de semana de bienestar, una celebraci\u00f3n de boda, un retiro corporativo o una experiencia privada en grupo, estas sesiones crean un momento compartido de presencia y equilibrio en uno de los destinos costeros m\u00e1s bellos de Espa\u00f1a.<\/p>\n<p data-start=\"1664\" data-end=\"1762\">En Inspire Altea, el yoga se convierte en algo m\u00e1s que movimiento: se convierte en una experiencia que conecta a las personas.<\/p>\n<hr data-start=\"1764\" data-end=\"1767\" \/>\n<h2 data-start=\"1769\" data-end=\"1808\">Una sesi\u00f3n dise\u00f1ada para su ocasi\u00f3n<\/h2>\n<p data-start=\"1810\" data-end=\"1874\">Cada sesi\u00f3n se adapta a los objetivos, la energ\u00eda y el horario de su grupo.<\/p>\n<p data-start=\"1876\" data-end=\"1891\">Puedes elegir:<\/p>\n<ul data-start=\"1893\" data-end=\"1981\">\n<li data-start=\"1893\" data-end=\"1916\">\n<p data-start=\"1895\" data-end=\"1916\">Un suave fluir del amanecer<\/p>\n<\/li>\n<li data-start=\"1917\" data-end=\"1951\">\n<p data-start=\"1919\" data-end=\"1951\">Una pr\u00e1ctica diurna energizante<\/p>\n<\/li>\n<li data-start=\"1952\" data-end=\"1981\">\n<p data-start=\"1954\" data-end=\"1981\">Una relajante sesi\u00f3n al atardecer<\/p>\n<\/li>\n<\/ul>\n<p data-start=\"1983\" data-end=\"2095\">Las sesiones pueden tener lugar al aire libre con vistas al mar y las monta\u00f1as o en interiores para disfrutar de un ambiente tranquilo e \u00edntimo.<\/p>\n<hr data-start=\"2097\" data-end=\"2100\" \/>\n<h2 data-start=\"2102\" data-end=\"2121\">Formatos flexibles<\/h2>\n<p data-start=\"2123\" data-end=\"2261\">Colaboramos estrechamente con planificadores de eventos, anfitriones de retiros y organizadores privados para dise\u00f1ar sesiones que se integren a la perfecci\u00f3n en su programa.<\/p>\n<p data-start=\"2263\" data-end=\"2289\">Los formatos disponibles son:<\/p>\n<ul data-start=\"2291\" data-end=\"2391\">\n<li data-start=\"2291\" data-end=\"2324\">\n<p data-start=\"2293\" data-end=\"2324\">Sesiones de yoga en grupo de 60 minutos<\/p>\n<\/li>\n<li data-start=\"2325\" data-end=\"2357\">\n<p data-start=\"2327\" data-end=\"2357\">Retiros de medio d\u00eda<\/p>\n<\/li>\n<li data-start=\"2358\" data-end=\"2391\">\n<p data-start=\"2360\" data-end=\"2391\">Programa de bienestar de jornada completa<\/p>\n<\/li>\n<\/ul>\n<hr data-start=\"2393\" data-end=\"2396\" \/>\n<h2 data-start=\"2398\" data-end=\"2417\">Complementos opcionales<\/h2>\n<p data-start=\"2419\" data-end=\"2448\">Mejora tu experiencia con:<\/p>\n<ul data-start=\"2450\" data-end=\"2500\">\n<li data-start=\"2450\" data-end=\"2464\">\n<p data-start=\"2452\" data-end=\"2464\">Meditaci\u00f3n<\/p>\n<\/li>\n<li data-start=\"2465\" data-end=\"2479\">\n<p data-start=\"2467\" data-end=\"2479\">Respiraci\u00f3n<\/p>\n<\/li>\n<li data-start=\"2480\" data-end=\"2500\">\n<p data-start=\"2482\" data-end=\"2500\">Relajaci\u00f3n sonora<\/p>\n<\/li>\n<\/ul>\n<hr data-start=\"2502\" data-end=\"2505\" \/>\n<h2 data-start=\"2507\" data-end=\"2534\">Ventajas para sus invitados<\/h2>\n<p data-start=\"2536\" data-end=\"2569\">Estas sesiones ayudan a los participantes:<\/p>\n<ul data-start=\"2571\" data-end=\"2689\">\n<li data-start=\"2571\" data-end=\"2602\">\n<p data-start=\"2573\" data-end=\"2602\">Sentirse conectado y con los pies en la tierra<\/p>\n<\/li>\n<li data-start=\"2603\" data-end=\"2622\">\n<p data-start=\"2605\" data-end=\"2622\">Liberar tensiones<\/p>\n<\/li>\n<li data-start=\"2623\" data-end=\"2649\">\n<p data-start=\"2625\" data-end=\"2649\">Mejorar la cohesi\u00f3n del grupo<\/p>\n<\/li>\n<li data-start=\"2650\" data-end=\"2689\">\n<p data-start=\"2652\" data-end=\"2689\">Experimentar la calma y la presencia compartidas<\/p>\n<\/li>\n<\/ul>\n<p data-start=\"2691\" data-end=\"2751\">El yoga crea de forma natural un ambiente acogedor y memorable.<\/p>\n<hr data-start=\"2753\" data-end=\"2756\" \/>\n<h2 data-start=\"2758\" data-end=\"2786\">Guiados por la experiencia local<\/h2>\n<p data-start=\"2788\" data-end=\"2885\">Todas las sesiones est\u00e1n guiadas por <strong data-start=\"2815\" data-end=\"2825\">Sergi<\/strong>, profesora de yoga titulada y l\u00edder de monta\u00f1a con base en Altea.<\/p>\n<p data-start=\"2887\" data-end=\"2998\">Su enfoque combina atenci\u00f3n plena, accesibilidad y ligereza, haciendo que la experiencia sea agradable para todos los niveles.<\/p>\n<hr data-start=\"3000\" data-end=\"3003\" \/>\n<h2 data-start=\"3005\" data-end=\"3023\">Detalles de la sesi\u00f3n<\/h2>\n<ul data-start=\"3025\" data-end=\"3117\">\n<li data-start=\"3025\" data-end=\"3051\">\n<p data-start=\"3027\" data-end=\"3051\">Sesiones privadas en grupo<\/p>\n<\/li>\n<li data-start=\"3052\" data-end=\"3089\">\n<p data-start=\"3054\" data-end=\"3089\">En su lugar de celebraci\u00f3n o al aire libre<\/p>\n<\/li>\n<li data-start=\"3090\" data-end=\"3117\">\n<p data-start=\"3092\" data-end=\"3117\">Apto para todos los niveles<\/p>\n<\/li>\n<\/ul>\n<hr data-start=\"3119\" data-end=\"3122\" \/>\n<h2 data-start=\"3124\" data-end=\"3134\">Precios<\/h2>\n<p data-start=\"3136\" data-end=\"3175\">Sesiones a partir de <strong data-start=\"3156\" data-end=\"3174\">150\u20ac por grupo<\/strong>.<\/p>\n<p data-start=\"3177\" data-end=\"3202\">El precio final depende de:<\/p>\n<ul data-start=\"3204\" data-end=\"3309\">\n<li data-start=\"3204\" data-end=\"3230\">\n<p data-start=\"3206\" data-end=\"3230\">N\u00famero de participantes<\/p>\n<\/li>\n<li data-start=\"3231\" data-end=\"3243\">\n<p data-start=\"3233\" data-end=\"3243\">Ubicaci\u00f3n<\/p>\n<\/li>\n<li data-start=\"3244\" data-end=\"3256\">\n<p data-start=\"3246\" data-end=\"3256\">Duraci\u00f3n<\/p>\n<\/li>\n<li data-start=\"3257\" data-end=\"3279\">\n<p data-start=\"3259\" data-end=\"3279\">Equipamiento necesario<\/p>\n<\/li>\n<li data-start=\"3280\" data-end=\"3309\">\n<p data-start=\"3282\" data-end=\"3309\">Tipo de sesi\u00f3n solicitada<\/p>\n<\/li>\n<\/ul>\n<p data-start=\"3311\" data-end=\"3370\">Cada experiencia se adapta a las necesidades de su evento o empresa.<\/p>\n<hr data-start=\"3372\" data-end=\"3375\" \/>\n<h2 data-start=\"3377\" data-end=\"3410\">Contin\u00fae su viaje hacia el bienestar<\/h2>\n<p data-start=\"3412\" data-end=\"3457\">Muchos organizadores combinan esta experiencia con:<\/p>\n<ul data-start=\"3459\" data-end=\"3536\">\n<li data-start=\"3459\" data-end=\"3483\">\n<p data-start=\"3461\" data-end=\"3483\"><a href=\"https:\/\/www.inspirealtea.com\/es\/experiencias\/clases-particulares-de-yoga-altea\/\">Clases particulares de yoga<\/a><\/p>\n<\/li>\n<li data-start=\"3484\" data-end=\"3506\">\n<p data-start=\"3486\" data-end=\"3506\"><a href=\"https:\/\/www.inspirealtea.com\/es\/senderismo-alicante\/\">Senderismo<\/a> Experiencias<\/p>\n<\/li>\n<li data-start=\"3507\" data-end=\"3536\">\n<p data-start=\"3509\" data-end=\"3536\"><a href=\"https:\/\/www.inspirealtea.com\/es\/ayurveda-en-altea\/\">Ayurveda<\/a> <a href=\"https:\/\/www.inspirealtea.com\/es\/experiencias\/fin-de-semana-de-rejuvenecimiento\/\">Retiro<\/a> Programas y Ayurveda <a href=\"https:\/\/www.inspirealtea.com\/es\/experiencias\/consulta-ayurveda-altea\/\">Consulta<\/a><\/p>\n<\/li>\n<\/ul>\n<hr data-start=\"3538\" data-end=\"3541\" \/>\n<h1 data-start=\"3543\" data-end=\"3561\">Preguntas frecuentes<\/h1>\n<p data-start=\"3563\" data-end=\"3646\"><strong data-start=\"3563\" data-end=\"3598\">\u00bfEs adecuado para principiantes?<\/strong><br data-start=\"3598\" data-end=\"3601\" \/>S\u00ed. Todas las sesiones se adaptan al nivel del grupo.<\/p>\n<p data-start=\"3648\" data-end=\"3762\"><strong data-start=\"3648\" data-end=\"3686\">\u00bfSe pueden celebrar sesiones en nuestro centro?<\/strong><br data-start=\"3686\" data-end=\"3689\" \/>S\u00ed. El yoga puede tener lugar en tu lugar de retiro, villa o espacio para eventos.<\/p>\n<p data-start=\"3764\" data-end=\"3860\"><strong data-start=\"3764\" data-end=\"3798\">\u00bfOfrece sesiones al aire libre?<\/strong><br data-start=\"3798\" data-end=\"3801\" \/>S\u00ed. Las sesiones al aire libre est\u00e1n disponibles dependiendo del lugar.<\/p>\n<p data-start=\"3862\" data-end=\"3945\"><strong data-start=\"3862\" data-end=\"3888\">\u00bfCu\u00e1nto dura una sesi\u00f3n?<\/strong><br data-start=\"3888\" data-end=\"3891\" \/>Normalmente 60 minutos, con opciones ampliadas disponibles.<\/p>\n<p data-start=\"3947\" data-end=\"4030\"><strong data-start=\"3947\" data-end=\"3991\">\u00bfPodemos incluir la meditaci\u00f3n o la respiraci\u00f3n?<\/strong><br data-start=\"3991\" data-end=\"3994\" \/>S\u00ed. Se pueden a\u00f1adir elementos opcionales.<\/p>\n<p data-start=\"4032\" data-end=\"4205\"><strong data-start=\"4032\" data-end=\"4065\">\u00bfCu\u00e1nto cuesta una sesi\u00f3n?<\/strong><br data-start=\"4065\" data-end=\"4068\" \/>Las sesiones empiezan a partir de 150 euros por grupo. El precio final depende del n\u00famero de participantes, la ubicaci\u00f3n, la duraci\u00f3n, el equipo y el tipo de sesi\u00f3n.<\/p>","protected":false},"excerpt":{"rendered":"<p data-start=\"2000\" data-end=\"2206\">Lleva el yoga a tu evento o retiro en Altea.<br data-start=\"392\" data-end=\"395\" \/>Sesiones personalizadas dise\u00f1adas para crear conexi\u00f3n, calma y experiencias compartidas \u2014 ideales para bodas, retiros y reuniones privadas.<\/p>","protected":false},"featured_media":35,"comment_status":"open","ping_status":"closed","template":"","meta":{"nf_dc_page":"","om_disable_all_campaigns":false,"_monsterinsights_skip_tracking":false,"_monsterinsights_sitenote_active":false,"_monsterinsights_sitenote_note":"","_monsterinsights_sitenote_category":0,"_uf_show_specific_survey":0,"_uf_disable_surveys":false,"jetpack_post_was_ever_published":false,"jetpack_publicize_message":"","jetpack_publicize_feature_enabled":true,"jetpack_social_post_already_shared":false,"jetpack_social_options":{"image_generator_settings":{"template":"highway","default_image_id":0,"font":"","enabled":false},"version":2}},"product_brand":[35],"product_cat":[34,24],"product_tag":[395,397,46,53,396,393,52,43,394,398,392,49],"class_list":{"0":"post-161","1":"product","2":"type-product","3":"status-publish","4":"has-post-thumbnail","6":"product_brand-inspire-altea","7":"product_cat-retreats-special-events","8":"product_cat-wellbeing-experiences","9":"product_tag-corporate-wellness-yoga","10":"product_tag-costa-blanca-retreats","11":"product_tag-group-yoga-sessions","12":"product_tag-mindful-celebrations","13":"product_tag-outdoor-yoga-events","14":"product_tag-private-yoga-events","15":"product_tag-retreat-yoga-altea","16":"product_tag-wedding-yoga","17":"product_tag-wellness-retreats-altea","18":"product_tag-yoga-experiences-altea","19":"product_tag-yoga-for-events","20":"product_tag-yoga-for-groups","22":"first","23":"instock","24":"virtual","25":"purchasable","26":"product-type-simple"},"yoast_head":"<!-- This site is optimized with the Yoast SEO Premium plugin v27.3 (Yoast SEO v27.4) - https:\/\/yoast.com\/product\/yoast-seo-premium-wordpress\/ -->\n<title>Yoga for Events &amp; Retreats in Altea | Private Group Sessions<\/title>\n<meta name=\"description\" content=\"Private yoga sessions for events and retreats in Altea. Custom group experiences from 150\u20ac. Ideal for weddings, wellness weekends &amp; corporate retreats.\" \/>\n<meta name=\"robots\" content=\"index, follow, max-snippet:-1, max-image-preview:large, max-video-preview:-1\" \/>\n<link rel=\"canonical\" href=\"https:\/\/www.inspirealtea.com\/es\/experiencias\/yoga-para-eventos-retiros-altea\/\" \/>\n<meta property=\"og:locale\" content=\"es_ES\" \/>\n<meta property=\"og:type\" content=\"article\" \/>\n<meta property=\"og:title\" content=\"Yoga for Events &amp; Retreats in Altea\" \/>\n<meta property=\"og:description\" content=\"Private yoga sessions for events and retreats in Altea. Custom group experiences from 150\u20ac. Ideal for weddings, wellness weekends &amp; corporate retreats.\" \/>\n<meta property=\"og:url\" content=\"https:\/\/www.inspirealtea.com\/es\/experiencias\/yoga-para-eventos-retiros-altea\/\" \/>\n<meta property=\"og:site_name\" content=\"Yoga, Ayurveda and Hiking | Inspire Altea\" \/>\n<meta property=\"article:publisher\" content=\"https:\/\/www.facebook.com\/yogaayurveda.altea\" \/>\n<meta property=\"article:modified_time\" content=\"2026-02-24T15:43:01+00:00\" \/>\n<meta property=\"og:image\" content=\"https:\/\/www.inspirealtea.com\/wp-content\/uploads\/2025\/10\/photo-1706550631637-d9fa9b425016-2.jpg\" \/>\n\t<meta property=\"og:image:width\" content=\"1200\" \/>\n\t<meta property=\"og:image:height\" content=\"1800\" \/>\n\t<meta property=\"og:image:type\" content=\"image\/jpeg\" \/>\n<meta name=\"twitter:card\" content=\"summary_large_image\" \/>\n<meta name=\"twitter:label1\" content=\"Tiempo de lectura\" \/>\n\t<meta name=\"twitter:data1\" content=\"2 minutos\" \/>\n<!-- \/ Yoast SEO Premium plugin. -->","yoast_head_json":{"title":"Yoga para eventos y retiros en Altea | Sesiones privadas en grupo","description":"Sesiones privadas de yoga para eventos y retiros en Altea. Experiencias personalizadas para grupos desde 150\u20ac. Ideal para bodas, fines de semana de bienestar y retiros corporativos.","robots":{"index":"index","follow":"follow","max-snippet":"max-snippet:-1","max-image-preview":"max-image-preview:large","max-video-preview":"max-video-preview:-1"},"canonical":"https:\/\/www.inspirealtea.com\/es\/experiencias\/yoga-para-eventos-retiros-altea\/","og_locale":"es_ES","og_type":"article","og_title":"Yoga for Events & Retreats in Altea","og_description":"Private yoga sessions for events and retreats in Altea. Custom group experiences from 150\u20ac. Ideal for weddings, wellness weekends & corporate retreats.","og_url":"https:\/\/www.inspirealtea.com\/es\/experiencias\/yoga-para-eventos-retiros-altea\/","og_site_name":"Yoga, Ayurveda and Hiking | Inspire Altea","article_publisher":"https:\/\/www.facebook.com\/yogaayurveda.altea","article_modified_time":"2026-02-24T15:43:01+00:00","og_image":[{"width":1200,"height":1800,"url":"https:\/\/www.inspirealtea.com\/wp-content\/uploads\/2025\/10\/photo-1706550631637-d9fa9b425016-2.jpg","type":"image\/jpeg"}],"twitter_card":"summary_large_image","twitter_misc":{"Tiempo de lectura":"2 minutos"},"schema":{"@context":"https:\/\/schema.org","@graph":[{"@type":"WebPage","@id":"https:\/\/www.inspirealtea.com\/experiences\/yoga-for-events-retreats-altea\/","url":"https:\/\/www.inspirealtea.com\/experiences\/yoga-for-events-retreats-altea\/","name":"Yoga para eventos y retiros en Altea | Sesiones privadas en grupo","isPartOf":{"@id":"https:\/\/www.inspirealtea.com\/#website"},"primaryImageOfPage":{"@id":"https:\/\/www.inspirealtea.com\/experiences\/yoga-for-events-retreats-altea\/#primaryimage"},"image":{"@id":"https:\/\/www.inspirealtea.com\/experiences\/yoga-for-events-retreats-altea\/#primaryimage"},"thumbnailUrl":"https:\/\/i0.wp.com\/www.inspirealtea.com\/wp-content\/uploads\/2025\/10\/photo-1706550631637-d9fa9b425016-2.jpg?fit=1200%2C1800&ssl=1","datePublished":"2025-10-23T08:58:10+00:00","dateModified":"2026-02-24T15:43:01+00:00","description":"Sesiones privadas de yoga para eventos y retiros en Altea. Experiencias personalizadas para grupos desde 150\u20ac. Ideal para bodas, fines de semana de bienestar y retiros corporativos.","breadcrumb":{"@id":"https:\/\/www.inspirealtea.com\/experiences\/yoga-for-events-retreats-altea\/#breadcrumb"},"inLanguage":"es","potentialAction":[{"@type":"ReadAction","target":["https:\/\/www.inspirealtea.com\/experiences\/yoga-for-events-retreats-altea\/"]}]},{"@type":"ImageObject","inLanguage":"es","@id":"https:\/\/www.inspirealtea.com\/experiences\/yoga-for-events-retreats-altea\/#primaryimage","url":"https:\/\/i0.wp.com\/www.inspirealtea.com\/wp-content\/uploads\/2025\/10\/photo-1706550631637-d9fa9b425016-2.jpg?fit=1200%2C1800&ssl=1","contentUrl":"https:\/\/i0.wp.com\/www.inspirealtea.com\/wp-content\/uploads\/2025\/10\/photo-1706550631637-d9fa9b425016-2.jpg?fit=1200%2C1800&ssl=1","width":1200,"height":1800,"caption":"Join customized yoga experiences designed for private events, retreats, and special occasions. Feel refreshed and connected through mindful movement."},{"@type":"BreadcrumbList","@id":"https:\/\/www.inspirealtea.com\/experiences\/yoga-for-events-retreats-altea\/#breadcrumb","itemListElement":[{"@type":"ListItem","position":1,"name":"Home","item":"https:\/\/www.inspirealtea.com\/"},{"@type":"ListItem","position":2,"name":"Experiences","item":"https:\/\/www.inspirealtea.com\/experiences\/"},{"@type":"ListItem","position":3,"name":"Wellbeing experiences","item":"https:\/\/www.inspirealtea.com\/product-category\/wellbeing-experiences\/"},{"@type":"ListItem","position":4,"name":"Retreats &amp; Special Events","item":"https:\/\/www.inspirealtea.com\/product-category\/wellbeing-experiences\/retreats-special-events\/"},{"@type":"ListItem","position":5,"name":"Yoga for Events &#038; Retreats in Altea"}]},{"@type":"WebSite","@id":"https:\/\/www.inspirealtea.com\/#website","url":"https:\/\/www.inspirealtea.com\/","name":"Yoga, Ayurveda y Senderismo | Inspire Altea","description":"Explora tus l\u00edmites con el Yoga, el Ayurveda y el Senderismo en Altea, Alicante \u2014 un santuario para el bienestar junto al Mediterr\u00e1neo.","publisher":{"@id":"https:\/\/www.inspirealtea.com\/#organization"},"alternateName":"Inspire Altea \u2013 Yoga, Ayurveda & Hiking","potentialAction":[{"@type":"SearchAction","target":{"@type":"EntryPoint","urlTemplate":"https:\/\/www.inspirealtea.com\/?s={search_term_string}"},"query-input":{"@type":"PropertyValueSpecification","valueRequired":true,"valueName":"search_term_string"}}],"inLanguage":"es"},{"@type":"Organization","@id":"https:\/\/www.inspirealtea.com\/#organization","name":"Yoga, Ayurveda y Senderismo | Inspire Altea","alternateName":"IA Yoga Ayurveda Hike","url":"https:\/\/www.inspirealtea.com\/","logo":{"@type":"ImageObject","inLanguage":"es","@id":"https:\/\/www.inspirealtea.com\/#\/schema\/logo\/image\/","url":"https:\/\/i0.wp.com\/www.inspirealtea.com\/wp-content\/uploads\/2025\/10\/Logo-Inspire-Altea.png?fit=1024%2C1024&ssl=1","contentUrl":"https:\/\/i0.wp.com\/www.inspirealtea.com\/wp-content\/uploads\/2025\/10\/Logo-Inspire-Altea.png?fit=1024%2C1024&ssl=1","width":1024,"height":1024,"caption":"Yoga, Ayurveda and Hiking | Inspire Altea"},"image":{"@id":"https:\/\/www.inspirealtea.com\/#\/schema\/logo\/image\/"},"sameAs":["https:\/\/www.facebook.com\/yogaayurveda.altea","https:\/\/www.instagram.com\/inspirealtea\/","https:\/\/www.linkedin.com\/in\/sergio-cisneros-galea","https:\/\/www.youtube.com\/@inspirealtea","https:\/\/gravatar.com\/sergiocisnerosgalea"],"description":"Discover holistic wellbeing experiences in Altea that connect body, mind, and nature. From yoga and Ayurveda to guided hiking and personalized retreats \u2014 all designed to help you restore balance, vitality, and inner peace.","email":"inspirealtea@gmail.com","telephone":"+33 6 07 42 58 97","legalName":"Sergio Cisneros Galea","foundingDate":"2019-11-11","numberOfEmployees":{"@type":"QuantitativeValue","minValue":"1","maxValue":"10"},"publishingPrinciples":"https:\/\/www.inspirealtea.com\/who-i-am\/"}]}},"jetpack_publicize_connections":[],"jetpack_sharing_enabled":true,"_links":{"self":[{"href":"https:\/\/www.inspirealtea.com\/es\/wp-json\/wp\/v2\/product\/161","targetHints":{"allow":["GET"]}}],"collection":[{"href":"https:\/\/www.inspirealtea.com\/es\/wp-json\/wp\/v2\/product"}],"about":[{"href":"https:\/\/www.inspirealtea.com\/es\/wp-json\/wp\/v2\/types\/product"}],"replies":[{"embeddable":true,"href":"https:\/\/www.inspirealtea.com\/es\/wp-json\/wp\/v2\/comments?post=161"}],"wp:featuredmedia":[{"embeddable":true,"href":"https:\/\/www.inspirealtea.com\/es\/wp-json\/wp\/v2\/media\/35"}],"wp:attachment":[{"href":"https:\/\/www.inspirealtea.com\/es\/wp-json\/wp\/v2\/media?parent=161"}],"wp:term":[{"taxonomy":"product_brand","embeddable":true,"href":"https:\/\/www.inspirealtea.com\/es\/wp-json\/wp\/v2\/product_brand?post=161"},{"taxonomy":"product_cat","embeddable":true,"href":"https:\/\/www.inspirealtea.com\/es\/wp-json\/wp\/v2\/product_cat?post=161"},{"taxonomy":"product_tag","embeddable":true,"href":"https:\/\/www.inspirealtea.com\/es\/wp-json\/wp\/v2\/product_tag?post=161"}],"curies":[{"name":"wp","href":"https:\/\/api.w.org\/{rel}","templated":true}]}}