{"id":136,"date":"2025-10-22T12:01:40","date_gmt":"2025-10-22T10:01:40","guid":{"rendered":"https:\/\/www.inspirealtea.com\/?post_type=product&#038;p=136"},"modified":"2026-04-02T14:43:39","modified_gmt":"2026-04-02T13:43:39","slug":"clases-particulares-de-yoga-altea","status":"publish","type":"product","link":"https:\/\/www.inspirealtea.com\/es\/experiences\/private-yoga-classes-altea\/","title":{"rendered":"Clases Privadas de Yoga en Altea | 1:1 y Grupos Reducidos"},"content":{"rendered":"<h4 data-start=\"785\" data-end=\"891\"><strong data-start=\"790\" data-end=\"891\">Descubre el poder de un viaje personal de yoga con Clases Privadas de Yoga en Altea por Inspire Altea<\/strong><\/h4>\n<p data-start=\"893\" data-end=\"1056\">Cada clase est\u00e1 dise\u00f1ada para satisfacer las necesidades de tu cuerpo en las cinco dimensiones: f\u00edsica, energ\u00e9tica, emocional, ps\u00edquica y espiritual. Ganar\u00e1s confianza, perfeccionar\u00e1s la alineaci\u00f3n y profundizar\u00e1s en tu pr\u00e1ctica de la meditaci\u00f3n y la respiraci\u00f3n.<\/p>\n<p data-start=\"893\" data-end=\"1056\">\ud83e\uddd8\u200d\u2640\ufe0f <strong data-start=\"576\" data-end=\"597\">Duraci\u00f3n de la sesi\u00f3n:<\/strong> 60 minutos. Cada clase es una experiencia completa y personalizada adaptada a tu ritmo, energ\u00eda y objetivos.<\/p>\n<p data-start=\"1058\" data-end=\"1238\">\ud83c\udf3f <strong data-start=\"1061\" data-end=\"1077\">Perfecto para:<\/strong><br data-start=\"1077\" data-end=\"1080\" \/>- Individuos, parejas o peque\u00f1os grupos privados.<br data-start=\"1128\" data-end=\"1131\" \/>- Todos los niveles son bienvenidos, desde principiantes hasta practicantes avanzados.<br data-start=\"1194\" data-end=\"1197\" \/>- Sesiones en interior, exterior o en casa.<\/p>\n<p data-start=\"1240\" data-end=\"1327\">Experimente el yoga en un entorno tranquilo y consciente rodeado de la belleza de Altea. Estos <strong data-start=\"988\" data-end=\"1021\">Clases Privadas de Yoga en Altea<\/strong> son la forma perfecta de conectar con su equilibrio interior mientras disfruta del ambiente mediterr\u00e1neo.<\/p>\n<section id=\"h.25cdcba8c5d95267_285\" class=\"yaqOZd\">\n<div class=\"mYVXT\">\n<div class=\"LS81yb VICjCf j5pSsc db35Fc\" tabindex=\"-1\">\n<div class=\"hJDwNd-AhqUyc-uQSCkd Ft7HRd-AhqUyc-uQSCkd purZT-AhqUyc-II5mzb ZcASvf-AhqUyc-II5mzb pSzOP-AhqUyc-qWD73c Ktthjf-AhqUyc-qWD73c JNdkSc SQVYQc\">\n<div class=\"JNdkSc-SmKAyb LkDMRd\">\n<div class=\"\">\n<div class=\"oKdM2c ZZyype Kzv0Me\">\n<div id=\"h.25cdcba8c5d95267_288\" class=\"hJDwNd-AhqUyc-uQSCkd Ft7HRd-AhqUyc-uQSCkd jXK9ad D2fZ2 zu5uec OjCsFc dmUFtb wHaque g5GTcb\">\n<div class=\"jXK9ad-SmKAyb\">\n<div class=\"tyJCtd mGzaTb Depvyb baZpAe\">\n<hr data-start=\"1329\" data-end=\"1332\" \/>\n<figure id=\"attachment_59\" aria-describedby=\"caption-attachment-59\" style=\"width: 197px\" class=\"wp-caption alignnone\"><a href=\"https:\/\/www.inspirealtea.com\/es\/quien-soy\/\"><img data-recalc-dims=\"1\" decoding=\"async\" loading=\"lazy\" class=\"size-medium wp-image-59\" src=\"https:\/\/i0.wp.com\/www.inspirealtea.com\/wp-content\/uploads\/2025\/10\/Yoga-2.webp?resize=197%2C300&#038;ssl=1\" alt=\"Dhariya ense\u00f1ando yoga en Altea - Profesor Internacional de Yoga Certificado\" width=\"197\" height=\"300\" srcset=\"https:\/\/i0.wp.com\/www.inspirealtea.com\/wp-content\/uploads\/2025\/10\/Yoga-2.webp?resize=197%2C300&amp;ssl=1 197w, https:\/\/i0.wp.com\/www.inspirealtea.com\/wp-content\/uploads\/2025\/10\/Yoga-2.webp?w=347&amp;ssl=1 347w\" sizes=\"auto, (max-width: 197px) 100vw, 197px\" \/><\/a><figcaption id=\"caption-attachment-59\" class=\"wp-caption-text\">Sergi Dhariya, Profesor de Yoga Certificado Internacionalmente en Altea, ofreciendo yoga aut\u00e9ntico inspirado por Maestros Indios.<\/figcaption><\/figure>\n<h3 data-start=\"1334\" data-end=\"1436\"><strong style=\"font-size: 16px;\" data-start=\"1338\" data-end=\"1436\">Yoga dirigido por Sergi Dhariya, un Profesor de Yoga certificado internacionalmente, influenciado por Maestros de Yoga indios.<\/strong><\/h3>\n<p data-start=\"1338\" data-end=\"1420\">Sergi Dhariya imparte aut\u00e9nticas clases de yoga en Altea, inspiradas en los maestros tradicionales de la India.<\/p>\n<p data-start=\"1422\" data-end=\"1596\">Comenz\u00f3 su andadura en el yoga en el Reino Unido, donde descubri\u00f3 la esencia del yoga cl\u00e1sico con Yogacharya Janadev y Yogacharini Deepika en el Yoga Satsanga Ashram de Gales.<\/p>\n<p data-start=\"1598\" data-end=\"1878\">Tras a\u00f1os de pr\u00e1ctica constante y transformaci\u00f3n notable, decidi\u00f3 profundizar. Por ello, viaj\u00f3 a Mallorca para completar una formaci\u00f3n de 200 horas como profesor de m\u00faltiples estilos de yoga (Hatha, Ashtanga, Vinyasa y Yin Yoga) en Green Yoga International con Amrendra (Indrjeet Dev).<\/p>\n<p data-start=\"1880\" data-end=\"2119\">M\u00e1s tarde, continu\u00f3 estudiando Hatha Yoga con Yogini Durga en Ard\u00e8che, Francia. Esta formaci\u00f3n avanzada de 500 horas integr\u00f3 filosof\u00eda y aplicaci\u00f3n a la vida cotidiana. Como resultado, su ense\u00f1anza combina precisi\u00f3n, conciencia y profundidad espiritual.<\/p>\n<p data-start=\"2121\" data-end=\"2368\">El estilo de yoga de Sergi Dhariya sigue el linaje del Kundalini Yoga, el Tantra Yoga y el Yoga del Sonido. Adem\u00e1s, su obra refleja la sabidur\u00eda de maestros como Sri Ramana Maharshi, Swami Satyananda Saraswati, Swami Vidyanand, Patrick Torre y Shannon Gannon.<\/p>\n<p data-start=\"2370\" data-end=\"2525\">Estos <strong data-start=\"2376\" data-end=\"2409\">Privado <a href=\"https:\/\/www.inspirealtea.com\/es\/yoga-en-altea\/\">Yoga<\/a> Clases en Altea<\/strong> combinan las ense\u00f1anzas tradicionales con la comprensi\u00f3n moderna para ayudarle a encontrar la paz interior, la fuerza y el conocimiento de s\u00ed mismo.<\/p>\n<p data-start=\"2370\" data-end=\"2525\">Leer el art\u00edculo relacionado : <a href=\"https:\/\/www.inspirealtea.com\/es\/yoga-al-aire-libre-mar-mediterraneo\/\">Yoga junto al Mediterr\u00e1neo, una nueva dimensi\u00f3n de la pr\u00e1ctica<\/a><\/p>\n<\/div>\n<p data-start=\"2359\" data-end=\"2473\">Tambi\u00e9n puede unirse a nuestro <a href=\"https:\/\/www.inspirealtea.com\/es\/experiencias\/clases-de-yoga-en-grupo-altea\/\">Clases de yoga en grupo<\/a> en Altea o explore nuestra <a href=\"https:\/\/www.inspirealtea.com\/es\/experiencias\/afiliacion-yoga-altea\/\">Afiliaci\u00f3n al yoga<\/a> para una pr\u00e1ctica semanal constante. <a href=\"https:\/\/www.inspirealtea.com\/es\/senderismo-alicante\/\">Caminata<\/a> en las Monta\u00f1as de Alicante, o Sum\u00e9rjase en las Joyas de <a href=\"https:\/\/www.inspirealtea.com\/es\/ayurveda-en-altea\/\">Ayurveda<\/a> La ciencia.<\/p>\n<\/div>\n<\/div>\n<\/div>\n<\/div>\n<\/div>\n<\/div>\n<\/div>\n<\/div>\n<\/section>","protected":false},"excerpt":{"rendered":"<p data-start=\"870\" data-end=\"1046\">Clases privadas de yoga a medida en Altea para individuos, parejas o grupos peque\u00f1os. Una sesi\u00f3n personalizada de 60 minutos en interior, exterior o en tu alojamiento - guiada por Sergio.<\/p>","protected":false},"featured_media":846,"comment_status":"open","ping_status":"closed","template":"","meta":{"nf_dc_page":"","om_disable_all_campaigns":false,"_monsterinsights_skip_tracking":false,"_monsterinsights_sitenote_active":false,"_monsterinsights_sitenote_note":"","_monsterinsights_sitenote_category":0,"_uf_show_specific_survey":0,"_uf_disable_surveys":false,"jetpack_post_was_ever_published":false,"jetpack_publicize_message":"","jetpack_publicize_feature_enabled":true,"jetpack_social_post_already_shared":false,"jetpack_social_options":{"image_generator_settings":{"template":"highway","default_image_id":0,"font":"","enabled":false},"version":2}},"product_brand":[35],"product_cat":[24,22],"product_tag":[352,346,355,36,351,354,356,26,353],"class_list":{"0":"post-136","1":"product","2":"type-product","3":"status-publish","4":"has-post-thumbnail","6":"product_brand-inspire-altea","7":"product_cat-wellbeing-experiences","8":"product_cat-yoga-classes","9":"product_tag-one-to-one-yoga-altea","10":"product_tag-outdoor-yoga-altea","11":"product_tag-personalised-yoga-session","12":"product_tag-private-yoga-altea","13":"product_tag-private-yoga-class-altea","14":"product_tag-small-group-yoga-altea","15":"product_tag-yoga-at-your-accommodation","16":"product_tag-yoga-costa-blanca","17":"product_tag-yoga-for-couples-altea","19":"first","20":"instock","21":"featured","22":"virtual","23":"purchasable","24":"product-type-simple"},"yoast_head":"<!-- This site is optimized with the Yoast SEO Premium plugin v27.3 (Yoast SEO v27.4) - https:\/\/yoast.com\/product\/yoast-seo-premium-wordpress\/ -->\n<title>Private Yoga Classes in Altea | Personal 1:1 Sessions<\/title>\n<meta name=\"description\" content=\"Private yoga classes in Altea tailored for individuals, couples or small groups. Personalised 60-minute sessions or at your accommodation near Alicante.\" \/>\n<meta name=\"robots\" content=\"index, follow, max-snippet:-1, max-image-preview:large, max-video-preview:-1\" \/>\n<link rel=\"canonical\" href=\"https:\/\/www.inspirealtea.com\/es\/experiencias\/clases-particulares-de-yoga-altea\/\" \/>\n<meta property=\"og:locale\" content=\"es_ES\" \/>\n<meta property=\"og:type\" content=\"article\" \/>\n<meta property=\"og:title\" content=\"Private Yoga Classes in Altea | 1:1 &amp; Small Groups\" \/>\n<meta property=\"og:description\" content=\"Tailored private yoga classes in Altea for individuals, couples or small groups. A 60-minute personalised session indoors, outdoors or at your accommodation \u2014 guided by Sergi Dhariya.\" \/>\n<meta property=\"og:url\" content=\"https:\/\/www.inspirealtea.com\/es\/experiencias\/clases-particulares-de-yoga-altea\/\" \/>\n<meta property=\"og:site_name\" content=\"Yoga, Ayurveda and Hiking | Inspire Altea\" \/>\n<meta property=\"article:publisher\" content=\"https:\/\/www.facebook.com\/yogaayurveda.altea\" \/>\n<meta property=\"article:modified_time\" content=\"2026-04-02T13:43:39+00:00\" \/>\n<meta property=\"og:image\" content=\"https:\/\/www.inspirealtea.com\/wp-content\/uploads\/2025\/11\/pexels-photo-5928258.webp\" \/>\n\t<meta property=\"og:image:width\" content=\"1880\" \/>\n\t<meta property=\"og:image:height\" content=\"1253\" \/>\n\t<meta property=\"og:image:type\" content=\"image\/webp\" \/>\n<meta name=\"twitter:card\" content=\"summary_large_image\" \/>\n<meta name=\"twitter:label1\" content=\"Tiempo de lectura\" \/>\n\t<meta name=\"twitter:data1\" content=\"3 minutos\" \/>\n<!-- \/ Yoast SEO Premium plugin. -->","yoast_head_json":{"title":"Clases Privadas de Yoga en Altea | Sesiones Personales 1:1","description":"Clases privadas de yoga en Altea adaptadas a individuos, parejas o peque\u00f1os grupos. Sesiones personalizadas de 60 minutos o en tu alojamiento cerca de Alicante.","robots":{"index":"index","follow":"follow","max-snippet":"max-snippet:-1","max-image-preview":"max-image-preview:large","max-video-preview":"max-video-preview:-1"},"canonical":"https:\/\/www.inspirealtea.com\/es\/experiencias\/clases-particulares-de-yoga-altea\/","og_locale":"es_ES","og_type":"article","og_title":"Private Yoga Classes in Altea | 1:1 & Small Groups","og_description":"Tailored private yoga classes in Altea for individuals, couples or small groups. A 60-minute personalised session indoors, outdoors or at your accommodation \u2014 guided by Sergi Dhariya.","og_url":"https:\/\/www.inspirealtea.com\/es\/experiencias\/clases-particulares-de-yoga-altea\/","og_site_name":"Yoga, Ayurveda and Hiking | Inspire Altea","article_publisher":"https:\/\/www.facebook.com\/yogaayurveda.altea","article_modified_time":"2026-04-02T13:43:39+00:00","og_image":[{"width":1880,"height":1253,"url":"https:\/\/www.inspirealtea.com\/wp-content\/uploads\/2025\/11\/pexels-photo-5928258.webp","type":"image\/webp"}],"twitter_card":"summary_large_image","twitter_misc":{"Tiempo de lectura":"3 minutos"},"schema":{"@context":"https:\/\/schema.org","@graph":[{"@type":"WebPage","@id":"https:\/\/www.inspirealtea.com\/experiences\/private-yoga-classes-altea\/","url":"https:\/\/www.inspirealtea.com\/experiences\/private-yoga-classes-altea\/","name":"Clases Privadas de Yoga en Altea | Sesiones Personales 1:1","isPartOf":{"@id":"https:\/\/www.inspirealtea.com\/#website"},"primaryImageOfPage":{"@id":"https:\/\/www.inspirealtea.com\/experiences\/private-yoga-classes-altea\/#primaryimage"},"image":{"@id":"https:\/\/www.inspirealtea.com\/experiences\/private-yoga-classes-altea\/#primaryimage"},"thumbnailUrl":"https:\/\/i0.wp.com\/www.inspirealtea.com\/wp-content\/uploads\/2025\/11\/pexels-photo-5928258.webp?fit=1880%2C1253&ssl=1","datePublished":"2025-10-22T10:01:40+00:00","dateModified":"2026-04-02T13:43:39+00:00","description":"Clases privadas de yoga en Altea adaptadas a individuos, parejas o peque\u00f1os grupos. Sesiones personalizadas de 60 minutos o en tu alojamiento cerca de Alicante.","breadcrumb":{"@id":"https:\/\/www.inspirealtea.com\/experiences\/private-yoga-classes-altea\/#breadcrumb"},"inLanguage":"es","potentialAction":[{"@type":"ReadAction","target":["https:\/\/www.inspirealtea.com\/experiences\/private-yoga-classes-altea\/"]}]},{"@type":"ImageObject","inLanguage":"es","@id":"https:\/\/www.inspirealtea.com\/experiences\/private-yoga-classes-altea\/#primaryimage","url":"https:\/\/i0.wp.com\/www.inspirealtea.com\/wp-content\/uploads\/2025\/11\/pexels-photo-5928258.webp?fit=1880%2C1253&ssl=1","contentUrl":"https:\/\/i0.wp.com\/www.inspirealtea.com\/wp-content\/uploads\/2025\/11\/pexels-photo-5928258.webp?fit=1880%2C1253&ssl=1","width":1880,"height":1253,"caption":"Private yoga session in Altea with two participants practicing by the sea in a peaceful setting."},{"@type":"BreadcrumbList","@id":"https:\/\/www.inspirealtea.com\/experiences\/private-yoga-classes-altea\/#breadcrumb","itemListElement":[{"@type":"ListItem","position":1,"name":"Home","item":"https:\/\/www.inspirealtea.com\/"},{"@type":"ListItem","position":2,"name":"Experiences","item":"https:\/\/www.inspirealtea.com\/experiences\/"},{"@type":"ListItem","position":3,"name":"Wellbeing experiences","item":"https:\/\/www.inspirealtea.com\/product-category\/wellbeing-experiences\/"},{"@type":"ListItem","position":4,"name":"Yoga Classes","item":"https:\/\/www.inspirealtea.com\/product-category\/wellbeing-experiences\/yoga-classes\/"},{"@type":"ListItem","position":5,"name":"Private Yoga Classes in Altea | 1:1 &#038; Small Groups"}]},{"@type":"WebSite","@id":"https:\/\/www.inspirealtea.com\/#website","url":"https:\/\/www.inspirealtea.com\/","name":"Yoga, Ayurveda y Senderismo | Inspire Altea","description":"Explora tus l\u00edmites con el Yoga, el Ayurveda y el Senderismo en Altea, Alicante \u2014 un santuario para el bienestar junto al Mediterr\u00e1neo.","publisher":{"@id":"https:\/\/www.inspirealtea.com\/#organization"},"alternateName":"Inspire Altea \u2013 Yoga, Ayurveda & Hiking","potentialAction":[{"@type":"SearchAction","target":{"@type":"EntryPoint","urlTemplate":"https:\/\/www.inspirealtea.com\/?s={search_term_string}"},"query-input":{"@type":"PropertyValueSpecification","valueRequired":true,"valueName":"search_term_string"}}],"inLanguage":"es"},{"@type":"Organization","@id":"https:\/\/www.inspirealtea.com\/#organization","name":"Yoga, Ayurveda y Senderismo | Inspire Altea","alternateName":"IA Yoga Ayurveda Hike","url":"https:\/\/www.inspirealtea.com\/","logo":{"@type":"ImageObject","inLanguage":"es","@id":"https:\/\/www.inspirealtea.com\/#\/schema\/logo\/image\/","url":"https:\/\/i0.wp.com\/www.inspirealtea.com\/wp-content\/uploads\/2025\/10\/Logo-Inspire-Altea.png?fit=1024%2C1024&ssl=1","contentUrl":"https:\/\/i0.wp.com\/www.inspirealtea.com\/wp-content\/uploads\/2025\/10\/Logo-Inspire-Altea.png?fit=1024%2C1024&ssl=1","width":1024,"height":1024,"caption":"Yoga, Ayurveda and Hiking | Inspire Altea"},"image":{"@id":"https:\/\/www.inspirealtea.com\/#\/schema\/logo\/image\/"},"sameAs":["https:\/\/www.facebook.com\/yogaayurveda.altea","https:\/\/www.instagram.com\/inspirealtea\/","https:\/\/www.linkedin.com\/in\/sergio-cisneros-galea","https:\/\/www.youtube.com\/@inspirealtea","https:\/\/gravatar.com\/sergiocisnerosgalea"],"description":"Discover holistic wellbeing experiences in Altea that connect body, mind, and nature. From yoga and Ayurveda to guided hiking and personalized retreats \u2014 all designed to help you restore balance, vitality, and inner peace.","email":"inspirealtea@gmail.com","telephone":"+33 6 07 42 58 97","legalName":"Sergio Cisneros Galea","foundingDate":"2019-11-11","numberOfEmployees":{"@type":"QuantitativeValue","minValue":"1","maxValue":"10"},"publishingPrinciples":"https:\/\/www.inspirealtea.com\/who-i-am\/"}]}},"jetpack_publicize_connections":[],"jetpack_sharing_enabled":true,"_links":{"self":[{"href":"https:\/\/www.inspirealtea.com\/es\/wp-json\/wp\/v2\/product\/136","targetHints":{"allow":["GET"]}}],"collection":[{"href":"https:\/\/www.inspirealtea.com\/es\/wp-json\/wp\/v2\/product"}],"about":[{"href":"https:\/\/www.inspirealtea.com\/es\/wp-json\/wp\/v2\/types\/product"}],"replies":[{"embeddable":true,"href":"https:\/\/www.inspirealtea.com\/es\/wp-json\/wp\/v2\/comments?post=136"}],"wp:featuredmedia":[{"embeddable":true,"href":"https:\/\/www.inspirealtea.com\/es\/wp-json\/wp\/v2\/media\/846"}],"wp:attachment":[{"href":"https:\/\/www.inspirealtea.com\/es\/wp-json\/wp\/v2\/media?parent=136"}],"wp:term":[{"taxonomy":"product_brand","embeddable":true,"href":"https:\/\/www.inspirealtea.com\/es\/wp-json\/wp\/v2\/product_brand?post=136"},{"taxonomy":"product_cat","embeddable":true,"href":"https:\/\/www.inspirealtea.com\/es\/wp-json\/wp\/v2\/product_cat?post=136"},{"taxonomy":"product_tag","embeddable":true,"href":"https:\/\/www.inspirealtea.com\/es\/wp-json\/wp\/v2\/product_tag?post=136"}],"curies":[{"name":"wp","href":"https:\/\/api.w.org\/{rel}","templated":true}]}}