{"id":130,"date":"2025-10-22T09:35:52","date_gmt":"2025-10-22T08:35:52","guid":{"rendered":"https:\/\/www.inspirealtea.com\/?post_type=product&#038;p=130"},"modified":"2026-04-12T07:30:13","modified_gmt":"2026-04-12T06:30:13","slug":"clases-de-yoga-en-grupo-altea","status":"publish","type":"product","link":"https:\/\/www.inspirealtea.com\/es\/experiences\/group-yoga-classes-altea\/","title":{"rendered":"Clases de Yoga en Grupo en Altea: Sesiones Flexibles junto al Mar y en Estudio"},"content":{"rendered":"<h1>Clases de Yoga en Grupo en Altea<\/h1>\r\n<p class=\"p1\"><span class=\"s1\"><b>\u00danete a clases grupales de yoga flexibles en Altea<\/b><\/span><span class=\"s2\"> dise\u00f1ado para visitantes, n\u00f3madas digitales y lugare\u00f1os que buscan libertad en su pr\u00e1ctica \u2013 <\/span><span class=\"s1\">Reservar con antelaci\u00f3n es r\u00e1pido y f\u00e1cil.<\/span><\/p>\r\n<p data-start=\"570\" data-end=\"801\">Las clases de Yoga en grupo en Altea tienen lugar en algunos de los entornos naturales m\u00e1s bellos de la Costa Blanca - desde los tranquilos jardines de <strong>Villa Gadea<\/strong> y nuestra \u00edntima <strong>Yoga Shala cerca de La Olla<\/strong> a las costas mediterr\u00e1neas de <strong>Playa del Postiguet, Alicante<\/strong> (todos los viernes). Reserva tu sesi\u00f3n con antelaci\u00f3n y llega preparado para reconectar con tu cuerpo, tu respiraci\u00f3n y tu conciencia.<\/p>\r\n<hr data-start=\"1567\" data-end=\"1570\" \/>\r\n<h2 data-path-to-node=\"16\">Yoga flexible para visitantes y estancias largas<\/h2>\r\n<p class=\"p1\"><span class=\"s1\">Las clases de pago por sesi\u00f3n son ideales para aquellos que:<\/span><\/p>\r\n<ul data-path-to-node=\"18\">\r\n<li>\r\n<p class=\"p1\"><span class=\"s1\">Ya sea que visite Altea o Alicante por una estancia corta o larga.<\/span><\/p>\r\n<\/li>\r\n<li>\r\n<p class=\"p1\"><span class=\"s1\">Vivo localmente pero prefiero un horario flexible sin compromiso mensual.<\/span><\/p>\r\n<\/li>\r\n<li>\r\n<p class=\"p1\"><span class=\"s1\">Quiero explorar yoga aut\u00e9ntico en un espacio comunitario acogedor.<\/span><\/p>\r\n<\/li>\r\n<\/ul>\r\n<p data-path-to-node=\"19\"><strong>Las clases son aptas para todos los niveles.<\/strong> Experimenta el yoga en comunidad y conecta con el ritmo mediterr\u00e1neo.<\/p>\r\n<hr data-start=\"1567\" data-end=\"1570\" \/>\r\n<h2 data-path-to-node=\"6\">Filosof\u00eda y linaje<\/h2>\r\n<p data-path-to-node=\"7\">Cada clase tiene sus ra\u00edces en <b data-path-to-node=\"7\" data-index-in-node=\"25\">Hatha Yoga<\/b>, La base tradicional de la pr\u00e1ctica. Las sesiones est\u00e1n profundamente influenciadas por <b data-path-to-node=\"7\" data-index-in-node=\"119\">Tantra<\/b>, <b data-path-to-node=\"7\" data-index-in-node=\"127\">Kundalini<\/b>, y <b data-path-to-node=\"7\" data-index-in-node=\"142\">Nada Yoga<\/b> (el yoga del sonido), siguiendo un linaje inspirado en grandes maestros como <b data-path-to-node=\"7\" data-index-in-node=\"227\">Sri Ramana Maharshi<\/b>, <b data-path-to-node=\"7\" data-index-in-node=\"248\">Swami Satyananda Saraswati<\/b>, <b data-path-to-node=\"7\" data-index-in-node=\"276\">Swami Vidyanand<\/b>, <b data-path-to-node=\"7\" data-index-in-node=\"293\">Patrick Torre<\/b>, y <b data-path-to-node=\"7\" data-index-in-node=\"312\">Sharon Gannon<\/b>.<\/p>\r\n<hr data-start=\"1567\" data-end=\"1570\" \/>\r\n<h2 data-path-to-node=\"2\">Lugares para practicar: Yoga en la Naturaleza<\/h2>\r\n<p data-path-to-node=\"3\">Experimente una pr\u00e1ctica rodeada de la brisa marina, la luz natural del sol y el paisaje mediterr\u00e1neo. Las clases se imparten en los entornos m\u00e1s serenos de Altea y en las emblem\u00e1ticas costas de Alicante:<\/p>\r\n<ul data-path-to-node=\"4\">\r\n<li>\r\n<p data-path-to-node=\"4,0,0\"><b data-path-to-node=\"4,0,0\" data-index-in-node=\"0\">Altea:<\/b> Encu\u00e9ntranos en los jardines de <b data-path-to-node=\"4,0,0\" data-index-in-node=\"42\">Villa Gadea<\/b> y en <b data-path-to-node=\"4,0,0\" data-index-in-node=\"73\">Yoga Shala cerca de La Olla<\/b>.<\/p>\r\n<\/li>\r\n<li>\r\n<p data-path-to-node=\"4,1,0\"><b data-path-to-node=\"4,1,0\" data-index-in-node=\"0\">Alicante:<\/b> \u00danase a nosotros cada viernes en las arenas de <b data-path-to-node=\"4,1,0\" data-index-in-node=\"47\">Playa del Postiguet<\/b>.<\/p>\r\n<\/li>\r\n<\/ul>\r\n<hr data-start=\"2050\" data-end=\"2053\" \/>\r\n<h2 data-start=\"2055\" data-end=\"2081\">\ud83d\uddd3\ufe0f Horario y ubicaciones<\/h2>\r\n<h3 data-start=\"2083\" data-end=\"2106\"><span style=\"text-decoration: underline;\">Altea - Villa Gadea &amp; Yoga Shala<\/span><\/h3>\r\n<p data-start=\"2108\" data-end=\"2187\">\u00bfCu\u00e1ndo? De s\u00e1bado a jueves<\/p>\r\n<ul>\r\n<li data-start=\"2108\" data-end=\"2187\"><strong>Ma\u00f1anas<\/strong>: 8:30 \u2013 10:00<\/li>\r\n<li data-start=\"2108\" data-end=\"2187\"><strong>Por la tarde<\/strong>: 18:00 \u2013 19:30<\/li>\r\n<\/ul>\r\n\r\n\r\n\r\n\r\n\r\n\r\n\r\n<h3 data-start=\"2282\" data-end=\"2312\"><span style=\"text-decoration: underline;\">Alicante - Playa del Postiguet<\/span> (Todos los viernes)<\/h3>\r\n<ul>\r\n<li data-start=\"2282\" data-end=\"2312\"><strong>Ma\u00f1anas<\/strong>: 8:30 \u2013 10:00<\/li>\r\n<li data-start=\"2282\" data-end=\"2312\"><strong>Por la tarde<\/strong>: 16:00 \u2013 17:30<\/li>\r\n<\/ul>\r\n<hr data-start=\"2374\" data-end=\"2377\" \/>\r\n<h2 data-start=\"1889\" data-end=\"1916\">\ud83d\udcab Tarifas de las clases de yoga en grupo<\/h2>\r\n<p data-start=\"1918\" data-end=\"1946\">15 \u20ac <span class=\"s1\">Sesi\u00f3n \u00fanica (reserva con antelaci\u00f3n en l\u00ednea)<\/span><\/p>\r\n<p data-start=\"1948\" data-end=\"2009\">Paquetes semanales, mensuales y trimestrales disponibles previa solicitud.<\/p>\r\n<p data-start=\"2011\" data-end=\"2048\">Por favor, <a href=\"https:\/\/www.inspirealtea.com\/es\/pongase-en-contacto-con\/\">p\u00f3ngase en contacto con<\/a> para planes a medida.<\/p>\r\n<hr data-start=\"2374\" data-end=\"2377\" \/>\r\n<h2 data-start=\"1719\" data-end=\"1747\">\ud83d\udcab \u00bfBusca continuidad?<\/h2>\r\n<p data-start=\"1749\" data-end=\"1882\">Si desea profundizar en su pr\u00e1ctica y aumentar su constancia, explore nuestra <a href=\"https:\/\/www.inspirealtea.com\/es\/experiencias\/afiliacion-yoga-altea\/\">Afiliaci\u00f3n al yoga<\/a> opciones de ritmo semanal y apoyo continuo.<\/p>\r\n<hr data-start=\"2374\" data-end=\"2377\" \/>\r\n<h2 data-path-to-node=\"12\"><a href=\"https:\/\/www.inspirealtea.com\/es\/quien-soy\/\">Sobre el profesor<\/a>: Sergi Dhariya<\/h2>\r\n<p><a href=\"https:\/\/www.inspirealtea.com\/es\/quien-soy\/\"><img data-recalc-dims=\"1\" decoding=\"async\" loading=\"lazy\" class=\"wp-image-1162 size-medium alignnone\" src=\"https:\/\/i0.wp.com\/www.inspirealtea.com\/wp-content\/uploads\/2026\/02\/Bio-Sergi-Dhariya.webp?resize=225%2C300&#038;ssl=1\" alt=\"Sergi Dhariya profesor de yoga, practicante de ayurveda y l\u00edder de monta\u00f1a en Altea.\" width=\"225\" height=\"300\" srcset=\"https:\/\/i0.wp.com\/www.inspirealtea.com\/wp-content\/uploads\/2026\/02\/Bio-Sergi-Dhariya.webp?resize=225%2C300&amp;ssl=1 225w, https:\/\/i0.wp.com\/www.inspirealtea.com\/wp-content\/uploads\/2026\/02\/Bio-Sergi-Dhariya.webp?resize=768%2C1024&amp;ssl=1 768w, https:\/\/i0.wp.com\/www.inspirealtea.com\/wp-content\/uploads\/2026\/02\/Bio-Sergi-Dhariya.webp?resize=1152%2C1536&amp;ssl=1 1152w, https:\/\/i0.wp.com\/www.inspirealtea.com\/wp-content\/uploads\/2026\/02\/Bio-Sergi-Dhariya.webp?resize=9%2C12&amp;ssl=1 9w, https:\/\/i0.wp.com\/www.inspirealtea.com\/wp-content\/uploads\/2026\/02\/Bio-Sergi-Dhariya.webp?resize=600%2C800&amp;ssl=1 600w, https:\/\/i0.wp.com\/www.inspirealtea.com\/wp-content\/uploads\/2026\/02\/Bio-Sergi-Dhariya.webp?w=1200&amp;ssl=1 1200w\" sizes=\"auto, (max-width: 225px) 100vw, 225px\" \/><\/a><\/p>\r\n<p data-path-to-node=\"13\">El camino de Sergi es una vuelta a las ra\u00edces del Hatha Yoga. Complet\u00f3 un curso intensivo de <b data-path-to-node=\"13\" data-index-in-node=\"80\">Formaci\u00f3n de 500 horas para profesores<\/b> en las monta\u00f1as de Ard\u00e8che, Francia, bajo la direcci\u00f3n de <b data-path-to-node=\"13\" data-index-in-node=\"165\">Yoguini Durga<\/b>. M\u00e1s all\u00e1 de lo f\u00edsico <span class=\"math-inline\" data-math=\"asanas\" data-index-in-node=\"195\">asanas<\/span>, se inici\u00f3 en una profunda disciplina filos\u00f3fica aplicada a la vida cotidiana.<\/p>\r\n<p data-path-to-node=\"14\">Su pr\u00e1ctica se enriquece con formaci\u00f3n especializada en <b data-path-to-node=\"14\" data-index-in-node=\"52\">Tantra blanco y mantras<\/b>, as\u00ed como una certificaci\u00f3n de 80 horas en <b data-path-to-node=\"14\" data-index-in-node=\"117\">Pranayama<\/b> (la ciencia de la energ\u00eda vital) seg\u00fan la <b data-path-to-node=\"14\" data-index-in-node=\"174\">Rishiculture Ashtanga Yoga<\/b> tradici\u00f3n de <b data-path-to-node=\"14\" data-index-in-node=\"214\">Swami Gitananda Giri<\/b>. La ense\u00f1anza de Sergio combina el movimiento consciente, la alineaci\u00f3n postural y la respiraci\u00f3n consciente para ayudar a los practicantes a sentirse centrados y con energ\u00eda.<\/p>\r\n<hr data-start=\"2374\" data-end=\"2377\" \/>\r\n<p class=\"p1\"><span class=\"s1\">Practicar yoga en comunidad trae la energ\u00eda de la respiraci\u00f3n y la presencia compartidas. Ya sea que vivas localmente o est\u00e9s de visita en la Costa Blanca, <\/span><span class=\"s2\"><b>reservar una clase de yoga en grupo en Altea<\/b><\/span><span class=\"s1\"> \u2013 una forma natural de mantenerse activo, con los pies en la tierra e inspirado.<\/span><\/p>\r\n<p><strong>Clases de Yoga en Grupo Flexibles \u2013<\/strong> Los viernes en la Playa del Postiguet de Alicante.<\/p>\r\n<hr data-start=\"2374\" data-end=\"2377\" \/>\r\n<p>Si le apetece profundizar en la pr\u00e1ctica, disfrute de un <strong><a href=\"https:\/\/www.inspirealtea.com\/es\/retiro-de-yoga-dia-altea-hatha-yoga-senderismo\/\">retiro de un d\u00eda en Altea<\/a><\/strong>, Disfrute cualquier d\u00eda de la semana. Si usted est\u00e1 listo para el siguiente nivel : <strong><a href=\"https:\/\/www.inspirealtea.com\/es\/experiencias\/fin-de-semana-de-rejuvenecimiento\/\">Retiro de fin de semana de yoga en Altea<\/a><\/strong> es para ti. Elige la experiencia que mejor se adapte a ti y conoce a la comunidad, \u00a1te esperamos!.<\/p>\r\n<p data-start=\"2708\" data-end=\"2802\">Si busca un enfoque m\u00e1s personalizado, puede reservar una <a href=\"https:\/\/www.inspirealtea.com\/es\/experiencias\/clases-particulares-de-yoga-altea\/\">clase privada de yoga<\/a>.<\/p>\r\n<p data-start=\"2804\" data-end=\"2856\">Tambi\u00e9n puede descubrir experiencias de bienestar relacionadas:<\/p>\r\n<p data-start=\"2858\" data-end=\"2890\"><strong>\u2022 <a href=\"https:\/\/www.inspirealtea.com\/es\/senderismo-alicante\/\">Senderismo<\/a> \u2022 <a href=\"https:\/\/www.inspirealtea.com\/es\/ayurveda-en-altea\/\">Ayurveda<\/a> \u2022 <a href=\"https:\/\/www.inspirealtea.com\/es\/yoga-en-altea\/\">Yoga<\/a><\/strong><\/p>","protected":false},"excerpt":{"rendered":"<div class=\"w-full my-4\">\n<div class=\"\">\n<div class=\"relative\">\n<div class=\"h-full min-h-0 min-w-0\">\n<div class=\"h-full min-h-0 min-w-0\">\n<div class=\"border corner-superellipse\/1.1 border-token-border-light bg-token-bg-elevated-secondary rounded-3xl\">\n<div class=\"corner-superellipse\/1.1 rounded-3xl bg-token-bg-elevated-secondary\">\n<div class=\"relative z-0 flex max-w-full\">\n<div id=\"code-block-viewer\" class=\"q9tKkq_viewer cm-editor z-10 light:cm-light dark:cm-light flex h-full w-full flex-col items-stretch \u037c5 \u037cj\" dir=\"ltr\">\n<div class=\"cm-scroller\">\n<div class=\"cm-content q9tKkq_readonly\">\n<p data-path-to-node=\"3\"><b data-path-to-node=\"3\" data-index-in-node=\"0\">Hatha Yoga Aut\u00e9ntico | Altea y Alicante<\/b> Experimenta una pr\u00e1ctica con los pies en la tierra en los entornos naturales m\u00e1s bellos del Mediterr\u00e1neo. Dirigido por <b data-path-to-node=\"3\" data-index-in-node=\"134\">Sergi Dhariya<\/b>, las Clases Grupales de Yoga combinan el Hatha Yoga tradicional con la energ\u00eda del Tantra Yoga, el Kundalini Yoga y el Nada Yoga.<\/p>\n<ul data-path-to-node=\"4\">\n<li>\n<p data-path-to-node=\"4,0,0\"><b data-path-to-node=\"4,0,0\" data-index-in-node=\"0\">Sesiones Individuales Flexibles:<\/b> Perfecto para viajeros, n\u00f3madas digitales y locales.<\/p>\n<\/li>\n<li>\n<p data-path-to-node=\"4,2,0\"><b data-path-to-node=\"4,2,0\" data-index-in-node=\"0\">Ubicaciones:<\/b> Villa Gadea (Altea), La Olla Shala, y todos los viernes en la Playa del Postiguet (Alicante).<\/p>\n<\/li>\n<li>\n<p data-path-to-node=\"4,3,0\"><b data-path-to-node=\"4,3,0\" data-index-in-node=\"0\">Todos los niveles son bienvenidos:<\/b> Movimiento consciente, alineaci\u00f3n postural y respiraci\u00f3n consciente.<\/p>\n<\/li>\n<li><strong>Reservar con antelaci\u00f3n<\/strong><\/li>\n<\/ul>\n<\/div>\n<\/div>\n<\/div>\n<\/div>\n<\/div>\n<\/div>\n<\/div>\n<\/div>\n<\/div>\n<\/div>\n<\/div>","protected":false},"featured_media":30,"comment_status":"open","ping_status":"closed","template":"","meta":{"nf_dc_page":"","om_disable_all_campaigns":false,"_monsterinsights_skip_tracking":false,"_monsterinsights_sitenote_active":false,"_monsterinsights_sitenote_note":"","_monsterinsights_sitenote_category":0,"_uf_show_specific_survey":0,"_uf_disable_surveys":false,"jetpack_post_was_ever_published":false,"jetpack_publicize_message":"Group Classes \u2013 Open to Everyone","jetpack_publicize_feature_enabled":true,"jetpack_social_post_already_shared":false,"jetpack_social_options":{"image_generator_settings":{"template":"highway","default_image_id":0,"font":"","enabled":false},"version":2}},"product_brand":[35],"product_cat":[24,22],"product_tag":[345,451,445,344,446,346,449,447,188,25,26,348,347,350,448,450,349],"class_list":{"0":"post-130","1":"product","2":"type-product","3":"status-publish","4":"has-post-thumbnail","6":"product_brand-inspire-altea","7":"product_cat-wellbeing-experiences","8":"product_cat-yoga-classes","9":"product_tag-beach-yoga-altea","10":"product_tag-class-yoga-altea","11":"product_tag-flexible-yoga-class","12":"product_tag-group-yoga-classes-altea","13":"product_tag-hatha-yoga-altea","14":"product_tag-outdoor-yoga-altea","15":"product_tag-shala-altea","16":"product_tag-women-yoga-altea","17":"product_tag-yoga-alicante","18":"product_tag-yoga-altea","19":"product_tag-yoga-costa-blanca","20":"product_tag-yoga-for-digital-nomads","21":"product_tag-yoga-for-visitors","22":"product_tag-yoga-postiguet-beach","23":"product_tag-yoga-shala-altea","24":"product_tag-yoga-studio-altea","25":"product_tag-yoga-villa-gadea","27":"first","28":"instock","29":"featured","30":"virtual","31":"purchasable","32":"product-type-simple"},"yoast_head":"<!-- This site is optimized with the Yoast SEO Premium plugin v27.3 (Yoast SEO v27.4) - https:\/\/yoast.com\/product\/yoast-seo-premium-wordpress\/ -->\n<title>Group Yoga Classes Altea | Studio, Garden &amp; Beach - All Levels<\/title>\n<meta name=\"description\" content=\"Book a Group Yoga Class in Altea - Studio and Beach settings. Single sessions for visitors, digital nomads and locals. Fridays at Alicante Postiguet Beach.\" \/>\n<meta name=\"robots\" content=\"index, follow, max-snippet:-1, max-image-preview:large, max-video-preview:-1\" \/>\n<link rel=\"canonical\" href=\"https:\/\/www.inspirealtea.com\/es\/experiencias\/clases-de-yoga-en-grupo-altea\/\" \/>\n<meta property=\"og:locale\" content=\"es_ES\" \/>\n<meta property=\"og:type\" content=\"article\" \/>\n<meta property=\"og:title\" content=\"Group Yoga Classes in Altea: Flexible Sessions by Sea &amp; Studio\" \/>\n<meta property=\"og:description\" content=\"Book a Group Yoga Class in Altea - Studio and Beach settings. Single sessions for visitors, digital nomads and locals. Fridays at Alicante Postiguet Beach.\" \/>\n<meta property=\"og:url\" content=\"https:\/\/www.inspirealtea.com\/es\/experiencias\/clases-de-yoga-en-grupo-altea\/\" \/>\n<meta property=\"og:site_name\" content=\"Yoga, Ayurveda and Hiking | Inspire Altea\" \/>\n<meta property=\"article:publisher\" content=\"https:\/\/www.facebook.com\/yogaayurveda.altea\" \/>\n<meta property=\"article:modified_time\" content=\"2026-04-12T06:30:13+00:00\" \/>\n<meta property=\"og:image\" content=\"https:\/\/www.inspirealtea.com\/wp-content\/uploads\/2025\/10\/photo-1679325965190-0530dc29c512.jpg\" \/>\n\t<meta property=\"og:image:width\" content=\"600\" \/>\n\t<meta property=\"og:image:height\" content=\"900\" \/>\n\t<meta property=\"og:image:type\" content=\"image\/jpeg\" \/>\n<meta name=\"twitter:card\" content=\"summary_large_image\" \/>\n<meta name=\"twitter:label1\" content=\"Tiempo de lectura\" \/>\n\t<meta name=\"twitter:data1\" content=\"3 minutos\" \/>\n<!-- \/ Yoast SEO Premium plugin. -->","yoast_head_json":{"title":"Clases de Yoga en Grupo Altea | Estudio, Jard\u00edn y Playa - Todos los Niveles","description":"Reserva una clase de yoga en grupo en Altea - Entorno de estudio y playa. Sesiones individuales para visitantes, n\u00f3madas digitales y locales. Viernes en la playa Postiguet de Alicante.","robots":{"index":"index","follow":"follow","max-snippet":"max-snippet:-1","max-image-preview":"max-image-preview:large","max-video-preview":"max-video-preview:-1"},"canonical":"https:\/\/www.inspirealtea.com\/es\/experiencias\/clases-de-yoga-en-grupo-altea\/","og_locale":"es_ES","og_type":"article","og_title":"Group Yoga Classes in Altea: Flexible Sessions by Sea & Studio","og_description":"Book a Group Yoga Class in Altea - Studio and Beach settings. Single sessions for visitors, digital nomads and locals. Fridays at Alicante Postiguet Beach.","og_url":"https:\/\/www.inspirealtea.com\/es\/experiencias\/clases-de-yoga-en-grupo-altea\/","og_site_name":"Yoga, Ayurveda and Hiking | Inspire Altea","article_publisher":"https:\/\/www.facebook.com\/yogaayurveda.altea","article_modified_time":"2026-04-12T06:30:13+00:00","og_image":[{"width":600,"height":900,"url":"https:\/\/www.inspirealtea.com\/wp-content\/uploads\/2025\/10\/photo-1679325965190-0530dc29c512.jpg","type":"image\/jpeg"}],"twitter_card":"summary_large_image","twitter_misc":{"Tiempo de lectura":"3 minutos"},"schema":{"@context":"https:\/\/schema.org","@graph":[{"@type":"WebPage","@id":"https:\/\/www.inspirealtea.com\/experiences\/group-yoga-classes-altea\/","url":"https:\/\/www.inspirealtea.com\/experiences\/group-yoga-classes-altea\/","name":"Clases de Yoga en Grupo Altea | Estudio, Jard\u00edn y Playa - Todos los Niveles","isPartOf":{"@id":"https:\/\/www.inspirealtea.com\/#website"},"primaryImageOfPage":{"@id":"https:\/\/www.inspirealtea.com\/experiences\/group-yoga-classes-altea\/#primaryimage"},"image":{"@id":"https:\/\/www.inspirealtea.com\/experiences\/group-yoga-classes-altea\/#primaryimage"},"thumbnailUrl":"https:\/\/i0.wp.com\/www.inspirealtea.com\/wp-content\/uploads\/2025\/10\/photo-1679325965190-0530dc29c512.jpg?fit=600%2C900&ssl=1","datePublished":"2025-10-22T08:35:52+00:00","dateModified":"2026-04-12T06:30:13+00:00","description":"Reserva una clase de yoga en grupo en Altea - Entorno de estudio y playa. Sesiones individuales para visitantes, n\u00f3madas digitales y locales. Viernes en la playa Postiguet de Alicante.","breadcrumb":{"@id":"https:\/\/www.inspirealtea.com\/experiences\/group-yoga-classes-altea\/#breadcrumb"},"inLanguage":"es","potentialAction":[{"@type":"ReadAction","target":["https:\/\/www.inspirealtea.com\/experiences\/group-yoga-classes-altea\/"]}]},{"@type":"ImageObject","inLanguage":"es","@id":"https:\/\/www.inspirealtea.com\/experiences\/group-yoga-classes-altea\/#primaryimage","url":"https:\/\/i0.wp.com\/www.inspirealtea.com\/wp-content\/uploads\/2025\/10\/photo-1679325965190-0530dc29c512.jpg?fit=600%2C900&ssl=1","contentUrl":"https:\/\/i0.wp.com\/www.inspirealtea.com\/wp-content\/uploads\/2025\/10\/photo-1679325965190-0530dc29c512.jpg?fit=600%2C900&ssl=1","width":600,"height":900,"caption":"Group Yoga Class in Altea with several participants practicing together in an outdoor setting."},{"@type":"BreadcrumbList","@id":"https:\/\/www.inspirealtea.com\/experiences\/group-yoga-classes-altea\/#breadcrumb","itemListElement":[{"@type":"ListItem","position":1,"name":"Home","item":"https:\/\/www.inspirealtea.com\/"},{"@type":"ListItem","position":2,"name":"Experiences","item":"https:\/\/www.inspirealtea.com\/experiences\/"},{"@type":"ListItem","position":3,"name":"Wellbeing experiences","item":"https:\/\/www.inspirealtea.com\/product-category\/wellbeing-experiences\/"},{"@type":"ListItem","position":4,"name":"Yoga Classes","item":"https:\/\/www.inspirealtea.com\/product-category\/wellbeing-experiences\/yoga-classes\/"},{"@type":"ListItem","position":5,"name":"Group Yoga Classes in Altea: Flexible Sessions by Sea &#038; Studio"}]},{"@type":"WebSite","@id":"https:\/\/www.inspirealtea.com\/#website","url":"https:\/\/www.inspirealtea.com\/","name":"Yoga, Ayurveda y Senderismo | Inspire Altea","description":"Explora tus l\u00edmites con el Yoga, el Ayurveda y el Senderismo en Altea, Alicante \u2014 un santuario para el bienestar junto al Mediterr\u00e1neo.","publisher":{"@id":"https:\/\/www.inspirealtea.com\/#organization"},"alternateName":"Inspire Altea \u2013 Yoga, Ayurveda & Hiking","potentialAction":[{"@type":"SearchAction","target":{"@type":"EntryPoint","urlTemplate":"https:\/\/www.inspirealtea.com\/?s={search_term_string}"},"query-input":{"@type":"PropertyValueSpecification","valueRequired":true,"valueName":"search_term_string"}}],"inLanguage":"es"},{"@type":"Organization","@id":"https:\/\/www.inspirealtea.com\/#organization","name":"Yoga, Ayurveda y Senderismo | Inspire Altea","alternateName":"IA Yoga Ayurveda Hike","url":"https:\/\/www.inspirealtea.com\/","logo":{"@type":"ImageObject","inLanguage":"es","@id":"https:\/\/www.inspirealtea.com\/#\/schema\/logo\/image\/","url":"https:\/\/i0.wp.com\/www.inspirealtea.com\/wp-content\/uploads\/2025\/10\/Logo-Inspire-Altea.png?fit=1024%2C1024&ssl=1","contentUrl":"https:\/\/i0.wp.com\/www.inspirealtea.com\/wp-content\/uploads\/2025\/10\/Logo-Inspire-Altea.png?fit=1024%2C1024&ssl=1","width":1024,"height":1024,"caption":"Yoga, Ayurveda and Hiking | Inspire Altea"},"image":{"@id":"https:\/\/www.inspirealtea.com\/#\/schema\/logo\/image\/"},"sameAs":["https:\/\/www.facebook.com\/yogaayurveda.altea","https:\/\/www.instagram.com\/inspirealtea\/","https:\/\/www.linkedin.com\/in\/sergio-cisneros-galea","https:\/\/www.youtube.com\/@inspirealtea","https:\/\/gravatar.com\/sergiocisnerosgalea"],"description":"Discover holistic wellbeing experiences in Altea that connect body, mind, and nature. From yoga and Ayurveda to guided hiking and personalized retreats \u2014 all designed to help you restore balance, vitality, and inner peace.","email":"inspirealtea@gmail.com","telephone":"+33 6 07 42 58 97","legalName":"Sergio Cisneros Galea","foundingDate":"2019-11-11","numberOfEmployees":{"@type":"QuantitativeValue","minValue":"1","maxValue":"10"},"publishingPrinciples":"https:\/\/www.inspirealtea.com\/who-i-am\/"}]}},"jetpack_publicize_connections":[],"jetpack_sharing_enabled":true,"_links":{"self":[{"href":"https:\/\/www.inspirealtea.com\/es\/wp-json\/wp\/v2\/product\/130","targetHints":{"allow":["GET"]}}],"collection":[{"href":"https:\/\/www.inspirealtea.com\/es\/wp-json\/wp\/v2\/product"}],"about":[{"href":"https:\/\/www.inspirealtea.com\/es\/wp-json\/wp\/v2\/types\/product"}],"replies":[{"embeddable":true,"href":"https:\/\/www.inspirealtea.com\/es\/wp-json\/wp\/v2\/comments?post=130"}],"wp:featuredmedia":[{"embeddable":true,"href":"https:\/\/www.inspirealtea.com\/es\/wp-json\/wp\/v2\/media\/30"}],"wp:attachment":[{"href":"https:\/\/www.inspirealtea.com\/es\/wp-json\/wp\/v2\/media?parent=130"}],"wp:term":[{"taxonomy":"product_brand","embeddable":true,"href":"https:\/\/www.inspirealtea.com\/es\/wp-json\/wp\/v2\/product_brand?post=130"},{"taxonomy":"product_cat","embeddable":true,"href":"https:\/\/www.inspirealtea.com\/es\/wp-json\/wp\/v2\/product_cat?post=130"},{"taxonomy":"product_tag","embeddable":true,"href":"https:\/\/www.inspirealtea.com\/es\/wp-json\/wp\/v2\/product_tag?post=130"}],"curies":[{"name":"wp","href":"https:\/\/api.w.org\/{rel}","templated":true}]}}