{"id":19,"date":"2025-10-20T14:02:54","date_gmt":"2025-10-20T14:02:54","guid":{"rendered":"https:\/\/exa.upa.mybluehost.me\/contact\/"},"modified":"2026-04-01T10:17:27","modified_gmt":"2026-04-01T09:17:27","slug":"pongase-en-contacto-con","status":"publish","type":"page","link":"https:\/\/www.inspirealtea.com\/es\/contact\/","title":{"rendered":"Contacto"},"content":{"rendered":"<div class=\"nfd-wb-hero__hero-8 is-style-nfd-theme-white wp-block-group alignwide is-layout-flow wp-block-group-is-layout-flow\">\n<div class=\"nfd-container nfd-p-lg nfd-rounded-xl is-style-default wp-block-cover\"><img data-recalc-dims=\"1\" decoding=\"async\" width=\"768\" height=\"1024\" loading=\"lazy\" class=\"wp-block-cover__image-background wp-image-743 size-large\" alt=\"Contacto Inspire Altea - yoga, ayurveda y senderismo en Costa Blanca, Espa\u00f1a\" src=\"https:\/\/i0.wp.com\/www.inspirealtea.com\/wp-content\/uploads\/2025\/10\/pexels-photo-34513309.webp?resize=768%2C1024&#038;ssl=1\" data-object-fit=\"cover\" srcset=\"https:\/\/i0.wp.com\/www.inspirealtea.com\/wp-content\/uploads\/2025\/10\/pexels-photo-34513309.webp?resize=768%2C1024&amp;ssl=1 768w, https:\/\/i0.wp.com\/www.inspirealtea.com\/wp-content\/uploads\/2025\/10\/pexels-photo-34513309.webp?resize=225%2C300&amp;ssl=1 225w, https:\/\/i0.wp.com\/www.inspirealtea.com\/wp-content\/uploads\/2025\/10\/pexels-photo-34513309.webp?resize=600%2C800&amp;ssl=1 600w, https:\/\/i0.wp.com\/www.inspirealtea.com\/wp-content\/uploads\/2025\/10\/pexels-photo-34513309.webp?w=975&amp;ssl=1 975w\" sizes=\"auto, (max-width: 768px) 100vw, 768px\" \/><span aria-hidden=\"true\" class=\"wp-block-cover__background has-accent-2-background-color has-background-dim-100 has-background-dim\"><\/span><div class=\"wp-block-cover__inner-container has-global-padding is-layout-constrained wp-block-cover-is-layout-constrained\">\n<div class=\"nfd-bg-surface nfd-theme-darker is-style-nfd-theme-darker wp-block-group has-background is-vertical is-layout-flex wp-container-core-group-is-layout-7b9189e0 wp-block-group-is-layout-flex\" style=\"background-color:#00000000;padding-top:0;padding-right:0;padding-bottom:0;padding-left:0\">\n<div class=\"nfd-gap-4xl nfd-gap-y-3xl wp-block-columns are-vertically-aligned-center is-layout-flex wp-container-core-columns-is-layout-28f84493 wp-block-columns-is-layout-flex\">\n<div class=\"wp-block-column is-vertically-aligned-center is-layout-flow wp-block-column-is-layout-flow\">\n<div class=\"nfd-text-md nfd-gap-xl wp-block-group is-vertical is-content-justification-left is-layout-flex wp-container-core-group-is-layout-dd225191 wp-block-group-is-layout-flex\">\n<div class=\"wp-block-group is-nowrap is-layout-flex wp-container-core-group-is-layout-6c531013 wp-block-group-is-layout-flex\">\n<div class=\"nfd-rounded-full nfd-bg-subtle is-style-default wp-block-group has-accent-6-background-color has-background has-global-padding is-layout-constrained wp-container-core-group-is-layout-c4486197 wp-block-group-is-layout-constrained\" style=\"padding-top:6px;padding-right:16px;padding-bottom:6px;padding-left:16px\">\n<p class=\"nfd-text-sm has-accent-2-color has-text-color has-link-color wp-elements-d3eea4d242e855dbc92f319ea19bbebd\" style=\"font-style:normal;font-weight:600;text-transform:uppercase\">Conect\u00e9monos<\/p>\n<\/div>\n<\/div>\n\n\n\n<h1 class=\"nfd-text-huge nfd-text-contrast nfd-text-balance wp-block-heading has-text-align-left has-base-color has-text-color has-link-color wp-elements-c7a9b1b2b4c7f1998206ba0b91663705\" id=\"h-contact-inspire-altea\">Contacto Inspire Altea<\/h1>\n\n\n\n<p class=\"nfd-text-balance nfd-text-faded has-text-align-left has-base-color has-text-color has-link-color has-large-font-size wp-elements-642deb67eb27a6254dde97ca1b2aaace\"><strong>Expl\u00f3rate en Altea \u2014 donde se unen el Yoga, Ayurveda y las Caminatas Conscientes.<\/strong><\/p>\n\n\n\n<div style=\"height:0px\" aria-hidden=\"true\" class=\"wp-block-spacer wp-container-content-9760934e\"><\/div>\n\n\n\n<div class=\"wp-block-jetpack-send-a-message\">\n<div class=\"wp-block-jetpack-whatsapp-button is-color-dark\"><a class=\"whatsapp-block__button\" href=\"https:\/\/api.whatsapp.com\/send?phone=33607425897\" style=\"background-color:#25D366;color:#fff\" target=\"_blank\" rel=\"noopener noreferrer\">Chatea en WhatsApp<\/a><\/div>\n<\/div>\n<\/div>\n<\/div>\n<\/div>\n<\/div>\n<\/div><\/div>\n<\/div>\n\n\n\n<div style=\"height:31px\" aria-hidden=\"true\" class=\"wp-block-spacer\"><\/div>\n\n\n\n<div class=\"nfd-container nfd-text-md nfd-wb-text__text-1 is-style-nfd-theme-primary-15 wp-block-group has-base-background-color has-background has-global-padding is-layout-constrained wp-block-group-is-layout-constrained\">\n<div class=\"nfd-max-w-prose wp-block-group is-vertical is-content-justification-left is-layout-flex wp-container-core-group-is-layout-dd225191 wp-block-group-is-layout-flex\">\n<h2 class=\"nfd-text-xl nfd-text-balance wp-block-heading has-border-color has-base-border-color\" id=\"h-we-re-happy-you-found-your-way-here\" style=\"border-width:18px;font-style:normal;font-weight:600\">Nos alegramos de que haya llegado hasta aqu\u00ed<\/h2>\n\n\n\n<p class=\"has-drop-cap\">Gracias por <strong>Contacto Inspire Altea<\/strong>.<br>Si siente curiosidad por nuestra <strong><a href=\"https:\/\/www.inspirealtea.com\/es\/yoga-en-altea\/\" type=\"page\" id=\"69\">Yoga<\/a> sesiones<\/strong>, <strong>Tratamientos <a href=\"https:\/\/www.inspirealtea.com\/es\/ayurveda-en-altea\/\" type=\"page\" id=\"249\">terapias<\/a><\/strong>, o <strong>Mindful <a href=\"https:\/\/www.inspirealtea.com\/es\/senderismo-alicante\/\" type=\"page\" id=\"492\">Senderismo<\/a> Experiencias<\/strong> en el <strong>Costa Blanca<\/strong>, nos encantar\u00eda saber de ti. Nuestro equipo est\u00e1 aqu\u00ed para guiarte hacia el equilibrio, la conexi\u00f3n y el bienestar en el coraz\u00f3n de Altea, Espa\u00f1a.<\/p>\n\n\n\n<p class=\"\">En <strong>Inspire Altea<\/strong>, Creemos que la naturaleza y la atenci\u00f3n plena van de la mano. Nuestros servicios hol\u00edsticos combinan el poder enraizador de<strong> Yoga<\/strong>, la sabidur\u00eda curativa de <strong>Ayurveda<\/strong>, y la energ\u00eda rejuvenecedora de <strong>Senderismo<\/strong> a trav\u00e9s de los paisajes mediterr\u00e1neos de la Costa Blanca. Cada servicio est\u00e1 dise\u00f1ado para ayudarle a reconectar consigo mismo mientras explora la tranquila belleza del mar y las monta\u00f1as de Altea.<\/p>\n\n\n\n<p class=\"\">Si quieres saber m\u00e1s sobre las sesiones de yoga, los programas de bienestar personalizados o nuestras actividades comunitarias al aire libre, no dudes en ponerte en contacto con nosotros. Puedes enviarnos un mensaje utilizando el formulario de contacto que aparece a continuaci\u00f3n o escribir directamente a <strong><a href=\"\/es\/inspirealtea@gmail.com\/\" target=\"_blank\" rel=\"noreferrer noopener\">inspirealtea@gmail.com<\/a><\/strong>. Solemos responder en 24 horas y estaremos encantados de ayudarle a encontrar la experiencia adecuada a sus necesidades.<\/p>\n\n\n\n<p class=\"\">Tambi\u00e9n le invitamos a explorar nuestros \u00faltimos <strong><a href=\"https:\/\/www.inspirealtea.com\/es\/categoria-producto\/experiencias-de-bienestar\/\" target=\"_blank\" rel=\"noreferrer noopener\">Experiencias<\/a><\/strong>, donde podr\u00e1 elegir con atenci\u00f3n su pr\u00f3ximo momento para usted, compartido en pareja o para eventos de negocios junto a la serenidad mediterr\u00e1nea.<\/p>\n\n\n\n<p class=\"\">Para descubrir m\u00e1s sobre Altea y la regi\u00f3n de la Costa Blanca, visite el sitio web oficial de turismo: <strong><a href=\"https:\/\/www.visitaltea.es\/altea\/web_php\/index.php?lang=1\" target=\"_blank\" rel=\"noreferrer noopener\">Visita Altea<\/a><\/strong> - es un recurso maravilloso para encontrar inspiraci\u00f3n antes o despu\u00e9s de su estancia con nosotros.<\/p>\n\n\n\n<p class=\"has-drop-cap\">En <strong>Inspire Altea<\/strong>, Todo viaje comienza con un simple paso: un mensaje, un momento de curiosidad, un deseo de volver a conectar. Esperamos tener noticias tuyas y darte pronto la bienvenida a nuestra comunidad de bienestar, conciencia y naturaleza.<\/p>\n\n\n\n<p class=\"has-border-color has-base-border-color\" style=\"border-width:10px\">Sergio estar\u00e1 encantado de ayudarle a planificar su pr\u00f3ximo <strong><a href=\"https:\/\/www.inspirealtea.com\/es\/experiencias\/\" type=\"page\" id=\"6\">Experiencia de bienestar<\/a> en Altea<\/strong>, donde el Mediterr\u00e1neo se une a la vida consciente.<\/p>\n<\/div>\n<\/div>\n\n\n\n<div class=\"wp-block-gmap-gmap-block gmap-block-r3o6gxhe\"><iframe src=\"https:\/\/maps.google.com\/maps?q=inspire+altea&amp;z=8&amp;t=h&amp;output=embed\" class=\"embd-map\" title=\"inspirar altea\"><\/iframe><\/div>\n\n\n\n<div class=\"nfd-container nfd-text-md nfd-wb-text__text-1 is-style-default wp-block-group has-global-padding is-layout-constrained wp-block-group-is-layout-constrained\">\n<div class=\"nfd-max-w-prose wp-block-group is-vertical is-content-justification-left is-layout-flex wp-container-core-group-is-layout-dd225191 wp-block-group-is-layout-flex\">\n<h2 class=\"nfd-text-xl nfd-text-balance wp-block-heading has-border-color has-base-border-color\" id=\"h-stay-connected\" style=\"border-width:18px;font-style:normal;font-weight:600\">Mantente conectado<\/h2>\n\n\n\n<p class=\"has-drop-cap\">Sigue a Inspire Altea para explorar el yoga, los conocimientos ayurv\u00e9dicos y la inspiraci\u00f3n para el senderismo en la Costa Blanca.<\/p>\n<\/div>\n<\/div>\n\n\n\n<div class=\"wp-block-group has-global-padding is-layout-constrained wp-block-group-is-layout-constrained\"><div style=\"padding-right:0;padding-left:0;padding-top:0;padding-bottom:0;margin-right:var(--wp--preset--spacing--80);margin-left:var(--wp--preset--spacing--80);\" class=\"aligncenter wp-block-avatar\"><a href=\"https:\/\/www.inspirealtea.com\/es\/author\/sergio\/\" target=\"_blank\" aria-label=\"(archivo del autor Sergio Cisneros Galea, se abre en una nueva pesta\u00f1a)\" class=\"wp-block-avatar__link\"><img loading=\"lazy\" alt='Avatar de Sergio Cisneros Galea' src='https:\/\/secure.gravatar.com\/avatar\/72e5c7985a9646976d7745f0e7a0ff6cd45f1b3e75497ffc7361970096c61e04?s=171&#038;d=mm&#038;r=g' srcset='https:\/\/secure.gravatar.com\/avatar\/72e5c7985a9646976d7745f0e7a0ff6cd45f1b3e75497ffc7361970096c61e04?s=342&#038;d=mm&#038;r=g 2x' class='avatar avatar-171 photo wp-block-avatar__image' height='171' width='171'  style=\"border-radius:100px;\"\/><\/a><\/div>\n\n\n<ul class=\"is-style-default wp-block-social-links is-content-justification-center is-layout-flex wp-container-core-social-links-is-layout-a89b3969 wp-block-social-links-is-layout-flex\"><li class=\"wp-social-link wp-social-link-instagram  wp-block-social-link\"><a rel=\"noopener nofollow\" target=\"_blank\" href=\"https:\/\/www.instagram.com\/inspirealtea\/\" class=\"wp-block-social-link-anchor\"><svg width=\"24\" height=\"24\" viewbox=\"0 0 24 24\" version=\"1.1\" xmlns=\"http:\/\/www.w3.org\/2000\/svg\" aria-hidden=\"true\" focusable=\"false\"><path d=\"M12,4.622c2.403,0,2.688,0.009,3.637,0.052c0.877,0.04,1.354,0.187,1.671,0.31c0.42,0.163,0.72,0.358,1.035,0.673 c0.315,0.315,0.51,0.615,0.673,1.035c0.123,0.317,0.27,0.794,0.31,1.671c0.043,0.949,0.052,1.234,0.052,3.637 s-0.009,2.688-0.052,3.637c-0.04,0.877-0.187,1.354-0.31,1.671c-0.163,0.42-0.358,0.72-0.673,1.035 c-0.315,0.315-0.615,0.51-1.035,0.673c-0.317,0.123-0.794,0.27-1.671,0.31c-0.949,0.043-1.233,0.052-3.637,0.052 s-2.688-0.009-3.637-0.052c-0.877-0.04-1.354-0.187-1.671-0.31c-0.42-0.163-0.72-0.358-1.035-0.673 c-0.315-0.315-0.51-0.615-0.673-1.035c-0.123-0.317-0.27-0.794-0.31-1.671C4.631,14.688,4.622,14.403,4.622,12 s0.009-2.688,0.052-3.637c0.04-0.877,0.187-1.354,0.31-1.671c0.163-0.42,0.358-0.72,0.673-1.035 c0.315-0.315,0.615-0.51,1.035-0.673c0.317-0.123,0.794-0.27,1.671-0.31C9.312,4.631,9.597,4.622,12,4.622 M12,3 C9.556,3,9.249,3.01,8.289,3.054C7.331,3.098,6.677,3.25,6.105,3.472C5.513,3.702,5.011,4.01,4.511,4.511 c-0.5,0.5-0.808,1.002-1.038,1.594C3.25,6.677,3.098,7.331,3.054,8.289C3.01,9.249,3,9.556,3,12c0,2.444,0.01,2.751,0.054,3.711 c0.044,0.958,0.196,1.612,0.418,2.185c0.23,0.592,0.538,1.094,1.038,1.594c0.5,0.5,1.002,0.808,1.594,1.038 c0.572,0.222,1.227,0.375,2.185,0.418C9.249,20.99,9.556,21,12,21s2.751-0.01,3.711-0.054c0.958-0.044,1.612-0.196,2.185-0.418 c0.592-0.23,1.094-0.538,1.594-1.038c0.5-0.5,0.808-1.002,1.038-1.594c0.222-0.572,0.375-1.227,0.418-2.185 C20.99,14.751,21,14.444,21,12s-0.01-2.751-0.054-3.711c-0.044-0.958-0.196-1.612-0.418-2.185c-0.23-0.592-0.538-1.094-1.038-1.594 c-0.5-0.5-1.002-0.808-1.594-1.038c-0.572-0.222-1.227-0.375-2.185-0.418C14.751,3.01,14.444,3,12,3L12,3z M12,7.378 c-2.552,0-4.622,2.069-4.622,4.622S9.448,16.622,12,16.622s4.622-2.069,4.622-4.622S14.552,7.378,12,7.378z M12,15 c-1.657,0-3-1.343-3-3s1.343-3,3-3s3,1.343,3,3S13.657,15,12,15z M16.804,6.116c-0.596,0-1.08,0.484-1.08,1.08 s0.484,1.08,1.08,1.08c0.596,0,1.08-0.484,1.08-1.08S17.401,6.116,16.804,6.116z\"><\/path><\/svg><span class=\"wp-block-social-link-label screen-reader-text\">Instagram<\/span><\/a><\/li>\n\n<li class=\"wp-social-link wp-social-link-facebook  wp-block-social-link\"><a rel=\"noopener nofollow\" target=\"_blank\" href=\"https:\/\/www.facebook.com\/inspirealtea\" class=\"wp-block-social-link-anchor\"><svg width=\"24\" height=\"24\" viewbox=\"0 0 24 24\" version=\"1.1\" xmlns=\"http:\/\/www.w3.org\/2000\/svg\" aria-hidden=\"true\" focusable=\"false\"><path d=\"M12 2C6.5 2 2 6.5 2 12c0 5 3.7 9.1 8.4 9.9v-7H7.9V12h2.5V9.8c0-2.5 1.5-3.9 3.8-3.9 1.1 0 2.2.2 2.2.2v2.5h-1.3c-1.2 0-1.6.8-1.6 1.6V12h2.8l-.4 2.9h-2.3v7C18.3 21.1 22 17 22 12c0-5.5-4.5-10-10-10z\"><\/path><\/svg><span class=\"wp-block-social-link-label screen-reader-text\">Facebook<\/span><\/a><\/li>\n\n<li class=\"wp-social-link wp-social-link-youtube  wp-block-social-link\"><a rel=\"noopener nofollow\" target=\"_blank\" href=\"https:\/\/www.youtube.com\/@inspirealtea\" class=\"wp-block-social-link-anchor\"><svg width=\"24\" height=\"24\" viewbox=\"0 0 24 24\" version=\"1.1\" xmlns=\"http:\/\/www.w3.org\/2000\/svg\" aria-hidden=\"true\" focusable=\"false\"><path d=\"M21.8,8.001c0,0-0.195-1.378-0.795-1.985c-0.76-0.797-1.613-0.801-2.004-0.847c-2.799-0.202-6.997-0.202-6.997-0.202 h-0.009c0,0-4.198,0-6.997,0.202C4.608,5.216,3.756,5.22,2.995,6.016C2.395,6.623,2.2,8.001,2.2,8.001S2,9.62,2,11.238v1.517 c0,1.618,0.2,3.237,0.2,3.237s0.195,1.378,0.795,1.985c0.761,0.797,1.76,0.771,2.205,0.855c1.6,0.153,6.8,0.201,6.8,0.201 s4.203-0.006,7.001-0.209c0.391-0.047,1.243-0.051,2.004-0.847c0.6-0.607,0.795-1.985,0.795-1.985s0.2-1.618,0.2-3.237v-1.517 C22,9.62,21.8,8.001,21.8,8.001z M9.935,14.594l-0.001-5.62l5.404,2.82L9.935,14.594z\"><\/path><\/svg><span class=\"wp-block-social-link-label screen-reader-text\">YouTube<\/span><\/a><\/li><\/ul>\n<\/div>\n\n\n\n<blockquote class=\"wp-block-quote is-layout-flow wp-block-quote-is-layout-flow\">\n<blockquote class=\"wp-block-quote is-layout-flow wp-block-quote-is-layout-flow\">\n<p class=\"has-text-align-center\"><em>\ud83c\udf3f<\/em> <em>\u201cOm Lokah Samastah Sukhino Bhavantu\u201d<\/em><\/p>\n<\/blockquote>\n<\/blockquote>\n\n\n\n<div class=\"wp-block-jetpack-send-a-message\">\n<div class=\"wp-block-jetpack-whatsapp-button aligncenter is-color-dark\"><a class=\"whatsapp-block__button\" href=\"https:\/\/api.whatsapp.com\/send?phone=33607425897\" style=\"background-color:#465B64;color:#fff\" target=\"_blank\" rel=\"noopener noreferrer\">Chatea en WhatsApp<\/a><\/div>\n<\/div>","protected":false},"excerpt":{"rendered":"<p>We\u2019re happy you found your way here Thank you for Contact Inspire Altea.Whether you\u2019re curious about our Yoga sessions, Ayurvedic therapies, or Mindful Hiking Experiences on the Costa Blanca, we\u2019d love to hear from you. Our team is here to guide you toward balance, connection, and well-being in the heart of Altea, Spain. At Inspire [&hellip;]<\/p>\n","protected":false},"author":1,"featured_media":40,"parent":0,"menu_order":0,"comment_status":"closed","ping_status":"closed","template":"page-no-title","meta":{"nf_dc_page":"contact","om_disable_all_campaigns":false,"_monsterinsights_skip_tracking":false,"_monsterinsights_sitenote_active":false,"_monsterinsights_sitenote_note":"","_monsterinsights_sitenote_category":0,"_uf_show_specific_survey":0,"_uf_disable_surveys":false,"jetpack_post_was_ever_published":false,"footnotes":""},"class_list":["post-19","page","type-page","status-publish","has-post-thumbnail","hentry"],"yoast_head":"<!-- This site is optimized with the Yoast SEO Premium plugin v27.3 (Yoast SEO v27.4) - https:\/\/yoast.com\/product\/yoast-seo-premium-wordpress\/ -->\n<title>Contact Inspire Altea | Yoga, Ayurveda &amp; Hiking<\/title>\n<meta name=\"description\" content=\"Contact Inspire Altea to learn more about our yoga sessions, ayurvedic therapies, and mindful hikes in Altea. Start your journey today !\" \/>\n<meta name=\"robots\" content=\"index, follow, max-snippet:-1, max-image-preview:large, max-video-preview:-1\" \/>\n<link rel=\"canonical\" href=\"https:\/\/www.inspirealtea.com\/es\/pongase-en-contacto-con\/\" \/>\n<meta property=\"og:locale\" content=\"es_ES\" \/>\n<meta property=\"og:type\" content=\"article\" \/>\n<meta property=\"og:title\" content=\"Contact\" \/>\n<meta property=\"og:description\" content=\"Contact Inspire Altea to learn more about our yoga sessions, ayurvedic therapies, and mindful hikes in Altea. Start your journey today !\" \/>\n<meta property=\"og:url\" content=\"https:\/\/www.inspirealtea.com\/es\/pongase-en-contacto-con\/\" \/>\n<meta property=\"og:site_name\" content=\"Yoga, Ayurveda and Hiking | Inspire Altea\" \/>\n<meta property=\"article:publisher\" content=\"https:\/\/www.facebook.com\/yogaayurveda.altea\" \/>\n<meta property=\"article:modified_time\" content=\"2026-04-01T09:17:27+00:00\" \/>\n<meta property=\"og:image\" content=\"https:\/\/www.inspirealtea.com\/wp-content\/uploads\/2025\/10\/Alicante-hikes.webp\" \/>\n\t<meta property=\"og:image:width\" content=\"1280\" \/>\n\t<meta property=\"og:image:height\" content=\"854\" \/>\n\t<meta property=\"og:image:type\" content=\"image\/webp\" \/>\n<meta name=\"twitter:card\" content=\"summary_large_image\" \/>\n<meta name=\"twitter:label1\" content=\"Tiempo de lectura\" \/>\n\t<meta name=\"twitter:data1\" content=\"2 minutos\" \/>\n<!-- \/ Yoast SEO Premium plugin. -->","yoast_head_json":{"title":"Contacto Inspire Altea | Yoga, Ayurveda &amp; Senderismo","description":"Contacta con Inspire Altea para saber m\u00e1s sobre nuestras sesiones de yoga, terapias ayurv\u00e9dicas y caminatas mindful en Altea. \u00a1Empieza tu viaje hoy!","robots":{"index":"index","follow":"follow","max-snippet":"max-snippet:-1","max-image-preview":"max-image-preview:large","max-video-preview":"max-video-preview:-1"},"canonical":"https:\/\/www.inspirealtea.com\/es\/pongase-en-contacto-con\/","og_locale":"es_ES","og_type":"article","og_title":"Contact","og_description":"Contact Inspire Altea to learn more about our yoga sessions, ayurvedic therapies, and mindful hikes in Altea. Start your journey today !","og_url":"https:\/\/www.inspirealtea.com\/es\/pongase-en-contacto-con\/","og_site_name":"Yoga, Ayurveda and Hiking | Inspire Altea","article_publisher":"https:\/\/www.facebook.com\/yogaayurveda.altea","article_modified_time":"2026-04-01T09:17:27+00:00","og_image":[{"width":1280,"height":854,"url":"https:\/\/www.inspirealtea.com\/wp-content\/uploads\/2025\/10\/Alicante-hikes.webp","type":"image\/webp"}],"twitter_card":"summary_large_image","twitter_misc":{"Tiempo de lectura":"2 minutos"},"schema":{"@context":"https:\/\/schema.org","@graph":[{"@type":["WebPage","ContactPage"],"@id":"https:\/\/www.inspirealtea.com\/contact\/","url":"https:\/\/www.inspirealtea.com\/contact\/","name":"Contacto Inspire Altea | Yoga, Ayurveda &amp; Senderismo","isPartOf":{"@id":"https:\/\/www.inspirealtea.com\/#website"},"primaryImageOfPage":{"@id":"https:\/\/www.inspirealtea.com\/contact\/#primaryimage"},"image":{"@id":"https:\/\/www.inspirealtea.com\/contact\/#primaryimage"},"thumbnailUrl":"https:\/\/i0.wp.com\/www.inspirealtea.com\/wp-content\/uploads\/2025\/10\/Alicante-hikes.webp?fit=1280%2C854&ssl=1","datePublished":"2025-10-20T14:02:54+00:00","dateModified":"2026-04-01T09:17:27+00:00","description":"Contacta con Inspire Altea para saber m\u00e1s sobre nuestras sesiones de yoga, terapias ayurv\u00e9dicas y caminatas mindful en Altea. \u00a1Empieza tu viaje hoy!","breadcrumb":{"@id":"https:\/\/www.inspirealtea.com\/contact\/#breadcrumb"},"inLanguage":"es","potentialAction":[{"@type":"ReadAction","target":["https:\/\/www.inspirealtea.com\/contact\/"]}]},{"@type":"ImageObject","inLanguage":"es","@id":"https:\/\/www.inspirealtea.com\/contact\/#primaryimage","url":"https:\/\/i0.wp.com\/www.inspirealtea.com\/wp-content\/uploads\/2025\/10\/Alicante-hikes.webp?fit=1280%2C854&ssl=1","contentUrl":"https:\/\/i0.wp.com\/www.inspirealtea.com\/wp-content\/uploads\/2025\/10\/Alicante-hikes.webp?fit=1280%2C854&ssl=1","width":1280,"height":854,"caption":"Scenic view of Altea\u2019s Mediterranean coastline with the old town and Sierra de Bernia in the background \u2014 a perfect destination for yoga, Ayurveda, and wellness experiences."},{"@type":"BreadcrumbList","@id":"https:\/\/www.inspirealtea.com\/contact\/#breadcrumb","itemListElement":[{"@type":"ListItem","position":1,"name":"Home","item":"https:\/\/www.inspirealtea.com\/"},{"@type":"ListItem","position":2,"name":"Contact"}]},{"@type":"WebSite","@id":"https:\/\/www.inspirealtea.com\/#website","url":"https:\/\/www.inspirealtea.com\/","name":"Yoga, Ayurveda y Senderismo | Inspire Altea","description":"Explora tus l\u00edmites con el Yoga, el Ayurveda y el Senderismo en Altea, Alicante \u2014 un santuario para el bienestar junto al Mediterr\u00e1neo.","publisher":{"@id":"https:\/\/www.inspirealtea.com\/#organization"},"alternateName":"Inspire Altea \u2013 Yoga, Ayurveda & Hiking","potentialAction":[{"@type":"SearchAction","target":{"@type":"EntryPoint","urlTemplate":"https:\/\/www.inspirealtea.com\/?s={search_term_string}"},"query-input":{"@type":"PropertyValueSpecification","valueRequired":true,"valueName":"search_term_string"}}],"inLanguage":"es"},{"@type":"Organization","@id":"https:\/\/www.inspirealtea.com\/#organization","name":"Yoga, Ayurveda y Senderismo | Inspire Altea","alternateName":"IA Yoga Ayurveda Hike","url":"https:\/\/www.inspirealtea.com\/","logo":{"@type":"ImageObject","inLanguage":"es","@id":"https:\/\/www.inspirealtea.com\/#\/schema\/logo\/image\/","url":"https:\/\/i0.wp.com\/www.inspirealtea.com\/wp-content\/uploads\/2025\/10\/Logo-Inspire-Altea.png?fit=1024%2C1024&ssl=1","contentUrl":"https:\/\/i0.wp.com\/www.inspirealtea.com\/wp-content\/uploads\/2025\/10\/Logo-Inspire-Altea.png?fit=1024%2C1024&ssl=1","width":1024,"height":1024,"caption":"Yoga, Ayurveda and Hiking | Inspire Altea"},"image":{"@id":"https:\/\/www.inspirealtea.com\/#\/schema\/logo\/image\/"},"sameAs":["https:\/\/www.facebook.com\/yogaayurveda.altea","https:\/\/www.instagram.com\/inspirealtea\/","https:\/\/www.linkedin.com\/in\/sergio-cisneros-galea","https:\/\/www.youtube.com\/@inspirealtea","https:\/\/gravatar.com\/sergiocisnerosgalea"],"description":"Discover holistic wellbeing experiences in Altea that connect body, mind, and nature. From yoga and Ayurveda to guided hiking and personalized retreats \u2014 all designed to help you restore balance, vitality, and inner peace.","email":"inspirealtea@gmail.com","telephone":"+33 6 07 42 58 97","legalName":"Sergio Cisneros Galea","foundingDate":"2019-11-11","numberOfEmployees":{"@type":"QuantitativeValue","minValue":"1","maxValue":"10"},"publishingPrinciples":"https:\/\/www.inspirealtea.com\/who-i-am\/"}]}},"jetpack_sharing_enabled":true,"_links":{"self":[{"href":"https:\/\/www.inspirealtea.com\/es\/wp-json\/wp\/v2\/pages\/19","targetHints":{"allow":["GET"]}}],"collection":[{"href":"https:\/\/www.inspirealtea.com\/es\/wp-json\/wp\/v2\/pages"}],"about":[{"href":"https:\/\/www.inspirealtea.com\/es\/wp-json\/wp\/v2\/types\/page"}],"author":[{"embeddable":true,"href":"https:\/\/www.inspirealtea.com\/es\/wp-json\/wp\/v2\/users\/1"}],"replies":[{"embeddable":true,"href":"https:\/\/www.inspirealtea.com\/es\/wp-json\/wp\/v2\/comments?post=19"}],"version-history":[{"count":20,"href":"https:\/\/www.inspirealtea.com\/es\/wp-json\/wp\/v2\/pages\/19\/revisions"}],"predecessor-version":[{"id":1388,"href":"https:\/\/www.inspirealtea.com\/es\/wp-json\/wp\/v2\/pages\/19\/revisions\/1388"}],"wp:featuredmedia":[{"embeddable":true,"href":"https:\/\/www.inspirealtea.com\/es\/wp-json\/wp\/v2\/media\/40"}],"wp:attachment":[{"href":"https:\/\/www.inspirealtea.com\/es\/wp-json\/wp\/v2\/media?parent=19"}],"curies":[{"name":"wp","href":"https:\/\/api.w.org\/{rel}","templated":true}]}}