{"id":734,"date":"2025-11-01T19:02:10","date_gmt":"2025-11-01T17:02:10","guid":{"rendered":"https:\/\/www.inspirealtea.com\/product\/seven-summits-challenge-alicante-edition\/"},"modified":"2026-03-25T13:28:19","modified_gmt":"2026-03-25T12:28:19","slug":"sieben-gipfel-fordern-alicante-heraus","status":"publish","type":"product","link":"https:\/\/www.inspirealtea.com\/de\/experiences\/seven-summits-challenge-alicante\/","title":{"rendered":"Seven Summits Challenge - Ausgabe Alicante"},"content":{"rendered":"<h2 data-start=\"1880\" data-end=\"1943\">Seven Summits Challenge in Alicante (Mehrtageswanderung)<\/h2>\n<p data-start=\"1944\" data-end=\"2241\"><strong data-start=\"1944\" data-end=\"2023\">Sind Sie bereit, an Ihre Grenzen zu gehen und die wilde Essenz der Costa Blanca zu erkunden?<\/strong><br data-start=\"2023\" data-end=\"2026\" \/>Die <strong data-start=\"2030\" data-end=\"2066\">Sieben-Gipfel-Herausforderung Alicante<\/strong> ist eine mehrt\u00e4gige gef\u00fchrte Wanderreise, die darauf abzielt, die <strong data-start=\"2122\" data-end=\"2169\">sieben ikonische Gipfel in der Provinz Alicante<\/strong>-ein einzigartiges Abenteuer, das Ausdauer, Natur und achtsame Erkundung verbindet.<\/p>\n<p data-start=\"1944\" data-end=\"2241\">Die Seven Summits Alicante Herausforderung umfasst:<br data-start=\"865\" data-end=\"868\" \/><strong data-start=\"870\" data-end=\"978\">Aitana, Puig Campana, Sierra de Bernia, Cabe\u00e7\u00f3 d'Or, Maigm\u00f3, Serra dels Plans und Serra de la Serrella.<\/strong><\/p>\n<h2 data-start=\"2243\" data-end=\"2284\">Warum diese Erfahrung anders ist<\/h2>\n<ul data-start=\"2285\" data-end=\"2621\">\n<li data-start=\"2285\" data-end=\"2375\">\n<p data-start=\"2287\" data-end=\"2375\"><strong data-start=\"2287\" data-end=\"2333\"><a href=\"https:\/\/www.inspirealtea.com\/de\/wer-ich-bin\/\">Zertifizierte Beratung<\/a> &amp; Sicherheit an erster Stelle<\/strong> (Routenwahl, Tempo, Gel\u00e4ndekenntnis)<\/p>\n<\/li>\n<li data-start=\"2376\" data-end=\"2456\">\n<p data-start=\"2378\" data-end=\"2456\"><strong data-start=\"2378\" data-end=\"2397\">Benutzerdefinierte Dauer<\/strong> (w\u00e4hlen Sie ein Format von 2-7 Tagen, je nach Ihrem Niveau und Ihrer Zeit)<\/p>\n<\/li>\n<li data-start=\"2457\" data-end=\"2533\">\n<p data-start=\"2459\" data-end=\"2533\"><strong data-start=\"2459\" data-end=\"2479\">Achtsames Trekking<\/strong>Atem, Bewusstsein und Verbindung mit der Landschaft<\/p>\n<\/li>\n<li data-start=\"2534\" data-end=\"2621\">\n<p data-start=\"2536\" data-end=\"2621\"><strong data-start=\"2536\" data-end=\"2555\">Lokales Wissen<\/strong>Legenden, Aussichtspunkte, versteckte Pfade und die besten saisonalen Routen<\/p>\n<\/li>\n<\/ul>\n<h2 data-start=\"2623\" data-end=\"2662\">Was Sie tun werden (Beispiel f\u00fcr Spitzenwerte)<\/h2>\n<p data-start=\"259\" data-end=\"435\">W\u00e4hrend dieser mehrt\u00e4gigen Reise erklimmen Sie <strong data-start=\"303\" data-end=\"352\">die sieben kultigen Gipfel der Provinz Alicante<\/strong>, die jeweils eine einzigartige Landschaft, Herausforderung und Perspektive der Costa Blanca bieten:<\/p>\n<ul data-start=\"437\" data-end=\"965\">\n<li data-start=\"437\" data-end=\"536\">\n<p data-start=\"439\" data-end=\"536\"><strong data-start=\"439\" data-end=\"468\">Sierra de Aitana (1557 m)<\/strong> - der h\u00f6chste Gipfel in Alicante, bekannt als das \u201cDach der Provinz\u201d.\u201d<\/p>\n<\/li>\n<li data-start=\"537\" data-end=\"618\">\n<p data-start=\"539\" data-end=\"618\"><strong data-start=\"539\" data-end=\"564\">Puig Campana (1408 m)<\/strong> - die symboltr\u00e4chtigste und k\u00f6rperlich anstrengendste Besteigung<\/p>\n<\/li>\n<li data-start=\"619\" data-end=\"689\">\n<p data-start=\"621\" data-end=\"689\"><strong data-start=\"621\" data-end=\"650\">Sierra de Bernia (1126 m)<\/strong> - Panorama-Kammwanderungen mit Meerblick<\/p>\n<\/li>\n<li data-start=\"690\" data-end=\"739\">\n<p data-start=\"692\" data-end=\"739\"><strong data-start=\"692\" data-end=\"711\">Maigm\u00f3 (1296 m)<\/strong> - der \u201cBalkon von Alicante\u201d<\/p>\n<\/li>\n<li data-start=\"740\" data-end=\"824\">\n<p data-start=\"742\" data-end=\"824\"><strong data-start=\"742\" data-end=\"774\">Serra del Menejador (1356 m)<\/strong> - der h\u00f6chste Punkt des Naturparks Font Roja<\/p>\n<\/li>\n<li data-start=\"825\" data-end=\"893\">\n<p data-start=\"827\" data-end=\"893\"><strong data-start=\"827\" data-end=\"856\">Serra dels Plans (1330 m)<\/strong> - wildes Terrain und tiefe Einblicke ins Landesinnere<\/p>\n<\/li>\n<li data-start=\"894\" data-end=\"965\">\n<p data-start=\"896\" data-end=\"965\"><strong data-start=\"896\" data-end=\"919\">Montcabrer (1390 m)<\/strong> - ein heiliger Gipfel des Naturparks Mariola<\/p>\n<\/li>\n<\/ul>\n<p data-start=\"967\" data-end=\"1092\">Jeder Gipfel zeigt eine andere Seite der nat\u00fcrlichen Identit\u00e4t Alicantes - von mediterranen Klippen bis zu bewaldeten Bergen im Landesinneren.<\/p>\n<h2 data-start=\"2873\" data-end=\"2890\">Enth\u00e4lt<\/h2>\n<ul data-start=\"2891\" data-end=\"3106\">\n<li data-start=\"2891\" data-end=\"2954\">\n<p data-start=\"2893\" data-end=\"2954\">Gef\u00fchrte Mehrtageswanderung (<strong data-start=\"2928\" data-end=\"2953\">anpassbare Dauer<\/strong>)<\/p>\n<\/li>\n<li data-start=\"2955\" data-end=\"2988\">\n<p data-start=\"2957\" data-end=\"2988\">Unterst\u00fctzung bei Routenplanung und Sicherheit<\/p>\n<\/li>\n<li data-start=\"2989\" data-end=\"3032\">\n<p data-start=\"2991\" data-end=\"3032\">P\u00e4dagogische Momente\/Naturinterpretationen<\/p>\n<\/li>\n<li data-start=\"3033\" data-end=\"3106\">\n<p data-start=\"3035\" data-end=\"3106\">Optionales achtsames Innehalten (Atemarbeit\/Erdung\/Meditation in Bewegung)<\/p>\n<\/li>\n<\/ul>\n<h2 data-start=\"3108\" data-end=\"3129\">Nicht enthalten<\/h2>\n<ul data-start=\"3130\" data-end=\"3231\">\n<li data-start=\"3130\" data-end=\"3156\">\n<p data-start=\"3132\" data-end=\"3156\">Essen, Snacks und Getr\u00e4nke<\/p>\n<\/li>\n<li data-start=\"3157\" data-end=\"3168\">\n<p data-start=\"3159\" data-end=\"3168\">Transport<\/p>\n<\/li>\n<li data-start=\"3169\" data-end=\"3181\">\n<p data-start=\"3171\" data-end=\"3181\">Tipps zum Leitfaden<\/p>\n<\/li>\n<li data-start=\"3182\" data-end=\"3231\">\n<p data-start=\"3184\" data-end=\"3231\">Unterkunft (optionaler Zusatz, wenn Sie sie anbieten)<\/p>\n<\/li>\n<\/ul>\n<h2 data-start=\"3233\" data-end=\"3267\">Schwierigkeitsgrad &amp; Anforderungen<\/h2>\n<p data-start=\"3268\" data-end=\"3465\"><strong data-start=\"3268\" data-end=\"3322\">Ideal f\u00fcr erfahrene Wanderer und Abenteuergruppen.<\/strong><br data-start=\"3322\" data-end=\"3325\" \/>Eine gute Grundkondition wird empfohlen. Der Schwierigkeitsgrad h\u00e4ngt von der gew\u00e4hlten Reiseroute und der Anzahl der Tage ab - die Routen k\u00f6nnen an Ihr Niveau angepasst werden.<\/p>\n<h2 data-start=\"3467\" data-end=\"3501\">Treffpunkt &amp; Sprachen<\/h2>\n<p data-start=\"3502\" data-end=\"3643\"><strong data-start=\"3502\" data-end=\"3529\">Basislogistik in Altea<\/strong> (Costa Blanca) mit Strecken in der gesamten Provinz Alicante.<br data-start=\"3582\" data-end=\"3585\" \/>Sprachen: <strong data-start=\"3596\" data-end=\"3642\">Englisch, Spanisch, Katalanisch, Franz\u00f6sisch, Italienisch<\/strong>.<\/p>\n<h2 data-start=\"3645\" data-end=\"3673\">Verwandte Erfahrungen<\/h2>\n<ul data-start=\"3674\" data-end=\"3855\">\n<li data-start=\"3674\" data-end=\"3722\">\n<p data-start=\"3676\" data-end=\"3722\"><a href=\"https:\/\/www.inspirealtea.com\/de\/erfahrungen\/wanderung-zum-sonnenaufgang-in-alicante\/\"><strong data-start=\"3676\" data-end=\"3722\">Erlebnis Sonnenaufgang im Gebirge - Costa Blanca<\/strong><\/a><\/p>\n<\/li>\n<li data-start=\"3723\" data-end=\"3757\">\n<p data-start=\"3725\" data-end=\"3757\"><a href=\"https:\/\/www.inspirealtea.com\/de\/erfahrungen\/wandern-yoga-tapas-altea\/\"><strong data-start=\"3725\" data-end=\"3757\">Wandern, Yoga &amp; Tapas (Altea)<\/strong><\/a><\/p>\n<\/li>\n<li data-start=\"3758\" data-end=\"3855\">\n<p data-start=\"3760\" data-end=\"3855\">Link zu Ihrem <a href=\"https:\/\/www.inspirealtea.com\/de\/wandern-in-alicante\/\"><strong data-start=\"3773\" data-end=\"3792\">Wandern in Altea<\/strong><\/a> Seite + <a href=\"https:\/\/www.inspirealtea.com\/de\/wandern-in-alicante-erwecken-sie-ihren-geist\/\"><strong data-start=\"3800\" data-end=\"3822\">Wandern in Alicante<\/strong><\/a> Artikel (ya lo tienes: perfecto)<\/p>\n<\/li>\n<\/ul>\n<p data-start=\"3873\" data-end=\"4039\"><strong data-start=\"3873\" data-end=\"3933\">M\u00f6chten Sie die vollst\u00e4ndige Reiseroute und Empfehlungen f\u00fcr die beste Jahreszeit?<\/strong><br data-start=\"3933\" data-end=\"3936\" \/><a href=\"https:\/\/www.inspirealtea.com\/de\/kontakt\/\">Buchen Sie Ihre Termine<\/a> und wir best\u00e4tigen Ihnen den idealen Routenplan, der auf dem Wetter, dem Niveau und der gew\u00fcnschten Dauer basiert.<\/p>","protected":false},"excerpt":{"rendered":"<p data-start=\"1503\" data-end=\"1680\">Eine transformierende mehrt\u00e4gige Wanderherausforderung \u00fcber die sieben ikonischen Gipfel von Alicante. Gef\u00fchrt, sicher und individuell anpassbar, mit Sitz in Altea f\u00fcr einfache Logistik und Zugang zur Costa Blanca.<\/p>","protected":false},"featured_media":685,"comment_status":"open","ping_status":"closed","template":"","meta":{"nf_dc_page":"","om_disable_all_campaigns":false,"_monsterinsights_skip_tracking":false,"_monsterinsights_sitenote_active":false,"_monsterinsights_sitenote_note":"","_monsterinsights_sitenote_category":0,"_uf_show_specific_survey":0,"_uf_disable_surveys":false,"jetpack_post_was_ever_published":false,"jetpack_publicize_message":"","jetpack_publicize_feature_enabled":true,"jetpack_social_post_already_shared":false,"jetpack_social_options":{"image_generator_settings":{"template":"highway","default_image_id":0,"font":"","enabled":false},"version":2}},"product_brand":[35],"product_cat":[33,24],"product_tag":[367,371,370,364,374,363,373,132,368,366,365,372,369,362,155],"class_list":{"0":"post-734","1":"product","2":"type-product","3":"status-publish","4":"has-post-thumbnail","6":"product_brand-inspire-altea","7":"product_cat-hiking-nature-experiences","8":"product_cat-wellbeing-experiences","9":"product_tag-adventure-holiday-spain","10":"product_tag-conscious-hiking","11":"product_tag-costa-blanca-mountains","12":"product_tag-guided-hiking-alicante","13":"product_tag-guided-mountain-experience","14":"product_tag-hiking-challenge-alicante","15":"product_tag-hiking-experience-spain","16":"product_tag-hiking-in-altea","17":"product_tag-hiking-retreat-alicante","18":"product_tag-mountain-experience-alicante","19":"product_tag-multi-day-hiking-spain","20":"product_tag-nature-challenge-spain","21":"product_tag-outdoor-experience-alicante","22":"product_tag-seven-summits-alicante","23":"product_tag-trekking-costa-blanca","25":"first","26":"instock","27":"virtual","28":"purchasable","29":"product-type-simple"},"yoast_head":"<!-- This site is optimized with the Yoast SEO Premium plugin v27.3 (Yoast SEO v27.4) - https:\/\/yoast.com\/product\/yoast-seo-premium-wordpress\/ -->\n<title>Seven Summits Challenge Alicante | Multi-Day Guided Hiking<\/title>\n<meta name=\"description\" content=\"Conquer Alicante\u2019s Seven Summits with a certified guide. A multi-day hiking challenge with flexible pacing, safety support, and stunning views. \u2014 Altea.\" \/>\n<meta name=\"robots\" content=\"index, follow, max-snippet:-1, max-image-preview:large, max-video-preview:-1\" \/>\n<link rel=\"canonical\" href=\"https:\/\/www.inspirealtea.com\/de\/erfahrungen\/sieben-gipfel-fordern-alicante-heraus\/\" \/>\n<meta property=\"og:locale\" content=\"de_DE\" \/>\n<meta property=\"og:type\" content=\"article\" \/>\n<meta property=\"og:title\" content=\"Seven Summits Challenge \u2013 Alicante Edition\" \/>\n<meta property=\"og:description\" content=\"Conquer Alicante\u2019s Seven Summits with a certified guide. A multi-day hiking challenge with flexible pacing, safety support, and stunning views. \u2014 Altea.\" \/>\n<meta property=\"og:url\" content=\"https:\/\/www.inspirealtea.com\/de\/erfahrungen\/sieben-gipfel-fordern-alicante-heraus\/\" \/>\n<meta property=\"og:site_name\" content=\"Yoga, Ayurveda and Hiking | Inspire Altea\" \/>\n<meta property=\"article:publisher\" content=\"https:\/\/www.facebook.com\/yogaayurveda.altea\" \/>\n<meta property=\"article:modified_time\" content=\"2026-03-25T12:28:19+00:00\" \/>\n<meta property=\"og:image\" content=\"https:\/\/www.inspirealtea.com\/wp-content\/uploads\/2025\/11\/trekkalicante5.webp\" \/>\n\t<meta property=\"og:image:width\" content=\"900\" \/>\n\t<meta property=\"og:image:height\" content=\"600\" \/>\n\t<meta property=\"og:image:type\" content=\"image\/webp\" \/>\n<meta name=\"twitter:card\" content=\"summary_large_image\" \/>\n<meta name=\"twitter:label1\" content=\"Gesch\u00e4tzte Lesezeit\" \/>\n\t<meta name=\"twitter:data1\" content=\"2\u00a0Minuten\" \/>\n<!-- \/ Yoast SEO Premium plugin. -->","yoast_head_json":{"title":"Seven Summits Challenge Alicante | Mehrt\u00e4gige gef\u00fchrte Wanderung","description":"Bezwingen Sie die Seven Summits von Alicante mit einem zertifizierten F\u00fchrer. Eine mehrt\u00e4gige Wanderherausforderung mit flexiblem Tempo, Sicherheitsunterst\u00fctzung und atemberaubenden Aussichten. - Altea.","robots":{"index":"index","follow":"follow","max-snippet":"max-snippet:-1","max-image-preview":"max-image-preview:large","max-video-preview":"max-video-preview:-1"},"canonical":"https:\/\/www.inspirealtea.com\/de\/erfahrungen\/sieben-gipfel-fordern-alicante-heraus\/","og_locale":"de_DE","og_type":"article","og_title":"Seven Summits Challenge \u2013 Alicante Edition","og_description":"Conquer Alicante\u2019s Seven Summits with a certified guide. A multi-day hiking challenge with flexible pacing, safety support, and stunning views. \u2014 Altea.","og_url":"https:\/\/www.inspirealtea.com\/de\/erfahrungen\/sieben-gipfel-fordern-alicante-heraus\/","og_site_name":"Yoga, Ayurveda and Hiking | Inspire Altea","article_publisher":"https:\/\/www.facebook.com\/yogaayurveda.altea","article_modified_time":"2026-03-25T12:28:19+00:00","og_image":[{"width":900,"height":600,"url":"https:\/\/www.inspirealtea.com\/wp-content\/uploads\/2025\/11\/trekkalicante5.webp","type":"image\/webp"}],"twitter_card":"summary_large_image","twitter_misc":{"Gesch\u00e4tzte Lesezeit":"2\u00a0Minuten"},"schema":{"@context":"https:\/\/schema.org","@graph":[{"@type":"WebPage","@id":"https:\/\/www.inspirealtea.com\/experiences\/seven-summits-challenge-alicante\/","url":"https:\/\/www.inspirealtea.com\/experiences\/seven-summits-challenge-alicante\/","name":"Seven Summits Challenge Alicante | Mehrt\u00e4gige gef\u00fchrte Wanderung","isPartOf":{"@id":"https:\/\/www.inspirealtea.com\/#website"},"primaryImageOfPage":{"@id":"https:\/\/www.inspirealtea.com\/experiences\/seven-summits-challenge-alicante\/#primaryimage"},"image":{"@id":"https:\/\/www.inspirealtea.com\/experiences\/seven-summits-challenge-alicante\/#primaryimage"},"thumbnailUrl":"https:\/\/i0.wp.com\/www.inspirealtea.com\/wp-content\/uploads\/2025\/11\/trekkalicante5.webp?fit=900%2C600&ssl=1","datePublished":"2025-11-01T17:02:10+00:00","dateModified":"2026-03-25T12:28:19+00:00","description":"Bezwingen Sie die Seven Summits von Alicante mit einem zertifizierten F\u00fchrer. Eine mehrt\u00e4gige Wanderherausforderung mit flexiblem Tempo, Sicherheitsunterst\u00fctzung und atemberaubenden Aussichten. - Altea.","breadcrumb":{"@id":"https:\/\/www.inspirealtea.com\/experiences\/seven-summits-challenge-alicante\/#breadcrumb"},"inLanguage":"de","potentialAction":[{"@type":"ReadAction","target":["https:\/\/www.inspirealtea.com\/experiences\/seven-summits-challenge-alicante\/"]}]},{"@type":"ImageObject","inLanguage":"de","@id":"https:\/\/www.inspirealtea.com\/experiences\/seven-summits-challenge-alicante\/#primaryimage","url":"https:\/\/i0.wp.com\/www.inspirealtea.com\/wp-content\/uploads\/2025\/11\/trekkalicante5.webp?fit=900%2C600&ssl=1","contentUrl":"https:\/\/i0.wp.com\/www.inspirealtea.com\/wp-content\/uploads\/2025\/11\/trekkalicante5.webp?fit=900%2C600&ssl=1","width":900,"height":600,"caption":"Discover where the Alicante mountains meet the Mediterranean on our Seven Summits Challenge."},{"@type":"BreadcrumbList","@id":"https:\/\/www.inspirealtea.com\/experiences\/seven-summits-challenge-alicante\/#breadcrumb","itemListElement":[{"@type":"ListItem","position":1,"name":"Home","item":"https:\/\/www.inspirealtea.com\/"},{"@type":"ListItem","position":2,"name":"Experiences","item":"https:\/\/www.inspirealtea.com\/experiences\/"},{"@type":"ListItem","position":3,"name":"Wellbeing experiences","item":"https:\/\/www.inspirealtea.com\/product-category\/wellbeing-experiences\/"},{"@type":"ListItem","position":4,"name":"Hiking &amp; Nature Experiences","item":"https:\/\/www.inspirealtea.com\/product-category\/wellbeing-experiences\/hiking-nature-experiences\/"},{"@type":"ListItem","position":5,"name":"Seven Summits Challenge \u2013 Alicante Edition"}]},{"@type":"WebSite","@id":"https:\/\/www.inspirealtea.com\/#website","url":"https:\/\/www.inspirealtea.com\/","name":"Yoga, Ayurveda &amp; Wandern | Inspire Altea","description":"Entdecke dich selbst durch Yoga, Ayurveda und Wandern in Altea, Alicante \u2013 ein Refugium f\u00fcr Wohlbefinden am Mittelmeer.","publisher":{"@id":"https:\/\/www.inspirealtea.com\/#organization"},"alternateName":"Inspire Altea \u2013 Yoga, Ayurveda & Hiking","potentialAction":[{"@type":"SearchAction","target":{"@type":"EntryPoint","urlTemplate":"https:\/\/www.inspirealtea.com\/?s={search_term_string}"},"query-input":{"@type":"PropertyValueSpecification","valueRequired":true,"valueName":"search_term_string"}}],"inLanguage":"de"},{"@type":"Organization","@id":"https:\/\/www.inspirealtea.com\/#organization","name":"Yoga, Ayurveda und Wandern | Inspire Altea","alternateName":"IA Yoga Ayurveda Hike","url":"https:\/\/www.inspirealtea.com\/","logo":{"@type":"ImageObject","inLanguage":"de","@id":"https:\/\/www.inspirealtea.com\/#\/schema\/logo\/image\/","url":"https:\/\/i0.wp.com\/www.inspirealtea.com\/wp-content\/uploads\/2025\/10\/Logo-Inspire-Altea.png?fit=1024%2C1024&ssl=1","contentUrl":"https:\/\/i0.wp.com\/www.inspirealtea.com\/wp-content\/uploads\/2025\/10\/Logo-Inspire-Altea.png?fit=1024%2C1024&ssl=1","width":1024,"height":1024,"caption":"Yoga, Ayurveda and Hiking | Inspire Altea"},"image":{"@id":"https:\/\/www.inspirealtea.com\/#\/schema\/logo\/image\/"},"sameAs":["https:\/\/www.facebook.com\/yogaayurveda.altea","https:\/\/www.instagram.com\/inspirealtea\/","https:\/\/www.linkedin.com\/in\/sergio-cisneros-galea","https:\/\/www.youtube.com\/@inspirealtea","https:\/\/gravatar.com\/sergiocisnerosgalea"],"description":"Discover holistic wellbeing experiences in Altea that connect body, mind, and nature. From yoga and Ayurveda to guided hiking and personalized retreats \u2014 all designed to help you restore balance, vitality, and inner peace.","email":"inspirealtea@gmail.com","telephone":"+33 6 07 42 58 97","legalName":"Sergio Cisneros Galea","foundingDate":"2019-11-11","numberOfEmployees":{"@type":"QuantitativeValue","minValue":"1","maxValue":"10"},"publishingPrinciples":"https:\/\/www.inspirealtea.com\/who-i-am\/"}]}},"jetpack_publicize_connections":[],"jetpack_sharing_enabled":true,"_links":{"self":[{"href":"https:\/\/www.inspirealtea.com\/de\/wp-json\/wp\/v2\/product\/734","targetHints":{"allow":["GET"]}}],"collection":[{"href":"https:\/\/www.inspirealtea.com\/de\/wp-json\/wp\/v2\/product"}],"about":[{"href":"https:\/\/www.inspirealtea.com\/de\/wp-json\/wp\/v2\/types\/product"}],"replies":[{"embeddable":true,"href":"https:\/\/www.inspirealtea.com\/de\/wp-json\/wp\/v2\/comments?post=734"}],"wp:featuredmedia":[{"embeddable":true,"href":"https:\/\/www.inspirealtea.com\/de\/wp-json\/wp\/v2\/media\/685"}],"wp:attachment":[{"href":"https:\/\/www.inspirealtea.com\/de\/wp-json\/wp\/v2\/media?parent=734"}],"wp:term":[{"taxonomy":"product_brand","embeddable":true,"href":"https:\/\/www.inspirealtea.com\/de\/wp-json\/wp\/v2\/product_brand?post=734"},{"taxonomy":"product_cat","embeddable":true,"href":"https:\/\/www.inspirealtea.com\/de\/wp-json\/wp\/v2\/product_cat?post=734"},{"taxonomy":"product_tag","embeddable":true,"href":"https:\/\/www.inspirealtea.com\/de\/wp-json\/wp\/v2\/product_tag?post=734"}],"curies":[{"name":"wp","href":"https:\/\/api.w.org\/{rel}","templated":true}]}}