{"id":730,"date":"2025-11-01T18:46:34","date_gmt":"2025-11-01T16:46:34","guid":{"rendered":"https:\/\/www.inspirealtea.com\/product\/sunrise-mountain-experience-costa-blanca\/"},"modified":"2026-03-25T13:29:40","modified_gmt":"2026-03-25T12:29:40","slug":"wanderung-zum-sonnenaufgang-in-alicante","status":"publish","type":"product","link":"https:\/\/www.inspirealtea.com\/de\/experiences\/sunrise-hike-alicante\/","title":{"rendered":"Erlebnis Sonnenaufgang im Gebirge - Costa Blanca"},"content":{"rendered":"<h2 data-start=\"190\" data-end=\"249\">\ud83c\udf05 Sonnenaufgangswanderung Alicante - ein achtsames Bergerlebnis<\/h2>\n<p data-start=\"251\" data-end=\"430\">Beginnen Sie den Tag mit einer Sonnenaufgangswanderung in Alicante - eine gef\u00fchrte Bergtour in der N\u00e4he von Altea, die landschaftlich reizvolle Pfade, achtsame Pausen und atemberaubende Ausblicke \u00fcber die Costa Blanca miteinander verbindet.<\/p>\n<p data-start=\"432\" data-end=\"635\">Noch vor der Morgend\u00e4mmerung treffen Sie Ihren zertifizierten Bergf\u00fchrer und beginnen einen friedlichen Aufstieg \u00fcber nach Kiefern duftende Pfade und felsige Grate. Mit dem ersten Licht des Tages erwacht die Landschaft langsam um Sie herum.<\/p>\n<p data-start=\"637\" data-end=\"828\">Den Gipfel bei Sonnenaufgang zu erreichen, ist ein Moment der stillen Verbundenheit - wo die Mittelmeerk\u00fcste, die Silhouetten der Berge und der goldene Horizont zu einem unvergesslichen Erlebnis verschmelzen.<\/p>\n<hr data-start=\"830\" data-end=\"833\" \/>\n<h2 data-start=\"835\" data-end=\"876\">Warum eine Sonnenaufgangswanderung in Alicante?<\/h2>\n<p data-start=\"878\" data-end=\"958\">Eine Wanderung bei Sonnenaufgang bietet eine einzigartige M\u00f6glichkeit, die Natur zu erleben, bevor der Tag beginnt.<\/p>\n<p data-start=\"960\" data-end=\"1082\">W\u00e4hrend der Himmel von tiefem Blau zu warmem Gold wechselt, erreichen Sie einen malerischen Aussichtspunkt, von dem aus sich die Costa Blanca unter Ihnen entfaltet.<\/p>\n<p data-start=\"1084\" data-end=\"1143\">Anders als bei Wanderungen am Tag schafft die fr\u00fchmorgendliche Atmosph\u00e4re:<\/p>\n<ul data-start=\"1145\" data-end=\"1220\">\n<li data-start=\"1145\" data-end=\"1165\">\n<p data-start=\"1147\" data-end=\"1165\">Stille und Ruhe<\/p>\n<\/li>\n<li data-start=\"1166\" data-end=\"1189\">\n<p data-start=\"1168\" data-end=\"1189\">K\u00e4ltere Temperaturen<\/p>\n<\/li>\n<li data-start=\"1190\" data-end=\"1220\">\n<p data-start=\"1192\" data-end=\"1220\">Ein tieferes Gef\u00fchl der Pr\u00e4senz<\/p>\n<\/li>\n<\/ul>\n<p data-start=\"1222\" data-end=\"1334\">Dieses Erlebnis verbindet Abenteuer mit Achtsamkeit und ist ideal f\u00fcr alle, die sowohl Bewegung als auch Sinn suchen.<\/p>\n<hr data-start=\"1336\" data-end=\"1339\" \/>\n<h2 data-start=\"1341\" data-end=\"1377\">Eine gef\u00fchrte Erfahrung jenseits des Wanderns<\/h2>\n<p data-start=\"1379\" data-end=\"1445\">Bei dieser Sonnenaufgangswanderung in Alicante geht es nicht nur darum, einen Gipfel zu erreichen.<\/p>\n<p data-start=\"1447\" data-end=\"1541\">Unterwegs sind Sie eingeladen, innezuhalten, tief durchzuatmen und sich wieder mit dem Rhythmus der Natur zu verbinden.<\/p>\n<p data-start=\"1543\" data-end=\"1563\">Die Reise wird:<\/p>\n<ul data-start=\"1565\" data-end=\"1670\">\n<li data-start=\"1565\" data-end=\"1591\">\n<p data-start=\"1567\" data-end=\"1591\">Ein Moment der Reflexion<\/p>\n<\/li>\n<li data-start=\"1592\" data-end=\"1622\">\n<p data-start=\"1594\" data-end=\"1622\">Ein achtsamer Start in den Tag<\/p>\n<\/li>\n<li data-start=\"1623\" data-end=\"1670\">\n<p data-start=\"1625\" data-end=\"1670\">Eine starke Verbindung zur Landschaft und zu sich selbst<\/p>\n<\/li>\n<\/ul>\n<p data-start=\"1672\" data-end=\"1756\">Kleine Gruppen garantieren eine pers\u00f6nliche und unterst\u00fctzende Erfahrung w\u00e4hrend des gesamten Aufstiegs.<\/p>\n<hr data-start=\"1758\" data-end=\"1761\" \/>\n<h2 data-start=\"1763\" data-end=\"1809\">Was ist das Besondere an diesem Sonnenaufgangserlebnis?<\/h2>\n<p data-start=\"1811\" data-end=\"1907\">Im Gegensatz zu einer typischen Wandertour stehen bei diesem gef\u00fchrten Sonnenaufgangserlebnis Pr\u00e4senz und Verbundenheit im Vordergrund.<\/p>\n<p data-start=\"1909\" data-end=\"1938\">Entlang der Route werden Sie viel erleben:<\/p>\n<ul data-start=\"1940\" data-end=\"2046\">\n<li data-start=\"1940\" data-end=\"1965\">\n<p data-start=\"1942\" data-end=\"1965\">Ruhige Bergpfade<\/p>\n<\/li>\n<li data-start=\"1966\" data-end=\"1993\">\n<p data-start=\"1968\" data-end=\"1993\">Gef\u00fchrte Atmungspausen<\/p>\n<\/li>\n<li data-start=\"1994\" data-end=\"2018\">\n<p data-start=\"1996\" data-end=\"2018\">Intimit\u00e4t in kleinen Gruppen<\/p>\n<\/li>\n<li data-start=\"2019\" data-end=\"2046\">\n<p data-start=\"2021\" data-end=\"2046\">Panoramablick bei Sonnenaufgang<\/p>\n<\/li>\n<\/ul>\n<p data-start=\"2048\" data-end=\"2120\">Es ist ein Erlebnis, das nicht nur auf Abenteuer ausgelegt ist, sondern auch auf innere Ruhe.<\/p>\n<hr data-start=\"2122\" data-end=\"2125\" \/>\n<h2 data-start=\"2127\" data-end=\"2154\">Optionales Fr\u00fchst\u00fcck vor Ort<\/h2>\n<p data-start=\"2156\" data-end=\"2272\">Nach dem Abstieg k\u00f6nnen Sie den Vormittag mit einem entspannten Fr\u00fchst\u00fcck in Altea ausklingen lassen (optional).<\/p>\n<p data-start=\"2274\" data-end=\"2379\">Wir empfehlen Ihnen gerne authentische lokale Lokale, in denen Sie nach der Wanderung mediterrane K\u00f6stlichkeiten genie\u00dfen k\u00f6nnen.<\/p>\n<p data-start=\"2381\" data-end=\"2432\">(Das Fr\u00fchst\u00fcck ist nicht im Basiserlebnis enthalten.)<\/p>\n<hr data-start=\"2434\" data-end=\"2437\" \/>\n<h2 data-start=\"2439\" data-end=\"2450\">Enth\u00e4lt<\/h2>\n<ul data-start=\"2452\" data-end=\"2581\">\n<li data-start=\"2452\" data-end=\"2496\">\n<p data-start=\"2454\" data-end=\"2496\">Gef\u00fchrte Bergwanderung bei Sonnenaufgang (4-5 Stunden)<\/p>\n<\/li>\n<li data-start=\"2497\" data-end=\"2526\">\n<p data-start=\"2499\" data-end=\"2526\">Gipfelerlebnis Sonnenaufgang<\/p>\n<\/li>\n<li data-start=\"2527\" data-end=\"2556\">\n<p data-start=\"2529\" data-end=\"2556\">Momente des achtsamen Atmens<\/p>\n<\/li>\n<li data-start=\"2557\" data-end=\"2581\">\n<p data-start=\"2559\" data-end=\"2581\">Beratung in kleinen Gruppen<\/p>\n<\/li>\n<\/ul>\n<hr data-start=\"2583\" data-end=\"2586\" \/>\n<h2 data-start=\"2588\" data-end=\"2602\">Perfekt f\u00fcr<\/h2>\n<ul data-start=\"2604\" data-end=\"2711\">\n<li data-start=\"2604\" data-end=\"2621\">\n<p data-start=\"2606\" data-end=\"2621\">Naturliebhaber<\/p>\n<\/li>\n<li data-start=\"2622\" data-end=\"2638\">\n<p data-start=\"2624\" data-end=\"2638\">Fr\u00fchaufsteher<\/p>\n<\/li>\n<li data-start=\"2639\" data-end=\"2661\">\n<p data-start=\"2641\" data-end=\"2661\">Achtsame Reisende<\/p>\n<\/li>\n<li data-start=\"2662\" data-end=\"2689\">\n<p data-start=\"2664\" data-end=\"2689\">Fotografie-Enthusiasten<\/p>\n<\/li>\n<li data-start=\"2690\" data-end=\"2711\">\n<p data-start=\"2692\" data-end=\"2711\">Abenteuerlustige<\/p>\n<\/li>\n<\/ul>\n<hr data-start=\"2713\" data-end=\"2716\" \/>\n<h2 data-start=\"2718\" data-end=\"2724\">FAQs<\/h2>\n<p data-start=\"2372\" data-end=\"2567\"><strong data-start=\"2372\" data-end=\"2420\">Ist diese Sonnenaufgangswanderung f\u00fcr Anf\u00e4nger geeignet?<\/strong><br data-start=\"2420\" data-end=\"2423\" \/>Die Wanderung ist moderat und f\u00fcr aktive Anf\u00e4nger geeignet. Wenn Sie irgendwelche Bedenken haben, kontaktieren Sie uns und wir werden Ihnen die beste Option f\u00fcr Ihr Niveau empfehlen.<\/p>\n<p data-start=\"2569\" data-end=\"2730\"><strong data-start=\"2569\" data-end=\"2624\">Wie lange dauert das Sunrise Mountain Experience?<\/strong><br data-start=\"2624\" data-end=\"2627\" \/>Das Gesamterlebnis dauert etwa <strong data-start=\"2661\" data-end=\"2674\">4-5 Stunden<\/strong>, einschlie\u00dflich Aufstieg, Sonnenaufgangszeit und Abstieg.<\/p>\n<p data-start=\"2732\" data-end=\"2912\"><strong data-start=\"2732\" data-end=\"2767\">Wo findet die Wanderung statt?<\/strong><br data-start=\"2767\" data-end=\"2770\" \/>Die Wanderung findet in den Bergen in der N\u00e4he von <strong data-start=\"2813\" data-end=\"2822\">Altea<\/strong> \u00fcber die <strong data-start=\"2830\" data-end=\"2857\">Costa Blanca (Alicante)<\/strong>. Genaue Angaben zum Treffpunkt werden nach der Buchung mitgeteilt.<\/p>\n<p data-start=\"2914\" data-end=\"3083\"><strong data-start=\"2914\" data-end=\"2938\">Was sollte ich mitbringen?<\/strong><br data-start=\"2938\" data-end=\"2941\" \/>Nehmen Sie Wanderschuhe, eine leichte Jacke f\u00fcr die Temperaturen am fr\u00fchen Morgen, Wasser und einen kleinen Snack mit. Eine Stirnlampe kann je nach Jahreszeit n\u00fctzlich sein.<\/p>\n<p data-start=\"3085\" data-end=\"3250\"><strong data-start=\"3085\" data-end=\"3111\">Ist das Fr\u00fchst\u00fcck inbegriffen?<\/strong><br data-start=\"3111\" data-end=\"3114\" \/>Das Fr\u00fchst\u00fcck ist nicht inbegriffen. Nach der Wanderung k\u00f6nnen wir Ihnen lokale Lokale in Altea empfehlen, wenn Sie das Fr\u00fchst\u00fcck als optionales Extra genie\u00dfen m\u00f6chten.<\/p>\n<p data-start=\"3252\" data-end=\"3380\"><strong data-start=\"3252\" data-end=\"3290\">Kann ich eine private Sonnenaufgangswanderung buchen?<\/strong><br data-start=\"3290\" data-end=\"3293\" \/>Ja. Private Buchungen sind auf Anfrage f\u00fcr Paare, Familien und kleine Gruppen m\u00f6glich.<\/p>\n<p data-start=\"3252\" data-end=\"3380\">\n<p data-start=\"2498\" data-end=\"2576\"><strong>\ud83d\udc49 <a class=\"decorated-link cursor-pointer\" href=\"https:\/\/www.inspirealtea.com\/de\/kontakt\/\" target=\"_new\" rel=\"noopener\" data-start=\"2512\" data-end=\"2574\">Buchen Sie Ihre Sonnenaufgangswanderung<\/a><\/strong><\/p>\n<p data-start=\"2498\" data-end=\"2576\"><strong>\ud83d\udc49 <a class=\"decorated-link cursor-pointer\" href=\"https:\/\/www.inspirealtea.com\/de\/erfahrungen\/sieben-gipfel-fordern-alicante-heraus\/\" target=\"_new\" rel=\"noopener\" data-start=\"2512\" data-end=\"2574\">Machen Sie mit bei der Seven Summits Challenge - Alicante Edition<\/a><\/strong><\/p>\n<p data-start=\"2578\" data-end=\"2741\">Mehr entdecken <a href=\"https:\/\/www.inspirealtea.com\/de\/\">Erfahrungen<\/a> \u00fcber unser <a class=\"decorated-link cursor-pointer\" href=\"https:\/\/www.inspirealtea.com\/de\/wandern-in-alicante\/\" target=\"_new\" rel=\"noopener\" data-start=\"2611\" data-end=\"2671\">Wandern in Altea<\/a> und <a class=\"decorated-link cursor-pointer\" href=\"https:\/\/www.inspirealtea.com\/de\/yoga-in-altea\/\" target=\"_new\" rel=\"noopener\" data-start=\"2676\" data-end=\"2732\">Yoga in Altea<\/a> Seiten.<\/p>\n<p data-start=\"2578\" data-end=\"2741\">Lesen Sie unsere Artikel, die mit ! zusammenh\u00e4ngen:<\/p>\n<ul>\n<li data-start=\"2578\" data-end=\"2741\"><a href=\"https:\/\/www.inspirealtea.com\/de\/outdoor-yoga-mittelmeer\/\">Yoga am Mittelmeer<\/a><\/li>\n<li data-start=\"2578\" data-end=\"2741\"><a href=\"https:\/\/www.inspirealtea.com\/de\/wandern-in-alicante-erwecken-sie-ihren-geist\/\">Wandern in Alicante<\/a><\/li>\n<\/ul>","protected":false},"excerpt":{"rendered":"<p data-start=\"1013\" data-end=\"1188\">Erleben Sie einen magischen Sonnenaufgang von einem Berggipfel bei Altea. Diese gef\u00fchrte Sonnenaufgangswanderung kombiniert landschaftliche Abenteuer, achtsame Momente und Panoramablicke \u00fcber die Costa Blanca.<\/p>","protected":false},"featured_media":728,"comment_status":"open","ping_status":"closed","template":"","meta":{"nf_dc_page":"","om_disable_all_campaigns":false,"_monsterinsights_skip_tracking":false,"_monsterinsights_sitenote_active":false,"_monsterinsights_sitenote_note":"","_monsterinsights_sitenote_category":0,"_uf_show_specific_survey":0,"_uf_disable_surveys":false,"jetpack_post_was_ever_published":false,"jetpack_publicize_message":"","jetpack_publicize_feature_enabled":true,"jetpack_social_post_already_shared":false,"jetpack_social_options":{"image_generator_settings":{"template":"highway","default_image_id":0,"font":"","enabled":false},"version":2}},"product_brand":[35],"product_cat":[33,24],"product_tag":[376,378,377,380,136,379,381,382,143,375],"class_list":{"0":"post-730","1":"product","2":"type-product","3":"status-publish","4":"has-post-thumbnail","6":"product_brand-inspire-altea","7":"product_cat-hiking-nature-experiences","8":"product_cat-wellbeing-experiences","9":"product_tag-costa-blanca-sunrise","10":"product_tag-early-morning-hike","11":"product_tag-guided-hike-spain","12":"product_tag-hiking-altea","13":"product_tag-mindful-hiking","14":"product_tag-mountain-sunrise","15":"product_tag-nature-experience-spain","16":"product_tag-outdoor-adventure-costa-blanca","17":"product_tag-sunrise-hike","18":"product_tag-sunrise-hike-alicante","20":"first","21":"instock","22":"featured","23":"virtual","24":"purchasable","25":"product-type-simple"},"yoast_head":"<!-- This site is optimized with the Yoast SEO Premium plugin v27.3 (Yoast SEO v27.4) - https:\/\/yoast.com\/product\/yoast-seo-premium-wordpress\/ -->\n<title>Sunrise Hike Alicante | Guided Mountain Experience Costa Blanca<\/title>\n<meta name=\"description\" content=\"Watch the sunrise from a mountain summit near Altea. A guided sunrise hike in Alicante combining adventure, mindfulness, and breathtaking nature views.\" \/>\n<meta name=\"robots\" content=\"index, follow, max-snippet:-1, max-image-preview:large, max-video-preview:-1\" \/>\n<link rel=\"canonical\" href=\"https:\/\/www.inspirealtea.com\/de\/erfahrungen\/wanderung-zum-sonnenaufgang-in-alicante\/\" \/>\n<meta property=\"og:locale\" content=\"de_DE\" \/>\n<meta property=\"og:type\" content=\"article\" \/>\n<meta property=\"og:title\" content=\"Sunrise Mountain Experience \u2013 Costa Blanca\" \/>\n<meta property=\"og:description\" content=\"Watch the sunrise from a mountain summit near Altea. A guided sunrise hike in Alicante combining adventure, mindfulness, and breathtaking nature views.\" \/>\n<meta property=\"og:url\" content=\"https:\/\/www.inspirealtea.com\/de\/erfahrungen\/wanderung-zum-sonnenaufgang-in-alicante\/\" \/>\n<meta property=\"og:site_name\" content=\"Yoga, Ayurveda and Hiking | Inspire Altea\" \/>\n<meta property=\"article:publisher\" content=\"https:\/\/www.facebook.com\/yogaayurveda.altea\" \/>\n<meta property=\"article:modified_time\" content=\"2026-03-25T12:29:40+00:00\" \/>\n<meta property=\"og:image\" content=\"https:\/\/www.inspirealtea.com\/wp-content\/uploads\/2025\/11\/IMG_5534-scaled.webp\" \/>\n\t<meta property=\"og:image:width\" content=\"2560\" \/>\n\t<meta property=\"og:image:height\" content=\"1920\" \/>\n\t<meta property=\"og:image:type\" content=\"image\/webp\" \/>\n<meta name=\"twitter:card\" content=\"summary_large_image\" \/>\n<meta name=\"twitter:label1\" content=\"Gesch\u00e4tzte Lesezeit\" \/>\n\t<meta name=\"twitter:data1\" content=\"3\u00a0Minuten\" \/>\n<!-- \/ Yoast SEO Premium plugin. -->","yoast_head_json":{"title":"Sonnenaufgangswanderung Alicante | Gef\u00fchrtes Bergerlebnis Costa Blanca","description":"Beobachten Sie den Sonnenaufgang von einem Berggipfel bei Altea. Eine gef\u00fchrte Sonnenaufgangswanderung in Alicante, die Abenteuer, Achtsamkeit und atemberaubende Naturaussichten miteinander verbindet.","robots":{"index":"index","follow":"follow","max-snippet":"max-snippet:-1","max-image-preview":"max-image-preview:large","max-video-preview":"max-video-preview:-1"},"canonical":"https:\/\/www.inspirealtea.com\/de\/erfahrungen\/wanderung-zum-sonnenaufgang-in-alicante\/","og_locale":"de_DE","og_type":"article","og_title":"Sunrise Mountain Experience \u2013 Costa Blanca","og_description":"Watch the sunrise from a mountain summit near Altea. A guided sunrise hike in Alicante combining adventure, mindfulness, and breathtaking nature views.","og_url":"https:\/\/www.inspirealtea.com\/de\/erfahrungen\/wanderung-zum-sonnenaufgang-in-alicante\/","og_site_name":"Yoga, Ayurveda and Hiking | Inspire Altea","article_publisher":"https:\/\/www.facebook.com\/yogaayurveda.altea","article_modified_time":"2026-03-25T12:29:40+00:00","og_image":[{"width":2560,"height":1920,"url":"https:\/\/www.inspirealtea.com\/wp-content\/uploads\/2025\/11\/IMG_5534-scaled.webp","type":"image\/webp"}],"twitter_card":"summary_large_image","twitter_misc":{"Gesch\u00e4tzte Lesezeit":"3\u00a0Minuten"},"schema":{"@context":"https:\/\/schema.org","@graph":[{"@type":"WebPage","@id":"https:\/\/www.inspirealtea.com\/experiences\/sunrise-hike-alicante\/","url":"https:\/\/www.inspirealtea.com\/experiences\/sunrise-hike-alicante\/","name":"Sonnenaufgangswanderung Alicante | Gef\u00fchrtes Bergerlebnis Costa Blanca","isPartOf":{"@id":"https:\/\/www.inspirealtea.com\/#website"},"primaryImageOfPage":{"@id":"https:\/\/www.inspirealtea.com\/experiences\/sunrise-hike-alicante\/#primaryimage"},"image":{"@id":"https:\/\/www.inspirealtea.com\/experiences\/sunrise-hike-alicante\/#primaryimage"},"thumbnailUrl":"https:\/\/i0.wp.com\/www.inspirealtea.com\/wp-content\/uploads\/2025\/11\/IMG_5534-scaled.webp?fit=2560%2C1920&ssl=1","datePublished":"2025-11-01T16:46:34+00:00","dateModified":"2026-03-25T12:29:40+00:00","description":"Beobachten Sie den Sonnenaufgang von einem Berggipfel bei Altea. Eine gef\u00fchrte Sonnenaufgangswanderung in Alicante, die Abenteuer, Achtsamkeit und atemberaubende Naturaussichten miteinander verbindet.","breadcrumb":{"@id":"https:\/\/www.inspirealtea.com\/experiences\/sunrise-hike-alicante\/#breadcrumb"},"inLanguage":"de","potentialAction":[{"@type":"ReadAction","target":["https:\/\/www.inspirealtea.com\/experiences\/sunrise-hike-alicante\/"]}]},{"@type":"ImageObject","inLanguage":"de","@id":"https:\/\/www.inspirealtea.com\/experiences\/sunrise-hike-alicante\/#primaryimage","url":"https:\/\/i0.wp.com\/www.inspirealtea.com\/wp-content\/uploads\/2025\/11\/IMG_5534-scaled.webp?fit=2560%2C1920&ssl=1","contentUrl":"https:\/\/i0.wp.com\/www.inspirealtea.com\/wp-content\/uploads\/2025\/11\/IMG_5534-scaled.webp?fit=2560%2C1920&ssl=1","width":2560,"height":1920,"caption":"Enjoy the beauty of a Mediterranean sunrise during Inspire Altea\u2019s guided mountain experience in Alicante."},{"@type":"BreadcrumbList","@id":"https:\/\/www.inspirealtea.com\/experiences\/sunrise-hike-alicante\/#breadcrumb","itemListElement":[{"@type":"ListItem","position":1,"name":"Home","item":"https:\/\/www.inspirealtea.com\/"},{"@type":"ListItem","position":2,"name":"Experiences","item":"https:\/\/www.inspirealtea.com\/experiences\/"},{"@type":"ListItem","position":3,"name":"Wellbeing experiences","item":"https:\/\/www.inspirealtea.com\/product-category\/wellbeing-experiences\/"},{"@type":"ListItem","position":4,"name":"Hiking &amp; Nature Experiences","item":"https:\/\/www.inspirealtea.com\/product-category\/wellbeing-experiences\/hiking-nature-experiences\/"},{"@type":"ListItem","position":5,"name":"Sunrise Mountain Experience \u2013 Costa Blanca"}]},{"@type":"WebSite","@id":"https:\/\/www.inspirealtea.com\/#website","url":"https:\/\/www.inspirealtea.com\/","name":"Yoga, Ayurveda &amp; Wandern | Inspire Altea","description":"Entdecke dich selbst durch Yoga, Ayurveda und Wandern in Altea, Alicante \u2013 ein Refugium f\u00fcr Wohlbefinden am Mittelmeer.","publisher":{"@id":"https:\/\/www.inspirealtea.com\/#organization"},"alternateName":"Inspire Altea \u2013 Yoga, Ayurveda & Hiking","potentialAction":[{"@type":"SearchAction","target":{"@type":"EntryPoint","urlTemplate":"https:\/\/www.inspirealtea.com\/?s={search_term_string}"},"query-input":{"@type":"PropertyValueSpecification","valueRequired":true,"valueName":"search_term_string"}}],"inLanguage":"de"},{"@type":"Organization","@id":"https:\/\/www.inspirealtea.com\/#organization","name":"Yoga, Ayurveda und Wandern | Inspire Altea","alternateName":"IA Yoga Ayurveda Hike","url":"https:\/\/www.inspirealtea.com\/","logo":{"@type":"ImageObject","inLanguage":"de","@id":"https:\/\/www.inspirealtea.com\/#\/schema\/logo\/image\/","url":"https:\/\/i0.wp.com\/www.inspirealtea.com\/wp-content\/uploads\/2025\/10\/Logo-Inspire-Altea.png?fit=1024%2C1024&ssl=1","contentUrl":"https:\/\/i0.wp.com\/www.inspirealtea.com\/wp-content\/uploads\/2025\/10\/Logo-Inspire-Altea.png?fit=1024%2C1024&ssl=1","width":1024,"height":1024,"caption":"Yoga, Ayurveda and Hiking | Inspire Altea"},"image":{"@id":"https:\/\/www.inspirealtea.com\/#\/schema\/logo\/image\/"},"sameAs":["https:\/\/www.facebook.com\/yogaayurveda.altea","https:\/\/www.instagram.com\/inspirealtea\/","https:\/\/www.linkedin.com\/in\/sergio-cisneros-galea","https:\/\/www.youtube.com\/@inspirealtea","https:\/\/gravatar.com\/sergiocisnerosgalea"],"description":"Discover holistic wellbeing experiences in Altea that connect body, mind, and nature. From yoga and Ayurveda to guided hiking and personalized retreats \u2014 all designed to help you restore balance, vitality, and inner peace.","email":"inspirealtea@gmail.com","telephone":"+33 6 07 42 58 97","legalName":"Sergio Cisneros Galea","foundingDate":"2019-11-11","numberOfEmployees":{"@type":"QuantitativeValue","minValue":"1","maxValue":"10"},"publishingPrinciples":"https:\/\/www.inspirealtea.com\/who-i-am\/"}]}},"jetpack_publicize_connections":[],"jetpack_sharing_enabled":true,"_links":{"self":[{"href":"https:\/\/www.inspirealtea.com\/de\/wp-json\/wp\/v2\/product\/730","targetHints":{"allow":["GET"]}}],"collection":[{"href":"https:\/\/www.inspirealtea.com\/de\/wp-json\/wp\/v2\/product"}],"about":[{"href":"https:\/\/www.inspirealtea.com\/de\/wp-json\/wp\/v2\/types\/product"}],"replies":[{"embeddable":true,"href":"https:\/\/www.inspirealtea.com\/de\/wp-json\/wp\/v2\/comments?post=730"}],"wp:featuredmedia":[{"embeddable":true,"href":"https:\/\/www.inspirealtea.com\/de\/wp-json\/wp\/v2\/media\/728"}],"wp:attachment":[{"href":"https:\/\/www.inspirealtea.com\/de\/wp-json\/wp\/v2\/media?parent=730"}],"wp:term":[{"taxonomy":"product_brand","embeddable":true,"href":"https:\/\/www.inspirealtea.com\/de\/wp-json\/wp\/v2\/product_brand?post=730"},{"taxonomy":"product_cat","embeddable":true,"href":"https:\/\/www.inspirealtea.com\/de\/wp-json\/wp\/v2\/product_cat?post=730"},{"taxonomy":"product_tag","embeddable":true,"href":"https:\/\/www.inspirealtea.com\/de\/wp-json\/wp\/v2\/product_tag?post=730"}],"curies":[{"name":"wp","href":"https:\/\/api.w.org\/{rel}","templated":true}]}}