{"id":726,"date":"2025-11-01T18:23:37","date_gmt":"2025-11-01T16:23:37","guid":{"rendered":"https:\/\/www.inspirealtea.com\/product\/hiking-yoga-tapas-experience\/"},"modified":"2026-04-02T14:37:01","modified_gmt":"2026-04-02T13:37:01","slug":"wandern-yoga-tapas-altea","status":"publish","type":"product","link":"https:\/\/www.inspirealtea.com\/de\/experiences\/hiking-yoga-tapas-altea\/","title":{"rendered":"Wandern, Yoga &amp; Tapas Altea"},"content":{"rendered":"<h2 data-start=\"1612\" data-end=\"1657\">Achtsames Wandern Yoga Tapas Erfahrung in Altea<\/h2>\n<p data-start=\"996\" data-end=\"1227\">Auf der Suche nach einer einzigartigen <em data-start=\"1017\" data-end=\"1042\">Wandern Yoga Tapas Altea<\/em> erleben? Dieses achtsame Halbtagesabenteuer kombiniert malerische Bergpfade, Yoga in der Natur und k\u00f6stliche lokale K\u00fcche - alles unter der Leitung eines zertifizierten Bergf\u00fchrers und Yogalehrers.<\/p>\n<p data-start=\"1229\" data-end=\"1600\">Beginnen Sie Ihre Reise inmitten der friedlichen Landschaften von <strong data-start=\"1289\" data-end=\"1319\">Altea und die Costa Blanca<\/strong>, wo sich Meer und Berge treffen. Die Route f\u00fchrt Sie durch Pinienw\u00e4lder, \u00fcber traditionelle Steinwege und zu atemberaubenden Aussichtspunkten \u00fcber das Mittelmeer. Unterwegs werden Sie eine Pause einlegen, um <strong data-start=\"1499\" data-end=\"1530\">Gef\u00fchrte Yoga-Sitzung im Freien<\/strong> - perfekt, um K\u00f6rper und Atem mit dem Rhythmus der Natur zu verbinden.<\/p>\n<p data-start=\"1602\" data-end=\"1916\">Nach Ihrer achtsamen Wanderung werden Sie mit einem authentischen Essen belohnt. <strong data-start=\"1664\" data-end=\"1690\">Verkostung von Tapas aus Alicante<\/strong>, die sorgf\u00e4ltig ausgew\u00e4hlt wurden, um die lokalen mediterranen Aromen widerzuspiegeln. Dieser letzte Moment des Austauschs und der Entspannung bringt alles zusammen, was die <em data-start=\"1827\" data-end=\"1852\">Wandern Yoga Tapas Altea<\/em> experience steht f\u00fcr: Bewegung, Achtsamkeit und Verbindung.<\/p>\n<p data-start=\"1918\" data-end=\"2184\">Geleitet von <a href=\"https:\/\/www.inspirealtea.com\/de\/wer-ich-bin\/\"><strong data-start=\"1925\" data-end=\"1935\">Sergio<\/strong><\/a>, Ihr erfahrener Berg- und Yogaguide begleitet Sie bei dieser Aktivit\u00e4t, die f\u00fcr alle Niveaus geeignet ist. Egal, ob Sie alleine reisen, ein Paar oder eine kleine Gruppe von Freunden sind, dies ist eine Chance, die nat\u00fcrliche und kulturelle Essenz von Altea auf eine bewusste Weise zu entdecken.<\/p>\n<h3 data-start=\"2112\" data-end=\"2147\">Was ist das Besondere an diesem Erlebnis?<\/h3>\n<p data-start=\"2149\" data-end=\"2249\">Anders als bei typischen Touren stehen bei diesem achtsamen Wandererlebnis Pr\u00e4senz, Wohlbefinden und Verbundenheit im Vordergrund.<\/p>\n<p data-start=\"2251\" data-end=\"2271\">Sie werden durchlaufen:<\/p>\n<ul data-start=\"2273\" data-end=\"2349\">\n<li data-start=\"2273\" data-end=\"2289\">\n<p data-start=\"2275\" data-end=\"2289\">Kiefernw\u00e4lder<\/p>\n<\/li>\n<li data-start=\"2290\" data-end=\"2320\">\n<p data-start=\"2292\" data-end=\"2320\">Traditionelle Bergpfade<\/p>\n<\/li>\n<li data-start=\"2321\" data-end=\"2349\">\n<p data-start=\"2323\" data-end=\"2349\">Blickwinkel auf das Mittelmeer<\/p>\n<\/li>\n<\/ul>\n<p data-start=\"2351\" data-end=\"2403\">Machen Sie eine Pause f\u00fcr eine gef\u00fchrte Yoga-Sitzung im Freien, um:<\/p>\n<ul data-start=\"2405\" data-end=\"2483\">\n<li data-start=\"2405\" data-end=\"2424\">\n<p data-start=\"2407\" data-end=\"2424\">Spannung l\u00f6sen<\/p>\n<\/li>\n<li data-start=\"2425\" data-end=\"2453\">\n<p data-start=\"2427\" data-end=\"2453\">Verbesserung des Atembewusstseins<\/p>\n<\/li>\n<li data-start=\"2454\" data-end=\"2483\">\n<p data-start=\"2456\" data-end=\"2483\">Verbundenheit mit der Natur verst\u00e4rken<\/p>\n<\/li>\n<\/ul>\n<h3 data-start=\"1005\" data-end=\"1188\"><strong data-start=\"1564\" data-end=\"1577\">Enth\u00e4lt<\/strong><\/h3>\n<ul data-start=\"1580\" data-end=\"1721\">\n<li data-start=\"1580\" data-end=\"1619\">\n<p data-start=\"1582\" data-end=\"1619\">Gef\u00fchrte Wanderung (2-3 Stunden, leichtes Niveau)<\/p>\n<\/li>\n<li data-start=\"1620\" data-end=\"1644\">\n<p data-start=\"1622\" data-end=\"1644\">Yoga-Sitzung im Freien<\/p>\n<\/li>\n<li data-start=\"1680\" data-end=\"1721\">\n<p data-start=\"1682\" data-end=\"1721\">Anleitung zur Achtsamkeit &amp; lokale Einblicke<\/p>\n<\/li>\n<\/ul>\n<ul class=\"n8H08c UVNKR\">\n<li class=\"zfr3Q TYR86d eD0Rn\" dir=\"ltr\">\n<p class=\"zfr3Q CDt4Ke\" dir=\"ltr\" role=\"presentation\"><span class=\"jgG6ef C9DxTc\">Ayurvedischer Kr\u00e4utertee, der der Jahreszeit angepasst ist.\u00a0<\/span><\/p>\n<\/li>\n<\/ul>\n<h3 class=\"zfr3Q CDt4Ke\" dir=\"ltr\"><b>Enth\u00e4lt nicht<\/b><\/h3>\n<ul>\n<li class=\"zfr3Q CDt4Ke\" dir=\"ltr\">Essen &amp; Trinken (Tapas optional, Restaurantempfehlung)<\/li>\n<\/ul>\n<ul class=\"n8H08c UVNKR\">\n<li class=\"zfr3Q TYR86d eD0Rn\" dir=\"ltr\">\n<p class=\"zfr3Q CDt4Ke\" dir=\"ltr\" role=\"presentation\"><span class=\"jgG6ef C9DxTc\">Transport.\u00a0<\/span><\/p>\n<\/li>\n<li class=\"zfr3Q TYR86d eD0Rn\" dir=\"ltr\">\n<p class=\"zfr3Q CDt4Ke\" dir=\"ltr\" role=\"presentation\"><span class=\"jgG6ef C9DxTc\">Reisef\u00fchrer Mahlzeit und Tipps.<\/span><\/p>\n<\/li>\n<\/ul>\n<h3 dir=\"ltr\"><strong data-start=\"1723\" data-end=\"1739\">Perfekt f\u00fcr<\/strong><\/h3>\n<p dir=\"ltr\">Langsam Reisende, Paare, Solo-Abenteurer und alle, die eine bewusste Verbindung durch Natur und Essen suchen.<\/p>\n<p class=\"zfr3Q CDt4Ke\" dir=\"ltr\"><strong><span class=\"jgG6ef C9DxTc\">Sprachen<\/span><\/strong><\/p>\n<p class=\"zfr3Q CDt4Ke\" dir=\"ltr\"><span class=\"jgG6ef C9DxTc\">Franz\u00f6sisch, italienisch, spanisch, katalanisch und englisch<\/span><\/p>\n<p data-start=\"1854\" data-end=\"1909\"><strong><a href=\"https:\/\/www.inspirealtea.com\/de\/kontakt\/\">Buchen Sie<\/a> Ihr Erlebnis Wandern &amp; Tapas<\/strong><\/p>\n<p data-start=\"1854\" data-end=\"1909\"><a href=\"https:\/\/www.inspirealtea.com\/de\/erfahrungen\/wanderung-zum-sonnenaufgang-in-alicante\/\"><strong>Begleiten Sie uns zu Sunrise Mountain Experience<\/strong><\/a><\/p>\n<p data-start=\"1854\" data-end=\"1909\">F\u00fcr mehr <a href=\"https:\/\/www.inspirealtea.com\/de\/\">Wohlf\u00fchl-Aktivit\u00e4ten<\/a>, besuchen Sie unser <a class=\"decorated-link cursor-pointer\" href=\"https:\/\/www.inspirealtea.com\/de\/yoga-in-altea\/\" target=\"_new\" rel=\"noopener\" data-start=\"2643\" data-end=\"2699\">Yoga in Altea<\/a> und <a class=\"decorated-link cursor-pointer\" href=\"https:\/\/www.inspirealtea.com\/de\/ayurveda-in-altea\/\" target=\"_new\" rel=\"noopener\" data-start=\"2704\" data-end=\"2768\">Ayurveda in Altea<\/a> Seiten.<\/p>\n<p data-start=\"1854\" data-end=\"1909\">Verwandte Artikel :<\/p>\n<ul>\n<li data-start=\"1854\" data-end=\"1909\"><a href=\"https:\/\/www.inspirealtea.com\/de\/wandern-in-alicante-erwecken-sie-ihren-geist\/\">Wandern in Alicante<\/a><\/li>\n<li data-start=\"1854\" data-end=\"1909\"><a href=\"https:\/\/www.inspirealtea.com\/de\/outdoor-yoga-mittelmeer\/\">Yoga am Mittelmeer<\/a><\/li>\n<li data-start=\"1854\" data-end=\"1909\"><a href=\"https:\/\/www.inspirealtea.com\/de\/yoga-in-altea-ein-neues-phanomen-am-mittelmeer\/\">Yoga in Altea<\/a><\/li>\n<\/ul>\n<p data-start=\"1854\" data-end=\"1909\"><em>Lesen Sie mehr \u00fcber die Erfahrungen auf <a href=\"https:\/\/www.linkalicante.com\/senderismo-yoga-alicante\/\">lokale Blogs<\/a>\u00a0<\/em><\/p>","protected":false},"excerpt":{"rendered":"<p data-start=\"1358\" data-end=\"1552\">Ein achtsames Wander-Yoga-Tapas-Erlebnis in Altea, das malerische Naturpfade, Yoga im Freien und authentische lokale K\u00fcche miteinander verbindet - perfekt f\u00fcr bewusste Reisende, die Wellness an der Costa Blanca suchen.<\/p>","protected":false},"featured_media":61,"comment_status":"open","ping_status":"closed","template":"","meta":{"nf_dc_page":"","om_disable_all_campaigns":false,"_monsterinsights_skip_tracking":false,"_monsterinsights_sitenote_active":false,"_monsterinsights_sitenote_note":"","_monsterinsights_sitenote_category":0,"_uf_show_specific_survey":0,"_uf_disable_surveys":false,"jetpack_post_was_ever_published":false,"jetpack_publicize_message":"","jetpack_publicize_feature_enabled":true,"jetpack_social_post_already_shared":false,"jetpack_social_options":{"image_generator_settings":{"template":"highway","default_image_id":0,"font":"","enabled":false},"version":2}},"product_brand":[35],"product_cat":[33,24],"product_tag":[142,124,137,132,140,136,141,28,135,134,139,133],"class_list":{"0":"post-726","1":"product","2":"type-product","3":"status-publish","4":"has-post-thumbnail","6":"product_brand-inspire-altea","7":"product_cat-hiking-nature-experiences","8":"product_cat-wellbeing-experiences","9":"product_tag-altea","10":"product_tag-altea-wellness","11":"product_tag-costa-blanca","12":"product_tag-hiking-in-altea","13":"product_tag-local-food-experience","14":"product_tag-mindful-hiking","15":"product_tag-nature-retreat","16":"product_tag-outdoor-yoga","17":"product_tag-spain","18":"product_tag-tapas-experience","19":"product_tag-travel-spain","20":"product_tag-yoga-in-nature","22":"first","23":"instock","24":"virtual","25":"purchasable","26":"product-type-simple"},"yoast_head":"<!-- This site is optimized with the Yoast SEO Premium plugin v27.3 (Yoast SEO v27.4) - https:\/\/yoast.com\/product\/yoast-seo-premium-wordpress\/ -->\n<title>Hiking Yoga Tapas Altea | Mindful Outdoor Experience<\/title>\n<meta name=\"description\" content=\"Join a mindful hike near Altea that combines yoga, nature, and local tapas. A unique experience blending movement, meditation, and Mediterranean flavour.\" \/>\n<meta name=\"robots\" content=\"index, follow, max-snippet:-1, max-image-preview:large, max-video-preview:-1\" \/>\n<link rel=\"canonical\" href=\"https:\/\/www.inspirealtea.com\/de\/erfahrungen\/wandern-yoga-tapas-altea\/\" \/>\n<meta property=\"og:locale\" content=\"de_DE\" \/>\n<meta property=\"og:type\" content=\"article\" \/>\n<meta property=\"og:title\" content=\"Mindful Hiking Yoga Tapas Experience in Altea\" \/>\n<meta property=\"og:description\" content=\"A mindful hiking yoga tapas experience in Altea combining scenic nature trails, outdoor yoga, and authentic local cuisine \u2014 perfect for conscious travellers seeking wellness in the Costa Blanca.\" \/>\n<meta property=\"og:url\" content=\"https:\/\/www.inspirealtea.com\/de\/erfahrungen\/wandern-yoga-tapas-altea\/\" \/>\n<meta property=\"og:site_name\" content=\"Yoga, Ayurveda and Hiking | Inspire Altea\" \/>\n<meta property=\"article:publisher\" content=\"https:\/\/www.facebook.com\/yogaayurveda.altea\" \/>\n<meta property=\"article:modified_time\" content=\"2026-04-02T13:37:01+00:00\" \/>\n<meta property=\"og:image\" content=\"https:\/\/www.inspirealtea.com\/wp-content\/uploads\/2025\/10\/Hike-1.webp\" \/>\n\t<meta property=\"og:image:width\" content=\"354\" \/>\n\t<meta property=\"og:image:height\" content=\"521\" \/>\n\t<meta property=\"og:image:type\" content=\"image\/webp\" \/>\n<meta name=\"twitter:card\" content=\"summary_large_image\" \/>\n<meta name=\"twitter:title\" content=\"Hiking, Yoga &amp; Tapas Altea\" \/>\n<meta name=\"twitter:label1\" content=\"Gesch\u00e4tzte Lesezeit\" \/>\n\t<meta name=\"twitter:data1\" content=\"2\u00a0Minuten\" \/>\n<!-- \/ Yoast SEO Premium plugin. -->","yoast_head_json":{"title":"Wandern Yoga Tapas Altea | Achtsames Outdoor-Erlebnis","description":"Nehmen Sie an einer achtsamen Wanderung in der N\u00e4he von Altea teil, die Yoga, Natur und lokale Tapas verbindet. Eine einzigartige Erfahrung, die Bewegung, Meditation und mediterranes Flair miteinander verbindet.","robots":{"index":"index","follow":"follow","max-snippet":"max-snippet:-1","max-image-preview":"max-image-preview:large","max-video-preview":"max-video-preview:-1"},"canonical":"https:\/\/www.inspirealtea.com\/de\/erfahrungen\/wandern-yoga-tapas-altea\/","og_locale":"de_DE","og_type":"article","og_title":"Mindful Hiking Yoga Tapas Experience in Altea","og_description":"A mindful hiking yoga tapas experience in Altea combining scenic nature trails, outdoor yoga, and authentic local cuisine \u2014 perfect for conscious travellers seeking wellness in the Costa Blanca.","og_url":"https:\/\/www.inspirealtea.com\/de\/erfahrungen\/wandern-yoga-tapas-altea\/","og_site_name":"Yoga, Ayurveda and Hiking | Inspire Altea","article_publisher":"https:\/\/www.facebook.com\/yogaayurveda.altea","article_modified_time":"2026-04-02T13:37:01+00:00","og_image":[{"width":354,"height":521,"url":"https:\/\/www.inspirealtea.com\/wp-content\/uploads\/2025\/10\/Hike-1.webp","type":"image\/webp"}],"twitter_card":"summary_large_image","twitter_title":"Hiking, Yoga & Tapas Altea","twitter_misc":{"Gesch\u00e4tzte Lesezeit":"2\u00a0Minuten"},"schema":{"@context":"https:\/\/schema.org","@graph":[{"@type":"WebPage","@id":"https:\/\/www.inspirealtea.com\/experiences\/hiking-yoga-tapas-altea\/","url":"https:\/\/www.inspirealtea.com\/experiences\/hiking-yoga-tapas-altea\/","name":"Wandern Yoga Tapas Altea | Achtsames Outdoor-Erlebnis","isPartOf":{"@id":"https:\/\/www.inspirealtea.com\/#website"},"primaryImageOfPage":{"@id":"https:\/\/www.inspirealtea.com\/experiences\/hiking-yoga-tapas-altea\/#primaryimage"},"image":{"@id":"https:\/\/www.inspirealtea.com\/experiences\/hiking-yoga-tapas-altea\/#primaryimage"},"thumbnailUrl":"https:\/\/i0.wp.com\/www.inspirealtea.com\/wp-content\/uploads\/2025\/10\/Hike-1.webp?fit=354%2C521&ssl=1","datePublished":"2025-11-01T16:23:37+00:00","dateModified":"2026-04-02T13:37:01+00:00","description":"Nehmen Sie an einer achtsamen Wanderung in der N\u00e4he von Altea teil, die Yoga, Natur und lokale Tapas verbindet. Eine einzigartige Erfahrung, die Bewegung, Meditation und mediterranes Flair miteinander verbindet.","breadcrumb":{"@id":"https:\/\/www.inspirealtea.com\/experiences\/hiking-yoga-tapas-altea\/#breadcrumb"},"inLanguage":"de","potentialAction":[{"@type":"ReadAction","target":["https:\/\/www.inspirealtea.com\/experiences\/hiking-yoga-tapas-altea\/"]}]},{"@type":"ImageObject","inLanguage":"de","@id":"https:\/\/www.inspirealtea.com\/experiences\/hiking-yoga-tapas-altea\/#primaryimage","url":"https:\/\/i0.wp.com\/www.inspirealtea.com\/wp-content\/uploads\/2025\/10\/Hike-1.webp?fit=354%2C521&ssl=1","contentUrl":"https:\/\/i0.wp.com\/www.inspirealtea.com\/wp-content\/uploads\/2025\/10\/Hike-1.webp?fit=354%2C521&ssl=1","width":354,"height":521,"caption":"Connecting body and breath through nature walks and yoga practice in Altea."},{"@type":"BreadcrumbList","@id":"https:\/\/www.inspirealtea.com\/experiences\/hiking-yoga-tapas-altea\/#breadcrumb","itemListElement":[{"@type":"ListItem","position":1,"name":"Home","item":"https:\/\/www.inspirealtea.com\/"},{"@type":"ListItem","position":2,"name":"Experiences","item":"https:\/\/www.inspirealtea.com\/experiences\/"},{"@type":"ListItem","position":3,"name":"Wellbeing experiences","item":"https:\/\/www.inspirealtea.com\/product-category\/wellbeing-experiences\/"},{"@type":"ListItem","position":4,"name":"Hiking &amp; Nature Experiences","item":"https:\/\/www.inspirealtea.com\/product-category\/wellbeing-experiences\/hiking-nature-experiences\/"},{"@type":"ListItem","position":5,"name":"Hiking, Yoga &#038; Tapas Altea"}]},{"@type":"WebSite","@id":"https:\/\/www.inspirealtea.com\/#website","url":"https:\/\/www.inspirealtea.com\/","name":"Yoga, Ayurveda &amp; Wandern | Inspire Altea","description":"Entdecke dich selbst durch Yoga, Ayurveda und Wandern in Altea, Alicante \u2013 ein Refugium f\u00fcr Wohlbefinden am Mittelmeer.","publisher":{"@id":"https:\/\/www.inspirealtea.com\/#organization"},"alternateName":"Inspire Altea \u2013 Yoga, Ayurveda & Hiking","potentialAction":[{"@type":"SearchAction","target":{"@type":"EntryPoint","urlTemplate":"https:\/\/www.inspirealtea.com\/?s={search_term_string}"},"query-input":{"@type":"PropertyValueSpecification","valueRequired":true,"valueName":"search_term_string"}}],"inLanguage":"de"},{"@type":"Organization","@id":"https:\/\/www.inspirealtea.com\/#organization","name":"Yoga, Ayurveda und Wandern | Inspire Altea","alternateName":"IA Yoga Ayurveda Hike","url":"https:\/\/www.inspirealtea.com\/","logo":{"@type":"ImageObject","inLanguage":"de","@id":"https:\/\/www.inspirealtea.com\/#\/schema\/logo\/image\/","url":"https:\/\/i0.wp.com\/www.inspirealtea.com\/wp-content\/uploads\/2025\/10\/Logo-Inspire-Altea.png?fit=1024%2C1024&ssl=1","contentUrl":"https:\/\/i0.wp.com\/www.inspirealtea.com\/wp-content\/uploads\/2025\/10\/Logo-Inspire-Altea.png?fit=1024%2C1024&ssl=1","width":1024,"height":1024,"caption":"Yoga, Ayurveda and Hiking | Inspire Altea"},"image":{"@id":"https:\/\/www.inspirealtea.com\/#\/schema\/logo\/image\/"},"sameAs":["https:\/\/www.facebook.com\/yogaayurveda.altea","https:\/\/www.instagram.com\/inspirealtea\/","https:\/\/www.linkedin.com\/in\/sergio-cisneros-galea","https:\/\/www.youtube.com\/@inspirealtea","https:\/\/gravatar.com\/sergiocisnerosgalea"],"description":"Discover holistic wellbeing experiences in Altea that connect body, mind, and nature. From yoga and Ayurveda to guided hiking and personalized retreats \u2014 all designed to help you restore balance, vitality, and inner peace.","email":"inspirealtea@gmail.com","telephone":"+33 6 07 42 58 97","legalName":"Sergio Cisneros Galea","foundingDate":"2019-11-11","numberOfEmployees":{"@type":"QuantitativeValue","minValue":"1","maxValue":"10"},"publishingPrinciples":"https:\/\/www.inspirealtea.com\/who-i-am\/"}]}},"jetpack_publicize_connections":[],"jetpack_sharing_enabled":true,"_links":{"self":[{"href":"https:\/\/www.inspirealtea.com\/de\/wp-json\/wp\/v2\/product\/726","targetHints":{"allow":["GET"]}}],"collection":[{"href":"https:\/\/www.inspirealtea.com\/de\/wp-json\/wp\/v2\/product"}],"about":[{"href":"https:\/\/www.inspirealtea.com\/de\/wp-json\/wp\/v2\/types\/product"}],"replies":[{"embeddable":true,"href":"https:\/\/www.inspirealtea.com\/de\/wp-json\/wp\/v2\/comments?post=726"}],"wp:featuredmedia":[{"embeddable":true,"href":"https:\/\/www.inspirealtea.com\/de\/wp-json\/wp\/v2\/media\/61"}],"wp:attachment":[{"href":"https:\/\/www.inspirealtea.com\/de\/wp-json\/wp\/v2\/media?parent=726"}],"wp:term":[{"taxonomy":"product_brand","embeddable":true,"href":"https:\/\/www.inspirealtea.com\/de\/wp-json\/wp\/v2\/product_brand?post=726"},{"taxonomy":"product_cat","embeddable":true,"href":"https:\/\/www.inspirealtea.com\/de\/wp-json\/wp\/v2\/product_cat?post=726"},{"taxonomy":"product_tag","embeddable":true,"href":"https:\/\/www.inspirealtea.com\/de\/wp-json\/wp\/v2\/product_tag?post=726"}],"curies":[{"name":"wp","href":"https:\/\/api.w.org\/{rel}","templated":true}]}}