{"id":577,"date":"2025-10-31T13:28:39","date_gmt":"2025-10-31T11:28:39","guid":{"rendered":"https:\/\/www.inspirealtea.com\/product\/indian-foot-reflexology\/"},"modified":"2026-04-02T14:33:14","modified_gmt":"2026-04-02T13:33:14","slug":"indische-fusreflexzonenmassage","status":"publish","type":"product","link":"https:\/\/www.inspirealtea.com\/de\/experiences\/indian-foot-reflexology\/","title":{"rendered":"Indische Fu\u00dfreflexzonenmassage"},"content":{"rendered":"<h3 data-start=\"539\" data-end=\"575\">Indische Fu\u00dfreflexzonenmassage in Altea<\/h3>\n<p data-start=\"576\" data-end=\"824\">Verbinden Sie sich wieder mit Ihrem K\u00f6rper von Grund auf mit <strong data-start=\"625\" data-end=\"661\">Indische Fu\u00dfreflexzonenmassage in Altea<\/strong>, ist eine zutiefst erholsame ayurvedische Therapie, die \u00fcber die F\u00fc\u00dfe wirkt - die Grundlage f\u00fcr Gleichgewicht, Stabilit\u00e4t und Energiefluss.<\/p>\n<p data-start=\"826\" data-end=\"1121\">Verwendung von <strong data-start=\"832\" data-end=\"872\">sanfter Druck auf Schl\u00fcsselreflexpunkte<\/strong> (in Verbindung mit inneren Organen und K\u00f6rpersystemen) und <strong data-start=\"922\" data-end=\"942\">warme pflanzliche \u00d6le<\/strong>, Diese Behandlung unterst\u00fctzt den Kreislauf, f\u00f6rdert die Entgiftung und hilft dem Nervensystem, vom \u201cStressmodus\u201d in eine tiefe Entspannung \u00fcberzugehen.<\/p>\n<h3 data-start=\"1123\" data-end=\"1145\">Warum die Menschen es lieben<\/h3>\n<p data-start=\"1146\" data-end=\"1196\">Indische Fu\u00dfreflexzonenmassage ist ideal, wenn Sie es w\u00fcnschen:<\/p>\n<ul data-start=\"1197\" data-end=\"1437\">\n<li data-start=\"1197\" data-end=\"1264\">\n<p data-start=\"1199\" data-end=\"1264\">Befreiung von k\u00f6rperlicher M\u00fcdigkeit nach Wanderungen, Reisen oder intensiven Wochen<\/p>\n<\/li>\n<li data-start=\"1265\" data-end=\"1300\">\n<p data-start=\"1267\" data-end=\"1300\">Beruhigt den Geist und reduziert Stress<\/p>\n<\/li>\n<li data-start=\"1301\" data-end=\"1348\">\n<p data-start=\"1303\" data-end=\"1348\">Sich geerdet, zentriert und geistig klar f\u00fchlen<\/p>\n<\/li>\n<li data-start=\"1349\" data-end=\"1437\">\n<p data-start=\"1351\" data-end=\"1437\">F\u00f6rderung eines erholsamen Schlafs und des allgemeinen Wohlbefindens<\/p>\n<\/li>\n<\/ul>\n<h3 data-start=\"1439\" data-end=\"1473\">Was Sie bei Ihrer Sitzung erwartet<\/h3>\n<p data-start=\"1474\" data-end=\"1635\">Ihr Therapeut passt den Druck und den Rhythmus an Ihre Bed\u00fcrfnisse an und schafft so ein individuelles Erlebnis in einer ruhigen, einladenden Umgebung in Altea. Sie werden typischerweise f\u00fchlen:<\/p>\n<ul data-start=\"1636\" data-end=\"1868\">\n<li data-start=\"1636\" data-end=\"1678\">\n<p data-start=\"1638\" data-end=\"1678\">Ein allm\u00e4hliches \u201cAbschalten\u201d des mentalen L\u00e4rms<\/p>\n<\/li>\n<li data-start=\"1679\" data-end=\"1727\">\n<p data-start=\"1681\" data-end=\"1727\">W\u00e4rme und Durchblutung der F\u00fc\u00dfe und Beine<\/p>\n<\/li>\n<li data-start=\"1728\" data-end=\"1780\">\n<p data-start=\"1730\" data-end=\"1780\">Ein leichtes, ausgeglichenes Gef\u00fchl im ganzen K\u00f6rper<\/p>\n<\/li>\n<li data-start=\"1781\" data-end=\"1868\">\n<p data-start=\"1783\" data-end=\"1868\">Eine ruhigere Ausgangssituation, die \u00fcber die Sitzung hinaus anh\u00e4lt<\/p>\n<\/li>\n<\/ul>\n<h3 data-start=\"1870\" data-end=\"1886\">F\u00fcr wen es bestimmt ist<\/h3>\n<p data-start=\"1887\" data-end=\"1904\">Gro\u00dfartig, wenn Sie es sind:<\/p>\n<ul data-start=\"1905\" data-end=\"2176\">\n<li data-start=\"1905\" data-end=\"1969\">\n<p data-start=\"1907\" data-end=\"1969\">Aktiv (Wandern, Yoga, Radfahren) und auf der Suche nach Erholung + Erdung<\/p>\n<\/li>\n<li data-start=\"1970\" data-end=\"2029\">\n<p data-start=\"1972\" data-end=\"2029\">Sie besuchen die Costa Blanca und brauchen einen Reset f\u00fcr Ihr Nervensystem<\/p>\n<\/li>\n<li data-start=\"2030\" data-end=\"2085\">\n<p data-start=\"2032\" data-end=\"2085\">Viel sitzen\/stehen und Unterst\u00fctzung des Kreislaufs w\u00fcnschen<\/p>\n<\/li>\n<li data-start=\"2086\" data-end=\"2176\">\n<p data-start=\"2088\" data-end=\"2176\">Auf der Suche nach einem sanften, nicht-invasiven <a href=\"https:\/\/www.inspirealtea.com\/de\/ayurveda-in-altea\/\">Ayurvedisch<\/a> Behandlung<\/p>\n<\/li>\n<\/ul>\n<h3 data-start=\"2178\" data-end=\"2242\">Erg\u00e4nzende Empfehlungen<\/h3>\n<p data-start=\"2243\" data-end=\"2276\">Kombinieren Sie es f\u00fcr einen vollst\u00e4ndigen Reset mit:<\/p>\n<ul data-start=\"2277\" data-end=\"2577\">\n<li data-start=\"2277\" data-end=\"2352\">\n<p data-start=\"2279\" data-end=\"2352\"><strong data-start=\"2279\" data-end=\"2326\"><a href=\"https:\/\/www.inspirealtea.com\/de\/erfahrungen\/himmlische-massage\/\">Himmlische Massage<\/a> (\u00d6ltherapie f\u00fcr Kopf und Gesicht)<\/strong> f\u00fcr Gleichgewicht von Kopf bis Fu\u00df<\/p>\n<\/li>\n<li data-start=\"2353\" data-end=\"2418\">\n<p data-start=\"2355\" data-end=\"2418\"><a href=\"https:\/\/www.inspirealtea.com\/de\/erfahrungen\/abhyangam-ganzkorpermassage\/\"><strong data-start=\"2355\" data-end=\"2386\">Abhyangam Ganzk\u00f6rpermassage<\/strong><\/a> f\u00fcr tiefe Ganzk\u00f6rper-Entspannung<\/p>\n<\/li>\n<li data-start=\"2419\" data-end=\"2490\">\n<p data-start=\"2421\" data-end=\"2490\"><a href=\"https:\/\/www.inspirealtea.com\/de\/erfahrungen\/ayurveda-beratung-altea\/\"><strong data-start=\"2421\" data-end=\"2453\">Einzelne Ayurveda-Konsultation<\/strong><\/a> um Ihren Wohlf\u00fchlplan zu personalisieren<\/p>\n<\/li>\n<li data-start=\"2491\" data-end=\"2577\">\n<p data-start=\"2493\" data-end=\"2577\">Oder entdecken Sie alle <a href=\"https:\/\/www.inspirealtea.com\/de\/ayurveda-in-altea\/massage\/\"><strong data-start=\"2508\" data-end=\"2539\">Ayurvedische Massagen in Altea<\/strong><\/a><\/p>\n<\/li>\n<\/ul>\n<hr data-start=\"2702\" data-end=\"2705\" \/>\n<h2 data-start=\"2707\" data-end=\"2745\">FAQs<\/h2>\n<ol data-start=\"2746\" data-end=\"3663\">\n<li data-start=\"2746\" data-end=\"2936\">\n<p data-start=\"2749\" data-end=\"2936\"><strong data-start=\"2749\" data-end=\"2785\">Was ist indische Fu\u00dfreflexzonenmassage?<\/strong><br data-start=\"2785\" data-end=\"2788\" \/>Dabei handelt es sich um eine ayurvedische Fu\u00dftherapie, bei der sanfter Druck auf Reflexpunkte ausge\u00fcbt wird, die mit den K\u00f6rpersystemen in Verbindung stehen, um Entspannung und Energieausgleich zu f\u00f6rdern.<\/p>\n<\/li>\n<li data-start=\"2938\" data-end=\"3052\">\n<p data-start=\"2941\" data-end=\"3052\"><strong data-start=\"2941\" data-end=\"2959\">Ist es schmerzhaft?<\/strong><br data-start=\"2959\" data-end=\"2962\" \/>No-Pressure ist auf Ihren Komfort angepasst. Sie k\u00f6nnen immer f\u00fcr leichtere oder tiefere Ber\u00fchrung fragen.<\/p>\n<\/li>\n<li data-start=\"3054\" data-end=\"3172\">\n<p data-start=\"3057\" data-end=\"3172\"><strong data-start=\"3057\" data-end=\"3085\">Wie lange dauert die Sitzung?<\/strong><br data-start=\"3085\" data-end=\"3088\" \/>In der Regel ca. 60 Minuten (Sie k\u00f6nnen auch eine l\u00e4ngere Sitzung anfordern, falls verf\u00fcgbar).<\/p>\n<\/li>\n<li data-start=\"3174\" data-end=\"3347\">\n<p data-start=\"3177\" data-end=\"3347\"><strong data-start=\"3177\" data-end=\"3216\">Hilft es bei Stress und Schlaf?<\/strong><br data-start=\"3216\" data-end=\"3219\" \/>Viele Kunden entscheiden sich daf\u00fcr, um den Geist zu beruhigen, Stress abzubauen und einen erholsamen Schlaf zu f\u00f6rdern.<\/p>\n<\/li>\n<li data-start=\"3349\" data-end=\"3492\">\n<p data-start=\"3352\" data-end=\"3492\"><strong data-start=\"3352\" data-end=\"3386\">Muss ich etwas vorbereiten?<\/strong><br data-start=\"3386\" data-end=\"3389\" \/>Kommen Sie einfach ein paar Minuten zu fr\u00fch und vermeiden Sie eine schwere Mahlzeit unmittelbar davor. Tragen Sie bequeme Kleidung.<\/p>\n<\/li>\n<li data-start=\"3494\" data-end=\"3663\">\n<p data-start=\"3497\" data-end=\"3663\"><strong data-start=\"3497\" data-end=\"3539\">Kann ich es mit einer anderen Therapie kombinieren?<\/strong><br data-start=\"3539\" data-end=\"3542\" \/>Ja - beliebte Kombinationen sind Celestial Massage (Kopf\/Gesicht) oder Abhyangam (Ganzk\u00f6rper).<\/p>\n<\/li>\n<\/ol>\n<p data-start=\"2303\" data-end=\"2507\">Schauen Sie sich den Artikel an: <a href=\"https:\/\/www.inspirealtea.com\/de\/outdoor-yoga-mittelmeer\/\">Yoga am Mittelmeer, eine neue Dimension der Praxis.<\/a><\/p>\n<p data-start=\"2509\" data-end=\"2528\"><a href=\"https:\/\/www.inspirealtea.com\/de\/kontakt\/\">Buchen Sie Ihre Sitzung<\/a><\/p>","protected":false},"excerpt":{"rendered":"<p data-start=\"1013\" data-end=\"1142\">Eine erdende ayurvedische Fu\u00dftherapie, bei der Druckpunkte zur Wiederherstellung des Gleichgewichts, zur Verbesserung der Durchblutung und zur tiefen Entspannung von K\u00f6rper und Geist eingesetzt werden.<\/p>","protected":false},"featured_media":575,"comment_status":"open","ping_status":"closed","template":"","meta":{"nf_dc_page":"","om_disable_all_campaigns":false,"_monsterinsights_skip_tracking":false,"_monsterinsights_sitenote_active":false,"_monsterinsights_sitenote_note":"","_monsterinsights_sitenote_category":0,"_uf_show_specific_survey":0,"_uf_disable_surveys":false,"jetpack_post_was_ever_published":false,"jetpack_publicize_message":"","jetpack_publicize_feature_enabled":true,"jetpack_social_post_already_shared":false,"jetpack_social_options":{"image_generator_settings":{"template":"highway","default_image_id":0,"font":"","enabled":false},"version":2}},"product_brand":[35],"product_cat":[32,90,24],"product_tag":[414,416,103,419,417,413,421,415,420,418],"class_list":{"0":"post-577","1":"product","2":"type-product","3":"status-publish","4":"has-post-thumbnail","6":"product_brand-inspire-altea","7":"product_cat-ayurveda-therapies","8":"product_cat-massage-altea","9":"product_cat-wellbeing-experiences","10":"product_tag-ayurvedic-foot-massage","11":"product_tag-costa-blanca-wellness","12":"product_tag-energy-balance","13":"product_tag-grounding-therapy","14":"product_tag-holistic-massage","15":"product_tag-indian-foot-reflexology","16":"product_tag-natural-healing","17":"product_tag-reflexology-altea","18":"product_tag-relaxation-massage","19":"product_tag-stress-relief-therapy","21":"first","22":"instock","23":"virtual","24":"purchasable","25":"product-type-simple"},"yoast_head":"<!-- This site is optimized with the Yoast SEO Premium plugin v27.3 (Yoast SEO v27.4) - https:\/\/yoast.com\/product\/yoast-seo-premium-wordpress\/ -->\n<title>Indian Foot Reflexology in Altea | Ayurvedic Foot Therapy<\/title>\n<meta name=\"description\" content=\"Discover Indian Foot Reflexology in Altea \u2014 a relaxing Ayurvedic foot massage that stimulates energy points, improves circulation, and restores balance.\" \/>\n<meta name=\"robots\" content=\"index, follow, max-snippet:-1, max-image-preview:large, max-video-preview:-1\" \/>\n<link rel=\"canonical\" href=\"https:\/\/www.inspirealtea.com\/de\/erfahrungen\/indische-fusreflexzonenmassage\/\" \/>\n<meta property=\"og:locale\" content=\"de_DE\" \/>\n<meta property=\"og:type\" content=\"article\" \/>\n<meta property=\"og:title\" content=\"Indian Foot Reflexology\" \/>\n<meta property=\"og:description\" content=\"Discover Indian Foot Reflexology in Altea \u2014 a relaxing Ayurvedic foot massage that stimulates energy points, improves circulation, and restores balance.\" \/>\n<meta property=\"og:url\" content=\"https:\/\/www.inspirealtea.com\/de\/erfahrungen\/indische-fusreflexzonenmassage\/\" \/>\n<meta property=\"og:site_name\" content=\"Yoga, Ayurveda and Hiking | Inspire Altea\" \/>\n<meta property=\"article:publisher\" content=\"https:\/\/www.facebook.com\/yogaayurveda.altea\" \/>\n<meta property=\"article:modified_time\" content=\"2026-04-02T13:33:14+00:00\" \/>\n<meta property=\"og:image\" content=\"https:\/\/www.inspirealtea.com\/wp-content\/uploads\/2025\/10\/massage-5.webp\" \/>\n\t<meta property=\"og:image:width\" content=\"1200\" \/>\n\t<meta property=\"og:image:height\" content=\"1800\" \/>\n\t<meta property=\"og:image:type\" content=\"image\/webp\" \/>\n<meta name=\"twitter:card\" content=\"summary_large_image\" \/>\n<meta name=\"twitter:label1\" content=\"Gesch\u00e4tzte Lesezeit\" \/>\n\t<meta name=\"twitter:data1\" content=\"2\u00a0Minuten\" \/>\n<!-- \/ Yoast SEO Premium plugin. -->","yoast_head_json":{"title":"Indische Fu\u00dfreflexzonenmassage in Altea | Ayurvedische Fu\u00dftherapie","description":"Entdecken Sie die indische Fu\u00dfreflexzonenmassage in Altea - eine entspannende ayurvedische Fu\u00dfmassage, die Energiepunkte stimuliert, die Durchblutung verbessert und das Gleichgewicht wiederherstellt.","robots":{"index":"index","follow":"follow","max-snippet":"max-snippet:-1","max-image-preview":"max-image-preview:large","max-video-preview":"max-video-preview:-1"},"canonical":"https:\/\/www.inspirealtea.com\/de\/erfahrungen\/indische-fusreflexzonenmassage\/","og_locale":"de_DE","og_type":"article","og_title":"Indian Foot Reflexology","og_description":"Discover Indian Foot Reflexology in Altea \u2014 a relaxing Ayurvedic foot massage that stimulates energy points, improves circulation, and restores balance.","og_url":"https:\/\/www.inspirealtea.com\/de\/erfahrungen\/indische-fusreflexzonenmassage\/","og_site_name":"Yoga, Ayurveda and Hiking | Inspire Altea","article_publisher":"https:\/\/www.facebook.com\/yogaayurveda.altea","article_modified_time":"2026-04-02T13:33:14+00:00","og_image":[{"width":1200,"height":1800,"url":"https:\/\/www.inspirealtea.com\/wp-content\/uploads\/2025\/10\/massage-5.webp","type":"image\/webp"}],"twitter_card":"summary_large_image","twitter_misc":{"Gesch\u00e4tzte Lesezeit":"2\u00a0Minuten"},"schema":{"@context":"https:\/\/schema.org","@graph":[{"@type":"WebPage","@id":"https:\/\/www.inspirealtea.com\/experiences\/indian-foot-reflexology\/","url":"https:\/\/www.inspirealtea.com\/experiences\/indian-foot-reflexology\/","name":"Indische Fu\u00dfreflexzonenmassage in Altea | Ayurvedische Fu\u00dftherapie","isPartOf":{"@id":"https:\/\/www.inspirealtea.com\/#website"},"primaryImageOfPage":{"@id":"https:\/\/www.inspirealtea.com\/experiences\/indian-foot-reflexology\/#primaryimage"},"image":{"@id":"https:\/\/www.inspirealtea.com\/experiences\/indian-foot-reflexology\/#primaryimage"},"thumbnailUrl":"https:\/\/i0.wp.com\/www.inspirealtea.com\/wp-content\/uploads\/2025\/10\/massage-5.webp?fit=1200%2C1800&ssl=1","datePublished":"2025-10-31T11:28:39+00:00","dateModified":"2026-04-02T13:33:14+00:00","description":"Entdecken Sie die indische Fu\u00dfreflexzonenmassage in Altea - eine entspannende ayurvedische Fu\u00dfmassage, die Energiepunkte stimuliert, die Durchblutung verbessert und das Gleichgewicht wiederherstellt.","breadcrumb":{"@id":"https:\/\/www.inspirealtea.com\/experiences\/indian-foot-reflexology\/#breadcrumb"},"inLanguage":"de","potentialAction":[{"@type":"ReadAction","target":["https:\/\/www.inspirealtea.com\/experiences\/indian-foot-reflexology\/"]}]},{"@type":"ImageObject","inLanguage":"de","@id":"https:\/\/www.inspirealtea.com\/experiences\/indian-foot-reflexology\/#primaryimage","url":"https:\/\/i0.wp.com\/www.inspirealtea.com\/wp-content\/uploads\/2025\/10\/massage-5.webp?fit=1200%2C1800&ssl=1","contentUrl":"https:\/\/i0.wp.com\/www.inspirealtea.com\/wp-content\/uploads\/2025\/10\/massage-5.webp?fit=1200%2C1800&ssl=1","width":1200,"height":1800,"caption":"Ayurvedic foot massage stimulating energy points to restore balance and relaxation."},{"@type":"BreadcrumbList","@id":"https:\/\/www.inspirealtea.com\/experiences\/indian-foot-reflexology\/#breadcrumb","itemListElement":[{"@type":"ListItem","position":1,"name":"Home","item":"https:\/\/www.inspirealtea.com\/"},{"@type":"ListItem","position":2,"name":"Experiences","item":"https:\/\/www.inspirealtea.com\/experiences\/"},{"@type":"ListItem","position":3,"name":"Wellbeing experiences","item":"https:\/\/www.inspirealtea.com\/product-category\/wellbeing-experiences\/"},{"@type":"ListItem","position":4,"name":"Ayurveda Therapies","item":"https:\/\/www.inspirealtea.com\/product-category\/wellbeing-experiences\/ayurveda-therapies\/"},{"@type":"ListItem","position":5,"name":"massage","item":"https:\/\/www.inspirealtea.com\/product-category\/wellbeing-experiences\/ayurveda-therapies\/massage-altea\/"},{"@type":"ListItem","position":6,"name":"Indian Foot Reflexology"}]},{"@type":"WebSite","@id":"https:\/\/www.inspirealtea.com\/#website","url":"https:\/\/www.inspirealtea.com\/","name":"Yoga, Ayurveda &amp; Wandern | Inspire Altea","description":"Entdecke dich selbst durch Yoga, Ayurveda und Wandern in Altea, Alicante \u2013 ein Refugium f\u00fcr Wohlbefinden am Mittelmeer.","publisher":{"@id":"https:\/\/www.inspirealtea.com\/#organization"},"alternateName":"Inspire Altea \u2013 Yoga, Ayurveda & Hiking","potentialAction":[{"@type":"SearchAction","target":{"@type":"EntryPoint","urlTemplate":"https:\/\/www.inspirealtea.com\/?s={search_term_string}"},"query-input":{"@type":"PropertyValueSpecification","valueRequired":true,"valueName":"search_term_string"}}],"inLanguage":"de"},{"@type":"Organization","@id":"https:\/\/www.inspirealtea.com\/#organization","name":"Yoga, Ayurveda und Wandern | Inspire Altea","alternateName":"IA Yoga Ayurveda Hike","url":"https:\/\/www.inspirealtea.com\/","logo":{"@type":"ImageObject","inLanguage":"de","@id":"https:\/\/www.inspirealtea.com\/#\/schema\/logo\/image\/","url":"https:\/\/i0.wp.com\/www.inspirealtea.com\/wp-content\/uploads\/2025\/10\/Logo-Inspire-Altea.png?fit=1024%2C1024&ssl=1","contentUrl":"https:\/\/i0.wp.com\/www.inspirealtea.com\/wp-content\/uploads\/2025\/10\/Logo-Inspire-Altea.png?fit=1024%2C1024&ssl=1","width":1024,"height":1024,"caption":"Yoga, Ayurveda and Hiking | Inspire Altea"},"image":{"@id":"https:\/\/www.inspirealtea.com\/#\/schema\/logo\/image\/"},"sameAs":["https:\/\/www.facebook.com\/yogaayurveda.altea","https:\/\/www.instagram.com\/inspirealtea\/","https:\/\/www.linkedin.com\/in\/sergio-cisneros-galea","https:\/\/www.youtube.com\/@inspirealtea","https:\/\/gravatar.com\/sergiocisnerosgalea"],"description":"Discover holistic wellbeing experiences in Altea that connect body, mind, and nature. From yoga and Ayurveda to guided hiking and personalized retreats \u2014 all designed to help you restore balance, vitality, and inner peace.","email":"inspirealtea@gmail.com","telephone":"+33 6 07 42 58 97","legalName":"Sergio Cisneros Galea","foundingDate":"2019-11-11","numberOfEmployees":{"@type":"QuantitativeValue","minValue":"1","maxValue":"10"},"publishingPrinciples":"https:\/\/www.inspirealtea.com\/who-i-am\/"}]}},"jetpack_publicize_connections":[],"jetpack_sharing_enabled":true,"_links":{"self":[{"href":"https:\/\/www.inspirealtea.com\/de\/wp-json\/wp\/v2\/product\/577","targetHints":{"allow":["GET"]}}],"collection":[{"href":"https:\/\/www.inspirealtea.com\/de\/wp-json\/wp\/v2\/product"}],"about":[{"href":"https:\/\/www.inspirealtea.com\/de\/wp-json\/wp\/v2\/types\/product"}],"replies":[{"embeddable":true,"href":"https:\/\/www.inspirealtea.com\/de\/wp-json\/wp\/v2\/comments?post=577"}],"wp:featuredmedia":[{"embeddable":true,"href":"https:\/\/www.inspirealtea.com\/de\/wp-json\/wp\/v2\/media\/575"}],"wp:attachment":[{"href":"https:\/\/www.inspirealtea.com\/de\/wp-json\/wp\/v2\/media?parent=577"}],"wp:term":[{"taxonomy":"product_brand","embeddable":true,"href":"https:\/\/www.inspirealtea.com\/de\/wp-json\/wp\/v2\/product_brand?post=577"},{"taxonomy":"product_cat","embeddable":true,"href":"https:\/\/www.inspirealtea.com\/de\/wp-json\/wp\/v2\/product_cat?post=577"},{"taxonomy":"product_tag","embeddable":true,"href":"https:\/\/www.inspirealtea.com\/de\/wp-json\/wp\/v2\/product_tag?post=577"}],"curies":[{"name":"wp","href":"https:\/\/api.w.org\/{rel}","templated":true}]}}