{"id":164,"date":"2025-10-23T12:19:28","date_gmt":"2025-10-23T10:19:28","guid":{"rendered":"https:\/\/www.inspirealtea.com\/product\/yoga-for-athletes-performance-in-altea\/"},"modified":"2026-02-24T16:24:52","modified_gmt":"2026-02-24T15:24:52","slug":"yoga-fur-sportler-altea","status":"publish","type":"product","link":"https:\/\/www.inspirealtea.com\/de\/experiences\/yoga-for-athletes-altea\/","title":{"rendered":"Yoga f\u00fcr Athleten &amp; Leistung in Altea"},"content":{"rendered":"<h1 data-start=\"280\" data-end=\"322\"><span style=\"text-decoration: underline;\"><a href=\"https:\/\/www.inspirealtea.com\/de\/yoga-in-altea\/\">Yoga<\/a><\/span> f\u00fcr Athleten &amp; Leistung in Altea<\/h1>\n<p data-start=\"324\" data-end=\"531\">Steigern Sie Ihre Leistung mit Yoga f\u00fcr Sportler in Altea. Diese gezielten Sitzungen verbessern Mobilit\u00e4t, Kraft, Flexibilit\u00e4t, Konzentration und Erholung - und helfen Ihnen, sich effizienter zu bewegen und das Verletzungsrisiko zu verringern.<\/p>\n<p data-start=\"533\" data-end=\"715\">Ganz gleich, ob Sie laufen, Rad fahren, klettern oder einfach einen aktiven Lebensstil f\u00fchren, diese \u00dcbung f\u00f6rdert sowohl Ihre Leistung als auch Ihr Wohlbefinden. Sie hilft Ihnen, sich st\u00e4rker zu f\u00fchlen, sich freier zu bewegen und sich schneller zu erholen.<\/p>\n<p data-start=\"717\" data-end=\"971\">Wir kombinieren dynamische K\u00f6rperhaltungen, konzentrierte Atmung und praktische Erholungstechniken. Jede Sitzung aktiviert die wichtigsten Muskelgruppen, verbessert die Beweglichkeit der Gelenke und schult das K\u00f6rperbewusstsein. Das Ergebnis ist, dass Sie sich intelligenter bewegen, weniger erm\u00fcden und Ihren K\u00f6rper weniger belasten.<\/p>\n<hr data-start=\"973\" data-end=\"976\" \/>\n<h2 data-start=\"978\" data-end=\"1010\">Intelligenter trainieren, besser erholen<\/h2>\n<p data-start=\"1012\" data-end=\"1066\">Bei Inspire Altea passen wir jede Sitzung an Ihre Ziele an.<\/p>\n<p data-start=\"1068\" data-end=\"1097\">Zum Beispiel k\u00f6nnten Sie das wollen:<\/p>\n<ul data-start=\"1098\" data-end=\"1195\">\n<li data-start=\"1098\" data-end=\"1119\">\n<p data-start=\"1100\" data-end=\"1119\">Verbesserung der Ausdauer<\/p>\n<\/li>\n<li data-start=\"1120\" data-end=\"1141\">\n<p data-start=\"1122\" data-end=\"1141\">Erh\u00f6hung der Mobilit\u00e4t<\/p>\n<\/li>\n<li data-start=\"1142\" data-end=\"1175\">\n<p data-start=\"1144\" data-end=\"1175\">Erholen Sie sich von intensivem Training<\/p>\n<\/li>\n<li data-start=\"1176\" data-end=\"1195\">\n<p data-start=\"1178\" data-end=\"1195\">Stabilit\u00e4t aufbauen<\/p>\n<\/li>\n<\/ul>\n<p data-start=\"1197\" data-end=\"1234\">W\u00e4hrend der Sitzung arbeiten Sie durch:<\/p>\n<ul data-start=\"1236\" data-end=\"1471\">\n<li data-start=\"1236\" data-end=\"1313\">\n<p data-start=\"1238\" data-end=\"1313\"><strong data-start=\"1238\" data-end=\"1259\">Mobilit\u00e4tstraining<\/strong> das Verspannungen l\u00f6st und den Bewegungsspielraum vergr\u00f6\u00dfert<\/p>\n<\/li>\n<li data-start=\"1314\" data-end=\"1375\">\n<p data-start=\"1316\" data-end=\"1375\"><strong data-start=\"1316\" data-end=\"1347\">Kraft- und Stabilit\u00e4ts\u00fcbungen<\/strong> die Leistung unterst\u00fctzt<\/p>\n<\/li>\n<li data-start=\"1376\" data-end=\"1424\">\n<p data-start=\"1378\" data-end=\"1424\"><strong data-start=\"1378\" data-end=\"1403\">Techniken der Atemarbeit<\/strong> die den Fokus sch\u00e4rfen<\/p>\n<\/li>\n<li data-start=\"1425\" data-end=\"1471\">\n<p data-start=\"1427\" data-end=\"1471\"><strong data-start=\"1427\" data-end=\"1446\">Tiefe Entspannung<\/strong> das die Genesung f\u00f6rdert<\/p>\n<\/li>\n<\/ul>\n<p data-start=\"1473\" data-end=\"1548\">Dieser strukturierte Ansatz erg\u00e4nzt Ihre Ausbildung, anstatt sie zu ersetzen.<\/p>\n<hr data-start=\"1550\" data-end=\"1553\" \/>\n<h2 data-start=\"1555\" data-end=\"1587\">Personalisiert in einer kleinen Gruppe<\/h2>\n<p data-start=\"1589\" data-end=\"1689\">Sergio, zertifizierter Yogalehrer und Bergf\u00fchrer, leitet jede Sitzung mit Klarheit und Pr\u00e4zision.<\/p>\n<p data-start=\"1691\" data-end=\"1791\">Da die Gruppen klein bleiben, erhalten Sie eine pers\u00f6nliche Betreuung in einer dynamischen Unterrichtsumgebung.<\/p>\n<p data-start=\"1793\" data-end=\"1903\">Diese Yoga-Sitzung f\u00fcr Sportler in Altea wird pro Person berechnet und l\u00e4sst sich leicht in Ihren Trainingsalltag integrieren.<\/p>\n<hr data-start=\"1905\" data-end=\"1908\" \/>\n<h2 data-start=\"1910\" data-end=\"1928\">Details zur Sitzung<\/h2>\n<ul data-start=\"1930\" data-end=\"2103\">\n<li data-start=\"1930\" data-end=\"1954\">\n<p data-start=\"1932\" data-end=\"1954\">Dauer: 60 Minuten<\/p>\n<\/li>\n<li data-start=\"1955\" data-end=\"2001\">\n<p data-start=\"1957\" data-end=\"2001\">Format: Kleine Gruppe mit pers\u00f6nlicher Betreuung<\/p>\n<\/li>\n<li data-start=\"2002\" data-end=\"2050\">\n<p data-start=\"2004\" data-end=\"2050\">Niveau: Anpassbar an alle sportlichen Hintergr\u00fcnde<\/p>\n<\/li>\n<li data-start=\"2051\" data-end=\"2103\">\n<p data-start=\"2053\" data-end=\"2103\">Schwerpunkt: Beweglichkeit, Kraft, Erholung &amp; Atemarbeit<\/p>\n<\/li>\n<\/ul>\n<p data-start=\"2105\" data-end=\"2128\">\ud83d\udca1 Der Preis gilt pro Person.<\/p>\n<hr data-start=\"2130\" data-end=\"2133\" \/>\n<h2 data-start=\"2135\" data-end=\"2146\">Enth\u00e4lt<\/h2>\n<ul data-start=\"2148\" data-end=\"2303\">\n<li data-start=\"2148\" data-end=\"2191\">\n<p data-start=\"2150\" data-end=\"2191\">Gef\u00fchrte, auf Leistung ausgerichtete Yoga-Sitzung<\/p>\n<\/li>\n<li data-start=\"2192\" data-end=\"2222\">\n<p data-start=\"2194\" data-end=\"2222\">Beweglichkeit und Krafttraining<\/p>\n<\/li>\n<li data-start=\"2223\" data-end=\"2261\">\n<p data-start=\"2225\" data-end=\"2261\">Atemarbeit und Erholungstechniken<\/p>\n<\/li>\n<li data-start=\"2262\" data-end=\"2303\">\n<p data-start=\"2264\" data-end=\"2303\">Pers\u00f6nliche Unterst\u00fctzung innerhalb der Gruppe<\/p>\n<\/li>\n<\/ul>\n<hr data-start=\"2305\" data-end=\"2308\" \/>\n<h2 data-start=\"2310\" data-end=\"2343\">Setzen Sie Ihre Trainingsreise fort<\/h2>\n<p data-start=\"2345\" data-end=\"2385\">Viele Sportler kombinieren diese Sitzung mit:<\/p>\n<ul data-start=\"2387\" data-end=\"2536\">\n<li data-start=\"2387\" data-end=\"2438\">\n<p data-start=\"2389\" data-end=\"2438\">A <a href=\"https:\/\/www.inspirealtea.com\/de\/erfahrungen\/yoga-privatunterricht-altea\/\">Privater Yoga-Unterricht<\/a> f\u00fcr eine st\u00e4rkere Personalisierung<\/p>\n<\/li>\n<li data-start=\"2439\" data-end=\"2486\">\n<p data-start=\"2441\" data-end=\"2486\">A <a href=\"https:\/\/www.inspirealtea.com\/de\/wandern-in-alicante\/\">Erlebnis Wandern<\/a> f\u00fcr funktionelle Bewegung<\/p>\n<\/li>\n<li data-start=\"2487\" data-end=\"2536\">\n<p data-start=\"2489\" data-end=\"2536\">Eine <a href=\"https:\/\/www.inspirealtea.com\/de\/ayurveda-in-altea\/\">Ayurveda <\/a><a href=\"https:\/\/www.inspirealtea.com\/de\/ayurveda-in-altea\/beratung\/\">Konsultation<\/a> zur Wiederherstellung <a href=\"https:\/\/www.inspirealtea.com\/de\/erfahrungen\/sportmassage\/\">Unterst\u00fctzung<\/a><\/p>\n<\/li>\n<\/ul>\n<hr data-start=\"2538\" data-end=\"2541\" \/>\n<h2 data-start=\"2543\" data-end=\"2550\">FAQs<\/h2>\n<p data-start=\"2552\" data-end=\"2687\"><strong data-start=\"2552\" data-end=\"2580\">F\u00fcr wen ist diese Sitzung gedacht?<\/strong><br data-start=\"2580\" data-end=\"2583\" \/>L\u00e4ufer, Radfahrer, Kletterer und aktive Menschen, die ihre Beweglichkeit, Erholung und Leistung verbessern wollen.<\/p>\n<p data-start=\"2689\" data-end=\"2764\"><strong data-start=\"2689\" data-end=\"2713\">Worauf konzentrieren wir uns?<\/strong><br data-start=\"2713\" data-end=\"2716\" \/>Beweglichkeit, Stabilit\u00e4t, Atemarbeit und Entspannung.<\/p>\n<p data-start=\"2766\" data-end=\"2861\"><strong data-start=\"2766\" data-end=\"2811\">Kann es bei verspannten H\u00fcften oder Schultern helfen?<\/strong><br data-start=\"2811\" data-end=\"2814\" \/>Ja. Wir passen die Arbeit an gemeinsame Spannungsfelder an.<\/p>\n<p data-start=\"2863\" data-end=\"2946\"><strong data-start=\"2863\" data-end=\"2889\">Passt sie zu meinem Sport?<\/strong><br data-start=\"2889\" data-end=\"2892\" \/>Ganz genau. Wir schneiden die Praxis auf Ihr Fachgebiet zu.<\/p>\n<p data-start=\"2948\" data-end=\"2997\"><strong data-start=\"2948\" data-end=\"2976\">Wie lange dauert die Sitzung?<\/strong><br data-start=\"2976\" data-end=\"2979\" \/>Etwa 60 Minuten.<\/p>\n<p data-start=\"2999\" data-end=\"3110\"><strong data-start=\"2999\" data-end=\"3043\">Kann ich sie mit anderen Erfahrungen kombinieren?<\/strong><br data-start=\"3043\" data-end=\"3046\" \/>Ja. Viele G\u00e4ste verbinden es mit privatem Yoga, Ayurveda oder Wandern.<\/p>","protected":false},"excerpt":{"rendered":"<p data-start=\"216\" data-end=\"423\">Verbessern Sie Leistung, Beweglichkeit und Erholung mit Yoga f\u00fcr Athleten in Altea.<br data-start=\"292\" data-end=\"295\" \/>Diese fokussierten Sitzungen helfen L\u00e4ufern, Radfahrern, Kletterern und aktiven Personen, sich besser zu bewegen, Verletzungen vorzubeugen und sich schneller zu erholen.<\/p>\n<p data-start=\"425\" data-end=\"480\">Geleitet von einer zertifizierten Lehrkraft in einer Kleingruppenumgebung.<\/p>\n<p data-start=\"482\" data-end=\"505\">\ud83d\udca1 Der Preis gilt pro Person.<\/p>","protected":false},"featured_media":163,"comment_status":"open","ping_status":"closed","template":"","meta":{"nf_dc_page":"","om_disable_all_campaigns":false,"_monsterinsights_skip_tracking":false,"_monsterinsights_sitenote_active":false,"_monsterinsights_sitenote_note":"","_monsterinsights_sitenote_category":0,"_uf_show_specific_survey":0,"_uf_disable_surveys":false,"jetpack_post_was_ever_published":false,"jetpack_publicize_message":"","jetpack_publicize_feature_enabled":true,"jetpack_social_post_already_shared":false,"jetpack_social_options":{"image_generator_settings":{"template":"highway","default_image_id":0,"font":"","enabled":false},"version":2}},"product_brand":[35],"product_cat":[24,22,55],"product_tag":[124,388,391,62,389,386,390,36,385,387,383,60,384,61,58],"class_list":{"0":"post-164","1":"product","2":"type-product","3":"status-publish","4":"has-post-thumbnail","6":"product_brand-inspire-altea","7":"product_cat-wellbeing-experiences","8":"product_cat-yoga-classes","9":"product_cat-yoga-for-athletes-altea","10":"product_tag-altea-wellness","11":"product_tag-breathwork-for-athletes","12":"product_tag-costa-blanca-fitness","13":"product_tag-flexibility-training","14":"product_tag-injury-prevention","15":"product_tag-mobility-training","16":"product_tag-performance-and-recovery","17":"product_tag-private-yoga-altea","18":"product_tag-sports-performance-yoga","19":"product_tag-strength-and-stability","20":"product_tag-yoga-for-athletes","21":"product_tag-yoga-for-climbers","22":"product_tag-yoga-for-cyclists","23":"product_tag-yoga-for-recovery","24":"product_tag-yoga-for-runners","26":"first","27":"instock","28":"featured","29":"virtual","30":"purchasable","31":"product-type-simple"},"yoast_head":"<!-- This site is optimized with the Yoast SEO Premium plugin v27.3 (Yoast SEO v27.4) - https:\/\/yoast.com\/product\/yoast-seo-premium-wordpress\/ -->\n<title>Yoga for Athletes in Altea | Performance &amp; Recovery Sessions<\/title>\n<meta name=\"description\" content=\"Boost mobility, strength, and recovery with yoga for athletes in Altea. Tailored sessions for runners, cyclists &amp; active individuals. Small groups.\" \/>\n<meta name=\"robots\" content=\"index, follow, max-snippet:-1, max-image-preview:large, max-video-preview:-1\" \/>\n<link rel=\"canonical\" href=\"https:\/\/www.inspirealtea.com\/de\/erfahrungen\/yoga-fur-sportler-altea\/\" \/>\n<meta property=\"og:locale\" content=\"de_DE\" \/>\n<meta property=\"og:type\" content=\"article\" \/>\n<meta property=\"og:title\" content=\"Yoga for Athletes &amp; Performance in Altea\" \/>\n<meta property=\"og:description\" content=\"Boost mobility, strength, and recovery with yoga for athletes in Altea. Tailored sessions for runners, cyclists &amp; active individuals. Small groups.\" \/>\n<meta property=\"og:url\" content=\"https:\/\/www.inspirealtea.com\/de\/erfahrungen\/yoga-fur-sportler-altea\/\" \/>\n<meta property=\"og:site_name\" content=\"Yoga, Ayurveda and Hiking | Inspire Altea\" \/>\n<meta property=\"article:publisher\" content=\"https:\/\/www.facebook.com\/yogaayurveda.altea\" \/>\n<meta property=\"article:modified_time\" content=\"2026-02-24T15:24:52+00:00\" \/>\n<meta property=\"og:image\" content=\"https:\/\/www.inspirealtea.com\/wp-content\/uploads\/2025\/10\/pexels-klaus-nielsen-6303797-scaled.jpg\" \/>\n\t<meta property=\"og:image:width\" content=\"1707\" \/>\n\t<meta property=\"og:image:height\" content=\"2560\" \/>\n\t<meta property=\"og:image:type\" content=\"image\/jpeg\" \/>\n<meta name=\"twitter:card\" content=\"summary_large_image\" \/>\n<meta name=\"twitter:label1\" content=\"Gesch\u00e4tzte Lesezeit\" \/>\n\t<meta name=\"twitter:data1\" content=\"2\u00a0Minuten\" \/>\n<!-- \/ Yoast SEO Premium plugin. -->","yoast_head_json":{"title":"Yoga f\u00fcr Athleten in Altea | Leistungs- und Erholungs-Sitzungen","description":"F\u00f6rdern Sie Mobilit\u00e4t, Kraft und Erholung mit Yoga f\u00fcr Sportler in Altea. Ma\u00dfgeschneiderte Sitzungen f\u00fcr L\u00e4ufer, Radfahrer und aktive Menschen. Kleine Gruppen.","robots":{"index":"index","follow":"follow","max-snippet":"max-snippet:-1","max-image-preview":"max-image-preview:large","max-video-preview":"max-video-preview:-1"},"canonical":"https:\/\/www.inspirealtea.com\/de\/erfahrungen\/yoga-fur-sportler-altea\/","og_locale":"de_DE","og_type":"article","og_title":"Yoga for Athletes & Performance in Altea","og_description":"Boost mobility, strength, and recovery with yoga for athletes in Altea. Tailored sessions for runners, cyclists & active individuals. Small groups.","og_url":"https:\/\/www.inspirealtea.com\/de\/erfahrungen\/yoga-fur-sportler-altea\/","og_site_name":"Yoga, Ayurveda and Hiking | Inspire Altea","article_publisher":"https:\/\/www.facebook.com\/yogaayurveda.altea","article_modified_time":"2026-02-24T15:24:52+00:00","og_image":[{"width":1707,"height":2560,"url":"https:\/\/www.inspirealtea.com\/wp-content\/uploads\/2025\/10\/pexels-klaus-nielsen-6303797-scaled.jpg","type":"image\/jpeg"}],"twitter_card":"summary_large_image","twitter_misc":{"Gesch\u00e4tzte Lesezeit":"2\u00a0Minuten"},"schema":{"@context":"https:\/\/schema.org","@graph":[{"@type":"WebPage","@id":"https:\/\/www.inspirealtea.com\/experiences\/yoga-for-athletes-altea\/","url":"https:\/\/www.inspirealtea.com\/experiences\/yoga-for-athletes-altea\/","name":"Yoga f\u00fcr Athleten in Altea | Leistungs- und Erholungs-Sitzungen","isPartOf":{"@id":"https:\/\/www.inspirealtea.com\/#website"},"primaryImageOfPage":{"@id":"https:\/\/www.inspirealtea.com\/experiences\/yoga-for-athletes-altea\/#primaryimage"},"image":{"@id":"https:\/\/www.inspirealtea.com\/experiences\/yoga-for-athletes-altea\/#primaryimage"},"thumbnailUrl":"https:\/\/i0.wp.com\/www.inspirealtea.com\/wp-content\/uploads\/2025\/10\/pexels-klaus-nielsen-6303797-scaled.jpg?fit=1707%2C2560&ssl=1","datePublished":"2025-10-23T10:19:28+00:00","dateModified":"2026-02-24T15:24:52+00:00","description":"F\u00f6rdern Sie Mobilit\u00e4t, Kraft und Erholung mit Yoga f\u00fcr Sportler in Altea. Ma\u00dfgeschneiderte Sitzungen f\u00fcr L\u00e4ufer, Radfahrer und aktive Menschen. Kleine Gruppen.","breadcrumb":{"@id":"https:\/\/www.inspirealtea.com\/experiences\/yoga-for-athletes-altea\/#breadcrumb"},"inLanguage":"de","potentialAction":[{"@type":"ReadAction","target":["https:\/\/www.inspirealtea.com\/experiences\/yoga-for-athletes-altea\/"]}]},{"@type":"ImageObject","inLanguage":"de","@id":"https:\/\/www.inspirealtea.com\/experiences\/yoga-for-athletes-altea\/#primaryimage","url":"https:\/\/i0.wp.com\/www.inspirealtea.com\/wp-content\/uploads\/2025\/10\/pexels-klaus-nielsen-6303797-scaled.jpg?fit=1707%2C2560&ssl=1","contentUrl":"https:\/\/i0.wp.com\/www.inspirealtea.com\/wp-content\/uploads\/2025\/10\/pexels-klaus-nielsen-6303797-scaled.jpg?fit=1707%2C2560&ssl=1","width":1707,"height":2560,"caption":"Improve flexibility, focus, and recovery with yoga for athletes in Altea \u2014 ideal for runners, climbers, and active individuals."},{"@type":"BreadcrumbList","@id":"https:\/\/www.inspirealtea.com\/experiences\/yoga-for-athletes-altea\/#breadcrumb","itemListElement":[{"@type":"ListItem","position":1,"name":"Home","item":"https:\/\/www.inspirealtea.com\/"},{"@type":"ListItem","position":2,"name":"Experiences","item":"https:\/\/www.inspirealtea.com\/experiences\/"},{"@type":"ListItem","position":3,"name":"Wellbeing experiences","item":"https:\/\/www.inspirealtea.com\/product-category\/wellbeing-experiences\/"},{"@type":"ListItem","position":4,"name":"Yoga Classes","item":"https:\/\/www.inspirealtea.com\/product-category\/wellbeing-experiences\/yoga-classes\/"},{"@type":"ListItem","position":5,"name":"Yoga for Athletes &amp; Performance","item":"https:\/\/www.inspirealtea.com\/product-category\/wellbeing-experiences\/yoga-classes\/yoga-for-athletes-altea\/"},{"@type":"ListItem","position":6,"name":"Yoga for Athletes &#038; Performance in Altea"}]},{"@type":"WebSite","@id":"https:\/\/www.inspirealtea.com\/#website","url":"https:\/\/www.inspirealtea.com\/","name":"Yoga, Ayurveda &amp; Wandern | Inspire Altea","description":"Entdecke dich selbst durch Yoga, Ayurveda und Wandern in Altea, Alicante \u2013 ein Refugium f\u00fcr Wohlbefinden am Mittelmeer.","publisher":{"@id":"https:\/\/www.inspirealtea.com\/#organization"},"alternateName":"Inspire Altea \u2013 Yoga, Ayurveda & Hiking","potentialAction":[{"@type":"SearchAction","target":{"@type":"EntryPoint","urlTemplate":"https:\/\/www.inspirealtea.com\/?s={search_term_string}"},"query-input":{"@type":"PropertyValueSpecification","valueRequired":true,"valueName":"search_term_string"}}],"inLanguage":"de"},{"@type":"Organization","@id":"https:\/\/www.inspirealtea.com\/#organization","name":"Yoga, Ayurveda und Wandern | Inspire Altea","alternateName":"IA Yoga Ayurveda Hike","url":"https:\/\/www.inspirealtea.com\/","logo":{"@type":"ImageObject","inLanguage":"de","@id":"https:\/\/www.inspirealtea.com\/#\/schema\/logo\/image\/","url":"https:\/\/i0.wp.com\/www.inspirealtea.com\/wp-content\/uploads\/2025\/10\/Logo-Inspire-Altea.png?fit=1024%2C1024&ssl=1","contentUrl":"https:\/\/i0.wp.com\/www.inspirealtea.com\/wp-content\/uploads\/2025\/10\/Logo-Inspire-Altea.png?fit=1024%2C1024&ssl=1","width":1024,"height":1024,"caption":"Yoga, Ayurveda and Hiking | Inspire Altea"},"image":{"@id":"https:\/\/www.inspirealtea.com\/#\/schema\/logo\/image\/"},"sameAs":["https:\/\/www.facebook.com\/yogaayurveda.altea","https:\/\/www.instagram.com\/inspirealtea\/","https:\/\/www.linkedin.com\/in\/sergio-cisneros-galea","https:\/\/www.youtube.com\/@inspirealtea","https:\/\/gravatar.com\/sergiocisnerosgalea"],"description":"Discover holistic wellbeing experiences in Altea that connect body, mind, and nature. From yoga and Ayurveda to guided hiking and personalized retreats \u2014 all designed to help you restore balance, vitality, and inner peace.","email":"inspirealtea@gmail.com","telephone":"+33 6 07 42 58 97","legalName":"Sergio Cisneros Galea","foundingDate":"2019-11-11","numberOfEmployees":{"@type":"QuantitativeValue","minValue":"1","maxValue":"10"},"publishingPrinciples":"https:\/\/www.inspirealtea.com\/who-i-am\/"}]}},"jetpack_publicize_connections":[],"jetpack_sharing_enabled":true,"_links":{"self":[{"href":"https:\/\/www.inspirealtea.com\/de\/wp-json\/wp\/v2\/product\/164","targetHints":{"allow":["GET"]}}],"collection":[{"href":"https:\/\/www.inspirealtea.com\/de\/wp-json\/wp\/v2\/product"}],"about":[{"href":"https:\/\/www.inspirealtea.com\/de\/wp-json\/wp\/v2\/types\/product"}],"replies":[{"embeddable":true,"href":"https:\/\/www.inspirealtea.com\/de\/wp-json\/wp\/v2\/comments?post=164"}],"wp:featuredmedia":[{"embeddable":true,"href":"https:\/\/www.inspirealtea.com\/de\/wp-json\/wp\/v2\/media\/163"}],"wp:attachment":[{"href":"https:\/\/www.inspirealtea.com\/de\/wp-json\/wp\/v2\/media?parent=164"}],"wp:term":[{"taxonomy":"product_brand","embeddable":true,"href":"https:\/\/www.inspirealtea.com\/de\/wp-json\/wp\/v2\/product_brand?post=164"},{"taxonomy":"product_cat","embeddable":true,"href":"https:\/\/www.inspirealtea.com\/de\/wp-json\/wp\/v2\/product_cat?post=164"},{"taxonomy":"product_tag","embeddable":true,"href":"https:\/\/www.inspirealtea.com\/de\/wp-json\/wp\/v2\/product_tag?post=164"}],"curies":[{"name":"wp","href":"https:\/\/api.w.org\/{rel}","templated":true}]}}