{"id":161,"date":"2025-10-23T10:58:10","date_gmt":"2025-10-23T08:58:10","guid":{"rendered":"https:\/\/www.inspirealtea.com\/?post_type=product&#038;p=161"},"modified":"2026-02-24T16:43:01","modified_gmt":"2026-02-24T15:43:01","slug":"yoga-fur-veranstaltungen-retreats-altea","status":"publish","type":"product","link":"https:\/\/www.inspirealtea.com\/de\/experiences\/yoga-for-events-retreats-altea\/","title":{"rendered":"Yoga f\u00fcr Veranstaltungen &amp; Retreats in Altea"},"content":{"rendered":"<h2 data-start=\"1287\" data-end=\"1325\"><a href=\"https:\/\/www.inspirealtea.com\/de\/yoga-in-altea\/\">Yoga<\/a> f\u00fcr Veranstaltungen &amp; Einkehrtage in Altea<\/h2>\n<p data-start=\"1327\" data-end=\"1431\">Bringen Sie Ruhe, Verbindung und Inspiration in Ihr n\u00e4chstes Treffen mit Yoga for Events &amp; Retreats in Altea.<\/p>\n<p data-start=\"1433\" data-end=\"1662\">Egal, ob Sie ein Wellness-Wochenende, eine Hochzeitsfeier, ein Firmen-Retreat oder ein privates Gruppenerlebnis planen, diese Sitzungen schaffen einen gemeinsamen Moment der Pr\u00e4senz und des Gleichgewichts an einem der sch\u00f6nsten K\u00fcstenorte Spaniens.<\/p>\n<p data-start=\"1664\" data-end=\"1762\">Bei Inspire Altea wird Yoga zu mehr als nur Bewegung - es wird zu einer Erfahrung, die Menschen miteinander verbindet.<\/p>\n<hr data-start=\"1764\" data-end=\"1767\" \/>\n<h2 data-start=\"1769\" data-end=\"1808\">Eine Sitzung f\u00fcr Ihren Anlass<\/h2>\n<p data-start=\"1810\" data-end=\"1874\">Jede Sitzung passt sich den Zielen, der Energie und dem Zeitplan Ihrer Gruppe an.<\/p>\n<p data-start=\"1876\" data-end=\"1891\">Sie k\u00f6nnen w\u00e4hlen:<\/p>\n<ul data-start=\"1893\" data-end=\"1981\">\n<li data-start=\"1893\" data-end=\"1916\">\n<p data-start=\"1895\" data-end=\"1916\">Ein sanfter Sonnenaufgang flie\u00dft<\/p>\n<\/li>\n<li data-start=\"1917\" data-end=\"1951\">\n<p data-start=\"1919\" data-end=\"1951\">Eine anregende Praxis am Tag<\/p>\n<\/li>\n<li data-start=\"1952\" data-end=\"1981\">\n<p data-start=\"1954\" data-end=\"1981\">Ein entspannender Sonnenuntergang<\/p>\n<\/li>\n<\/ul>\n<p data-start=\"1983\" data-end=\"2095\">Die Sitzungen k\u00f6nnen im Freien mit Blick auf das Meer und die Berge oder in einem ruhigen und intimen Rahmen stattfinden.<\/p>\n<hr data-start=\"2097\" data-end=\"2100\" \/>\n<h2 data-start=\"2102\" data-end=\"2121\">Flexible Formate<\/h2>\n<p data-start=\"2123\" data-end=\"2261\">Wir arbeiten eng mit Eventplanern, Veranstaltern von Retreats und privaten Organisatoren zusammen, um Veranstaltungen zu konzipieren, die sich nahtlos in Ihr Programm einf\u00fcgen.<\/p>\n<p data-start=\"2263\" data-end=\"2289\">Folgende Formate sind verf\u00fcgbar:<\/p>\n<ul data-start=\"2291\" data-end=\"2391\">\n<li data-start=\"2291\" data-end=\"2324\">\n<p data-start=\"2293\" data-end=\"2324\">60-min\u00fctige Yoga-Sitzungen in der Gruppe<\/p>\n<\/li>\n<li data-start=\"2325\" data-end=\"2357\">\n<p data-start=\"2327\" data-end=\"2357\">Halbt\u00e4gige R\u00fcckzugsm\u00f6glichkeiten<\/p>\n<\/li>\n<li data-start=\"2358\" data-end=\"2391\">\n<p data-start=\"2360\" data-end=\"2391\">Ganzt\u00e4gige Wellness-Programme<\/p>\n<\/li>\n<\/ul>\n<hr data-start=\"2393\" data-end=\"2396\" \/>\n<h2 data-start=\"2398\" data-end=\"2417\">Optionale Erweiterungen<\/h2>\n<p data-start=\"2419\" data-end=\"2448\">Verbessern Sie Ihr Erlebnis mit:<\/p>\n<ul data-start=\"2450\" data-end=\"2500\">\n<li data-start=\"2450\" data-end=\"2464\">\n<p data-start=\"2452\" data-end=\"2464\">Meditation<\/p>\n<\/li>\n<li data-start=\"2465\" data-end=\"2479\">\n<p data-start=\"2467\" data-end=\"2479\">Atemarbeit<\/p>\n<\/li>\n<li data-start=\"2480\" data-end=\"2500\">\n<p data-start=\"2482\" data-end=\"2500\">Klangliche Entspannung<\/p>\n<\/li>\n<\/ul>\n<hr data-start=\"2502\" data-end=\"2505\" \/>\n<h2 data-start=\"2507\" data-end=\"2534\">Vorteile f\u00fcr Ihre G\u00e4ste<\/h2>\n<p data-start=\"2536\" data-end=\"2569\">Diese Sitzungen helfen den Teilnehmern:<\/p>\n<ul data-start=\"2571\" data-end=\"2689\">\n<li data-start=\"2571\" data-end=\"2602\">\n<p data-start=\"2573\" data-end=\"2602\">Sich geerdet und verbunden f\u00fchlen<\/p>\n<\/li>\n<li data-start=\"2603\" data-end=\"2622\">\n<p data-start=\"2605\" data-end=\"2622\">Spannung l\u00f6sen<\/p>\n<\/li>\n<li data-start=\"2623\" data-end=\"2649\">\n<p data-start=\"2625\" data-end=\"2649\">Verbesserung des Gruppenzusammenhalts<\/p>\n<\/li>\n<li data-start=\"2650\" data-end=\"2689\">\n<p data-start=\"2652\" data-end=\"2689\">Gemeinsame Ruhe und Pr\u00e4senz erleben<\/p>\n<\/li>\n<\/ul>\n<p data-start=\"2691\" data-end=\"2751\">Yoga schafft auf nat\u00fcrliche Weise eine einladende und einpr\u00e4gsame Atmosph\u00e4re.<\/p>\n<hr data-start=\"2753\" data-end=\"2756\" \/>\n<h2 data-start=\"2758\" data-end=\"2786\">Geleitet von lokalem Fachwissen<\/h2>\n<p data-start=\"2788\" data-end=\"2885\">Alle Sitzungen werden geleitet von <strong data-start=\"2815\" data-end=\"2825\">Sergio<\/strong>, zertifizierter Yogalehrer und Bergf\u00fchrer aus Altea.<\/p>\n<p data-start=\"2887\" data-end=\"2998\">Sein Ansatz ist eine Mischung aus Achtsamkeit, Zug\u00e4nglichkeit und Leichtigkeit, so dass die Erfahrung f\u00fcr alle Teilnehmer angenehm ist.<\/p>\n<hr data-start=\"3000\" data-end=\"3003\" \/>\n<h2 data-start=\"3005\" data-end=\"3023\">Details zur Sitzung<\/h2>\n<ul data-start=\"3025\" data-end=\"3117\">\n<li data-start=\"3025\" data-end=\"3051\">\n<p data-start=\"3027\" data-end=\"3051\">Private Gruppensitzungen<\/p>\n<\/li>\n<li data-start=\"3052\" data-end=\"3089\">\n<p data-start=\"3054\" data-end=\"3089\">An Ihrem Veranstaltungsort oder an einem Ort im Freien<\/p>\n<\/li>\n<li data-start=\"3090\" data-end=\"3117\">\n<p data-start=\"3092\" data-end=\"3117\">Geeignet f\u00fcr alle Niveaus<\/p>\n<\/li>\n<\/ul>\n<hr data-start=\"3119\" data-end=\"3122\" \/>\n<h2 data-start=\"3124\" data-end=\"3134\">Preisgestaltung<\/h2>\n<p data-start=\"3136\" data-end=\"3175\">Die Sitzungen beginnen bei <strong data-start=\"3156\" data-end=\"3174\">150\u20ac pro Gruppe<\/strong>.<\/p>\n<p data-start=\"3177\" data-end=\"3202\">Der endg\u00fcltige Preis ist abh\u00e4ngig von:<\/p>\n<ul data-start=\"3204\" data-end=\"3309\">\n<li data-start=\"3204\" data-end=\"3230\">\n<p data-start=\"3206\" data-end=\"3230\">Anzahl der Teilnehmer<\/p>\n<\/li>\n<li data-start=\"3231\" data-end=\"3243\">\n<p data-start=\"3233\" data-end=\"3243\">Standort<\/p>\n<\/li>\n<li data-start=\"3244\" data-end=\"3256\">\n<p data-start=\"3246\" data-end=\"3256\">Dauer<\/p>\n<\/li>\n<li data-start=\"3257\" data-end=\"3279\">\n<p data-start=\"3259\" data-end=\"3279\">Erforderliche Ausr\u00fcstung<\/p>\n<\/li>\n<li data-start=\"3280\" data-end=\"3309\">\n<p data-start=\"3282\" data-end=\"3309\">Art der gew\u00fcnschten Sitzung<\/p>\n<\/li>\n<\/ul>\n<p data-start=\"3311\" data-end=\"3370\">Jedes Erlebnis ist auf die Bed\u00fcrfnisse Ihrer Veranstaltung oder Ihres Unternehmens zugeschnitten.<\/p>\n<hr data-start=\"3372\" data-end=\"3375\" \/>\n<h2 data-start=\"3377\" data-end=\"3410\">Setzen Sie Ihre Wellness-Reise fort<\/h2>\n<p data-start=\"3412\" data-end=\"3457\">Viele Organisatoren kombinieren diese Erfahrung mit:<\/p>\n<ul data-start=\"3459\" data-end=\"3536\">\n<li data-start=\"3459\" data-end=\"3483\">\n<p data-start=\"3461\" data-end=\"3483\"><a href=\"https:\/\/www.inspirealtea.com\/de\/erfahrungen\/yoga-privatunterricht-altea\/\">Privater Yoga-Unterricht<\/a><\/p>\n<\/li>\n<li data-start=\"3484\" data-end=\"3506\">\n<p data-start=\"3486\" data-end=\"3506\"><a href=\"https:\/\/www.inspirealtea.com\/de\/wandern-in-alicante\/\">Wandern<\/a> Erlebnisse<\/p>\n<\/li>\n<li data-start=\"3507\" data-end=\"3536\">\n<p data-start=\"3509\" data-end=\"3536\"><a href=\"https:\/\/www.inspirealtea.com\/de\/ayurveda-in-altea\/\">Ayurveda<\/a> <a href=\"https:\/\/www.inspirealtea.com\/de\/erfahrungen\/verjungungswochenende\/\">R\u00fcckzug<\/a> Programme &amp; Ayurveda <a href=\"https:\/\/www.inspirealtea.com\/de\/erfahrungen\/ayurveda-beratung-altea\/\">Konsultation<\/a><\/p>\n<\/li>\n<\/ul>\n<hr data-start=\"3538\" data-end=\"3541\" \/>\n<h1 data-start=\"3543\" data-end=\"3561\">FAQs<\/h1>\n<p data-start=\"3563\" data-end=\"3646\"><strong data-start=\"3563\" data-end=\"3598\">Ist dies f\u00fcr Anf\u00e4nger geeignet?<\/strong><br data-start=\"3598\" data-end=\"3601\" \/>Ja. Alle Sitzungen passen sich dem Niveau der Gruppe an.<\/p>\n<p data-start=\"3648\" data-end=\"3762\"><strong data-start=\"3648\" data-end=\"3686\">K\u00f6nnen Sitzungen an unserem Veranstaltungsort abgehalten werden?<\/strong><br data-start=\"3686\" data-end=\"3689\" \/>Ja, Yoga kann an Ihrem R\u00fcckzugsort, in Ihrer Villa oder in einem Veranstaltungsraum stattfinden.<\/p>\n<p data-start=\"3764\" data-end=\"3860\"><strong data-start=\"3764\" data-end=\"3798\">Bieten Sie Sitzungen im Freien an?<\/strong><br data-start=\"3798\" data-end=\"3801\" \/>Ja. Sitzungen im Freien sind je nach Veranstaltungsort m\u00f6glich.<\/p>\n<p data-start=\"3862\" data-end=\"3945\"><strong data-start=\"3862\" data-end=\"3888\">Wie lange dauert eine Sitzung?<\/strong><br data-start=\"3888\" data-end=\"3891\" \/>In der Regel 60 Minuten, l\u00e4ngere Optionen sind m\u00f6glich.<\/p>\n<p data-start=\"3947\" data-end=\"4030\"><strong data-start=\"3947\" data-end=\"3991\">K\u00f6nnen wir Meditation oder Atemarbeit einbeziehen?<\/strong><br data-start=\"3991\" data-end=\"3994\" \/>Ja. Optionale Elemente k\u00f6nnen hinzugef\u00fcgt werden.<\/p>\n<p data-start=\"4032\" data-end=\"4205\"><strong data-start=\"4032\" data-end=\"4065\">Wie viel kostet eine Sitzung?<\/strong><br data-start=\"4065\" data-end=\"4068\" \/>Die Kurse beginnen bei 150 \u20ac pro Gruppe. Der endg\u00fcltige Preis h\u00e4ngt von der Anzahl der Teilnehmer, dem Ort, der Dauer, der Ausr\u00fcstung und der Art der Veranstaltung ab.<\/p>","protected":false},"excerpt":{"rendered":"<p data-start=\"2000\" data-end=\"2206\">Bringen Sie Yoga zu Ihrer Veranstaltung oder Ihrem Retreat in Altea.<br data-start=\"392\" data-end=\"395\" \/>Ma\u00dfgeschneiderte Sitzungen zur Schaffung von Verbundenheit, Ruhe und gemeinsamen Erlebnissen \u2013 ideal f\u00fcr Hochzeiten, Retreats und private Feiern.<\/p>","protected":false},"featured_media":35,"comment_status":"open","ping_status":"closed","template":"","meta":{"nf_dc_page":"","om_disable_all_campaigns":false,"_monsterinsights_skip_tracking":false,"_monsterinsights_sitenote_active":false,"_monsterinsights_sitenote_note":"","_monsterinsights_sitenote_category":0,"_uf_show_specific_survey":0,"_uf_disable_surveys":false,"jetpack_post_was_ever_published":false,"jetpack_publicize_message":"","jetpack_publicize_feature_enabled":true,"jetpack_social_post_already_shared":false,"jetpack_social_options":{"image_generator_settings":{"template":"highway","default_image_id":0,"font":"","enabled":false},"version":2}},"product_brand":[35],"product_cat":[34,24],"product_tag":[395,397,46,53,396,393,52,43,394,398,392,49],"class_list":{"0":"post-161","1":"product","2":"type-product","3":"status-publish","4":"has-post-thumbnail","6":"product_brand-inspire-altea","7":"product_cat-retreats-special-events","8":"product_cat-wellbeing-experiences","9":"product_tag-corporate-wellness-yoga","10":"product_tag-costa-blanca-retreats","11":"product_tag-group-yoga-sessions","12":"product_tag-mindful-celebrations","13":"product_tag-outdoor-yoga-events","14":"product_tag-private-yoga-events","15":"product_tag-retreat-yoga-altea","16":"product_tag-wedding-yoga","17":"product_tag-wellness-retreats-altea","18":"product_tag-yoga-experiences-altea","19":"product_tag-yoga-for-events","20":"product_tag-yoga-for-groups","22":"first","23":"instock","24":"virtual","25":"purchasable","26":"product-type-simple"},"yoast_head":"<!-- This site is optimized with the Yoast SEO Premium plugin v27.3 (Yoast SEO v27.4) - https:\/\/yoast.com\/product\/yoast-seo-premium-wordpress\/ -->\n<title>Yoga for Events &amp; Retreats in Altea | Private Group Sessions<\/title>\n<meta name=\"description\" content=\"Private yoga sessions for events and retreats in Altea. Custom group experiences from 150\u20ac. Ideal for weddings, wellness weekends &amp; corporate retreats.\" \/>\n<meta name=\"robots\" content=\"index, follow, max-snippet:-1, max-image-preview:large, max-video-preview:-1\" \/>\n<link rel=\"canonical\" href=\"https:\/\/www.inspirealtea.com\/de\/erfahrungen\/yoga-fur-veranstaltungen-retreats-altea\/\" \/>\n<meta property=\"og:locale\" content=\"de_DE\" \/>\n<meta property=\"og:type\" content=\"article\" \/>\n<meta property=\"og:title\" content=\"Yoga for Events &amp; Retreats in Altea\" \/>\n<meta property=\"og:description\" content=\"Private yoga sessions for events and retreats in Altea. Custom group experiences from 150\u20ac. Ideal for weddings, wellness weekends &amp; corporate retreats.\" \/>\n<meta property=\"og:url\" content=\"https:\/\/www.inspirealtea.com\/de\/erfahrungen\/yoga-fur-veranstaltungen-retreats-altea\/\" \/>\n<meta property=\"og:site_name\" content=\"Yoga, Ayurveda and Hiking | Inspire Altea\" \/>\n<meta property=\"article:publisher\" content=\"https:\/\/www.facebook.com\/yogaayurveda.altea\" \/>\n<meta property=\"article:modified_time\" content=\"2026-02-24T15:43:01+00:00\" \/>\n<meta property=\"og:image\" content=\"https:\/\/www.inspirealtea.com\/wp-content\/uploads\/2025\/10\/photo-1706550631637-d9fa9b425016-2.jpg\" \/>\n\t<meta property=\"og:image:width\" content=\"1200\" \/>\n\t<meta property=\"og:image:height\" content=\"1800\" \/>\n\t<meta property=\"og:image:type\" content=\"image\/jpeg\" \/>\n<meta name=\"twitter:card\" content=\"summary_large_image\" \/>\n<meta name=\"twitter:label1\" content=\"Gesch\u00e4tzte Lesezeit\" \/>\n\t<meta name=\"twitter:data1\" content=\"2\u00a0Minuten\" \/>\n<!-- \/ Yoast SEO Premium plugin. -->","yoast_head_json":{"title":"Yoga f\u00fcr Events &amp; Retreats in Altea | Private Gruppensitzungen","description":"Private Yogasitzungen f\u00fcr Veranstaltungen und Retreats in Altea. Individuelle Gruppenerlebnisse ab 150\u20ac. Ideal f\u00fcr Hochzeiten, Wellness-Wochenenden und Firmen-Retreats.","robots":{"index":"index","follow":"follow","max-snippet":"max-snippet:-1","max-image-preview":"max-image-preview:large","max-video-preview":"max-video-preview:-1"},"canonical":"https:\/\/www.inspirealtea.com\/de\/erfahrungen\/yoga-fur-veranstaltungen-retreats-altea\/","og_locale":"de_DE","og_type":"article","og_title":"Yoga for Events & Retreats in Altea","og_description":"Private yoga sessions for events and retreats in Altea. Custom group experiences from 150\u20ac. Ideal for weddings, wellness weekends & corporate retreats.","og_url":"https:\/\/www.inspirealtea.com\/de\/erfahrungen\/yoga-fur-veranstaltungen-retreats-altea\/","og_site_name":"Yoga, Ayurveda and Hiking | Inspire Altea","article_publisher":"https:\/\/www.facebook.com\/yogaayurveda.altea","article_modified_time":"2026-02-24T15:43:01+00:00","og_image":[{"width":1200,"height":1800,"url":"https:\/\/www.inspirealtea.com\/wp-content\/uploads\/2025\/10\/photo-1706550631637-d9fa9b425016-2.jpg","type":"image\/jpeg"}],"twitter_card":"summary_large_image","twitter_misc":{"Gesch\u00e4tzte Lesezeit":"2\u00a0Minuten"},"schema":{"@context":"https:\/\/schema.org","@graph":[{"@type":"WebPage","@id":"https:\/\/www.inspirealtea.com\/experiences\/yoga-for-events-retreats-altea\/","url":"https:\/\/www.inspirealtea.com\/experiences\/yoga-for-events-retreats-altea\/","name":"Yoga f\u00fcr Events &amp; Retreats in Altea | Private Gruppensitzungen","isPartOf":{"@id":"https:\/\/www.inspirealtea.com\/#website"},"primaryImageOfPage":{"@id":"https:\/\/www.inspirealtea.com\/experiences\/yoga-for-events-retreats-altea\/#primaryimage"},"image":{"@id":"https:\/\/www.inspirealtea.com\/experiences\/yoga-for-events-retreats-altea\/#primaryimage"},"thumbnailUrl":"https:\/\/i0.wp.com\/www.inspirealtea.com\/wp-content\/uploads\/2025\/10\/photo-1706550631637-d9fa9b425016-2.jpg?fit=1200%2C1800&ssl=1","datePublished":"2025-10-23T08:58:10+00:00","dateModified":"2026-02-24T15:43:01+00:00","description":"Private Yogasitzungen f\u00fcr Veranstaltungen und Retreats in Altea. Individuelle Gruppenerlebnisse ab 150\u20ac. Ideal f\u00fcr Hochzeiten, Wellness-Wochenenden und Firmen-Retreats.","breadcrumb":{"@id":"https:\/\/www.inspirealtea.com\/experiences\/yoga-for-events-retreats-altea\/#breadcrumb"},"inLanguage":"de","potentialAction":[{"@type":"ReadAction","target":["https:\/\/www.inspirealtea.com\/experiences\/yoga-for-events-retreats-altea\/"]}]},{"@type":"ImageObject","inLanguage":"de","@id":"https:\/\/www.inspirealtea.com\/experiences\/yoga-for-events-retreats-altea\/#primaryimage","url":"https:\/\/i0.wp.com\/www.inspirealtea.com\/wp-content\/uploads\/2025\/10\/photo-1706550631637-d9fa9b425016-2.jpg?fit=1200%2C1800&ssl=1","contentUrl":"https:\/\/i0.wp.com\/www.inspirealtea.com\/wp-content\/uploads\/2025\/10\/photo-1706550631637-d9fa9b425016-2.jpg?fit=1200%2C1800&ssl=1","width":1200,"height":1800,"caption":"Join customized yoga experiences designed for private events, retreats, and special occasions. Feel refreshed and connected through mindful movement."},{"@type":"BreadcrumbList","@id":"https:\/\/www.inspirealtea.com\/experiences\/yoga-for-events-retreats-altea\/#breadcrumb","itemListElement":[{"@type":"ListItem","position":1,"name":"Home","item":"https:\/\/www.inspirealtea.com\/"},{"@type":"ListItem","position":2,"name":"Experiences","item":"https:\/\/www.inspirealtea.com\/experiences\/"},{"@type":"ListItem","position":3,"name":"Wellbeing experiences","item":"https:\/\/www.inspirealtea.com\/product-category\/wellbeing-experiences\/"},{"@type":"ListItem","position":4,"name":"Retreats &amp; Special Events","item":"https:\/\/www.inspirealtea.com\/product-category\/wellbeing-experiences\/retreats-special-events\/"},{"@type":"ListItem","position":5,"name":"Yoga for Events &#038; Retreats in Altea"}]},{"@type":"WebSite","@id":"https:\/\/www.inspirealtea.com\/#website","url":"https:\/\/www.inspirealtea.com\/","name":"Yoga, Ayurveda &amp; Wandern | Inspire Altea","description":"Entdecke dich selbst durch Yoga, Ayurveda und Wandern in Altea, Alicante \u2013 ein Refugium f\u00fcr Wohlbefinden am Mittelmeer.","publisher":{"@id":"https:\/\/www.inspirealtea.com\/#organization"},"alternateName":"Inspire Altea \u2013 Yoga, Ayurveda & Hiking","potentialAction":[{"@type":"SearchAction","target":{"@type":"EntryPoint","urlTemplate":"https:\/\/www.inspirealtea.com\/?s={search_term_string}"},"query-input":{"@type":"PropertyValueSpecification","valueRequired":true,"valueName":"search_term_string"}}],"inLanguage":"de"},{"@type":"Organization","@id":"https:\/\/www.inspirealtea.com\/#organization","name":"Yoga, Ayurveda und Wandern | Inspire Altea","alternateName":"IA Yoga Ayurveda Hike","url":"https:\/\/www.inspirealtea.com\/","logo":{"@type":"ImageObject","inLanguage":"de","@id":"https:\/\/www.inspirealtea.com\/#\/schema\/logo\/image\/","url":"https:\/\/i0.wp.com\/www.inspirealtea.com\/wp-content\/uploads\/2025\/10\/Logo-Inspire-Altea.png?fit=1024%2C1024&ssl=1","contentUrl":"https:\/\/i0.wp.com\/www.inspirealtea.com\/wp-content\/uploads\/2025\/10\/Logo-Inspire-Altea.png?fit=1024%2C1024&ssl=1","width":1024,"height":1024,"caption":"Yoga, Ayurveda and Hiking | Inspire Altea"},"image":{"@id":"https:\/\/www.inspirealtea.com\/#\/schema\/logo\/image\/"},"sameAs":["https:\/\/www.facebook.com\/yogaayurveda.altea","https:\/\/www.instagram.com\/inspirealtea\/","https:\/\/www.linkedin.com\/in\/sergio-cisneros-galea","https:\/\/www.youtube.com\/@inspirealtea","https:\/\/gravatar.com\/sergiocisnerosgalea"],"description":"Discover holistic wellbeing experiences in Altea that connect body, mind, and nature. From yoga and Ayurveda to guided hiking and personalized retreats \u2014 all designed to help you restore balance, vitality, and inner peace.","email":"inspirealtea@gmail.com","telephone":"+33 6 07 42 58 97","legalName":"Sergio Cisneros Galea","foundingDate":"2019-11-11","numberOfEmployees":{"@type":"QuantitativeValue","minValue":"1","maxValue":"10"},"publishingPrinciples":"https:\/\/www.inspirealtea.com\/who-i-am\/"}]}},"jetpack_publicize_connections":[],"jetpack_sharing_enabled":true,"_links":{"self":[{"href":"https:\/\/www.inspirealtea.com\/de\/wp-json\/wp\/v2\/product\/161","targetHints":{"allow":["GET"]}}],"collection":[{"href":"https:\/\/www.inspirealtea.com\/de\/wp-json\/wp\/v2\/product"}],"about":[{"href":"https:\/\/www.inspirealtea.com\/de\/wp-json\/wp\/v2\/types\/product"}],"replies":[{"embeddable":true,"href":"https:\/\/www.inspirealtea.com\/de\/wp-json\/wp\/v2\/comments?post=161"}],"wp:featuredmedia":[{"embeddable":true,"href":"https:\/\/www.inspirealtea.com\/de\/wp-json\/wp\/v2\/media\/35"}],"wp:attachment":[{"href":"https:\/\/www.inspirealtea.com\/de\/wp-json\/wp\/v2\/media?parent=161"}],"wp:term":[{"taxonomy":"product_brand","embeddable":true,"href":"https:\/\/www.inspirealtea.com\/de\/wp-json\/wp\/v2\/product_brand?post=161"},{"taxonomy":"product_cat","embeddable":true,"href":"https:\/\/www.inspirealtea.com\/de\/wp-json\/wp\/v2\/product_cat?post=161"},{"taxonomy":"product_tag","embeddable":true,"href":"https:\/\/www.inspirealtea.com\/de\/wp-json\/wp\/v2\/product_tag?post=161"}],"curies":[{"name":"wp","href":"https:\/\/api.w.org\/{rel}","templated":true}]}}