{"id":136,"date":"2025-10-22T12:01:40","date_gmt":"2025-10-22T10:01:40","guid":{"rendered":"https:\/\/www.inspirealtea.com\/?post_type=product&#038;p=136"},"modified":"2026-04-02T14:43:39","modified_gmt":"2026-04-02T13:43:39","slug":"yoga-privatunterricht-altea","status":"publish","type":"product","link":"https:\/\/www.inspirealtea.com\/de\/experiences\/private-yoga-classes-altea\/","title":{"rendered":"Private Yogastunden in Altea | 1:1 &amp; kleine Gruppen"},"content":{"rendered":"<h4 data-start=\"785\" data-end=\"891\"><strong data-start=\"790\" data-end=\"891\">Entdecken Sie die Kraft einer pers\u00f6nlichen Yoga-Reise mit Private Yoga Classes in Altea von Inspire Altea<\/strong><\/h4>\n<p data-start=\"893\" data-end=\"1056\">Jede Klasse ist so konzipiert, dass sie Ihren f\u00fcnfdimensionalen K\u00f6rperbed\u00fcrfnissen gerecht wird: physisch, energetisch, emotional, psychisch und spirituell. Du wirst Selbstvertrauen aufbauen, die Ausrichtung verfeinern und deine Meditations- und Atem\u00fcbungen vertiefen.<\/p>\n<p data-start=\"893\" data-end=\"1056\">\ud83e\uddd8\u200d\u2640\ufe0f <strong data-start=\"576\" data-end=\"597\">Dauer der Sitzung:<\/strong> 60 Minuten. Jede Klasse ist ein komplettes, individuelles Erlebnis, das auf Ihren Rhythmus, Ihre Energie und Ihre Ziele abgestimmt ist.<\/p>\n<p data-start=\"1058\" data-end=\"1238\">\ud83c\udf3f <strong data-start=\"1061\" data-end=\"1077\">Perfekt f\u00fcr:<\/strong><br data-start=\"1077\" data-end=\"1080\" \/>- Einzelpersonen, Paare oder kleine private Gruppen.<br data-start=\"1128\" data-end=\"1131\" \/>- Alle Niveaus sind willkommen, vom Anf\u00e4nger bis zum Fortgeschrittenen.<br data-start=\"1194\" data-end=\"1197\" \/>- Sitzungen drinnen, drau\u00dfen oder zu Hause.<\/p>\n<p data-start=\"1240\" data-end=\"1327\">Erleben Sie Yoga in einer friedlichen, achtsamen Umgebung, umgeben von der Sch\u00f6nheit Alteas. Diese <strong data-start=\"988\" data-end=\"1021\">Privater Yoga-Unterricht in Altea<\/strong> sind der perfekte Weg, um mit Ihrem inneren Gleichgewicht in Kontakt zu kommen und gleichzeitig die mediterrane Atmosph\u00e4re zu genie\u00dfen.<\/p>\n<section id=\"h.25cdcba8c5d95267_285\" class=\"yaqOZd\">\n<div class=\"mYVXT\">\n<div class=\"LS81yb VICjCf j5pSsc db35Fc\" tabindex=\"-1\">\n<div class=\"hJDwNd-AhqUyc-uQSCkd Ft7HRd-AhqUyc-uQSCkd purZT-AhqUyc-II5mzb ZcASvf-AhqUyc-II5mzb pSzOP-AhqUyc-qWD73c Ktthjf-AhqUyc-qWD73c JNdkSc SQVYQc\">\n<div class=\"JNdkSc-SmKAyb LkDMRd\">\n<div class=\"\">\n<div class=\"oKdM2c ZZyype Kzv0Me\">\n<div id=\"h.25cdcba8c5d95267_288\" class=\"hJDwNd-AhqUyc-uQSCkd Ft7HRd-AhqUyc-uQSCkd jXK9ad D2fZ2 zu5uec OjCsFc dmUFtb wHaque g5GTcb\">\n<div class=\"jXK9ad-SmKAyb\">\n<div class=\"tyJCtd mGzaTb Depvyb baZpAe\">\n<hr data-start=\"1329\" data-end=\"1332\" \/>\n<figure id=\"attachment_59\" aria-describedby=\"caption-attachment-59\" style=\"width: 197px\" class=\"wp-caption alignnone\"><a href=\"https:\/\/www.inspirealtea.com\/de\/wer-ich-bin\/\"><img data-recalc-dims=\"1\" decoding=\"async\" loading=\"lazy\" class=\"size-medium wp-image-59\" src=\"https:\/\/i0.wp.com\/www.inspirealtea.com\/wp-content\/uploads\/2025\/10\/Yoga-2.webp?resize=197%2C300&#038;ssl=1\" alt=\"Dhariya unterrichtet Yoga in Altea - Zertifizierter internationaler Yogalehrer\" width=\"197\" height=\"300\" srcset=\"https:\/\/i0.wp.com\/www.inspirealtea.com\/wp-content\/uploads\/2025\/10\/Yoga-2.webp?resize=197%2C300&amp;ssl=1 197w, https:\/\/i0.wp.com\/www.inspirealtea.com\/wp-content\/uploads\/2025\/10\/Yoga-2.webp?w=347&amp;ssl=1 347w\" sizes=\"auto, (max-width: 197px) 100vw, 197px\" \/><\/a><figcaption id=\"caption-attachment-59\" class=\"wp-caption-text\">Sergi Dhariya, International Certified Yoga Teacher in Altea, bietet authentisches Yoga, inspiriert von indischen Meistern.<\/figcaption><\/figure>\n<h3 data-start=\"1334\" data-end=\"1436\"><strong style=\"font-size: 16px;\" data-start=\"1338\" data-end=\"1436\">Yoga unter der Leitung von Sergi Dhariya, einem international zertifizierten Yogalehrer, beeinflusst von indischen Yogameistern.<\/strong><\/h3>\n<p data-start=\"1338\" data-end=\"1420\">Sergi Dhariya unterrichtet authentisches Yoga in Altea, inspiriert von traditionellen indischen Meistern.<\/p>\n<p data-start=\"1422\" data-end=\"1596\">Er begann seine Yoga-Reise in Gro\u00dfbritannien, wo er im Yoga Satsanga Ashram in Wales bei Yogacharya Janadev und Yogacharini Deepika die Essenz des klassischen Yoga entdeckte.<\/p>\n<p data-start=\"1598\" data-end=\"1878\">Nach Jahren best\u00e4ndiger Praxis und sp\u00fcrbarer Transformation beschloss er, tiefer zu gehen. Deshalb reiste er nach Mallorca, um bei Green Yoga International mit Amrendra (Indrjeet Dev) eine 200-st\u00fcndige Yogalehrer-Ausbildung in verschiedenen Stilen (Hatha, Ashtanga, Vinyasa und Yin Yoga) zu absolvieren.<\/p>\n<p data-start=\"1880\" data-end=\"2119\">Sp\u00e4ter setzte er seine Hatha-Yoga-Ausbildung bei Yogini Durga in Ard\u00e8che, Frankreich, fort. Diese 500-st\u00fcndige Fortbildung integrierte Philosophie und Anwendung im t\u00e4glichen Leben. Das Ergebnis ist ein Unterricht, der Pr\u00e4zision, Bewusstsein und spirituelle Tiefe miteinander verbindet.<\/p>\n<p data-start=\"2121\" data-end=\"2368\">Der Yoga-Stil von Sergi Dhariya folgt der Linie des Kundalini Yoga, Tantra Yoga und des Yoga des Klangs. Dar\u00fcber hinaus spiegelt seine Arbeit die Weisheit von Meistern wie Sri Ramana Maharshi, Swami Satyananda Saraswati, Swami Vidyanand, Patrick Torre und Shannon Gannon wider.<\/p>\n<p data-start=\"2370\" data-end=\"2525\">Diese <strong data-start=\"2376\" data-end=\"2409\">Privat <a href=\"https:\/\/www.inspirealtea.com\/de\/yoga-in-altea\/\">Yoga<\/a> Unterricht in Altea<\/strong> verbinden traditionelle Lehren mit modernem Verst\u00e4ndnis, um Ihnen zu helfen, inneren Frieden, Kraft und Selbsterkenntnis zu finden.<\/p>\n<p data-start=\"2370\" data-end=\"2525\">Lesen Sie den entsprechenden Artikel: <a href=\"https:\/\/www.inspirealtea.com\/de\/outdoor-yoga-mittelmeer\/\">Yoga am Mittelmeer, eine neue Dimension der Praxis<\/a><\/p>\n<\/div>\n<p data-start=\"2359\" data-end=\"2473\">Sie k\u00f6nnen sich auch unserem <a href=\"https:\/\/www.inspirealtea.com\/de\/erfahrungen\/gruppe-yogaunterricht-altea\/\">Gruppen-Yoga-Kurse<\/a> in Altea oder erkunden Sie unser <a href=\"https:\/\/www.inspirealtea.com\/de\/erfahrungen\/yoga-mitgliedschaft-altea\/\">Yoga-Mitgliedschaft<\/a> f\u00fcr eine konsequente w\u00f6chentliche Praxis. <a href=\"https:\/\/www.inspirealtea.com\/de\/wandern-in-alicante\/\">Wanderung<\/a> in den Bergen von Alicante, oder tauchen Sie ein in die Juwelen der <a href=\"https:\/\/www.inspirealtea.com\/de\/ayurveda-in-altea\/\">Ayurveda<\/a> Wissenschaft.<\/p>\n<\/div>\n<\/div>\n<\/div>\n<\/div>\n<\/div>\n<\/div>\n<\/div>\n<\/div>\n<\/section>","protected":false},"excerpt":{"rendered":"<p data-start=\"870\" data-end=\"1046\">Ma\u00dfgeschneiderte private Yogastunden in Altea f\u00fcr Einzelpersonen, Paare oder kleine Gruppen. Eine 60-min\u00fctige personalisierte Sitzung drinnen, drau\u00dfen oder in Ihrer Unterkunft - unter der Leitung von Sergio.<\/p>","protected":false},"featured_media":846,"comment_status":"open","ping_status":"closed","template":"","meta":{"nf_dc_page":"","om_disable_all_campaigns":false,"_monsterinsights_skip_tracking":false,"_monsterinsights_sitenote_active":false,"_monsterinsights_sitenote_note":"","_monsterinsights_sitenote_category":0,"_uf_show_specific_survey":0,"_uf_disable_surveys":false,"jetpack_post_was_ever_published":false,"jetpack_publicize_message":"","jetpack_publicize_feature_enabled":true,"jetpack_social_post_already_shared":false,"jetpack_social_options":{"image_generator_settings":{"template":"highway","default_image_id":0,"font":"","enabled":false},"version":2}},"product_brand":[35],"product_cat":[24,22],"product_tag":[352,346,355,36,351,354,356,26,353],"class_list":{"0":"post-136","1":"product","2":"type-product","3":"status-publish","4":"has-post-thumbnail","6":"product_brand-inspire-altea","7":"product_cat-wellbeing-experiences","8":"product_cat-yoga-classes","9":"product_tag-one-to-one-yoga-altea","10":"product_tag-outdoor-yoga-altea","11":"product_tag-personalised-yoga-session","12":"product_tag-private-yoga-altea","13":"product_tag-private-yoga-class-altea","14":"product_tag-small-group-yoga-altea","15":"product_tag-yoga-at-your-accommodation","16":"product_tag-yoga-costa-blanca","17":"product_tag-yoga-for-couples-altea","19":"first","20":"instock","21":"featured","22":"virtual","23":"purchasable","24":"product-type-simple"},"yoast_head":"<!-- This site is optimized with the Yoast SEO Premium plugin v27.3 (Yoast SEO v27.4) - https:\/\/yoast.com\/product\/yoast-seo-premium-wordpress\/ -->\n<title>Private Yoga Classes in Altea | Personal 1:1 Sessions<\/title>\n<meta name=\"description\" content=\"Private yoga classes in Altea tailored for individuals, couples or small groups. Personalised 60-minute sessions or at your accommodation near Alicante.\" \/>\n<meta name=\"robots\" content=\"index, follow, max-snippet:-1, max-image-preview:large, max-video-preview:-1\" \/>\n<link rel=\"canonical\" href=\"https:\/\/www.inspirealtea.com\/de\/erfahrungen\/yoga-privatunterricht-altea\/\" \/>\n<meta property=\"og:locale\" content=\"de_DE\" \/>\n<meta property=\"og:type\" content=\"article\" \/>\n<meta property=\"og:title\" content=\"Private Yoga Classes in Altea | 1:1 &amp; Small Groups\" \/>\n<meta property=\"og:description\" content=\"Tailored private yoga classes in Altea for individuals, couples or small groups. A 60-minute personalised session indoors, outdoors or at your accommodation \u2014 guided by Sergi Dhariya.\" \/>\n<meta property=\"og:url\" content=\"https:\/\/www.inspirealtea.com\/de\/erfahrungen\/yoga-privatunterricht-altea\/\" \/>\n<meta property=\"og:site_name\" content=\"Yoga, Ayurveda and Hiking | Inspire Altea\" \/>\n<meta property=\"article:publisher\" content=\"https:\/\/www.facebook.com\/yogaayurveda.altea\" \/>\n<meta property=\"article:modified_time\" content=\"2026-04-02T13:43:39+00:00\" \/>\n<meta property=\"og:image\" content=\"https:\/\/www.inspirealtea.com\/wp-content\/uploads\/2025\/11\/pexels-photo-5928258.webp\" \/>\n\t<meta property=\"og:image:width\" content=\"1880\" \/>\n\t<meta property=\"og:image:height\" content=\"1253\" \/>\n\t<meta property=\"og:image:type\" content=\"image\/webp\" \/>\n<meta name=\"twitter:card\" content=\"summary_large_image\" \/>\n<meta name=\"twitter:label1\" content=\"Gesch\u00e4tzte Lesezeit\" \/>\n\t<meta name=\"twitter:data1\" content=\"3\u00a0Minuten\" \/>\n<!-- \/ Yoast SEO Premium plugin. -->","yoast_head_json":{"title":"Private Yogastunden in Altea | Pers\u00f6nliche 1:1-Sitzungen","description":"Private Yogastunden in Altea f\u00fcr Einzelpersonen, Paare oder kleine Gruppen. Pers\u00f6nliche 60-min\u00fctige Sitzungen oder in Ihrer Unterkunft in der N\u00e4he von Alicante.","robots":{"index":"index","follow":"follow","max-snippet":"max-snippet:-1","max-image-preview":"max-image-preview:large","max-video-preview":"max-video-preview:-1"},"canonical":"https:\/\/www.inspirealtea.com\/de\/erfahrungen\/yoga-privatunterricht-altea\/","og_locale":"de_DE","og_type":"article","og_title":"Private Yoga Classes in Altea | 1:1 & Small Groups","og_description":"Tailored private yoga classes in Altea for individuals, couples or small groups. A 60-minute personalised session indoors, outdoors or at your accommodation \u2014 guided by Sergi Dhariya.","og_url":"https:\/\/www.inspirealtea.com\/de\/erfahrungen\/yoga-privatunterricht-altea\/","og_site_name":"Yoga, Ayurveda and Hiking | Inspire Altea","article_publisher":"https:\/\/www.facebook.com\/yogaayurveda.altea","article_modified_time":"2026-04-02T13:43:39+00:00","og_image":[{"width":1880,"height":1253,"url":"https:\/\/www.inspirealtea.com\/wp-content\/uploads\/2025\/11\/pexels-photo-5928258.webp","type":"image\/webp"}],"twitter_card":"summary_large_image","twitter_misc":{"Gesch\u00e4tzte Lesezeit":"3\u00a0Minuten"},"schema":{"@context":"https:\/\/schema.org","@graph":[{"@type":"WebPage","@id":"https:\/\/www.inspirealtea.com\/experiences\/private-yoga-classes-altea\/","url":"https:\/\/www.inspirealtea.com\/experiences\/private-yoga-classes-altea\/","name":"Private Yogastunden in Altea | Pers\u00f6nliche 1:1-Sitzungen","isPartOf":{"@id":"https:\/\/www.inspirealtea.com\/#website"},"primaryImageOfPage":{"@id":"https:\/\/www.inspirealtea.com\/experiences\/private-yoga-classes-altea\/#primaryimage"},"image":{"@id":"https:\/\/www.inspirealtea.com\/experiences\/private-yoga-classes-altea\/#primaryimage"},"thumbnailUrl":"https:\/\/i0.wp.com\/www.inspirealtea.com\/wp-content\/uploads\/2025\/11\/pexels-photo-5928258.webp?fit=1880%2C1253&ssl=1","datePublished":"2025-10-22T10:01:40+00:00","dateModified":"2026-04-02T13:43:39+00:00","description":"Private Yogastunden in Altea f\u00fcr Einzelpersonen, Paare oder kleine Gruppen. Pers\u00f6nliche 60-min\u00fctige Sitzungen oder in Ihrer Unterkunft in der N\u00e4he von Alicante.","breadcrumb":{"@id":"https:\/\/www.inspirealtea.com\/experiences\/private-yoga-classes-altea\/#breadcrumb"},"inLanguage":"de","potentialAction":[{"@type":"ReadAction","target":["https:\/\/www.inspirealtea.com\/experiences\/private-yoga-classes-altea\/"]}]},{"@type":"ImageObject","inLanguage":"de","@id":"https:\/\/www.inspirealtea.com\/experiences\/private-yoga-classes-altea\/#primaryimage","url":"https:\/\/i0.wp.com\/www.inspirealtea.com\/wp-content\/uploads\/2025\/11\/pexels-photo-5928258.webp?fit=1880%2C1253&ssl=1","contentUrl":"https:\/\/i0.wp.com\/www.inspirealtea.com\/wp-content\/uploads\/2025\/11\/pexels-photo-5928258.webp?fit=1880%2C1253&ssl=1","width":1880,"height":1253,"caption":"Private yoga session in Altea with two participants practicing by the sea in a peaceful setting."},{"@type":"BreadcrumbList","@id":"https:\/\/www.inspirealtea.com\/experiences\/private-yoga-classes-altea\/#breadcrumb","itemListElement":[{"@type":"ListItem","position":1,"name":"Home","item":"https:\/\/www.inspirealtea.com\/"},{"@type":"ListItem","position":2,"name":"Experiences","item":"https:\/\/www.inspirealtea.com\/experiences\/"},{"@type":"ListItem","position":3,"name":"Wellbeing experiences","item":"https:\/\/www.inspirealtea.com\/product-category\/wellbeing-experiences\/"},{"@type":"ListItem","position":4,"name":"Yoga Classes","item":"https:\/\/www.inspirealtea.com\/product-category\/wellbeing-experiences\/yoga-classes\/"},{"@type":"ListItem","position":5,"name":"Private Yoga Classes in Altea | 1:1 &#038; Small Groups"}]},{"@type":"WebSite","@id":"https:\/\/www.inspirealtea.com\/#website","url":"https:\/\/www.inspirealtea.com\/","name":"Yoga, Ayurveda &amp; Wandern | Inspire Altea","description":"Entdecke dich selbst durch Yoga, Ayurveda und Wandern in Altea, Alicante \u2013 ein Refugium f\u00fcr Wohlbefinden am Mittelmeer.","publisher":{"@id":"https:\/\/www.inspirealtea.com\/#organization"},"alternateName":"Inspire Altea \u2013 Yoga, Ayurveda & Hiking","potentialAction":[{"@type":"SearchAction","target":{"@type":"EntryPoint","urlTemplate":"https:\/\/www.inspirealtea.com\/?s={search_term_string}"},"query-input":{"@type":"PropertyValueSpecification","valueRequired":true,"valueName":"search_term_string"}}],"inLanguage":"de"},{"@type":"Organization","@id":"https:\/\/www.inspirealtea.com\/#organization","name":"Yoga, Ayurveda und Wandern | Inspire Altea","alternateName":"IA Yoga Ayurveda Hike","url":"https:\/\/www.inspirealtea.com\/","logo":{"@type":"ImageObject","inLanguage":"de","@id":"https:\/\/www.inspirealtea.com\/#\/schema\/logo\/image\/","url":"https:\/\/i0.wp.com\/www.inspirealtea.com\/wp-content\/uploads\/2025\/10\/Logo-Inspire-Altea.png?fit=1024%2C1024&ssl=1","contentUrl":"https:\/\/i0.wp.com\/www.inspirealtea.com\/wp-content\/uploads\/2025\/10\/Logo-Inspire-Altea.png?fit=1024%2C1024&ssl=1","width":1024,"height":1024,"caption":"Yoga, Ayurveda and Hiking | Inspire Altea"},"image":{"@id":"https:\/\/www.inspirealtea.com\/#\/schema\/logo\/image\/"},"sameAs":["https:\/\/www.facebook.com\/yogaayurveda.altea","https:\/\/www.instagram.com\/inspirealtea\/","https:\/\/www.linkedin.com\/in\/sergio-cisneros-galea","https:\/\/www.youtube.com\/@inspirealtea","https:\/\/gravatar.com\/sergiocisnerosgalea"],"description":"Discover holistic wellbeing experiences in Altea that connect body, mind, and nature. From yoga and Ayurveda to guided hiking and personalized retreats \u2014 all designed to help you restore balance, vitality, and inner peace.","email":"inspirealtea@gmail.com","telephone":"+33 6 07 42 58 97","legalName":"Sergio Cisneros Galea","foundingDate":"2019-11-11","numberOfEmployees":{"@type":"QuantitativeValue","minValue":"1","maxValue":"10"},"publishingPrinciples":"https:\/\/www.inspirealtea.com\/who-i-am\/"}]}},"jetpack_publicize_connections":[],"jetpack_sharing_enabled":true,"_links":{"self":[{"href":"https:\/\/www.inspirealtea.com\/de\/wp-json\/wp\/v2\/product\/136","targetHints":{"allow":["GET"]}}],"collection":[{"href":"https:\/\/www.inspirealtea.com\/de\/wp-json\/wp\/v2\/product"}],"about":[{"href":"https:\/\/www.inspirealtea.com\/de\/wp-json\/wp\/v2\/types\/product"}],"replies":[{"embeddable":true,"href":"https:\/\/www.inspirealtea.com\/de\/wp-json\/wp\/v2\/comments?post=136"}],"wp:featuredmedia":[{"embeddable":true,"href":"https:\/\/www.inspirealtea.com\/de\/wp-json\/wp\/v2\/media\/846"}],"wp:attachment":[{"href":"https:\/\/www.inspirealtea.com\/de\/wp-json\/wp\/v2\/media?parent=136"}],"wp:term":[{"taxonomy":"product_brand","embeddable":true,"href":"https:\/\/www.inspirealtea.com\/de\/wp-json\/wp\/v2\/product_brand?post=136"},{"taxonomy":"product_cat","embeddable":true,"href":"https:\/\/www.inspirealtea.com\/de\/wp-json\/wp\/v2\/product_cat?post=136"},{"taxonomy":"product_tag","embeddable":true,"href":"https:\/\/www.inspirealtea.com\/de\/wp-json\/wp\/v2\/product_tag?post=136"}],"curies":[{"name":"wp","href":"https:\/\/api.w.org\/{rel}","templated":true}]}}