{"id":130,"date":"2025-10-22T09:35:52","date_gmt":"2025-10-22T08:35:52","guid":{"rendered":"https:\/\/www.inspirealtea.com\/?post_type=product&#038;p=130"},"modified":"2026-04-12T07:30:13","modified_gmt":"2026-04-12T06:30:13","slug":"gruppe-yogaunterricht-altea","status":"publish","type":"product","link":"https:\/\/www.inspirealtea.com\/de\/experiences\/group-yoga-classes-altea\/","title":{"rendered":"Gruppen-Yogastunden in Altea: Flexible Einheiten am Meer &amp; im Studio"},"content":{"rendered":"<h1>Gruppen-Yoga-Kurse in Altea<\/h1>\r\n<p class=\"p1\"><span class=\"s1\"><b>Nehmen Sie an flexiblen Gruppen-Yogastunden in Altea teil<\/b><\/span><span class=\"s2\"> entworfen f\u00fcr Besucher, digitale Nomaden und Einheimische, die Freiheit in ihrer Praxis suchen \u2013 <\/span><span class=\"s1\">Die Vorausbuchung ist schnell und einfach.<\/span><\/p>\r\n<p data-start=\"570\" data-end=\"801\">Die Gruppen-Yogakurse in Altea finden in einigen der sch\u00f6nsten Naturlandschaften der Costa Blanca statt - von den friedlichen G\u00e4rten der <strong>Villa Gadea<\/strong> und unser intimes <strong>Yoga Shala bei La Olla<\/strong> an die Mittelmeerk\u00fcste von <strong>Postiguet Strand, Alicante<\/strong> (jeden Freitag). Buchen Sie Ihre Sitzung im Voraus und kommen Sie bereit, sich wieder mit K\u00f6rper, Atem und Bewusstsein zu verbinden.<\/p>\r\n<hr data-start=\"1567\" data-end=\"1570\" \/>\r\n<h2 data-path-to-node=\"16\">Flexibles Yoga f\u00fcr Besucher und Langzeitaufenthalte<\/h2>\r\n<p class=\"p1\"><span class=\"s1\">Stundenweise buchbare Kurse sind ideal f\u00fcr diejenigen, die:<\/span><\/p>\r\n<ul data-path-to-node=\"18\">\r\n<li>\r\n<p class=\"p1\"><span class=\"s1\">Machen Sie einen kurzen oder langen Aufenthalt in Altea oder Alicante.<\/span><\/p>\r\n<\/li>\r\n<li>\r\n<p class=\"p1\"><span class=\"s1\">Lokal wohnen, aber flexiblen Zeitplan ohne monatliche Verpflichtung bevorzugen.<\/span><\/p>\r\n<\/li>\r\n<li>\r\n<p class=\"p1\"><span class=\"s1\">M\u00f6chte authentisches Yoga in einem einladenden Gemeinschaftsraum erkunden.<\/span><\/p>\r\n<\/li>\r\n<\/ul>\r\n<p data-path-to-node=\"19\"><strong>Die Kurse sind f\u00fcr alle Niveaus geeignet.<\/strong> Erleben Sie Yoga in der Gemeinschaft und verbinden Sie sich mit dem mediterranen Rhythmus.<\/p>\r\n<hr data-start=\"1567\" data-end=\"1570\" \/>\r\n<h2 data-path-to-node=\"6\">Philosophie und Abstammung<\/h2>\r\n<p data-path-to-node=\"7\">Jede Klasse ist verwurzelt in <b data-path-to-node=\"7\" data-index-in-node=\"25\">Hatha-Yoga<\/b>, die traditionelle Grundlage der Praxis. Die Sitzungen sind stark beeinflusst von <b data-path-to-node=\"7\" data-index-in-node=\"119\">Tantra<\/b>, <b data-path-to-node=\"7\" data-index-in-node=\"127\">Kundalini<\/b>, und <b data-path-to-node=\"7\" data-index-in-node=\"142\">Nada Yoga<\/b> (das Yoga des Klangs), das einer Linie folgt, die von gro\u00dfen Meistern wie <b data-path-to-node=\"7\" data-index-in-node=\"227\">Sri Ramana Maharshi<\/b>, <b data-path-to-node=\"7\" data-index-in-node=\"248\">Swami Satyananda Saraswati<\/b>, <b data-path-to-node=\"7\" data-index-in-node=\"276\">Swami Vidyanand<\/b>, <b data-path-to-node=\"7\" data-index-in-node=\"293\">Patrick Torre<\/b>, und <b data-path-to-node=\"7\" data-index-in-node=\"312\">Sharon Gannon<\/b>.<\/p>\r\n<hr data-start=\"1567\" data-end=\"1570\" \/>\r\n<h2 data-path-to-node=\"2\">Orte zum \u00dcben: Yoga in der Natur<\/h2>\r\n<p data-path-to-node=\"3\">Erleben Sie eine Praxis, die von der Meeresbrise, dem nat\u00fcrlichen Sonnenlicht und der mediterranen Landschaft umgeben ist. Der Unterricht findet in den ruhigsten Umgebungen von Altea und an den ber\u00fchmten K\u00fcsten von Alicante statt:<\/p>\r\n<ul data-path-to-node=\"4\">\r\n<li>\r\n<p data-path-to-node=\"4,0,0\"><b data-path-to-node=\"4,0,0\" data-index-in-node=\"0\">Altea:<\/b> Finden Sie uns in den G\u00e4rten von <b data-path-to-node=\"4,0,0\" data-index-in-node=\"42\">Villa Gadea<\/b> und an <b data-path-to-node=\"4,0,0\" data-index-in-node=\"73\">Yoga Shala bei La Olla<\/b>.<\/p>\r\n<\/li>\r\n<li>\r\n<p data-path-to-node=\"4,1,0\"><b data-path-to-node=\"4,1,0\" data-index-in-node=\"0\">Alicante:<\/b> Besuchen Sie uns jeden Freitag auf dem Sandstrand von <b data-path-to-node=\"4,1,0\" data-index-in-node=\"47\">Postiguet Strand<\/b>.<\/p>\r\n<\/li>\r\n<\/ul>\r\n<hr data-start=\"2050\" data-end=\"2053\" \/>\r\n<h2 data-start=\"2055\" data-end=\"2081\">\ud83d\uddd3\ufe0f Zeitplan und Standorte<\/h2>\r\n<h3 data-start=\"2083\" data-end=\"2106\"><span style=\"text-decoration: underline;\">Altea - Villa Gadea &amp; Yoga Shala<\/span><\/h3>\r\n<p data-start=\"2108\" data-end=\"2187\">Wann? Jeden Samstag bis Donnerstag<\/p>\r\n<ul>\r\n<li data-start=\"2108\" data-end=\"2187\"><strong>Morgen<\/strong>: 8:30 \u2013 10:00<\/li>\r\n<li data-start=\"2108\" data-end=\"2187\"><strong>Nachmittag<\/strong>: 18:00 \u2013 19:30<\/li>\r\n<\/ul>\r\n\r\n\r\n\r\n\r\n\r\n\r\n\r\n<h3 data-start=\"2282\" data-end=\"2312\"><span style=\"text-decoration: underline;\">Alicante - Strand von Postiguet<\/span> (Jeden Freitag)<\/h3>\r\n<ul>\r\n<li data-start=\"2282\" data-end=\"2312\"><strong>Morgen<\/strong>: 8:30 \u2013 10:00<\/li>\r\n<li data-start=\"2282\" data-end=\"2312\"><strong>Nachmittag<\/strong>: 16:00 \u2013 17:30<\/li>\r\n<\/ul>\r\n<hr data-start=\"2374\" data-end=\"2377\" \/>\r\n<h2 data-start=\"1889\" data-end=\"1916\">\ud83d\udcab Preise f\u00fcr Yoga-Gruppenunterricht<\/h2>\r\n<p data-start=\"1918\" data-end=\"1946\">15 \u20ac <span class=\"s1\">Einzelne Sitzung (buchen Sie online im Voraus)<\/span><\/p>\r\n<p data-start=\"1948\" data-end=\"2009\">W\u00f6chentliche, monatliche und viertelj\u00e4hrliche Pakete sind auf Anfrage erh\u00e4ltlich.<\/p>\r\n<p data-start=\"2011\" data-end=\"2048\">Bitte <a href=\"https:\/\/www.inspirealtea.com\/de\/kontakt\/\">Kontakt<\/a> uns f\u00fcr ma\u00dfgeschneiderte Pl\u00e4ne.<\/p>\r\n<hr data-start=\"2374\" data-end=\"2377\" \/>\r\n<h2 data-start=\"1719\" data-end=\"1747\">\ud83d\udcab Suchen Sie nach Kontinuit\u00e4t?<\/h2>\r\n<p data-start=\"1749\" data-end=\"1882\">Wenn Sie Ihre Praxis vertiefen und Best\u00e4ndigkeit aufbauen m\u00f6chten, erkunden Sie unsere <a href=\"https:\/\/www.inspirealtea.com\/de\/erfahrungen\/yoga-mitgliedschaft-altea\/\">Yoga-Mitgliedschaft<\/a> Optionen f\u00fcr Wochenrhythmus und kontinuierliche Unterst\u00fctzung.<\/p>\r\n<hr data-start=\"2374\" data-end=\"2377\" \/>\r\n<h2 data-path-to-node=\"12\"><a href=\"https:\/\/www.inspirealtea.com\/de\/wer-ich-bin\/\">\u00dcber die Lehrkraft<\/a>: Sergi Dhariya<\/h2>\r\n<p><a href=\"https:\/\/www.inspirealtea.com\/de\/wer-ich-bin\/\"><img data-recalc-dims=\"1\" decoding=\"async\" loading=\"lazy\" class=\"wp-image-1162 size-medium alignnone\" src=\"https:\/\/i0.wp.com\/www.inspirealtea.com\/wp-content\/uploads\/2026\/02\/Bio-Sergi-Dhariya.webp?resize=225%2C300&#038;ssl=1\" alt=\"Sergi Dhariya Yogalehrer, Ayurveda-Praktiker und Bergf\u00fchrer in Altea.\" width=\"225\" height=\"300\" srcset=\"https:\/\/i0.wp.com\/www.inspirealtea.com\/wp-content\/uploads\/2026\/02\/Bio-Sergi-Dhariya.webp?resize=225%2C300&amp;ssl=1 225w, https:\/\/i0.wp.com\/www.inspirealtea.com\/wp-content\/uploads\/2026\/02\/Bio-Sergi-Dhariya.webp?resize=768%2C1024&amp;ssl=1 768w, https:\/\/i0.wp.com\/www.inspirealtea.com\/wp-content\/uploads\/2026\/02\/Bio-Sergi-Dhariya.webp?resize=1152%2C1536&amp;ssl=1 1152w, https:\/\/i0.wp.com\/www.inspirealtea.com\/wp-content\/uploads\/2026\/02\/Bio-Sergi-Dhariya.webp?resize=9%2C12&amp;ssl=1 9w, https:\/\/i0.wp.com\/www.inspirealtea.com\/wp-content\/uploads\/2026\/02\/Bio-Sergi-Dhariya.webp?resize=600%2C800&amp;ssl=1 600w, https:\/\/i0.wp.com\/www.inspirealtea.com\/wp-content\/uploads\/2026\/02\/Bio-Sergi-Dhariya.webp?w=1200&amp;ssl=1 1200w\" sizes=\"auto, (max-width: 225px) 100vw, 225px\" \/><\/a><\/p>\r\n<p data-path-to-node=\"13\">Sergis Weg ist eine R\u00fcckkehr zu den Wurzeln des Hatha Yoga. Er absolvierte eine intensive <b data-path-to-node=\"13\" data-index-in-node=\"80\">500-Stunden-Lehrerausbildung<\/b> in den Bergen der Ard\u00e8che, Frankreich, unter der Leitung von <b data-path-to-node=\"13\" data-index-in-node=\"165\">Yogini Durga<\/b>. \u00dcber das Physische hinaus <span class=\"math-inline\" data-math=\"asanas\" data-index-in-node=\"195\">Asanas<\/span>, wurde er in eine tiefe philosophische Disziplin eingeweiht, die auf das t\u00e4gliche Leben angewendet wird.<\/p>\r\n<p data-path-to-node=\"14\">Seine Praxis wird bereichert durch eine spezielle Ausbildung in <b data-path-to-node=\"14\" data-index-in-node=\"52\">Wei\u00dfes Tantra und Mantras<\/b>, sowie eine 80-st\u00fcndige Zertifizierung in <b data-path-to-node=\"14\" data-index-in-node=\"117\">Pranayama<\/b> (die Wissenschaft der Lebensenergie) nach der <b data-path-to-node=\"14\" data-index-in-node=\"174\">Rishikultur Ashtanga Yoga<\/b> Tradition der <b data-path-to-node=\"14\" data-index-in-node=\"214\">Swami Gitananda Giri<\/b>. Sergios Unterricht verbindet achtsame Bewegung, Haltungsausrichtung und bewusste Atmung, damit sich die \u00dcbenden zentriert und energetisiert f\u00fchlen.<\/p>\r\n<hr data-start=\"2374\" data-end=\"2377\" \/>\r\n<p class=\"p1\"><span class=\"s1\">Yoga in Gemeinschaft zu praktizieren, bringt die Energie des gemeinsamen Atems und der Pr\u00e4senz mit sich. Ob Sie nun in der N\u00e4he wohnen oder die Costa Blanca besuchen, <\/span><span class=\"s2\"><b>Buchen Sie eine Gruppen-Yogastunde in Altea<\/b><\/span><span class=\"s1\"> \u2013 eine nat\u00fcrliche Art, aktiv, geerdet und inspiriert zu bleiben.<\/span><\/p>\r\n<p><strong>Flexible Gruppen-Yoga-Kurse \u2013<\/strong> An Freitagen am Postiguet Strand in Alicante.<\/p>\r\n<hr data-start=\"2374\" data-end=\"2377\" \/>\r\n<p>Wenn Sie Lust haben, tiefer in die Praxis einzusteigen, genie\u00dfen Sie eine <strong><a href=\"https:\/\/www.inspirealtea.com\/de\/yoga-retreat-tag-altea-hatha-yoga-wandern\/\">eint\u00e4gige Exerzitien in Altea<\/a><\/strong>, und ist jeden Tag der Woche ein Genuss. Wenn Sie bereit f\u00fcr die n\u00e4chste Stufe sind: <strong><a href=\"https:\/\/www.inspirealtea.com\/de\/erfahrungen\/verjungungswochenende\/\">Yoga-Wochenend-Retreat in Altea<\/a><\/strong> ist dann f\u00fcr Sie. W\u00e4hle die Erfahrung, die zu dir passt und lerne die Gemeinschaft kennen, wir freuen uns darauf!.<\/p>\r\n<p data-start=\"2708\" data-end=\"2802\">Wenn Sie einen pers\u00f6nlicheren Ansatz suchen, k\u00f6nnen Sie einen <a href=\"https:\/\/www.inspirealtea.com\/de\/erfahrungen\/yoga-privatunterricht-altea\/\">privater Yoga-Kurs<\/a>.<\/p>\r\n<p data-start=\"2804\" data-end=\"2856\">Vielleicht entdecken Sie auch verwandte Wohlf\u00fchlerfahrungen:<\/p>\r\n<p data-start=\"2858\" data-end=\"2890\"><strong>\u2022 <a href=\"https:\/\/www.inspirealtea.com\/de\/wandern-in-alicante\/\">Wandern<\/a> \u2022 <a href=\"https:\/\/www.inspirealtea.com\/de\/ayurveda-in-altea\/\">Ayurveda<\/a> \u2022 <a href=\"https:\/\/www.inspirealtea.com\/de\/yoga-in-altea\/\">Yoga<\/a><\/strong><\/p>","protected":false},"excerpt":{"rendered":"<div class=\"w-full my-4\">\n<div class=\"\">\n<div class=\"relative\">\n<div class=\"h-full min-h-0 min-w-0\">\n<div class=\"h-full min-h-0 min-w-0\">\n<div class=\"border corner-superellipse\/1.1 border-token-border-light bg-token-bg-elevated-secondary rounded-3xl\">\n<div class=\"corner-superellipse\/1.1 rounded-3xl bg-token-bg-elevated-secondary\">\n<div class=\"relative z-0 flex max-w-full\">\n<div id=\"code-block-viewer\" class=\"q9tKkq_viewer cm-editor z-10 light:cm-light dark:cm-light flex h-full w-full flex-col items-stretch \u037c5 \u037cj\" dir=\"ltr\">\n<div class=\"cm-scroller\">\n<div class=\"cm-content q9tKkq_readonly\">\n<p data-path-to-node=\"3\"><b data-path-to-node=\"3\" data-index-in-node=\"0\">Authentisches Hatha Yoga | Altea &amp; Alicante<\/b> Erleben Sie eine bodenst\u00e4ndige Praxis in den sch\u00f6nsten Naturlandschaften des Mittelmeers. Geleitet von <b data-path-to-node=\"3\" data-index-in-node=\"134\">Sergi Dhariya<\/b>, Die Gruppen-Yoga-Kurse verbinden traditionelles Hatha Yoga mit der Energie des Tantra Yoga, Kundalini Yoga und Nada Yoga.<\/p>\n<ul data-path-to-node=\"4\">\n<li>\n<p data-path-to-node=\"4,0,0\"><b data-path-to-node=\"4,0,0\" data-index-in-node=\"0\">Flexible Einzelsitzungen:<\/b> Perfekt f\u00fcr Reisende, digitale Nomaden und Einheimische.<\/p>\n<\/li>\n<li>\n<p data-path-to-node=\"4,2,0\"><b data-path-to-node=\"4,2,0\" data-index-in-node=\"0\">Orte:<\/b> Villa Gadea (Altea), La Olla Shala und jeden Freitag am Postiguet Strand (Alicante).<\/p>\n<\/li>\n<li>\n<p data-path-to-node=\"4,3,0\"><b data-path-to-node=\"4,3,0\" data-index-in-node=\"0\">Alle Niveaus sind willkommen:<\/b> Achtsame Bewegung, Haltungsangleichung und bewusste Atmung.<\/p>\n<\/li>\n<li><strong>Im Voraus buchen<\/strong><\/li>\n<\/ul>\n<\/div>\n<\/div>\n<\/div>\n<\/div>\n<\/div>\n<\/div>\n<\/div>\n<\/div>\n<\/div>\n<\/div>\n<\/div>","protected":false},"featured_media":30,"comment_status":"open","ping_status":"closed","template":"","meta":{"nf_dc_page":"","om_disable_all_campaigns":false,"_monsterinsights_skip_tracking":false,"_monsterinsights_sitenote_active":false,"_monsterinsights_sitenote_note":"","_monsterinsights_sitenote_category":0,"_uf_show_specific_survey":0,"_uf_disable_surveys":false,"jetpack_post_was_ever_published":false,"jetpack_publicize_message":"Group Classes \u2013 Open to Everyone","jetpack_publicize_feature_enabled":true,"jetpack_social_post_already_shared":false,"jetpack_social_options":{"image_generator_settings":{"template":"highway","default_image_id":0,"font":"","enabled":false},"version":2}},"product_brand":[35],"product_cat":[24,22],"product_tag":[345,451,445,344,446,346,449,447,188,25,26,348,347,350,448,450,349],"class_list":{"0":"post-130","1":"product","2":"type-product","3":"status-publish","4":"has-post-thumbnail","6":"product_brand-inspire-altea","7":"product_cat-wellbeing-experiences","8":"product_cat-yoga-classes","9":"product_tag-beach-yoga-altea","10":"product_tag-class-yoga-altea","11":"product_tag-flexible-yoga-class","12":"product_tag-group-yoga-classes-altea","13":"product_tag-hatha-yoga-altea","14":"product_tag-outdoor-yoga-altea","15":"product_tag-shala-altea","16":"product_tag-women-yoga-altea","17":"product_tag-yoga-alicante","18":"product_tag-yoga-altea","19":"product_tag-yoga-costa-blanca","20":"product_tag-yoga-for-digital-nomads","21":"product_tag-yoga-for-visitors","22":"product_tag-yoga-postiguet-beach","23":"product_tag-yoga-shala-altea","24":"product_tag-yoga-studio-altea","25":"product_tag-yoga-villa-gadea","27":"first","28":"instock","29":"featured","30":"virtual","31":"purchasable","32":"product-type-simple"},"yoast_head":"<!-- This site is optimized with the Yoast SEO Premium plugin v27.3 (Yoast SEO v27.4) - https:\/\/yoast.com\/product\/yoast-seo-premium-wordpress\/ -->\n<title>Group Yoga Classes Altea | Studio, Garden &amp; Beach - All Levels<\/title>\n<meta name=\"description\" content=\"Book a Group Yoga Class in Altea - Studio and Beach settings. Single sessions for visitors, digital nomads and locals. Fridays at Alicante Postiguet Beach.\" \/>\n<meta name=\"robots\" content=\"index, follow, max-snippet:-1, max-image-preview:large, max-video-preview:-1\" \/>\n<link rel=\"canonical\" href=\"https:\/\/www.inspirealtea.com\/de\/erfahrungen\/gruppe-yogaunterricht-altea\/\" \/>\n<meta property=\"og:locale\" content=\"de_DE\" \/>\n<meta property=\"og:type\" content=\"article\" \/>\n<meta property=\"og:title\" content=\"Group Yoga Classes in Altea: Flexible Sessions by Sea &amp; Studio\" \/>\n<meta property=\"og:description\" content=\"Book a Group Yoga Class in Altea - Studio and Beach settings. Single sessions for visitors, digital nomads and locals. Fridays at Alicante Postiguet Beach.\" \/>\n<meta property=\"og:url\" content=\"https:\/\/www.inspirealtea.com\/de\/erfahrungen\/gruppe-yogaunterricht-altea\/\" \/>\n<meta property=\"og:site_name\" content=\"Yoga, Ayurveda and Hiking | Inspire Altea\" \/>\n<meta property=\"article:publisher\" content=\"https:\/\/www.facebook.com\/yogaayurveda.altea\" \/>\n<meta property=\"article:modified_time\" content=\"2026-04-12T06:30:13+00:00\" \/>\n<meta property=\"og:image\" content=\"https:\/\/www.inspirealtea.com\/wp-content\/uploads\/2025\/10\/photo-1679325965190-0530dc29c512.jpg\" \/>\n\t<meta property=\"og:image:width\" content=\"600\" \/>\n\t<meta property=\"og:image:height\" content=\"900\" \/>\n\t<meta property=\"og:image:type\" content=\"image\/jpeg\" \/>\n<meta name=\"twitter:card\" content=\"summary_large_image\" \/>\n<meta name=\"twitter:label1\" content=\"Gesch\u00e4tzte Lesezeit\" \/>\n\t<meta name=\"twitter:data1\" content=\"3\u00a0Minuten\" \/>\n<!-- \/ Yoast SEO Premium plugin. -->","yoast_head_json":{"title":"Gruppen-Yogastunden Altea | Studio, Garten &amp; Strand \u2013 Alle Niveaus","description":"Gruppen-Yogastunde in Altea buchen \u2013 Studio und Strand. Einzelstunden f\u00fcr Besucher, digitale Nomaden und Einheimische. Freitags am Strand von Alicante Postiguet.","robots":{"index":"index","follow":"follow","max-snippet":"max-snippet:-1","max-image-preview":"max-image-preview:large","max-video-preview":"max-video-preview:-1"},"canonical":"https:\/\/www.inspirealtea.com\/de\/erfahrungen\/gruppe-yogaunterricht-altea\/","og_locale":"de_DE","og_type":"article","og_title":"Group Yoga Classes in Altea: Flexible Sessions by Sea & Studio","og_description":"Book a Group Yoga Class in Altea - Studio and Beach settings. Single sessions for visitors, digital nomads and locals. Fridays at Alicante Postiguet Beach.","og_url":"https:\/\/www.inspirealtea.com\/de\/erfahrungen\/gruppe-yogaunterricht-altea\/","og_site_name":"Yoga, Ayurveda and Hiking | Inspire Altea","article_publisher":"https:\/\/www.facebook.com\/yogaayurveda.altea","article_modified_time":"2026-04-12T06:30:13+00:00","og_image":[{"width":600,"height":900,"url":"https:\/\/www.inspirealtea.com\/wp-content\/uploads\/2025\/10\/photo-1679325965190-0530dc29c512.jpg","type":"image\/jpeg"}],"twitter_card":"summary_large_image","twitter_misc":{"Gesch\u00e4tzte Lesezeit":"3\u00a0Minuten"},"schema":{"@context":"https:\/\/schema.org","@graph":[{"@type":"WebPage","@id":"https:\/\/www.inspirealtea.com\/experiences\/group-yoga-classes-altea\/","url":"https:\/\/www.inspirealtea.com\/experiences\/group-yoga-classes-altea\/","name":"Gruppen-Yogastunden Altea | Studio, Garten &amp; Strand \u2013 Alle Niveaus","isPartOf":{"@id":"https:\/\/www.inspirealtea.com\/#website"},"primaryImageOfPage":{"@id":"https:\/\/www.inspirealtea.com\/experiences\/group-yoga-classes-altea\/#primaryimage"},"image":{"@id":"https:\/\/www.inspirealtea.com\/experiences\/group-yoga-classes-altea\/#primaryimage"},"thumbnailUrl":"https:\/\/i0.wp.com\/www.inspirealtea.com\/wp-content\/uploads\/2025\/10\/photo-1679325965190-0530dc29c512.jpg?fit=600%2C900&ssl=1","datePublished":"2025-10-22T08:35:52+00:00","dateModified":"2026-04-12T06:30:13+00:00","description":"Gruppen-Yogastunde in Altea buchen \u2013 Studio und Strand. Einzelstunden f\u00fcr Besucher, digitale Nomaden und Einheimische. Freitags am Strand von Alicante Postiguet.","breadcrumb":{"@id":"https:\/\/www.inspirealtea.com\/experiences\/group-yoga-classes-altea\/#breadcrumb"},"inLanguage":"de","potentialAction":[{"@type":"ReadAction","target":["https:\/\/www.inspirealtea.com\/experiences\/group-yoga-classes-altea\/"]}]},{"@type":"ImageObject","inLanguage":"de","@id":"https:\/\/www.inspirealtea.com\/experiences\/group-yoga-classes-altea\/#primaryimage","url":"https:\/\/i0.wp.com\/www.inspirealtea.com\/wp-content\/uploads\/2025\/10\/photo-1679325965190-0530dc29c512.jpg?fit=600%2C900&ssl=1","contentUrl":"https:\/\/i0.wp.com\/www.inspirealtea.com\/wp-content\/uploads\/2025\/10\/photo-1679325965190-0530dc29c512.jpg?fit=600%2C900&ssl=1","width":600,"height":900,"caption":"Group Yoga Class in Altea with several participants practicing together in an outdoor setting."},{"@type":"BreadcrumbList","@id":"https:\/\/www.inspirealtea.com\/experiences\/group-yoga-classes-altea\/#breadcrumb","itemListElement":[{"@type":"ListItem","position":1,"name":"Home","item":"https:\/\/www.inspirealtea.com\/"},{"@type":"ListItem","position":2,"name":"Experiences","item":"https:\/\/www.inspirealtea.com\/experiences\/"},{"@type":"ListItem","position":3,"name":"Wellbeing experiences","item":"https:\/\/www.inspirealtea.com\/product-category\/wellbeing-experiences\/"},{"@type":"ListItem","position":4,"name":"Yoga Classes","item":"https:\/\/www.inspirealtea.com\/product-category\/wellbeing-experiences\/yoga-classes\/"},{"@type":"ListItem","position":5,"name":"Group Yoga Classes in Altea: Flexible Sessions by Sea &#038; Studio"}]},{"@type":"WebSite","@id":"https:\/\/www.inspirealtea.com\/#website","url":"https:\/\/www.inspirealtea.com\/","name":"Yoga, Ayurveda &amp; Wandern | Inspire Altea","description":"Entdecke dich selbst durch Yoga, Ayurveda und Wandern in Altea, Alicante \u2013 ein Refugium f\u00fcr Wohlbefinden am Mittelmeer.","publisher":{"@id":"https:\/\/www.inspirealtea.com\/#organization"},"alternateName":"Inspire Altea \u2013 Yoga, Ayurveda & Hiking","potentialAction":[{"@type":"SearchAction","target":{"@type":"EntryPoint","urlTemplate":"https:\/\/www.inspirealtea.com\/?s={search_term_string}"},"query-input":{"@type":"PropertyValueSpecification","valueRequired":true,"valueName":"search_term_string"}}],"inLanguage":"de"},{"@type":"Organization","@id":"https:\/\/www.inspirealtea.com\/#organization","name":"Yoga, Ayurveda und Wandern | Inspire Altea","alternateName":"IA Yoga Ayurveda Hike","url":"https:\/\/www.inspirealtea.com\/","logo":{"@type":"ImageObject","inLanguage":"de","@id":"https:\/\/www.inspirealtea.com\/#\/schema\/logo\/image\/","url":"https:\/\/i0.wp.com\/www.inspirealtea.com\/wp-content\/uploads\/2025\/10\/Logo-Inspire-Altea.png?fit=1024%2C1024&ssl=1","contentUrl":"https:\/\/i0.wp.com\/www.inspirealtea.com\/wp-content\/uploads\/2025\/10\/Logo-Inspire-Altea.png?fit=1024%2C1024&ssl=1","width":1024,"height":1024,"caption":"Yoga, Ayurveda and Hiking | Inspire Altea"},"image":{"@id":"https:\/\/www.inspirealtea.com\/#\/schema\/logo\/image\/"},"sameAs":["https:\/\/www.facebook.com\/yogaayurveda.altea","https:\/\/www.instagram.com\/inspirealtea\/","https:\/\/www.linkedin.com\/in\/sergio-cisneros-galea","https:\/\/www.youtube.com\/@inspirealtea","https:\/\/gravatar.com\/sergiocisnerosgalea"],"description":"Discover holistic wellbeing experiences in Altea that connect body, mind, and nature. From yoga and Ayurveda to guided hiking and personalized retreats \u2014 all designed to help you restore balance, vitality, and inner peace.","email":"inspirealtea@gmail.com","telephone":"+33 6 07 42 58 97","legalName":"Sergio Cisneros Galea","foundingDate":"2019-11-11","numberOfEmployees":{"@type":"QuantitativeValue","minValue":"1","maxValue":"10"},"publishingPrinciples":"https:\/\/www.inspirealtea.com\/who-i-am\/"}]}},"jetpack_publicize_connections":[],"jetpack_sharing_enabled":true,"_links":{"self":[{"href":"https:\/\/www.inspirealtea.com\/de\/wp-json\/wp\/v2\/product\/130","targetHints":{"allow":["GET"]}}],"collection":[{"href":"https:\/\/www.inspirealtea.com\/de\/wp-json\/wp\/v2\/product"}],"about":[{"href":"https:\/\/www.inspirealtea.com\/de\/wp-json\/wp\/v2\/types\/product"}],"replies":[{"embeddable":true,"href":"https:\/\/www.inspirealtea.com\/de\/wp-json\/wp\/v2\/comments?post=130"}],"wp:featuredmedia":[{"embeddable":true,"href":"https:\/\/www.inspirealtea.com\/de\/wp-json\/wp\/v2\/media\/30"}],"wp:attachment":[{"href":"https:\/\/www.inspirealtea.com\/de\/wp-json\/wp\/v2\/media?parent=130"}],"wp:term":[{"taxonomy":"product_brand","embeddable":true,"href":"https:\/\/www.inspirealtea.com\/de\/wp-json\/wp\/v2\/product_brand?post=130"},{"taxonomy":"product_cat","embeddable":true,"href":"https:\/\/www.inspirealtea.com\/de\/wp-json\/wp\/v2\/product_cat?post=130"},{"taxonomy":"product_tag","embeddable":true,"href":"https:\/\/www.inspirealtea.com\/de\/wp-json\/wp\/v2\/product_tag?post=130"}],"curies":[{"name":"wp","href":"https:\/\/api.w.org\/{rel}","templated":true}]}}