{"id":1126,"date":"2026-02-22T13:03:30","date_gmt":"2026-02-22T12:03:30","guid":{"rendered":"https:\/\/www.inspirealtea.com\/?post_type=product&#038;p=1126"},"modified":"2026-04-02T14:32:44","modified_gmt":"2026-04-02T13:32:44","slug":"yoga-mitgliedschaft-altea","status":"publish","type":"product","link":"https:\/\/www.inspirealtea.com\/de\/experiences\/yoga-membership-altea\/","title":{"rendered":"W\u00f6chentliche Yoga-Mitgliedschaft in Altea"},"content":{"rendered":"<div class=\"w-full my-4\">\n<div class=\"\">\n<div class=\"relative\">\n<div class=\"h-full min-h-0 min-w-0\">\n<div class=\"h-full min-h-0 min-w-0\">\n<div class=\"border corner-superellipse\/1.1 border-token-border-light bg-token-bg-elevated-secondary rounded-3xl\">\n<div class=\"corner-superellipse\/1.1 rounded-3xl bg-token-bg-elevated-secondary\">\n<div class=\"relative z-0 flex max-w-full\">\n<div id=\"code-block-viewer\" class=\"q9tKkq_viewer cm-editor z-10 light:cm-light dark:cm-light flex h-full w-full flex-col items-stretch \u037c5 \u037cj\" dir=\"ltr\">\n<div class=\"cm-scroller\">\n<h1 class=\"cm-content q9tKkq_readonly\">W\u00f6chentliche Yoga-Mitgliedschaft in Altea<\/h1>\n<\/div>\n<\/div>\n<\/div>\n<\/div>\n<\/div>\n<\/div>\n<\/div>\n<\/div>\n<\/div>\n<\/div>\n<p data-start=\"492\" data-end=\"676\">Die Yoga-Mitgliedschaft in Altea ist f\u00fcr diejenigen gedacht, die eine best\u00e4ndige w\u00f6chentliche Praxis durch regelm\u00e4\u00dfige Gruppenkurse und fortlaufende Anleitung aufbauen m\u00f6chten. Diese Mitgliedschaft ist ideal f\u00fcr Residenten, digitale Nomaden und Langzeitbesucher. Sie bietet Kontinuit\u00e4t \u00fcber die Drop-in-Sessions hinaus und unterst\u00fctzt einen tieferen, stabileren Yoga-Rhythmus.<\/p>\n<p data-start=\"888\" data-end=\"1065\">Innerhalb unserer <a href=\"https:\/\/www.inspirealtea.com\/de\/yoga-in-altea-ein-neues-phanomen-am-mittelmeer\/\">Yoga-Angebot in Altea<\/a>, Diese Mitgliedschaft bietet Struktur und Progression und erm\u00f6glicht es Ihnen, von einer spontanen Teilnahme zu einer nachhaltigen und unterst\u00fctzenden Praxis \u00fcberzugehen.<\/p>\n<h2 data-start=\"888\" data-end=\"1065\">Yoga-Kurse, die man einfach besuchen kann, bieten Flexibilit\u00e4t, w\u00e4hrend eine Mitgliedschaft dies unterst\u00fctzt:<\/h2>\n<p data-start=\"888\" data-end=\"1065\">- Koh\u00e4renz in der Praxis<br \/>\n- Tiefgreifende k\u00f6rperliche und geistige Vorteile<br \/>\n- Verbindung zur Gemeinschaft<br \/>\n- Langfristiges Wohlergehen<\/p>\n<p>Es ist die ideale Option f\u00fcr diejenigen, die in Altea leben oder sich f\u00fcr l\u00e4ngere Zeit dort aufhalten.<\/p>\n<h3 data-start=\"2611\" data-end=\"2633\">Optionen f\u00fcr die Mitgliedschaft<\/h3>\n<p>Mondpfad - 1 Klasse pro Woche<br data-start=\"1131\" data-end=\"1134\" \/>Inneres Feuer - 2 Kurse pro Woche<br data-start=\"1165\" data-end=\"1168\" \/>Solar Devotion - 3 Klassen pro Woche<\/p>\n<p data-start=\"1207\" data-end=\"1231\"><strong>Alle Mitgliedschaften beinhalten:<\/strong><\/p>\n<ul>\n<li data-start=\"1233\" data-end=\"1275\">Kostenlose Yogakonsultation mit Sergi Dhariya<\/li>\n<li data-start=\"1277\" data-end=\"1309\">Die 3-Monats-Mitgliedschaft beinhaltet:<\/li>\n<li data-start=\"1311\" data-end=\"1366\">1 <a href=\"https:\/\/www.inspirealtea.com\/de\/erfahrungen\/yoga-privatunterricht-altea\/\">Privater Yoga-Unterricht<\/a> zur Unterst\u00fctzung Ihrer pers\u00f6nlichen Entwicklung<\/li>\n<\/ul>\n<p data-start=\"1368\" data-end=\"1399\"><strong>Die 1-Jahres-Mitgliedschaft beinhaltet:<\/strong><\/p>\n<ul>\n<li data-start=\"1401\" data-end=\"1469\">1 private Yogastunde pro Monat f\u00fcr tiefere Ausrichtung und Anleitung<\/li>\n<\/ul>\n<p data-start=\"1471\" data-end=\"1745\">Diese Mitgliedschaft erg\u00e4nzt das breitere Inspire <a href=\"https:\/\/www.inspirealtea.com\/de\/yoga-in-altea\/\">Yoga-Erfahrung in Altea<\/a> indem es Kontinuit\u00e4t \u00fcber einzelne Sitzungen hinaus bietet. Es ist ideal f\u00fcr Einwohner, digitale Nomaden und Langzeitbesucher, die Yoga nicht nur gelegentlich erleben, sondern in ihren Lebensstil integrieren m\u00f6chten.<\/p>\n<p data-start=\"1747\" data-end=\"1951\">Wenn Sie neu in unserem Raum sind, m\u00f6chten Sie vielleicht mit einer <a href=\"https:\/\/www.inspirealtea.com\/de\/erfahrungen\/gruppe-yogaunterricht-altea\/\">Yoga-Schnupperkurs in Altea<\/a>.<\/p>\n<p data-start=\"1747\" data-end=\"1951\">Wenn Sie bereit sind, einen festen Rhythmus zu finden, unterst\u00fctzt diese Mitgliedschaft Ihren Weg mit Best\u00e4ndigkeit und Anleitung.<\/p>\n<p data-start=\"1747\" data-end=\"1951\">Die Mitgliedschaft ist ein einmalig zu bezahlender Ausweis. Der Zugang beginnt mit dem ersten besuchten Kurs und ist f\u00fcr die gew\u00e4hlte Dauer g\u00fcltig.<\/p>","protected":false},"excerpt":{"rendered":"<div class=\"w-full my-4\">\n<div class=\"\">\n<div class=\"relative\">\n<div class=\"h-full min-h-0 min-w-0\">\n<div class=\"h-full min-h-0 min-w-0\">\n<div class=\"border corner-superellipse\/1.1 border-token-border-light bg-token-bg-elevated-secondary rounded-3xl\">\n<div class=\"corner-superellipse\/1.1 rounded-3xl bg-token-bg-elevated-secondary\">\n<div class=\"relative z-0 flex max-w-full\">\n<div id=\"code-block-viewer\" class=\"q9tKkq_viewer cm-editor z-10 light:cm-light dark:cm-light flex h-full w-full flex-col items-stretch \u037c5 \u037cj\" dir=\"ltr\">\n<div class=\"cm-scroller\">\n<div class=\"cm-content q9tKkq_readonly\">Weekly yoga membership in Altea for residents, digital nomads and long-stay visitors seeking consistency and deeper practice.<\/div>\n<\/div>\n<\/div>\n<\/div>\n<\/div>\n<\/div>\n<\/div>\n<\/div>\n<\/div>\n<\/div>\n<\/div>\n<p data-start=\"384\" data-end=\"448\">Regular yoga practice in Altea for body, mind and inner balance.<\/p>\n<p data-start=\"450\" data-end=\"548\">Choose your rhythm with 1, 2 or 3 classes per week through monthly, 3-month or yearly memberships.<\/p>\n<p data-start=\"550\" data-end=\"619\">All memberships include a free Yogic Consultation with Sergi Dhariya.<\/p>\n<p data-start=\"621\" data-end=\"730\">3-Month Membership includes 1 Private Yoga Class.<br data-start=\"670\" data-end=\"673\" \/>1-Year Membership includes 1 Private Session every month.<\/p>\n<p data-start=\"360\" data-end=\"431\">Access is valid for the selected duration from the date of first class.<\/p>","protected":false},"featured_media":1138,"comment_status":"open","ping_status":"closed","template":"","meta":{"nf_dc_page":"","om_disable_all_campaigns":false,"_monsterinsights_skip_tracking":false,"_monsterinsights_sitenote_active":false,"_monsterinsights_sitenote_note":"","_monsterinsights_sitenote_category":0,"_uf_show_specific_survey":0,"_uf_disable_surveys":false,"jetpack_post_was_ever_published":false,"jetpack_publicize_message":"","jetpack_publicize_feature_enabled":true,"jetpack_social_post_already_shared":true,"jetpack_social_options":{"image_generator_settings":{"template":"highway","default_image_id":0,"font":"","enabled":false},"version":2}},"product_brand":[35],"product_cat":[24,22,325],"product_tag":[329,330,341,340,342,31,332,335,337,339,331,338,328,327,326,333,334,336],"class_list":{"0":"post-1126","1":"product","2":"type-product","3":"status-publish","4":"has-post-thumbnail","6":"product_brand-inspire-altea","7":"product_cat-wellbeing-experiences","8":"product_cat-yoga-classes","9":"product_cat-yoga-memberships","10":"product_tag-altea-yoga","11":"product_tag-costa-blanca-yoga","12":"product_tag-digital-nomads-altea","13":"product_tag-hatha-yoga","14":"product_tag-long-stay-altea","15":"product_tag-mindful-movement","16":"product_tag-monthly-yoga-pass","17":"product_tag-private-yoga-session","18":"product_tag-sergi-dhariya","19":"product_tag-vinyasa-yoga","20":"product_tag-weekly-yoga","21":"product_tag-wellbeing-altea","22":"product_tag-yoga-classes-altea","23":"product_tag-yoga-in-altea","24":"product_tag-yoga-membership","25":"product_tag-yoga-pass","26":"product_tag-yoga-program","27":"product_tag-yogic-consultation","29":"first","30":"instock","31":"shipping-taxable","32":"purchasable","33":"product-type-variable"},"yoast_head":"<!-- This site is optimized with the Yoast SEO Premium plugin v27.3 (Yoast SEO v27.4) - https:\/\/yoast.com\/product\/yoast-seo-premium-wordpress\/ -->\n<title>Yoga Membership in Altea | Weekly &amp; Long-Stay Yoga Classes<\/title>\n<meta name=\"description\" content=\"Join a weekly yoga membership in Altea with consistent classes and guided practice. Ideal for residents, digital nomads and long-stay visitors.\" \/>\n<meta name=\"robots\" content=\"index, follow, max-snippet:-1, max-image-preview:large, max-video-preview:-1\" \/>\n<link rel=\"canonical\" href=\"https:\/\/www.inspirealtea.com\/de\/erfahrungen\/yoga-mitgliedschaft-altea\/\" \/>\n<meta property=\"og:locale\" content=\"de_DE\" \/>\n<meta property=\"og:type\" content=\"article\" \/>\n<meta property=\"og:title\" content=\"Weekly Yoga Membership in Altea\" \/>\n<meta property=\"og:description\" content=\"Weekly yoga membership in Altea for residents, digital nomads and long-stay visitors seeking consistency and deeper practice. Regular yoga practice in Altea for body and mind.\" \/>\n<meta property=\"og:url\" content=\"https:\/\/www.inspirealtea.com\/de\/erfahrungen\/yoga-mitgliedschaft-altea\/\" \/>\n<meta property=\"og:site_name\" content=\"Yoga, Ayurveda and Hiking | Inspire Altea\" \/>\n<meta property=\"article:publisher\" content=\"https:\/\/www.facebook.com\/yogaayurveda.altea\" \/>\n<meta property=\"article:modified_time\" content=\"2026-04-02T13:32:44+00:00\" \/>\n<meta property=\"og:image\" content=\"https:\/\/www.inspirealtea.com\/wp-content\/uploads\/2026\/02\/moon-path-yoga-membership-altea.webp\" \/>\n\t<meta property=\"og:image:width\" content=\"1024\" \/>\n\t<meta property=\"og:image:height\" content=\"1536\" \/>\n\t<meta property=\"og:image:type\" content=\"image\/webp\" \/>\n<meta name=\"twitter:card\" content=\"summary_large_image\" \/>\n<meta name=\"twitter:label1\" content=\"Gesch\u00e4tzte Lesezeit\" \/>\n\t<meta name=\"twitter:data1\" content=\"2\u00a0Minuten\" \/>\n<!-- \/ Yoast SEO Premium plugin. -->","yoast_head_json":{"title":"Yoga-Mitgliedschaft in Altea | W\u00f6chentlicher Yoga-Unterricht &amp; Langzeitaufenthalt","description":"Schlie\u00dfen Sie sich einer w\u00f6chentlichen Yogamitgliedschaft in Altea an, mit regelm\u00e4\u00dfigen Kursen und angeleiteter Praxis. Ideal f\u00fcr Residenten, digitale Nomaden und Besucher, die lange bleiben.","robots":{"index":"index","follow":"follow","max-snippet":"max-snippet:-1","max-image-preview":"max-image-preview:large","max-video-preview":"max-video-preview:-1"},"canonical":"https:\/\/www.inspirealtea.com\/de\/erfahrungen\/yoga-mitgliedschaft-altea\/","og_locale":"de_DE","og_type":"article","og_title":"Weekly Yoga Membership in Altea","og_description":"Weekly yoga membership in Altea for residents, digital nomads and long-stay visitors seeking consistency and deeper practice. Regular yoga practice in Altea for body and mind.","og_url":"https:\/\/www.inspirealtea.com\/de\/erfahrungen\/yoga-mitgliedschaft-altea\/","og_site_name":"Yoga, Ayurveda and Hiking | Inspire Altea","article_publisher":"https:\/\/www.facebook.com\/yogaayurveda.altea","article_modified_time":"2026-04-02T13:32:44+00:00","og_image":[{"width":1024,"height":1536,"url":"https:\/\/www.inspirealtea.com\/wp-content\/uploads\/2026\/02\/moon-path-yoga-membership-altea.webp","type":"image\/webp"}],"twitter_card":"summary_large_image","twitter_misc":{"Gesch\u00e4tzte Lesezeit":"2\u00a0Minuten"},"schema":{"@context":"https:\/\/schema.org","@graph":[{"@type":"WebPage","@id":"https:\/\/www.inspirealtea.com\/experiences\/yoga-membership-altea\/","url":"https:\/\/www.inspirealtea.com\/experiences\/yoga-membership-altea\/","name":"Yoga-Mitgliedschaft in Altea | W\u00f6chentlicher Yoga-Unterricht &amp; Langzeitaufenthalt","isPartOf":{"@id":"https:\/\/www.inspirealtea.com\/#website"},"primaryImageOfPage":{"@id":"https:\/\/www.inspirealtea.com\/experiences\/yoga-membership-altea\/#primaryimage"},"image":{"@id":"https:\/\/www.inspirealtea.com\/experiences\/yoga-membership-altea\/#primaryimage"},"thumbnailUrl":"https:\/\/i0.wp.com\/www.inspirealtea.com\/wp-content\/uploads\/2026\/02\/moon-path-yoga-membership-altea.webp?fit=1024%2C1536&ssl=1","datePublished":"2026-02-22T12:03:30+00:00","dateModified":"2026-04-02T13:32:44+00:00","description":"Schlie\u00dfen Sie sich einer w\u00f6chentlichen Yogamitgliedschaft in Altea an, mit regelm\u00e4\u00dfigen Kursen und angeleiteter Praxis. Ideal f\u00fcr Residenten, digitale Nomaden und Besucher, die lange bleiben.","breadcrumb":{"@id":"https:\/\/www.inspirealtea.com\/experiences\/yoga-membership-altea\/#breadcrumb"},"inLanguage":"de","potentialAction":[{"@type":"ReadAction","target":["https:\/\/www.inspirealtea.com\/experiences\/yoga-membership-altea\/"]}]},{"@type":"ImageObject","inLanguage":"de","@id":"https:\/\/www.inspirealtea.com\/experiences\/yoga-membership-altea\/#primaryimage","url":"https:\/\/i0.wp.com\/www.inspirealtea.com\/wp-content\/uploads\/2026\/02\/moon-path-yoga-membership-altea.webp?fit=1024%2C1536&ssl=1","contentUrl":"https:\/\/i0.wp.com\/www.inspirealtea.com\/wp-content\/uploads\/2026\/02\/moon-path-yoga-membership-altea.webp?fit=1024%2C1536&ssl=1","width":1024,"height":1536,"caption":"A steady path of practice by the sea."},{"@type":"BreadcrumbList","@id":"https:\/\/www.inspirealtea.com\/experiences\/yoga-membership-altea\/#breadcrumb","itemListElement":[{"@type":"ListItem","position":1,"name":"Home","item":"https:\/\/www.inspirealtea.com\/"},{"@type":"ListItem","position":2,"name":"Experiences","item":"https:\/\/www.inspirealtea.com\/experiences\/"},{"@type":"ListItem","position":3,"name":"Wellbeing experiences","item":"https:\/\/www.inspirealtea.com\/product-category\/wellbeing-experiences\/"},{"@type":"ListItem","position":4,"name":"Yoga Classes","item":"https:\/\/www.inspirealtea.com\/product-category\/wellbeing-experiences\/yoga-classes\/"},{"@type":"ListItem","position":5,"name":"Yoga Memberships","item":"https:\/\/www.inspirealtea.com\/product-category\/wellbeing-experiences\/yoga-classes\/yoga-memberships\/"},{"@type":"ListItem","position":6,"name":"Weekly Yoga Membership in Altea"}]},{"@type":"WebSite","@id":"https:\/\/www.inspirealtea.com\/#website","url":"https:\/\/www.inspirealtea.com\/","name":"Yoga, Ayurveda &amp; Wandern | Inspire Altea","description":"Entdecke dich selbst durch Yoga, Ayurveda und Wandern in Altea, Alicante \u2013 ein Refugium f\u00fcr Wohlbefinden am Mittelmeer.","publisher":{"@id":"https:\/\/www.inspirealtea.com\/#organization"},"alternateName":"Inspire Altea \u2013 Yoga, Ayurveda & Hiking","potentialAction":[{"@type":"SearchAction","target":{"@type":"EntryPoint","urlTemplate":"https:\/\/www.inspirealtea.com\/?s={search_term_string}"},"query-input":{"@type":"PropertyValueSpecification","valueRequired":true,"valueName":"search_term_string"}}],"inLanguage":"de"},{"@type":"Organization","@id":"https:\/\/www.inspirealtea.com\/#organization","name":"Yoga, Ayurveda und Wandern | Inspire Altea","alternateName":"IA Yoga Ayurveda Hike","url":"https:\/\/www.inspirealtea.com\/","logo":{"@type":"ImageObject","inLanguage":"de","@id":"https:\/\/www.inspirealtea.com\/#\/schema\/logo\/image\/","url":"https:\/\/i0.wp.com\/www.inspirealtea.com\/wp-content\/uploads\/2025\/10\/Logo-Inspire-Altea.png?fit=1024%2C1024&ssl=1","contentUrl":"https:\/\/i0.wp.com\/www.inspirealtea.com\/wp-content\/uploads\/2025\/10\/Logo-Inspire-Altea.png?fit=1024%2C1024&ssl=1","width":1024,"height":1024,"caption":"Yoga, Ayurveda and Hiking | Inspire Altea"},"image":{"@id":"https:\/\/www.inspirealtea.com\/#\/schema\/logo\/image\/"},"sameAs":["https:\/\/www.facebook.com\/yogaayurveda.altea","https:\/\/www.instagram.com\/inspirealtea\/","https:\/\/www.linkedin.com\/in\/sergio-cisneros-galea","https:\/\/www.youtube.com\/@inspirealtea","https:\/\/gravatar.com\/sergiocisnerosgalea"],"description":"Discover holistic wellbeing experiences in Altea that connect body, mind, and nature. From yoga and Ayurveda to guided hiking and personalized retreats \u2014 all designed to help you restore balance, vitality, and inner peace.","email":"inspirealtea@gmail.com","telephone":"+33 6 07 42 58 97","legalName":"Sergio Cisneros Galea","foundingDate":"2019-11-11","numberOfEmployees":{"@type":"QuantitativeValue","minValue":"1","maxValue":"10"},"publishingPrinciples":"https:\/\/www.inspirealtea.com\/who-i-am\/"}]}},"jetpack_publicize_connections":[],"jetpack_sharing_enabled":true,"_links":{"self":[{"href":"https:\/\/www.inspirealtea.com\/de\/wp-json\/wp\/v2\/product\/1126","targetHints":{"allow":["GET"]}}],"collection":[{"href":"https:\/\/www.inspirealtea.com\/de\/wp-json\/wp\/v2\/product"}],"about":[{"href":"https:\/\/www.inspirealtea.com\/de\/wp-json\/wp\/v2\/types\/product"}],"replies":[{"embeddable":true,"href":"https:\/\/www.inspirealtea.com\/de\/wp-json\/wp\/v2\/comments?post=1126"}],"wp:featuredmedia":[{"embeddable":true,"href":"https:\/\/www.inspirealtea.com\/de\/wp-json\/wp\/v2\/media\/1138"}],"wp:attachment":[{"href":"https:\/\/www.inspirealtea.com\/de\/wp-json\/wp\/v2\/media?parent=1126"}],"wp:term":[{"taxonomy":"product_brand","embeddable":true,"href":"https:\/\/www.inspirealtea.com\/de\/wp-json\/wp\/v2\/product_brand?post=1126"},{"taxonomy":"product_cat","embeddable":true,"href":"https:\/\/www.inspirealtea.com\/de\/wp-json\/wp\/v2\/product_cat?post=1126"},{"taxonomy":"product_tag","embeddable":true,"href":"https:\/\/www.inspirealtea.com\/de\/wp-json\/wp\/v2\/product_tag?post=1126"}],"curies":[{"name":"wp","href":"https:\/\/api.w.org\/{rel}","templated":true}]}}