{"id":19,"date":"2025-10-20T14:02:54","date_gmt":"2025-10-20T14:02:54","guid":{"rendered":"https:\/\/exa.upa.mybluehost.me\/contact\/"},"modified":"2026-04-01T10:17:27","modified_gmt":"2026-04-01T09:17:27","slug":"kontakt","status":"publish","type":"page","link":"https:\/\/www.inspirealtea.com\/de\/contact\/","title":{"rendered":"Kontakt"},"content":{"rendered":"<div class=\"nfd-wb-hero__hero-8 is-style-nfd-theme-white wp-block-group alignwide is-layout-flow wp-block-group-is-layout-flow\">\n<div class=\"nfd-container nfd-p-lg nfd-rounded-xl is-style-default wp-block-cover\"><img data-recalc-dims=\"1\" decoding=\"async\" width=\"768\" height=\"1024\" loading=\"lazy\" class=\"wp-block-cover__image-background wp-image-743 size-large\" alt=\"Kontakt Inspire Altea - Yoga, Ayurveda &amp; Wandern an der Costa Blanca, Spanien\" src=\"https:\/\/i0.wp.com\/www.inspirealtea.com\/wp-content\/uploads\/2025\/10\/pexels-photo-34513309.webp?resize=768%2C1024&#038;ssl=1\" data-object-fit=\"cover\" srcset=\"https:\/\/i0.wp.com\/www.inspirealtea.com\/wp-content\/uploads\/2025\/10\/pexels-photo-34513309.webp?resize=768%2C1024&amp;ssl=1 768w, https:\/\/i0.wp.com\/www.inspirealtea.com\/wp-content\/uploads\/2025\/10\/pexels-photo-34513309.webp?resize=225%2C300&amp;ssl=1 225w, https:\/\/i0.wp.com\/www.inspirealtea.com\/wp-content\/uploads\/2025\/10\/pexels-photo-34513309.webp?resize=600%2C800&amp;ssl=1 600w, https:\/\/i0.wp.com\/www.inspirealtea.com\/wp-content\/uploads\/2025\/10\/pexels-photo-34513309.webp?w=975&amp;ssl=1 975w\" sizes=\"auto, (max-width: 768px) 100vw, 768px\" \/><span aria-hidden=\"true\" class=\"wp-block-cover__background has-accent-2-background-color has-background-dim-100 has-background-dim\"><\/span><div class=\"wp-block-cover__inner-container has-global-padding is-layout-constrained wp-block-cover-is-layout-constrained\">\n<div class=\"nfd-bg-surface nfd-theme-darker is-style-nfd-theme-darker wp-block-group has-background is-vertical is-layout-flex wp-container-core-group-is-layout-7b9189e0 wp-block-group-is-layout-flex\" style=\"background-color:#00000000;padding-top:0;padding-right:0;padding-bottom:0;padding-left:0\">\n<div class=\"nfd-gap-4xl nfd-gap-y-3xl wp-block-columns are-vertically-aligned-center is-layout-flex wp-container-core-columns-is-layout-28f84493 wp-block-columns-is-layout-flex\">\n<div class=\"wp-block-column is-vertically-aligned-center is-layout-flow wp-block-column-is-layout-flow\">\n<div class=\"nfd-text-md nfd-gap-xl wp-block-group is-vertical is-content-justification-left is-layout-flex wp-container-core-group-is-layout-dd225191 wp-block-group-is-layout-flex\">\n<div class=\"wp-block-group is-nowrap is-layout-flex wp-container-core-group-is-layout-6c531013 wp-block-group-is-layout-flex\">\n<div class=\"nfd-rounded-full nfd-bg-subtle is-style-default wp-block-group has-accent-6-background-color has-background has-global-padding is-layout-constrained wp-container-core-group-is-layout-c4486197 wp-block-group-is-layout-constrained\" style=\"padding-top:6px;padding-right:16px;padding-bottom:6px;padding-left:16px\">\n<p class=\"nfd-text-sm has-accent-2-color has-text-color has-link-color wp-elements-d3eea4d242e855dbc92f319ea19bbebd\" style=\"font-style:normal;font-weight:600;text-transform:uppercase\">Verbinden wir uns<\/p>\n<\/div>\n<\/div>\n\n\n\n<h1 class=\"nfd-text-huge nfd-text-contrast nfd-text-balance wp-block-heading has-text-align-left has-base-color has-text-color has-link-color wp-elements-c7a9b1b2b4c7f1998206ba0b91663705\" id=\"h-contact-inspire-altea\">Kontakt zu Inspire Altea<\/h1>\n\n\n\n<p class=\"nfd-text-balance nfd-text-faded has-text-align-left has-base-color has-text-color has-link-color has-large-font-size wp-elements-642deb67eb27a6254dde97ca1b2aaace\"><strong>Erkunde dich selbst in Altea \u2013 wo Yoga, Ayurveda und achtsame Wanderungen aufeinandertreffen.<\/strong><\/p>\n\n\n\n<div style=\"height:0px\" aria-hidden=\"true\" class=\"wp-block-spacer wp-container-content-9760934e\"><\/div>\n\n\n\n<div class=\"wp-block-jetpack-send-a-message\">\n<div class=\"wp-block-jetpack-whatsapp-button is-color-dark\"><a class=\"whatsapp-block__button\" href=\"https:\/\/api.whatsapp.com\/send?phone=33607425897\" style=\"background-color:#25D366;color:#fff\" target=\"_blank\" rel=\"noopener noreferrer\">Chatten auf WhatsApp<\/a><\/div>\n<\/div>\n<\/div>\n<\/div>\n<\/div>\n<\/div>\n<\/div><\/div>\n<\/div>\n\n\n\n<div style=\"height:31px\" aria-hidden=\"true\" class=\"wp-block-spacer\"><\/div>\n\n\n\n<div class=\"nfd-container nfd-text-md nfd-wb-text__text-1 is-style-nfd-theme-primary-15 wp-block-group has-base-background-color has-background has-global-padding is-layout-constrained wp-block-group-is-layout-constrained\">\n<div class=\"nfd-max-w-prose wp-block-group is-vertical is-content-justification-left is-layout-flex wp-container-core-group-is-layout-dd225191 wp-block-group-is-layout-flex\">\n<h2 class=\"nfd-text-xl nfd-text-balance wp-block-heading has-border-color has-base-border-color\" id=\"h-we-re-happy-you-found-your-way-here\" style=\"border-width:18px;font-style:normal;font-weight:600\">Wir freuen uns, dass Sie den Weg hierher gefunden haben<\/h2>\n\n\n\n<p class=\"has-drop-cap\">Vielen Dank f\u00fcr <strong>Kontakt zu Inspire Altea<\/strong>.<br>Ob Sie nun neugierig sind auf unsere <strong><a href=\"https:\/\/www.inspirealtea.com\/de\/yoga-in-altea\/\" type=\"page\" id=\"69\">Yoga<\/a> Sitzungen<\/strong>, <strong>Ayurvedisch <a href=\"https:\/\/www.inspirealtea.com\/de\/ayurveda-in-altea\/\" type=\"page\" id=\"249\">Therapien<\/a><\/strong>, oder <strong>Achtsamkeit <a href=\"https:\/\/www.inspirealtea.com\/de\/wandern-in-alicante\/\" type=\"page\" id=\"492\">Wandern<\/a> Erlebnisse<\/strong> \u00fcber die <strong>Costa Blanca<\/strong>, dann w\u00fcrden wir uns freuen, von Ihnen zu h\u00f6ren. Unser Team ist hier, um Sie zu Gleichgewicht, Verbindung und Wohlbefinden im Herzen von Altea, Spanien, zu f\u00fchren.<\/p>\n\n\n\n<p class=\"\">Unter <strong>Inspirieren Altea<\/strong>, Wir glauben, dass Natur und Achtsamkeit Hand in Hand gehen. Unsere ganzheitlichen Dienstleistungen kombinieren die erdende Kraft von<strong> Yoga<\/strong>, die heilende Weisheit der <strong>Ayurveda<\/strong>, und die verj\u00fcngende Energie von <strong>Wandern<\/strong> durch die mediterrane Landschaft der Costa Blanca. Jeder Service ist darauf ausgerichtet, Ihnen zu helfen, wieder zu sich selbst zu finden, w\u00e4hrend Sie die ruhige Sch\u00f6nheit des Meeres und der Berge von Altea erkunden.<\/p>\n\n\n\n<p class=\"\">Wenn Sie mehr \u00fcber Yogasitzungen, personalisierte Wohlf\u00fchlprogramme oder unsere Gemeinschaftsaktivit\u00e4ten in der Natur erfahren m\u00f6chten, z\u00f6gern Sie nicht, uns zu kontaktieren. Sie k\u00f6nnen uns eine Nachricht \u00fcber das untenstehende Kontaktformular senden oder direkt schreiben an <strong><a href=\"\/de\/inspirealtea@gmail.com\/\" target=\"_blank\" rel=\"noreferrer noopener\">inspirealtea@gmail.com<\/a><\/strong>. Wir antworten in der Regel innerhalb von 24 Stunden und helfen Ihnen gerne, die richtige Erfahrung f\u00fcr Ihre Bed\u00fcrfnisse zu finden.<\/p>\n\n\n\n<p class=\"\">Wir laden Sie auch dazu ein, unsere neuesten <strong><a href=\"https:\/\/www.inspirealtea.com\/de\/product-category\/wohlfuhlerlebnisse\/\" target=\"_blank\" rel=\"noreferrer noopener\">Erlebnisse<\/a><\/strong>, wo Sie Ihren n\u00e4chsten Moment f\u00fcr sich, zu zweit oder f\u00fcr gesch\u00e4ftliche Anl\u00e4sse in mediterraner Gelassenheit achtsam ausw\u00e4hlen k\u00f6nnen.<\/p>\n\n\n\n<p class=\"\">Um mehr \u00fcber Altea und die Region Costa Blanca zu erfahren, besuchen Sie die offizielle Tourismus-Website: <strong><a href=\"https:\/\/www.visitaltea.es\/altea\/web_php\/index.php?lang=1\" target=\"_blank\" rel=\"noreferrer noopener\">Besuchen Sie Altea<\/a><\/strong> - Es ist eine wunderbare Quelle, um sich vor oder nach Ihrem Aufenthalt bei uns inspirieren zu lassen.<\/p>\n\n\n\n<p class=\"has-drop-cap\">Unter <strong>Inspirieren Altea<\/strong>, Jede Reise beginnt mit einem einfachen Schritt - einer Nachricht, einem Moment der Neugierde, dem Wunsch, sich wieder zu verbinden. Wir freuen uns darauf, von Ihnen zu h\u00f6ren und Sie bald in unserer Gemeinschaft f\u00fcr Wohlbefinden, Bewusstsein und Natur willkommen zu hei\u00dfen.<\/p>\n\n\n\n<p class=\"has-border-color has-base-border-color\" style=\"border-width:10px\">Sergio hilft Ihnen gerne bei der Planung Ihrer n\u00e4chsten <strong><a href=\"https:\/\/www.inspirealtea.com\/de\/erfahrungen\/\" type=\"page\" id=\"6\">Wohlbefinden erleben<\/a> in Altea<\/strong>, wo das Mittelmeer auf achtsames Leben trifft.<\/p>\n<\/div>\n<\/div>\n\n\n\n<div class=\"wp-block-gmap-gmap-block gmap-block-r3o6gxhe\"><iframe src=\"https:\/\/maps.google.com\/maps?q=inspire+altea&amp;z=8&amp;t=h&amp;output=embed\" class=\"embd-map\" title=\"altea inspirieren\"><\/iframe><\/div>\n\n\n\n<div class=\"nfd-container nfd-text-md nfd-wb-text__text-1 is-style-default wp-block-group has-global-padding is-layout-constrained wp-block-group-is-layout-constrained\">\n<div class=\"nfd-max-w-prose wp-block-group is-vertical is-content-justification-left is-layout-flex wp-container-core-group-is-layout-dd225191 wp-block-group-is-layout-flex\">\n<h2 class=\"nfd-text-xl nfd-text-balance wp-block-heading has-border-color has-base-border-color\" id=\"h-stay-connected\" style=\"border-width:18px;font-style:normal;font-weight:600\">Verbunden bleiben<\/h2>\n\n\n\n<p class=\"has-drop-cap\">Folgen Sie Inspire Altea f\u00fcr Yoga-Erkundungen, ayurvedische Erkenntnisse und Wanderinspirationen an der Costa Blanca.<\/p>\n<\/div>\n<\/div>\n\n\n\n<div class=\"wp-block-group has-global-padding is-layout-constrained wp-block-group-is-layout-constrained\"><div style=\"padding-right:0;padding-left:0;padding-top:0;padding-bottom:0;margin-right:var(--wp--preset--spacing--80);margin-left:var(--wp--preset--spacing--80);\" class=\"aligncenter wp-block-avatar\"><a href=\"https:\/\/www.inspirealtea.com\/de\/author\/sergio\/\" target=\"_blank\" aria-label=\"(Autoren-Archiv von Sergio Cisneros Galea, wird in einem neuen Tab ge\u00f6ffnet)\" class=\"wp-block-avatar__link\"><img loading=\"lazy\" alt='Avatar von Sergio Cisneros Galea' src='https:\/\/secure.gravatar.com\/avatar\/72e5c7985a9646976d7745f0e7a0ff6cd45f1b3e75497ffc7361970096c61e04?s=171&#038;d=mm&#038;r=g' srcset='https:\/\/secure.gravatar.com\/avatar\/72e5c7985a9646976d7745f0e7a0ff6cd45f1b3e75497ffc7361970096c61e04?s=342&#038;d=mm&#038;r=g 2x' class='avatar avatar-171 photo wp-block-avatar__image' height='171' width='171'  style=\"border-radius:100px;\"\/><\/a><\/div>\n\n\n<ul class=\"is-style-default wp-block-social-links is-content-justification-center is-layout-flex wp-container-core-social-links-is-layout-a89b3969 wp-block-social-links-is-layout-flex\"><li class=\"wp-social-link wp-social-link-instagram  wp-block-social-link\"><a rel=\"noopener nofollow\" target=\"_blank\" href=\"https:\/\/www.instagram.com\/inspirealtea\/\" class=\"wp-block-social-link-anchor\"><svg width=\"24\" height=\"24\" viewbox=\"0 0 24 24\" version=\"1.1\" xmlns=\"http:\/\/www.w3.org\/2000\/svg\" aria-hidden=\"true\" focusable=\"false\"><path d=\"M12,4.622c2.403,0,2.688,0.009,3.637,0.052c0.877,0.04,1.354,0.187,1.671,0.31c0.42,0.163,0.72,0.358,1.035,0.673 c0.315,0.315,0.51,0.615,0.673,1.035c0.123,0.317,0.27,0.794,0.31,1.671c0.043,0.949,0.052,1.234,0.052,3.637 s-0.009,2.688-0.052,3.637c-0.04,0.877-0.187,1.354-0.31,1.671c-0.163,0.42-0.358,0.72-0.673,1.035 c-0.315,0.315-0.615,0.51-1.035,0.673c-0.317,0.123-0.794,0.27-1.671,0.31c-0.949,0.043-1.233,0.052-3.637,0.052 s-2.688-0.009-3.637-0.052c-0.877-0.04-1.354-0.187-1.671-0.31c-0.42-0.163-0.72-0.358-1.035-0.673 c-0.315-0.315-0.51-0.615-0.673-1.035c-0.123-0.317-0.27-0.794-0.31-1.671C4.631,14.688,4.622,14.403,4.622,12 s0.009-2.688,0.052-3.637c0.04-0.877,0.187-1.354,0.31-1.671c0.163-0.42,0.358-0.72,0.673-1.035 c0.315-0.315,0.615-0.51,1.035-0.673c0.317-0.123,0.794-0.27,1.671-0.31C9.312,4.631,9.597,4.622,12,4.622 M12,3 C9.556,3,9.249,3.01,8.289,3.054C7.331,3.098,6.677,3.25,6.105,3.472C5.513,3.702,5.011,4.01,4.511,4.511 c-0.5,0.5-0.808,1.002-1.038,1.594C3.25,6.677,3.098,7.331,3.054,8.289C3.01,9.249,3,9.556,3,12c0,2.444,0.01,2.751,0.054,3.711 c0.044,0.958,0.196,1.612,0.418,2.185c0.23,0.592,0.538,1.094,1.038,1.594c0.5,0.5,1.002,0.808,1.594,1.038 c0.572,0.222,1.227,0.375,2.185,0.418C9.249,20.99,9.556,21,12,21s2.751-0.01,3.711-0.054c0.958-0.044,1.612-0.196,2.185-0.418 c0.592-0.23,1.094-0.538,1.594-1.038c0.5-0.5,0.808-1.002,1.038-1.594c0.222-0.572,0.375-1.227,0.418-2.185 C20.99,14.751,21,14.444,21,12s-0.01-2.751-0.054-3.711c-0.044-0.958-0.196-1.612-0.418-2.185c-0.23-0.592-0.538-1.094-1.038-1.594 c-0.5-0.5-1.002-0.808-1.594-1.038c-0.572-0.222-1.227-0.375-2.185-0.418C14.751,3.01,14.444,3,12,3L12,3z M12,7.378 c-2.552,0-4.622,2.069-4.622,4.622S9.448,16.622,12,16.622s4.622-2.069,4.622-4.622S14.552,7.378,12,7.378z M12,15 c-1.657,0-3-1.343-3-3s1.343-3,3-3s3,1.343,3,3S13.657,15,12,15z M16.804,6.116c-0.596,0-1.08,0.484-1.08,1.08 s0.484,1.08,1.08,1.08c0.596,0,1.08-0.484,1.08-1.08S17.401,6.116,16.804,6.116z\"><\/path><\/svg><span class=\"wp-block-social-link-label screen-reader-text\">Instagram<\/span><\/a><\/li>\n\n<li class=\"wp-social-link wp-social-link-facebook  wp-block-social-link\"><a rel=\"noopener nofollow\" target=\"_blank\" href=\"https:\/\/www.facebook.com\/inspirealtea\" class=\"wp-block-social-link-anchor\"><svg width=\"24\" height=\"24\" viewbox=\"0 0 24 24\" version=\"1.1\" xmlns=\"http:\/\/www.w3.org\/2000\/svg\" aria-hidden=\"true\" focusable=\"false\"><path d=\"M12 2C6.5 2 2 6.5 2 12c0 5 3.7 9.1 8.4 9.9v-7H7.9V12h2.5V9.8c0-2.5 1.5-3.9 3.8-3.9 1.1 0 2.2.2 2.2.2v2.5h-1.3c-1.2 0-1.6.8-1.6 1.6V12h2.8l-.4 2.9h-2.3v7C18.3 21.1 22 17 22 12c0-5.5-4.5-10-10-10z\"><\/path><\/svg><span class=\"wp-block-social-link-label screen-reader-text\">Facebook<\/span><\/a><\/li>\n\n<li class=\"wp-social-link wp-social-link-youtube  wp-block-social-link\"><a rel=\"noopener nofollow\" target=\"_blank\" href=\"https:\/\/www.youtube.com\/@inspirealtea\" class=\"wp-block-social-link-anchor\"><svg width=\"24\" height=\"24\" viewbox=\"0 0 24 24\" version=\"1.1\" xmlns=\"http:\/\/www.w3.org\/2000\/svg\" aria-hidden=\"true\" focusable=\"false\"><path d=\"M21.8,8.001c0,0-0.195-1.378-0.795-1.985c-0.76-0.797-1.613-0.801-2.004-0.847c-2.799-0.202-6.997-0.202-6.997-0.202 h-0.009c0,0-4.198,0-6.997,0.202C4.608,5.216,3.756,5.22,2.995,6.016C2.395,6.623,2.2,8.001,2.2,8.001S2,9.62,2,11.238v1.517 c0,1.618,0.2,3.237,0.2,3.237s0.195,1.378,0.795,1.985c0.761,0.797,1.76,0.771,2.205,0.855c1.6,0.153,6.8,0.201,6.8,0.201 s4.203-0.006,7.001-0.209c0.391-0.047,1.243-0.051,2.004-0.847c0.6-0.607,0.795-1.985,0.795-1.985s0.2-1.618,0.2-3.237v-1.517 C22,9.62,21.8,8.001,21.8,8.001z M9.935,14.594l-0.001-5.62l5.404,2.82L9.935,14.594z\"><\/path><\/svg><span class=\"wp-block-social-link-label screen-reader-text\">YouTube<\/span><\/a><\/li><\/ul>\n<\/div>\n\n\n\n<blockquote class=\"wp-block-quote is-layout-flow wp-block-quote-is-layout-flow\">\n<blockquote class=\"wp-block-quote is-layout-flow wp-block-quote-is-layout-flow\">\n<p class=\"has-text-align-center\"><em>\ud83c\udf3f<\/em> <em>\u201cOm Lokah Samastah Sukhino Bhavantu\u201d<\/em><\/p>\n<\/blockquote>\n<\/blockquote>\n\n\n\n<div class=\"wp-block-jetpack-send-a-message\">\n<div class=\"wp-block-jetpack-whatsapp-button aligncenter is-color-dark\"><a class=\"whatsapp-block__button\" href=\"https:\/\/api.whatsapp.com\/send?phone=33607425897\" style=\"background-color:#465B64;color:#fff\" target=\"_blank\" rel=\"noopener noreferrer\">Chatten auf WhatsApp<\/a><\/div>\n<\/div>","protected":false},"excerpt":{"rendered":"<p>We\u2019re happy you found your way here Thank you for Contact Inspire Altea.Whether you\u2019re curious about our Yoga sessions, Ayurvedic therapies, or Mindful Hiking Experiences on the Costa Blanca, we\u2019d love to hear from you. Our team is here to guide you toward balance, connection, and well-being in the heart of Altea, Spain. At Inspire [&hellip;]<\/p>\n","protected":false},"author":1,"featured_media":40,"parent":0,"menu_order":0,"comment_status":"closed","ping_status":"closed","template":"page-no-title","meta":{"nf_dc_page":"contact","om_disable_all_campaigns":false,"_monsterinsights_skip_tracking":false,"_monsterinsights_sitenote_active":false,"_monsterinsights_sitenote_note":"","_monsterinsights_sitenote_category":0,"_uf_show_specific_survey":0,"_uf_disable_surveys":false,"jetpack_post_was_ever_published":false,"footnotes":""},"class_list":["post-19","page","type-page","status-publish","has-post-thumbnail","hentry"],"yoast_head":"<!-- This site is optimized with the Yoast SEO Premium plugin v27.3 (Yoast SEO v27.4) - https:\/\/yoast.com\/product\/yoast-seo-premium-wordpress\/ -->\n<title>Contact Inspire Altea | Yoga, Ayurveda &amp; Hiking<\/title>\n<meta name=\"description\" content=\"Contact Inspire Altea to learn more about our yoga sessions, ayurvedic therapies, and mindful hikes in Altea. Start your journey today !\" \/>\n<meta name=\"robots\" content=\"index, follow, max-snippet:-1, max-image-preview:large, max-video-preview:-1\" \/>\n<link rel=\"canonical\" href=\"https:\/\/www.inspirealtea.com\/de\/kontakt\/\" \/>\n<meta property=\"og:locale\" content=\"de_DE\" \/>\n<meta property=\"og:type\" content=\"article\" \/>\n<meta property=\"og:title\" content=\"Contact\" \/>\n<meta property=\"og:description\" content=\"Contact Inspire Altea to learn more about our yoga sessions, ayurvedic therapies, and mindful hikes in Altea. Start your journey today !\" \/>\n<meta property=\"og:url\" content=\"https:\/\/www.inspirealtea.com\/de\/kontakt\/\" \/>\n<meta property=\"og:site_name\" content=\"Yoga, Ayurveda and Hiking | Inspire Altea\" \/>\n<meta property=\"article:publisher\" content=\"https:\/\/www.facebook.com\/yogaayurveda.altea\" \/>\n<meta property=\"article:modified_time\" content=\"2026-04-01T09:17:27+00:00\" \/>\n<meta property=\"og:image\" content=\"https:\/\/www.inspirealtea.com\/wp-content\/uploads\/2025\/10\/Alicante-hikes.webp\" \/>\n\t<meta property=\"og:image:width\" content=\"1280\" \/>\n\t<meta property=\"og:image:height\" content=\"854\" \/>\n\t<meta property=\"og:image:type\" content=\"image\/webp\" \/>\n<meta name=\"twitter:card\" content=\"summary_large_image\" \/>\n<meta name=\"twitter:label1\" content=\"Gesch\u00e4tzte Lesezeit\" \/>\n\t<meta name=\"twitter:data1\" content=\"2\u00a0Minuten\" \/>\n<!-- \/ Yoast SEO Premium plugin. -->","yoast_head_json":{"title":"Kontakt Inspire Altea | Yoga, Ayurveda &amp; Wandern","description":"Kontaktieren Sie Inspire Altea, um mehr \u00fcber unsere Yoga-Sitzungen, ayurvedischen Therapien und achtsamen Wanderungen in Altea zu erfahren. Beginnen Sie Ihre Reise noch heute!","robots":{"index":"index","follow":"follow","max-snippet":"max-snippet:-1","max-image-preview":"max-image-preview:large","max-video-preview":"max-video-preview:-1"},"canonical":"https:\/\/www.inspirealtea.com\/de\/kontakt\/","og_locale":"de_DE","og_type":"article","og_title":"Contact","og_description":"Contact Inspire Altea to learn more about our yoga sessions, ayurvedic therapies, and mindful hikes in Altea. Start your journey today !","og_url":"https:\/\/www.inspirealtea.com\/de\/kontakt\/","og_site_name":"Yoga, Ayurveda and Hiking | Inspire Altea","article_publisher":"https:\/\/www.facebook.com\/yogaayurveda.altea","article_modified_time":"2026-04-01T09:17:27+00:00","og_image":[{"width":1280,"height":854,"url":"https:\/\/www.inspirealtea.com\/wp-content\/uploads\/2025\/10\/Alicante-hikes.webp","type":"image\/webp"}],"twitter_card":"summary_large_image","twitter_misc":{"Gesch\u00e4tzte Lesezeit":"2\u00a0Minuten"},"schema":{"@context":"https:\/\/schema.org","@graph":[{"@type":["WebPage","ContactPage"],"@id":"https:\/\/www.inspirealtea.com\/contact\/","url":"https:\/\/www.inspirealtea.com\/contact\/","name":"Kontakt Inspire Altea | Yoga, Ayurveda &amp; Wandern","isPartOf":{"@id":"https:\/\/www.inspirealtea.com\/#website"},"primaryImageOfPage":{"@id":"https:\/\/www.inspirealtea.com\/contact\/#primaryimage"},"image":{"@id":"https:\/\/www.inspirealtea.com\/contact\/#primaryimage"},"thumbnailUrl":"https:\/\/i0.wp.com\/www.inspirealtea.com\/wp-content\/uploads\/2025\/10\/Alicante-hikes.webp?fit=1280%2C854&ssl=1","datePublished":"2025-10-20T14:02:54+00:00","dateModified":"2026-04-01T09:17:27+00:00","description":"Kontaktieren Sie Inspire Altea, um mehr \u00fcber unsere Yoga-Sitzungen, ayurvedischen Therapien und achtsamen Wanderungen in Altea zu erfahren. Beginnen Sie Ihre Reise noch heute!","breadcrumb":{"@id":"https:\/\/www.inspirealtea.com\/contact\/#breadcrumb"},"inLanguage":"de","potentialAction":[{"@type":"ReadAction","target":["https:\/\/www.inspirealtea.com\/contact\/"]}]},{"@type":"ImageObject","inLanguage":"de","@id":"https:\/\/www.inspirealtea.com\/contact\/#primaryimage","url":"https:\/\/i0.wp.com\/www.inspirealtea.com\/wp-content\/uploads\/2025\/10\/Alicante-hikes.webp?fit=1280%2C854&ssl=1","contentUrl":"https:\/\/i0.wp.com\/www.inspirealtea.com\/wp-content\/uploads\/2025\/10\/Alicante-hikes.webp?fit=1280%2C854&ssl=1","width":1280,"height":854,"caption":"Scenic view of Altea\u2019s Mediterranean coastline with the old town and Sierra de Bernia in the background \u2014 a perfect destination for yoga, Ayurveda, and wellness experiences."},{"@type":"BreadcrumbList","@id":"https:\/\/www.inspirealtea.com\/contact\/#breadcrumb","itemListElement":[{"@type":"ListItem","position":1,"name":"Home","item":"https:\/\/www.inspirealtea.com\/"},{"@type":"ListItem","position":2,"name":"Contact"}]},{"@type":"WebSite","@id":"https:\/\/www.inspirealtea.com\/#website","url":"https:\/\/www.inspirealtea.com\/","name":"Yoga, Ayurveda &amp; Wandern | Inspire Altea","description":"Entdecke dich selbst durch Yoga, Ayurveda und Wandern in Altea, Alicante \u2013 ein Refugium f\u00fcr Wohlbefinden am Mittelmeer.","publisher":{"@id":"https:\/\/www.inspirealtea.com\/#organization"},"alternateName":"Inspire Altea \u2013 Yoga, Ayurveda & Hiking","potentialAction":[{"@type":"SearchAction","target":{"@type":"EntryPoint","urlTemplate":"https:\/\/www.inspirealtea.com\/?s={search_term_string}"},"query-input":{"@type":"PropertyValueSpecification","valueRequired":true,"valueName":"search_term_string"}}],"inLanguage":"de"},{"@type":"Organization","@id":"https:\/\/www.inspirealtea.com\/#organization","name":"Yoga, Ayurveda und Wandern | Inspire Altea","alternateName":"IA Yoga Ayurveda Hike","url":"https:\/\/www.inspirealtea.com\/","logo":{"@type":"ImageObject","inLanguage":"de","@id":"https:\/\/www.inspirealtea.com\/#\/schema\/logo\/image\/","url":"https:\/\/i0.wp.com\/www.inspirealtea.com\/wp-content\/uploads\/2025\/10\/Logo-Inspire-Altea.png?fit=1024%2C1024&ssl=1","contentUrl":"https:\/\/i0.wp.com\/www.inspirealtea.com\/wp-content\/uploads\/2025\/10\/Logo-Inspire-Altea.png?fit=1024%2C1024&ssl=1","width":1024,"height":1024,"caption":"Yoga, Ayurveda and Hiking | Inspire Altea"},"image":{"@id":"https:\/\/www.inspirealtea.com\/#\/schema\/logo\/image\/"},"sameAs":["https:\/\/www.facebook.com\/yogaayurveda.altea","https:\/\/www.instagram.com\/inspirealtea\/","https:\/\/www.linkedin.com\/in\/sergio-cisneros-galea","https:\/\/www.youtube.com\/@inspirealtea","https:\/\/gravatar.com\/sergiocisnerosgalea"],"description":"Discover holistic wellbeing experiences in Altea that connect body, mind, and nature. From yoga and Ayurveda to guided hiking and personalized retreats \u2014 all designed to help you restore balance, vitality, and inner peace.","email":"inspirealtea@gmail.com","telephone":"+33 6 07 42 58 97","legalName":"Sergio Cisneros Galea","foundingDate":"2019-11-11","numberOfEmployees":{"@type":"QuantitativeValue","minValue":"1","maxValue":"10"},"publishingPrinciples":"https:\/\/www.inspirealtea.com\/who-i-am\/"}]}},"jetpack_sharing_enabled":true,"_links":{"self":[{"href":"https:\/\/www.inspirealtea.com\/de\/wp-json\/wp\/v2\/pages\/19","targetHints":{"allow":["GET"]}}],"collection":[{"href":"https:\/\/www.inspirealtea.com\/de\/wp-json\/wp\/v2\/pages"}],"about":[{"href":"https:\/\/www.inspirealtea.com\/de\/wp-json\/wp\/v2\/types\/page"}],"author":[{"embeddable":true,"href":"https:\/\/www.inspirealtea.com\/de\/wp-json\/wp\/v2\/users\/1"}],"replies":[{"embeddable":true,"href":"https:\/\/www.inspirealtea.com\/de\/wp-json\/wp\/v2\/comments?post=19"}],"version-history":[{"count":20,"href":"https:\/\/www.inspirealtea.com\/de\/wp-json\/wp\/v2\/pages\/19\/revisions"}],"predecessor-version":[{"id":1388,"href":"https:\/\/www.inspirealtea.com\/de\/wp-json\/wp\/v2\/pages\/19\/revisions\/1388"}],"wp:featuredmedia":[{"embeddable":true,"href":"https:\/\/www.inspirealtea.com\/de\/wp-json\/wp\/v2\/media\/40"}],"wp:attachment":[{"href":"https:\/\/www.inspirealtea.com\/de\/wp-json\/wp\/v2\/media?parent=19"}],"curies":[{"name":"wp","href":"https:\/\/api.w.org\/{rel}","templated":true}]}}