{"id":17,"date":"2025-10-20T14:02:51","date_gmt":"2025-10-20T14:02:51","guid":{"rendered":"https:\/\/exa.upa.mybluehost.me\/about\/"},"modified":"2026-02-28T21:02:55","modified_gmt":"2026-02-28T20:02:55","slug":"wer-ich-bin","status":"publish","type":"page","link":"https:\/\/www.inspirealtea.com\/de\/who-i-am\/","title":{"rendered":"Wer ich bin"},"content":{"rendered":"<h2 class=\"has-text-align-center wp-block-post-title\">Wer ich bin<\/h2>\n\n\n<div id=\"hero\" class=\"nfd-container nfd-p-lg nfd-pb-lg is-style-nfd-theme-white wp-block-group has-global-padding is-layout-constrained wp-block-group-is-layout-constrained\">\n<div class=\"nfd-gap-3xl wp-block-columns are-vertically-aligned-center is-layout-flex wp-container-core-columns-is-layout-28f84493 wp-block-columns-is-layout-flex\">\n<div class=\"md:nfd-order-2 wp-block-column is-vertically-aligned-center is-layout-flow wp-container-core-column-is-layout-fc5e3b10 wp-block-column-is-layout-flow\" style=\"flex-basis:44%\">\n<div class=\"nfd-gap-lg nfd-text-md wp-block-group is-vertical is-layout-flex wp-container-core-group-is-layout-fe9cc265 wp-block-group-is-layout-flex\">\n<h1 class=\"wp-block-heading nfd-text-giga nfd-text-current\" id=\"h-who-i-am-sergi-dhariya-sergio-cisneros-galea\"><strong>Wer ich bin - Sergi Dhariya <\/strong>(Sergio Cisneros Galea)<\/h1>\n\n\n\n<p class=\"\"><em>Eine Reise ins Bewusstsein, in die Natur und ins Gleichgewicht.<\/em><\/p>\n\n\n\n<p class=\"\"><strong>Sergi Dhariya<\/strong> ist Yogalehrerin, Ayurveda-Praktikerin und Bergf\u00fchrerin mit Sitz in Altea. \u00dcber <strong>Inspirieren Altea<\/strong>, Es werden ganzheitliche Wohlf\u00fchlerlebnisse angeboten, die Folgendes beinhalten <strong>Bewegung, Bewusstsein und Natur<\/strong>.<\/p>\n\n\n\n<h2 class=\"wp-block-heading\" id=\"h-approach\">N\u00e4herung<\/h2>\n\n\n\n<p class=\"\">Die Methodik verbindet Yoga, Ayurveda und Naturerfahrungen als Wege zu Pr\u00e4senz, Klarheit und Gleichgewicht. Anstatt sofortige Ergebnisse anzustreben, entfaltet sich der Prozess durch aufmerksame Praxis und stetige Integration.<\/p>\n\n\n\n<div class=\"wp-block-buttons is-horizontal is-content-justification-left is-layout-flex wp-container-core-buttons-is-layout-c4719c80 wp-block-buttons-is-layout-flex\">\n<div class=\"nfd-btn-lg  wp-block-button\"><a class=\"wp-block-button__link has-contrast-color has-accent-6-background-color has-text-color has-background has-link-color wp-element-button\" href=\"https:\/\/wa.me\/330607425897\" target=\"_blank\" rel=\"noreferrer noopener\"><strong>Treffen Sie<\/strong> Sergio<\/a><\/div>\n<\/div>\n<\/div>\n<\/div>\n\n\n\n<div class=\"wp-block-column is-vertically-aligned-center is-layout-flow wp-container-core-column-is-layout-8a368f38 wp-block-column-is-layout-flow\" style=\"flex-basis:50%\">\n<div class=\"nfd-grid nfd-grid-cols-9 nfd-grid-rows-1 nfd-items-center wp-block-group is-layout-flow wp-container-core-group-is-layout-a77db08e wp-block-group-is-layout-flow\">\n<figure class=\"wp-block-gallery has-nested-images columns-default is-cropped wp-block-gallery-1 is-layout-flex wp-block-gallery-is-layout-flex\">\n<figure class=\"nfd-col-start-1 nfd-col-end-7 nfd-row-start-1 nfd-rounded wp-block-image size-full\"><img data-recalc-dims=\"1\" decoding=\"async\" width=\"1200\" height=\"1600\" loading=\"lazy\" data-id=\"1162\" src=\"https:\/\/i0.wp.com\/www.inspirealtea.com\/wp-content\/uploads\/2026\/02\/Bio-Sergi-Dhariya.webp?resize=1200%2C1600&#038;ssl=1\" alt=\"Yoga- und Ayurveda-Praktiker Sergio Cisneros Galea in Altea, Costa Blanca\" class=\"wp-image-1162\" style=\"aspect-ratio:2\/3;object-fit:cover\" srcset=\"https:\/\/i0.wp.com\/www.inspirealtea.com\/wp-content\/uploads\/2026\/02\/Bio-Sergi-Dhariya.webp?w=1200&amp;ssl=1 1200w, https:\/\/i0.wp.com\/www.inspirealtea.com\/wp-content\/uploads\/2026\/02\/Bio-Sergi-Dhariya.webp?resize=225%2C300&amp;ssl=1 225w, https:\/\/i0.wp.com\/www.inspirealtea.com\/wp-content\/uploads\/2026\/02\/Bio-Sergi-Dhariya.webp?resize=768%2C1024&amp;ssl=1 768w, https:\/\/i0.wp.com\/www.inspirealtea.com\/wp-content\/uploads\/2026\/02\/Bio-Sergi-Dhariya.webp?resize=1152%2C1536&amp;ssl=1 1152w, https:\/\/i0.wp.com\/www.inspirealtea.com\/wp-content\/uploads\/2026\/02\/Bio-Sergi-Dhariya.webp?resize=9%2C12&amp;ssl=1 9w, https:\/\/i0.wp.com\/www.inspirealtea.com\/wp-content\/uploads\/2026\/02\/Bio-Sergi-Dhariya.webp?resize=600%2C800&amp;ssl=1 600w\" sizes=\"auto, (max-width: 1000px) 100vw, 1000px\" \/><figcaption class=\"wp-element-caption\">Sergio Cisneros Galea, Gr\u00fcnder von Inspire Altea - Austausch von Yoga und Ayurveda f\u00fcr ein bewusstes Leben in Altea.<\/figcaption><\/figure>\n<\/figure>\n<\/div>\n<\/div>\n<\/div>\n<\/div>\n\n\n\n<div class=\"wp-block-group has-global-padding is-layout-constrained wp-block-group-is-layout-constrained\">\n<div class=\"nfd-container nfd-text-md nfd-wb-text__text-1 wp-block-group has-global-padding is-content-justification-left is-layout-constrained wp-container-core-group-is-layout-12dd3699 wp-block-group-is-layout-constrained\">\n<div class=\"nfd-max-w-prose wp-block-group alignfull is-vertical is-content-justification-left is-layout-flex wp-container-core-group-is-layout-dd225191 wp-block-group-is-layout-flex\">\n<h2 class=\"nfd-text-xl nfd-text-balance wp-block-heading\" id=\"h-walking-silently\" style=\"font-style:normal;font-weight:600\">Lautlos gehen<\/h2>\n\n\n\n<p class=\"has-drop-cap\">Verwurzelt in Meeresluft und Stein, geh\u00f6rten Stille und Bewegung schon immer zusammen. Die Berge boten eine erste Sprache der Gegenwart und des Wandels.<br>Das Bergf\u00fchren begann mit 15 Jahren in der Stadt des Lichts und brachte eine klare Erkenntnis mit sich: Die Natur spiegelt die innere Welt. <\/p>\n\n\n\n<p class=\"has-drop-cap\">In 16 Jahren als Reiseleiter in den Alpen, den Pyren\u00e4en und der Toskana war die Natur ein st\u00e4ndiger Lehrmeister in Sachen Geduld und Bewusstsein. In Altea entwickelt sich dieser Weg weiter - er verwebt Outdoor-Erfahrung mit integrativer Gesundheit.<\/p>\n<\/div>\n<\/div>\n<\/div>\n\n\n\n<div class=\"wp-block-group has-global-padding is-content-justification-left is-layout-constrained wp-container-core-group-is-layout-12dd3699 wp-block-group-is-layout-constrained\">\n<div class=\"wp-block-columns alignfull is-layout-flex wp-container-core-columns-is-layout-28f84493 wp-block-columns-is-layout-flex\">\n<div class=\"wp-block-column is-layout-flow wp-block-column-is-layout-flow\" style=\"flex-basis:50%\">\n<div class=\"is-style-default wp-block-cover is-light\" style=\"min-height:600px;aspect-ratio:unset;\"><span aria-hidden=\"true\" class=\"wp-block-cover__background has-custom-color-2-background-color has-background-dim-0 has-background-dim\"><\/span><div class=\"wp-block-cover__inner-container is-layout-flow wp-block-cover-is-layout-flow\">\n<figure class=\"wp-block-image aligncenter size-full is-resized\"><img data-recalc-dims=\"1\" decoding=\"async\" width=\"347\" height=\"529\" loading=\"lazy\" src=\"https:\/\/i0.wp.com\/www.inspirealtea.com\/wp-content\/uploads\/2025\/11\/Yoga-2.webp?resize=347%2C529&#038;ssl=1\" alt=\"Meditative Yogastellung als Symbol f\u00fcr Achtsamkeit und inneres Gleichgewicht im Inspire Altea, Costa Blanca\" class=\"wp-image-662\" style=\"aspect-ratio:0.6559444690592232;width:347px;height:auto\" srcset=\"https:\/\/i0.wp.com\/www.inspirealtea.com\/wp-content\/uploads\/2025\/11\/Yoga-2.webp?w=347&amp;ssl=1 347w, https:\/\/i0.wp.com\/www.inspirealtea.com\/wp-content\/uploads\/2025\/11\/Yoga-2.webp?resize=197%2C300&amp;ssl=1 197w\" sizes=\"auto, (max-width: 347px) 100vw, 347px\" \/><figcaption class=\"wp-element-caption\">Achtsamkeit und Ausgeglichenheit durch die Yoga-Praxis im Inspire Altea.<\/figcaption><\/figure>\n<\/div><\/div>\n<\/div>\n\n\n\n<div class=\"nfd-container nfd-text-md nfd-wb-text__text-1 wp-block-column has-global-padding is-content-justification-left is-layout-constrained wp-container-core-column-is-layout-12dd3699 wp-block-column-is-layout-constrained\">\n<div class=\"nfd-max-w-prose wp-block-columns is-vertical is-content-justification-left is-layout-flex wp-container-core-columns-is-layout-ef42fd53 wp-block-columns-is-layout-flex\">\n<div class=\"nfd-text-xl nfd-text-balance wp-block-column is-layout-flow wp-block-column-is-layout-flow\" style=\"font-style:normal;font-weight:600;flex-basis:320px\">\n<h2 class=\"nfd-text-xl nfd-text-balance wp-block-heading\" id=\"h-philosophy\"><strong>Philosophie<\/strong><\/h2>\n\n\n\n<p class=\"is-style-default has-large-font-size\">Im Inspire Altea, <strong>Ayurveda und Yoga<\/strong> werden als lebendig verstanden<strong> Wissenschaften<\/strong>, die auf unmittelbaren Erfahrungen beruhen und so konzipiert sind, dass sie sich dem heutigen Leben anpassen.<br>Jede Massage, jeder Kurs und jede Therapie wird zu einem Dialog zwischen dem Individuum und dem gegenw\u00e4rtigen Moment - ein Prozess, der vom Zuh\u00f6ren, Beobachten und Vertrauen geleitet wird.<\/p>\n\n\n\n<blockquote class=\"wp-block-quote is-layout-flow wp-block-quote-is-layout-flow\">\n<p class=\"has-large-font-size\">\u201cHeilung beginnt, wenn wir zur Einfachheit zur\u00fcckkehren - um zuzuh\u00f6ren, zu atmen und uns wieder zu verbinden.\u201d<\/p>\n<\/blockquote>\n\n\n\n<p class=\"has-large-font-size\">Diese Einfachheit bestimmt den Ansatz von <span style=\"text-decoration: underline;\">Inspirieren Altea<\/span>: R\u00e4ume schaffen, in denen K\u00f6rper, Geist und Atem auf nat\u00fcrliche Weise in Einklang gebracht werden k\u00f6nnen, damit Wohlbefinden als etwas Organisches, Respektvolles und zutiefst Pers\u00f6nliches entstehen kann.<\/p>\n<\/div>\n<\/div>\n<\/div>\n<\/div>\n<\/div>\n\n\n\n<div style=\"height:100px\" aria-hidden=\"true\" class=\"wp-block-spacer\"><\/div>\n\n\n\n<div class=\"wp-block-group has-global-padding is-content-justification-center is-layout-constrained wp-block-group-is-layout-constrained\">\n<div class=\"wp-block-columns alignfull is-layout-flex wp-container-core-columns-is-layout-28f84493 wp-block-columns-is-layout-flex\">\n<div class=\"nfd-container nfd-text-md nfd-wb-text__text-1 wp-block-column is-vertically-aligned-center has-global-padding is-content-justification-left is-layout-constrained wp-container-core-column-is-layout-12dd3699 wp-block-column-is-layout-constrained\">\n<div class=\"nfd-max-w-prose wp-block-columns is-vertical is-content-justification-left is-layout-flex wp-container-core-columns-is-layout-ef42fd53 wp-block-columns-is-layout-flex\">\n<div class=\"nfd-text-xl nfd-text-balance wp-block-column has-medium-font-size is-layout-flow wp-block-column-is-layout-flow\" style=\"font-style:normal;font-weight:600;flex-basis:320px\">\n<h2 class=\"nfd-text-xl nfd-text-balance wp-block-heading\" id=\"h-training-amp-experience\"><strong><strong>Ausbildung und Erfahrung<\/strong><\/strong><\/h2>\n\n\n\n<p class=\"is-style-default has-large-font-size\">Jeder Weg hat einen gemeinsamen Nenner: die Erforschung des Selbstbewusstseins.<\/p>\n\n\n\n<ul class=\"wp-block-list\">\n<li class=\"\"><strong>Ayurveda-Therapeutin &amp; Mentorin<\/strong> - Ayurvedisches Mentoring mit Dr. Shubham, 2024-aktuell<\/li>\n\n\n\n<li class=\"\"><strong>Traditionelle ayurvedische Massage und Panchakarma-Therapie<\/strong>, Kerala, Indien (2023)<\/li>\n\n\n\n<li class=\"\"><strong>Hatha-Yoga-Lehrer 500h<\/strong>, Durgaji, Frankreich<\/li>\n\n\n\n<li class=\"\"><strong>Multistil-Yogalehrer 200h<\/strong>, Gr\u00fcnes Yoga International, Mallorca<\/li>\n\n\n\n<li class=\"\"><strong>Bergf\u00fchrer (BPJEPS &amp; IML)<\/strong> - Mehr als 16 Jahre als Reiseleiter in Europa und Marokko<\/li>\n\n\n\n<li class=\"\"><strong>Ersthelfer in der Wildnis<\/strong>, Schweiz (2020)<\/li>\n\n\n\n<li class=\"\"><strong>Lawinengel\u00e4ndesicherheitsstufe 2<\/strong>, Spanien (2019)<\/li>\n<\/ul>\n\n\n\n<p class=\"is-style-default has-large-font-size\">Die berufliche Reise von Sergi Dhariya in Altea geht weiter durch st\u00e4ndiges Lernen, Beobachten und die Integration von traditionellem Wissen mit den heutigen Bed\u00fcrfnissen.<\/p>\n<\/div>\n<\/div>\n<\/div>\n<\/div>\n<\/div>\n\n\n\n<div style=\"height:100px\" aria-hidden=\"true\" class=\"wp-block-spacer\"><\/div>\n\n\n\n<div class=\"wp-block-group has-global-padding is-content-justification-left is-layout-constrained wp-container-core-group-is-layout-12dd3699 wp-block-group-is-layout-constrained\">\n<div class=\"wp-block-columns alignfull is-layout-flex wp-container-core-columns-is-layout-28f84493 wp-block-columns-is-layout-flex\">\n<div class=\"wp-block-column is-layout-flow wp-block-column-is-layout-flow\" style=\"flex-basis:50%\">\n<div class=\"wp-block-cover\" style=\"min-height:600px;aspect-ratio:unset;\"><span aria-hidden=\"true\" class=\"wp-block-cover__background has-accent-5-background-color has-background-dim-100 has-background-dim\"><\/span><div class=\"wp-block-cover__inner-container is-layout-flow wp-block-cover-is-layout-flow\">\n<figure class=\"wp-block-image aligncenter size-full\"><img decoding=\"async\" width=\"975\" height=\"1300\" loading=\"lazy\" src=\"https:\/\/i0.wp.com\/www.inspirealtea.com\/wp-content\/uploads\/2025\/10\/pexels-photo-31771512.jpeg?fit=975%2C1300&amp;ssl=1\" alt=\"M\u00f6we im Flug \u00fcber den Gew\u00e4ssern des Mittelmeers\" class=\"wp-image-676\" srcset=\"https:\/\/i0.wp.com\/www.inspirealtea.com\/wp-content\/uploads\/2025\/10\/pexels-photo-31771512.jpeg?w=975&amp;ssl=1 975w, https:\/\/i0.wp.com\/www.inspirealtea.com\/wp-content\/uploads\/2025\/10\/pexels-photo-31771512.jpeg?resize=225%2C300&amp;ssl=1 225w, https:\/\/i0.wp.com\/www.inspirealtea.com\/wp-content\/uploads\/2025\/10\/pexels-photo-31771512.jpeg?resize=768%2C1024&amp;ssl=1 768w, https:\/\/i0.wp.com\/www.inspirealtea.com\/wp-content\/uploads\/2025\/10\/pexels-photo-31771512.jpeg?resize=600%2C800&amp;ssl=1 600w\" sizes=\"auto, (max-width: 975px) 100vw, 975px\" \/><\/figure>\n<\/div><\/div>\n<\/div>\n\n\n\n<div class=\"nfd-container nfd-text-md nfd-wb-text__text-1 wp-block-column has-medium-font-size has-global-padding is-content-justification-left is-layout-constrained wp-container-core-column-is-layout-12dd3699 wp-block-column-is-layout-constrained\">\n<div class=\"nfd-max-w-prose wp-block-columns has-large-font-size is-vertical is-content-justification-left is-layout-flex wp-container-core-columns-is-layout-ef42fd53 wp-block-columns-is-layout-flex\">\n<div class=\"nfd-text-xl nfd-text-balance wp-block-column has-medium-font-size is-layout-flow wp-block-column-is-layout-flow\" style=\"font-style:normal;font-weight:600;flex-basis:320px\">\n<h2 class=\"nfd-text-xl nfd-text-balance wp-block-heading\" id=\"h-a-space-for-conscious-living-in-altea\"><strong>Ein Raum f\u00fcr bewusstes Leben in Altea<\/strong><\/h2>\n\n\n\n<p class=\"is-style-default has-medium-font-size\">Dar\u00fcber hinaus ist Inspire Altea mehr als nur ein Treffpunkt f\u00fcr Wohlbefinden - es ist ein lebendiges Projekt, das sich der Kunst des bewussten Lebens widmet.<br>\u00dcber <strong>Ayurveda-Therapien, Yoga-Sitzungen, Retreats und Naturerlebnisse<\/strong>, Sie sind herzlich eingeladen, in der ruhigen Umgebung von Altea an der Costa Blanca Ihren nat\u00fcrlichen Rhythmus wiederzufinden.<\/p>\n\n\n\n<p class=\"\">Jede Begegnung ist einzigartig - machen wir sie m\u00f6glich!<\/p>\n\n\n\n<p class=\"is-style-default has-large-font-size\"><a href=\"https:\/\/www.inspirealtea.com\/de\/ayurveda-in-altea\/\"><strong>Entdecken Sie die Ayurveda-Therapien \u2192<\/strong><\/a><\/p>\n\n\n\n<p class=\"is-style-default has-large-font-size\"><a href=\"https:\/\/www.inspirealtea.com\/de\/yoga-in-altea\/\"><strong>An einem Yoga-Kurs teilnehmen \u2192.<\/strong><\/a><\/p>\n<\/div>\n<\/div>\n<\/div>\n<\/div>\n<\/div>\n\n\n\n<div style=\"height:26px\" aria-hidden=\"true\" class=\"wp-block-spacer\"><\/div>\n\n\n\n<p class=\"\">In Altea wird diese Arbeit als Treffpunkt zwischen der Natur und dem inneren Leben fortgesetzt. Durch Yoga, Ayurveda und gef\u00fchrte Erlebnisse im Freien wird Raum f\u00fcr Klarheit, Gleichgewicht und nachhaltiges Wohlbefinden geschaffen.<\/p>","protected":false},"excerpt":{"rendered":"<p>Who I Am \u2013 Sergi Dhariya (Sergio Cisneros Galea) A journey into awareness, nature, and balance. Sergi Dhariya is a yoga teacher, Ayurvedic practitioner and mountain guide based in Altea. Through Inspire Altea, holistic wellbeing experiences are offered that integrate movement, awareness and nature. Approach The methodology brings together yoga, Ayurveda, and nature-based experiences as [&hellip;]<\/p>\n","protected":false},"author":1,"featured_media":1162,"parent":0,"menu_order":0,"comment_status":"closed","ping_status":"closed","template":"page-no-title","meta":{"nf_dc_page":"about","om_disable_all_campaigns":false,"_monsterinsights_skip_tracking":false,"_monsterinsights_sitenote_active":false,"_monsterinsights_sitenote_note":"","_monsterinsights_sitenote_category":0,"_uf_show_specific_survey":0,"_uf_disable_surveys":false,"jetpack_post_was_ever_published":false,"footnotes":""},"class_list":["post-17","page","type-page","status-publish","has-post-thumbnail","hentry"],"yoast_head":"<!-- This site is optimized with the Yoast SEO Premium plugin v27.3 (Yoast SEO v27.4) - https:\/\/yoast.com\/product\/yoast-seo-premium-wordpress\/ -->\n<title>Sergi Dhariya | Yoga &amp; Ayurveda in Altea<\/title>\n<meta name=\"description\" content=\"Meet Sergi Dhariya (Sergio Cisneros Galea), yoga teacher and Ayurvedic therapist in Altea offering holistic wellbeing experiences in nature.\" \/>\n<meta name=\"robots\" content=\"index, follow, max-snippet:-1, max-image-preview:large, max-video-preview:-1\" \/>\n<link rel=\"canonical\" href=\"https:\/\/www.inspirealtea.com\/de\/wer-ich-bin\/\" \/>\n<meta property=\"og:locale\" content=\"de_DE\" \/>\n<meta property=\"og:type\" content=\"article\" \/>\n<meta property=\"og:title\" content=\"Who I am\" \/>\n<meta property=\"og:description\" content=\"Meet Sergi Dhariya (Sergio Cisneros Galea), yoga teacher and Ayurvedic therapist in Altea offering holistic wellbeing experiences in nature.\" \/>\n<meta property=\"og:url\" content=\"https:\/\/www.inspirealtea.com\/de\/wer-ich-bin\/\" \/>\n<meta property=\"og:site_name\" content=\"Yoga, Ayurveda and Hiking | Inspire Altea\" \/>\n<meta property=\"article:publisher\" content=\"https:\/\/www.facebook.com\/yogaayurveda.altea\" \/>\n<meta property=\"article:modified_time\" content=\"2026-02-28T20:02:55+00:00\" \/>\n<meta property=\"og:image\" content=\"https:\/\/www.inspirealtea.com\/wp-content\/uploads\/2026\/02\/Bio-Sergi-Dhariya.webp\" \/>\n\t<meta property=\"og:image:width\" content=\"1200\" \/>\n\t<meta property=\"og:image:height\" content=\"1600\" \/>\n\t<meta property=\"og:image:type\" content=\"image\/webp\" \/>\n<meta name=\"twitter:card\" content=\"summary_large_image\" \/>\n<meta name=\"twitter:label1\" content=\"Gesch\u00e4tzte Lesezeit\" \/>\n\t<meta name=\"twitter:data1\" content=\"3\u00a0Minuten\" \/>\n<!-- \/ Yoast SEO Premium plugin. -->","yoast_head_json":{"title":"Sergi Dhariya | Yoga &amp; Ayurveda in Altea","description":"Lernen Sie Sergi Dhariya (Sergio Cisneros Galea) kennen, Yogalehrer und Ayurveda-Therapeut in Altea, der ganzheitliche Wohlf\u00fchlerlebnisse in der Natur anbietet.","robots":{"index":"index","follow":"follow","max-snippet":"max-snippet:-1","max-image-preview":"max-image-preview:large","max-video-preview":"max-video-preview:-1"},"canonical":"https:\/\/www.inspirealtea.com\/de\/wer-ich-bin\/","og_locale":"de_DE","og_type":"article","og_title":"Who I am","og_description":"Meet Sergi Dhariya (Sergio Cisneros Galea), yoga teacher and Ayurvedic therapist in Altea offering holistic wellbeing experiences in nature.","og_url":"https:\/\/www.inspirealtea.com\/de\/wer-ich-bin\/","og_site_name":"Yoga, Ayurveda and Hiking | Inspire Altea","article_publisher":"https:\/\/www.facebook.com\/yogaayurveda.altea","article_modified_time":"2026-02-28T20:02:55+00:00","og_image":[{"width":1200,"height":1600,"url":"https:\/\/www.inspirealtea.com\/wp-content\/uploads\/2026\/02\/Bio-Sergi-Dhariya.webp","type":"image\/webp"}],"twitter_card":"summary_large_image","twitter_misc":{"Gesch\u00e4tzte Lesezeit":"3\u00a0Minuten"},"schema":{"@context":"https:\/\/schema.org","@graph":[{"@type":"WebPage","@id":"https:\/\/www.inspirealtea.com\/who-i-am\/","url":"https:\/\/www.inspirealtea.com\/who-i-am\/","name":"Sergi Dhariya | Yoga &amp; Ayurveda in Altea","isPartOf":{"@id":"https:\/\/www.inspirealtea.com\/#website"},"primaryImageOfPage":{"@id":"https:\/\/www.inspirealtea.com\/who-i-am\/#primaryimage"},"image":{"@id":"https:\/\/www.inspirealtea.com\/who-i-am\/#primaryimage"},"thumbnailUrl":"https:\/\/i0.wp.com\/www.inspirealtea.com\/wp-content\/uploads\/2026\/02\/Bio-Sergi-Dhariya.webp?fit=1200%2C1600&ssl=1","datePublished":"2025-10-20T14:02:51+00:00","dateModified":"2026-02-28T20:02:55+00:00","description":"Lernen Sie Sergi Dhariya (Sergio Cisneros Galea) kennen, Yogalehrer und Ayurveda-Therapeut in Altea, der ganzheitliche Wohlf\u00fchlerlebnisse in der Natur anbietet.","breadcrumb":{"@id":"https:\/\/www.inspirealtea.com\/who-i-am\/#breadcrumb"},"inLanguage":"de","potentialAction":[{"@type":"ReadAction","target":["https:\/\/www.inspirealtea.com\/who-i-am\/"]}]},{"@type":"ImageObject","inLanguage":"de","@id":"https:\/\/www.inspirealtea.com\/who-i-am\/#primaryimage","url":"https:\/\/i0.wp.com\/www.inspirealtea.com\/wp-content\/uploads\/2026\/02\/Bio-Sergi-Dhariya.webp?fit=1200%2C1600&ssl=1","contentUrl":"https:\/\/i0.wp.com\/www.inspirealtea.com\/wp-content\/uploads\/2026\/02\/Bio-Sergi-Dhariya.webp?fit=1200%2C1600&ssl=1","width":1200,"height":1600,"caption":"Sergi Dhariya, yoga teacher and Ayurvedic practitioner based in Altea."},{"@type":"BreadcrumbList","@id":"https:\/\/www.inspirealtea.com\/who-i-am\/#breadcrumb","itemListElement":[{"@type":"ListItem","position":1,"name":"Home","item":"https:\/\/www.inspirealtea.com\/"},{"@type":"ListItem","position":2,"name":"Who I am"}]},{"@type":"WebSite","@id":"https:\/\/www.inspirealtea.com\/#website","url":"https:\/\/www.inspirealtea.com\/","name":"Yoga, Ayurveda &amp; Wandern | Inspire Altea","description":"Entdecke dich selbst durch Yoga, Ayurveda und Wandern in Altea, Alicante \u2013 ein Refugium f\u00fcr Wohlbefinden am Mittelmeer.","publisher":{"@id":"https:\/\/www.inspirealtea.com\/#organization"},"alternateName":"Inspire Altea \u2013 Yoga, Ayurveda & Hiking","potentialAction":[{"@type":"SearchAction","target":{"@type":"EntryPoint","urlTemplate":"https:\/\/www.inspirealtea.com\/?s={search_term_string}"},"query-input":{"@type":"PropertyValueSpecification","valueRequired":true,"valueName":"search_term_string"}}],"inLanguage":"de"},{"@type":"Organization","@id":"https:\/\/www.inspirealtea.com\/#organization","name":"Yoga, Ayurveda und Wandern | Inspire Altea","alternateName":"IA Yoga Ayurveda Hike","url":"https:\/\/www.inspirealtea.com\/","logo":{"@type":"ImageObject","inLanguage":"de","@id":"https:\/\/www.inspirealtea.com\/#\/schema\/logo\/image\/","url":"https:\/\/i0.wp.com\/www.inspirealtea.com\/wp-content\/uploads\/2025\/10\/Logo-Inspire-Altea.png?fit=1024%2C1024&ssl=1","contentUrl":"https:\/\/i0.wp.com\/www.inspirealtea.com\/wp-content\/uploads\/2025\/10\/Logo-Inspire-Altea.png?fit=1024%2C1024&ssl=1","width":1024,"height":1024,"caption":"Yoga, Ayurveda and Hiking | Inspire Altea"},"image":{"@id":"https:\/\/www.inspirealtea.com\/#\/schema\/logo\/image\/"},"sameAs":["https:\/\/www.facebook.com\/yogaayurveda.altea","https:\/\/www.instagram.com\/inspirealtea\/","https:\/\/www.linkedin.com\/in\/sergio-cisneros-galea","https:\/\/www.youtube.com\/@inspirealtea","https:\/\/gravatar.com\/sergiocisnerosgalea"],"description":"Discover holistic wellbeing experiences in Altea that connect body, mind, and nature. From yoga and Ayurveda to guided hiking and personalized retreats \u2014 all designed to help you restore balance, vitality, and inner peace.","email":"inspirealtea@gmail.com","telephone":"+33 6 07 42 58 97","legalName":"Sergio Cisneros Galea","foundingDate":"2019-11-11","numberOfEmployees":{"@type":"QuantitativeValue","minValue":"1","maxValue":"10"},"publishingPrinciples":"https:\/\/www.inspirealtea.com\/who-i-am\/"}]}},"jetpack_sharing_enabled":true,"_links":{"self":[{"href":"https:\/\/www.inspirealtea.com\/de\/wp-json\/wp\/v2\/pages\/17","targetHints":{"allow":["GET"]}}],"collection":[{"href":"https:\/\/www.inspirealtea.com\/de\/wp-json\/wp\/v2\/pages"}],"about":[{"href":"https:\/\/www.inspirealtea.com\/de\/wp-json\/wp\/v2\/types\/page"}],"author":[{"embeddable":true,"href":"https:\/\/www.inspirealtea.com\/de\/wp-json\/wp\/v2\/users\/1"}],"replies":[{"embeddable":true,"href":"https:\/\/www.inspirealtea.com\/de\/wp-json\/wp\/v2\/comments?post=17"}],"version-history":[{"count":20,"href":"https:\/\/www.inspirealtea.com\/de\/wp-json\/wp\/v2\/pages\/17\/revisions"}],"predecessor-version":[{"id":1174,"href":"https:\/\/www.inspirealtea.com\/de\/wp-json\/wp\/v2\/pages\/17\/revisions\/1174"}],"wp:featuredmedia":[{"embeddable":true,"href":"https:\/\/www.inspirealtea.com\/de\/wp-json\/wp\/v2\/media\/1162"}],"wp:attachment":[{"href":"https:\/\/www.inspirealtea.com\/de\/wp-json\/wp\/v2\/media?parent=17"}],"curies":[{"name":"wp","href":"https:\/\/api.w.org\/{rel}","templated":true}]}}