{"id":10,"date":"2025-11-05T11:07:37","date_gmt":"2025-11-05T10:07:37","guid":{"rendered":"https:\/\/exa.upa.mybluehost.me\/?page_id=10"},"modified":"2025-11-06T19:28:10","modified_gmt":"2025-11-06T18:28:10","slug":"verkaufsbedingungen","status":"publish","type":"page","link":"https:\/\/www.inspirealtea.com\/de\/terms-conditions-sale\/","title":{"rendered":"Allgemeine Verkaufsbedingungen"},"content":{"rendered":"<p class=\"\">Willkommen bei Inspire Altea. Diese allgemeinen Gesch\u00e4ftsbedingungen gelten f\u00fcr alle Dienstleistungen, Aktivit\u00e4ten, Retreats und Kurse, die von <strong>Inspirieren Altea<\/strong>, es sei denn, es wurde schriftlich etwas anderes vereinbart.<\/p>\n\n\n\n<h2 class=\"wp-block-heading\"><strong>1. Bedingungen<\/strong><\/h2>\n\n\n\n<h3 class=\"wp-block-heading\"><strong>1.1 - T\u00e4tigkeit und Kurs\u00fcberwachung<\/strong><\/h3>\n\n\n\n<p class=\"\">Alle Bergaktivit\u00e4ten und Kurse werden geleitet von <strong>UIMLA-zertifizierte Bergf\u00fchrer<\/strong> oder Fachleute, die offizielle <strong>Technische Sportdiplome<\/strong> vom spanischen Ministerium f\u00fcr Bildung und Wissenschaft anerkannt.<br>Diese F\u00fchrer sind qualifiziert in den Bereichen Outdoor-Ausbildung, Gruppenf\u00fchrung und Sicherheit im Gebirge.<\/p>\n\n\n\n<h3 class=\"wp-block-heading\"><strong>1.2 - Yoga- und Meditationskurse<\/strong><\/h3>\n\n\n\n<p class=\"\">Yoga- und Meditationssitzungen werden durchgef\u00fchrt von <strong>zertifizierte professionelle Yogalehrer<\/strong>, Sie sind qualifiziert in der traditionellen Lehre und Philosophie des Yoga.<\/p>\n\n\n\n<h3 class=\"wp-block-heading\"><strong>1.3 - Massagetherapien<\/strong><\/h3>\n\n\n\n<p class=\"\">Massagedienstleistungen werden angeboten von <strong>zertifizierte Massagetherapeuten<\/strong>, Sie sind in therapeutischen Techniken und in der Anwendung von nat\u00fcrlichen \u00d6len und Heilpflanzenextrakten ausgebildet.<br>Die Behandlungen werden an den pers\u00f6nlichen Gesundheitszustand des Kunden angepasst.<\/p>\n\n\n\n<hr class=\"wp-block-separator has-alpha-channel-opacity\"\/>\n\n\n\n<h2 class=\"wp-block-heading\"><strong>2. Bedingungen f\u00fcr die T\u00e4tigkeit<\/strong><\/h2>\n\n\n\n<h3 class=\"wp-block-heading\"><strong>2.1 - Wetterbedingte oder technische Annullierungen<\/strong><\/h3>\n\n\n\n<p class=\"\">Die Aktivit\u00e4ten k\u00f6nnen aus wetterbedingten oder technischen Gr\u00fcnden vor oder w\u00e4hrend der Aktivit\u00e4t unterbrochen werden.<br>Wenn die Aktivit\u00e4t bereits begonnen hat, wird keine Erstattung gew\u00e4hrt.<\/p>\n\n\n\n<h3 class=\"wp-block-heading\"><strong>2.2 - Anforderungen an die Teilnehmer<\/strong><\/h3>\n\n\n\n<p class=\"\">Erf\u00fcllt ein Teilnehmer nicht die geforderten <strong>technische oder physische Ebene<\/strong>, Der Fremdenf\u00fchrer kann die Route oder den Aktivit\u00e4tsplan \u00e4ndern, um sie an die F\u00e4higkeiten des Teilnehmers anzupassen.<br>Der Reiseleiter kann den Reiseverlauf auch aufgrund der Wetterbedingungen \u00e4ndern, um die Sicherheit zu gew\u00e4hrleisten.<\/p>\n\n\n\n<p class=\"\">Die <strong>Berater-Kunden-Verh\u00e4ltnis<\/strong> wird immer die Sicherheit in den Vordergrund stellen und die f\u00fcr jede Aktivit\u00e4t vereinbarte Mindestgruppengr\u00f6\u00dfe einhalten.<\/p>\n\n\n\n<hr class=\"wp-block-separator has-alpha-channel-opacity\"\/>\n\n\n\n<h2 class=\"wp-block-heading\"><strong>3. Erkl\u00e4rungen der Kunden<\/strong><\/h2>\n\n\n\n<p class=\"\">Mit der Anmeldung zu einer Aktivit\u00e4t von Inspire Altea erkl\u00e4rt der Kunde, dass er die folgenden Punkte auf eigene Verantwortung beachtet:<\/p>\n\n\n\n<p class=\"\">a) Sie sind \u00fcber die Art der T\u00e4tigkeit, ihre Risiken und das zu beachtende Verhalten informiert worden.<br>b) Sie sind sich dar\u00fcber im Klaren, dass die Aktivit\u00e4t zu jeder Zeit von einem qualifizierten F\u00fchrer geleitet wird, und erkl\u00e4ren sich bereit, alle Anweisungen zu befolgen. Jede Handlung, die den Anweisungen des F\u00fchrers zuwiderl\u00e4uft, unterliegt der Verantwortung des Kunden.<br>c) Sie anerkennen die <strong>Verbot der Hinterlassung von Abf\u00e4llen<\/strong> (organisch oder anorganisch) w\u00e4hrend der T\u00e4tigkeit und akzeptieren etwaige Verwaltungsstrafen bei Nichteinhaltung.<br>d) Sie erkl\u00e4ren, sie h\u00e4tten <strong>keine kardiovaskul\u00e4ren Erkrankungen<\/strong>, <strong>nicht schwanger sind<\/strong>, und <strong>keinen Schaden erleiden<\/strong> die ihre Gesundheit w\u00e4hrend der T\u00e4tigkeit gef\u00e4hrden k\u00f6nnten.<br>e) Sie best\u00e4tigen, dass sie von <strong>Vollj\u00e4hrigkeit<\/strong> (oder die Erlaubnis der Eltern\/des Lehrers haben), um teilzunehmen.<br>f) Sie stimmen zu <strong>Verzicht auf Alkohol, Drogen oder andere Substanzen<\/strong> die die k\u00f6rperlichen oder geistigen F\u00e4higkeiten vor oder w\u00e4hrend der T\u00e4tigkeit beeintr\u00e4chtigen k\u00f6nnen.<br>h) Sie haben eine Kopie dieses Vertrags erhalten und akzeptiert.<\/p>\n\n\n\n<hr class=\"wp-block-separator has-alpha-channel-opacity\"\/>\n\n\n\n<h2 class=\"wp-block-heading\"><strong>4. Transport<\/strong><\/h2>\n\n\n\n<p class=\"\">Die Kunden sind f\u00fcr den Transport zum und vom Treffpunkt der Aktivit\u00e4t selbst verantwortlich, sofern nichts anderes vereinbart wurde.<br>Der Vertrag und die Haftung von Inspire Altea umfassen nur die direkte Arbeit der Reiseleiter und die Organisation der Aktivit\u00e4t.<\/p>\n\n\n\n<hr class=\"wp-block-separator has-alpha-channel-opacity\"\/>\n\n\n\n<h2 class=\"wp-block-heading\"><strong>5. Verantwortung f\u00fcr die Ausr\u00fcstung<\/strong><\/h2>\n\n\n\n<p class=\"\">Jede <strong>Verlust, Fahrl\u00e4ssigkeit oder Missbrauch<\/strong> des vom Fremdenf\u00fchrer zur Verf\u00fcgung gestellten Materials (abgesehen von normaler Abnutzung oder h\u00f6herer Gewalt) liegt in der Verantwortung des Kunden und muss entsprechend entsch\u00e4digt werden.<\/p>\n\n\n\n<hr class=\"wp-block-separator has-alpha-channel-opacity\"\/>\n\n\n\n<h2 class=\"wp-block-heading\"><strong>6. Freiwilliger R\u00fccktritt<\/strong><\/h2>\n\n\n\n<p class=\"\">Wenn sich ein Kunde freiwillig von einer Aktivit\u00e4t zur\u00fcckzieht, muss er eine Erkl\u00e4rung unterschreiben und zur\u00fcckschicken. <strong>freiwilliges R\u00fccktrittsdokument<\/strong> zum Leitfaden.<br>Ein sofortiges Verlassen der Aktivit\u00e4t ist aufgrund von Wetter- oder Transportbeschr\u00e4nkungen m\u00f6glicherweise nicht m\u00f6glich.<br>Alle zus\u00e4tzlichen Kosten, die sich aus dem freiwilligen R\u00fccktritt ergeben (Transport, Unterkunft usw.), gehen zu Lasten der <strong>Verantwortung des Kunden<\/strong>, mit Ausnahme der F\u00e4lle, die von der pers\u00f6nlichen Versicherung des Kunden abgedeckt sind (siehe Abschnitt 7 - Versicherung).<\/p>\n\n\n\n<hr class=\"wp-block-separator has-alpha-channel-opacity\"\/>\n\n\n\n<h2 class=\"wp-block-heading\"><strong>7. Versicherung<\/strong><\/h2>\n\n\n\n<h3 class=\"wp-block-heading\"><strong>7.1 - Unfallversicherung<\/strong><\/h3>\n\n\n\n<p class=\"\">Da k\u00f6rperliche Aktivit\u00e4ten im Freien in nat\u00fcrlicher Umgebung reguliert werden, muss jeder Teilnehmer \u00fcber eine <strong>Unfallversicherung<\/strong>.<\/p>\n\n\n\n<ul class=\"wp-block-list\">\n<li class=\"\">F\u00fcr <strong>Europ\u00e4ische Aktivit\u00e4ten<\/strong>, ist die Unfallversicherung <strong>im Preis inbegriffen<\/strong>.<\/li>\n\n\n\n<li class=\"\">F\u00fcr <strong>Aktivit\u00e4ten au\u00dferhalb Europas<\/strong>, muss der Kunde im Besitz einer g\u00fcltigen <strong>Personenversicherung<\/strong> die sich auf das Reiseziel und die Art der T\u00e4tigkeit beziehen.<\/li>\n<\/ul>\n\n\n\n<hr class=\"wp-block-separator has-alpha-channel-opacity\"\/>\n\n\n\n<h2 class=\"wp-block-heading\"><strong>8. Preise<\/strong><\/h2>\n\n\n\n<p class=\"\">Alle Preise sind angegeben in <strong>Euro (\u20ac)<\/strong> und <strong>pro Person<\/strong>, und beinhalten die direkten Dienstleistungen des zertifizierten F\u00fchrers (ohne MwSt.).<br>Sofern nicht anders angegeben, <strong>externe Dienstleistungen<\/strong> (Hotels, Mahlzeiten, Transport usw.) sind nicht inbegriffen und gehen zu Lasten des Kunden.<\/p>\n\n\n\n<h3 class=\"wp-block-heading\"><strong>8.1 - Enthaltene Dienstleistungen<\/strong><\/h3>\n\n\n\n<ul class=\"wp-block-list\">\n<li class=\"\">UIMLA-zertifizierter Bergf\u00fchrer<\/li>\n\n\n\n<li class=\"\">Ausstattung der Gruppe<\/li>\n\n\n\n<li class=\"\">Professionelle Beratung und logistisches Management<\/li>\n\n\n\n<li class=\"\">Unfall- und Haftpflichtversicherung (Europa)<\/li>\n<\/ul>\n\n\n\n<h3 class=\"wp-block-heading\"><strong>8.2 - Nicht inbegriffen<\/strong><\/h3>\n\n\n\n<ul class=\"wp-block-list\">\n<li class=\"\">Pers\u00f6nliche Ausr\u00fcstung (Stiefel, Rucksack, Kleidung, usw.)<\/li>\n\n\n\n<li class=\"\">Unterkunft, Verpflegung, Transport und Gep\u00e4cktransfer<\/li>\n\n\n\n<li class=\"\">Etwaige Kostenschwankungen aufgrund unvorhergesehener Ereignisse (z. B. Wetterumschw\u00fcnge)<\/li>\n<\/ul>\n\n\n\n<p class=\"\">In jedem technischen Datenblatt ist die f\u00fcr die jeweilige Aktivit\u00e4t erforderliche pers\u00f6nliche Ausr\u00fcstung angegeben.<\/p>\n\n\n\n<hr class=\"wp-block-separator has-alpha-channel-opacity\"\/>\n\n\n\n<h2 class=\"wp-block-heading\"><strong>9. Streitbeilegung - Verbraucherschlichtung<\/strong><\/h2>\n\n\n\n<p class=\"\">Im Falle einer Streitigkeit werden sowohl der Kunde als auch Inspire Altea eine <strong>g\u00fctliche Einigung<\/strong>.<br>Der Kunde kann sich mit einer schriftlichen Beschwerde an das Unternehmen oder seinen Kundendienst wenden.<\/p>\n\n\n\n<p class=\"\">Wird innerhalb der Frist keine Einigung erzielt <strong>einen (1) Monat<\/strong>, kann sich der Verbraucher an einen zertifizierten <strong>Verbraucherschlichter<\/strong> die von der Kommission f\u00fcr die Bewertung und Kontrolle der Verbraucherschlichtung gem\u00e4\u00df Artikel L.615-1 des franz\u00f6sischen Verbraucherschutzgesetzes aufgef\u00fchrt sind:<\/p>\n\n\n\n<p class=\"\"><strong>Soci\u00e9t\u00e9 M\u00e9diation Professionnelle<\/strong><br>\ud83c\udf10 <a href=\"http:\/\/www.mediateur-consommation-smp.fr\">www.mediateur-consommation-smp.fr<\/a><br>\ud83d\udccd 2 Rue Marc Sangnier, 33130 B\u00e8gles, Frankreich<\/p>\n\n\n\n<hr class=\"wp-block-separator has-alpha-channel-opacity\"\/>\n\n\n\n<h2 class=\"wp-block-heading\"><strong>10. Akzeptanz der Bedingungen<\/strong><\/h2>\n\n\n\n<p class=\"\">Die Teilnahme an einer Aktivit\u00e4t, die von Inspire Altea organisiert wird, setzt die volle Akzeptanz dieser Bedingungen und Konditionen voraus.<br>Wir empfehlen allen Kunden, dieses Dokument sorgf\u00e4ltig zu lesen, bevor sie ihre Buchung best\u00e4tigen.<\/p>\n\n\n\n<h2 class=\"wp-block-heading\">Brauchen Sie Hilfe?<\/h2>\n\n\n\n<p class=\"\">Wenden Sie sich bei Fragen zu Erstattungen und R\u00fcckgaben an inspirealtea@gmail.com.<\/p>","protected":false},"excerpt":{"rendered":"<p>Welcome to Inspire Altea. These general terms and conditions apply to all services, activities, retreats, and courses organized by Inspire Altea, unless otherwise specified in writing. 1. Conditions 1.1 \u2013 Activity and Course Supervision All mountain activities and courses are led by UIMLA-certified Mountain Leaders or professionals holding official Sports Technical Diplomas recognized by the [&hellip;]<\/p>\n","protected":false},"author":1,"featured_media":865,"parent":0,"menu_order":0,"comment_status":"closed","ping_status":"closed","template":"","meta":{"nf_dc_page":"","om_disable_all_campaigns":false,"_monsterinsights_skip_tracking":false,"_monsterinsights_sitenote_active":false,"_monsterinsights_sitenote_note":"","_monsterinsights_sitenote_category":0,"_uf_show_specific_survey":0,"_uf_disable_surveys":false,"jetpack_post_was_ever_published":false,"footnotes":""},"class_list":["post-10","page","type-page","status-publish","has-post-thumbnail","hentry"],"yoast_head":"<!-- This site is optimized with the Yoast SEO Premium plugin v27.3 (Yoast SEO v27.4) - https:\/\/yoast.com\/product\/yoast-seo-premium-wordpress\/ -->\n<title>General Terms &amp; Conditions of Sale | Inspire Altea<\/title>\n<meta name=\"description\" content=\"Read Inspire Altea\u2019s General Terms and Conditions of Sale. Learn about our activity rules, pricing, insurance, and your responsibilities as a participant.\" \/>\n<meta name=\"robots\" content=\"noindex, nofollow\" \/>\n<meta property=\"og:locale\" content=\"de_DE\" \/>\n<meta property=\"og:type\" content=\"article\" \/>\n<meta property=\"og:title\" content=\"General Terms and Conditions of Sale\" \/>\n<meta property=\"og:description\" content=\"Read Inspire Altea\u2019s General Terms and Conditions of Sale. Learn about our activity rules, pricing, insurance, and your responsibilities as a participant.\" \/>\n<meta property=\"og:url\" content=\"https:\/\/www.inspirealtea.com\/de\/verkaufsbedingungen\/\" \/>\n<meta property=\"og:site_name\" content=\"Yoga, Ayurveda and Hiking | Inspire Altea\" \/>\n<meta property=\"article:publisher\" content=\"https:\/\/www.facebook.com\/yogaayurveda.altea\" \/>\n<meta property=\"article:modified_time\" content=\"2025-11-06T18:28:10+00:00\" \/>\n<meta property=\"og:image\" content=\"https:\/\/www.inspirealtea.com\/wp-content\/uploads\/2025\/11\/pexels-photo-7841424.webp\" \/>\n\t<meta property=\"og:image:width\" content=\"1880\" \/>\n\t<meta property=\"og:image:height\" content=\"1253\" \/>\n\t<meta property=\"og:image:type\" content=\"image\/webp\" \/>\n<meta name=\"twitter:card\" content=\"summary_large_image\" \/>\n<meta name=\"twitter:label1\" content=\"Gesch\u00e4tzte Lesezeit\" \/>\n\t<meta name=\"twitter:data1\" content=\"4\u00a0Minuten\" \/>\n<!-- \/ Yoast SEO Premium plugin. -->","yoast_head_json":{"title":"Allgemeine Verkaufsbedingungen | Inspire Altea","description":"Lesen Sie die Allgemeinen Gesch\u00e4ftsbedingungen von Inspire Altea. Erfahren Sie mehr \u00fcber unsere Aktivit\u00e4tsregeln, Preise, Versicherungen und Ihre Pflichten als Teilnehmer.","robots":{"index":"noindex","follow":"nofollow"},"og_locale":"de_DE","og_type":"article","og_title":"General Terms and Conditions of Sale","og_description":"Read Inspire Altea\u2019s General Terms and Conditions of Sale. Learn about our activity rules, pricing, insurance, and your responsibilities as a participant.","og_url":"https:\/\/www.inspirealtea.com\/de\/verkaufsbedingungen\/","og_site_name":"Yoga, Ayurveda and Hiking | Inspire Altea","article_publisher":"https:\/\/www.facebook.com\/yogaayurveda.altea","article_modified_time":"2025-11-06T18:28:10+00:00","og_image":[{"width":1880,"height":1253,"url":"https:\/\/www.inspirealtea.com\/wp-content\/uploads\/2025\/11\/pexels-photo-7841424.webp","type":"image\/webp"}],"twitter_card":"summary_large_image","twitter_misc":{"Gesch\u00e4tzte Lesezeit":"4\u00a0Minuten"},"schema":{"@context":"https:\/\/schema.org","@graph":[{"@type":"WebPage","@id":"https:\/\/www.inspirealtea.com\/terms-conditions-sale\/","url":"https:\/\/www.inspirealtea.com\/terms-conditions-sale\/","name":"Allgemeine Verkaufsbedingungen | Inspire Altea","isPartOf":{"@id":"https:\/\/www.inspirealtea.com\/#website"},"primaryImageOfPage":{"@id":"https:\/\/www.inspirealtea.com\/terms-conditions-sale\/#primaryimage"},"image":{"@id":"https:\/\/www.inspirealtea.com\/terms-conditions-sale\/#primaryimage"},"thumbnailUrl":"https:\/\/i0.wp.com\/www.inspirealtea.com\/wp-content\/uploads\/2025\/11\/pexels-photo-7841424.webp?fit=1880%2C1253&ssl=1","datePublished":"2025-11-05T10:07:37+00:00","dateModified":"2025-11-06T18:28:10+00:00","description":"Lesen Sie die Allgemeinen Gesch\u00e4ftsbedingungen von Inspire Altea. Erfahren Sie mehr \u00fcber unsere Aktivit\u00e4tsregeln, Preise, Versicherungen und Ihre Pflichten als Teilnehmer.","breadcrumb":{"@id":"https:\/\/www.inspirealtea.com\/terms-conditions-sale\/#breadcrumb"},"inLanguage":"de","potentialAction":[{"@type":"ReadAction","target":["https:\/\/www.inspirealtea.com\/terms-conditions-sale\/"]}]},{"@type":"ImageObject","inLanguage":"de","@id":"https:\/\/www.inspirealtea.com\/terms-conditions-sale\/#primaryimage","url":"https:\/\/i0.wp.com\/www.inspirealtea.com\/wp-content\/uploads\/2025\/11\/pexels-photo-7841424.webp?fit=1880%2C1253&ssl=1","contentUrl":"https:\/\/i0.wp.com\/www.inspirealtea.com\/wp-content\/uploads\/2025\/11\/pexels-photo-7841424.webp?fit=1880%2C1253&ssl=1","width":1880,"height":1253,"caption":"Inspire Altea\u2019s commitment to privacy and responsible data management."},{"@type":"BreadcrumbList","@id":"https:\/\/www.inspirealtea.com\/terms-conditions-sale\/#breadcrumb","itemListElement":[{"@type":"ListItem","position":1,"name":"Home","item":"https:\/\/www.inspirealtea.com\/"},{"@type":"ListItem","position":2,"name":"General Terms and Conditions of Sale"}]},{"@type":"WebSite","@id":"https:\/\/www.inspirealtea.com\/#website","url":"https:\/\/www.inspirealtea.com\/","name":"Yoga, Ayurveda &amp; Wandern | Inspire Altea","description":"Entdecke dich selbst durch Yoga, Ayurveda und Wandern in Altea, Alicante \u2013 ein Refugium f\u00fcr Wohlbefinden am Mittelmeer.","publisher":{"@id":"https:\/\/www.inspirealtea.com\/#organization"},"alternateName":"Inspire Altea \u2013 Yoga, Ayurveda & Hiking","potentialAction":[{"@type":"SearchAction","target":{"@type":"EntryPoint","urlTemplate":"https:\/\/www.inspirealtea.com\/?s={search_term_string}"},"query-input":{"@type":"PropertyValueSpecification","valueRequired":true,"valueName":"search_term_string"}}],"inLanguage":"de"},{"@type":"Organization","@id":"https:\/\/www.inspirealtea.com\/#organization","name":"Yoga, Ayurveda und Wandern | Inspire Altea","alternateName":"IA Yoga Ayurveda Hike","url":"https:\/\/www.inspirealtea.com\/","logo":{"@type":"ImageObject","inLanguage":"de","@id":"https:\/\/www.inspirealtea.com\/#\/schema\/logo\/image\/","url":"https:\/\/i0.wp.com\/www.inspirealtea.com\/wp-content\/uploads\/2025\/10\/Logo-Inspire-Altea.png?fit=1024%2C1024&ssl=1","contentUrl":"https:\/\/i0.wp.com\/www.inspirealtea.com\/wp-content\/uploads\/2025\/10\/Logo-Inspire-Altea.png?fit=1024%2C1024&ssl=1","width":1024,"height":1024,"caption":"Yoga, Ayurveda and Hiking | Inspire Altea"},"image":{"@id":"https:\/\/www.inspirealtea.com\/#\/schema\/logo\/image\/"},"sameAs":["https:\/\/www.facebook.com\/yogaayurveda.altea","https:\/\/www.instagram.com\/inspirealtea\/","https:\/\/www.linkedin.com\/in\/sergio-cisneros-galea","https:\/\/www.youtube.com\/@inspirealtea","https:\/\/gravatar.com\/sergiocisnerosgalea"],"description":"Discover holistic wellbeing experiences in Altea that connect body, mind, and nature. From yoga and Ayurveda to guided hiking and personalized retreats \u2014 all designed to help you restore balance, vitality, and inner peace.","email":"inspirealtea@gmail.com","telephone":"+33 6 07 42 58 97","legalName":"Sergio Cisneros Galea","foundingDate":"2019-11-11","numberOfEmployees":{"@type":"QuantitativeValue","minValue":"1","maxValue":"10"},"publishingPrinciples":"https:\/\/www.inspirealtea.com\/who-i-am\/"}]}},"jetpack_sharing_enabled":true,"_links":{"self":[{"href":"https:\/\/www.inspirealtea.com\/de\/wp-json\/wp\/v2\/pages\/10","targetHints":{"allow":["GET"]}}],"collection":[{"href":"https:\/\/www.inspirealtea.com\/de\/wp-json\/wp\/v2\/pages"}],"about":[{"href":"https:\/\/www.inspirealtea.com\/de\/wp-json\/wp\/v2\/types\/page"}],"author":[{"embeddable":true,"href":"https:\/\/www.inspirealtea.com\/de\/wp-json\/wp\/v2\/users\/1"}],"replies":[{"embeddable":true,"href":"https:\/\/www.inspirealtea.com\/de\/wp-json\/wp\/v2\/comments?post=10"}],"version-history":[{"count":1,"href":"https:\/\/www.inspirealtea.com\/de\/wp-json\/wp\/v2\/pages\/10\/revisions"}],"predecessor-version":[{"id":867,"href":"https:\/\/www.inspirealtea.com\/de\/wp-json\/wp\/v2\/pages\/10\/revisions\/867"}],"wp:featuredmedia":[{"embeddable":true,"href":"https:\/\/www.inspirealtea.com\/de\/wp-json\/wp\/v2\/media\/865"}],"wp:attachment":[{"href":"https:\/\/www.inspirealtea.com\/de\/wp-json\/wp\/v2\/media?parent=10"}],"curies":[{"name":"wp","href":"https:\/\/api.w.org\/{rel}","templated":true}]}}