{"id":730,"date":"2025-11-01T18:46:34","date_gmt":"2025-11-01T16:46:34","guid":{"rendered":"https:\/\/www.inspirealtea.com\/product\/sunrise-mountain-experience-costa-blanca\/"},"modified":"2026-03-25T13:29:40","modified_gmt":"2026-03-25T12:29:40","slug":"excursio-a-la-sortida-del-sol-a-alacant","status":"publish","type":"product","link":"https:\/\/www.inspirealtea.com\/ca\/experiences\/sunrise-hike-alicante\/","title":{"rendered":"Experi\u00e8ncia Sunrise Mountain \u2013 Costa Blanca"},"content":{"rendered":"<h2 data-start=\"190\" data-end=\"249\">\ud83c\udf05 Excursi\u00f3 al sol ixent a Alacant \u2013 Una experi\u00e8ncia de muntanya conscient<\/h2>\n<p data-start=\"251\" data-end=\"430\">Comenceu el dia amb una excursi\u00f3 al sol naixent a Alacant \u2014 una experi\u00e8ncia de muntanya guiada a prop d'Altea que combina senders panor\u00e0mics, pauses conscients i vistes impressionants de la Costa Blanca.<\/p>\n<p data-start=\"432\" data-end=\"635\">Abans de l'alba, et trobar\u00e0s amb el teu guia de muntanya certificat i comen\u00e7ar\u00e0s una ascensi\u00f3 tranquil\u00b7la per camins perfumats de pi i carenes rocoses. Quan aparegui la primera llum del dia, el paisatge s'anir\u00e0 despertant lentament al teu voltant.<\/p>\n<p data-start=\"637\" data-end=\"828\">Arribar al cim a l'alba \u00e9s un moment de connexi\u00f3 serena \u2014 on la costa mediterr\u00e0nia, les siluetes de les muntanyes i l'horitz\u00f3 daurat s'uneixen en una experi\u00e8ncia realment inoblidable.<\/p>\n<hr data-start=\"830\" data-end=\"833\" \/>\n<h2 data-start=\"835\" data-end=\"876\">Per qu\u00e8 triar una excursi\u00f3 al sol ixent a Alacant?<\/h2>\n<p data-start=\"878\" data-end=\"958\">Una excursi\u00f3 al sortir del sol ofereix una manera \u00fanica de connectar amb la natura abans que comenci el dia.<\/p>\n<p data-start=\"960\" data-end=\"1082\">Quan el cel canvia d'un blau profund a un daurat c\u00e0lid, arribar\u00e0s a un mirador panor\u00e0mic on la Costa Blanca s'obre davant teu.<\/p>\n<p data-start=\"1084\" data-end=\"1143\">A difer\u00e8ncia de les excursions di\u00fcrnes, l'atmosfera del primer mat\u00ed crea:<\/p>\n<ul data-start=\"1145\" data-end=\"1220\">\n<li data-start=\"1145\" data-end=\"1165\">\n<p data-start=\"1147\" data-end=\"1165\">Silenci i calma<\/p>\n<\/li>\n<li data-start=\"1166\" data-end=\"1189\">\n<p data-start=\"1168\" data-end=\"1189\">Temperatures m\u00e9s fresques<\/p>\n<\/li>\n<li data-start=\"1190\" data-end=\"1220\">\n<p data-start=\"1192\" data-end=\"1220\">Un sentit m\u00e9s profund de pres\u00e8ncia<\/p>\n<\/li>\n<\/ul>\n<p data-start=\"1222\" data-end=\"1334\">Aquesta experi\u00e8ncia combina l'aventura amb la consci\u00e8ncia plena \u2014 fent-la ideal per a aquells que busquen tant moviment com significat.<\/p>\n<hr data-start=\"1336\" data-end=\"1339\" \/>\n<h2 data-start=\"1341\" data-end=\"1377\">Una experi\u00e8ncia guiada m\u00e9s enll\u00e0 del senderisme<\/h2>\n<p data-start=\"1379\" data-end=\"1445\">Aquesta excursi\u00f3 al mat\u00ed a Alacant no es tracta nom\u00e9s d'arribar a un cim.<\/p>\n<p data-start=\"1447\" data-end=\"1541\">Al llarg del cam\u00ed, se't convidar\u00e0 a fer una pausa, respirar profundament i reconnectar amb el ritme de la natura.<\/p>\n<p data-start=\"1543\" data-end=\"1563\">El viatge esdev\u00e9:<\/p>\n<ul data-start=\"1565\" data-end=\"1670\">\n<li data-start=\"1565\" data-end=\"1591\">\n<p data-start=\"1567\" data-end=\"1591\">Un moment de reflexi\u00f3<\/p>\n<\/li>\n<li data-start=\"1592\" data-end=\"1622\">\n<p data-start=\"1594\" data-end=\"1622\">Un comen\u00e7ament de dia conscient<\/p>\n<\/li>\n<li data-start=\"1623\" data-end=\"1670\">\n<p data-start=\"1625\" data-end=\"1670\">Una connexi\u00f3 poderosa amb el paisatge i el jo.<\/p>\n<\/li>\n<\/ul>\n<p data-start=\"1672\" data-end=\"1756\">La mida redu\u00efda dels grups garanteix una experi\u00e8ncia personal i de suport durant tota l'ascensi\u00f3.<\/p>\n<hr data-start=\"1758\" data-end=\"1761\" \/>\n<h2 data-start=\"1763\" data-end=\"1809\">Qu\u00e8 fa que aquesta experi\u00e8ncia de sortida de sol sigui especial?<\/h2>\n<p data-start=\"1811\" data-end=\"1907\">A difer\u00e8ncia d'una excursi\u00f3 de senderisme t\u00edpica, aquesta experi\u00e8ncia guiada de sortida del sol se centra en la pres\u00e8ncia i la connexi\u00f3.<\/p>\n<p data-start=\"1909\" data-end=\"1938\">Al llarg de la ruta gaudireu de:<\/p>\n<ul data-start=\"1940\" data-end=\"2046\">\n<li data-start=\"1940\" data-end=\"1965\">\n<p data-start=\"1942\" data-end=\"1965\">Camins tranquils de la muntanya<\/p>\n<\/li>\n<li data-start=\"1966\" data-end=\"1993\">\n<p data-start=\"1968\" data-end=\"1993\">Pauses de respiraci\u00f3 guiades<\/p>\n<\/li>\n<li data-start=\"1994\" data-end=\"2018\">\n<p data-start=\"1996\" data-end=\"2018\">Intimitat en grup redu\u00eft<\/p>\n<\/li>\n<li data-start=\"2019\" data-end=\"2046\">\n<p data-start=\"2021\" data-end=\"2046\">Vistes panor\u00e0miques de l'alba<\/p>\n<\/li>\n<\/ul>\n<p data-start=\"2048\" data-end=\"2120\">\u00c9s una experi\u00e8ncia dissenyada no nom\u00e9s per a l'aventura, sin\u00f3 tamb\u00e9 per a la calma interior.<\/p>\n<hr data-start=\"2122\" data-end=\"2125\" \/>\n<h2 data-start=\"2127\" data-end=\"2154\">Esmorzar local opcional<\/h2>\n<p data-start=\"2156\" data-end=\"2272\">Despr\u00e9s de la baixada, podeu optar per continuar el mat\u00ed amb un esmorzar local i tranquil a Altea (opci\u00f3 addicional opcional).<\/p>\n<p data-start=\"2274\" data-end=\"2379\">Ens complau recomanar-vos llocs locals aut\u00e8ntics on podreu gaudir de sabors mediterranis despr\u00e9s de la caminada.<\/p>\n<p data-start=\"2381\" data-end=\"2432\">(L'esmorzar no est\u00e0 incl\u00f2s en l'experi\u00e8ncia base.)<\/p>\n<hr data-start=\"2434\" data-end=\"2437\" \/>\n<h2 data-start=\"2439\" data-end=\"2450\">Inclou<\/h2>\n<ul data-start=\"2452\" data-end=\"2581\">\n<li data-start=\"2452\" data-end=\"2496\">\n<p data-start=\"2454\" data-end=\"2496\">Ruta de muntanya guiada a l'alba (4\u20135 hores)<\/p>\n<\/li>\n<li data-start=\"2497\" data-end=\"2526\">\n<p data-start=\"2499\" data-end=\"2526\">Experi\u00e8ncia de l'alba al cim<\/p>\n<\/li>\n<li data-start=\"2527\" data-end=\"2556\">\n<p data-start=\"2529\" data-end=\"2556\">Momentos de respiraci\u00f3 conscient<\/p>\n<\/li>\n<li data-start=\"2557\" data-end=\"2581\">\n<p data-start=\"2559\" data-end=\"2581\">Orientaci\u00f3 de grup redu\u00eft<\/p>\n<\/li>\n<\/ul>\n<hr data-start=\"2583\" data-end=\"2586\" \/>\n<h2 data-start=\"2588\" data-end=\"2602\">Perfecte per a<\/h2>\n<ul data-start=\"2604\" data-end=\"2711\">\n<li data-start=\"2604\" data-end=\"2621\">\n<p data-start=\"2606\" data-end=\"2621\">Amants de la natura<\/p>\n<\/li>\n<li data-start=\"2622\" data-end=\"2638\">\n<p data-start=\"2624\" data-end=\"2638\">Els qui es llevin d'hora<\/p>\n<\/li>\n<li data-start=\"2639\" data-end=\"2661\">\n<p data-start=\"2641\" data-end=\"2661\">Viatgers conscients<\/p>\n<\/li>\n<li data-start=\"2662\" data-end=\"2689\">\n<p data-start=\"2664\" data-end=\"2689\">Apassionats de la fotografia<\/p>\n<\/li>\n<li data-start=\"2690\" data-end=\"2711\">\n<p data-start=\"2692\" data-end=\"2711\">Aventurers<\/p>\n<\/li>\n<\/ul>\n<hr data-start=\"2713\" data-end=\"2716\" \/>\n<h2 data-start=\"2718\" data-end=\"2724\">Preguntes freq\u00fcents<\/h2>\n<p data-start=\"2372\" data-end=\"2567\"><strong data-start=\"2372\" data-end=\"2420\">Aquesta excursi\u00f3 al mat\u00ed per veure la sortida del sol \u00e9s adequada per a principiants?<\/strong><br data-start=\"2420\" data-end=\"2423\" \/>La caminada \u00e9s moderada i adequada per a principiants actius. Si teniu cap dubte, poseu-vos en contacte amb nosaltres i us recomanarem l'opci\u00f3 m\u00e9s adequada al vostre nivell.<\/p>\n<p data-start=\"2569\" data-end=\"2730\"><strong data-start=\"2569\" data-end=\"2624\">Quant de temps dura l'Experi\u00e8ncia Sunrise Mountain?<\/strong><br data-start=\"2624\" data-end=\"2627\" \/>L'experi\u00e8ncia total dura al voltant de <strong data-start=\"2661\" data-end=\"2674\">4\u20135 hores<\/strong>, incloent-hi l'ascensi\u00f3, l'hora al mirador per al sol ixent i la baixada.<\/p>\n<p data-start=\"2732\" data-end=\"2912\"><strong data-start=\"2732\" data-end=\"2767\">On t\u00e9 lloc la ruta?<\/strong><br data-start=\"2767\" data-end=\"2770\" \/>La caminada t\u00e9 lloc a les muntanyes a prop de <strong data-start=\"2813\" data-end=\"2822\">Altea<\/strong> sobre el <strong data-start=\"2830\" data-end=\"2857\">Costa Blanca (Alacant)<\/strong>. Els detalls exactes del punt de trobada s'envien despr\u00e9s de la reserva.<\/p>\n<p data-start=\"2914\" data-end=\"3083\"><strong data-start=\"2914\" data-end=\"2938\">Qu\u00e8 he de portar?<\/strong><br data-start=\"2938\" data-end=\"2941\" \/>Porta sabatilles de senderisme, una jaqueta lleugera per a les temperatures del mat\u00ed primerenc, aigua i un petit refrigeri. Un frontal pot ser \u00fatil segons l'\u00e8poca de l'any.<\/p>\n<p data-start=\"3085\" data-end=\"3250\"><strong data-start=\"3085\" data-end=\"3111\">L'esmorzar est\u00e0 incl\u00f2s?<\/strong><br data-start=\"3111\" data-end=\"3114\" \/>L'esmorzar no est\u00e0 incl\u00f2s. Despr\u00e9s de la caminada, podem recomanar-vos llocs locals a Altea si voleu gaudir d'un esmorzar com a extra opcional.<\/p>\n<p data-start=\"3252\" data-end=\"3380\"><strong data-start=\"3252\" data-end=\"3290\">Puc reservar una excursi\u00f3 privada per veure la sortida del sol?<\/strong><br data-start=\"3290\" data-end=\"3293\" \/>S\u00ed. Les reserves privades estan disponibles a petici\u00f3 per a parelles, fam\u00edlies i petits grups.<\/p>\n<p data-start=\"3252\" data-end=\"3380\">\n<p data-start=\"2498\" data-end=\"2576\"><strong>\ud83d\udc49 <a class=\"decorated-link cursor-pointer\" href=\"https:\/\/www.inspirealtea.com\/ca\/contacte\/\" target=\"_new\" rel=\"noopener\" data-start=\"2512\" data-end=\"2574\">Reserva la teva excursi\u00f3 a la sortida del sol<\/a><\/strong><\/p>\n<p data-start=\"2498\" data-end=\"2576\"><strong>\ud83d\udc49 <a class=\"decorated-link cursor-pointer\" href=\"https:\/\/www.inspirealtea.com\/ca\/experiencies\/set-cims-desafien-alacant\/\" target=\"_new\" rel=\"noopener\" data-start=\"2512\" data-end=\"2574\">Uneix-te a nosaltres al Seven Summits Challenge \u2013 Edici\u00f3 d'Alacant<\/a><\/strong><\/p>\n<p data-start=\"2578\" data-end=\"2741\">Descobreix-ne m\u00e9s <a href=\"https:\/\/www.inspirealtea.com\/ca\/\">experi\u00e8ncies<\/a> en el nostre <a class=\"decorated-link cursor-pointer\" href=\"https:\/\/www.inspirealtea.com\/ca\/senderisme-alacant\/\" target=\"_new\" rel=\"noopener\" data-start=\"2611\" data-end=\"2671\">Senderisme a Altea<\/a> i <a class=\"decorated-link cursor-pointer\" href=\"https:\/\/www.inspirealtea.com\/ca\/ioga-a-altea\/\" target=\"_new\" rel=\"noopener\" data-start=\"2676\" data-end=\"2732\">Ioga a Altea<\/a> p\u00e0gines.<\/p>\n<p data-start=\"2578\" data-end=\"2741\">Llegiu els nostres articles relacionats amb ! :<\/p>\n<ul>\n<li data-start=\"2578\" data-end=\"2741\"><a href=\"https:\/\/www.inspirealtea.com\/ca\/ioga-a-laire-lliure-al-mar-mediterrani\/\">Ioga al costat del mar Mediterrani<\/a><\/li>\n<li data-start=\"2578\" data-end=\"2741\"><a href=\"https:\/\/www.inspirealtea.com\/ca\/senderisme-a-alacant-desperta-el-teu-esperit\/\">Senderisme a Alacant<\/a><\/li>\n<\/ul>","protected":false},"excerpt":{"rendered":"<p data-start=\"1013\" data-end=\"1188\">Experimenta una sortida de sol m\u00e0gica des d'un cim de muntanya prop d'Altea. Aquesta excursi\u00f3 guiada a l'alba combina aventura paisatg\u00edstica, moments de consci\u00e8ncia plena i vistes panor\u00e0miques de la Costa Blanca.<\/p>","protected":false},"featured_media":728,"comment_status":"open","ping_status":"closed","template":"","meta":{"nf_dc_page":"","om_disable_all_campaigns":false,"_monsterinsights_skip_tracking":false,"_monsterinsights_sitenote_active":false,"_monsterinsights_sitenote_note":"","_monsterinsights_sitenote_category":0,"_uf_show_specific_survey":0,"_uf_disable_surveys":false,"jetpack_post_was_ever_published":false,"jetpack_publicize_message":"","jetpack_publicize_feature_enabled":true,"jetpack_social_post_already_shared":false,"jetpack_social_options":{"image_generator_settings":{"template":"highway","default_image_id":0,"font":"","enabled":false},"version":2}},"product_brand":[35],"product_cat":[33,24],"product_tag":[376,378,377,380,136,379,381,382,143,375],"class_list":{"0":"post-730","1":"product","2":"type-product","3":"status-publish","4":"has-post-thumbnail","6":"product_brand-inspire-altea","7":"product_cat-hiking-nature-experiences","8":"product_cat-wellbeing-experiences","9":"product_tag-costa-blanca-sunrise","10":"product_tag-early-morning-hike","11":"product_tag-guided-hike-spain","12":"product_tag-hiking-altea","13":"product_tag-mindful-hiking","14":"product_tag-mountain-sunrise","15":"product_tag-nature-experience-spain","16":"product_tag-outdoor-adventure-costa-blanca","17":"product_tag-sunrise-hike","18":"product_tag-sunrise-hike-alicante","20":"first","21":"instock","22":"featured","23":"virtual","24":"purchasable","25":"product-type-simple"},"yoast_head":"<!-- This site is optimized with the Yoast SEO Premium plugin v27.3 (Yoast SEO v27.4) - https:\/\/yoast.com\/product\/yoast-seo-premium-wordpress\/ -->\n<title>Sunrise Hike Alicante | Guided Mountain Experience Costa Blanca<\/title>\n<meta name=\"description\" content=\"Watch the sunrise from a mountain summit near Altea. A guided sunrise hike in Alicante combining adventure, mindfulness, and breathtaking nature views.\" \/>\n<meta name=\"robots\" content=\"index, follow, max-snippet:-1, max-image-preview:large, max-video-preview:-1\" \/>\n<link rel=\"canonical\" href=\"https:\/\/www.inspirealtea.com\/ca\/experiencies\/excursio-a-la-sortida-del-sol-a-alacant\/\" \/>\n<meta property=\"og:locale\" content=\"ca_ES\" \/>\n<meta property=\"og:type\" content=\"article\" \/>\n<meta property=\"og:title\" content=\"Sunrise Mountain Experience \u2013 Costa Blanca\" \/>\n<meta property=\"og:description\" content=\"Watch the sunrise from a mountain summit near Altea. A guided sunrise hike in Alicante combining adventure, mindfulness, and breathtaking nature views.\" \/>\n<meta property=\"og:url\" content=\"https:\/\/www.inspirealtea.com\/ca\/experiencies\/excursio-a-la-sortida-del-sol-a-alacant\/\" \/>\n<meta property=\"og:site_name\" content=\"Yoga, Ayurveda and Hiking | Inspire Altea\" \/>\n<meta property=\"article:publisher\" content=\"https:\/\/www.facebook.com\/yogaayurveda.altea\" \/>\n<meta property=\"article:modified_time\" content=\"2026-03-25T12:29:40+00:00\" \/>\n<meta property=\"og:image\" content=\"https:\/\/www.inspirealtea.com\/wp-content\/uploads\/2025\/11\/IMG_5534-scaled.webp\" \/>\n\t<meta property=\"og:image:width\" content=\"2560\" \/>\n\t<meta property=\"og:image:height\" content=\"1920\" \/>\n\t<meta property=\"og:image:type\" content=\"image\/webp\" \/>\n<meta name=\"twitter:card\" content=\"summary_large_image\" \/>\n<meta name=\"twitter:label1\" content=\"Temps estimat de lectura\" \/>\n\t<meta name=\"twitter:data1\" content=\"3 minuts\" \/>\n<!-- \/ Yoast SEO Premium plugin. -->","yoast_head_json":{"title":"Ruta al sol ixent a Alacant | Experi\u00e8ncia de muntanya guiada a la Costa Blanca","description":"Contempla la sortida del sol des d'un cim de muntanya a prop d'Altea. Una excursi\u00f3 guiada per contemplar la sortida del sol a Alacant que combina aventura, mindfulness i vistes naturals impressionants.","robots":{"index":"index","follow":"follow","max-snippet":"max-snippet:-1","max-image-preview":"max-image-preview:large","max-video-preview":"max-video-preview:-1"},"canonical":"https:\/\/www.inspirealtea.com\/ca\/experiencies\/excursio-a-la-sortida-del-sol-a-alacant\/","og_locale":"ca_ES","og_type":"article","og_title":"Sunrise Mountain Experience \u2013 Costa Blanca","og_description":"Watch the sunrise from a mountain summit near Altea. A guided sunrise hike in Alicante combining adventure, mindfulness, and breathtaking nature views.","og_url":"https:\/\/www.inspirealtea.com\/ca\/experiencies\/excursio-a-la-sortida-del-sol-a-alacant\/","og_site_name":"Yoga, Ayurveda and Hiking | Inspire Altea","article_publisher":"https:\/\/www.facebook.com\/yogaayurveda.altea","article_modified_time":"2026-03-25T12:29:40+00:00","og_image":[{"width":2560,"height":1920,"url":"https:\/\/www.inspirealtea.com\/wp-content\/uploads\/2025\/11\/IMG_5534-scaled.webp","type":"image\/webp"}],"twitter_card":"summary_large_image","twitter_misc":{"Temps estimat de lectura":"3 minuts"},"schema":{"@context":"https:\/\/schema.org","@graph":[{"@type":"WebPage","@id":"https:\/\/www.inspirealtea.com\/experiences\/sunrise-hike-alicante\/","url":"https:\/\/www.inspirealtea.com\/experiences\/sunrise-hike-alicante\/","name":"Ruta al sol ixent a Alacant | Experi\u00e8ncia de muntanya guiada a la Costa Blanca","isPartOf":{"@id":"https:\/\/www.inspirealtea.com\/#website"},"primaryImageOfPage":{"@id":"https:\/\/www.inspirealtea.com\/experiences\/sunrise-hike-alicante\/#primaryimage"},"image":{"@id":"https:\/\/www.inspirealtea.com\/experiences\/sunrise-hike-alicante\/#primaryimage"},"thumbnailUrl":"https:\/\/i0.wp.com\/www.inspirealtea.com\/wp-content\/uploads\/2025\/11\/IMG_5534-scaled.webp?fit=2560%2C1920&ssl=1","datePublished":"2025-11-01T16:46:34+00:00","dateModified":"2026-03-25T12:29:40+00:00","description":"Contempla la sortida del sol des d'un cim de muntanya a prop d'Altea. Una excursi\u00f3 guiada per contemplar la sortida del sol a Alacant que combina aventura, mindfulness i vistes naturals impressionants.","breadcrumb":{"@id":"https:\/\/www.inspirealtea.com\/experiences\/sunrise-hike-alicante\/#breadcrumb"},"inLanguage":"ca","potentialAction":[{"@type":"ReadAction","target":["https:\/\/www.inspirealtea.com\/experiences\/sunrise-hike-alicante\/"]}]},{"@type":"ImageObject","inLanguage":"ca","@id":"https:\/\/www.inspirealtea.com\/experiences\/sunrise-hike-alicante\/#primaryimage","url":"https:\/\/i0.wp.com\/www.inspirealtea.com\/wp-content\/uploads\/2025\/11\/IMG_5534-scaled.webp?fit=2560%2C1920&ssl=1","contentUrl":"https:\/\/i0.wp.com\/www.inspirealtea.com\/wp-content\/uploads\/2025\/11\/IMG_5534-scaled.webp?fit=2560%2C1920&ssl=1","width":2560,"height":1920,"caption":"Enjoy the beauty of a Mediterranean sunrise during Inspire Altea\u2019s guided mountain experience in Alicante."},{"@type":"BreadcrumbList","@id":"https:\/\/www.inspirealtea.com\/experiences\/sunrise-hike-alicante\/#breadcrumb","itemListElement":[{"@type":"ListItem","position":1,"name":"Home","item":"https:\/\/www.inspirealtea.com\/"},{"@type":"ListItem","position":2,"name":"Experiences","item":"https:\/\/www.inspirealtea.com\/experiences\/"},{"@type":"ListItem","position":3,"name":"Wellbeing experiences","item":"https:\/\/www.inspirealtea.com\/product-category\/wellbeing-experiences\/"},{"@type":"ListItem","position":4,"name":"Hiking &amp; Nature Experiences","item":"https:\/\/www.inspirealtea.com\/product-category\/wellbeing-experiences\/hiking-nature-experiences\/"},{"@type":"ListItem","position":5,"name":"Sunrise Mountain Experience \u2013 Costa Blanca"}]},{"@type":"WebSite","@id":"https:\/\/www.inspirealtea.com\/#website","url":"https:\/\/www.inspirealtea.com\/","name":"Ioga, Ayurveda i Senderisme | Inspirar Altea","description":"Explora't a trav\u00e9s del Ioga, l'Ayurveda i les Excursions a Altea, Alacant \u2014 un santuari per al benestar al costat del Mediterrani.","publisher":{"@id":"https:\/\/www.inspirealtea.com\/#organization"},"alternateName":"Inspire Altea \u2013 Yoga, Ayurveda & Hiking","potentialAction":[{"@type":"SearchAction","target":{"@type":"EntryPoint","urlTemplate":"https:\/\/www.inspirealtea.com\/?s={search_term_string}"},"query-input":{"@type":"PropertyValueSpecification","valueRequired":true,"valueName":"search_term_string"}}],"inLanguage":"ca"},{"@type":"Organization","@id":"https:\/\/www.inspirealtea.com\/#organization","name":"Ioga, Ayurveda i Senderisme | Inspire Altea","alternateName":"IA Yoga Ayurveda Hike","url":"https:\/\/www.inspirealtea.com\/","logo":{"@type":"ImageObject","inLanguage":"ca","@id":"https:\/\/www.inspirealtea.com\/#\/schema\/logo\/image\/","url":"https:\/\/i0.wp.com\/www.inspirealtea.com\/wp-content\/uploads\/2025\/10\/Logo-Inspire-Altea.png?fit=1024%2C1024&ssl=1","contentUrl":"https:\/\/i0.wp.com\/www.inspirealtea.com\/wp-content\/uploads\/2025\/10\/Logo-Inspire-Altea.png?fit=1024%2C1024&ssl=1","width":1024,"height":1024,"caption":"Yoga, Ayurveda and Hiking | Inspire Altea"},"image":{"@id":"https:\/\/www.inspirealtea.com\/#\/schema\/logo\/image\/"},"sameAs":["https:\/\/www.facebook.com\/yogaayurveda.altea","https:\/\/www.instagram.com\/inspirealtea\/","https:\/\/www.linkedin.com\/in\/sergio-cisneros-galea","https:\/\/www.youtube.com\/@inspirealtea","https:\/\/gravatar.com\/sergiocisnerosgalea"],"description":"Discover holistic wellbeing experiences in Altea that connect body, mind, and nature. From yoga and Ayurveda to guided hiking and personalized retreats \u2014 all designed to help you restore balance, vitality, and inner peace.","email":"inspirealtea@gmail.com","telephone":"+33 6 07 42 58 97","legalName":"Sergio Cisneros Galea","foundingDate":"2019-11-11","numberOfEmployees":{"@type":"QuantitativeValue","minValue":"1","maxValue":"10"},"publishingPrinciples":"https:\/\/www.inspirealtea.com\/who-i-am\/"}]}},"jetpack_publicize_connections":[],"jetpack_sharing_enabled":true,"_links":{"self":[{"href":"https:\/\/www.inspirealtea.com\/ca\/wp-json\/wp\/v2\/product\/730","targetHints":{"allow":["GET"]}}],"collection":[{"href":"https:\/\/www.inspirealtea.com\/ca\/wp-json\/wp\/v2\/product"}],"about":[{"href":"https:\/\/www.inspirealtea.com\/ca\/wp-json\/wp\/v2\/types\/product"}],"replies":[{"embeddable":true,"href":"https:\/\/www.inspirealtea.com\/ca\/wp-json\/wp\/v2\/comments?post=730"}],"wp:featuredmedia":[{"embeddable":true,"href":"https:\/\/www.inspirealtea.com\/ca\/wp-json\/wp\/v2\/media\/728"}],"wp:attachment":[{"href":"https:\/\/www.inspirealtea.com\/ca\/wp-json\/wp\/v2\/media?parent=730"}],"wp:term":[{"taxonomy":"product_brand","embeddable":true,"href":"https:\/\/www.inspirealtea.com\/ca\/wp-json\/wp\/v2\/product_brand?post=730"},{"taxonomy":"product_cat","embeddable":true,"href":"https:\/\/www.inspirealtea.com\/ca\/wp-json\/wp\/v2\/product_cat?post=730"},{"taxonomy":"product_tag","embeddable":true,"href":"https:\/\/www.inspirealtea.com\/ca\/wp-json\/wp\/v2\/product_tag?post=730"}],"curies":[{"name":"wp","href":"https:\/\/api.w.org\/{rel}","templated":true}]}}