{"id":726,"date":"2025-11-01T18:23:37","date_gmt":"2025-11-01T16:23:37","guid":{"rendered":"https:\/\/www.inspirealtea.com\/product\/hiking-yoga-tapas-experience\/"},"modified":"2026-04-02T14:37:01","modified_gmt":"2026-04-02T13:37:01","slug":"senderisme-ioga-tapes-altea","status":"publish","type":"product","link":"https:\/\/www.inspirealtea.com\/ca\/experiences\/hiking-yoga-tapas-altea\/","title":{"rendered":"Senderisme, Ioga i Tapes Altea"},"content":{"rendered":"<h2 data-start=\"1612\" data-end=\"1657\">Experi\u00e8ncia de ioga, meditaci\u00f3 i tapes a la natura a Altea<\/h2>\n<p data-start=\"996\" data-end=\"1227\">Buscant un \u00fanic <em data-start=\"1017\" data-end=\"1042\">senderisme, ioga, tapes, Altea<\/em> experi\u00e8ncia? Aquesta aventura conscient de mig dia combina senders de muntanya pintorescos, ioga a la natura i deliciosa gastronomia local, tot guiat per un guia de muntanya certificat i professor de ioga.<\/p>\n<p data-start=\"1229\" data-end=\"1600\">Comen\u00e7a el teu viatge envoltat dels tranquils paisatges de <strong data-start=\"1289\" data-end=\"1319\">Altea i la Costa Blanca<\/strong>, on es troben el mar i la muntanya. La ruta us porta a trav\u00e9s de boscos de pins, camins tradicionals de pedra i impressionants miradors sobre el Mediterrani. Al llarg del cam\u00ed, fareu una pausa per a una <strong data-start=\"1499\" data-end=\"1530\">sessi\u00f3 guiada de ioga a l&#039;aire lliure<\/strong> \u2014 perfecte per connectar el cos i la respiraci\u00f3 amb el ritme de la natura.<\/p>\n<p data-start=\"1602\" data-end=\"1916\">Despr\u00e9s de la teva caminada conscient, ser\u00e0s recompensat amb un aut\u00e8ntic <strong data-start=\"1664\" data-end=\"1690\">Degustaci\u00f3 de tapes alacantines<\/strong>, seleccionats acuradament per reflectir els sabors mediterranis locals. Aquest moment final de compartir i relaxaci\u00f3 reuneix tot el que <em data-start=\"1827\" data-end=\"1852\">senderisme, ioga, tapes, Altea<\/em> L&#039;experi\u00e8ncia significa: moviment, consci\u00e8ncia plena i connexi\u00f3.<\/p>\n<p data-start=\"1918\" data-end=\"2184\">Liderat per <a href=\"https:\/\/www.inspirealtea.com\/ca\/qui-soc\/\"><strong data-start=\"1925\" data-end=\"1935\">Sergi<\/strong><\/a>, el vostre guia experimentat de muntanya i ioga, l&#039;activitat \u00e9s adequada per a tots els nivells. Tant si viatgeu sols, en parella o en un petit grup d&#039;amics, aquesta \u00e9s una oportunitat per descobrir l&#039;ess\u00e8ncia natural i cultural d&#039;Altea de manera conscient.<\/p>\n<h3 data-start=\"2112\" data-end=\"2147\">Qu\u00e8 fa que aquesta experi\u00e8ncia sigui especial?<\/h3>\n<p data-start=\"2149\" data-end=\"2249\">A difer\u00e8ncia de les excursions t\u00edpiques, aquesta experi\u00e8ncia de senderisme conscient se centra en la pres\u00e8ncia, el benestar i la connexi\u00f3.<\/p>\n<p data-start=\"2251\" data-end=\"2271\">Passar\u00e0s per:<\/p>\n<ul data-start=\"2273\" data-end=\"2349\">\n<li data-start=\"2273\" data-end=\"2289\">\n<p data-start=\"2275\" data-end=\"2289\">Boscos de pi<\/p>\n<\/li>\n<li data-start=\"2290\" data-end=\"2320\">\n<p data-start=\"2292\" data-end=\"2320\">Senderes de muntanya tradicionals<\/p>\n<\/li>\n<li data-start=\"2321\" data-end=\"2349\">\n<p data-start=\"2323\" data-end=\"2349\">Miradors mediterranis<\/p>\n<\/li>\n<\/ul>\n<p data-start=\"2351\" data-end=\"2403\">Pausa per a una sessi\u00f3 de ioga a l'aire lliure guiada dissenyada per a:<\/p>\n<ul data-start=\"2405\" data-end=\"2483\">\n<li data-start=\"2405\" data-end=\"2424\">\n<p data-start=\"2407\" data-end=\"2424\">Allibera la tensi\u00f3<\/p>\n<\/li>\n<li data-start=\"2425\" data-end=\"2453\">\n<p data-start=\"2427\" data-end=\"2453\">Millorar la consci\u00e8ncia de la respiraci\u00f3<\/p>\n<\/li>\n<li data-start=\"2454\" data-end=\"2483\">\n<p data-start=\"2456\" data-end=\"2483\">Potenciar la connexi\u00f3 amb la natura<\/p>\n<\/li>\n<\/ul>\n<h3 data-start=\"1005\" data-end=\"1188\"><strong data-start=\"1564\" data-end=\"1577\">Inclou<\/strong><\/h3>\n<ul data-start=\"1580\" data-end=\"1721\">\n<li data-start=\"1580\" data-end=\"1619\">\n<p data-start=\"1582\" data-end=\"1619\">Excursi\u00f3 guiada (2\u20133 hores, nivell f\u00e0cil)<\/p>\n<\/li>\n<li data-start=\"1620\" data-end=\"1644\">\n<p data-start=\"1622\" data-end=\"1644\">Sessi\u00f3 de ioga a l&#039;aire lliure<\/p>\n<\/li>\n<li data-start=\"1680\" data-end=\"1721\">\n<p data-start=\"1682\" data-end=\"1721\">Guia de mindfulness i coneixements locals<\/p>\n<\/li>\n<\/ul>\n<ul class=\"n8H08c UVNKR\">\n<li class=\"zfr3Q TYR86d eD0Rn\" dir=\"ltr\">\n<p class=\"zfr3Q CDt4Ke\" dir=\"ltr\" role=\"presentation\"><span class=\"jgG6ef C9DxTc\">Infusi\u00f3 ayurv\u00e8dica adaptada a l&#039;estaci\u00f3 de l&#039;any.\u00a0<\/span><\/p>\n<\/li>\n<\/ul>\n<h3 class=\"zfr3Q CDt4Ke\" dir=\"ltr\"><b>No inclou<\/b><\/h3>\n<ul>\n<li class=\"zfr3Q CDt4Ke\" dir=\"ltr\">Menjar i begudes (tapes opcionals, recomanaci\u00f3 de restaurant)<\/li>\n<\/ul>\n<ul class=\"n8H08c UVNKR\">\n<li class=\"zfr3Q TYR86d eD0Rn\" dir=\"ltr\">\n<p class=\"zfr3Q CDt4Ke\" dir=\"ltr\" role=\"presentation\"><span class=\"jgG6ef C9DxTc\">Transport.\u00a0<\/span><\/p>\n<\/li>\n<li class=\"zfr3Q TYR86d eD0Rn\" dir=\"ltr\">\n<p class=\"zfr3Q CDt4Ke\" dir=\"ltr\" role=\"presentation\"><span class=\"jgG6ef C9DxTc\">Guia de menjar i propines.<\/span><\/p>\n<\/li>\n<\/ul>\n<h3 dir=\"ltr\"><strong data-start=\"1723\" data-end=\"1739\">Perfecte per a<\/strong><\/h3>\n<p dir=\"ltr\">Viatgers lents, parelles, aventurers solitaris i qualsevol persona que busqui una connexi\u00f3 conscient a trav\u00e9s de la natura i el menjar.<\/p>\n<p class=\"zfr3Q CDt4Ke\" dir=\"ltr\"><strong><span class=\"jgG6ef C9DxTc\">Idiomes<\/span><\/strong><\/p>\n<p class=\"zfr3Q CDt4Ke\" dir=\"ltr\"><span class=\"jgG6ef C9DxTc\">franc\u00e8s, itali\u00e0, castell\u00e0, catal\u00e0 i angl\u00e8s<\/span><\/p>\n<p data-start=\"1854\" data-end=\"1909\"><strong><a href=\"https:\/\/www.inspirealtea.com\/ca\/contacte\/\">Llibre<\/a> La teva experi\u00e8ncia de senderisme i tapes<\/strong><\/p>\n<p data-start=\"1854\" data-end=\"1909\"><a href=\"https:\/\/www.inspirealtea.com\/ca\/experiencies\/excursio-a-la-sortida-del-sol-a-alacant\/\"><strong>Uneix-te a nosaltres a Sunrise Mountain Experience<\/strong><\/a><\/p>\n<p data-start=\"1854\" data-end=\"1909\">Per a m\u00e9s informaci\u00f3 <a href=\"https:\/\/www.inspirealtea.com\/ca\/\">activitats de benestar<\/a>, visiteu el nostre <a class=\"decorated-link cursor-pointer\" href=\"https:\/\/www.inspirealtea.com\/ca\/ioga-a-altea\/\" target=\"_new\" rel=\"noopener\" data-start=\"2643\" data-end=\"2699\">Ioga a Altea<\/a> i <a class=\"decorated-link cursor-pointer\" href=\"https:\/\/www.inspirealtea.com\/ca\/ayurveda-a-altea\/\" target=\"_new\" rel=\"noopener\" data-start=\"2704\" data-end=\"2768\">Ayurveda a Altea<\/a> p\u00e0gines.<\/p>\n<p data-start=\"1854\" data-end=\"1909\">Articles relacionats :<\/p>\n<ul>\n<li data-start=\"1854\" data-end=\"1909\"><a href=\"https:\/\/www.inspirealtea.com\/ca\/senderisme-a-alacant-desperta-el-teu-esperit\/\">Senderisme a Alacant<\/a><\/li>\n<li data-start=\"1854\" data-end=\"1909\"><a href=\"https:\/\/www.inspirealtea.com\/ca\/ioga-a-laire-lliure-al-mar-mediterrani\/\">Ioga al Mediterrani<\/a><\/li>\n<li data-start=\"1854\" data-end=\"1909\"><a href=\"https:\/\/www.inspirealtea.com\/ca\/ioga-a-altea-un-nou-fenomen-de-la-mediterrania\/\">Ioga a Altea<\/a><\/li>\n<\/ul>\n<p data-start=\"1854\" data-end=\"1909\"><em>Fes una ullada a l&#039;experi\u00e8ncia a <a href=\"https:\/\/www.linkalicante.com\/senderismo-yoga-alicante\/\">blogs locals<\/a>\u00a0<\/em><\/p>","protected":false},"excerpt":{"rendered":"<p data-start=\"1358\" data-end=\"1552\">Una experi\u00e8ncia de ioga, senderisme i tapes conscients a Altea que combina rutes naturals panor\u00e0miques, ioga a l'aire lliure i cuina local aut\u00e8ntica \u2014 perfecta per a viatgers conscients que busquen benestar a la Costa Blanca.<\/p>","protected":false},"featured_media":61,"comment_status":"open","ping_status":"closed","template":"","meta":{"nf_dc_page":"","om_disable_all_campaigns":false,"_monsterinsights_skip_tracking":false,"_monsterinsights_sitenote_active":false,"_monsterinsights_sitenote_note":"","_monsterinsights_sitenote_category":0,"_uf_show_specific_survey":0,"_uf_disable_surveys":false,"jetpack_post_was_ever_published":false,"jetpack_publicize_message":"","jetpack_publicize_feature_enabled":true,"jetpack_social_post_already_shared":false,"jetpack_social_options":{"image_generator_settings":{"template":"highway","default_image_id":0,"font":"","enabled":false},"version":2}},"product_brand":[35],"product_cat":[33,24],"product_tag":[142,124,137,132,140,136,141,28,135,134,139,133],"class_list":{"0":"post-726","1":"product","2":"type-product","3":"status-publish","4":"has-post-thumbnail","6":"product_brand-inspire-altea","7":"product_cat-hiking-nature-experiences","8":"product_cat-wellbeing-experiences","9":"product_tag-altea","10":"product_tag-altea-wellness","11":"product_tag-costa-blanca","12":"product_tag-hiking-in-altea","13":"product_tag-local-food-experience","14":"product_tag-mindful-hiking","15":"product_tag-nature-retreat","16":"product_tag-outdoor-yoga","17":"product_tag-spain","18":"product_tag-tapas-experience","19":"product_tag-travel-spain","20":"product_tag-yoga-in-nature","22":"first","23":"instock","24":"virtual","25":"purchasable","26":"product-type-simple"},"yoast_head":"<!-- This site is optimized with the Yoast SEO Premium plugin v27.3 (Yoast SEO v27.4) - https:\/\/yoast.com\/product\/yoast-seo-premium-wordpress\/ -->\n<title>Hiking Yoga Tapas Altea | Mindful Outdoor Experience<\/title>\n<meta name=\"description\" content=\"Join a mindful hike near Altea that combines yoga, nature, and local tapas. A unique experience blending movement, meditation, and Mediterranean flavour.\" \/>\n<meta name=\"robots\" content=\"index, follow, max-snippet:-1, max-image-preview:large, max-video-preview:-1\" \/>\n<link rel=\"canonical\" href=\"https:\/\/www.inspirealtea.com\/ca\/experiencies\/senderisme-ioga-tapes-altea\/\" \/>\n<meta property=\"og:locale\" content=\"ca_ES\" \/>\n<meta property=\"og:type\" content=\"article\" \/>\n<meta property=\"og:title\" content=\"Mindful Hiking Yoga Tapas Experience in Altea\" \/>\n<meta property=\"og:description\" content=\"A mindful hiking yoga tapas experience in Altea combining scenic nature trails, outdoor yoga, and authentic local cuisine \u2014 perfect for conscious travellers seeking wellness in the Costa Blanca.\" \/>\n<meta property=\"og:url\" content=\"https:\/\/www.inspirealtea.com\/ca\/experiencies\/senderisme-ioga-tapes-altea\/\" \/>\n<meta property=\"og:site_name\" content=\"Yoga, Ayurveda and Hiking | Inspire Altea\" \/>\n<meta property=\"article:publisher\" content=\"https:\/\/www.facebook.com\/yogaayurveda.altea\" \/>\n<meta property=\"article:modified_time\" content=\"2026-04-02T13:37:01+00:00\" \/>\n<meta property=\"og:image\" content=\"https:\/\/www.inspirealtea.com\/wp-content\/uploads\/2025\/10\/Hike-1.webp\" \/>\n\t<meta property=\"og:image:width\" content=\"354\" \/>\n\t<meta property=\"og:image:height\" content=\"521\" \/>\n\t<meta property=\"og:image:type\" content=\"image\/webp\" \/>\n<meta name=\"twitter:card\" content=\"summary_large_image\" \/>\n<meta name=\"twitter:title\" content=\"Hiking, Yoga &amp; Tapas Altea\" \/>\n<meta name=\"twitter:label1\" content=\"Temps estimat de lectura\" \/>\n\t<meta name=\"twitter:data1\" content=\"2 minuts\" \/>\n<!-- \/ Yoast SEO Premium plugin. -->","yoast_head_json":{"title":"Senderisme, Ioga, Tapes, Altea | Experi\u00e8ncia a l&#039;aire lliure conscient","description":"Uneix-te a una excursi\u00f3 conscient prop d&#039;Altea que combina ioga, natura i tapes locals. Una experi\u00e8ncia \u00fanica que combina moviment, meditaci\u00f3 i sabor mediterrani.","robots":{"index":"index","follow":"follow","max-snippet":"max-snippet:-1","max-image-preview":"max-image-preview:large","max-video-preview":"max-video-preview:-1"},"canonical":"https:\/\/www.inspirealtea.com\/ca\/experiencies\/senderisme-ioga-tapes-altea\/","og_locale":"ca_ES","og_type":"article","og_title":"Mindful Hiking Yoga Tapas Experience in Altea","og_description":"A mindful hiking yoga tapas experience in Altea combining scenic nature trails, outdoor yoga, and authentic local cuisine \u2014 perfect for conscious travellers seeking wellness in the Costa Blanca.","og_url":"https:\/\/www.inspirealtea.com\/ca\/experiencies\/senderisme-ioga-tapes-altea\/","og_site_name":"Yoga, Ayurveda and Hiking | Inspire Altea","article_publisher":"https:\/\/www.facebook.com\/yogaayurveda.altea","article_modified_time":"2026-04-02T13:37:01+00:00","og_image":[{"width":354,"height":521,"url":"https:\/\/www.inspirealtea.com\/wp-content\/uploads\/2025\/10\/Hike-1.webp","type":"image\/webp"}],"twitter_card":"summary_large_image","twitter_title":"Hiking, Yoga & Tapas Altea","twitter_misc":{"Temps estimat de lectura":"2 minuts"},"schema":{"@context":"https:\/\/schema.org","@graph":[{"@type":"WebPage","@id":"https:\/\/www.inspirealtea.com\/experiences\/hiking-yoga-tapas-altea\/","url":"https:\/\/www.inspirealtea.com\/experiences\/hiking-yoga-tapas-altea\/","name":"Senderisme, Ioga, Tapes, Altea | Experi\u00e8ncia a l&#039;aire lliure conscient","isPartOf":{"@id":"https:\/\/www.inspirealtea.com\/#website"},"primaryImageOfPage":{"@id":"https:\/\/www.inspirealtea.com\/experiences\/hiking-yoga-tapas-altea\/#primaryimage"},"image":{"@id":"https:\/\/www.inspirealtea.com\/experiences\/hiking-yoga-tapas-altea\/#primaryimage"},"thumbnailUrl":"https:\/\/i0.wp.com\/www.inspirealtea.com\/wp-content\/uploads\/2025\/10\/Hike-1.webp?fit=354%2C521&ssl=1","datePublished":"2025-11-01T16:23:37+00:00","dateModified":"2026-04-02T13:37:01+00:00","description":"Uneix-te a una excursi\u00f3 conscient prop d&#039;Altea que combina ioga, natura i tapes locals. Una experi\u00e8ncia \u00fanica que combina moviment, meditaci\u00f3 i sabor mediterrani.","breadcrumb":{"@id":"https:\/\/www.inspirealtea.com\/experiences\/hiking-yoga-tapas-altea\/#breadcrumb"},"inLanguage":"ca","potentialAction":[{"@type":"ReadAction","target":["https:\/\/www.inspirealtea.com\/experiences\/hiking-yoga-tapas-altea\/"]}]},{"@type":"ImageObject","inLanguage":"ca","@id":"https:\/\/www.inspirealtea.com\/experiences\/hiking-yoga-tapas-altea\/#primaryimage","url":"https:\/\/i0.wp.com\/www.inspirealtea.com\/wp-content\/uploads\/2025\/10\/Hike-1.webp?fit=354%2C521&ssl=1","contentUrl":"https:\/\/i0.wp.com\/www.inspirealtea.com\/wp-content\/uploads\/2025\/10\/Hike-1.webp?fit=354%2C521&ssl=1","width":354,"height":521,"caption":"Connecting body and breath through nature walks and yoga practice in Altea."},{"@type":"BreadcrumbList","@id":"https:\/\/www.inspirealtea.com\/experiences\/hiking-yoga-tapas-altea\/#breadcrumb","itemListElement":[{"@type":"ListItem","position":1,"name":"Home","item":"https:\/\/www.inspirealtea.com\/"},{"@type":"ListItem","position":2,"name":"Experiences","item":"https:\/\/www.inspirealtea.com\/experiences\/"},{"@type":"ListItem","position":3,"name":"Wellbeing experiences","item":"https:\/\/www.inspirealtea.com\/product-category\/wellbeing-experiences\/"},{"@type":"ListItem","position":4,"name":"Hiking &amp; Nature Experiences","item":"https:\/\/www.inspirealtea.com\/product-category\/wellbeing-experiences\/hiking-nature-experiences\/"},{"@type":"ListItem","position":5,"name":"Hiking, Yoga &#038; Tapas Altea"}]},{"@type":"WebSite","@id":"https:\/\/www.inspirealtea.com\/#website","url":"https:\/\/www.inspirealtea.com\/","name":"Ioga, Ayurveda i Senderisme | Inspirar Altea","description":"Explora't a trav\u00e9s del Ioga, l'Ayurveda i les Excursions a Altea, Alacant \u2014 un santuari per al benestar al costat del Mediterrani.","publisher":{"@id":"https:\/\/www.inspirealtea.com\/#organization"},"alternateName":"Inspire Altea \u2013 Yoga, Ayurveda & Hiking","potentialAction":[{"@type":"SearchAction","target":{"@type":"EntryPoint","urlTemplate":"https:\/\/www.inspirealtea.com\/?s={search_term_string}"},"query-input":{"@type":"PropertyValueSpecification","valueRequired":true,"valueName":"search_term_string"}}],"inLanguage":"ca"},{"@type":"Organization","@id":"https:\/\/www.inspirealtea.com\/#organization","name":"Ioga, Ayurveda i Senderisme | Inspire Altea","alternateName":"IA Yoga Ayurveda Hike","url":"https:\/\/www.inspirealtea.com\/","logo":{"@type":"ImageObject","inLanguage":"ca","@id":"https:\/\/www.inspirealtea.com\/#\/schema\/logo\/image\/","url":"https:\/\/i0.wp.com\/www.inspirealtea.com\/wp-content\/uploads\/2025\/10\/Logo-Inspire-Altea.png?fit=1024%2C1024&ssl=1","contentUrl":"https:\/\/i0.wp.com\/www.inspirealtea.com\/wp-content\/uploads\/2025\/10\/Logo-Inspire-Altea.png?fit=1024%2C1024&ssl=1","width":1024,"height":1024,"caption":"Yoga, Ayurveda and Hiking | Inspire Altea"},"image":{"@id":"https:\/\/www.inspirealtea.com\/#\/schema\/logo\/image\/"},"sameAs":["https:\/\/www.facebook.com\/yogaayurveda.altea","https:\/\/www.instagram.com\/inspirealtea\/","https:\/\/www.linkedin.com\/in\/sergio-cisneros-galea","https:\/\/www.youtube.com\/@inspirealtea","https:\/\/gravatar.com\/sergiocisnerosgalea"],"description":"Discover holistic wellbeing experiences in Altea that connect body, mind, and nature. From yoga and Ayurveda to guided hiking and personalized retreats \u2014 all designed to help you restore balance, vitality, and inner peace.","email":"inspirealtea@gmail.com","telephone":"+33 6 07 42 58 97","legalName":"Sergio Cisneros Galea","foundingDate":"2019-11-11","numberOfEmployees":{"@type":"QuantitativeValue","minValue":"1","maxValue":"10"},"publishingPrinciples":"https:\/\/www.inspirealtea.com\/who-i-am\/"}]}},"jetpack_publicize_connections":[],"jetpack_sharing_enabled":true,"_links":{"self":[{"href":"https:\/\/www.inspirealtea.com\/ca\/wp-json\/wp\/v2\/product\/726","targetHints":{"allow":["GET"]}}],"collection":[{"href":"https:\/\/www.inspirealtea.com\/ca\/wp-json\/wp\/v2\/product"}],"about":[{"href":"https:\/\/www.inspirealtea.com\/ca\/wp-json\/wp\/v2\/types\/product"}],"replies":[{"embeddable":true,"href":"https:\/\/www.inspirealtea.com\/ca\/wp-json\/wp\/v2\/comments?post=726"}],"wp:featuredmedia":[{"embeddable":true,"href":"https:\/\/www.inspirealtea.com\/ca\/wp-json\/wp\/v2\/media\/61"}],"wp:attachment":[{"href":"https:\/\/www.inspirealtea.com\/ca\/wp-json\/wp\/v2\/media?parent=726"}],"wp:term":[{"taxonomy":"product_brand","embeddable":true,"href":"https:\/\/www.inspirealtea.com\/ca\/wp-json\/wp\/v2\/product_brand?post=726"},{"taxonomy":"product_cat","embeddable":true,"href":"https:\/\/www.inspirealtea.com\/ca\/wp-json\/wp\/v2\/product_cat?post=726"},{"taxonomy":"product_tag","embeddable":true,"href":"https:\/\/www.inspirealtea.com\/ca\/wp-json\/wp\/v2\/product_tag?post=726"}],"curies":[{"name":"wp","href":"https:\/\/api.w.org\/{rel}","templated":true}]}}