{"id":568,"date":"2025-10-31T13:25:39","date_gmt":"2025-10-31T11:25:39","guid":{"rendered":"https:\/\/www.inspirealtea.com\/?post_type=product&#038;p=568"},"modified":"2026-03-14T12:30:01","modified_gmt":"2026-03-14T11:30:01","slug":"massatge-kalari","status":"publish","type":"product","link":"https:\/\/www.inspirealtea.com\/ca\/experiences\/kalari-massage\/","title":{"rendered":"Massatge Kalari"},"content":{"rendered":"<p data-start=\"1174\" data-end=\"1370\">Experi\u00e8ncia<strong data-start=\"1174\" data-end=\"1201\"> Kalari <a href=\"https:\/\/www.inspirealtea.com\/ca\/ayurveda-a-altea\/massatge\/\">Massatge<\/a> a Altea.<\/strong> Una potent ter\u00e0pia ayurv\u00e8dica arrelada en ancestrals pr\u00e0ctiques corporals dissenyades per millorar la vitalitat, la mobilitat i l&#039;equilibri interior.<\/p>\n<p data-start=\"1372\" data-end=\"1645\">El massatge Kalari, un massatge profund i din\u00e0mic, combina moviments precisos, estiraments i estimulaci\u00f3 de punts d&#039;energia per despertar la capacitat curativa natural del cos. Amb olis d&#039;herbes c\u00e0lids, el massatge Kalari millora la circulaci\u00f3, allibera la tensi\u00f3 muscular i promou el rejoveniment de tot el cos.<\/p>\n<p data-start=\"1647\" data-end=\"1923\">Ideal per a persones actives o qualsevol persona que busqui recuperar el flux d&#039;energia, el massatge Kalari ajuda a restaurar l&#039;alineaci\u00f3 f\u00edsica alhora que calma la ment. Cada tractament s&#039;adapta a les necessitats del teu cos i es realitza en un ambient seren que reflecteix la tranquil\u00b7litat mediterr\u00e0nia d&#039;Altea.<\/p>\n<p data-start=\"1925\" data-end=\"2114\">Explora altres <a href=\"https:\/\/www.inspirealtea.com\/ca\/ayurveda-a-altea\/\">ter\u00e0pies ayurv\u00e8diques<\/a> com ara <a class=\"decorated-link cursor-pointer\" href=\"https:\/\/www.inspirealtea.com\/ca\/product\/massatge-corporal-complet-abhyangam\/\" rel=\"noopener\" data-start=\"1967\" data-end=\"2044\">Massatge corporal complet Abhyangam<\/a> , <a href=\"https:\/\/www.inspirealtea.com\/ca\/experiencies\/massatge-esportiu\/\">Massatge esportiu<\/a>, <a href=\"https:\/\/www.inspirealtea.com\/ca\/experiencies\/massatge-celestial\/\">Massatge Celestial<\/a> o <a class=\"decorated-link cursor-pointer\" href=\"https:\/\/www.inspirealtea.com\/ca\/experiencies\/udwartana\/\" rel=\"noopener\" data-start=\"2048\" data-end=\"2111\">Massatge amb pols d&#039;herbes Udwartana<\/a>.<\/p>\n<p data-start=\"1925\" data-end=\"2114\">Llegiu l'article relacionat amb els principis ayurv\u00e8dics: <a href=\"https:\/\/www.inspirealtea.com\/ca\/massatges-medicinals-ayurvedics-daltea\/\">Ayurveda a Altea, Desbloqueja el poder dels massatges medicinals<\/a><\/p>","protected":false},"excerpt":{"rendered":"<p data-start=\"2005\" data-end=\"2151\">Una ter\u00e0pia ayurv\u00e8dica revitalitzant que combina t\u00e8cniques de pressi\u00f3 profunda amb olis d&#039;herbes per activar el flux d&#039;energia i alleujar la rigidesa muscular.<\/p>","protected":false},"featured_media":569,"comment_status":"open","ping_status":"closed","template":"","meta":{"nf_dc_page":"","om_disable_all_campaigns":false,"_monsterinsights_skip_tracking":false,"_monsterinsights_sitenote_active":false,"_monsterinsights_sitenote_note":"","_monsterinsights_sitenote_category":0,"_uf_show_specific_survey":0,"_uf_disable_surveys":false,"jetpack_post_was_ever_published":false,"jetpack_publicize_message":"","jetpack_publicize_feature_enabled":true,"jetpack_social_post_already_shared":false,"jetpack_social_options":{"image_generator_settings":{"template":"highway","default_image_id":0,"font":"","enabled":false},"version":2}},"product_brand":[35],"product_cat":[32,90,24],"product_tag":[91,104,106,101,103,102,100,105,64],"class_list":{"0":"post-568","1":"product","2":"type-product","3":"status-publish","4":"has-post-thumbnail","6":"product_brand-inspire-altea","7":"product_cat-ayurveda-therapies","8":"product_cat-massage-altea","9":"product_cat-wellbeing-experiences","10":"product_tag-ayurvedic-massage","11":"product_tag-body-alignment","12":"product_tag-costa-blanca-ayurveda","13":"product_tag-deep-tissue-massage","14":"product_tag-energy-balance","15":"product_tag-holistic-treatment","16":"product_tag-kalari-therapy","17":"product_tag-traditional-massage","18":"product_tag-wellness-altea","20":"first","21":"instock","22":"virtual","23":"purchasable","24":"product-type-simple"},"yoast_head":"<!-- This site is optimized with the Yoast SEO Premium plugin v27.3 (Yoast SEO v27.4) - https:\/\/yoast.com\/product\/yoast-seo-premium-wordpress\/ -->\n<title>Kalari Massage in Altea | Deep Ayurvedic Therapy<\/title>\n<meta name=\"description\" content=\"Kalari massage in Altea \u2014 a dynamic Ayurvedic treatment combining firm techniques and herbal oils to release deep muscle tension and improve flexibility.\" \/>\n<meta name=\"robots\" content=\"index, follow, max-snippet:-1, max-image-preview:large, max-video-preview:-1\" \/>\n<link rel=\"canonical\" href=\"https:\/\/www.inspirealtea.com\/ca\/experiencies\/massatge-kalari\/\" \/>\n<meta property=\"og:locale\" content=\"ca_ES\" \/>\n<meta property=\"og:type\" content=\"article\" \/>\n<meta property=\"og:title\" content=\"Kalari Massage\" \/>\n<meta property=\"og:description\" content=\"Kalari massage in Altea \u2014 a dynamic Ayurvedic treatment combining firm techniques and herbal oils to release deep muscle tension and improve flexibility.\" \/>\n<meta property=\"og:url\" content=\"https:\/\/www.inspirealtea.com\/ca\/experiencies\/massatge-kalari\/\" \/>\n<meta property=\"og:site_name\" content=\"Yoga, Ayurveda and Hiking | Inspire Altea\" \/>\n<meta property=\"article:publisher\" content=\"https:\/\/www.facebook.com\/yogaayurveda.altea\" \/>\n<meta property=\"article:modified_time\" content=\"2026-03-14T11:30:01+00:00\" \/>\n<meta property=\"og:image\" content=\"https:\/\/www.inspirealtea.com\/wp-content\/uploads\/2025\/10\/kalaripayattu.webp\" \/>\n\t<meta property=\"og:image:width\" content=\"720\" \/>\n\t<meta property=\"og:image:height\" content=\"405\" \/>\n\t<meta property=\"og:image:type\" content=\"image\/webp\" \/>\n<meta name=\"twitter:card\" content=\"summary_large_image\" \/>\n<meta name=\"twitter:label1\" content=\"Temps estimat de lectura\" \/>\n\t<meta name=\"twitter:data1\" content=\"1 minut\" \/>\n<!-- \/ Yoast SEO Premium plugin. -->","yoast_head_json":{"title":"Massatge Kalari a Altea | Ter\u00e0pia Ayurv\u00e8dica Profunda","description":"Massatge Kalari a Altea: un tractament ayurv\u00e8dic din\u00e0mic que combina t\u00e8cniques fermes i olis d&#039;herbes per alliberar tensions musculars profundes i millorar la flexibilitat.","robots":{"index":"index","follow":"follow","max-snippet":"max-snippet:-1","max-image-preview":"max-image-preview:large","max-video-preview":"max-video-preview:-1"},"canonical":"https:\/\/www.inspirealtea.com\/ca\/experiencies\/massatge-kalari\/","og_locale":"ca_ES","og_type":"article","og_title":"Kalari Massage","og_description":"Kalari massage in Altea \u2014 a dynamic Ayurvedic treatment combining firm techniques and herbal oils to release deep muscle tension and improve flexibility.","og_url":"https:\/\/www.inspirealtea.com\/ca\/experiencies\/massatge-kalari\/","og_site_name":"Yoga, Ayurveda and Hiking | Inspire Altea","article_publisher":"https:\/\/www.facebook.com\/yogaayurveda.altea","article_modified_time":"2026-03-14T11:30:01+00:00","og_image":[{"width":720,"height":405,"url":"https:\/\/www.inspirealtea.com\/wp-content\/uploads\/2025\/10\/kalaripayattu.webp","type":"image\/webp"}],"twitter_card":"summary_large_image","twitter_misc":{"Temps estimat de lectura":"1 minut"},"schema":{"@context":"https:\/\/schema.org","@graph":[{"@type":"WebPage","@id":"https:\/\/www.inspirealtea.com\/experiences\/kalari-massage\/","url":"https:\/\/www.inspirealtea.com\/experiences\/kalari-massage\/","name":"Massatge Kalari a Altea | Ter\u00e0pia Ayurv\u00e8dica Profunda","isPartOf":{"@id":"https:\/\/www.inspirealtea.com\/#website"},"primaryImageOfPage":{"@id":"https:\/\/www.inspirealtea.com\/experiences\/kalari-massage\/#primaryimage"},"image":{"@id":"https:\/\/www.inspirealtea.com\/experiences\/kalari-massage\/#primaryimage"},"thumbnailUrl":"https:\/\/i0.wp.com\/www.inspirealtea.com\/wp-content\/uploads\/2025\/10\/kalaripayattu.webp?fit=720%2C405&ssl=1","datePublished":"2025-10-31T11:25:39+00:00","dateModified":"2026-03-14T11:30:01+00:00","description":"Massatge Kalari a Altea: un tractament ayurv\u00e8dic din\u00e0mic que combina t\u00e8cniques fermes i olis d&#039;herbes per alliberar tensions musculars profundes i millorar la flexibilitat.","breadcrumb":{"@id":"https:\/\/www.inspirealtea.com\/experiences\/kalari-massage\/#breadcrumb"},"inLanguage":"ca","potentialAction":[{"@type":"ReadAction","target":["https:\/\/www.inspirealtea.com\/experiences\/kalari-massage\/"]}]},{"@type":"ImageObject","inLanguage":"ca","@id":"https:\/\/www.inspirealtea.com\/experiences\/kalari-massage\/#primaryimage","url":"https:\/\/i0.wp.com\/www.inspirealtea.com\/wp-content\/uploads\/2025\/10\/kalaripayattu.webp?fit=720%2C405&ssl=1","contentUrl":"https:\/\/i0.wp.com\/www.inspirealtea.com\/wp-content\/uploads\/2025\/10\/kalaripayattu.webp?fit=720%2C405&ssl=1","width":720,"height":405,"caption":"Deep revitalizing Ayurvedic bodywork inspired by traditional Kalari therapy."},{"@type":"BreadcrumbList","@id":"https:\/\/www.inspirealtea.com\/experiences\/kalari-massage\/#breadcrumb","itemListElement":[{"@type":"ListItem","position":1,"name":"Home","item":"https:\/\/www.inspirealtea.com\/"},{"@type":"ListItem","position":2,"name":"Experiences","item":"https:\/\/www.inspirealtea.com\/experiences\/"},{"@type":"ListItem","position":3,"name":"Wellbeing experiences","item":"https:\/\/www.inspirealtea.com\/product-category\/wellbeing-experiences\/"},{"@type":"ListItem","position":4,"name":"Ayurveda Therapies","item":"https:\/\/www.inspirealtea.com\/product-category\/wellbeing-experiences\/ayurveda-therapies\/"},{"@type":"ListItem","position":5,"name":"massage","item":"https:\/\/www.inspirealtea.com\/product-category\/wellbeing-experiences\/ayurveda-therapies\/massage-altea\/"},{"@type":"ListItem","position":6,"name":"Kalari Massage"}]},{"@type":"WebSite","@id":"https:\/\/www.inspirealtea.com\/#website","url":"https:\/\/www.inspirealtea.com\/","name":"Ioga, Ayurveda i Senderisme | Inspirar Altea","description":"Explora't a trav\u00e9s del Ioga, l'Ayurveda i les Excursions a Altea, Alacant \u2014 un santuari per al benestar al costat del Mediterrani.","publisher":{"@id":"https:\/\/www.inspirealtea.com\/#organization"},"alternateName":"Inspire Altea \u2013 Yoga, Ayurveda & Hiking","potentialAction":[{"@type":"SearchAction","target":{"@type":"EntryPoint","urlTemplate":"https:\/\/www.inspirealtea.com\/?s={search_term_string}"},"query-input":{"@type":"PropertyValueSpecification","valueRequired":true,"valueName":"search_term_string"}}],"inLanguage":"ca"},{"@type":"Organization","@id":"https:\/\/www.inspirealtea.com\/#organization","name":"Ioga, Ayurveda i Senderisme | Inspire Altea","alternateName":"IA Yoga Ayurveda Hike","url":"https:\/\/www.inspirealtea.com\/","logo":{"@type":"ImageObject","inLanguage":"ca","@id":"https:\/\/www.inspirealtea.com\/#\/schema\/logo\/image\/","url":"https:\/\/i0.wp.com\/www.inspirealtea.com\/wp-content\/uploads\/2025\/10\/Logo-Inspire-Altea.png?fit=1024%2C1024&ssl=1","contentUrl":"https:\/\/i0.wp.com\/www.inspirealtea.com\/wp-content\/uploads\/2025\/10\/Logo-Inspire-Altea.png?fit=1024%2C1024&ssl=1","width":1024,"height":1024,"caption":"Yoga, Ayurveda and Hiking | Inspire Altea"},"image":{"@id":"https:\/\/www.inspirealtea.com\/#\/schema\/logo\/image\/"},"sameAs":["https:\/\/www.facebook.com\/yogaayurveda.altea","https:\/\/www.instagram.com\/inspirealtea\/","https:\/\/www.linkedin.com\/in\/sergio-cisneros-galea","https:\/\/www.youtube.com\/@inspirealtea","https:\/\/gravatar.com\/sergiocisnerosgalea"],"description":"Discover holistic wellbeing experiences in Altea that connect body, mind, and nature. From yoga and Ayurveda to guided hiking and personalized retreats \u2014 all designed to help you restore balance, vitality, and inner peace.","email":"inspirealtea@gmail.com","telephone":"+33 6 07 42 58 97","legalName":"Sergio Cisneros Galea","foundingDate":"2019-11-11","numberOfEmployees":{"@type":"QuantitativeValue","minValue":"1","maxValue":"10"},"publishingPrinciples":"https:\/\/www.inspirealtea.com\/who-i-am\/"}]}},"jetpack_publicize_connections":[],"jetpack_sharing_enabled":true,"_links":{"self":[{"href":"https:\/\/www.inspirealtea.com\/ca\/wp-json\/wp\/v2\/product\/568","targetHints":{"allow":["GET"]}}],"collection":[{"href":"https:\/\/www.inspirealtea.com\/ca\/wp-json\/wp\/v2\/product"}],"about":[{"href":"https:\/\/www.inspirealtea.com\/ca\/wp-json\/wp\/v2\/types\/product"}],"replies":[{"embeddable":true,"href":"https:\/\/www.inspirealtea.com\/ca\/wp-json\/wp\/v2\/comments?post=568"}],"wp:featuredmedia":[{"embeddable":true,"href":"https:\/\/www.inspirealtea.com\/ca\/wp-json\/wp\/v2\/media\/569"}],"wp:attachment":[{"href":"https:\/\/www.inspirealtea.com\/ca\/wp-json\/wp\/v2\/media?parent=568"}],"wp:term":[{"taxonomy":"product_brand","embeddable":true,"href":"https:\/\/www.inspirealtea.com\/ca\/wp-json\/wp\/v2\/product_brand?post=568"},{"taxonomy":"product_cat","embeddable":true,"href":"https:\/\/www.inspirealtea.com\/ca\/wp-json\/wp\/v2\/product_cat?post=568"},{"taxonomy":"product_tag","embeddable":true,"href":"https:\/\/www.inspirealtea.com\/ca\/wp-json\/wp\/v2\/product_tag?post=568"}],"curies":[{"name":"wp","href":"https:\/\/api.w.org\/{rel}","templated":true}]}}