{"id":338,"date":"2025-10-28T10:22:13","date_gmt":"2025-10-28T09:22:13","guid":{"rendered":"https:\/\/www.inspirealtea.com\/?post_type=product&#038;p=338"},"modified":"2026-04-02T14:41:19","modified_gmt":"2026-04-02T13:41:19","slug":"consulta-dayurveda-a-altea","status":"publish","type":"product","link":"https:\/\/www.inspirealtea.com\/ca\/experiences\/ayurveda-consultation-altea\/","title":{"rendered":"Consulta individual d'Ayurveda a Altea"},"content":{"rendered":"<p data-start=\"1278\" data-end=\"1430\">Aquesta consulta d'Ayurveda a Altea ofereix un enfocament personalitzat per entendre el teu tipus de dosha, restaurar l'equilibri i millorar el benestar general.<\/p>\n<p data-start=\"989\" data-end=\"1164\">Buscant un\/a <strong data-start=\"1003\" data-end=\"1050\">personalitzat <\/strong><strong data-start=\"1003\" data-end=\"1050\"><a href=\"https:\/\/www.inspirealtea.com\/ca\/ayurveda-a-altea\/\">Ayurveda<\/a><\/strong><strong data-start=\"1003\" data-end=\"1050\"> consulta a Altea<\/strong>El nostre <strong data-start=\"1056\" data-end=\"1089\">Solter\/a <\/strong><strong data-start=\"1056\" data-end=\"1089\"><a href=\"https:\/\/www.inspirealtea.com\/ca\/ayurveda-a-altea\/consulta\/\">Consulta<\/a><\/strong> La sessi\u00f3 \u00e9s el punt de partida ideal per al vostre viatge de benestar ayurv\u00e8dic.<\/p>\n<p data-start=\"1166\" data-end=\"1473\">Durant la teva sessi\u00f3 de 60 minuts, rebr\u00e0s un<strong data-start=\"1214\" data-end=\"1253\"> Consulta personalitzada<\/strong> per determinar el teu tipus de dosha i els desequilibris de salut, seguit d'un pla de benestar fet a mida per a tu.<\/p>\n<p data-start=\"1475\" data-end=\"1640\">Tant si ets nou a l&#039;Ayurveda com si simplement necessites un moment per reconnectar amb el teu cos i la teva ment, aquesta sessi\u00f3 et proporciona la introducci\u00f3 perfecta a l&#039;autocura hol\u00edstica.<\/p>\n<p data-start=\"1642\" data-end=\"1784\">\ud83d\udca7 <strong data-start=\"1645\" data-end=\"1658\">Durada:<\/strong> Consulta de 60 minuts<\/p>\n<p>\ud83c\udf38 <strong data-start=\"1675\" data-end=\"1689\">Ideal per a:<\/strong> nouvinguts a l&#039;Ayurveda<\/p>\n<p>\ud83e\udeb7 <strong data-start=\"1717\" data-end=\"1730\">Inclou:<\/strong> Consulta + Massatge Ayurv\u00e8dic<\/p>\n<p>\ud83d\udcb6 <strong data-start=\"1768\" data-end=\"1778\">Preu:<\/strong> \u20ac60<\/p>\n<p data-start=\"2062\" data-end=\"2188\">Aquesta sessi\u00f3 \u00e9s ideal per a residents, visitants de llarga estada i viatgers de benestar a Altea que busquen un enfocament natural de la salut.<\/p>\n<p data-start=\"1786\" data-end=\"2018\"><strong data-start=\"1786\" data-end=\"1828\">A punt per comen\u00e7ar el teu viatge ayurv\u00e8dic?<\/strong><\/p>\n<p><a class=\"decorated-link cursor-pointer\" href=\"https:\/\/www.inspirealtea.com\/ca\/contacte\/\" target=\"_new\" rel=\"noopener\" data-start=\"1831\" data-end=\"1888\">Reserva la teva sessi\u00f3 ara<\/a> o explora el nostre <a class=\"decorated-link cursor-pointer\" href=\"https:\/\/www.inspirealtea.com\/ca\/experiencies\/cap-de-setmana-de-rejoveniment\/\" target=\"_new\" rel=\"noopener\" data-start=\"1904\" data-end=\"1991\">Cap de setmana de rejoveniment<\/a> per a una experi\u00e8ncia m\u00e9s profunda.<\/p>\n<p data-start=\"1786\" data-end=\"2018\"><em><a href=\"https:\/\/www.nccih.nih.gov\/health\/ayurvedic-medicine-in-depth\">Apr\u00e8n m\u00e9s sobre l&#039;Ayurveda<\/a><\/em><em> al Centre Nacional de Salut Complement\u00e0ria i Integrativa (NCCIH)<\/em><\/p>\n<p data-start=\"1786\" data-end=\"2018\">Llegiu-ne m\u00e9s a l'article del blog: <a href=\"https:\/\/www.inspirealtea.com\/ca\/massatges-medicinals-ayurvedics-daltea\/\">Ayurveda a Altea, Desbloqueja el poder dels massatges medicinals<\/a><\/p>","protected":false},"excerpt":{"rendered":"<p data-start=\"961\" data-end=\"1089\">Consulta d'Ayurveda personalitzada a Altea que inclou avaluaci\u00f3 dels doshas i orientaci\u00f3 a mida per a l'equilibri hol\u00edstic i el benestar.<\/p>","protected":false},"featured_media":384,"comment_status":"open","ping_status":"closed","template":"","meta":{"nf_dc_page":"","om_disable_all_campaigns":false,"_monsterinsights_skip_tracking":false,"_monsterinsights_sitenote_active":false,"_monsterinsights_sitenote_note":"","_monsterinsights_sitenote_category":0,"_uf_show_specific_survey":0,"_uf_disable_surveys":false,"jetpack_post_was_ever_published":false,"jetpack_publicize_message":"","jetpack_publicize_feature_enabled":true,"jetpack_social_post_already_shared":false,"jetpack_social_options":{"image_generator_settings":{"template":"highway","default_image_id":0,"font":"","enabled":false},"version":2}},"product_brand":[35],"product_cat":[32,24],"product_tag":[71,66,118,68,69,67,357,70,72,54],"class_list":{"0":"post-338","1":"product","2":"type-product","3":"status-publish","4":"has-post-thumbnail","6":"product_brand-inspire-altea","7":"product_cat-ayurveda-therapies","8":"product_cat-wellbeing-experiences","9":"product_tag-abhyanga-massage","10":"product_tag-ayurveda","11":"product_tag-ayurveda-altea","12":"product_tag-ayurveda-consultation-altea","13":"product_tag-ayurveda-massage","14":"product_tag-ayurvedic-therapy","15":"product_tag-holistic-consultation-altea","16":"product_tag-holistic-health","17":"product_tag-natural-therapies-spain","18":"product_tag-wellness-in-altea","20":"first","21":"instock","22":"featured","23":"virtual","24":"purchasable","25":"product-type-simple"},"yoast_head":"<!-- This site is optimized with the Yoast SEO Premium plugin v27.3 (Yoast SEO v27.4) - https:\/\/yoast.com\/product\/yoast-seo-premium-wordpress\/ -->\n<title>Ayurveda Consultation in Altea | Personalized Dosha Assessment<\/title>\n<meta name=\"description\" content=\"Experience a personalized Ayurveda consultation in Altea with full dosha assessment and tailored wellness guidance for balance and vitality.\" \/>\n<meta name=\"robots\" content=\"index, follow, max-snippet:-1, max-image-preview:large, max-video-preview:-1\" \/>\n<link rel=\"canonical\" href=\"https:\/\/www.inspirealtea.com\/ca\/experiencies\/consulta-dayurveda-a-altea\/\" \/>\n<meta property=\"og:locale\" content=\"ca_ES\" \/>\n<meta property=\"og:type\" content=\"article\" \/>\n<meta property=\"og:title\" content=\"Single Ayurveda Consultation in Altea\" \/>\n<meta property=\"og:description\" content=\"Personalized Ayurveda consultation in Altea including dosha assessment and tailored guidance for holistic balance and wellbeing.\" \/>\n<meta property=\"og:url\" content=\"https:\/\/www.inspirealtea.com\/ca\/experiencies\/consulta-dayurveda-a-altea\/\" \/>\n<meta property=\"og:site_name\" content=\"Yoga, Ayurveda and Hiking | Inspire Altea\" \/>\n<meta property=\"article:publisher\" content=\"https:\/\/www.facebook.com\/yogaayurveda.altea\" \/>\n<meta property=\"article:modified_time\" content=\"2026-04-02T13:41:19+00:00\" \/>\n<meta property=\"og:image\" content=\"https:\/\/www.inspirealtea.com\/wp-content\/uploads\/2025\/10\/pexels-photo-5566050.webp\" \/>\n\t<meta property=\"og:image:width\" content=\"867\" \/>\n\t<meta property=\"og:image:height\" content=\"1300\" \/>\n\t<meta property=\"og:image:type\" content=\"image\/webp\" \/>\n<meta name=\"twitter:card\" content=\"summary_large_image\" \/>\n<meta name=\"twitter:label1\" content=\"Temps estimat de lectura\" \/>\n\t<meta name=\"twitter:data1\" content=\"1 minut\" \/>\n<!-- \/ Yoast SEO Premium plugin. -->","yoast_head_json":{"title":"Consulta d'Ayurveda a Altea | Avaluaci\u00f3 personalitzada de Dosh\u00e0s","description":"Experimenta una consulta d'Ayurveda personalitzada a Altea amb una avaluaci\u00f3 completa dels doshas i orientaci\u00f3 de benestar a mida per a l'equilibri i la vitalitat.","robots":{"index":"index","follow":"follow","max-snippet":"max-snippet:-1","max-image-preview":"max-image-preview:large","max-video-preview":"max-video-preview:-1"},"canonical":"https:\/\/www.inspirealtea.com\/ca\/experiencies\/consulta-dayurveda-a-altea\/","og_locale":"ca_ES","og_type":"article","og_title":"Single Ayurveda Consultation in Altea","og_description":"Personalized Ayurveda consultation in Altea including dosha assessment and tailored guidance for holistic balance and wellbeing.","og_url":"https:\/\/www.inspirealtea.com\/ca\/experiencies\/consulta-dayurveda-a-altea\/","og_site_name":"Yoga, Ayurveda and Hiking | Inspire Altea","article_publisher":"https:\/\/www.facebook.com\/yogaayurveda.altea","article_modified_time":"2026-04-02T13:41:19+00:00","og_image":[{"width":867,"height":1300,"url":"https:\/\/www.inspirealtea.com\/wp-content\/uploads\/2025\/10\/pexels-photo-5566050.webp","type":"image\/webp"}],"twitter_card":"summary_large_image","twitter_misc":{"Temps estimat de lectura":"1 minut"},"schema":{"@context":"https:\/\/schema.org","@graph":[{"@type":"WebPage","@id":"https:\/\/www.inspirealtea.com\/experiences\/ayurveda-consultation-altea\/","url":"https:\/\/www.inspirealtea.com\/experiences\/ayurveda-consultation-altea\/","name":"Consulta d'Ayurveda a Altea | Avaluaci\u00f3 personalitzada de Dosh\u00e0s","isPartOf":{"@id":"https:\/\/www.inspirealtea.com\/#website"},"primaryImageOfPage":{"@id":"https:\/\/www.inspirealtea.com\/experiences\/ayurveda-consultation-altea\/#primaryimage"},"image":{"@id":"https:\/\/www.inspirealtea.com\/experiences\/ayurveda-consultation-altea\/#primaryimage"},"thumbnailUrl":"https:\/\/i0.wp.com\/www.inspirealtea.com\/wp-content\/uploads\/2025\/10\/pexels-photo-5566050.webp?fit=867%2C1300&ssl=1","datePublished":"2025-10-28T09:22:13+00:00","dateModified":"2026-04-02T13:41:19+00:00","description":"Experimenta una consulta d'Ayurveda personalitzada a Altea amb una avaluaci\u00f3 completa dels doshas i orientaci\u00f3 de benestar a mida per a l'equilibri i la vitalitat.","breadcrumb":{"@id":"https:\/\/www.inspirealtea.com\/experiences\/ayurveda-consultation-altea\/#breadcrumb"},"inLanguage":"ca","potentialAction":[{"@type":"ReadAction","target":["https:\/\/www.inspirealtea.com\/experiences\/ayurveda-consultation-altea\/"]}]},{"@type":"ImageObject","inLanguage":"ca","@id":"https:\/\/www.inspirealtea.com\/experiences\/ayurveda-consultation-altea\/#primaryimage","url":"https:\/\/i0.wp.com\/www.inspirealtea.com\/wp-content\/uploads\/2025\/10\/pexels-photo-5566050.webp?fit=867%2C1300&ssl=1","contentUrl":"https:\/\/i0.wp.com\/www.inspirealtea.com\/wp-content\/uploads\/2025\/10\/pexels-photo-5566050.webp?fit=867%2C1300&ssl=1","width":867,"height":1300,"caption":"Personalized holistic therapy sessions and consultations at Inspire Altea for balance and wellbeing."},{"@type":"BreadcrumbList","@id":"https:\/\/www.inspirealtea.com\/experiences\/ayurveda-consultation-altea\/#breadcrumb","itemListElement":[{"@type":"ListItem","position":1,"name":"Home","item":"https:\/\/www.inspirealtea.com\/"},{"@type":"ListItem","position":2,"name":"Experiences","item":"https:\/\/www.inspirealtea.com\/experiences\/"},{"@type":"ListItem","position":3,"name":"Wellbeing experiences","item":"https:\/\/www.inspirealtea.com\/product-category\/wellbeing-experiences\/"},{"@type":"ListItem","position":4,"name":"Ayurveda Therapies","item":"https:\/\/www.inspirealtea.com\/product-category\/wellbeing-experiences\/ayurveda-therapies\/"},{"@type":"ListItem","position":5,"name":"Single Ayurveda Consultation in Altea"}]},{"@type":"WebSite","@id":"https:\/\/www.inspirealtea.com\/#website","url":"https:\/\/www.inspirealtea.com\/","name":"Ioga, Ayurveda i Senderisme | Inspirar Altea","description":"Explora't a trav\u00e9s del Ioga, l'Ayurveda i les Excursions a Altea, Alacant \u2014 un santuari per al benestar al costat del Mediterrani.","publisher":{"@id":"https:\/\/www.inspirealtea.com\/#organization"},"alternateName":"Inspire Altea \u2013 Yoga, Ayurveda & Hiking","potentialAction":[{"@type":"SearchAction","target":{"@type":"EntryPoint","urlTemplate":"https:\/\/www.inspirealtea.com\/?s={search_term_string}"},"query-input":{"@type":"PropertyValueSpecification","valueRequired":true,"valueName":"search_term_string"}}],"inLanguage":"ca"},{"@type":"Organization","@id":"https:\/\/www.inspirealtea.com\/#organization","name":"Ioga, Ayurveda i Senderisme | Inspire Altea","alternateName":"IA Yoga Ayurveda Hike","url":"https:\/\/www.inspirealtea.com\/","logo":{"@type":"ImageObject","inLanguage":"ca","@id":"https:\/\/www.inspirealtea.com\/#\/schema\/logo\/image\/","url":"https:\/\/i0.wp.com\/www.inspirealtea.com\/wp-content\/uploads\/2025\/10\/Logo-Inspire-Altea.png?fit=1024%2C1024&ssl=1","contentUrl":"https:\/\/i0.wp.com\/www.inspirealtea.com\/wp-content\/uploads\/2025\/10\/Logo-Inspire-Altea.png?fit=1024%2C1024&ssl=1","width":1024,"height":1024,"caption":"Yoga, Ayurveda and Hiking | Inspire Altea"},"image":{"@id":"https:\/\/www.inspirealtea.com\/#\/schema\/logo\/image\/"},"sameAs":["https:\/\/www.facebook.com\/yogaayurveda.altea","https:\/\/www.instagram.com\/inspirealtea\/","https:\/\/www.linkedin.com\/in\/sergio-cisneros-galea","https:\/\/www.youtube.com\/@inspirealtea","https:\/\/gravatar.com\/sergiocisnerosgalea"],"description":"Discover holistic wellbeing experiences in Altea that connect body, mind, and nature. From yoga and Ayurveda to guided hiking and personalized retreats \u2014 all designed to help you restore balance, vitality, and inner peace.","email":"inspirealtea@gmail.com","telephone":"+33 6 07 42 58 97","legalName":"Sergio Cisneros Galea","foundingDate":"2019-11-11","numberOfEmployees":{"@type":"QuantitativeValue","minValue":"1","maxValue":"10"},"publishingPrinciples":"https:\/\/www.inspirealtea.com\/who-i-am\/"}]}},"jetpack_publicize_connections":[],"jetpack_sharing_enabled":true,"_links":{"self":[{"href":"https:\/\/www.inspirealtea.com\/ca\/wp-json\/wp\/v2\/product\/338","targetHints":{"allow":["GET"]}}],"collection":[{"href":"https:\/\/www.inspirealtea.com\/ca\/wp-json\/wp\/v2\/product"}],"about":[{"href":"https:\/\/www.inspirealtea.com\/ca\/wp-json\/wp\/v2\/types\/product"}],"replies":[{"embeddable":true,"href":"https:\/\/www.inspirealtea.com\/ca\/wp-json\/wp\/v2\/comments?post=338"}],"wp:featuredmedia":[{"embeddable":true,"href":"https:\/\/www.inspirealtea.com\/ca\/wp-json\/wp\/v2\/media\/384"}],"wp:attachment":[{"href":"https:\/\/www.inspirealtea.com\/ca\/wp-json\/wp\/v2\/media?parent=338"}],"wp:term":[{"taxonomy":"product_brand","embeddable":true,"href":"https:\/\/www.inspirealtea.com\/ca\/wp-json\/wp\/v2\/product_brand?post=338"},{"taxonomy":"product_cat","embeddable":true,"href":"https:\/\/www.inspirealtea.com\/ca\/wp-json\/wp\/v2\/product_cat?post=338"},{"taxonomy":"product_tag","embeddable":true,"href":"https:\/\/www.inspirealtea.com\/ca\/wp-json\/wp\/v2\/product_tag?post=338"}],"curies":[{"name":"wp","href":"https:\/\/api.w.org\/{rel}","templated":true}]}}