{"id":164,"date":"2025-10-23T12:19:28","date_gmt":"2025-10-23T10:19:28","guid":{"rendered":"https:\/\/www.inspirealtea.com\/product\/yoga-for-athletes-performance-in-altea\/"},"modified":"2026-02-24T16:24:52","modified_gmt":"2026-02-24T15:24:52","slug":"ioga-per-a-esportistes-a-altea","status":"publish","type":"product","link":"https:\/\/www.inspirealtea.com\/ca\/experiences\/yoga-for-athletes-altea\/","title":{"rendered":"Ioga per a esportistes i rendiment a Altea"},"content":{"rendered":"<h1 data-start=\"280\" data-end=\"322\"><span style=\"text-decoration: underline;\"><a href=\"https:\/\/www.inspirealtea.com\/ca\/ioga-a-altea\/\">Ioga<\/a><\/span> per a Atletes i Rendiment a Altea<\/h1>\n<p data-start=\"324\" data-end=\"531\">Millora el teu rendiment amb ioga per a atletes a Altea. Aquestes sessions dirigides milloren la mobilitat, la for\u00e7a, la flexibilitat, la concentraci\u00f3 i la recuperaci\u00f3 \u2014 ajudant-te a moure't amb m\u00e9s efic\u00e0cia i a reduir el risc de lesions.<\/p>\n<p data-start=\"533\" data-end=\"715\">Tant si corres, pedalejes, escalades o simplement portes un estil de vida actiu, aquesta pr\u00e0ctica afavoreix tant el rendiment com el benestar. T'ajuda a sentir-te m\u00e9s fort, a moure't amb llibertat i a recuperar-te m\u00e9s r\u00e0pidament.<\/p>\n<p data-start=\"717\" data-end=\"971\">Combinem postures din\u00e0miques, respiraci\u00f3 centrada i t\u00e8cniques pr\u00e0ctiques de recuperaci\u00f3. Cada sessi\u00f3 activa grups musculars clau, millora la mobilitat articular i desenvolupa la consci\u00e8ncia corporal. Com a resultat, et moues de manera m\u00e9s intel\u00b7ligent, redueixes la fatiga i disminueixes la tensi\u00f3 al teu cos.<\/p>\n<hr data-start=\"973\" data-end=\"976\" \/>\n<h2 data-start=\"978\" data-end=\"1010\">Entrenament m\u00e9s intel\u00b7ligent, recuperaci\u00f3 millor<\/h2>\n<p data-start=\"1012\" data-end=\"1066\">A Inspire Altea, adaptem cada sessi\u00f3 als teus objectius.<\/p>\n<p data-start=\"1068\" data-end=\"1097\">Per exemple, potser voldreu:<\/p>\n<ul data-start=\"1098\" data-end=\"1195\">\n<li data-start=\"1098\" data-end=\"1119\">\n<p data-start=\"1100\" data-end=\"1119\">Millorar la resist\u00e8ncia<\/p>\n<\/li>\n<li data-start=\"1120\" data-end=\"1141\">\n<p data-start=\"1122\" data-end=\"1141\">Augmentar la mobilitat<\/p>\n<\/li>\n<li data-start=\"1142\" data-end=\"1175\">\n<p data-start=\"1144\" data-end=\"1175\">Recuperar-se d'un entrenament intens<\/p>\n<\/li>\n<li data-start=\"1176\" data-end=\"1195\">\n<p data-start=\"1178\" data-end=\"1195\">Construir estabilitat<\/p>\n<\/li>\n<\/ul>\n<p data-start=\"1197\" data-end=\"1234\">Durant la sessi\u00f3, treballes a trav\u00e9s de:<\/p>\n<ul data-start=\"1236\" data-end=\"1471\">\n<li data-start=\"1236\" data-end=\"1313\">\n<p data-start=\"1238\" data-end=\"1313\"><strong data-start=\"1238\" data-end=\"1259\">Formaci\u00f3 en mobilitat<\/strong> que allibera la tensi\u00f3 i augmenta l'amplitud de moviment<\/p>\n<\/li>\n<li data-start=\"1314\" data-end=\"1375\">\n<p data-start=\"1316\" data-end=\"1375\"><strong data-start=\"1316\" data-end=\"1347\">Treball de for\u00e7a i estabilitat<\/strong> que d\u00f3na suport al rendiment<\/p>\n<\/li>\n<li data-start=\"1376\" data-end=\"1424\">\n<p data-start=\"1378\" data-end=\"1424\"><strong data-start=\"1378\" data-end=\"1403\">T\u00e8cniques de respiraci\u00f3 conscient<\/strong> que n'aguditzen el focus<\/p>\n<\/li>\n<li data-start=\"1425\" data-end=\"1471\">\n<p data-start=\"1427\" data-end=\"1471\"><strong data-start=\"1427\" data-end=\"1446\">Relaxaci\u00f3 profunda<\/strong> que millora la recuperaci\u00f3<\/p>\n<\/li>\n<\/ul>\n<p data-start=\"1473\" data-end=\"1548\">Aquest enfocament estructurat complementa la teva formaci\u00f3 en lloc de substituir-la.<\/p>\n<hr data-start=\"1550\" data-end=\"1553\" \/>\n<h2 data-start=\"1555\" data-end=\"1587\">Personalitzat en un grup redu\u00eft<\/h2>\n<p data-start=\"1589\" data-end=\"1689\">Sergio, professor de ioga certificat i guia de muntanya, condueix cada sessi\u00f3 amb claredat i precisi\u00f3.<\/p>\n<p data-start=\"1691\" data-end=\"1791\">Com que els grups s\u00f3n redu\u00efts, rebeu orientaci\u00f3 personal mentre gaudiu d'un entorn de classe din\u00e0mic.<\/p>\n<p data-start=\"1793\" data-end=\"1903\">Aquesta sessi\u00f3 de ioga per a atletes a Altea t\u00e9 un preu per persona i s'integra f\u00e0cilment a la teva rutina d'entrenament.<\/p>\n<hr data-start=\"1905\" data-end=\"1908\" \/>\n<h2 data-start=\"1910\" data-end=\"1928\">Detalls de la sessi\u00f3<\/h2>\n<ul data-start=\"1930\" data-end=\"2103\">\n<li data-start=\"1930\" data-end=\"1954\">\n<p data-start=\"1932\" data-end=\"1954\">Durada: 60 minuts<\/p>\n<\/li>\n<li data-start=\"1955\" data-end=\"2001\">\n<p data-start=\"1957\" data-end=\"2001\">Format: Grup redu\u00eft amb orientaci\u00f3 personalitzada<\/p>\n<\/li>\n<li data-start=\"2002\" data-end=\"2050\">\n<p data-start=\"2004\" data-end=\"2050\">Nivell: Adaptable a tots els antecedents atl\u00e8tics<\/p>\n<\/li>\n<li data-start=\"2051\" data-end=\"2103\">\n<p data-start=\"2053\" data-end=\"2103\">Enfocament: Mobilitat, for\u00e7a, recuperaci\u00f3 i treball de la respiraci\u00f3<\/p>\n<\/li>\n<\/ul>\n<p data-start=\"2105\" data-end=\"2128\">\ud83d\udca1 El preu \u00e9s per persona.<\/p>\n<hr data-start=\"2130\" data-end=\"2133\" \/>\n<h2 data-start=\"2135\" data-end=\"2146\">Inclou<\/h2>\n<ul data-start=\"2148\" data-end=\"2303\">\n<li data-start=\"2148\" data-end=\"2191\">\n<p data-start=\"2150\" data-end=\"2191\">Sessi\u00f3 de ioga guiada centrada en el rendiment<\/p>\n<\/li>\n<li data-start=\"2192\" data-end=\"2222\">\n<p data-start=\"2194\" data-end=\"2222\">Treball de mobilitat i for\u00e7a<\/p>\n<\/li>\n<li data-start=\"2223\" data-end=\"2261\">\n<p data-start=\"2225\" data-end=\"2261\">T\u00e8cniques de respiraci\u00f3 i recuperaci\u00f3<\/p>\n<\/li>\n<li data-start=\"2262\" data-end=\"2303\">\n<p data-start=\"2264\" data-end=\"2303\">Suport personalitzat dins del grup<\/p>\n<\/li>\n<\/ul>\n<hr data-start=\"2305\" data-end=\"2308\" \/>\n<h2 data-start=\"2310\" data-end=\"2343\">Continua el teu viatge de formaci\u00f3<\/h2>\n<p data-start=\"2345\" data-end=\"2385\">Molts atletes combinen aquesta sessi\u00f3 amb:<\/p>\n<ul data-start=\"2387\" data-end=\"2536\">\n<li data-start=\"2387\" data-end=\"2438\">\n<p data-start=\"2389\" data-end=\"2438\">A <a href=\"https:\/\/www.inspirealtea.com\/ca\/experiencies\/classes-particulars-de-ioga-a-altea\/\">Clase particular de ioga<\/a> per a una personalitzaci\u00f3 m\u00e9s profunda<\/p>\n<\/li>\n<li data-start=\"2439\" data-end=\"2486\">\n<p data-start=\"2441\" data-end=\"2486\">A <a href=\"https:\/\/www.inspirealtea.com\/ca\/senderisme-alacant\/\">Experi\u00e8ncia de senderisme<\/a> per al moviment funcional<\/p>\n<\/li>\n<li data-start=\"2487\" data-end=\"2536\">\n<p data-start=\"2489\" data-end=\"2536\">Un <a href=\"https:\/\/www.inspirealtea.com\/ca\/ayurveda-a-altea\/\">Ayurveda <\/a><a href=\"https:\/\/www.inspirealtea.com\/ca\/ayurveda-a-altea\/consulta\/\">Consulta<\/a> per a la recuperaci\u00f3 <a href=\"https:\/\/www.inspirealtea.com\/ca\/experiencies\/massatge-esportiu\/\">suport<\/a><\/p>\n<\/li>\n<\/ul>\n<hr data-start=\"2538\" data-end=\"2541\" \/>\n<h2 data-start=\"2543\" data-end=\"2550\">Preguntes freq\u00fcents<\/h2>\n<p data-start=\"2552\" data-end=\"2687\"><strong data-start=\"2552\" data-end=\"2580\">Per a qui \u00e9s aquesta sessi\u00f3?<\/strong><br data-start=\"2580\" data-end=\"2583\" \/>Corredors, ciclistes, escaladors i persones actives que volen millorar la mobilitat, la recuperaci\u00f3 i el rendiment.<\/p>\n<p data-start=\"2689\" data-end=\"2764\"><strong data-start=\"2689\" data-end=\"2713\">En qu\u00e8 ens centrem?<\/strong><br data-start=\"2713\" data-end=\"2716\" \/>Mobilitat, estabilitat, respiraci\u00f3 i relaxaci\u00f3.<\/p>\n<p data-start=\"2766\" data-end=\"2861\"><strong data-start=\"2766\" data-end=\"2811\">Pot ajudar amb malucs o espatlles r\u00edgides?<\/strong><br data-start=\"2811\" data-end=\"2814\" \/>S\u00ed. Adaptem la feina a les zones de tensi\u00f3 comunes.<\/p>\n<p data-start=\"2863\" data-end=\"2946\"><strong data-start=\"2863\" data-end=\"2889\">Pot igualar el meu esport?<\/strong><br data-start=\"2889\" data-end=\"2892\" \/>Absolutament. Adaptem la pr\u00e0ctica a la teva disciplina.<\/p>\n<p data-start=\"2948\" data-end=\"2997\"><strong data-start=\"2948\" data-end=\"2976\">Quant dura la sessi\u00f3?<\/strong><br data-start=\"2976\" data-end=\"2979\" \/>Al voltant de 60 minuts.<\/p>\n<p data-start=\"2999\" data-end=\"3110\"><strong data-start=\"2999\" data-end=\"3043\">Puc combinar-ho amb altres experi\u00e8ncies?<\/strong><br data-start=\"3043\" data-end=\"3046\" \/>S\u00ed. Molts hostes ho combinen amb ioga privat, ayurv\u00e8da o excursions.<\/p>","protected":false},"excerpt":{"rendered":"<p data-start=\"216\" data-end=\"423\">Improve performance, mobility, and recovery with Yoga for Athletes in Altea.<br data-start=\"292\" data-end=\"295\" \/>These focused sessions help runners, cyclists, climbers, and active individuals move better, prevent injury, and recover faster.<\/p>\n<p data-start=\"425\" data-end=\"480\">Guided by a certified teacher in a small-group setting.<\/p>\n<p data-start=\"482\" data-end=\"505\">\ud83d\udca1 El preu \u00e9s per persona.<\/p>","protected":false},"featured_media":163,"comment_status":"open","ping_status":"closed","template":"","meta":{"nf_dc_page":"","om_disable_all_campaigns":false,"_monsterinsights_skip_tracking":false,"_monsterinsights_sitenote_active":false,"_monsterinsights_sitenote_note":"","_monsterinsights_sitenote_category":0,"_uf_show_specific_survey":0,"_uf_disable_surveys":false,"jetpack_post_was_ever_published":false,"jetpack_publicize_message":"","jetpack_publicize_feature_enabled":true,"jetpack_social_post_already_shared":false,"jetpack_social_options":{"image_generator_settings":{"template":"highway","default_image_id":0,"font":"","enabled":false},"version":2}},"product_brand":[35],"product_cat":[24,22,55],"product_tag":[124,388,391,62,389,386,390,36,385,387,383,60,384,61,58],"class_list":{"0":"post-164","1":"product","2":"type-product","3":"status-publish","4":"has-post-thumbnail","6":"product_brand-inspire-altea","7":"product_cat-wellbeing-experiences","8":"product_cat-yoga-classes","9":"product_cat-yoga-for-athletes-altea","10":"product_tag-altea-wellness","11":"product_tag-breathwork-for-athletes","12":"product_tag-costa-blanca-fitness","13":"product_tag-flexibility-training","14":"product_tag-injury-prevention","15":"product_tag-mobility-training","16":"product_tag-performance-and-recovery","17":"product_tag-private-yoga-altea","18":"product_tag-sports-performance-yoga","19":"product_tag-strength-and-stability","20":"product_tag-yoga-for-athletes","21":"product_tag-yoga-for-climbers","22":"product_tag-yoga-for-cyclists","23":"product_tag-yoga-for-recovery","24":"product_tag-yoga-for-runners","26":"first","27":"instock","28":"featured","29":"virtual","30":"purchasable","31":"product-type-simple"},"yoast_head":"<!-- This site is optimized with the Yoast SEO Premium plugin v27.3 (Yoast SEO v27.4) - https:\/\/yoast.com\/product\/yoast-seo-premium-wordpress\/ -->\n<title>Yoga for Athletes in Altea | Performance &amp; Recovery Sessions<\/title>\n<meta name=\"description\" content=\"Boost mobility, strength, and recovery with yoga for athletes in Altea. Tailored sessions for runners, cyclists &amp; active individuals. Small groups.\" \/>\n<meta name=\"robots\" content=\"index, follow, max-snippet:-1, max-image-preview:large, max-video-preview:-1\" \/>\n<link rel=\"canonical\" href=\"https:\/\/www.inspirealtea.com\/ca\/experiencies\/ioga-per-a-esportistes-a-altea\/\" \/>\n<meta property=\"og:locale\" content=\"ca_ES\" \/>\n<meta property=\"og:type\" content=\"article\" \/>\n<meta property=\"og:title\" content=\"Yoga for Athletes &amp; Performance in Altea\" \/>\n<meta property=\"og:description\" content=\"Boost mobility, strength, and recovery with yoga for athletes in Altea. Tailored sessions for runners, cyclists &amp; active individuals. Small groups.\" \/>\n<meta property=\"og:url\" content=\"https:\/\/www.inspirealtea.com\/ca\/experiencies\/ioga-per-a-esportistes-a-altea\/\" \/>\n<meta property=\"og:site_name\" content=\"Yoga, Ayurveda and Hiking | Inspire Altea\" \/>\n<meta property=\"article:publisher\" content=\"https:\/\/www.facebook.com\/yogaayurveda.altea\" \/>\n<meta property=\"article:modified_time\" content=\"2026-02-24T15:24:52+00:00\" \/>\n<meta property=\"og:image\" content=\"https:\/\/www.inspirealtea.com\/wp-content\/uploads\/2025\/10\/pexels-klaus-nielsen-6303797-scaled.jpg\" \/>\n\t<meta property=\"og:image:width\" content=\"1707\" \/>\n\t<meta property=\"og:image:height\" content=\"2560\" \/>\n\t<meta property=\"og:image:type\" content=\"image\/jpeg\" \/>\n<meta name=\"twitter:card\" content=\"summary_large_image\" \/>\n<meta name=\"twitter:label1\" content=\"Temps estimat de lectura\" \/>\n\t<meta name=\"twitter:data1\" content=\"2 minuts\" \/>\n<!-- \/ Yoast SEO Premium plugin. -->","yoast_head_json":{"title":"Ioga per a atletes a Altea | Sessions de rendiment i recuperaci\u00f3","description":"Millora la mobilitat, la for\u00e7a i la recuperaci\u00f3 amb ioga per a atletes a Altea. Sessions a mida per a corredors, ciclistes i persones actives. Grups redu\u00efts.","robots":{"index":"index","follow":"follow","max-snippet":"max-snippet:-1","max-image-preview":"max-image-preview:large","max-video-preview":"max-video-preview:-1"},"canonical":"https:\/\/www.inspirealtea.com\/ca\/experiencies\/ioga-per-a-esportistes-a-altea\/","og_locale":"ca_ES","og_type":"article","og_title":"Yoga for Athletes & Performance in Altea","og_description":"Boost mobility, strength, and recovery with yoga for athletes in Altea. Tailored sessions for runners, cyclists & active individuals. Small groups.","og_url":"https:\/\/www.inspirealtea.com\/ca\/experiencies\/ioga-per-a-esportistes-a-altea\/","og_site_name":"Yoga, Ayurveda and Hiking | Inspire Altea","article_publisher":"https:\/\/www.facebook.com\/yogaayurveda.altea","article_modified_time":"2026-02-24T15:24:52+00:00","og_image":[{"width":1707,"height":2560,"url":"https:\/\/www.inspirealtea.com\/wp-content\/uploads\/2025\/10\/pexels-klaus-nielsen-6303797-scaled.jpg","type":"image\/jpeg"}],"twitter_card":"summary_large_image","twitter_misc":{"Temps estimat de lectura":"2 minuts"},"schema":{"@context":"https:\/\/schema.org","@graph":[{"@type":"WebPage","@id":"https:\/\/www.inspirealtea.com\/experiences\/yoga-for-athletes-altea\/","url":"https:\/\/www.inspirealtea.com\/experiences\/yoga-for-athletes-altea\/","name":"Ioga per a atletes a Altea | Sessions de rendiment i recuperaci\u00f3","isPartOf":{"@id":"https:\/\/www.inspirealtea.com\/#website"},"primaryImageOfPage":{"@id":"https:\/\/www.inspirealtea.com\/experiences\/yoga-for-athletes-altea\/#primaryimage"},"image":{"@id":"https:\/\/www.inspirealtea.com\/experiences\/yoga-for-athletes-altea\/#primaryimage"},"thumbnailUrl":"https:\/\/i0.wp.com\/www.inspirealtea.com\/wp-content\/uploads\/2025\/10\/pexels-klaus-nielsen-6303797-scaled.jpg?fit=1707%2C2560&ssl=1","datePublished":"2025-10-23T10:19:28+00:00","dateModified":"2026-02-24T15:24:52+00:00","description":"Millora la mobilitat, la for\u00e7a i la recuperaci\u00f3 amb ioga per a atletes a Altea. Sessions a mida per a corredors, ciclistes i persones actives. Grups redu\u00efts.","breadcrumb":{"@id":"https:\/\/www.inspirealtea.com\/experiences\/yoga-for-athletes-altea\/#breadcrumb"},"inLanguage":"ca","potentialAction":[{"@type":"ReadAction","target":["https:\/\/www.inspirealtea.com\/experiences\/yoga-for-athletes-altea\/"]}]},{"@type":"ImageObject","inLanguage":"ca","@id":"https:\/\/www.inspirealtea.com\/experiences\/yoga-for-athletes-altea\/#primaryimage","url":"https:\/\/i0.wp.com\/www.inspirealtea.com\/wp-content\/uploads\/2025\/10\/pexels-klaus-nielsen-6303797-scaled.jpg?fit=1707%2C2560&ssl=1","contentUrl":"https:\/\/i0.wp.com\/www.inspirealtea.com\/wp-content\/uploads\/2025\/10\/pexels-klaus-nielsen-6303797-scaled.jpg?fit=1707%2C2560&ssl=1","width":1707,"height":2560,"caption":"Improve flexibility, focus, and recovery with yoga for athletes in Altea \u2014 ideal for runners, climbers, and active individuals."},{"@type":"BreadcrumbList","@id":"https:\/\/www.inspirealtea.com\/experiences\/yoga-for-athletes-altea\/#breadcrumb","itemListElement":[{"@type":"ListItem","position":1,"name":"Home","item":"https:\/\/www.inspirealtea.com\/"},{"@type":"ListItem","position":2,"name":"Experiences","item":"https:\/\/www.inspirealtea.com\/experiences\/"},{"@type":"ListItem","position":3,"name":"Wellbeing experiences","item":"https:\/\/www.inspirealtea.com\/product-category\/wellbeing-experiences\/"},{"@type":"ListItem","position":4,"name":"Yoga Classes","item":"https:\/\/www.inspirealtea.com\/product-category\/wellbeing-experiences\/yoga-classes\/"},{"@type":"ListItem","position":5,"name":"Yoga for Athletes &amp; Performance","item":"https:\/\/www.inspirealtea.com\/product-category\/wellbeing-experiences\/yoga-classes\/yoga-for-athletes-altea\/"},{"@type":"ListItem","position":6,"name":"Yoga for Athletes &#038; Performance in Altea"}]},{"@type":"WebSite","@id":"https:\/\/www.inspirealtea.com\/#website","url":"https:\/\/www.inspirealtea.com\/","name":"Ioga, Ayurveda i Senderisme | Inspirar Altea","description":"Explora't a trav\u00e9s del Ioga, l'Ayurveda i les Excursions a Altea, Alacant \u2014 un santuari per al benestar al costat del Mediterrani.","publisher":{"@id":"https:\/\/www.inspirealtea.com\/#organization"},"alternateName":"Inspire Altea \u2013 Yoga, Ayurveda & Hiking","potentialAction":[{"@type":"SearchAction","target":{"@type":"EntryPoint","urlTemplate":"https:\/\/www.inspirealtea.com\/?s={search_term_string}"},"query-input":{"@type":"PropertyValueSpecification","valueRequired":true,"valueName":"search_term_string"}}],"inLanguage":"ca"},{"@type":"Organization","@id":"https:\/\/www.inspirealtea.com\/#organization","name":"Ioga, Ayurveda i Senderisme | Inspire Altea","alternateName":"IA Yoga Ayurveda Hike","url":"https:\/\/www.inspirealtea.com\/","logo":{"@type":"ImageObject","inLanguage":"ca","@id":"https:\/\/www.inspirealtea.com\/#\/schema\/logo\/image\/","url":"https:\/\/i0.wp.com\/www.inspirealtea.com\/wp-content\/uploads\/2025\/10\/Logo-Inspire-Altea.png?fit=1024%2C1024&ssl=1","contentUrl":"https:\/\/i0.wp.com\/www.inspirealtea.com\/wp-content\/uploads\/2025\/10\/Logo-Inspire-Altea.png?fit=1024%2C1024&ssl=1","width":1024,"height":1024,"caption":"Yoga, Ayurveda and Hiking | Inspire Altea"},"image":{"@id":"https:\/\/www.inspirealtea.com\/#\/schema\/logo\/image\/"},"sameAs":["https:\/\/www.facebook.com\/yogaayurveda.altea","https:\/\/www.instagram.com\/inspirealtea\/","https:\/\/www.linkedin.com\/in\/sergio-cisneros-galea","https:\/\/www.youtube.com\/@inspirealtea","https:\/\/gravatar.com\/sergiocisnerosgalea"],"description":"Discover holistic wellbeing experiences in Altea that connect body, mind, and nature. From yoga and Ayurveda to guided hiking and personalized retreats \u2014 all designed to help you restore balance, vitality, and inner peace.","email":"inspirealtea@gmail.com","telephone":"+33 6 07 42 58 97","legalName":"Sergio Cisneros Galea","foundingDate":"2019-11-11","numberOfEmployees":{"@type":"QuantitativeValue","minValue":"1","maxValue":"10"},"publishingPrinciples":"https:\/\/www.inspirealtea.com\/who-i-am\/"}]}},"jetpack_publicize_connections":[],"jetpack_sharing_enabled":true,"_links":{"self":[{"href":"https:\/\/www.inspirealtea.com\/ca\/wp-json\/wp\/v2\/product\/164","targetHints":{"allow":["GET"]}}],"collection":[{"href":"https:\/\/www.inspirealtea.com\/ca\/wp-json\/wp\/v2\/product"}],"about":[{"href":"https:\/\/www.inspirealtea.com\/ca\/wp-json\/wp\/v2\/types\/product"}],"replies":[{"embeddable":true,"href":"https:\/\/www.inspirealtea.com\/ca\/wp-json\/wp\/v2\/comments?post=164"}],"wp:featuredmedia":[{"embeddable":true,"href":"https:\/\/www.inspirealtea.com\/ca\/wp-json\/wp\/v2\/media\/163"}],"wp:attachment":[{"href":"https:\/\/www.inspirealtea.com\/ca\/wp-json\/wp\/v2\/media?parent=164"}],"wp:term":[{"taxonomy":"product_brand","embeddable":true,"href":"https:\/\/www.inspirealtea.com\/ca\/wp-json\/wp\/v2\/product_brand?post=164"},{"taxonomy":"product_cat","embeddable":true,"href":"https:\/\/www.inspirealtea.com\/ca\/wp-json\/wp\/v2\/product_cat?post=164"},{"taxonomy":"product_tag","embeddable":true,"href":"https:\/\/www.inspirealtea.com\/ca\/wp-json\/wp\/v2\/product_tag?post=164"}],"curies":[{"name":"wp","href":"https:\/\/api.w.org\/{rel}","templated":true}]}}