{"id":161,"date":"2025-10-23T10:58:10","date_gmt":"2025-10-23T08:58:10","guid":{"rendered":"https:\/\/www.inspirealtea.com\/?post_type=product&#038;p=161"},"modified":"2026-02-24T16:43:01","modified_gmt":"2026-02-24T15:43:01","slug":"retirs-de-ioga-per-a-esdeveniments-a-altea","status":"publish","type":"product","link":"https:\/\/www.inspirealtea.com\/ca\/experiences\/yoga-for-events-retreats-altea\/","title":{"rendered":"Ioga per a Esdeveniments i Retirs a Altea"},"content":{"rendered":"<h2 data-start=\"1287\" data-end=\"1325\"><a href=\"https:\/\/www.inspirealtea.com\/ca\/ioga-a-altea\/\">Ioga<\/a> per a esdeveniments i retirs a Altea<\/h2>\n<p data-start=\"1327\" data-end=\"1431\">Porta calma, connexi\u00f3 i inspiraci\u00f3 a la teva propera trobada amb Ioga per a esdeveniments i retirs a Altea.<\/p>\n<p data-start=\"1433\" data-end=\"1662\">Ja sigui que planifiqueu un cap de setmana de benestar, una celebraci\u00f3 de casament, un retir d'empresa o una experi\u00e8ncia de grup privat, aquestes sessions creen un moment compartit de pres\u00e8ncia i equilibri en una de les destinacions costaneres m\u00e9s belles d'Espanya.<\/p>\n<p data-start=\"1664\" data-end=\"1762\">A Inspire Altea, el ioga esdev\u00e9 m\u00e9s que moviment \u2014 esdev\u00e9 una experi\u00e8ncia que connecta les persones.<\/p>\n<hr data-start=\"1764\" data-end=\"1767\" \/>\n<h2 data-start=\"1769\" data-end=\"1808\">Una sessi\u00f3 dissenyada per a la teva ocasi\u00f3<\/h2>\n<p data-start=\"1810\" data-end=\"1874\">Cada sessi\u00f3 s'adapta als objectius, a l'energia i a l'horari del vostre grup.<\/p>\n<p data-start=\"1876\" data-end=\"1891\">Podeu triar:<\/p>\n<ul data-start=\"1893\" data-end=\"1981\">\n<li data-start=\"1893\" data-end=\"1916\">\n<p data-start=\"1895\" data-end=\"1916\">Un suau flux de sortida del sol<\/p>\n<\/li>\n<li data-start=\"1917\" data-end=\"1951\">\n<p data-start=\"1919\" data-end=\"1951\">Una pr\u00e0ctica di\u00fcrna energitzant<\/p>\n<\/li>\n<li data-start=\"1952\" data-end=\"1981\">\n<p data-start=\"1954\" data-end=\"1981\">Una sessi\u00f3 relaxant de posta de sol<\/p>\n<\/li>\n<\/ul>\n<p data-start=\"1983\" data-end=\"2095\">Les sessions es poden fer a l'aire lliure amb vistes al mar i a les muntanyes o a l'interior per a un ambient tranquil i \u00edntim.<\/p>\n<hr data-start=\"2097\" data-end=\"2100\" \/>\n<h2 data-start=\"2102\" data-end=\"2121\">Formats flexibles<\/h2>\n<p data-start=\"2123\" data-end=\"2261\">Treballem estretament amb planificadors d'esdeveniments, amfitrions de retirs i organitzadors privats per dissenyar sessions que s'integrin perfectament en el vostre programa.<\/p>\n<p data-start=\"2263\" data-end=\"2289\">Els formats disponibles inclouen:<\/p>\n<ul data-start=\"2291\" data-end=\"2391\">\n<li data-start=\"2291\" data-end=\"2324\">\n<p data-start=\"2293\" data-end=\"2324\">Sessions de ioga en grup de 60 minuts<\/p>\n<\/li>\n<li data-start=\"2325\" data-end=\"2357\">\n<p data-start=\"2327\" data-end=\"2357\">Experi\u00e8ncies de retirs de mig dia<\/p>\n<\/li>\n<li data-start=\"2358\" data-end=\"2391\">\n<p data-start=\"2360\" data-end=\"2391\">Programaci\u00f3 de benestar de dia complet<\/p>\n<\/li>\n<\/ul>\n<hr data-start=\"2393\" data-end=\"2396\" \/>\n<h2 data-start=\"2398\" data-end=\"2417\">Add-ons opcionals<\/h2>\n<p data-start=\"2419\" data-end=\"2448\">Millora la teva experi\u00e8ncia amb:<\/p>\n<ul data-start=\"2450\" data-end=\"2500\">\n<li data-start=\"2450\" data-end=\"2464\">\n<p data-start=\"2452\" data-end=\"2464\">Meditaci\u00f3<\/p>\n<\/li>\n<li data-start=\"2465\" data-end=\"2479\">\n<p data-start=\"2467\" data-end=\"2479\">Treball de la respiraci\u00f3<\/p>\n<\/li>\n<li data-start=\"2480\" data-end=\"2500\">\n<p data-start=\"2482\" data-end=\"2500\">Relaxaci\u00f3 sonora<\/p>\n<\/li>\n<\/ul>\n<hr data-start=\"2502\" data-end=\"2505\" \/>\n<h2 data-start=\"2507\" data-end=\"2534\">Avantatges per als teus convidats<\/h2>\n<p data-start=\"2536\" data-end=\"2569\">Aquestes sessions ajuden els participants:<\/p>\n<ul data-start=\"2571\" data-end=\"2689\">\n<li data-start=\"2571\" data-end=\"2602\">\n<p data-start=\"2573\" data-end=\"2602\">Senteix-te arrelat i connectat<\/p>\n<\/li>\n<li data-start=\"2603\" data-end=\"2622\">\n<p data-start=\"2605\" data-end=\"2622\">Allibera la tensi\u00f3<\/p>\n<\/li>\n<li data-start=\"2623\" data-end=\"2649\">\n<p data-start=\"2625\" data-end=\"2649\">Millorar la cohesi\u00f3 de grup<\/p>\n<\/li>\n<li data-start=\"2650\" data-end=\"2689\">\n<p data-start=\"2652\" data-end=\"2689\">Experimenta la calma i la pres\u00e8ncia compartides<\/p>\n<\/li>\n<\/ul>\n<p data-start=\"2691\" data-end=\"2751\">El ioga crea de manera natural una atmosfera acollidora i memorable.<\/p>\n<hr data-start=\"2753\" data-end=\"2756\" \/>\n<h2 data-start=\"2758\" data-end=\"2786\">Guidats per l'experi\u00e8ncia local<\/h2>\n<p data-start=\"2788\" data-end=\"2885\">Totes les sessions estan guiades per <strong data-start=\"2815\" data-end=\"2825\">Sergi<\/strong>, professor de ioga certificat i cap de muntanya amb seu a Altea.<\/p>\n<p data-start=\"2887\" data-end=\"2998\">El seu enfocament combina l'atenci\u00f3 plena, l'accessibilitat i la lleugeresa, fent que l'experi\u00e8ncia sigui agradable per a tots els nivells.<\/p>\n<hr data-start=\"3000\" data-end=\"3003\" \/>\n<h2 data-start=\"3005\" data-end=\"3023\">Detalls de la sessi\u00f3<\/h2>\n<ul data-start=\"3025\" data-end=\"3117\">\n<li data-start=\"3025\" data-end=\"3051\">\n<p data-start=\"3027\" data-end=\"3051\">Sessions de grup privades<\/p>\n<\/li>\n<li data-start=\"3052\" data-end=\"3089\">\n<p data-start=\"3054\" data-end=\"3089\">Al vostre local o en un espai a l'aire lliure<\/p>\n<\/li>\n<li data-start=\"3090\" data-end=\"3117\">\n<p data-start=\"3092\" data-end=\"3117\">Adequat per a tots els nivells<\/p>\n<\/li>\n<\/ul>\n<hr data-start=\"3119\" data-end=\"3122\" \/>\n<h2 data-start=\"3124\" data-end=\"3134\">Preus<\/h2>\n<p data-start=\"3136\" data-end=\"3175\">Les sessions comencen a partir de <strong data-start=\"3156\" data-end=\"3174\">150 \u20ac per grup<\/strong>.<\/p>\n<p data-start=\"3177\" data-end=\"3202\">El preu final dep\u00e8n de:<\/p>\n<ul data-start=\"3204\" data-end=\"3309\">\n<li data-start=\"3204\" data-end=\"3230\">\n<p data-start=\"3206\" data-end=\"3230\">Nombre de participants<\/p>\n<\/li>\n<li data-start=\"3231\" data-end=\"3243\">\n<p data-start=\"3233\" data-end=\"3243\">Ubicaci\u00f3<\/p>\n<\/li>\n<li data-start=\"3244\" data-end=\"3256\">\n<p data-start=\"3246\" data-end=\"3256\">Durada<\/p>\n<\/li>\n<li data-start=\"3257\" data-end=\"3279\">\n<p data-start=\"3259\" data-end=\"3279\">Equipament necessari<\/p>\n<\/li>\n<li data-start=\"3280\" data-end=\"3309\">\n<p data-start=\"3282\" data-end=\"3309\">Tipus de sessi\u00f3 sol\u00b7licitada<\/p>\n<\/li>\n<\/ul>\n<p data-start=\"3311\" data-end=\"3370\">Cada experi\u00e8ncia s'adapta a les necessitats del vostre esdeveniment o empresa.<\/p>\n<hr data-start=\"3372\" data-end=\"3375\" \/>\n<h2 data-start=\"3377\" data-end=\"3410\">Continua el teu viatge cap al benestar<\/h2>\n<p data-start=\"3412\" data-end=\"3457\">Molts organitzadors combinen aquesta experi\u00e8ncia amb:<\/p>\n<ul data-start=\"3459\" data-end=\"3536\">\n<li data-start=\"3459\" data-end=\"3483\">\n<p data-start=\"3461\" data-end=\"3483\"><a href=\"https:\/\/www.inspirealtea.com\/ca\/experiencies\/classes-particulars-de-ioga-a-altea\/\">Classes particulars de ioga<\/a><\/p>\n<\/li>\n<li data-start=\"3484\" data-end=\"3506\">\n<p data-start=\"3486\" data-end=\"3506\"><a href=\"https:\/\/www.inspirealtea.com\/ca\/senderisme-alacant\/\">Senderisme<\/a> Experi\u00e8ncies<\/p>\n<\/li>\n<li data-start=\"3507\" data-end=\"3536\">\n<p data-start=\"3509\" data-end=\"3536\"><a href=\"https:\/\/www.inspirealtea.com\/ca\/ayurveda-a-altea\/\">Ayurveda<\/a> <a href=\"https:\/\/www.inspirealtea.com\/ca\/experiencies\/cap-de-setmana-de-rejoveniment\/\">Retir<\/a> Programes i ayurv\u00e8dic <a href=\"https:\/\/www.inspirealtea.com\/ca\/experiencies\/consulta-dayurveda-a-altea\/\">Consulta<\/a><\/p>\n<\/li>\n<\/ul>\n<hr data-start=\"3538\" data-end=\"3541\" \/>\n<h1 data-start=\"3543\" data-end=\"3561\">Preguntes freq\u00fcents<\/h1>\n<p data-start=\"3563\" data-end=\"3646\"><strong data-start=\"3563\" data-end=\"3598\">\u00c9s adequat per a principiants?<\/strong><br data-start=\"3598\" data-end=\"3601\" \/>S\u00ed. Totes les sessions s'adapten al nivell del grup.<\/p>\n<p data-start=\"3648\" data-end=\"3762\"><strong data-start=\"3648\" data-end=\"3686\">Es poden celebrar sessions al nostre local?<\/strong><br data-start=\"3686\" data-end=\"3689\" \/>S\u00ed. El ioga es pot fer al vostre espai de retir, a la vila o al lloc de l'esdeveniment.<\/p>\n<p data-start=\"3764\" data-end=\"3860\"><strong data-start=\"3764\" data-end=\"3798\">Oferiu sessions a l'aire lliure?<\/strong><br data-start=\"3798\" data-end=\"3801\" \/>S\u00ed. Les sessions a l'aire lliure estan disponibles segons el lloc.<\/p>\n<p data-start=\"3862\" data-end=\"3945\"><strong data-start=\"3862\" data-end=\"3888\">Quina durada t\u00e9 una sessi\u00f3?<\/strong><br data-start=\"3888\" data-end=\"3891\" \/>Normalment 60 minuts, amb opcions de durada m\u00e9s llarga disponibles.<\/p>\n<p data-start=\"3947\" data-end=\"4030\"><strong data-start=\"3947\" data-end=\"3991\">Podem incloure meditaci\u00f3 o treball de la respiraci\u00f3?<\/strong><br data-start=\"3991\" data-end=\"3994\" \/>S\u00ed. Es poden afegir elements opcionals.<\/p>\n<p data-start=\"4032\" data-end=\"4205\"><strong data-start=\"4032\" data-end=\"4065\">Quant costa una sessi\u00f3?<\/strong><br data-start=\"4065\" data-end=\"4068\" \/>Les sessions comencen a 150 \u20ac per grup. El preu final dep\u00e8n del nombre de participants, de la ubicaci\u00f3, de la durada, de l'equipament i del tipus de sessi\u00f3.<\/p>","protected":false},"excerpt":{"rendered":"<p data-start=\"2000\" data-end=\"2206\">Bring yoga to your event or retreat in Altea.<br data-start=\"392\" data-end=\"395\" \/>Customised sessions designed to create connection, calm, and shared experiences \u2014 ideal for weddings, retreats, and private gatherings.<\/p>","protected":false},"featured_media":35,"comment_status":"open","ping_status":"closed","template":"","meta":{"nf_dc_page":"","om_disable_all_campaigns":false,"_monsterinsights_skip_tracking":false,"_monsterinsights_sitenote_active":false,"_monsterinsights_sitenote_note":"","_monsterinsights_sitenote_category":0,"_uf_show_specific_survey":0,"_uf_disable_surveys":false,"jetpack_post_was_ever_published":false,"jetpack_publicize_message":"","jetpack_publicize_feature_enabled":true,"jetpack_social_post_already_shared":false,"jetpack_social_options":{"image_generator_settings":{"template":"highway","default_image_id":0,"font":"","enabled":false},"version":2}},"product_brand":[35],"product_cat":[34,24],"product_tag":[395,397,46,53,396,393,52,43,394,398,392,49],"class_list":{"0":"post-161","1":"product","2":"type-product","3":"status-publish","4":"has-post-thumbnail","6":"product_brand-inspire-altea","7":"product_cat-retreats-special-events","8":"product_cat-wellbeing-experiences","9":"product_tag-corporate-wellness-yoga","10":"product_tag-costa-blanca-retreats","11":"product_tag-group-yoga-sessions","12":"product_tag-mindful-celebrations","13":"product_tag-outdoor-yoga-events","14":"product_tag-private-yoga-events","15":"product_tag-retreat-yoga-altea","16":"product_tag-wedding-yoga","17":"product_tag-wellness-retreats-altea","18":"product_tag-yoga-experiences-altea","19":"product_tag-yoga-for-events","20":"product_tag-yoga-for-groups","22":"first","23":"instock","24":"virtual","25":"purchasable","26":"product-type-simple"},"yoast_head":"<!-- This site is optimized with the Yoast SEO Premium plugin v27.3 (Yoast SEO v27.4) - https:\/\/yoast.com\/product\/yoast-seo-premium-wordpress\/ -->\n<title>Yoga for Events &amp; Retreats in Altea | Private Group Sessions<\/title>\n<meta name=\"description\" content=\"Private yoga sessions for events and retreats in Altea. Custom group experiences from 150\u20ac. Ideal for weddings, wellness weekends &amp; corporate retreats.\" \/>\n<meta name=\"robots\" content=\"index, follow, max-snippet:-1, max-image-preview:large, max-video-preview:-1\" \/>\n<link rel=\"canonical\" href=\"https:\/\/www.inspirealtea.com\/ca\/experiencies\/retirs-de-ioga-per-a-esdeveniments-a-altea\/\" \/>\n<meta property=\"og:locale\" content=\"ca_ES\" \/>\n<meta property=\"og:type\" content=\"article\" \/>\n<meta property=\"og:title\" content=\"Yoga for Events &amp; Retreats in Altea\" \/>\n<meta property=\"og:description\" content=\"Private yoga sessions for events and retreats in Altea. Custom group experiences from 150\u20ac. Ideal for weddings, wellness weekends &amp; corporate retreats.\" \/>\n<meta property=\"og:url\" content=\"https:\/\/www.inspirealtea.com\/ca\/experiencies\/retirs-de-ioga-per-a-esdeveniments-a-altea\/\" \/>\n<meta property=\"og:site_name\" content=\"Yoga, Ayurveda and Hiking | Inspire Altea\" \/>\n<meta property=\"article:publisher\" content=\"https:\/\/www.facebook.com\/yogaayurveda.altea\" \/>\n<meta property=\"article:modified_time\" content=\"2026-02-24T15:43:01+00:00\" \/>\n<meta property=\"og:image\" content=\"https:\/\/www.inspirealtea.com\/wp-content\/uploads\/2025\/10\/photo-1706550631637-d9fa9b425016-2.jpg\" \/>\n\t<meta property=\"og:image:width\" content=\"1200\" \/>\n\t<meta property=\"og:image:height\" content=\"1800\" \/>\n\t<meta property=\"og:image:type\" content=\"image\/jpeg\" \/>\n<meta name=\"twitter:card\" content=\"summary_large_image\" \/>\n<meta name=\"twitter:label1\" content=\"Temps estimat de lectura\" \/>\n\t<meta name=\"twitter:data1\" content=\"2 minuts\" \/>\n<!-- \/ Yoast SEO Premium plugin. -->","yoast_head_json":{"title":"Ioga per a esdeveniments i retirs a Altea | Sessions de grup privades","description":"Sessions de ioga privades per a esdeveniments i retirs a Altea. Experi\u00e8ncies de grup personalitzades des de 150 \u20ac. Ideal per a casaments, caps de setmana de benestar i retirs d'empresa.","robots":{"index":"index","follow":"follow","max-snippet":"max-snippet:-1","max-image-preview":"max-image-preview:large","max-video-preview":"max-video-preview:-1"},"canonical":"https:\/\/www.inspirealtea.com\/ca\/experiencies\/retirs-de-ioga-per-a-esdeveniments-a-altea\/","og_locale":"ca_ES","og_type":"article","og_title":"Yoga for Events & Retreats in Altea","og_description":"Private yoga sessions for events and retreats in Altea. Custom group experiences from 150\u20ac. Ideal for weddings, wellness weekends & corporate retreats.","og_url":"https:\/\/www.inspirealtea.com\/ca\/experiencies\/retirs-de-ioga-per-a-esdeveniments-a-altea\/","og_site_name":"Yoga, Ayurveda and Hiking | Inspire Altea","article_publisher":"https:\/\/www.facebook.com\/yogaayurveda.altea","article_modified_time":"2026-02-24T15:43:01+00:00","og_image":[{"width":1200,"height":1800,"url":"https:\/\/www.inspirealtea.com\/wp-content\/uploads\/2025\/10\/photo-1706550631637-d9fa9b425016-2.jpg","type":"image\/jpeg"}],"twitter_card":"summary_large_image","twitter_misc":{"Temps estimat de lectura":"2 minuts"},"schema":{"@context":"https:\/\/schema.org","@graph":[{"@type":"WebPage","@id":"https:\/\/www.inspirealtea.com\/experiences\/yoga-for-events-retreats-altea\/","url":"https:\/\/www.inspirealtea.com\/experiences\/yoga-for-events-retreats-altea\/","name":"Ioga per a esdeveniments i retirs a Altea | Sessions de grup privades","isPartOf":{"@id":"https:\/\/www.inspirealtea.com\/#website"},"primaryImageOfPage":{"@id":"https:\/\/www.inspirealtea.com\/experiences\/yoga-for-events-retreats-altea\/#primaryimage"},"image":{"@id":"https:\/\/www.inspirealtea.com\/experiences\/yoga-for-events-retreats-altea\/#primaryimage"},"thumbnailUrl":"https:\/\/i0.wp.com\/www.inspirealtea.com\/wp-content\/uploads\/2025\/10\/photo-1706550631637-d9fa9b425016-2.jpg?fit=1200%2C1800&ssl=1","datePublished":"2025-10-23T08:58:10+00:00","dateModified":"2026-02-24T15:43:01+00:00","description":"Sessions de ioga privades per a esdeveniments i retirs a Altea. Experi\u00e8ncies de grup personalitzades des de 150 \u20ac. Ideal per a casaments, caps de setmana de benestar i retirs d'empresa.","breadcrumb":{"@id":"https:\/\/www.inspirealtea.com\/experiences\/yoga-for-events-retreats-altea\/#breadcrumb"},"inLanguage":"ca","potentialAction":[{"@type":"ReadAction","target":["https:\/\/www.inspirealtea.com\/experiences\/yoga-for-events-retreats-altea\/"]}]},{"@type":"ImageObject","inLanguage":"ca","@id":"https:\/\/www.inspirealtea.com\/experiences\/yoga-for-events-retreats-altea\/#primaryimage","url":"https:\/\/i0.wp.com\/www.inspirealtea.com\/wp-content\/uploads\/2025\/10\/photo-1706550631637-d9fa9b425016-2.jpg?fit=1200%2C1800&ssl=1","contentUrl":"https:\/\/i0.wp.com\/www.inspirealtea.com\/wp-content\/uploads\/2025\/10\/photo-1706550631637-d9fa9b425016-2.jpg?fit=1200%2C1800&ssl=1","width":1200,"height":1800,"caption":"Join customized yoga experiences designed for private events, retreats, and special occasions. Feel refreshed and connected through mindful movement."},{"@type":"BreadcrumbList","@id":"https:\/\/www.inspirealtea.com\/experiences\/yoga-for-events-retreats-altea\/#breadcrumb","itemListElement":[{"@type":"ListItem","position":1,"name":"Home","item":"https:\/\/www.inspirealtea.com\/"},{"@type":"ListItem","position":2,"name":"Experiences","item":"https:\/\/www.inspirealtea.com\/experiences\/"},{"@type":"ListItem","position":3,"name":"Wellbeing experiences","item":"https:\/\/www.inspirealtea.com\/product-category\/wellbeing-experiences\/"},{"@type":"ListItem","position":4,"name":"Retreats &amp; Special Events","item":"https:\/\/www.inspirealtea.com\/product-category\/wellbeing-experiences\/retreats-special-events\/"},{"@type":"ListItem","position":5,"name":"Yoga for Events &#038; Retreats in Altea"}]},{"@type":"WebSite","@id":"https:\/\/www.inspirealtea.com\/#website","url":"https:\/\/www.inspirealtea.com\/","name":"Ioga, Ayurveda i Senderisme | Inspirar Altea","description":"Explora't a trav\u00e9s del Ioga, l'Ayurveda i les Excursions a Altea, Alacant \u2014 un santuari per al benestar al costat del Mediterrani.","publisher":{"@id":"https:\/\/www.inspirealtea.com\/#organization"},"alternateName":"Inspire Altea \u2013 Yoga, Ayurveda & Hiking","potentialAction":[{"@type":"SearchAction","target":{"@type":"EntryPoint","urlTemplate":"https:\/\/www.inspirealtea.com\/?s={search_term_string}"},"query-input":{"@type":"PropertyValueSpecification","valueRequired":true,"valueName":"search_term_string"}}],"inLanguage":"ca"},{"@type":"Organization","@id":"https:\/\/www.inspirealtea.com\/#organization","name":"Ioga, Ayurveda i Senderisme | Inspire Altea","alternateName":"IA Yoga Ayurveda Hike","url":"https:\/\/www.inspirealtea.com\/","logo":{"@type":"ImageObject","inLanguage":"ca","@id":"https:\/\/www.inspirealtea.com\/#\/schema\/logo\/image\/","url":"https:\/\/i0.wp.com\/www.inspirealtea.com\/wp-content\/uploads\/2025\/10\/Logo-Inspire-Altea.png?fit=1024%2C1024&ssl=1","contentUrl":"https:\/\/i0.wp.com\/www.inspirealtea.com\/wp-content\/uploads\/2025\/10\/Logo-Inspire-Altea.png?fit=1024%2C1024&ssl=1","width":1024,"height":1024,"caption":"Yoga, Ayurveda and Hiking | Inspire Altea"},"image":{"@id":"https:\/\/www.inspirealtea.com\/#\/schema\/logo\/image\/"},"sameAs":["https:\/\/www.facebook.com\/yogaayurveda.altea","https:\/\/www.instagram.com\/inspirealtea\/","https:\/\/www.linkedin.com\/in\/sergio-cisneros-galea","https:\/\/www.youtube.com\/@inspirealtea","https:\/\/gravatar.com\/sergiocisnerosgalea"],"description":"Discover holistic wellbeing experiences in Altea that connect body, mind, and nature. From yoga and Ayurveda to guided hiking and personalized retreats \u2014 all designed to help you restore balance, vitality, and inner peace.","email":"inspirealtea@gmail.com","telephone":"+33 6 07 42 58 97","legalName":"Sergio Cisneros Galea","foundingDate":"2019-11-11","numberOfEmployees":{"@type":"QuantitativeValue","minValue":"1","maxValue":"10"},"publishingPrinciples":"https:\/\/www.inspirealtea.com\/who-i-am\/"}]}},"jetpack_publicize_connections":[],"jetpack_sharing_enabled":true,"_links":{"self":[{"href":"https:\/\/www.inspirealtea.com\/ca\/wp-json\/wp\/v2\/product\/161","targetHints":{"allow":["GET"]}}],"collection":[{"href":"https:\/\/www.inspirealtea.com\/ca\/wp-json\/wp\/v2\/product"}],"about":[{"href":"https:\/\/www.inspirealtea.com\/ca\/wp-json\/wp\/v2\/types\/product"}],"replies":[{"embeddable":true,"href":"https:\/\/www.inspirealtea.com\/ca\/wp-json\/wp\/v2\/comments?post=161"}],"wp:featuredmedia":[{"embeddable":true,"href":"https:\/\/www.inspirealtea.com\/ca\/wp-json\/wp\/v2\/media\/35"}],"wp:attachment":[{"href":"https:\/\/www.inspirealtea.com\/ca\/wp-json\/wp\/v2\/media?parent=161"}],"wp:term":[{"taxonomy":"product_brand","embeddable":true,"href":"https:\/\/www.inspirealtea.com\/ca\/wp-json\/wp\/v2\/product_brand?post=161"},{"taxonomy":"product_cat","embeddable":true,"href":"https:\/\/www.inspirealtea.com\/ca\/wp-json\/wp\/v2\/product_cat?post=161"},{"taxonomy":"product_tag","embeddable":true,"href":"https:\/\/www.inspirealtea.com\/ca\/wp-json\/wp\/v2\/product_tag?post=161"}],"curies":[{"name":"wp","href":"https:\/\/api.w.org\/{rel}","templated":true}]}}