{"id":136,"date":"2025-10-22T12:01:40","date_gmt":"2025-10-22T10:01:40","guid":{"rendered":"https:\/\/www.inspirealtea.com\/?post_type=product&#038;p=136"},"modified":"2026-04-02T14:43:39","modified_gmt":"2026-04-02T13:43:39","slug":"classes-particulars-de-ioga-a-altea","status":"publish","type":"product","link":"https:\/\/www.inspirealtea.com\/ca\/experiences\/private-yoga-classes-altea\/","title":{"rendered":"Classes particulars de ioga a Altea | Individuals i grups redu\u00efts"},"content":{"rendered":"<h4 data-start=\"785\" data-end=\"891\"><strong data-start=\"790\" data-end=\"891\">Descobreix el poder d&#039;un viatge de ioga personal amb classes particulars de ioga a Altea d&#039;Inspire Altea<\/strong><\/h4>\n<p data-start=\"893\" data-end=\"1056\">Cada classe est\u00e0 dissenyada per satisfer les teves necessitats corporals en les cinc dimensions: f\u00edsica, energ\u00e8tica, emocional, ps\u00edquica i espiritual. Augmentar\u00e0s la confian\u00e7a, refinar\u00e0s l&#039;alineaci\u00f3 i aprofundir\u00e0s en la teva pr\u00e0ctica de meditaci\u00f3 i respiraci\u00f3.<\/p>\n<p data-start=\"893\" data-end=\"1056\">\ud83e\uddd8\u200d\u2640\ufe0f <strong data-start=\"576\" data-end=\"597\">Durada de la sessi\u00f3:<\/strong> 60 minuts. Cada classe \u00e9s una experi\u00e8ncia completa i personalitzada adaptada al teu ritme, energia i objectius.<\/p>\n<p data-start=\"1058\" data-end=\"1238\">\ud83c\udf3f <strong data-start=\"1061\" data-end=\"1077\">Perfecte per a:<\/strong><br data-start=\"1077\" data-end=\"1080\" \/>\u2013 Individuals, parelles o grups redu\u00efts.<br data-start=\"1128\" data-end=\"1131\" \/>\u2013 Tots els nivells s\u00f3n benvinguts, des de principiants fins a professionals avan\u00e7ats.<br data-start=\"1194\" data-end=\"1197\" \/>\u2013 Sessions a l&#039;interior, a l&#039;aire lliure o a casa.<\/p>\n<p data-start=\"1240\" data-end=\"1327\">Experimenta el ioga en un entorn tranquil i conscient envoltat per la bellesa d&#039;Altea. Aquests <strong data-start=\"988\" data-end=\"1021\">Classes particulars de ioga a Altea<\/strong> s\u00f3n la manera perfecta de connectar amb el teu equilibri interior mentre gaudeixes de l&#039;atmosfera mediterr\u00e0nia.<\/p>\n<section id=\"h.25cdcba8c5d95267_285\" class=\"yaqOZd\">\n<div class=\"mYVXT\">\n<div class=\"LS81yb VICjCf j5pSsc db35Fc\" tabindex=\"-1\">\n<div class=\"hJDwNd-AhqUyc-uQSCkd Ft7HRd-AhqUyc-uQSCkd purZT-AhqUyc-II5mzb ZcASvf-AhqUyc-II5mzb pSzOP-AhqUyc-qWD73c Ktthjf-AhqUyc-qWD73c JNdkSc SQVYQc\">\n<div class=\"JNdkSc-SmKAyb LkDMRd\">\n<div class=\"\">\n<div class=\"oKdM2c ZZyype Kzv0Me\">\n<div id=\"h.25cdcba8c5d95267_288\" class=\"hJDwNd-AhqUyc-uQSCkd Ft7HRd-AhqUyc-uQSCkd jXK9ad D2fZ2 zu5uec OjCsFc dmUFtb wHaque g5GTcb\">\n<div class=\"jXK9ad-SmKAyb\">\n<div class=\"tyJCtd mGzaTb Depvyb baZpAe\">\n<hr data-start=\"1329\" data-end=\"1332\" \/>\n<figure id=\"attachment_59\" aria-describedby=\"caption-attachment-59\" style=\"width: 197px\" class=\"wp-caption alignnone\"><a href=\"https:\/\/www.inspirealtea.com\/ca\/qui-soc\/\"><img data-recalc-dims=\"1\" decoding=\"async\" loading=\"lazy\" class=\"size-medium wp-image-59\" src=\"https:\/\/i0.wp.com\/www.inspirealtea.com\/wp-content\/uploads\/2025\/10\/Yoga-2.webp?resize=197%2C300&#038;ssl=1\" alt=\"Dhariya ensenya ioga a Altea \u2013 Professora de Ioga Internacional Certificada\" width=\"197\" height=\"300\" srcset=\"https:\/\/i0.wp.com\/www.inspirealtea.com\/wp-content\/uploads\/2025\/10\/Yoga-2.webp?resize=197%2C300&amp;ssl=1 197w, https:\/\/i0.wp.com\/www.inspirealtea.com\/wp-content\/uploads\/2025\/10\/Yoga-2.webp?w=347&amp;ssl=1 347w\" sizes=\"auto, (max-width: 197px) 100vw, 197px\" \/><\/a><figcaption id=\"caption-attachment-59\" class=\"wp-caption-text\">Sergi Dhariya, Professor de Ioga Certificat Internacional a Altea, que ofereix ioga aut\u00e8ntic inspirat per Mestres indis.<\/figcaption><\/figure>\n<h3 data-start=\"1334\" data-end=\"1436\"><strong style=\"font-size: 16px;\" data-start=\"1338\" data-end=\"1436\">Ioga dirigit per Sergi Dhariya, professor de ioga certificat internacionalment i influ\u00eft per mestres de ioga indis.<\/strong><\/h3>\n<p data-start=\"1338\" data-end=\"1420\">Sergi Dhariya ensenya ioga aut\u00e8ntic a Altea, inspirat per mestres tradicionals indis.<\/p>\n<p data-start=\"1422\" data-end=\"1596\">Va comen\u00e7ar el seu viatge al m\u00f3n del ioga al Regne Unit, on va descobrir l&#039;ess\u00e8ncia del ioga cl\u00e0ssic amb Yogacharya Janadev i Yogacharini Deepika al Yoga Satsanga Ashram de Gal\u00b7les.<\/p>\n<p data-start=\"1598\" data-end=\"1878\">Despr\u00e9s d&#039;anys de pr\u00e0ctica constant i una transformaci\u00f3 notable, va decidir aprofundir. Per tant, va viatjar a Mallorca per completar una formaci\u00f3 de professor de ioga multiestil de 200 hores (Hatha, Ashtanga, Vinyasa i Yin Ioga) a Green Yoga International amb Amrendra (Indrjeet Dev).<\/p>\n<p data-start=\"1880\" data-end=\"2119\">M\u00e9s tard, va continuar estudiant Hatha Ioga amb Yogini Durga a Ard\u00e8che, Fran\u00e7a. Aquesta formaci\u00f3 avan\u00e7ada de 500 hores va integrar filosofia i aplicaci\u00f3 a la vida quotidiana. Com a resultat, el seu ensenyament combina precisi\u00f3, consci\u00e8ncia i profunditat espiritual.<\/p>\n<p data-start=\"2121\" data-end=\"2368\">L'estil de Sergi Dhariya Yoga segueix el llinatge del Kundalini Yoga, el Tantra Yoga i el Yoga del So. A m\u00e9s, la seva obra reflecteix la saviesa de mestres com Sri Ramana Maharshi, Swami Satyananda Saraswati, Swami Vidyanand, Patrick Torre i Shannon Gannon.<\/p>\n<p data-start=\"2370\" data-end=\"2525\">Aquests <strong data-start=\"2376\" data-end=\"2409\">Privat <a href=\"https:\/\/www.inspirealtea.com\/ca\/ioga-a-altea\/\">Ioga<\/a> Classes a Altea<\/strong> combina els ensenyaments tradicionals amb la comprensi\u00f3 moderna per ajudar-te a trobar pau interior, for\u00e7a i autoconsci\u00e8ncia.<\/p>\n<p data-start=\"2370\" data-end=\"2525\">Llegiu l'article relacionat: <a href=\"https:\/\/www.inspirealtea.com\/ca\/ioga-a-laire-lliure-al-mar-mediterrani\/\">Ioga al costat del mar Mediterrani, una nova dimensi\u00f3 de la pr\u00e0ctica<\/a><\/p>\n<\/div>\n<p data-start=\"2359\" data-end=\"2473\">Tamb\u00e9 podeu unir-vos al nostre <a href=\"https:\/\/www.inspirealtea.com\/ca\/experiencies\/classes-de-ioga-en-grup-a-altea\/\">Classes de ioga en grup<\/a> a Altea o explora el nostre <a href=\"https:\/\/www.inspirealtea.com\/ca\/experiencies\/societat-de-ioga-altea\/\">Subscripci\u00f3 de ioga<\/a> per a una pr\u00e0ctica setmanal constant. <a href=\"https:\/\/www.inspirealtea.com\/ca\/senderisme-alacant\/\">Senderisme<\/a> a les Muntanyes d'Alacant, o Submergeix-te en les Joies de <a href=\"https:\/\/www.inspirealtea.com\/ca\/ayurveda-a-altea\/\">Ayurveda<\/a> Ci\u00e8ncia.<\/p>\n<\/div>\n<\/div>\n<\/div>\n<\/div>\n<\/div>\n<\/div>\n<\/div>\n<\/div>\n<\/section>","protected":false},"excerpt":{"rendered":"<p data-start=\"870\" data-end=\"1046\">Classes de ioga privades i personalitzades a Altea per a particulars, parelles o petits grups. Una sessi\u00f3 personalitzada de 60 minuts a l'interior, a l'aire lliure o al vostre allotjament \u2014 guiada per Sergio.<\/p>","protected":false},"featured_media":846,"comment_status":"open","ping_status":"closed","template":"","meta":{"nf_dc_page":"","om_disable_all_campaigns":false,"_monsterinsights_skip_tracking":false,"_monsterinsights_sitenote_active":false,"_monsterinsights_sitenote_note":"","_monsterinsights_sitenote_category":0,"_uf_show_specific_survey":0,"_uf_disable_surveys":false,"jetpack_post_was_ever_published":false,"jetpack_publicize_message":"","jetpack_publicize_feature_enabled":true,"jetpack_social_post_already_shared":false,"jetpack_social_options":{"image_generator_settings":{"template":"highway","default_image_id":0,"font":"","enabled":false},"version":2}},"product_brand":[35],"product_cat":[24,22],"product_tag":[352,346,355,36,351,354,356,26,353],"class_list":{"0":"post-136","1":"product","2":"type-product","3":"status-publish","4":"has-post-thumbnail","6":"product_brand-inspire-altea","7":"product_cat-wellbeing-experiences","8":"product_cat-yoga-classes","9":"product_tag-one-to-one-yoga-altea","10":"product_tag-outdoor-yoga-altea","11":"product_tag-personalised-yoga-session","12":"product_tag-private-yoga-altea","13":"product_tag-private-yoga-class-altea","14":"product_tag-small-group-yoga-altea","15":"product_tag-yoga-at-your-accommodation","16":"product_tag-yoga-costa-blanca","17":"product_tag-yoga-for-couples-altea","19":"first","20":"instock","21":"featured","22":"virtual","23":"purchasable","24":"product-type-simple"},"yoast_head":"<!-- This site is optimized with the Yoast SEO Premium plugin v27.3 (Yoast SEO v27.4) - https:\/\/yoast.com\/product\/yoast-seo-premium-wordpress\/ -->\n<title>Private Yoga Classes in Altea | Personal 1:1 Sessions<\/title>\n<meta name=\"description\" content=\"Private yoga classes in Altea tailored for individuals, couples or small groups. Personalised 60-minute sessions or at your accommodation near Alicante.\" \/>\n<meta name=\"robots\" content=\"index, follow, max-snippet:-1, max-image-preview:large, max-video-preview:-1\" \/>\n<link rel=\"canonical\" href=\"https:\/\/www.inspirealtea.com\/ca\/experiencies\/classes-particulars-de-ioga-a-altea\/\" \/>\n<meta property=\"og:locale\" content=\"ca_ES\" \/>\n<meta property=\"og:type\" content=\"article\" \/>\n<meta property=\"og:title\" content=\"Private Yoga Classes in Altea | 1:1 &amp; Small Groups\" \/>\n<meta property=\"og:description\" content=\"Tailored private yoga classes in Altea for individuals, couples or small groups. A 60-minute personalised session indoors, outdoors or at your accommodation \u2014 guided by Sergi Dhariya.\" \/>\n<meta property=\"og:url\" content=\"https:\/\/www.inspirealtea.com\/ca\/experiencies\/classes-particulars-de-ioga-a-altea\/\" \/>\n<meta property=\"og:site_name\" content=\"Yoga, Ayurveda and Hiking | Inspire Altea\" \/>\n<meta property=\"article:publisher\" content=\"https:\/\/www.facebook.com\/yogaayurveda.altea\" \/>\n<meta property=\"article:modified_time\" content=\"2026-04-02T13:43:39+00:00\" \/>\n<meta property=\"og:image\" content=\"https:\/\/www.inspirealtea.com\/wp-content\/uploads\/2025\/11\/pexels-photo-5928258.webp\" \/>\n\t<meta property=\"og:image:width\" content=\"1880\" \/>\n\t<meta property=\"og:image:height\" content=\"1253\" \/>\n\t<meta property=\"og:image:type\" content=\"image\/webp\" \/>\n<meta name=\"twitter:card\" content=\"summary_large_image\" \/>\n<meta name=\"twitter:label1\" content=\"Temps estimat de lectura\" \/>\n\t<meta name=\"twitter:data1\" content=\"3 minuts\" \/>\n<!-- \/ Yoast SEO Premium plugin. -->","yoast_head_json":{"title":"Classes particulars de ioga a Altea | Sessions personals 1 a 1","description":"Classes particulars de ioga a Altea, dissenyades per a particulars, parelles o petits grups. Sessions personalitzades de 60 minuts al teu allotjament a prop d'Alacant.","robots":{"index":"index","follow":"follow","max-snippet":"max-snippet:-1","max-image-preview":"max-image-preview:large","max-video-preview":"max-video-preview:-1"},"canonical":"https:\/\/www.inspirealtea.com\/ca\/experiencies\/classes-particulars-de-ioga-a-altea\/","og_locale":"ca_ES","og_type":"article","og_title":"Private Yoga Classes in Altea | 1:1 & Small Groups","og_description":"Tailored private yoga classes in Altea for individuals, couples or small groups. A 60-minute personalised session indoors, outdoors or at your accommodation \u2014 guided by Sergi Dhariya.","og_url":"https:\/\/www.inspirealtea.com\/ca\/experiencies\/classes-particulars-de-ioga-a-altea\/","og_site_name":"Yoga, Ayurveda and Hiking | Inspire Altea","article_publisher":"https:\/\/www.facebook.com\/yogaayurveda.altea","article_modified_time":"2026-04-02T13:43:39+00:00","og_image":[{"width":1880,"height":1253,"url":"https:\/\/www.inspirealtea.com\/wp-content\/uploads\/2025\/11\/pexels-photo-5928258.webp","type":"image\/webp"}],"twitter_card":"summary_large_image","twitter_misc":{"Temps estimat de lectura":"3 minuts"},"schema":{"@context":"https:\/\/schema.org","@graph":[{"@type":"WebPage","@id":"https:\/\/www.inspirealtea.com\/experiences\/private-yoga-classes-altea\/","url":"https:\/\/www.inspirealtea.com\/experiences\/private-yoga-classes-altea\/","name":"Classes particulars de ioga a Altea | Sessions personals 1 a 1","isPartOf":{"@id":"https:\/\/www.inspirealtea.com\/#website"},"primaryImageOfPage":{"@id":"https:\/\/www.inspirealtea.com\/experiences\/private-yoga-classes-altea\/#primaryimage"},"image":{"@id":"https:\/\/www.inspirealtea.com\/experiences\/private-yoga-classes-altea\/#primaryimage"},"thumbnailUrl":"https:\/\/i0.wp.com\/www.inspirealtea.com\/wp-content\/uploads\/2025\/11\/pexels-photo-5928258.webp?fit=1880%2C1253&ssl=1","datePublished":"2025-10-22T10:01:40+00:00","dateModified":"2026-04-02T13:43:39+00:00","description":"Classes particulars de ioga a Altea, dissenyades per a particulars, parelles o petits grups. Sessions personalitzades de 60 minuts al teu allotjament a prop d'Alacant.","breadcrumb":{"@id":"https:\/\/www.inspirealtea.com\/experiences\/private-yoga-classes-altea\/#breadcrumb"},"inLanguage":"ca","potentialAction":[{"@type":"ReadAction","target":["https:\/\/www.inspirealtea.com\/experiences\/private-yoga-classes-altea\/"]}]},{"@type":"ImageObject","inLanguage":"ca","@id":"https:\/\/www.inspirealtea.com\/experiences\/private-yoga-classes-altea\/#primaryimage","url":"https:\/\/i0.wp.com\/www.inspirealtea.com\/wp-content\/uploads\/2025\/11\/pexels-photo-5928258.webp?fit=1880%2C1253&ssl=1","contentUrl":"https:\/\/i0.wp.com\/www.inspirealtea.com\/wp-content\/uploads\/2025\/11\/pexels-photo-5928258.webp?fit=1880%2C1253&ssl=1","width":1880,"height":1253,"caption":"Private yoga session in Altea with two participants practicing by the sea in a peaceful setting."},{"@type":"BreadcrumbList","@id":"https:\/\/www.inspirealtea.com\/experiences\/private-yoga-classes-altea\/#breadcrumb","itemListElement":[{"@type":"ListItem","position":1,"name":"Home","item":"https:\/\/www.inspirealtea.com\/"},{"@type":"ListItem","position":2,"name":"Experiences","item":"https:\/\/www.inspirealtea.com\/experiences\/"},{"@type":"ListItem","position":3,"name":"Wellbeing experiences","item":"https:\/\/www.inspirealtea.com\/product-category\/wellbeing-experiences\/"},{"@type":"ListItem","position":4,"name":"Yoga Classes","item":"https:\/\/www.inspirealtea.com\/product-category\/wellbeing-experiences\/yoga-classes\/"},{"@type":"ListItem","position":5,"name":"Private Yoga Classes in Altea | 1:1 &#038; Small Groups"}]},{"@type":"WebSite","@id":"https:\/\/www.inspirealtea.com\/#website","url":"https:\/\/www.inspirealtea.com\/","name":"Ioga, Ayurveda i Senderisme | Inspirar Altea","description":"Explora't a trav\u00e9s del Ioga, l'Ayurveda i les Excursions a Altea, Alacant \u2014 un santuari per al benestar al costat del Mediterrani.","publisher":{"@id":"https:\/\/www.inspirealtea.com\/#organization"},"alternateName":"Inspire Altea \u2013 Yoga, Ayurveda & Hiking","potentialAction":[{"@type":"SearchAction","target":{"@type":"EntryPoint","urlTemplate":"https:\/\/www.inspirealtea.com\/?s={search_term_string}"},"query-input":{"@type":"PropertyValueSpecification","valueRequired":true,"valueName":"search_term_string"}}],"inLanguage":"ca"},{"@type":"Organization","@id":"https:\/\/www.inspirealtea.com\/#organization","name":"Ioga, Ayurveda i Senderisme | Inspire Altea","alternateName":"IA Yoga Ayurveda Hike","url":"https:\/\/www.inspirealtea.com\/","logo":{"@type":"ImageObject","inLanguage":"ca","@id":"https:\/\/www.inspirealtea.com\/#\/schema\/logo\/image\/","url":"https:\/\/i0.wp.com\/www.inspirealtea.com\/wp-content\/uploads\/2025\/10\/Logo-Inspire-Altea.png?fit=1024%2C1024&ssl=1","contentUrl":"https:\/\/i0.wp.com\/www.inspirealtea.com\/wp-content\/uploads\/2025\/10\/Logo-Inspire-Altea.png?fit=1024%2C1024&ssl=1","width":1024,"height":1024,"caption":"Yoga, Ayurveda and Hiking | Inspire Altea"},"image":{"@id":"https:\/\/www.inspirealtea.com\/#\/schema\/logo\/image\/"},"sameAs":["https:\/\/www.facebook.com\/yogaayurveda.altea","https:\/\/www.instagram.com\/inspirealtea\/","https:\/\/www.linkedin.com\/in\/sergio-cisneros-galea","https:\/\/www.youtube.com\/@inspirealtea","https:\/\/gravatar.com\/sergiocisnerosgalea"],"description":"Discover holistic wellbeing experiences in Altea that connect body, mind, and nature. From yoga and Ayurveda to guided hiking and personalized retreats \u2014 all designed to help you restore balance, vitality, and inner peace.","email":"inspirealtea@gmail.com","telephone":"+33 6 07 42 58 97","legalName":"Sergio Cisneros Galea","foundingDate":"2019-11-11","numberOfEmployees":{"@type":"QuantitativeValue","minValue":"1","maxValue":"10"},"publishingPrinciples":"https:\/\/www.inspirealtea.com\/who-i-am\/"}]}},"jetpack_publicize_connections":[],"jetpack_sharing_enabled":true,"_links":{"self":[{"href":"https:\/\/www.inspirealtea.com\/ca\/wp-json\/wp\/v2\/product\/136","targetHints":{"allow":["GET"]}}],"collection":[{"href":"https:\/\/www.inspirealtea.com\/ca\/wp-json\/wp\/v2\/product"}],"about":[{"href":"https:\/\/www.inspirealtea.com\/ca\/wp-json\/wp\/v2\/types\/product"}],"replies":[{"embeddable":true,"href":"https:\/\/www.inspirealtea.com\/ca\/wp-json\/wp\/v2\/comments?post=136"}],"wp:featuredmedia":[{"embeddable":true,"href":"https:\/\/www.inspirealtea.com\/ca\/wp-json\/wp\/v2\/media\/846"}],"wp:attachment":[{"href":"https:\/\/www.inspirealtea.com\/ca\/wp-json\/wp\/v2\/media?parent=136"}],"wp:term":[{"taxonomy":"product_brand","embeddable":true,"href":"https:\/\/www.inspirealtea.com\/ca\/wp-json\/wp\/v2\/product_brand?post=136"},{"taxonomy":"product_cat","embeddable":true,"href":"https:\/\/www.inspirealtea.com\/ca\/wp-json\/wp\/v2\/product_cat?post=136"},{"taxonomy":"product_tag","embeddable":true,"href":"https:\/\/www.inspirealtea.com\/ca\/wp-json\/wp\/v2\/product_tag?post=136"}],"curies":[{"name":"wp","href":"https:\/\/api.w.org\/{rel}","templated":true}]}}