{"id":130,"date":"2025-10-22T09:35:52","date_gmt":"2025-10-22T08:35:52","guid":{"rendered":"https:\/\/www.inspirealtea.com\/?post_type=product&#038;p=130"},"modified":"2026-04-12T07:30:13","modified_gmt":"2026-04-12T06:30:13","slug":"classes-de-ioga-en-grup-a-altea","status":"publish","type":"product","link":"https:\/\/www.inspirealtea.com\/ca\/experiences\/group-yoga-classes-altea\/","title":{"rendered":"Classes de Ioga en Grup a Altea: Sessions Flexibles al Mar i a l'Estudi"},"content":{"rendered":"<h1>Classes de Ioga en Grup a Altea<\/h1>\r\n<p class=\"p1\"><span class=\"s1\"><b>Uneix-te a classes de ioga de grup flexibles a Altea<\/b><\/span><span class=\"s2\"> dissenyat per a visitants, n\u00f2mades digitals i locals que busquen llibertat en la seva pr\u00e0ctica \u2013 <\/span><span class=\"s1\">reservar amb antelaci\u00f3 \u00e9s r\u00e0pid i f\u00e0cil.<\/span><\/p>\r\n<p data-start=\"570\" data-end=\"801\">The group Yoga classes in Altea take place in some of the Costa Blanca&#8217;s most beautiful natural settings \u2014 from the peaceful gardens of <strong>Vila Gadea<\/strong> i el nostre \u00edntim <strong>Yoga Shala a prop de La Olla<\/strong> a les costes mediterr\u00e0nies de <strong>Platja del Postiguet, Alacant<\/strong> (cada divendres). Reserva la teva sessi\u00f3 amb antelaci\u00f3 i vine preparat\/ada per reconnectar amb el cos, la respiraci\u00f3 i la consci\u00e8ncia.<\/p>\r\n<hr data-start=\"1567\" data-end=\"1570\" \/>\r\n<h2 data-path-to-node=\"16\">Ioga flexible per a visitants i estades llargues<\/h2>\r\n<p class=\"p1\"><span class=\"s1\">Les classes de pagament per sessi\u00f3 s\u00f3n ideals per aquells que:<\/span><\/p>\r\n<ul data-path-to-node=\"18\">\r\n<li>\r\n<p class=\"p1\"><span class=\"s1\">Esteu visitant Altea o Alacant per una estada curta o llarga.<\/span><\/p>\r\n<\/li>\r\n<li>\r\n<p class=\"p1\"><span class=\"s1\">Viu localment per\u00f2 prefereix un horari flexible sense comprom\u00eds mensual.<\/span><\/p>\r\n<\/li>\r\n<li>\r\n<p class=\"p1\"><span class=\"s1\">Vull explorar el ioga aut\u00e8ntic en un espai comunitari acollidor.<\/span><\/p>\r\n<\/li>\r\n<\/ul>\r\n<p data-path-to-node=\"19\"><strong>Les classes s\u00f3n adequades per a tots els nivells.<\/strong> Experimenta el ioga en comunitat i connecta amb el ritme mediterrani.<\/p>\r\n<hr data-start=\"1567\" data-end=\"1570\" \/>\r\n<h2 data-path-to-node=\"6\">Filosofia i llinatge<\/h2>\r\n<p data-path-to-node=\"7\">Cada classe est\u00e0 arrelada en <b data-path-to-node=\"7\" data-index-in-node=\"25\">Ioga Hatha<\/b>, el fonament tradicional de la pr\u00e0ctica. Les sessions estan profundament influ\u00efdes per <b data-path-to-node=\"7\" data-index-in-node=\"119\">Tantra<\/b>, <b data-path-to-node=\"7\" data-index-in-node=\"127\">Kundalini<\/b>, i <b data-path-to-node=\"7\" data-index-in-node=\"142\">Ioga del so interior<\/b> (el ioga del so), seguint una l\u00ednia inspirada en grans mestres com ara <b data-path-to-node=\"7\" data-index-in-node=\"227\">Sri Ramana Maharshi<\/b>, <b data-path-to-node=\"7\" data-index-in-node=\"248\">Swami Satyananda Saraswati<\/b>, <b data-path-to-node=\"7\" data-index-in-node=\"276\">Swami Vidyanand<\/b>, <b data-path-to-node=\"7\" data-index-in-node=\"293\">Patrick Torre<\/b>, i <b data-path-to-node=\"7\" data-index-in-node=\"312\">Sharon Gannon<\/b>.<\/p>\r\n<hr data-start=\"1567\" data-end=\"1570\" \/>\r\n<h2 data-path-to-node=\"2\">Locations for practice: Yoga in Nature<\/h2>\r\n<p data-path-to-node=\"3\">Experimenta una pr\u00e0ctica envoltada per la brisa marina, la llum natural i el paisatge mediterrani. Les classes es duen a terme en els entorns m\u00e9s serens d'Altea i a les costes ic\u00f2niques d'Alacant:<\/p>\r\n<ul data-path-to-node=\"4\">\r\n<li>\r\n<p data-path-to-node=\"4,0,0\"><b data-path-to-node=\"4,0,0\" data-index-in-node=\"0\">Altea:<\/b> Troba'ns als jardins de <b data-path-to-node=\"4,0,0\" data-index-in-node=\"42\">Vila Gadea<\/b> i a <b data-path-to-node=\"4,0,0\" data-index-in-node=\"73\">Yoga Shala a prop de La Olla<\/b>.<\/p>\r\n<\/li>\r\n<li>\r\n<p data-path-to-node=\"4,1,0\"><b data-path-to-node=\"4,1,0\" data-index-in-node=\"0\">Alacant:<\/b> Uneix-te a nosaltres cada divendres a les sorres de <b data-path-to-node=\"4,1,0\" data-index-in-node=\"47\">Platja del Postiguet<\/b>.<\/p>\r\n<\/li>\r\n<\/ul>\r\n<hr data-start=\"2050\" data-end=\"2053\" \/>\r\n<h2 data-start=\"2055\" data-end=\"2081\">\ud83d\uddd3\ufe0f Horaris i ubicacions<\/h2>\r\n<h3 data-start=\"2083\" data-end=\"2106\"><span style=\"text-decoration: underline;\">Altea \u2013 Villa Gadea &amp; Yoga Shala<\/span><\/h3>\r\n<p data-start=\"2108\" data-end=\"2187\">When ? Every Saturday to Thursday<\/p>\r\n<ul>\r\n<li data-start=\"2108\" data-end=\"2187\"><strong>Mat\u00ed<\/strong>: 8:30 \u2013 10:00<\/li>\r\n<li data-start=\"2108\" data-end=\"2187\"><strong>Tarda<\/strong>: 18:00 \u2013 19:30<\/li>\r\n<\/ul>\r\n\r\n\r\n\r\n\r\n\r\n\r\n\r\n<h3 data-start=\"2282\" data-end=\"2312\"><span style=\"text-decoration: underline;\">Alacant \u2013 Platja del Postiguet<\/span> (Cada divendres)<\/h3>\r\n<ul>\r\n<li data-start=\"2282\" data-end=\"2312\"><strong>Mat\u00ed<\/strong>: 8:30 \u2013 10:00<\/li>\r\n<li data-start=\"2282\" data-end=\"2312\"><strong>Tarda<\/strong>: 16:00 \u2013 17:30<\/li>\r\n<\/ul>\r\n<hr data-start=\"2374\" data-end=\"2377\" \/>\r\n<h2 data-start=\"1889\" data-end=\"1916\">\ud83d\udcab Preus de les classes de ioga en grup<\/h2>\r\n<p data-start=\"1918\" data-end=\"1946\">15 \u20ac \u2013 <span class=\"s1\">Sessi\u00f3 \u00fanica (reserva amb antelaci\u00f3 en l\u00ednia)<\/span><\/p>\r\n<p data-start=\"1948\" data-end=\"2009\">Paquets setmanals, mensuals i trimestrals disponibles a petici\u00f3.<\/p>\r\n<p data-start=\"2011\" data-end=\"2048\">Si us plau <a href=\"https:\/\/www.inspirealtea.com\/ca\/contacte\/\">contacte<\/a> Contacteu-nos per a plans a mida.<\/p>\r\n<hr data-start=\"2374\" data-end=\"2377\" \/>\r\n<h2 data-start=\"1719\" data-end=\"1747\">\ud83d\udcab Busques continu\u00eftat?<\/h2>\r\n<p data-start=\"1749\" data-end=\"1882\">Si voleu aprofundir la vostra pr\u00e0ctica i adquirir const\u00e0ncia, exploreu el nostre <a href=\"https:\/\/www.inspirealtea.com\/ca\/experiencies\/societat-de-ioga-altea\/\">Subscripci\u00f3 de ioga<\/a> opcions per al ritme setmanal i el suport continu.<\/p>\r\n<hr data-start=\"2374\" data-end=\"2377\" \/>\r\n<h2 data-path-to-node=\"12\"><a href=\"https:\/\/www.inspirealtea.com\/ca\/qui-soc\/\">Sobre el professor<\/a>: Sergi Dhariya<\/h2>\r\n<p><a href=\"https:\/\/www.inspirealtea.com\/ca\/qui-soc\/\"><img data-recalc-dims=\"1\" decoding=\"async\" loading=\"lazy\" class=\"wp-image-1162 size-medium alignnone\" src=\"https:\/\/i0.wp.com\/www.inspirealtea.com\/wp-content\/uploads\/2026\/02\/Bio-Sergi-Dhariya.webp?resize=225%2C300&#038;ssl=1\" alt=\"Sergi Dhariya, professor de ioga, terapeuta ayurv\u00e8dic i guia de muntanya a Altea.\" width=\"225\" height=\"300\" srcset=\"https:\/\/i0.wp.com\/www.inspirealtea.com\/wp-content\/uploads\/2026\/02\/Bio-Sergi-Dhariya.webp?resize=225%2C300&amp;ssl=1 225w, https:\/\/i0.wp.com\/www.inspirealtea.com\/wp-content\/uploads\/2026\/02\/Bio-Sergi-Dhariya.webp?resize=768%2C1024&amp;ssl=1 768w, https:\/\/i0.wp.com\/www.inspirealtea.com\/wp-content\/uploads\/2026\/02\/Bio-Sergi-Dhariya.webp?resize=1152%2C1536&amp;ssl=1 1152w, https:\/\/i0.wp.com\/www.inspirealtea.com\/wp-content\/uploads\/2026\/02\/Bio-Sergi-Dhariya.webp?resize=9%2C12&amp;ssl=1 9w, https:\/\/i0.wp.com\/www.inspirealtea.com\/wp-content\/uploads\/2026\/02\/Bio-Sergi-Dhariya.webp?resize=600%2C800&amp;ssl=1 600w, https:\/\/i0.wp.com\/www.inspirealtea.com\/wp-content\/uploads\/2026\/02\/Bio-Sergi-Dhariya.webp?w=1200&amp;ssl=1 1200w\" sizes=\"auto, (max-width: 225px) 100vw, 225px\" \/><\/a><\/p>\r\n<p data-path-to-node=\"13\">El cam\u00ed de Sergi \u00e9s un retorn a les arrels del Hatha Yoga. Va completar un intensiu <b data-path-to-node=\"13\" data-index-in-node=\"80\">Formaci\u00f3 de professors de 500 hores<\/b> als muntanyes de l'Ard\u00e8che, Fran\u00e7a, sota la direcci\u00f3 de <b data-path-to-node=\"13\" data-index-in-node=\"165\">Yogini Durga<\/b>. M\u00e9s enll\u00e0 del f\u00edsic <span class=\"math-inline\" data-math=\"asanas\" data-index-in-node=\"195\">postures<\/span>, va ser iniciat en una profunda disciplina filos\u00f2fica aplicada a la vida quotidiana.<\/p>\r\n<p data-path-to-node=\"14\">La seva pr\u00e0ctica s'enriqueix amb una formaci\u00f3 especialitzada en <b data-path-to-node=\"14\" data-index-in-node=\"52\">Tantra blanc i mantres<\/b>, aix\u00ed com una certificaci\u00f3 de 80 hores en <b data-path-to-node=\"14\" data-index-in-node=\"117\">Pranayama<\/b> (la ci\u00e8ncia de l'energia vital) segons el <b data-path-to-node=\"14\" data-index-in-node=\"174\">Rishicultura Ashtanga Ioga<\/b> tradici\u00f3 de <b data-path-to-node=\"14\" data-index-in-node=\"214\">Swami Gitananda Giri<\/b>. L'ensenyament de Sergio combina el moviment conscient, l'alineaci\u00f3 de la postura i la respiraci\u00f3 conscient per ajudar els practicants a sentir-se centrats i energitzats.<\/p>\r\n<hr data-start=\"2374\" data-end=\"2377\" \/>\r\n<p class=\"p1\"><span class=\"s1\">Practicar ioga en comunitat aporta l'energia del al\u00e8 compartit i la pres\u00e8ncia. Tant si vius a prop com si visites la Costa Blanca, <\/span><span class=\"s2\"><b>reserva una classe de ioga en grup a Altea<\/b><\/span><span class=\"s1\"> \u2013 una manera natural de mantenir-se actiu, amb els peus a terra i inspirat.<\/span><\/p>\r\n<p><strong>Classes de Ioga en Grup Flexibles \u2013<\/strong> Dels divendres a la platja del Postiguet d'Alacant.<\/p>\r\n<hr data-start=\"2374\" data-end=\"2377\" \/>\r\n<p>Si et ve de gust aprofundir en la pr\u00e0ctica, gaudeix d'un <strong><a href=\"https:\/\/www.inspirealtea.com\/ca\/retiro-de-yoga-dia-altea-hatha-ioga-senderisme\/\">Retir d'un dia a Altea<\/a><\/strong>, agradable qualsevol dia de la setmana. Si est\u00e0s preparat per al seg\u00fcent nivell : <strong><a href=\"https:\/\/www.inspirealtea.com\/ca\/experiencies\/cap-de-setmana-de-rejoveniment\/\">Retir de cap de setmana de ioga a Altea<\/a><\/strong> Llavors \u00e9s per a tu. Tria l'experi\u00e8ncia que s'adapti a tu i coneix la comunitat, t'esperem!.<\/p>\r\n<p data-start=\"2708\" data-end=\"2802\">Si busqueu un enfocament m\u00e9s personalitzat, podeu reservar un <a href=\"https:\/\/www.inspirealtea.com\/ca\/experiencies\/classes-particulars-de-ioga-a-altea\/\">classe particular de ioga<\/a>.<\/p>\r\n<p data-start=\"2804\" data-end=\"2856\">Tamb\u00e9 podeu descobrir experi\u00e8ncies de benestar relacionades:<\/p>\r\n<p data-start=\"2858\" data-end=\"2890\"><strong>\u2022 <a href=\"https:\/\/www.inspirealtea.com\/ca\/senderisme-alacant\/\">Senderisme<\/a> \u2022 <a href=\"https:\/\/www.inspirealtea.com\/ca\/ayurveda-a-altea\/\">Ayurveda<\/a> \u2022 <a href=\"https:\/\/www.inspirealtea.com\/ca\/ioga-a-altea\/\">Ioga<\/a><\/strong><\/p>","protected":false},"excerpt":{"rendered":"<div class=\"w-full my-4\">\n<div class=\"\">\n<div class=\"relative\">\n<div class=\"h-full min-h-0 min-w-0\">\n<div class=\"h-full min-h-0 min-w-0\">\n<div class=\"border corner-superellipse\/1.1 border-token-border-light bg-token-bg-elevated-secondary rounded-3xl\">\n<div class=\"corner-superellipse\/1.1 rounded-3xl bg-token-bg-elevated-secondary\">\n<div class=\"relative z-0 flex max-w-full\">\n<div id=\"code-block-viewer\" class=\"q9tKkq_viewer cm-editor z-10 light:cm-light dark:cm-light flex h-full w-full flex-col items-stretch \u037c5 \u037cj\" dir=\"ltr\">\n<div class=\"cm-scroller\">\n<div class=\"cm-content q9tKkq_readonly\">\n<p data-path-to-node=\"3\"><b data-path-to-node=\"3\" data-index-in-node=\"0\">Authentic Hatha Yoga | Altea &amp; Alicante<\/b> Experience a grounded practice in the Mediterranean&#8217;s most beautiful natural settings. Led by <b data-path-to-node=\"3\" data-index-in-node=\"134\">Sergi Dhariya<\/b>, the Group Yoga Classes blend traditional Hatha Yoga with the energy of Tantra Yoga, Kundalini Yoga, and Nada Yoga.<\/p>\n<ul data-path-to-node=\"4\">\n<li>\n<p data-path-to-node=\"4,0,0\"><b data-path-to-node=\"4,0,0\" data-index-in-node=\"0\">Flexible Single Sessions:<\/b> Perfect for travelers, digital nomads, and locals.<\/p>\n<\/li>\n<li>\n<p data-path-to-node=\"4,2,0\"><b data-path-to-node=\"4,2,0\" data-index-in-node=\"0\">Locations:<\/b> Villa Gadea (Altea), La Olla Shala, and every Friday in Postiguet Beach (Alicante).<\/p>\n<\/li>\n<li>\n<p data-path-to-node=\"4,3,0\"><b data-path-to-node=\"4,3,0\" data-index-in-node=\"0\">Tots els nivells s\u00f3n benvinguts:<\/b> Mindful movement, posture alignment, and conscious breathing.<\/p>\n<\/li>\n<li><strong>Book in advance<\/strong><\/li>\n<\/ul>\n<\/div>\n<\/div>\n<\/div>\n<\/div>\n<\/div>\n<\/div>\n<\/div>\n<\/div>\n<\/div>\n<\/div>\n<\/div>","protected":false},"featured_media":30,"comment_status":"open","ping_status":"closed","template":"","meta":{"nf_dc_page":"","om_disable_all_campaigns":false,"_monsterinsights_skip_tracking":false,"_monsterinsights_sitenote_active":false,"_monsterinsights_sitenote_note":"","_monsterinsights_sitenote_category":0,"_uf_show_specific_survey":0,"_uf_disable_surveys":false,"jetpack_post_was_ever_published":false,"jetpack_publicize_message":"Group Classes \u2013 Open to Everyone","jetpack_publicize_feature_enabled":true,"jetpack_social_post_already_shared":false,"jetpack_social_options":{"image_generator_settings":{"template":"highway","default_image_id":0,"font":"","enabled":false},"version":2}},"product_brand":[35],"product_cat":[24,22],"product_tag":[345,451,445,344,446,346,449,447,188,25,26,348,347,350,448,450,349],"class_list":{"0":"post-130","1":"product","2":"type-product","3":"status-publish","4":"has-post-thumbnail","6":"product_brand-inspire-altea","7":"product_cat-wellbeing-experiences","8":"product_cat-yoga-classes","9":"product_tag-beach-yoga-altea","10":"product_tag-class-yoga-altea","11":"product_tag-flexible-yoga-class","12":"product_tag-group-yoga-classes-altea","13":"product_tag-hatha-yoga-altea","14":"product_tag-outdoor-yoga-altea","15":"product_tag-shala-altea","16":"product_tag-women-yoga-altea","17":"product_tag-yoga-alicante","18":"product_tag-yoga-altea","19":"product_tag-yoga-costa-blanca","20":"product_tag-yoga-for-digital-nomads","21":"product_tag-yoga-for-visitors","22":"product_tag-yoga-postiguet-beach","23":"product_tag-yoga-shala-altea","24":"product_tag-yoga-studio-altea","25":"product_tag-yoga-villa-gadea","27":"first","28":"instock","29":"featured","30":"virtual","31":"purchasable","32":"product-type-simple"},"yoast_head":"<!-- This site is optimized with the Yoast SEO Premium plugin v27.3 (Yoast SEO v27.4) - https:\/\/yoast.com\/product\/yoast-seo-premium-wordpress\/ -->\n<title>Group Yoga Classes Altea | Studio, Garden &amp; Beach - All Levels<\/title>\n<meta name=\"description\" content=\"Book a Group Yoga Class in Altea - Studio and Beach settings. Single sessions for visitors, digital nomads and locals. Fridays at Alicante Postiguet Beach.\" \/>\n<meta name=\"robots\" content=\"index, follow, max-snippet:-1, max-image-preview:large, max-video-preview:-1\" \/>\n<link rel=\"canonical\" href=\"https:\/\/www.inspirealtea.com\/ca\/experiencies\/classes-de-ioga-en-grup-a-altea\/\" \/>\n<meta property=\"og:locale\" content=\"ca_ES\" \/>\n<meta property=\"og:type\" content=\"article\" \/>\n<meta property=\"og:title\" content=\"Group Yoga Classes in Altea: Flexible Sessions by Sea &amp; Studio\" \/>\n<meta property=\"og:description\" content=\"Book a Group Yoga Class in Altea - Studio and Beach settings. Single sessions for visitors, digital nomads and locals. Fridays at Alicante Postiguet Beach.\" \/>\n<meta property=\"og:url\" content=\"https:\/\/www.inspirealtea.com\/ca\/experiencies\/classes-de-ioga-en-grup-a-altea\/\" \/>\n<meta property=\"og:site_name\" content=\"Yoga, Ayurveda and Hiking | Inspire Altea\" \/>\n<meta property=\"article:publisher\" content=\"https:\/\/www.facebook.com\/yogaayurveda.altea\" \/>\n<meta property=\"article:modified_time\" content=\"2026-04-12T06:30:13+00:00\" \/>\n<meta property=\"og:image\" content=\"https:\/\/www.inspirealtea.com\/wp-content\/uploads\/2025\/10\/photo-1679325965190-0530dc29c512.jpg\" \/>\n\t<meta property=\"og:image:width\" content=\"600\" \/>\n\t<meta property=\"og:image:height\" content=\"900\" \/>\n\t<meta property=\"og:image:type\" content=\"image\/jpeg\" \/>\n<meta name=\"twitter:card\" content=\"summary_large_image\" \/>\n<meta name=\"twitter:label1\" content=\"Temps estimat de lectura\" \/>\n\t<meta name=\"twitter:data1\" content=\"3 minuts\" \/>\n<!-- \/ Yoast SEO Premium plugin. -->","yoast_head_json":{"title":"Classes de Ioga en Grup Altea | Estudi, Jard\u00ed i Platja - Tots els Nivells","description":"Reserva una classe de ioga en grup a Altea - Estudi i platja. Sessions individuals per a visitants, n\u00f2mades digitals i locals. Divendres a la platja del Postiguet d'Alacant.","robots":{"index":"index","follow":"follow","max-snippet":"max-snippet:-1","max-image-preview":"max-image-preview:large","max-video-preview":"max-video-preview:-1"},"canonical":"https:\/\/www.inspirealtea.com\/ca\/experiencies\/classes-de-ioga-en-grup-a-altea\/","og_locale":"ca_ES","og_type":"article","og_title":"Group Yoga Classes in Altea: Flexible Sessions by Sea & Studio","og_description":"Book a Group Yoga Class in Altea - Studio and Beach settings. Single sessions for visitors, digital nomads and locals. Fridays at Alicante Postiguet Beach.","og_url":"https:\/\/www.inspirealtea.com\/ca\/experiencies\/classes-de-ioga-en-grup-a-altea\/","og_site_name":"Yoga, Ayurveda and Hiking | Inspire Altea","article_publisher":"https:\/\/www.facebook.com\/yogaayurveda.altea","article_modified_time":"2026-04-12T06:30:13+00:00","og_image":[{"width":600,"height":900,"url":"https:\/\/www.inspirealtea.com\/wp-content\/uploads\/2025\/10\/photo-1679325965190-0530dc29c512.jpg","type":"image\/jpeg"}],"twitter_card":"summary_large_image","twitter_misc":{"Temps estimat de lectura":"3 minuts"},"schema":{"@context":"https:\/\/schema.org","@graph":[{"@type":"WebPage","@id":"https:\/\/www.inspirealtea.com\/experiences\/group-yoga-classes-altea\/","url":"https:\/\/www.inspirealtea.com\/experiences\/group-yoga-classes-altea\/","name":"Classes de Ioga en Grup Altea | Estudi, Jard\u00ed i Platja - Tots els Nivells","isPartOf":{"@id":"https:\/\/www.inspirealtea.com\/#website"},"primaryImageOfPage":{"@id":"https:\/\/www.inspirealtea.com\/experiences\/group-yoga-classes-altea\/#primaryimage"},"image":{"@id":"https:\/\/www.inspirealtea.com\/experiences\/group-yoga-classes-altea\/#primaryimage"},"thumbnailUrl":"https:\/\/i0.wp.com\/www.inspirealtea.com\/wp-content\/uploads\/2025\/10\/photo-1679325965190-0530dc29c512.jpg?fit=600%2C900&ssl=1","datePublished":"2025-10-22T08:35:52+00:00","dateModified":"2026-04-12T06:30:13+00:00","description":"Reserva una classe de ioga en grup a Altea - Estudi i platja. Sessions individuals per a visitants, n\u00f2mades digitals i locals. Divendres a la platja del Postiguet d'Alacant.","breadcrumb":{"@id":"https:\/\/www.inspirealtea.com\/experiences\/group-yoga-classes-altea\/#breadcrumb"},"inLanguage":"ca","potentialAction":[{"@type":"ReadAction","target":["https:\/\/www.inspirealtea.com\/experiences\/group-yoga-classes-altea\/"]}]},{"@type":"ImageObject","inLanguage":"ca","@id":"https:\/\/www.inspirealtea.com\/experiences\/group-yoga-classes-altea\/#primaryimage","url":"https:\/\/i0.wp.com\/www.inspirealtea.com\/wp-content\/uploads\/2025\/10\/photo-1679325965190-0530dc29c512.jpg?fit=600%2C900&ssl=1","contentUrl":"https:\/\/i0.wp.com\/www.inspirealtea.com\/wp-content\/uploads\/2025\/10\/photo-1679325965190-0530dc29c512.jpg?fit=600%2C900&ssl=1","width":600,"height":900,"caption":"Group Yoga Class in Altea with several participants practicing together in an outdoor setting."},{"@type":"BreadcrumbList","@id":"https:\/\/www.inspirealtea.com\/experiences\/group-yoga-classes-altea\/#breadcrumb","itemListElement":[{"@type":"ListItem","position":1,"name":"Home","item":"https:\/\/www.inspirealtea.com\/"},{"@type":"ListItem","position":2,"name":"Experiences","item":"https:\/\/www.inspirealtea.com\/experiences\/"},{"@type":"ListItem","position":3,"name":"Wellbeing experiences","item":"https:\/\/www.inspirealtea.com\/product-category\/wellbeing-experiences\/"},{"@type":"ListItem","position":4,"name":"Yoga Classes","item":"https:\/\/www.inspirealtea.com\/product-category\/wellbeing-experiences\/yoga-classes\/"},{"@type":"ListItem","position":5,"name":"Group Yoga Classes in Altea: Flexible Sessions by Sea &#038; Studio"}]},{"@type":"WebSite","@id":"https:\/\/www.inspirealtea.com\/#website","url":"https:\/\/www.inspirealtea.com\/","name":"Ioga, Ayurveda i Senderisme | Inspirar Altea","description":"Explora't a trav\u00e9s del Ioga, l'Ayurveda i les Excursions a Altea, Alacant \u2014 un santuari per al benestar al costat del Mediterrani.","publisher":{"@id":"https:\/\/www.inspirealtea.com\/#organization"},"alternateName":"Inspire Altea \u2013 Yoga, Ayurveda & Hiking","potentialAction":[{"@type":"SearchAction","target":{"@type":"EntryPoint","urlTemplate":"https:\/\/www.inspirealtea.com\/?s={search_term_string}"},"query-input":{"@type":"PropertyValueSpecification","valueRequired":true,"valueName":"search_term_string"}}],"inLanguage":"ca"},{"@type":"Organization","@id":"https:\/\/www.inspirealtea.com\/#organization","name":"Ioga, Ayurveda i Senderisme | Inspire Altea","alternateName":"IA Yoga Ayurveda Hike","url":"https:\/\/www.inspirealtea.com\/","logo":{"@type":"ImageObject","inLanguage":"ca","@id":"https:\/\/www.inspirealtea.com\/#\/schema\/logo\/image\/","url":"https:\/\/i0.wp.com\/www.inspirealtea.com\/wp-content\/uploads\/2025\/10\/Logo-Inspire-Altea.png?fit=1024%2C1024&ssl=1","contentUrl":"https:\/\/i0.wp.com\/www.inspirealtea.com\/wp-content\/uploads\/2025\/10\/Logo-Inspire-Altea.png?fit=1024%2C1024&ssl=1","width":1024,"height":1024,"caption":"Yoga, Ayurveda and Hiking | Inspire Altea"},"image":{"@id":"https:\/\/www.inspirealtea.com\/#\/schema\/logo\/image\/"},"sameAs":["https:\/\/www.facebook.com\/yogaayurveda.altea","https:\/\/www.instagram.com\/inspirealtea\/","https:\/\/www.linkedin.com\/in\/sergio-cisneros-galea","https:\/\/www.youtube.com\/@inspirealtea","https:\/\/gravatar.com\/sergiocisnerosgalea"],"description":"Discover holistic wellbeing experiences in Altea that connect body, mind, and nature. From yoga and Ayurveda to guided hiking and personalized retreats \u2014 all designed to help you restore balance, vitality, and inner peace.","email":"inspirealtea@gmail.com","telephone":"+33 6 07 42 58 97","legalName":"Sergio Cisneros Galea","foundingDate":"2019-11-11","numberOfEmployees":{"@type":"QuantitativeValue","minValue":"1","maxValue":"10"},"publishingPrinciples":"https:\/\/www.inspirealtea.com\/who-i-am\/"}]}},"jetpack_publicize_connections":[],"jetpack_sharing_enabled":true,"_links":{"self":[{"href":"https:\/\/www.inspirealtea.com\/ca\/wp-json\/wp\/v2\/product\/130","targetHints":{"allow":["GET"]}}],"collection":[{"href":"https:\/\/www.inspirealtea.com\/ca\/wp-json\/wp\/v2\/product"}],"about":[{"href":"https:\/\/www.inspirealtea.com\/ca\/wp-json\/wp\/v2\/types\/product"}],"replies":[{"embeddable":true,"href":"https:\/\/www.inspirealtea.com\/ca\/wp-json\/wp\/v2\/comments?post=130"}],"wp:featuredmedia":[{"embeddable":true,"href":"https:\/\/www.inspirealtea.com\/ca\/wp-json\/wp\/v2\/media\/30"}],"wp:attachment":[{"href":"https:\/\/www.inspirealtea.com\/ca\/wp-json\/wp\/v2\/media?parent=130"}],"wp:term":[{"taxonomy":"product_brand","embeddable":true,"href":"https:\/\/www.inspirealtea.com\/ca\/wp-json\/wp\/v2\/product_brand?post=130"},{"taxonomy":"product_cat","embeddable":true,"href":"https:\/\/www.inspirealtea.com\/ca\/wp-json\/wp\/v2\/product_cat?post=130"},{"taxonomy":"product_tag","embeddable":true,"href":"https:\/\/www.inspirealtea.com\/ca\/wp-json\/wp\/v2\/product_tag?post=130"}],"curies":[{"name":"wp","href":"https:\/\/api.w.org\/{rel}","templated":true}]}}