{"id":1126,"date":"2026-02-22T13:03:30","date_gmt":"2026-02-22T12:03:30","guid":{"rendered":"https:\/\/www.inspirealtea.com\/?post_type=product&#038;p=1126"},"modified":"2026-04-02T14:32:44","modified_gmt":"2026-04-02T13:32:44","slug":"societat-de-ioga-altea","status":"publish","type":"product","link":"https:\/\/www.inspirealtea.com\/ca\/experiences\/yoga-membership-altea\/","title":{"rendered":"Subscripci\u00f3 setmanal de ioga a Altea"},"content":{"rendered":"<div class=\"w-full my-4\">\n<div class=\"\">\n<div class=\"relative\">\n<div class=\"h-full min-h-0 min-w-0\">\n<div class=\"h-full min-h-0 min-w-0\">\n<div class=\"border corner-superellipse\/1.1 border-token-border-light bg-token-bg-elevated-secondary rounded-3xl\">\n<div class=\"corner-superellipse\/1.1 rounded-3xl bg-token-bg-elevated-secondary\">\n<div class=\"relative z-0 flex max-w-full\">\n<div id=\"code-block-viewer\" class=\"q9tKkq_viewer cm-editor z-10 light:cm-light dark:cm-light flex h-full w-full flex-col items-stretch \u037c5 \u037cj\" dir=\"ltr\">\n<div class=\"cm-scroller\">\n<h1 class=\"cm-content q9tKkq_readonly\">Subscripci\u00f3 setmanal de ioga a Altea<\/h1>\n<\/div>\n<\/div>\n<\/div>\n<\/div>\n<\/div>\n<\/div>\n<\/div>\n<\/div>\n<\/div>\n<\/div>\n<p data-start=\"492\" data-end=\"676\">La subscripci\u00f3 de ioga a Altea est\u00e0 dissenyada per a aquells que desitgen establir una pr\u00e0ctica setmanal consistent mitjan\u00e7ant classes de grup regulars i orientaci\u00f3 cont\u00ednua. Ideal per a residents, n\u00f2mades digitals i visitants de llarga estada, aquesta subscripci\u00f3 ofereix continu\u00eftat m\u00e9s enll\u00e0 de les sessions obertes, donant suport a un ritme de ioga m\u00e9s profund i estable.<\/p>\n<p data-start=\"888\" data-end=\"1065\">Dins del nostre <a href=\"https:\/\/www.inspirealtea.com\/ca\/ioga-a-altea-un-nou-fenomen-de-la-mediterrania\/\">Oferta de ioga a Altea<\/a>, aquesta subscripci\u00f3 proporciona estructura i progressi\u00f3, permetent-te passar d'una assist\u00e8ncia espor\u00e0dica a una pr\u00e0ctica sostinguda i de suport.<\/p>\n<h2 data-start=\"888\" data-end=\"1065\">Tot i que les classes de ioga sense reserva pr\u00e8via ofereixen flexibilitat, una subscripci\u00f3 dona suport a:<\/h2>\n<p data-start=\"888\" data-end=\"1065\">\u2022 Consist\u00e8ncia en la pr\u00e0ctica<br \/>\n\u2022 Beneficis f\u00edsics i mentals m\u00e9s profunds<br \/>\n\u2022 Vincle comunitari<br \/>\n\u2022 Benestar a llarg termini<\/p>\n<p>\u00c9s l'opci\u00f3 ideal per a qui viu a Altea o s'hi allotja durant per\u00edodes prolongats.<\/p>\n<h3 data-start=\"2611\" data-end=\"2633\">Opcions de subscripci\u00f3<\/h3>\n<p>Cam\u00ed de la Lluna \u2014 1 classe per setmana<br data-start=\"1131\" data-end=\"1134\" \/>Foc Interior \u2014 2 classes per setmana<br data-start=\"1165\" data-end=\"1168\" \/>Devoci\u00f3 solar \u2014 3 classes per setmana<\/p>\n<p data-start=\"1207\" data-end=\"1231\"><strong>Totes les subscripcions inclouen:<\/strong><\/p>\n<ul>\n<li data-start=\"1233\" data-end=\"1275\">Consulta ioga gratu\u00efta amb Sergi Dhariya<\/li>\n<li data-start=\"1277\" data-end=\"1309\">La subscripci\u00f3 de 3 mesos inclou:<\/li>\n<li data-start=\"1311\" data-end=\"1366\">1 <a href=\"https:\/\/www.inspirealtea.com\/ca\/experiencies\/classes-particulars-de-ioga-a-altea\/\">Clase particular de ioga<\/a> per donar suport a la teva evoluci\u00f3 personal<\/li>\n<\/ul>\n<p data-start=\"1368\" data-end=\"1399\"><strong>La subscripci\u00f3 d'un any inclou:<\/strong><\/p>\n<ul>\n<li data-start=\"1401\" data-end=\"1469\">1 sessi\u00f3 privada de ioga al mes per a un alineament i una orientaci\u00f3 m\u00e9s profunds<\/li>\n<\/ul>\n<p data-start=\"1471\" data-end=\"1745\">Aquesta subscripci\u00f3 complementa l'Inspire m\u00e9s ampli. <a href=\"https:\/\/www.inspirealtea.com\/ca\/ioga-a-altea\/\">Experi\u00e8ncia de ioga a Altea<\/a> oferint continu\u00eftat m\u00e9s enll\u00e0 de les sessions individuals. \u00c9s ideal per a residents, n\u00f2mades digitals i visitants de llarga estada que desitgen integrar el ioga en el seu estil de vida en lloc d'experimentar-lo ocasionalment.<\/p>\n<p data-start=\"1747\" data-end=\"1951\">Si sou nou al nostre espai, potser voldreu comen\u00e7ar amb un <a href=\"https:\/\/www.inspirealtea.com\/ca\/experiencies\/classes-de-ioga-en-grup-a-altea\/\">Clase de ioga sense reserva a Altea<\/a>.<\/p>\n<p data-start=\"1747\" data-end=\"1951\">Si est\u00e0s a punt per establir un ritme constant, aquesta subscripci\u00f3 et d\u00f3na suport en el teu viatge amb const\u00e0ncia i orientaci\u00f3.<\/p>\n<p data-start=\"1747\" data-end=\"1951\">Les subscripcions s\u00f3n abonaments de pagament \u00fanic. L'acc\u00e9s comen\u00e7a a la teva primera classe assistida i \u00e9s v\u00e0lid durant el per\u00edode seleccionat.<\/p>","protected":false},"excerpt":{"rendered":"<div class=\"w-full my-4\">\n<div class=\"\">\n<div class=\"relative\">\n<div class=\"h-full min-h-0 min-w-0\">\n<div class=\"h-full min-h-0 min-w-0\">\n<div class=\"border corner-superellipse\/1.1 border-token-border-light bg-token-bg-elevated-secondary rounded-3xl\">\n<div class=\"corner-superellipse\/1.1 rounded-3xl bg-token-bg-elevated-secondary\">\n<div class=\"relative z-0 flex max-w-full\">\n<div id=\"code-block-viewer\" class=\"q9tKkq_viewer cm-editor z-10 light:cm-light dark:cm-light flex h-full w-full flex-col items-stretch \u037c5 \u037cj\" dir=\"ltr\">\n<div class=\"cm-scroller\">\n<div class=\"cm-content q9tKkq_readonly\">Weekly yoga membership in Altea for residents, digital nomads and long-stay visitors seeking consistency and deeper practice.<\/div>\n<\/div>\n<\/div>\n<\/div>\n<\/div>\n<\/div>\n<\/div>\n<\/div>\n<\/div>\n<\/div>\n<\/div>\n<p data-start=\"384\" data-end=\"448\">Regular yoga practice in Altea for body, mind and inner balance.<\/p>\n<p data-start=\"450\" data-end=\"548\">Choose your rhythm with 1, 2 or 3 classes per week through monthly, 3-month or yearly memberships.<\/p>\n<p data-start=\"550\" data-end=\"619\">All memberships include a free Yogic Consultation with Sergi Dhariya.<\/p>\n<p data-start=\"621\" data-end=\"730\">3-Month Membership includes 1 Private Yoga Class.<br data-start=\"670\" data-end=\"673\" \/>1-Year Membership includes 1 Private Session every month.<\/p>\n<p data-start=\"360\" data-end=\"431\">Access is valid for the selected duration from the date of first class.<\/p>","protected":false},"featured_media":1138,"comment_status":"open","ping_status":"closed","template":"","meta":{"nf_dc_page":"","om_disable_all_campaigns":false,"_monsterinsights_skip_tracking":false,"_monsterinsights_sitenote_active":false,"_monsterinsights_sitenote_note":"","_monsterinsights_sitenote_category":0,"_uf_show_specific_survey":0,"_uf_disable_surveys":false,"jetpack_post_was_ever_published":false,"jetpack_publicize_message":"","jetpack_publicize_feature_enabled":true,"jetpack_social_post_already_shared":true,"jetpack_social_options":{"image_generator_settings":{"template":"highway","default_image_id":0,"font":"","enabled":false},"version":2}},"product_brand":[35],"product_cat":[24,22,325],"product_tag":[329,330,341,340,342,31,332,335,337,339,331,338,328,327,326,333,334,336],"class_list":{"0":"post-1126","1":"product","2":"type-product","3":"status-publish","4":"has-post-thumbnail","6":"product_brand-inspire-altea","7":"product_cat-wellbeing-experiences","8":"product_cat-yoga-classes","9":"product_cat-yoga-memberships","10":"product_tag-altea-yoga","11":"product_tag-costa-blanca-yoga","12":"product_tag-digital-nomads-altea","13":"product_tag-hatha-yoga","14":"product_tag-long-stay-altea","15":"product_tag-mindful-movement","16":"product_tag-monthly-yoga-pass","17":"product_tag-private-yoga-session","18":"product_tag-sergi-dhariya","19":"product_tag-vinyasa-yoga","20":"product_tag-weekly-yoga","21":"product_tag-wellbeing-altea","22":"product_tag-yoga-classes-altea","23":"product_tag-yoga-in-altea","24":"product_tag-yoga-membership","25":"product_tag-yoga-pass","26":"product_tag-yoga-program","27":"product_tag-yogic-consultation","29":"first","30":"instock","31":"shipping-taxable","32":"purchasable","33":"product-type-variable"},"yoast_head":"<!-- This site is optimized with the Yoast SEO Premium plugin v27.3 (Yoast SEO v27.4) - https:\/\/yoast.com\/product\/yoast-seo-premium-wordpress\/ -->\n<title>Yoga Membership in Altea | Weekly &amp; Long-Stay Yoga Classes<\/title>\n<meta name=\"description\" content=\"Join a weekly yoga membership in Altea with consistent classes and guided practice. Ideal for residents, digital nomads and long-stay visitors.\" \/>\n<meta name=\"robots\" content=\"index, follow, max-snippet:-1, max-image-preview:large, max-video-preview:-1\" \/>\n<link rel=\"canonical\" href=\"https:\/\/www.inspirealtea.com\/ca\/experiencies\/societat-de-ioga-altea\/\" \/>\n<meta property=\"og:locale\" content=\"ca_ES\" \/>\n<meta property=\"og:type\" content=\"article\" \/>\n<meta property=\"og:title\" content=\"Weekly Yoga Membership in Altea\" \/>\n<meta property=\"og:description\" content=\"Weekly yoga membership in Altea for residents, digital nomads and long-stay visitors seeking consistency and deeper practice. Regular yoga practice in Altea for body and mind.\" \/>\n<meta property=\"og:url\" content=\"https:\/\/www.inspirealtea.com\/ca\/experiencies\/societat-de-ioga-altea\/\" \/>\n<meta property=\"og:site_name\" content=\"Yoga, Ayurveda and Hiking | Inspire Altea\" \/>\n<meta property=\"article:publisher\" content=\"https:\/\/www.facebook.com\/yogaayurveda.altea\" \/>\n<meta property=\"article:modified_time\" content=\"2026-04-02T13:32:44+00:00\" \/>\n<meta property=\"og:image\" content=\"https:\/\/www.inspirealtea.com\/wp-content\/uploads\/2026\/02\/moon-path-yoga-membership-altea.webp\" \/>\n\t<meta property=\"og:image:width\" content=\"1024\" \/>\n\t<meta property=\"og:image:height\" content=\"1536\" \/>\n\t<meta property=\"og:image:type\" content=\"image\/webp\" \/>\n<meta name=\"twitter:card\" content=\"summary_large_image\" \/>\n<meta name=\"twitter:label1\" content=\"Temps estimat de lectura\" \/>\n\t<meta name=\"twitter:data1\" content=\"2 minuts\" \/>\n<!-- \/ Yoast SEO Premium plugin. -->","yoast_head_json":{"title":"Socis de ioga a Altea | Classes setmanals i de llarga estada","description":"Subscriu-te a un abonament setmanal de ioga a Altea amb classes constants i pr\u00e0ctica guiada. Ideal per a residents, n\u00f2mades digitals i visitants de llarga estada.","robots":{"index":"index","follow":"follow","max-snippet":"max-snippet:-1","max-image-preview":"max-image-preview:large","max-video-preview":"max-video-preview:-1"},"canonical":"https:\/\/www.inspirealtea.com\/ca\/experiencies\/societat-de-ioga-altea\/","og_locale":"ca_ES","og_type":"article","og_title":"Weekly Yoga Membership in Altea","og_description":"Weekly yoga membership in Altea for residents, digital nomads and long-stay visitors seeking consistency and deeper practice. Regular yoga practice in Altea for body and mind.","og_url":"https:\/\/www.inspirealtea.com\/ca\/experiencies\/societat-de-ioga-altea\/","og_site_name":"Yoga, Ayurveda and Hiking | Inspire Altea","article_publisher":"https:\/\/www.facebook.com\/yogaayurveda.altea","article_modified_time":"2026-04-02T13:32:44+00:00","og_image":[{"width":1024,"height":1536,"url":"https:\/\/www.inspirealtea.com\/wp-content\/uploads\/2026\/02\/moon-path-yoga-membership-altea.webp","type":"image\/webp"}],"twitter_card":"summary_large_image","twitter_misc":{"Temps estimat de lectura":"2 minuts"},"schema":{"@context":"https:\/\/schema.org","@graph":[{"@type":"WebPage","@id":"https:\/\/www.inspirealtea.com\/experiences\/yoga-membership-altea\/","url":"https:\/\/www.inspirealtea.com\/experiences\/yoga-membership-altea\/","name":"Socis de ioga a Altea | Classes setmanals i de llarga estada","isPartOf":{"@id":"https:\/\/www.inspirealtea.com\/#website"},"primaryImageOfPage":{"@id":"https:\/\/www.inspirealtea.com\/experiences\/yoga-membership-altea\/#primaryimage"},"image":{"@id":"https:\/\/www.inspirealtea.com\/experiences\/yoga-membership-altea\/#primaryimage"},"thumbnailUrl":"https:\/\/i0.wp.com\/www.inspirealtea.com\/wp-content\/uploads\/2026\/02\/moon-path-yoga-membership-altea.webp?fit=1024%2C1536&ssl=1","datePublished":"2026-02-22T12:03:30+00:00","dateModified":"2026-04-02T13:32:44+00:00","description":"Subscriu-te a un abonament setmanal de ioga a Altea amb classes constants i pr\u00e0ctica guiada. Ideal per a residents, n\u00f2mades digitals i visitants de llarga estada.","breadcrumb":{"@id":"https:\/\/www.inspirealtea.com\/experiences\/yoga-membership-altea\/#breadcrumb"},"inLanguage":"ca","potentialAction":[{"@type":"ReadAction","target":["https:\/\/www.inspirealtea.com\/experiences\/yoga-membership-altea\/"]}]},{"@type":"ImageObject","inLanguage":"ca","@id":"https:\/\/www.inspirealtea.com\/experiences\/yoga-membership-altea\/#primaryimage","url":"https:\/\/i0.wp.com\/www.inspirealtea.com\/wp-content\/uploads\/2026\/02\/moon-path-yoga-membership-altea.webp?fit=1024%2C1536&ssl=1","contentUrl":"https:\/\/i0.wp.com\/www.inspirealtea.com\/wp-content\/uploads\/2026\/02\/moon-path-yoga-membership-altea.webp?fit=1024%2C1536&ssl=1","width":1024,"height":1536,"caption":"A steady path of practice by the sea."},{"@type":"BreadcrumbList","@id":"https:\/\/www.inspirealtea.com\/experiences\/yoga-membership-altea\/#breadcrumb","itemListElement":[{"@type":"ListItem","position":1,"name":"Home","item":"https:\/\/www.inspirealtea.com\/"},{"@type":"ListItem","position":2,"name":"Experiences","item":"https:\/\/www.inspirealtea.com\/experiences\/"},{"@type":"ListItem","position":3,"name":"Wellbeing experiences","item":"https:\/\/www.inspirealtea.com\/product-category\/wellbeing-experiences\/"},{"@type":"ListItem","position":4,"name":"Yoga Classes","item":"https:\/\/www.inspirealtea.com\/product-category\/wellbeing-experiences\/yoga-classes\/"},{"@type":"ListItem","position":5,"name":"Yoga Memberships","item":"https:\/\/www.inspirealtea.com\/product-category\/wellbeing-experiences\/yoga-classes\/yoga-memberships\/"},{"@type":"ListItem","position":6,"name":"Weekly Yoga Membership in Altea"}]},{"@type":"WebSite","@id":"https:\/\/www.inspirealtea.com\/#website","url":"https:\/\/www.inspirealtea.com\/","name":"Ioga, Ayurveda i Senderisme | Inspirar Altea","description":"Explora't a trav\u00e9s del Ioga, l'Ayurveda i les Excursions a Altea, Alacant \u2014 un santuari per al benestar al costat del Mediterrani.","publisher":{"@id":"https:\/\/www.inspirealtea.com\/#organization"},"alternateName":"Inspire Altea \u2013 Yoga, Ayurveda & Hiking","potentialAction":[{"@type":"SearchAction","target":{"@type":"EntryPoint","urlTemplate":"https:\/\/www.inspirealtea.com\/?s={search_term_string}"},"query-input":{"@type":"PropertyValueSpecification","valueRequired":true,"valueName":"search_term_string"}}],"inLanguage":"ca"},{"@type":"Organization","@id":"https:\/\/www.inspirealtea.com\/#organization","name":"Ioga, Ayurveda i Senderisme | Inspire Altea","alternateName":"IA Yoga Ayurveda Hike","url":"https:\/\/www.inspirealtea.com\/","logo":{"@type":"ImageObject","inLanguage":"ca","@id":"https:\/\/www.inspirealtea.com\/#\/schema\/logo\/image\/","url":"https:\/\/i0.wp.com\/www.inspirealtea.com\/wp-content\/uploads\/2025\/10\/Logo-Inspire-Altea.png?fit=1024%2C1024&ssl=1","contentUrl":"https:\/\/i0.wp.com\/www.inspirealtea.com\/wp-content\/uploads\/2025\/10\/Logo-Inspire-Altea.png?fit=1024%2C1024&ssl=1","width":1024,"height":1024,"caption":"Yoga, Ayurveda and Hiking | Inspire Altea"},"image":{"@id":"https:\/\/www.inspirealtea.com\/#\/schema\/logo\/image\/"},"sameAs":["https:\/\/www.facebook.com\/yogaayurveda.altea","https:\/\/www.instagram.com\/inspirealtea\/","https:\/\/www.linkedin.com\/in\/sergio-cisneros-galea","https:\/\/www.youtube.com\/@inspirealtea","https:\/\/gravatar.com\/sergiocisnerosgalea"],"description":"Discover holistic wellbeing experiences in Altea that connect body, mind, and nature. From yoga and Ayurveda to guided hiking and personalized retreats \u2014 all designed to help you restore balance, vitality, and inner peace.","email":"inspirealtea@gmail.com","telephone":"+33 6 07 42 58 97","legalName":"Sergio Cisneros Galea","foundingDate":"2019-11-11","numberOfEmployees":{"@type":"QuantitativeValue","minValue":"1","maxValue":"10"},"publishingPrinciples":"https:\/\/www.inspirealtea.com\/who-i-am\/"}]}},"jetpack_publicize_connections":[],"jetpack_sharing_enabled":true,"_links":{"self":[{"href":"https:\/\/www.inspirealtea.com\/ca\/wp-json\/wp\/v2\/product\/1126","targetHints":{"allow":["GET"]}}],"collection":[{"href":"https:\/\/www.inspirealtea.com\/ca\/wp-json\/wp\/v2\/product"}],"about":[{"href":"https:\/\/www.inspirealtea.com\/ca\/wp-json\/wp\/v2\/types\/product"}],"replies":[{"embeddable":true,"href":"https:\/\/www.inspirealtea.com\/ca\/wp-json\/wp\/v2\/comments?post=1126"}],"wp:featuredmedia":[{"embeddable":true,"href":"https:\/\/www.inspirealtea.com\/ca\/wp-json\/wp\/v2\/media\/1138"}],"wp:attachment":[{"href":"https:\/\/www.inspirealtea.com\/ca\/wp-json\/wp\/v2\/media?parent=1126"}],"wp:term":[{"taxonomy":"product_brand","embeddable":true,"href":"https:\/\/www.inspirealtea.com\/ca\/wp-json\/wp\/v2\/product_brand?post=1126"},{"taxonomy":"product_cat","embeddable":true,"href":"https:\/\/www.inspirealtea.com\/ca\/wp-json\/wp\/v2\/product_cat?post=1126"},{"taxonomy":"product_tag","embeddable":true,"href":"https:\/\/www.inspirealtea.com\/ca\/wp-json\/wp\/v2\/product_tag?post=1126"}],"curies":[{"name":"wp","href":"https:\/\/api.w.org\/{rel}","templated":true}]}}