{"id":17,"date":"2025-10-20T14:02:51","date_gmt":"2025-10-20T14:02:51","guid":{"rendered":"https:\/\/exa.upa.mybluehost.me\/about\/"},"modified":"2026-02-28T21:02:55","modified_gmt":"2026-02-28T20:02:55","slug":"qui-soc","status":"publish","type":"page","link":"https:\/\/www.inspirealtea.com\/ca\/who-i-am\/","title":{"rendered":"Qui s\u00f3c"},"content":{"rendered":"<h2 class=\"has-text-align-center wp-block-post-title\">Qui s\u00f3c<\/h2>\n\n\n<div id=\"hero\" class=\"nfd-container nfd-p-lg nfd-pb-lg is-style-nfd-theme-white wp-block-group has-global-padding is-layout-constrained wp-block-group-is-layout-constrained\">\n<div class=\"nfd-gap-3xl wp-block-columns are-vertically-aligned-center is-layout-flex wp-container-core-columns-is-layout-28f84493 wp-block-columns-is-layout-flex\">\n<div class=\"md:nfd-order-2 wp-block-column is-vertically-aligned-center is-layout-flow wp-container-core-column-is-layout-fc5e3b10 wp-block-column-is-layout-flow\" style=\"flex-basis:44%\">\n<div class=\"nfd-gap-lg nfd-text-md wp-block-group is-vertical is-layout-flex wp-container-core-group-is-layout-fe9cc265 wp-block-group-is-layout-flex\">\n<h1 class=\"wp-block-heading nfd-text-giga nfd-text-current\" id=\"h-who-i-am-sergi-dhariya-sergio-cisneros-galea\"><strong>Qui s\u00f3c \u2013 Sergi Dhariya <\/strong>(Sergio Cisneros Galea)<\/h1>\n\n\n\n<p class=\"\"><em>Un viatge cap a la consci\u00e8ncia, la natura i l&#039;equilibri.<\/em><\/p>\n\n\n\n<p class=\"\"><strong>Sergi Dhariya<\/strong> \u00e9s una professora de ioga, practicant d'Ayurv\u00e8da i guia de muntanya amb seu a Altea. A trav\u00e9s de <strong>Inspira Altea<\/strong>, S'ofereixen experi\u00e8ncies de benestar hol\u00edstic que integren <strong>moviment, consci\u00e8ncia i natura<\/strong>.<\/p>\n\n\n\n<h2 class=\"wp-block-heading\" id=\"h-approach\">Aproximaci\u00f3<\/h2>\n\n\n\n<p class=\"\">La metodologia reuneix ioga, ayurv\u00e8da i experi\u00e8ncies basades en la natura com a camins cap a la pres\u00e8ncia, la claredat i l'equilibri. En lloc d'aspirar a resultats immediats, el proc\u00e9s es desenvolupa mitjan\u00e7ant una pr\u00e0ctica atenta i una integraci\u00f3 constant.<\/p>\n\n\n\n<div class=\"wp-block-buttons is-horizontal is-content-justification-left is-layout-flex wp-container-core-buttons-is-layout-c4719c80 wp-block-buttons-is-layout-flex\">\n<div class=\"nfd-btn-lg  wp-block-button\"><a class=\"wp-block-button__link has-contrast-color has-accent-6-background-color has-text-color has-background has-link-color wp-element-button\" href=\"https:\/\/wa.me\/330607425897\" target=\"_blank\" rel=\"noreferrer noopener\"><strong>Coneix-te<\/strong> Sergi<\/a><\/div>\n<\/div>\n<\/div>\n<\/div>\n\n\n\n<div class=\"wp-block-column is-vertically-aligned-center is-layout-flow wp-container-core-column-is-layout-8a368f38 wp-block-column-is-layout-flow\" style=\"flex-basis:50%\">\n<div class=\"nfd-grid nfd-grid-cols-9 nfd-grid-rows-1 nfd-items-center wp-block-group is-layout-flow wp-container-core-group-is-layout-a77db08e wp-block-group-is-layout-flow\">\n<figure class=\"wp-block-gallery has-nested-images columns-default is-cropped wp-block-gallery-1 is-layout-flex wp-block-gallery-is-layout-flex\">\n<figure class=\"nfd-col-start-1 nfd-col-end-7 nfd-row-start-1 nfd-rounded wp-block-image size-full\"><img data-recalc-dims=\"1\" decoding=\"async\" width=\"1200\" height=\"1600\" loading=\"lazy\" data-id=\"1162\" src=\"https:\/\/i0.wp.com\/www.inspirealtea.com\/wp-content\/uploads\/2026\/02\/Bio-Sergi-Dhariya.webp?resize=1200%2C1600&#038;ssl=1\" alt=\"El practicant de Ioga i Ayurveda Sergio Cisneros Galea a Altea, Costa Blanca\" class=\"wp-image-1162\" style=\"aspect-ratio:2\/3;object-fit:cover\" srcset=\"https:\/\/i0.wp.com\/www.inspirealtea.com\/wp-content\/uploads\/2026\/02\/Bio-Sergi-Dhariya.webp?w=1200&amp;ssl=1 1200w, https:\/\/i0.wp.com\/www.inspirealtea.com\/wp-content\/uploads\/2026\/02\/Bio-Sergi-Dhariya.webp?resize=225%2C300&amp;ssl=1 225w, https:\/\/i0.wp.com\/www.inspirealtea.com\/wp-content\/uploads\/2026\/02\/Bio-Sergi-Dhariya.webp?resize=768%2C1024&amp;ssl=1 768w, https:\/\/i0.wp.com\/www.inspirealtea.com\/wp-content\/uploads\/2026\/02\/Bio-Sergi-Dhariya.webp?resize=1152%2C1536&amp;ssl=1 1152w, https:\/\/i0.wp.com\/www.inspirealtea.com\/wp-content\/uploads\/2026\/02\/Bio-Sergi-Dhariya.webp?resize=9%2C12&amp;ssl=1 9w, https:\/\/i0.wp.com\/www.inspirealtea.com\/wp-content\/uploads\/2026\/02\/Bio-Sergi-Dhariya.webp?resize=600%2C800&amp;ssl=1 600w\" sizes=\"auto, (max-width: 1000px) 100vw, 1000px\" \/><figcaption class=\"wp-element-caption\">Sergio Cisneros Galea, fundador d&#039;Inspire Altea, que comparteix ioga i ayurveda per a una vida conscient a Altea.<\/figcaption><\/figure>\n<\/figure>\n<\/div>\n<\/div>\n<\/div>\n<\/div>\n\n\n\n<div class=\"wp-block-group has-global-padding is-layout-constrained wp-block-group-is-layout-constrained\">\n<div class=\"nfd-container nfd-text-md nfd-wb-text__text-1 wp-block-group has-global-padding is-content-justification-left is-layout-constrained wp-container-core-group-is-layout-12dd3699 wp-block-group-is-layout-constrained\">\n<div class=\"nfd-max-w-prose wp-block-group alignfull is-vertical is-content-justification-left is-layout-flex wp-container-core-group-is-layout-dd225191 wp-block-group-is-layout-flex\">\n<h2 class=\"nfd-text-xl nfd-text-balance wp-block-heading\" id=\"h-walking-silently\" style=\"font-style:normal;font-weight:600\">Caminant en silenci<\/h2>\n\n\n\n<p class=\"has-drop-cap\">Arrelats en l'aire mar\u00ed i la pedra, el silenci i el moviment sempre han anat junts. Les muntanyes van oferir una primera llengua de pres\u00e8ncia i canvi.<br>El guiatge de muntanya va comen\u00e7ar als 15 anys a la ciutat de la llum, i amb aix\u00f2 va arribar una visi\u00f3 clara: la natura reflecteix el m\u00f3n interior. <\/p>\n\n\n\n<p class=\"has-drop-cap\">16 anys guiando pels Alps, els Pirineus i la Toscana, la natura ha ofert un mestre constant de paci\u00e8ncia i consci\u00e8ncia. A Altea, aquest cam\u00ed evoluciona \u2014 entrella\u00e7ant l'experi\u00e8ncia a l'aire lliure amb la salut integrativa.<\/p>\n<\/div>\n<\/div>\n<\/div>\n\n\n\n<div class=\"wp-block-group has-global-padding is-content-justification-left is-layout-constrained wp-container-core-group-is-layout-12dd3699 wp-block-group-is-layout-constrained\">\n<div class=\"wp-block-columns alignfull is-layout-flex wp-container-core-columns-is-layout-28f84493 wp-block-columns-is-layout-flex\">\n<div class=\"wp-block-column is-layout-flow wp-block-column-is-layout-flow\" style=\"flex-basis:50%\">\n<div class=\"is-style-default wp-block-cover is-light\" style=\"min-height:600px;aspect-ratio:unset;\"><span aria-hidden=\"true\" class=\"wp-block-cover__background has-custom-color-2-background-color has-background-dim-0 has-background-dim\"><\/span><div class=\"wp-block-cover__inner-container is-layout-flow wp-block-cover-is-layout-flow\">\n<figure class=\"wp-block-image aligncenter size-full is-resized\"><img data-recalc-dims=\"1\" decoding=\"async\" width=\"347\" height=\"529\" loading=\"lazy\" src=\"https:\/\/i0.wp.com\/www.inspirealtea.com\/wp-content\/uploads\/2025\/11\/Yoga-2.webp?resize=347%2C529&#038;ssl=1\" alt=\"Postura de ioga meditativa que simbolitza la consci\u00e8ncia plena i l&#039;equilibri interior a Inspire Altea, Costa Blanca\" class=\"wp-image-662\" style=\"aspect-ratio:0.6559444690592232;width:347px;height:auto\" srcset=\"https:\/\/i0.wp.com\/www.inspirealtea.com\/wp-content\/uploads\/2025\/11\/Yoga-2.webp?w=347&amp;ssl=1 347w, https:\/\/i0.wp.com\/www.inspirealtea.com\/wp-content\/uploads\/2025\/11\/Yoga-2.webp?resize=197%2C300&amp;ssl=1 197w\" sizes=\"auto, (max-width: 347px) 100vw, 347px\" \/><figcaption class=\"wp-element-caption\">Mindfulness i equilibri expressats a trav\u00e9s de la pr\u00e0ctica de ioga a Inspire Altea.<\/figcaption><\/figure>\n<\/div><\/div>\n<\/div>\n\n\n\n<div class=\"nfd-container nfd-text-md nfd-wb-text__text-1 wp-block-column has-global-padding is-content-justification-left is-layout-constrained wp-container-core-column-is-layout-12dd3699 wp-block-column-is-layout-constrained\">\n<div class=\"nfd-max-w-prose wp-block-columns is-vertical is-content-justification-left is-layout-flex wp-container-core-columns-is-layout-ef42fd53 wp-block-columns-is-layout-flex\">\n<div class=\"nfd-text-xl nfd-text-balance wp-block-column is-layout-flow wp-block-column-is-layout-flow\" style=\"font-style:normal;font-weight:600;flex-basis:320px\">\n<h2 class=\"nfd-text-xl nfd-text-balance wp-block-heading\" id=\"h-philosophy\"><strong>Filosofia<\/strong><\/h2>\n\n\n\n<p class=\"is-style-default has-large-font-size\">A Inspire Altea, <strong>Ayurveda i Ioga<\/strong> s'entenen com a vius<strong> ci\u00e8ncies<\/strong>, arrelada en l&#039;experi\u00e8ncia directa i dissenyada per adaptar-se a la vida contempor\u00e0nia.<br>Cada massatge, classe o ter\u00e0pia esdev\u00e9 un di\u00e0leg entre l&#039;individu i el moment present: un proc\u00e9s guiat per l&#039;escolta, l&#039;observaci\u00f3 i la confian\u00e7a.<\/p>\n\n\n\n<blockquote class=\"wp-block-quote is-layout-flow wp-block-quote-is-layout-flow\">\n<p class=\"has-large-font-size\">\u201c&quot;La curaci\u00f3 comen\u00e7a quan tornem a la simplicitat: escoltar, respirar i reconnectar.&quot;\u201d<\/p>\n<\/blockquote>\n\n\n\n<p class=\"has-large-font-size\">Aquesta simplicitat defineix l'enfocament de <span style=\"text-decoration: underline;\">Inspira Altea<\/span>: creant espais on el cos, la ment i la respiraci\u00f3 es poden alinear de manera natural, permetent que el benestar sorgeixi com una cosa org\u00e0nica, respectuosa i profundament personal.<\/p>\n<\/div>\n<\/div>\n<\/div>\n<\/div>\n<\/div>\n\n\n\n<div style=\"height:100px\" aria-hidden=\"true\" class=\"wp-block-spacer\"><\/div>\n\n\n\n<div class=\"wp-block-group has-global-padding is-content-justification-center is-layout-constrained wp-block-group-is-layout-constrained\">\n<div class=\"wp-block-columns alignfull is-layout-flex wp-container-core-columns-is-layout-28f84493 wp-block-columns-is-layout-flex\">\n<div class=\"nfd-container nfd-text-md nfd-wb-text__text-1 wp-block-column is-vertically-aligned-center has-global-padding is-content-justification-left is-layout-constrained wp-container-core-column-is-layout-12dd3699 wp-block-column-is-layout-constrained\">\n<div class=\"nfd-max-w-prose wp-block-columns is-vertical is-content-justification-left is-layout-flex wp-container-core-columns-is-layout-ef42fd53 wp-block-columns-is-layout-flex\">\n<div class=\"nfd-text-xl nfd-text-balance wp-block-column has-medium-font-size is-layout-flow wp-block-column-is-layout-flow\" style=\"font-style:normal;font-weight:600;flex-basis:320px\">\n<h2 class=\"nfd-text-xl nfd-text-balance wp-block-heading\" id=\"h-training-amp-experience\"><strong><strong>Formaci\u00f3 i experi\u00e8ncia<\/strong><\/strong><\/h2>\n\n\n\n<p class=\"is-style-default has-large-font-size\">Cada cam\u00ed reflecteix un fil conductor com\u00fa: l'exploraci\u00f3 de la consci\u00e8ncia de si mateix.<\/p>\n\n\n\n<ul class=\"wp-block-list\">\n<li class=\"\"><strong>Terapeuta i Mentora Ayurv\u00e8dica<\/strong> \u2013 Mentoria ayurv\u00e8dica amb el Dr. Shubham, 2024\u2013Actualment<\/li>\n\n\n\n<li class=\"\"><strong>Massatge ayurv\u00e8dic tradicional i ter\u00e0pia Panchakarma<\/strong>, Kerala, \u00cdndia (2023)<\/li>\n\n\n\n<li class=\"\"><strong>Professor\/a de Hatha Ioga 500h<\/strong>, Durgaji, Fran\u00e7a<\/li>\n\n\n\n<li class=\"\"><strong>Professora de ioga multiestil 200h<\/strong>, Green Yoga International, Mallorca<\/li>\n\n\n\n<li class=\"\"><strong>L\u00edder de muntanya (BPJEPS i IML)<\/strong> \u2013 M\u00e9s de 16 anys com a guia a Europa i al Marroc<\/li>\n\n\n\n<li class=\"\"><strong>Primers auxiliars de la natura salvatge<\/strong>, Su\u00efssa (2020)<\/li>\n\n\n\n<li class=\"\"><strong>Nivell 2 de seguretat en terreny d&#039;allaus<\/strong>, Espanya (2019)<\/li>\n<\/ul>\n\n\n\n<p class=\"is-style-default has-large-font-size\">El cam\u00ed professional de Sergi Dhariya a Altea continua mitjan\u00e7ant l'aprenentatge constant, l'observaci\u00f3 i la integraci\u00f3 del coneixement tradicional amb les necessitats actuals.<\/p>\n<\/div>\n<\/div>\n<\/div>\n<\/div>\n<\/div>\n\n\n\n<div style=\"height:100px\" aria-hidden=\"true\" class=\"wp-block-spacer\"><\/div>\n\n\n\n<div class=\"wp-block-group has-global-padding is-content-justification-left is-layout-constrained wp-container-core-group-is-layout-12dd3699 wp-block-group-is-layout-constrained\">\n<div class=\"wp-block-columns alignfull is-layout-flex wp-container-core-columns-is-layout-28f84493 wp-block-columns-is-layout-flex\">\n<div class=\"wp-block-column is-layout-flow wp-block-column-is-layout-flow\" style=\"flex-basis:50%\">\n<div class=\"wp-block-cover\" style=\"min-height:600px;aspect-ratio:unset;\"><span aria-hidden=\"true\" class=\"wp-block-cover__background has-accent-5-background-color has-background-dim-100 has-background-dim\"><\/span><div class=\"wp-block-cover__inner-container is-layout-flow wp-block-cover-is-layout-flow\">\n<figure class=\"wp-block-image aligncenter size-full\"><img decoding=\"async\" width=\"975\" height=\"1300\" loading=\"lazy\" src=\"https:\/\/i0.wp.com\/www.inspirealtea.com\/wp-content\/uploads\/2025\/10\/pexels-photo-31771512.jpeg?fit=975%2C1300&amp;ssl=1\" alt=\"gavina en vol sobre les aig\u00fces mediterr\u00e0nies\" class=\"wp-image-676\" srcset=\"https:\/\/i0.wp.com\/www.inspirealtea.com\/wp-content\/uploads\/2025\/10\/pexels-photo-31771512.jpeg?w=975&amp;ssl=1 975w, https:\/\/i0.wp.com\/www.inspirealtea.com\/wp-content\/uploads\/2025\/10\/pexels-photo-31771512.jpeg?resize=225%2C300&amp;ssl=1 225w, https:\/\/i0.wp.com\/www.inspirealtea.com\/wp-content\/uploads\/2025\/10\/pexels-photo-31771512.jpeg?resize=768%2C1024&amp;ssl=1 768w, https:\/\/i0.wp.com\/www.inspirealtea.com\/wp-content\/uploads\/2025\/10\/pexels-photo-31771512.jpeg?resize=600%2C800&amp;ssl=1 600w\" sizes=\"auto, (max-width: 975px) 100vw, 975px\" \/><\/figure>\n<\/div><\/div>\n<\/div>\n\n\n\n<div class=\"nfd-container nfd-text-md nfd-wb-text__text-1 wp-block-column has-medium-font-size has-global-padding is-content-justification-left is-layout-constrained wp-container-core-column-is-layout-12dd3699 wp-block-column-is-layout-constrained\">\n<div class=\"nfd-max-w-prose wp-block-columns has-large-font-size is-vertical is-content-justification-left is-layout-flex wp-container-core-columns-is-layout-ef42fd53 wp-block-columns-is-layout-flex\">\n<div class=\"nfd-text-xl nfd-text-balance wp-block-column has-medium-font-size is-layout-flow wp-block-column-is-layout-flow\" style=\"font-style:normal;font-weight:600;flex-basis:320px\">\n<h2 class=\"nfd-text-xl nfd-text-balance wp-block-heading\" id=\"h-a-space-for-conscious-living-in-altea\"><strong>Un Espai per a una Vida Conscient a Altea<\/strong><\/h2>\n\n\n\n<p class=\"is-style-default has-medium-font-size\">A m\u00e9s, Inspire Altea \u00e9s m\u00e9s que un espai de trobada de benestar: \u00e9s un projecte viu dedicat a l'art de viure conscientment.<br>A trav\u00e9s <strong>Ter\u00e0pies ayurv\u00e8diques, sessions de ioga, retirs i experi\u00e8ncies a la natura<\/strong>, Us convidem a reconnectar amb el vostre ritme natural en l'entorn ser\u00e8 d'Altea, a la Costa Blanca.<\/p>\n\n\n\n<p class=\"\">Cada trobada \u00e9s \u00fanica \u2014 Fem-la realitat!<\/p>\n\n\n\n<p class=\"is-style-default has-large-font-size\"><a href=\"https:\/\/www.inspirealtea.com\/ca\/ayurveda-a-altea\/\"><strong>Descobreix les ter\u00e0pies ayurv\u00e8diques \u2192<\/strong><\/a><\/p>\n\n\n\n<p class=\"is-style-default has-large-font-size\"><a href=\"https:\/\/www.inspirealtea.com\/ca\/ioga-a-altea\/\"><strong>Uneix-te a una classe de ioga \u2192<\/strong><\/a><\/p>\n<\/div>\n<\/div>\n<\/div>\n<\/div>\n<\/div>\n\n\n\n<div style=\"height:26px\" aria-hidden=\"true\" class=\"wp-block-spacer\"><\/div>\n\n\n\n<p class=\"\">A Altea, aquesta tasca continua com un punt de trobada entre la natura i la vida interior. Mitjan\u00e7ant el ioga, l'Ayurveda i experi\u00e8ncies guiades a l'aire lliure, es crea un espai per a la claredat, l'equilibri i el benestar sostenible.<\/p>","protected":false},"excerpt":{"rendered":"<p>Who I Am \u2013 Sergi Dhariya (Sergio Cisneros Galea) A journey into awareness, nature, and balance. Sergi Dhariya is a yoga teacher, Ayurvedic practitioner and mountain guide based in Altea. Through Inspire Altea, holistic wellbeing experiences are offered that integrate movement, awareness and nature. Approach The methodology brings together yoga, Ayurveda, and nature-based experiences as [&hellip;]<\/p>\n","protected":false},"author":1,"featured_media":1162,"parent":0,"menu_order":0,"comment_status":"closed","ping_status":"closed","template":"page-no-title","meta":{"nf_dc_page":"about","om_disable_all_campaigns":false,"_monsterinsights_skip_tracking":false,"_monsterinsights_sitenote_active":false,"_monsterinsights_sitenote_note":"","_monsterinsights_sitenote_category":0,"_uf_show_specific_survey":0,"_uf_disable_surveys":false,"jetpack_post_was_ever_published":false,"footnotes":""},"class_list":["post-17","page","type-page","status-publish","has-post-thumbnail","hentry"],"yoast_head":"<!-- This site is optimized with the Yoast SEO Premium plugin v27.3 (Yoast SEO v27.4) - https:\/\/yoast.com\/product\/yoast-seo-premium-wordpress\/ -->\n<title>Sergi Dhariya | Yoga &amp; Ayurveda in Altea<\/title>\n<meta name=\"description\" content=\"Meet Sergi Dhariya (Sergio Cisneros Galea), yoga teacher and Ayurvedic therapist in Altea offering holistic wellbeing experiences in nature.\" \/>\n<meta name=\"robots\" content=\"index, follow, max-snippet:-1, max-image-preview:large, max-video-preview:-1\" \/>\n<link rel=\"canonical\" href=\"https:\/\/www.inspirealtea.com\/ca\/qui-soc\/\" \/>\n<meta property=\"og:locale\" content=\"ca_ES\" \/>\n<meta property=\"og:type\" content=\"article\" \/>\n<meta property=\"og:title\" content=\"Who I am\" \/>\n<meta property=\"og:description\" content=\"Meet Sergi Dhariya (Sergio Cisneros Galea), yoga teacher and Ayurvedic therapist in Altea offering holistic wellbeing experiences in nature.\" \/>\n<meta property=\"og:url\" content=\"https:\/\/www.inspirealtea.com\/ca\/qui-soc\/\" \/>\n<meta property=\"og:site_name\" content=\"Yoga, Ayurveda and Hiking | Inspire Altea\" \/>\n<meta property=\"article:publisher\" content=\"https:\/\/www.facebook.com\/yogaayurveda.altea\" \/>\n<meta property=\"article:modified_time\" content=\"2026-02-28T20:02:55+00:00\" \/>\n<meta property=\"og:image\" content=\"https:\/\/www.inspirealtea.com\/wp-content\/uploads\/2026\/02\/Bio-Sergi-Dhariya.webp\" \/>\n\t<meta property=\"og:image:width\" content=\"1200\" \/>\n\t<meta property=\"og:image:height\" content=\"1600\" \/>\n\t<meta property=\"og:image:type\" content=\"image\/webp\" \/>\n<meta name=\"twitter:card\" content=\"summary_large_image\" \/>\n<meta name=\"twitter:label1\" content=\"Temps estimat de lectura\" \/>\n\t<meta name=\"twitter:data1\" content=\"3 minuts\" \/>\n<!-- \/ Yoast SEO Premium plugin. -->","yoast_head_json":{"title":"Sergi Dhariya | Ioga i ayurv\u00e8da a Altea","description":"Coneix Sergi Dhariya (Sergio Cisneros Galea), professor de ioga i terapeuta ayurv\u00e8dic a Altea que ofereix experi\u00e8ncies de benestar hol\u00edstic en plena natura.","robots":{"index":"index","follow":"follow","max-snippet":"max-snippet:-1","max-image-preview":"max-image-preview:large","max-video-preview":"max-video-preview:-1"},"canonical":"https:\/\/www.inspirealtea.com\/ca\/qui-soc\/","og_locale":"ca_ES","og_type":"article","og_title":"Who I am","og_description":"Meet Sergi Dhariya (Sergio Cisneros Galea), yoga teacher and Ayurvedic therapist in Altea offering holistic wellbeing experiences in nature.","og_url":"https:\/\/www.inspirealtea.com\/ca\/qui-soc\/","og_site_name":"Yoga, Ayurveda and Hiking | Inspire Altea","article_publisher":"https:\/\/www.facebook.com\/yogaayurveda.altea","article_modified_time":"2026-02-28T20:02:55+00:00","og_image":[{"width":1200,"height":1600,"url":"https:\/\/www.inspirealtea.com\/wp-content\/uploads\/2026\/02\/Bio-Sergi-Dhariya.webp","type":"image\/webp"}],"twitter_card":"summary_large_image","twitter_misc":{"Temps estimat de lectura":"3 minuts"},"schema":{"@context":"https:\/\/schema.org","@graph":[{"@type":"WebPage","@id":"https:\/\/www.inspirealtea.com\/who-i-am\/","url":"https:\/\/www.inspirealtea.com\/who-i-am\/","name":"Sergi Dhariya | Ioga i ayurv\u00e8da a Altea","isPartOf":{"@id":"https:\/\/www.inspirealtea.com\/#website"},"primaryImageOfPage":{"@id":"https:\/\/www.inspirealtea.com\/who-i-am\/#primaryimage"},"image":{"@id":"https:\/\/www.inspirealtea.com\/who-i-am\/#primaryimage"},"thumbnailUrl":"https:\/\/i0.wp.com\/www.inspirealtea.com\/wp-content\/uploads\/2026\/02\/Bio-Sergi-Dhariya.webp?fit=1200%2C1600&ssl=1","datePublished":"2025-10-20T14:02:51+00:00","dateModified":"2026-02-28T20:02:55+00:00","description":"Coneix Sergi Dhariya (Sergio Cisneros Galea), professor de ioga i terapeuta ayurv\u00e8dic a Altea que ofereix experi\u00e8ncies de benestar hol\u00edstic en plena natura.","breadcrumb":{"@id":"https:\/\/www.inspirealtea.com\/who-i-am\/#breadcrumb"},"inLanguage":"ca","potentialAction":[{"@type":"ReadAction","target":["https:\/\/www.inspirealtea.com\/who-i-am\/"]}]},{"@type":"ImageObject","inLanguage":"ca","@id":"https:\/\/www.inspirealtea.com\/who-i-am\/#primaryimage","url":"https:\/\/i0.wp.com\/www.inspirealtea.com\/wp-content\/uploads\/2026\/02\/Bio-Sergi-Dhariya.webp?fit=1200%2C1600&ssl=1","contentUrl":"https:\/\/i0.wp.com\/www.inspirealtea.com\/wp-content\/uploads\/2026\/02\/Bio-Sergi-Dhariya.webp?fit=1200%2C1600&ssl=1","width":1200,"height":1600,"caption":"Sergi Dhariya, yoga teacher and Ayurvedic practitioner based in Altea."},{"@type":"BreadcrumbList","@id":"https:\/\/www.inspirealtea.com\/who-i-am\/#breadcrumb","itemListElement":[{"@type":"ListItem","position":1,"name":"Home","item":"https:\/\/www.inspirealtea.com\/"},{"@type":"ListItem","position":2,"name":"Who I am"}]},{"@type":"WebSite","@id":"https:\/\/www.inspirealtea.com\/#website","url":"https:\/\/www.inspirealtea.com\/","name":"Ioga, Ayurveda i Senderisme | Inspirar Altea","description":"Explora't a trav\u00e9s del Ioga, l'Ayurveda i les Excursions a Altea, Alacant \u2014 un santuari per al benestar al costat del Mediterrani.","publisher":{"@id":"https:\/\/www.inspirealtea.com\/#organization"},"alternateName":"Inspire Altea \u2013 Yoga, Ayurveda & Hiking","potentialAction":[{"@type":"SearchAction","target":{"@type":"EntryPoint","urlTemplate":"https:\/\/www.inspirealtea.com\/?s={search_term_string}"},"query-input":{"@type":"PropertyValueSpecification","valueRequired":true,"valueName":"search_term_string"}}],"inLanguage":"ca"},{"@type":"Organization","@id":"https:\/\/www.inspirealtea.com\/#organization","name":"Ioga, Ayurveda i Senderisme | Inspire Altea","alternateName":"IA Yoga Ayurveda Hike","url":"https:\/\/www.inspirealtea.com\/","logo":{"@type":"ImageObject","inLanguage":"ca","@id":"https:\/\/www.inspirealtea.com\/#\/schema\/logo\/image\/","url":"https:\/\/i0.wp.com\/www.inspirealtea.com\/wp-content\/uploads\/2025\/10\/Logo-Inspire-Altea.png?fit=1024%2C1024&ssl=1","contentUrl":"https:\/\/i0.wp.com\/www.inspirealtea.com\/wp-content\/uploads\/2025\/10\/Logo-Inspire-Altea.png?fit=1024%2C1024&ssl=1","width":1024,"height":1024,"caption":"Yoga, Ayurveda and Hiking | Inspire Altea"},"image":{"@id":"https:\/\/www.inspirealtea.com\/#\/schema\/logo\/image\/"},"sameAs":["https:\/\/www.facebook.com\/yogaayurveda.altea","https:\/\/www.instagram.com\/inspirealtea\/","https:\/\/www.linkedin.com\/in\/sergio-cisneros-galea","https:\/\/www.youtube.com\/@inspirealtea","https:\/\/gravatar.com\/sergiocisnerosgalea"],"description":"Discover holistic wellbeing experiences in Altea that connect body, mind, and nature. From yoga and Ayurveda to guided hiking and personalized retreats \u2014 all designed to help you restore balance, vitality, and inner peace.","email":"inspirealtea@gmail.com","telephone":"+33 6 07 42 58 97","legalName":"Sergio Cisneros Galea","foundingDate":"2019-11-11","numberOfEmployees":{"@type":"QuantitativeValue","minValue":"1","maxValue":"10"},"publishingPrinciples":"https:\/\/www.inspirealtea.com\/who-i-am\/"}]}},"jetpack_sharing_enabled":true,"_links":{"self":[{"href":"https:\/\/www.inspirealtea.com\/ca\/wp-json\/wp\/v2\/pages\/17","targetHints":{"allow":["GET"]}}],"collection":[{"href":"https:\/\/www.inspirealtea.com\/ca\/wp-json\/wp\/v2\/pages"}],"about":[{"href":"https:\/\/www.inspirealtea.com\/ca\/wp-json\/wp\/v2\/types\/page"}],"author":[{"embeddable":true,"href":"https:\/\/www.inspirealtea.com\/ca\/wp-json\/wp\/v2\/users\/1"}],"replies":[{"embeddable":true,"href":"https:\/\/www.inspirealtea.com\/ca\/wp-json\/wp\/v2\/comments?post=17"}],"version-history":[{"count":20,"href":"https:\/\/www.inspirealtea.com\/ca\/wp-json\/wp\/v2\/pages\/17\/revisions"}],"predecessor-version":[{"id":1174,"href":"https:\/\/www.inspirealtea.com\/ca\/wp-json\/wp\/v2\/pages\/17\/revisions\/1174"}],"wp:featuredmedia":[{"embeddable":true,"href":"https:\/\/www.inspirealtea.com\/ca\/wp-json\/wp\/v2\/media\/1162"}],"wp:attachment":[{"href":"https:\/\/www.inspirealtea.com\/ca\/wp-json\/wp\/v2\/media?parent=17"}],"curies":[{"name":"wp","href":"https:\/\/api.w.org\/{rel}","templated":true}]}}